{"id":55017,"date":"2026-02-09T10:19:15","date_gmt":"2026-02-09T10:19:15","guid":{"rendered":"https:\/\/testwebsite.citygame.com\/games\/unknown-location\/sherlock-holmes-como\/"},"modified":"2026-04-07T20:01:07","modified_gmt":"2026-04-07T20:01:07","slug":"sherlock-holmes-como","status":"publish","type":"product","link":"https:\/\/testwebsite.citygame.com\/vi\/games\/como\/sherlock-holmes-como\/","title":{"rendered":"Sherlock Holmes Como"},"content":{"rendered":"<p>B\u01b0\u1edbc v\u00e0o th\u1ebf gi\u1edbi c\u1ee7a Sherlock Holmes v\u1edbi tr\u00f2 ch\u01a1i City Game gi\u1ea3i m\u00e3 b\u00ed \u1ea9n gi\u1ebft ng\u01b0\u1eddi t\u1ef1 h\u01b0\u1edbng d\u1eabn, theo c\u1ed1t truy\u1ec7n n\u00e0y, l\u1ea5y b\u1ed1i c\u1ea3nh t\u1ea1i trung t\u00e2m l\u1ecbch s\u1eed c\u1ee7a Como. Khi L\u1ec5 h\u1ed9i Liberty y\u00ean b\u00ecnh \u0111\u1ed9t nhi\u00ean ch\u00ecm v\u00e0o h\u1ed7n lo\u1ea1n b\u1edfi m\u1ed9t v\u1ee5 \u00e1n m\u1ea1ng, b\u1ea1n s\u1ebd theo d\u00f5i m\u1ed9t c\u00e2u chuy\u1ec7n \u0111ang di\u1ec5n bi\u1ebfn qua c\u00e1c con ph\u1ed1, gh\u00e9p n\u1ed1i c\u00e1c manh m\u1ed1i, gi\u1ea3i quy\u1ebft c\u00e1c c\u00e2u \u0111\u1ed1 kh\u00f3 hi\u1ec3u v\u00e0 th\u1ea9m v\u1ea5n c\u00e1c nghi ph\u1ea1m k\u1ef9 thu\u1eadt s\u1ed1. \u0110\u01b0\u1ee3c thi\u1ebft k\u1ebf cho nh\u1eefng ai khao kh\u00e1t tr\u1ea3i nghi\u1ec7m th\u00e1m t\u1eed nh\u1eadp vai, tr\u00f2 ch\u01a1i n\u00e0y m\u1eddi b\u1ea1n \u0111i\u1ec1u tra theo t\u1ed1c \u0111\u1ed9 c\u1ee7a ri\u00eang m\u00ecnh khi th\u00e0nh ph\u1ed1 tr\u1edf th\u00e0nh hi\u1ec7n tr\u01b0\u1eddng v\u1ee5 \u00e1n c\u1ee7a b\u1ea1n.<\/p>\n","protected":false},"excerpt":{"rendered":"<p>B\u01b0\u1edbc v\u00e0o vai Sherlock Holmes \u0111\u1ea7y h\u1ea5p d\u1eabn, h\u00f2a m\u00ecnh v\u00e0o m\u1ed9t cu\u1ed9c phi\u00eau l\u01b0u gi\u1ea3i m\u00e3 b\u00ed \u1ea9n gi\u1ebft ng\u01b0\u1eddi t\u1ef1 h\u01b0\u1edbng d\u1eabn, di\u1ec5n ra tr\u00ean nh\u1eefng con ph\u1ed1 l\u1ed9ng l\u1eaby c\u1ee7a Como. C\u00f9ng v\u1edbi \u0111\u1ed9i c\u1ee7a b\u1ea1n, b\u1ea1n s\u1ebd gi\u1ea3i m\u00e3 nh\u1eefng manh m\u1ed1i kh\u00f3 hi\u1ec3u, l\u00e0m s\u00e1ng t\u1ecf nh\u1eefng c\u00e2u \u0111\u1ed1 ph\u1ee9c t\u1ea1p v\u00e0 v\u00e9n m\u00e0n s\u1ef1 th\u1eadt \u1ea9n gi\u1ea5u d\u01b0\u1edbi nh\u1eefng l\u1eddi th\u00ec th\u1ea7m v\u00e0 d\u1ed1i tr\u00e1 \u2013 h\u00e3y \u0111\u00f3n nh\u1eadn th\u1eed th\u00e1ch \u0111\u1ea7y k\u1ecbch t\u00ednh!<\/p>\n","protected":false},"featured_media":11693,"template":"","meta":{"_acf_changed":false,"_yoast_wpseo_focuskw":"Sherlock Holmes Como","_yoast_wpseo_metadesc":"Sherlock Holmes Como. Ch\u01a1i City Game gi\u1ea3i m\u00e3 b\u00ed \u1ea9n gi\u1ebft ng\u01b0\u1eddi t\u1ef1 h\u01b0\u1edbng d\u1eabn, gi\u1ea3i c\u00e1c c\u00e2u \u0111\u1ed1, theo d\u00f5i manh m\u1ed1i v\u00e0 kh\u00e1m ph\u00e1 k\u1ebb s\u00e1t nh\u00e2n theo t\u1ed1c \u0111\u1ed9 c\u1ee7a ri\u00eang b\u1ea1n!","_kad_blocks_custom_css":"","_kad_blocks_head_custom_js":"","_kad_blocks_body_custom_js":"","_kad_blocks_footer_custom_js":"","ghostkit_customizer_options":"","ghostkit_custom_css":"","ghostkit_custom_js_head":"","ghostkit_custom_js_foot":"","ghostkit_typography":"","_kad_post_transparent":"","_kad_post_title":"","_kad_post_layout":"","_kad_post_sidebar_id":"","_kad_post_content_style":"","_kad_post_vertical_padding":"","_kad_post_feature":"","_kad_post_feature_position":"","_kad_post_header":false,"_kad_post_footer":false,"_kad_post_classname":"","_links_to":"","_links_to_target":""},"game-concept":[794],"location":[127],"product_brand":[],"product_cat":[27],"product_tag":[],"class_list":{"0":"post-55017","1":"product","2":"type-product","3":"status-publish","4":"has-post-thumbnail","6":"game-concept-sherlock","7":"location-como","8":"product_cat-geen-categorie","10":"first","11":"instock","12":"shipping-taxable","13":"purchasable","14":"product-type-simple","15":"entry","16":"content-bg","17":"loop-entry"},"acf":{"full_bokun_product_name":"Como Self-Guided Sherlock Holmes Murder Mystery Game","location_name":"Como","bokun_calendar_widget_code":"<script type=\"text\/javascript\" src=\"https:\/\/widgets.bokun.io\/assets\/javascripts\/apps\/build\/BokunWidgetsLoader.js?bookingChannelUUID=a1e93e96-5232-4734-a595-28405f4b5a31\" async><\/script>\n     \n    <div class=\"bokunWidget\" data-src=\"https:\/\/widgets.bokun.io\/online-sales\/a1e93e96-5232-4734-a595-28405f4b5a31\/experience-calendar\/770863\"><\/div>\n    <noscript>Please enable javascript in your browser to book<\/noscript>","bokun_button_widget_code":"<script type=\"text\/javascript\" src=\"https:\/\/widgets.bokun.io\/assets\/javascripts\/apps\/build\/BokunWidgetsLoader.js?bookingChannelUUID=a1e93e96-5232-4734-a595-28405f4b5a31\" async><\/script>\n      <style> #bokun_ed001e45_5927_4f62_b470_ca766338d083 { display: inline-block; padding: .4em 1em; background: #47b82e; border-radius: 999999px; box-shadow: none; font-weight: 600; font-size: 24px; text-decoration: none; text-align: center; color: #FFFFFF; border:none; cursor: pointer; transition: background .2s ease; } #bokun_ed001e45_5927_4f62_b470_ca766338d083:hover{ background: #2f7b1f; } #bokun_ed001e45_5927_4f62_b470_ca766338d083:active{ background: #378f24; } <\/style> <button class=\"bokunButton\" disabled id=bokun_ed001e45_5927_4f62_b470_ca766338d083 data-src=\"https:\/\/widgets.bokun.io\/online-sales\/a1e93e96-5232-4734-a595-28405f4b5a31\/experience-calendar\/770863?partialView=1\" data-testid=\"widget-book-button\" > Book now <\/button> ","what_you\u2019ll_experience_during_the_game":"B\u1ea1n b\u01b0\u1edbc v\u00e0o m\u1ed9t c\u00e2u chuy\u1ec7n trinh th\u00e1m h\u1ea5p d\u1eabn l\u1ea5y b\u1ed1i c\u1ea3nh t\u1ea1i trung t\u00e2m Como, n\u01a1i m\u1ed9t v\u1ee5 \u00e1n m\u1ea1ng trong L\u1ec5 h\u1ed9i Liberty \u0111\u00e3 l\u00e0m r\u00fang \u0111\u1ed9ng th\u00e0nh ph\u1ed1. Khi b\u1ea1n di chuy\u1ec3n qua c\u00e1c con ph\u1ed1, cu\u1ed9c \u0111i\u1ec1u tra d\u1ea7n h\u00e9 m\u1edf xung quanh b\u1ea1n, ti\u1ebft l\u1ed9 m\u1ed9t m\u1ea1ng l\u01b0\u1edbi b\u00ed m\u1eadt, nghi ph\u1ea1m v\u00e0 \u0111\u1ed9ng c\u01a1 thay \u0111\u1ed5i. M\u1ed7i \u0111\u1ecba \u0111i\u1ec3m \u0111\u01b0a b\u1ea1n \u0111i s\u00e2u h\u01a1n v\u00e0o b\u00ed \u1ea9n, v\u1edbi nh\u1eefng manh m\u1ed1i \u1ea9n gi\u1ea5u r\u00f5 r\u00e0ng v\u00e0 nh\u1eefng c\u00e2u \u0111\u1ed1 th\u00e1ch th\u1ee9c l\u00fd lu\u1eadn c\u1ee7a b\u1ea1n. Nh\u1eefng t\u00ecnh ti\u1ebft b\u1ea5t ng\u1edd trong c\u1ed1t truy\u1ec7n bu\u1ed9c b\u1ea1n ph\u1ea3i suy ngh\u0129 ph\u1ea3n bi\u1ec7n, lu\u00f4n s\u1eafc s\u1ea3o v\u00e0 tin t\u01b0\u1edfng v\u00e0o tr\u1ef1c gi\u00e1c c\u1ee7a m\u00ecnh.\n\nB\u1ea1n th\u1ea9m v\u1ea5n c\u00e1c nghi ph\u1ea1m k\u1ef9 thu\u1eadt s\u1ed1, xem x\u00e9t k\u1ef9 l\u01b0\u1ee1ng b\u1eb1ng ch\u1ee9ng ngo\u1ea1i ph\u1ea1m v\u00e0 gh\u00e9p n\u1ed1i c\u00e1c m\u00e2u thu\u1eabn \u0111\u1ec3 kh\u00e1m ph\u00e1 \u0111i\u1ec1u g\u00ec th\u1ef1c s\u1ef1 \u0111\u00e3 x\u1ea3y ra. Tr\u1ea3i nghi\u1ec7m n\u00e0y ho\u00e0n to\u00e0n d\u1ef1a tr\u00ean c\u1ed1t truy\u1ec7n, \u0111\u1eb7t b\u1ea1n v\u00e0o trung t\u00e2m c\u1ee7a m\u1ed9t v\u1ee5 \u00e1n \u0111\u1ea7y k\u1ecbch t\u00ednh, n\u01a1i s\u1ef1 quan s\u00e1t v\u00e0 suy lu\u1eadn \u0111\u01b0\u1ee3c \u0111\u1ec1n \u0111\u00e1p. B\u1ea1n t\u1ef1 \u0111\u1ecbnh h\u00ecnh t\u1ed1c \u0111\u1ed9 \u0111i\u1ec1u tra c\u1ee7a m\u00ecnh, t\u1ea1m d\u1eebng v\u00e0 ti\u1ebfp t\u1ee5c b\u1ea5t c\u1ee9 khi n\u00e0o ph\u00f9 h\u1ee3p v\u1edbi chi\u1ebfn l\u01b0\u1ee3c c\u1ee7a b\u1ea1n. D\u00f9 ch\u01a1i m\u1ed9t m\u00ecnh hay theo nh\u00f3m, b\u1ea1n c\u00f3 th\u1ec3 c\u1ea3m nh\u1eadn \u0111\u01b0\u1ee3c s\u1ef1 h\u1ea5p d\u1eabn c\u1ee7a cu\u1ed9c c\u1ea1nh tranh khi b\u1ea1n ch\u1ea1y \u0111ua v\u1edbi ch\u00ednh m\u00ecnh \u0111\u1ec3 ph\u00e1 \u00e1n.","how_to_play":"Ch\u01a1i m\u1ed9t m\u00ecnh ho\u1eb7c v\u1edbi b\u1ea1n b\u00e8, gia \u0111\u00ecnh, ho\u1eb7c \u0111\u1ed3ng nghi\u1ec7p theo nh\u00f3m t\u1ed1i \u0111a b\u1ed1n ng\u01b0\u1eddi tr\u00ean m\u1ed7i thi\u1ebft b\u1ecb. Sau khi \u0111\u1eb7t ch\u1ed7, b\u1ea1n s\u1ebd nh\u1eadn \u0111\u01b0\u1ee3c email h\u01b0\u1edbng d\u1eabn v\u1edbi m\u1ecdi th\u1ee9 b\u1ea1n c\u1ea7n.","start_location":"Como, Porta Torre","available_languages":["en","es","fr","de","it","nl"],"players_per_group":"1-4","duration":"1.5-2 hours","image_overlay_color_image":"https:\/\/testwebsite.citygame.com\/wp-content\/blogs.dir\/1\/files\/sites\/62\/2026\/01\/SherlockColor.svg","image_overlay_game_logo":"https:\/\/testwebsite.citygame.com\/wp-content\/blogs.dir\/1\/files\/sites\/62\/2026\/01\/SherlockLogo.png","city_page":8565,"woocommerce_general_content":null},"yoast_head":"<!-- This site is optimized with the Yoast SEO Premium plugin v26.2 (Yoast SEO v26.3) - https:\/\/yoast.com\/wordpress\/plugins\/seo\/ -->\n<title>Sherlock Holmes Como - City Game<\/title>\n<meta name=\"description\" content=\"Sherlock Holmes Como. Ch\u01a1i City Game gi\u1ea3i m\u00e3 b\u00ed \u1ea9n gi\u1ebft ng\u01b0\u1eddi t\u1ef1 h\u01b0\u1edbng d\u1eabn, gi\u1ea3i c\u00e1c c\u00e2u \u0111\u1ed1, theo d\u00f5i manh m\u1ed1i v\u00e0 kh\u00e1m ph\u00e1 k\u1ebb s\u00e1t nh\u00e2n theo t\u1ed1c \u0111\u1ed9 c\u1ee7a ri\u00eang b\u1ea1n!\" \/>\n<meta name=\"robots\" content=\"noindex, follow, max-snippet:-1, max-image-preview:large, max-video-preview:-1\" \/>\n<meta property=\"og:locale\" content=\"vi_VN\" \/>\n<meta property=\"og:type\" content=\"article\" \/>\n<meta property=\"og:title\" content=\"Sherlock Holmes Como\" \/>\n<meta property=\"og:description\" content=\"Sherlock Holmes Como. Ch\u01a1i City Game gi\u1ea3i m\u00e3 b\u00ed \u1ea9n gi\u1ebft ng\u01b0\u1eddi t\u1ef1 h\u01b0\u1edbng d\u1eabn, gi\u1ea3i c\u00e1c c\u00e2u \u0111\u1ed1, theo d\u00f5i manh m\u1ed1i v\u00e0 kh\u00e1m ph\u00e1 k\u1ebb s\u00e1t nh\u00e2n theo t\u1ed1c \u0111\u1ed9 c\u1ee7a ri\u00eang b\u1ea1n!\" \/>\n<meta property=\"og:url\" content=\"https:\/\/testwebsite.citygame.com\/vi\/games\/como\/sherlock-holmes-como\/\" \/>\n<meta property=\"og:site_name\" content=\"City Game\" \/>\n<meta property=\"article:publisher\" content=\"https:\/\/www.facebook.com\/profile.php?id=100086426226253\" \/>\n<meta property=\"article:modified_time\" content=\"2026-04-07T20:01:07+00:00\" \/>\n<meta property=\"og:image\" content=\"https:\/\/testwebsite.citygame.com\/wp-content\/blogs.dir\/1\/files\/sites\/62\/2026\/02\/como-woman-using-phone-on-street.jpg\" \/>\n\t<meta property=\"og:image:width\" content=\"1344\" \/>\n\t<meta property=\"og:image:height\" content=\"768\" \/>\n\t<meta property=\"og:image:type\" content=\"image\/jpeg\" \/>\n<meta name=\"twitter:card\" content=\"summary_large_image\" \/>\n<meta name=\"twitter:label1\" content=\"\u01af\u1edbc t\u00ednh th\u1eddi gian \u0111\u1ecdc\" \/>\n\t<meta name=\"twitter:data1\" content=\"1 ph\u00fat\" \/>\n<script type=\"application\/ld+json\" class=\"yoast-schema-graph\">{\"@context\":\"https:\/\/schema.org\",\"@graph\":[{\"@type\":\"WebPage\",\"@id\":\"https:\/\/testwebsite.citygame.com\/vi\/games\/como\/sherlock-holmes-como\/\",\"url\":\"https:\/\/testwebsite.citygame.com\/vi\/games\/como\/sherlock-holmes-como\/\",\"name\":\"Sherlock Holmes Como - City Game\",\"isPartOf\":{\"@id\":\"https:\/\/testwebsite.upevents.nl\/#website\"},\"primaryImageOfPage\":{\"@id\":\"https:\/\/testwebsite.citygame.com\/vi\/games\/como\/sherlock-holmes-como\/#primaryimage\"},\"image\":{\"@id\":\"https:\/\/testwebsite.citygame.com\/vi\/games\/como\/sherlock-holmes-como\/#primaryimage\"},\"thumbnailUrl\":\"https:\/\/testwebsite.citygame.com\/wp-content\/blogs.dir\/1\/files\/sites\/62\/2026\/02\/como-woman-using-phone-on-street.jpg\",\"datePublished\":\"2026-02-09T10:19:15+00:00\",\"dateModified\":\"2026-04-07T20:01:07+00:00\",\"description\":\"Sherlock Holmes Como. Ch\u01a1i City Game gi\u1ea3i m\u00e3 b\u00ed \u1ea9n gi\u1ebft ng\u01b0\u1eddi t\u1ef1 h\u01b0\u1edbng d\u1eabn, gi\u1ea3i c\u00e1c c\u00e2u \u0111\u1ed1, theo d\u00f5i manh m\u1ed1i v\u00e0 kh\u00e1m ph\u00e1 k\u1ebb s\u00e1t nh\u00e2n theo t\u1ed1c \u0111\u1ed9 c\u1ee7a ri\u00eang b\u1ea1n!\",\"breadcrumb\":{\"@id\":\"https:\/\/testwebsite.citygame.com\/vi\/games\/como\/sherlock-holmes-como\/#breadcrumb\"},\"inLanguage\":\"vi\",\"potentialAction\":[{\"@type\":\"ReadAction\",\"target\":[\"https:\/\/testwebsite.citygame.com\/vi\/games\/como\/sherlock-holmes-como\/\"]}]},{\"@type\":\"ImageObject\",\"inLanguage\":\"vi\",\"@id\":\"https:\/\/testwebsite.citygame.com\/vi\/games\/como\/sherlock-holmes-como\/#primaryimage\",\"url\":\"https:\/\/testwebsite.citygame.com\/wp-content\/blogs.dir\/1\/files\/sites\/62\/2026\/02\/como-woman-using-phone-on-street.jpg\",\"contentUrl\":\"https:\/\/testwebsite.citygame.com\/wp-content\/blogs.dir\/1\/files\/sites\/62\/2026\/02\/como-woman-using-phone-on-street.jpg\",\"width\":1344,\"height\":768,\"caption\":\"A woman holds a smartphone while walking down a picturesque, narrow street in a European city.\"},{\"@type\":\"BreadcrumbList\",\"@id\":\"https:\/\/testwebsite.citygame.com\/vi\/games\/como\/sherlock-holmes-como\/#breadcrumb\",\"itemListElement\":[{\"@type\":\"ListItem\",\"position\":1,\"name\":\"Home\",\"item\":\"https:\/\/testwebsite.citygame.com\/vi\/\"},{\"@type\":\"ListItem\",\"position\":2,\"name\":\"Shop\",\"item\":\"https:\/\/testwebsite.citygame.com\/shop\/\"},{\"@type\":\"ListItem\",\"position\":3,\"name\":\"Sherlock Holmes Como\"}]},{\"@type\":\"WebSite\",\"@id\":\"https:\/\/testwebsite.upevents.nl\/#website\",\"url\":\"https:\/\/testwebsite.upevents.nl\/\",\"name\":\"City Game\",\"description\":\"\",\"publisher\":{\"@id\":\"https:\/\/testwebsite.upevents.nl\/#organization\"},\"alternateName\":\"citygame.com\",\"potentialAction\":[{\"@type\":\"SearchAction\",\"target\":{\"@type\":\"EntryPoint\",\"urlTemplate\":\"https:\/\/testwebsite.upevents.nl\/?s={search_term_string}\"},\"query-input\":{\"@type\":\"PropertyValueSpecification\",\"valueRequired\":true,\"valueName\":\"search_term_string\"}}],\"inLanguage\":\"vi\"},{\"@type\":[\"Organization\",\"Place\"],\"@id\":\"https:\/\/testwebsite.upevents.nl\/#organization\",\"name\":\"City Game\",\"alternateName\":\"citygame.com\",\"url\":\"https:\/\/testwebsite.upevents.nl\/\",\"logo\":{\"@id\":\"https:\/\/testwebsite.citygame.com\/vi\/games\/como\/sherlock-holmes-como\/#local-main-organization-logo\"},\"image\":{\"@id\":\"https:\/\/testwebsite.citygame.com\/vi\/games\/como\/sherlock-holmes-como\/#local-main-organization-logo\"},\"sameAs\":[\"https:\/\/www.facebook.com\/profile.php?id=100086426226253\",\"https:\/\/www.instagram.com\/citygame_com\",\"https:\/\/www.tiktok.com\/@citygamecom\/\",\"https:\/\/www.linkedin.com\/company\/citygame-com\"],\"description\":\"Turn any city into a playground with our interactive City Games and self-guided tours. Fun, flexible, and ideal for groups and team building.\",\"telephone\":[],\"openingHoursSpecification\":[{\"@type\":\"OpeningHoursSpecification\",\"dayOfWeek\":[\"Monday\",\"Tuesday\",\"Wednesday\",\"Thursday\",\"Friday\",\"Saturday\",\"Sunday\"],\"opens\":\"09:00\",\"closes\":\"17:00\"}]},{\"@type\":\"ImageObject\",\"inLanguage\":\"vi\",\"@id\":\"https:\/\/testwebsite.citygame.com\/vi\/games\/como\/sherlock-holmes-como\/#local-main-organization-logo\",\"url\":\"https:\/\/testwebsite.citygame.com\/wp-content\/blogs.dir\/1\/files\/sites\/62\/2025\/10\/CG_LOGO-City-Game.png\",\"contentUrl\":\"https:\/\/testwebsite.citygame.com\/wp-content\/blogs.dir\/1\/files\/sites\/62\/2025\/10\/CG_LOGO-City-Game.png\",\"width\":351,\"height\":377,\"caption\":\"City Game\"}]}<\/script>\n<!-- \/ Yoast SEO Premium plugin. -->","yoast_head_json":{"title":"Sherlock Holmes Como - City Game","description":"Sherlock Holmes Como. Ch\u01a1i City Game gi\u1ea3i m\u00e3 b\u00ed \u1ea9n gi\u1ebft ng\u01b0\u1eddi t\u1ef1 h\u01b0\u1edbng d\u1eabn, gi\u1ea3i c\u00e1c c\u00e2u \u0111\u1ed1, theo d\u00f5i manh m\u1ed1i v\u00e0 kh\u00e1m ph\u00e1 k\u1ebb s\u00e1t nh\u00e2n theo t\u1ed1c \u0111\u1ed9 c\u1ee7a ri\u00eang b\u1ea1n!","robots":{"index":"noindex","follow":"follow","max-snippet":"max-snippet:-1","max-image-preview":"max-image-preview:large","max-video-preview":"max-video-preview:-1"},"og_locale":"vi_VN","og_type":"article","og_title":"Sherlock Holmes Como","og_description":"Sherlock Holmes Como. Ch\u01a1i City Game gi\u1ea3i m\u00e3 b\u00ed \u1ea9n gi\u1ebft ng\u01b0\u1eddi t\u1ef1 h\u01b0\u1edbng d\u1eabn, gi\u1ea3i c\u00e1c c\u00e2u \u0111\u1ed1, theo d\u00f5i manh m\u1ed1i v\u00e0 kh\u00e1m ph\u00e1 k\u1ebb s\u00e1t nh\u00e2n theo t\u1ed1c \u0111\u1ed9 c\u1ee7a ri\u00eang b\u1ea1n!","og_url":"https:\/\/testwebsite.citygame.com\/vi\/games\/como\/sherlock-holmes-como\/","og_site_name":"City Game","article_publisher":"https:\/\/www.facebook.com\/profile.php?id=100086426226253","article_modified_time":"2026-04-07T20:01:07+00:00","og_image":[{"width":1344,"height":768,"url":"https:\/\/testwebsite.citygame.com\/wp-content\/blogs.dir\/1\/files\/sites\/62\/2026\/02\/como-woman-using-phone-on-street.jpg","type":"image\/jpeg"}],"twitter_card":"summary_large_image","twitter_misc":{"\u01af\u1edbc t\u00ednh th\u1eddi gian \u0111\u1ecdc":"1 ph\u00fat"},"schema":{"@context":"https:\/\/schema.org","@graph":[{"@type":"WebPage","@id":"https:\/\/testwebsite.citygame.com\/vi\/games\/como\/sherlock-holmes-como\/","url":"https:\/\/testwebsite.citygame.com\/vi\/games\/como\/sherlock-holmes-como\/","name":"Sherlock Holmes Como - City Game","isPartOf":{"@id":"https:\/\/testwebsite.upevents.nl\/#website"},"primaryImageOfPage":{"@id":"https:\/\/testwebsite.citygame.com\/vi\/games\/como\/sherlock-holmes-como\/#primaryimage"},"image":{"@id":"https:\/\/testwebsite.citygame.com\/vi\/games\/como\/sherlock-holmes-como\/#primaryimage"},"thumbnailUrl":"https:\/\/testwebsite.citygame.com\/wp-content\/blogs.dir\/1\/files\/sites\/62\/2026\/02\/como-woman-using-phone-on-street.jpg","datePublished":"2026-02-09T10:19:15+00:00","dateModified":"2026-04-07T20:01:07+00:00","description":"Sherlock Holmes Como. Ch\u01a1i City Game gi\u1ea3i m\u00e3 b\u00ed \u1ea9n gi\u1ebft ng\u01b0\u1eddi t\u1ef1 h\u01b0\u1edbng d\u1eabn, gi\u1ea3i c\u00e1c c\u00e2u \u0111\u1ed1, theo d\u00f5i manh m\u1ed1i v\u00e0 kh\u00e1m ph\u00e1 k\u1ebb s\u00e1t nh\u00e2n theo t\u1ed1c \u0111\u1ed9 c\u1ee7a ri\u00eang b\u1ea1n!","breadcrumb":{"@id":"https:\/\/testwebsite.citygame.com\/vi\/games\/como\/sherlock-holmes-como\/#breadcrumb"},"inLanguage":"vi","potentialAction":[{"@type":"ReadAction","target":["https:\/\/testwebsite.citygame.com\/vi\/games\/como\/sherlock-holmes-como\/"]}]},{"@type":"ImageObject","inLanguage":"vi","@id":"https:\/\/testwebsite.citygame.com\/vi\/games\/como\/sherlock-holmes-como\/#primaryimage","url":"https:\/\/testwebsite.citygame.com\/wp-content\/blogs.dir\/1\/files\/sites\/62\/2026\/02\/como-woman-using-phone-on-street.jpg","contentUrl":"https:\/\/testwebsite.citygame.com\/wp-content\/blogs.dir\/1\/files\/sites\/62\/2026\/02\/como-woman-using-phone-on-street.jpg","width":1344,"height":768,"caption":"A woman holds a smartphone while walking down a picturesque, narrow street in a European city."},{"@type":"BreadcrumbList","@id":"https:\/\/testwebsite.citygame.com\/vi\/games\/como\/sherlock-holmes-como\/#breadcrumb","itemListElement":[{"@type":"ListItem","position":1,"name":"Home","item":"https:\/\/testwebsite.citygame.com\/vi\/"},{"@type":"ListItem","position":2,"name":"Shop","item":"https:\/\/testwebsite.citygame.com\/shop\/"},{"@type":"ListItem","position":3,"name":"Sherlock Holmes Como"}]},{"@type":"WebSite","@id":"https:\/\/testwebsite.upevents.nl\/#website","url":"https:\/\/testwebsite.upevents.nl\/","name":"City Game","description":"","publisher":{"@id":"https:\/\/testwebsite.upevents.nl\/#organization"},"alternateName":"citygame.com","potentialAction":[{"@type":"SearchAction","target":{"@type":"EntryPoint","urlTemplate":"https:\/\/testwebsite.upevents.nl\/?s={search_term_string}"},"query-input":{"@type":"PropertyValueSpecification","valueRequired":true,"valueName":"search_term_string"}}],"inLanguage":"vi"},{"@type":["Organization","Place"],"@id":"https:\/\/testwebsite.upevents.nl\/#organization","name":"City Game","alternateName":"citygame.com","url":"https:\/\/testwebsite.upevents.nl\/","logo":{"@id":"https:\/\/testwebsite.citygame.com\/vi\/games\/como\/sherlock-holmes-como\/#local-main-organization-logo"},"image":{"@id":"https:\/\/testwebsite.citygame.com\/vi\/games\/como\/sherlock-holmes-como\/#local-main-organization-logo"},"sameAs":["https:\/\/www.facebook.com\/profile.php?id=100086426226253","https:\/\/www.instagram.com\/citygame_com","https:\/\/www.tiktok.com\/@citygamecom\/","https:\/\/www.linkedin.com\/company\/citygame-com"],"description":"Turn any city into a playground with our interactive City Games and self-guided tours. Fun, flexible, and ideal for groups and team building.","telephone":[],"openingHoursSpecification":[{"@type":"OpeningHoursSpecification","dayOfWeek":["Monday","Tuesday","Wednesday","Thursday","Friday","Saturday","Sunday"],"opens":"09:00","closes":"17:00"}]},{"@type":"ImageObject","inLanguage":"vi","@id":"https:\/\/testwebsite.citygame.com\/vi\/games\/como\/sherlock-holmes-como\/#local-main-organization-logo","url":"https:\/\/testwebsite.citygame.com\/wp-content\/blogs.dir\/1\/files\/sites\/62\/2025\/10\/CG_LOGO-City-Game.png","contentUrl":"https:\/\/testwebsite.citygame.com\/wp-content\/blogs.dir\/1\/files\/sites\/62\/2025\/10\/CG_LOGO-City-Game.png","width":351,"height":377,"caption":"City Game"}]}},"taxonomy_info":{"game-concept":[{"value":794,"label":"Sherlock"}],"location":[{"value":127,"label":"Como"}],"product_cat":[{"value":27,"label":"Geen categorie"}]},"featured_image_src_large":["https:\/\/testwebsite.citygame.com\/wp-content\/blogs.dir\/1\/files\/sites\/62\/2026\/02\/como-woman-using-phone-on-street-1024x585.jpg",1024,585,true],"author_info":[],"comment_info":"","_links":{"self":[{"href":"https:\/\/testwebsite.citygame.com\/vi\/wp-json\/wp\/v2\/product\/55017","targetHints":{"allow":["GET"]}}],"collection":[{"href":"https:\/\/testwebsite.citygame.com\/vi\/wp-json\/wp\/v2\/product"}],"about":[{"href":"https:\/\/testwebsite.citygame.com\/vi\/wp-json\/wp\/v2\/types\/product"}],"acf:post":[{"embeddable":true,"href":"https:\/\/testwebsite.citygame.com\/vi\/wp-json\/wp\/v2\/pages\/8565"}],"wp:featuredmedia":[{"embeddable":true,"href":"https:\/\/testwebsite.citygame.com\/vi\/wp-json\/wp\/v2\/media\/11693"}],"wp:attachment":[{"href":"https:\/\/testwebsite.citygame.com\/vi\/wp-json\/wp\/v2\/media?parent=55017"}],"wp:term":[{"taxonomy":"game-concept","embeddable":true,"href":"https:\/\/testwebsite.citygame.com\/vi\/wp-json\/wp\/v2\/game-concept?post=55017"},{"taxonomy":"location","embeddable":true,"href":"https:\/\/testwebsite.citygame.com\/vi\/wp-json\/wp\/v2\/location?post=55017"},{"taxonomy":"product_brand","embeddable":true,"href":"https:\/\/testwebsite.citygame.com\/vi\/wp-json\/wp\/v2\/product_brand?post=55017"},{"taxonomy":"product_cat","embeddable":true,"href":"https:\/\/testwebsite.citygame.com\/vi\/wp-json\/wp\/v2\/product_cat?post=55017"},{"taxonomy":"product_tag","embeddable":true,"href":"https:\/\/testwebsite.citygame.com\/vi\/wp-json\/wp\/v2\/product_tag?post=55017"}],"curies":[{"name":"wp","href":"https:\/\/api.w.org\/{rel}","templated":true}]}}