{"id":53968,"date":"2026-01-13T15:40:31","date_gmt":"2026-01-13T15:40:31","guid":{"rendered":"https:\/\/testwebsite.citygame.com\/games\/unknown-location\/secrets-of-zaandam\/"},"modified":"2026-04-07T18:00:07","modified_gmt":"2026-04-07T18:00:07","slug":"secrets-of-zaandam","status":"publish","type":"product","link":"https:\/\/testwebsite.citygame.com\/vi\/games\/zaandam\/secrets-of-zaandam\/","title":{"rendered":"Secrets of Zaandam"},"content":{"rendered":"<p>Tr\u00f2 ch\u01a1i th\u00e0nh ph\u1ed1 Secrets of Zaandam l\u00e0 m\u1ed9t tr\u00f2 ch\u01a1i t\u1ef1 h\u01b0\u1edbng d\u1eabn, d\u1ef1a tr\u00ean GPS, di\u1ec5n ra t\u1ea1i trung t\u00e2m th\u00e0nh ph\u1ed1 Zaandam. S\u1eed d\u1ee5ng \u0111i\u1ec7n tho\u1ea1i th\u00f4ng minh, b\u1ea1n s\u1ebd kh\u00e1m ph\u00e1 khu v\u1ef1c n\u00e0y trong khi gi\u1ea3i c\u00e1c c\u00e2u \u0111\u1ed1, b\u00ed \u1ea9n v\u00e0 th\u1eed th\u00e1ch \u1ea3nh, h\u00e9 l\u1ed9 nh\u1eefng chi ti\u1ebft \u1ea9n gi\u1ea5u v\u1ec1 v\u0103n h\u00f3a v\u00e0 l\u1ecbch s\u1eed c\u1ee7a th\u00e0nh ph\u1ed1&#8217;s. Tr\u00f2 ch\u01a1i kh\u00e1m ph\u00e1 n\u00e0y mang \u0111\u1ebfn m\u1ed9t c\u00e1ch h\u1ea5p d\u1eabn \u0111\u1ec3 kh\u00e1m ph\u00e1 c\u1ea3 nh\u1eefng \u0111\u1ecba danh n\u1ed5i ti\u1ebfng v\u00e0 nh\u1eefng c\u00e2u chuy\u1ec7n \u00edt \u0111\u01b0\u1ee3c bi\u1ebft \u0111\u1ebfn h\u01a1n. Tr\u1ea3i nghi\u1ec7m n\u00e0y ph\u00f9 h\u1ee3p cho du kh\u00e1ch mu\u1ed1n t\u00ecm hi\u1ec3u th\u00eam v\u1ec1 Zaandam, c\u0169ng nh\u01b0 nh\u1eefng ng\u01b0\u1eddi d\u00e2n \u0111\u1ecba ph\u01b0\u01a1ng mu\u1ed1n c\u00f3 m\u1ed9t g\u00f3c nh\u00ecn m\u1edbi v\u1ec1 th\u00e0nh ph\u1ed1 c\u1ee7a h\u1ecd. \u0110\u01b0\u1ee3c thi\u1ebft k\u1ebf \u0111\u1ec3 ch\u01a1i linh ho\u1ea1t, Tr\u00f2 ch\u01a1i th\u00e0nh ph\u1ed1 Zaandam ho\u1ea1t \u0111\u1ed9ng t\u1ed1t cho nh\u1eefng ng\u01b0\u1eddi phi\u00eau l\u01b0u m\u1ed9t m\u00ecnh, c\u00e1c c\u1eb7p \u0111\u00f4i, gia \u0111\u00ecnh v\u00e0 nh\u00f3m b\u1ea1n b\u00e8.<\/p>\n","protected":false},"excerpt":{"rendered":"<p>Gi\u1ea3i m\u00e3 B\u00ed m\u1eadt \u1ea9n gi\u1ea5u c\u1ee7a Zaandam! \u0110i d\u1ea1o qua nh\u1eefng ng\u00f4i nh\u00e0 \u0111\u1ea7y m\u00e0u s\u1eafc v\u00e0 nh\u1eefng khu ch\u1ee3 s\u1ea7m u\u1ea5t, c\u1ea3m nh\u1eadn n\u0103ng l\u01b0\u1ee3ng t\u1eeb c\u00e1c x\u01b0\u1edfng \u0111\u00f3ng t\u00e0u v\u00e0 k\u00eanh \u0111\u00e0o, \u0111\u1ed3ng th\u1eddi gi\u00fap Sa ho\u00e0ng Peter \u0110\u1ea1i \u0111\u1ebf t\u00ecm l\u1ea1i b\u1ea3n thi\u1ebft k\u1ebf b\u1ecb \u0111\u00e1nh c\u1eafp khi b\u1ea1n kh\u00e1m ph\u00e1 qu\u00e1 kh\u1ee9 v\u00e0 hi\u1ec7n t\u1ea1i \u0111\u1ea7y s\u00f4i \u0111\u1ed9ng c\u1ee7a th\u00e0nh ph\u1ed1.<\/p>\n","protected":false},"featured_media":3882,"template":"","meta":{"_acf_changed":false,"_yoast_wpseo_focuskw":"Secrets of Zaandam","_yoast_wpseo_metadesc":"Secrets of Zaandam. Ch\u01a1i Tr\u00f2 ch\u01a1i th\u00e0nh ph\u1ed1 t\u1ef1 h\u01b0\u1edbng d\u1eabn v\u00e0 kh\u00e1m ph\u00e1 th\u00e0nh ph\u1ed1 qua c\u00e1c c\u00e2u \u0111\u1ed1, b\u00ed \u1ea9n v\u00e0 th\u1eed th\u00e1ch. Ch\u01a1i theo t\u1ed1c \u0111\u1ed9 c\u1ee7a ri\u00eang b\u1ea1n v\u00e0 kh\u00e1m ph\u00e1 nh\u01b0 m\u1ed9t ng\u01b0\u1eddi \u0111\u1ecba ph\u01b0\u01a1ng!","_kad_blocks_custom_css":"","_kad_blocks_head_custom_js":"","_kad_blocks_body_custom_js":"","_kad_blocks_footer_custom_js":"","ghostkit_customizer_options":"","ghostkit_custom_css":"","ghostkit_custom_js_head":"","ghostkit_custom_js_foot":"","ghostkit_typography":"","_kad_post_transparent":"","_kad_post_title":"","_kad_post_layout":"","_kad_post_sidebar_id":"","_kad_post_content_style":"","_kad_post_vertical_padding":"","_kad_post_feature":"","_kad_post_feature_position":"","_kad_post_header":false,"_kad_post_footer":false,"_kad_post_classname":"","_links_to":"","_links_to_target":""},"game-concept":[733],"location":[431],"product_brand":[],"product_cat":[27],"product_tag":[],"class_list":{"0":"post-53968","1":"product","2":"type-product","3":"status-publish","4":"has-post-thumbnail","6":"game-concept-secrets","7":"location-zaandam","8":"product_cat-geen-categorie","10":"first","11":"instock","12":"shipping-taxable","13":"purchasable","14":"product-type-simple","15":"entry","16":"content-bg","17":"loop-entry"},"acf":{"full_bokun_product_name":"Self-Guided Secrets of Zaandam Exploration Game","location_name":"Zaandam","bokun_calendar_widget_code":"<script type=\"text\/javascript\" src=\"https:\/\/widgets.bokun.io\/assets\/javascripts\/apps\/build\/BokunWidgetsLoader.js?bookingChannelUUID=a1e93e96-5232-4734-a595-28405f4b5a31\" async><\/script>\n     \n    <div class=\"bokunWidget\" data-src=\"https:\/\/widgets.bokun.io\/online-sales\/a1e93e96-5232-4734-a595-28405f4b5a31\/experience-calendar\/1001952\"><\/div>\n    <noscript>Please enable javascript in your browser to book<\/noscript>","bokun_button_widget_code":"<script type=\"text\/javascript\" src=\"https:\/\/widgets.bokun.io\/assets\/javascripts\/apps\/build\/BokunWidgetsLoader.js?bookingChannelUUID=a1e93e96-5232-4734-a595-28405f4b5a31\" async><\/script>\n      <style> #bokun_ed001e45_5927_4f62_b470_ca766338d083 { display: inline-block; padding: .4em 1em; background: #47b82e; border-radius: 999999px; box-shadow: none; font-weight: 600; font-size: 24px; text-decoration: none; text-align: center; color: #FFFFFF; border:none; cursor: pointer; transition: background .2s ease; } #bokun_ed001e45_5927_4f62_b470_ca766338d083:hover{ background: #2f7b1f; } #bokun_ed001e45_5927_4f62_b470_ca766338d083:active{ background: #378f24; } <\/style> <button class=\"bokunButton\" disabled id=bokun_ed001e45_5927_4f62_b470_ca766338d083 data-src=\"https:\/\/widgets.bokun.io\/online-sales\/a1e93e96-5232-4734-a595-28405f4b5a31\/experience-calendar\/1001952?partialView=1\" data-testid=\"widget-book-button\" > Book now <\/button> ","what_you\u2019ll_experience_during_the_game":"Khi b\u1ea1n \u0111i qua Zaandam v\u1edbi Tr\u00f2 ch\u01a1i th\u00e0nh ph\u1ed1, b\u1ea1n s\u1ebd tham gia v\u00e0o m\u1ed9t c\u00e2u chuy\u1ec7n pha tr\u1ed9n gi\u1eefa c\u00e1c \u0111\u1ecba \u0111i\u1ec3m th\u1ef1c t\u1ebf v\u1edbi tr\u1ea3i nghi\u1ec7m kh\u00e1m ph\u00e1 s\u00e2u s\u1eafc. Tr\u1ea3i nghi\u1ec7m n\u00e0y d\u1eabn b\u1ea1n qua c\u1ea3 nh\u1eefng \u0111\u1ecba \u0111i\u1ec3m d\u1ec5 nh\u1eadn bi\u1ebft v\u00e0 nh\u1eefng n\u01a1i \u1ea9n gi\u1ea5u trong th\u00e0nh ph\u1ed1, khuy\u1ebfn kh\u00edch b\u1ea1n nh\u00ecn k\u1ef9 h\u01a1n v\u00e0o m\u00f4i tr\u01b0\u1eddng xung quanh. B\u1ea1n s\u1ebd \u0111i qua c\u00e1c \u0111\u1ecba danh nh\u01b0 m\u1eb7t ti\u1ec1n \u0111\u1ed9c \u0111\u00e1o c\u1ee7a Kh\u00e1ch s\u1ea1n Inntel Zaandam, Gedempte Gracht \u0111\u1ea7y kh\u00f4ng kh\u00ed, v\u00e0 Grote Sluis l\u1ecbch s\u1eed, m\u1ed7i n\u01a1i \u0111\u1ec1u h\u00e9 l\u1ed9 m\u1ed9t c\u00e1i nh\u00ecn tho\u00e1ng qua v\u1ec1 qu\u00e1 kh\u1ee9 \u0111a t\u1ea7ng v\u00e0 b\u1ea3n s\u1eafc \u0111ang ph\u00e1t tri\u1ec3n c\u1ee7a th\u00e0nh ph\u1ed1. Tr\u00ean \u0111\u01b0\u1eddng \u0111i, c\u00e1c \u0111\u1ecba \u0111i\u1ec3m nh\u01b0 T\u01b0\u1ee3ng Sa ho\u00e0ng Peter \u0110\u1ea1i \u0111\u1ebf v\u00e0 Ch\u1ee3 Rozengracht l\u00e0m s\u00e2u s\u1eafc th\u00eam c\u1ea3m nh\u1eadn c\u1ee7a b\u1ea1n v\u1ec1 \u0111\u1ecba \u0111i\u1ec3m v\u00e0 l\u1ecbch s\u1eed, h\u00e9 l\u1ed9 n\u00e9t \u0111\u1eb7c tr\u01b0ng \u0111\u1ed9c \u0111\u00e1o c\u1ee7a Zaandam.\n\nTrong su\u1ed1t tr\u00f2 ch\u01a1i, b\u1ea1n s\u1ebd gi\u1ea3i quy\u1ebft m\u1ed9t h\u1ed7n h\u1ee3p c\u00e1c c\u00e2u \u0111\u1ed1, b\u00ed \u1ea9n v\u00e0 th\u1eed th\u00e1ch s\u00e1ng t\u1ea1o, m\u1eddi g\u1ecdi b\u1ea1n t\u01b0\u01a1ng t\u00e1c v\u1edbi th\u00e0nh ph\u1ed1 theo nh\u1eefng c\u00e1ch \u0111\u1ea7y suy t\u01b0. M\u1ed7i nhi\u1ec7m v\u1ee5 ho\u00e0n th\u00e0nh s\u1ebd gi\u00fap b\u1ea1n ki\u1ebfm \u0111i\u1ec3m, g\u1ee3i \u00fd ho\u1eb7c ti\u1ebfn b\u1ed9 h\u01b0\u1edbng t\u1edbi m\u1ed9t b\u00ed \u1ea9n cu\u1ed1i c\u00f9ng \u0111\u01b0\u1ee3c d\u1ec7t v\u00e0o tuy\u1ebfn \u0111\u01b0\u1eddng. B\u1ea1n c\u00f3 th\u1ec3 t\u1ea1m d\u1eebng tr\u00f2 ch\u01a1i b\u1ea5t c\u1ee9 l\u00fac n\u00e0o v\u00e0 ti\u1ebfp t\u1ee5c l\u1ea1i b\u1ea5t c\u1ee9 khi n\u00e0o ph\u00f9 h\u1ee3p v\u1edbi l\u1ecbch tr\u00ecnh c\u1ee7a m\u00ecnh, bi\u1ebfn n\u00f3 th\u00e0nh m\u1ed9t c\u00e1ch linh ho\u1ea1t \u0111\u1ec3 kh\u00e1m ph\u00e1 Zaandam. \u0110\u1ed1i v\u1edbi nh\u1eefng ng\u01b0\u1eddi th\u00edch c\u1ea1nh tranh, c\u00e1c \u0111\u1ed9i v\u00e0 c\u00e1 nh\u00e2n c\u00f3 th\u1ec3 nh\u1eafm \u0111\u1ebfn \u0111i\u1ec3m s\u1ed1 cao nh\u1ea5t tr\u00ean b\u1ea3ng x\u1ebfp h\u1ea1ng trong khi kh\u00e1m ph\u00e1 nh\u1eefng c\u00e2u chuy\u1ec7n \u1ea9n gi\u1ea5u c\u1ee7a th\u00e0nh ph\u1ed1.","how_to_play":"Sau khi \u0111\u1eb7t ch\u1ed7, b\u1ea1n s\u1ebd nh\u1eadn \u0111\u01b0\u1ee3c m\u1ed9t email k\u00e8m theo li\u00ean k\u1ebft ch\u01a1i tr\u1ef1c ti\u1ebfp. Ch\u1ec9 c\u1ea7n \u0111\u1ebfn \u0111\u1ecba \u0111i\u1ec3m b\u1eaft \u0111\u1ea7u t\u1ea1i T\u01b0\u1ee3ng \u0111\u00e0i Februaristaking 1941 v\u00e0 b\u1eaft \u0111\u1ea7u tr\u00f2 ch\u01a1i b\u1ea5t c\u1ee9 khi n\u00e0o b\u1ea1n s\u1eb5n s\u00e0ng. Tr\u00f2 ch\u01a1i th\u00e0nh ph\u1ed1 d\u1ef1a tr\u00ean GPS c\u00f3 th\u1ec3 t\u1ea1m d\u1eebng b\u1ea5t c\u1ee9 l\u00fac n\u00e0o, v\u00ec v\u1eady b\u1ea1n c\u00f3 th\u1ec3 t\u1ef1 do ti\u1ebfp t\u1ee5c sau theo t\u1ed1c \u0111\u1ed9 c\u1ee7a ri\u00eang m\u00ecnh.","start_location":"Zaandam, Monument Februaristaking 1941","available_languages":[],"players_per_group":"1-4","duration":"1.5-2 hours","image_overlay_color_image":"https:\/\/testwebsite.citygame.com\/wp-content\/blogs.dir\/1\/files\/sites\/62\/2026\/01\/SecretsColor.svg","image_overlay_game_logo":"https:\/\/testwebsite.citygame.com\/wp-content\/blogs.dir\/1\/files\/sites\/62\/2026\/01\/SecretsLogo.png","city_page":15899,"woocommerce_general_content":null},"yoast_head":"<!-- This site is optimized with the Yoast SEO Premium plugin v26.2 (Yoast SEO v26.3) - https:\/\/yoast.com\/wordpress\/plugins\/seo\/ -->\n<title>Secrets of Zaandam - City Game<\/title>\n<meta name=\"description\" content=\"Secrets of Zaandam. Ch\u01a1i Tr\u00f2 ch\u01a1i th\u00e0nh ph\u1ed1 t\u1ef1 h\u01b0\u1edbng d\u1eabn v\u00e0 kh\u00e1m ph\u00e1 th\u00e0nh ph\u1ed1 qua c\u00e1c c\u00e2u \u0111\u1ed1, b\u00ed \u1ea9n v\u00e0 th\u1eed th\u00e1ch. Ch\u01a1i theo t\u1ed1c \u0111\u1ed9 c\u1ee7a ri\u00eang b\u1ea1n v\u00e0 kh\u00e1m ph\u00e1 nh\u01b0 m\u1ed9t ng\u01b0\u1eddi \u0111\u1ecba ph\u01b0\u01a1ng!\" \/>\n<meta name=\"robots\" content=\"noindex, follow, max-snippet:-1, max-image-preview:large, max-video-preview:-1\" \/>\n<meta property=\"og:locale\" content=\"vi_VN\" \/>\n<meta property=\"og:type\" content=\"article\" \/>\n<meta property=\"og:title\" content=\"Secrets of Zaandam\" \/>\n<meta property=\"og:description\" content=\"Secrets of Zaandam. Ch\u01a1i Tr\u00f2 ch\u01a1i th\u00e0nh ph\u1ed1 t\u1ef1 h\u01b0\u1edbng d\u1eabn v\u00e0 kh\u00e1m ph\u00e1 th\u00e0nh ph\u1ed1 qua c\u00e1c c\u00e2u \u0111\u1ed1, b\u00ed \u1ea9n v\u00e0 th\u1eed th\u00e1ch. Ch\u01a1i theo t\u1ed1c \u0111\u1ed9 c\u1ee7a ri\u00eang b\u1ea1n v\u00e0 kh\u00e1m ph\u00e1 nh\u01b0 m\u1ed9t ng\u01b0\u1eddi \u0111\u1ecba ph\u01b0\u01a1ng!\" \/>\n<meta property=\"og:url\" content=\"https:\/\/testwebsite.citygame.com\/vi\/games\/zaandam\/secrets-of-zaandam\/\" \/>\n<meta property=\"og:site_name\" content=\"City Game\" \/>\n<meta property=\"article:publisher\" content=\"https:\/\/www.facebook.com\/profile.php?id=100086426226253\" \/>\n<meta property=\"article:modified_time\" content=\"2026-04-07T18:00:07+00:00\" \/>\n<meta property=\"og:image\" content=\"https:\/\/testwebsite.citygame.com\/wp-content\/blogs.dir\/1\/files\/sites\/62\/2026\/01\/woman-playing-city-game-zaandam-waterfront.jpg\" \/>\n\t<meta property=\"og:image:width\" content=\"1024\" \/>\n\t<meta property=\"og:image:height\" content=\"1024\" \/>\n\t<meta property=\"og:image:type\" content=\"image\/jpeg\" \/>\n<meta name=\"twitter:card\" content=\"summary_large_image\" \/>\n<meta name=\"twitter:label1\" content=\"\u01af\u1edbc t\u00ednh th\u1eddi gian \u0111\u1ecdc\" \/>\n\t<meta name=\"twitter:data1\" content=\"1 ph\u00fat\" \/>\n<script type=\"application\/ld+json\" class=\"yoast-schema-graph\">{\"@context\":\"https:\/\/schema.org\",\"@graph\":[{\"@type\":\"WebPage\",\"@id\":\"https:\/\/testwebsite.citygame.com\/vi\/games\/zaandam\/secrets-of-zaandam\/\",\"url\":\"https:\/\/testwebsite.citygame.com\/vi\/games\/zaandam\/secrets-of-zaandam\/\",\"name\":\"Secrets of Zaandam - City Game\",\"isPartOf\":{\"@id\":\"https:\/\/testwebsite.upevents.nl\/#website\"},\"primaryImageOfPage\":{\"@id\":\"https:\/\/testwebsite.citygame.com\/vi\/games\/zaandam\/secrets-of-zaandam\/#primaryimage\"},\"image\":{\"@id\":\"https:\/\/testwebsite.citygame.com\/vi\/games\/zaandam\/secrets-of-zaandam\/#primaryimage\"},\"thumbnailUrl\":\"https:\/\/testwebsite.citygame.com\/wp-content\/blogs.dir\/1\/files\/sites\/62\/2026\/01\/woman-playing-city-game-zaandam-waterfront.jpg\",\"datePublished\":\"2026-01-13T15:40:31+00:00\",\"dateModified\":\"2026-04-07T18:00:07+00:00\",\"description\":\"Secrets of Zaandam. Ch\u01a1i Tr\u00f2 ch\u01a1i th\u00e0nh ph\u1ed1 t\u1ef1 h\u01b0\u1edbng d\u1eabn v\u00e0 kh\u00e1m ph\u00e1 th\u00e0nh ph\u1ed1 qua c\u00e1c c\u00e2u \u0111\u1ed1, b\u00ed \u1ea9n v\u00e0 th\u1eed th\u00e1ch. Ch\u01a1i theo t\u1ed1c \u0111\u1ed9 c\u1ee7a ri\u00eang b\u1ea1n v\u00e0 kh\u00e1m ph\u00e1 nh\u01b0 m\u1ed9t ng\u01b0\u1eddi \u0111\u1ecba ph\u01b0\u01a1ng!\",\"breadcrumb\":{\"@id\":\"https:\/\/testwebsite.citygame.com\/vi\/games\/zaandam\/secrets-of-zaandam\/#breadcrumb\"},\"inLanguage\":\"vi\",\"potentialAction\":[{\"@type\":\"ReadAction\",\"target\":[\"https:\/\/testwebsite.citygame.com\/vi\/games\/zaandam\/secrets-of-zaandam\/\"]}]},{\"@type\":\"ImageObject\",\"inLanguage\":\"vi\",\"@id\":\"https:\/\/testwebsite.citygame.com\/vi\/games\/zaandam\/secrets-of-zaandam\/#primaryimage\",\"url\":\"https:\/\/testwebsite.citygame.com\/wp-content\/blogs.dir\/1\/files\/sites\/62\/2026\/01\/woman-playing-city-game-zaandam-waterfront.jpg\",\"contentUrl\":\"https:\/\/testwebsite.citygame.com\/wp-content\/blogs.dir\/1\/files\/sites\/62\/2026\/01\/woman-playing-city-game-zaandam-waterfront.jpg\",\"width\":1024,\"height\":1024,\"caption\":\"A player uses the City Game app on her smartphone with the Zaandam waterfront in the background.\"},{\"@type\":\"BreadcrumbList\",\"@id\":\"https:\/\/testwebsite.citygame.com\/vi\/games\/zaandam\/secrets-of-zaandam\/#breadcrumb\",\"itemListElement\":[{\"@type\":\"ListItem\",\"position\":1,\"name\":\"Home\",\"item\":\"https:\/\/testwebsite.citygame.com\/vi\/\"},{\"@type\":\"ListItem\",\"position\":2,\"name\":\"Shop\",\"item\":\"https:\/\/testwebsite.citygame.com\/shop\/\"},{\"@type\":\"ListItem\",\"position\":3,\"name\":\"Secrets of Zaandam\"}]},{\"@type\":\"WebSite\",\"@id\":\"https:\/\/testwebsite.upevents.nl\/#website\",\"url\":\"https:\/\/testwebsite.upevents.nl\/\",\"name\":\"City Game\",\"description\":\"\",\"publisher\":{\"@id\":\"https:\/\/testwebsite.upevents.nl\/#organization\"},\"alternateName\":\"citygame.com\",\"potentialAction\":[{\"@type\":\"SearchAction\",\"target\":{\"@type\":\"EntryPoint\",\"urlTemplate\":\"https:\/\/testwebsite.upevents.nl\/?s={search_term_string}\"},\"query-input\":{\"@type\":\"PropertyValueSpecification\",\"valueRequired\":true,\"valueName\":\"search_term_string\"}}],\"inLanguage\":\"vi\"},{\"@type\":[\"Organization\",\"Place\"],\"@id\":\"https:\/\/testwebsite.upevents.nl\/#organization\",\"name\":\"City Game\",\"alternateName\":\"citygame.com\",\"url\":\"https:\/\/testwebsite.upevents.nl\/\",\"logo\":{\"@id\":\"https:\/\/testwebsite.citygame.com\/vi\/games\/zaandam\/secrets-of-zaandam\/#local-main-organization-logo\"},\"image\":{\"@id\":\"https:\/\/testwebsite.citygame.com\/vi\/games\/zaandam\/secrets-of-zaandam\/#local-main-organization-logo\"},\"sameAs\":[\"https:\/\/www.facebook.com\/profile.php?id=100086426226253\",\"https:\/\/www.instagram.com\/citygame_com\",\"https:\/\/www.tiktok.com\/@citygamecom\/\",\"https:\/\/www.linkedin.com\/company\/citygame-com\"],\"description\":\"Turn any city into a playground with our interactive City Games and self-guided tours. Fun, flexible, and ideal for groups and team building.\",\"telephone\":[],\"openingHoursSpecification\":[{\"@type\":\"OpeningHoursSpecification\",\"dayOfWeek\":[\"Monday\",\"Tuesday\",\"Wednesday\",\"Thursday\",\"Friday\",\"Saturday\",\"Sunday\"],\"opens\":\"09:00\",\"closes\":\"17:00\"}]},{\"@type\":\"ImageObject\",\"inLanguage\":\"vi\",\"@id\":\"https:\/\/testwebsite.citygame.com\/vi\/games\/zaandam\/secrets-of-zaandam\/#local-main-organization-logo\",\"url\":\"https:\/\/testwebsite.citygame.com\/wp-content\/blogs.dir\/1\/files\/sites\/62\/2025\/10\/CG_LOGO-City-Game.png\",\"contentUrl\":\"https:\/\/testwebsite.citygame.com\/wp-content\/blogs.dir\/1\/files\/sites\/62\/2025\/10\/CG_LOGO-City-Game.png\",\"width\":351,\"height\":377,\"caption\":\"City Game\"}]}<\/script>\n<!-- \/ Yoast SEO Premium plugin. -->","yoast_head_json":{"title":"Secrets of Zaandam - City Game","description":"Secrets of Zaandam. Ch\u01a1i Tr\u00f2 ch\u01a1i th\u00e0nh ph\u1ed1 t\u1ef1 h\u01b0\u1edbng d\u1eabn v\u00e0 kh\u00e1m ph\u00e1 th\u00e0nh ph\u1ed1 qua c\u00e1c c\u00e2u \u0111\u1ed1, b\u00ed \u1ea9n v\u00e0 th\u1eed th\u00e1ch. Ch\u01a1i theo t\u1ed1c \u0111\u1ed9 c\u1ee7a ri\u00eang b\u1ea1n v\u00e0 kh\u00e1m ph\u00e1 nh\u01b0 m\u1ed9t ng\u01b0\u1eddi \u0111\u1ecba ph\u01b0\u01a1ng!","robots":{"index":"noindex","follow":"follow","max-snippet":"max-snippet:-1","max-image-preview":"max-image-preview:large","max-video-preview":"max-video-preview:-1"},"og_locale":"vi_VN","og_type":"article","og_title":"Secrets of Zaandam","og_description":"Secrets of Zaandam. Ch\u01a1i Tr\u00f2 ch\u01a1i th\u00e0nh ph\u1ed1 t\u1ef1 h\u01b0\u1edbng d\u1eabn v\u00e0 kh\u00e1m ph\u00e1 th\u00e0nh ph\u1ed1 qua c\u00e1c c\u00e2u \u0111\u1ed1, b\u00ed \u1ea9n v\u00e0 th\u1eed th\u00e1ch. Ch\u01a1i theo t\u1ed1c \u0111\u1ed9 c\u1ee7a ri\u00eang b\u1ea1n v\u00e0 kh\u00e1m ph\u00e1 nh\u01b0 m\u1ed9t ng\u01b0\u1eddi \u0111\u1ecba ph\u01b0\u01a1ng!","og_url":"https:\/\/testwebsite.citygame.com\/vi\/games\/zaandam\/secrets-of-zaandam\/","og_site_name":"City Game","article_publisher":"https:\/\/www.facebook.com\/profile.php?id=100086426226253","article_modified_time":"2026-04-07T18:00:07+00:00","og_image":[{"width":1024,"height":1024,"url":"https:\/\/testwebsite.citygame.com\/wp-content\/blogs.dir\/1\/files\/sites\/62\/2026\/01\/woman-playing-city-game-zaandam-waterfront.jpg","type":"image\/jpeg"}],"twitter_card":"summary_large_image","twitter_misc":{"\u01af\u1edbc t\u00ednh th\u1eddi gian \u0111\u1ecdc":"1 ph\u00fat"},"schema":{"@context":"https:\/\/schema.org","@graph":[{"@type":"WebPage","@id":"https:\/\/testwebsite.citygame.com\/vi\/games\/zaandam\/secrets-of-zaandam\/","url":"https:\/\/testwebsite.citygame.com\/vi\/games\/zaandam\/secrets-of-zaandam\/","name":"Secrets of Zaandam - City Game","isPartOf":{"@id":"https:\/\/testwebsite.upevents.nl\/#website"},"primaryImageOfPage":{"@id":"https:\/\/testwebsite.citygame.com\/vi\/games\/zaandam\/secrets-of-zaandam\/#primaryimage"},"image":{"@id":"https:\/\/testwebsite.citygame.com\/vi\/games\/zaandam\/secrets-of-zaandam\/#primaryimage"},"thumbnailUrl":"https:\/\/testwebsite.citygame.com\/wp-content\/blogs.dir\/1\/files\/sites\/62\/2026\/01\/woman-playing-city-game-zaandam-waterfront.jpg","datePublished":"2026-01-13T15:40:31+00:00","dateModified":"2026-04-07T18:00:07+00:00","description":"Secrets of Zaandam. Ch\u01a1i Tr\u00f2 ch\u01a1i th\u00e0nh ph\u1ed1 t\u1ef1 h\u01b0\u1edbng d\u1eabn v\u00e0 kh\u00e1m ph\u00e1 th\u00e0nh ph\u1ed1 qua c\u00e1c c\u00e2u \u0111\u1ed1, b\u00ed \u1ea9n v\u00e0 th\u1eed th\u00e1ch. Ch\u01a1i theo t\u1ed1c \u0111\u1ed9 c\u1ee7a ri\u00eang b\u1ea1n v\u00e0 kh\u00e1m ph\u00e1 nh\u01b0 m\u1ed9t ng\u01b0\u1eddi \u0111\u1ecba ph\u01b0\u01a1ng!","breadcrumb":{"@id":"https:\/\/testwebsite.citygame.com\/vi\/games\/zaandam\/secrets-of-zaandam\/#breadcrumb"},"inLanguage":"vi","potentialAction":[{"@type":"ReadAction","target":["https:\/\/testwebsite.citygame.com\/vi\/games\/zaandam\/secrets-of-zaandam\/"]}]},{"@type":"ImageObject","inLanguage":"vi","@id":"https:\/\/testwebsite.citygame.com\/vi\/games\/zaandam\/secrets-of-zaandam\/#primaryimage","url":"https:\/\/testwebsite.citygame.com\/wp-content\/blogs.dir\/1\/files\/sites\/62\/2026\/01\/woman-playing-city-game-zaandam-waterfront.jpg","contentUrl":"https:\/\/testwebsite.citygame.com\/wp-content\/blogs.dir\/1\/files\/sites\/62\/2026\/01\/woman-playing-city-game-zaandam-waterfront.jpg","width":1024,"height":1024,"caption":"A player uses the City Game app on her smartphone with the Zaandam waterfront in the background."},{"@type":"BreadcrumbList","@id":"https:\/\/testwebsite.citygame.com\/vi\/games\/zaandam\/secrets-of-zaandam\/#breadcrumb","itemListElement":[{"@type":"ListItem","position":1,"name":"Home","item":"https:\/\/testwebsite.citygame.com\/vi\/"},{"@type":"ListItem","position":2,"name":"Shop","item":"https:\/\/testwebsite.citygame.com\/shop\/"},{"@type":"ListItem","position":3,"name":"Secrets of Zaandam"}]},{"@type":"WebSite","@id":"https:\/\/testwebsite.upevents.nl\/#website","url":"https:\/\/testwebsite.upevents.nl\/","name":"City Game","description":"","publisher":{"@id":"https:\/\/testwebsite.upevents.nl\/#organization"},"alternateName":"citygame.com","potentialAction":[{"@type":"SearchAction","target":{"@type":"EntryPoint","urlTemplate":"https:\/\/testwebsite.upevents.nl\/?s={search_term_string}"},"query-input":{"@type":"PropertyValueSpecification","valueRequired":true,"valueName":"search_term_string"}}],"inLanguage":"vi"},{"@type":["Organization","Place"],"@id":"https:\/\/testwebsite.upevents.nl\/#organization","name":"City Game","alternateName":"citygame.com","url":"https:\/\/testwebsite.upevents.nl\/","logo":{"@id":"https:\/\/testwebsite.citygame.com\/vi\/games\/zaandam\/secrets-of-zaandam\/#local-main-organization-logo"},"image":{"@id":"https:\/\/testwebsite.citygame.com\/vi\/games\/zaandam\/secrets-of-zaandam\/#local-main-organization-logo"},"sameAs":["https:\/\/www.facebook.com\/profile.php?id=100086426226253","https:\/\/www.instagram.com\/citygame_com","https:\/\/www.tiktok.com\/@citygamecom\/","https:\/\/www.linkedin.com\/company\/citygame-com"],"description":"Turn any city into a playground with our interactive City Games and self-guided tours. Fun, flexible, and ideal for groups and team building.","telephone":[],"openingHoursSpecification":[{"@type":"OpeningHoursSpecification","dayOfWeek":["Monday","Tuesday","Wednesday","Thursday","Friday","Saturday","Sunday"],"opens":"09:00","closes":"17:00"}]},{"@type":"ImageObject","inLanguage":"vi","@id":"https:\/\/testwebsite.citygame.com\/vi\/games\/zaandam\/secrets-of-zaandam\/#local-main-organization-logo","url":"https:\/\/testwebsite.citygame.com\/wp-content\/blogs.dir\/1\/files\/sites\/62\/2025\/10\/CG_LOGO-City-Game.png","contentUrl":"https:\/\/testwebsite.citygame.com\/wp-content\/blogs.dir\/1\/files\/sites\/62\/2025\/10\/CG_LOGO-City-Game.png","width":351,"height":377,"caption":"City Game"}]}},"taxonomy_info":{"game-concept":[{"value":733,"label":"Secrets"}],"location":[{"value":431,"label":"Zaandam"}],"product_cat":[{"value":27,"label":"Geen categorie"}]},"featured_image_src_large":["https:\/\/testwebsite.citygame.com\/wp-content\/blogs.dir\/1\/files\/sites\/62\/2026\/01\/woman-playing-city-game-zaandam-waterfront.jpg",1024,1024,false],"author_info":[],"comment_info":"","_links":{"self":[{"href":"https:\/\/testwebsite.citygame.com\/vi\/wp-json\/wp\/v2\/product\/53968","targetHints":{"allow":["GET"]}}],"collection":[{"href":"https:\/\/testwebsite.citygame.com\/vi\/wp-json\/wp\/v2\/product"}],"about":[{"href":"https:\/\/testwebsite.citygame.com\/vi\/wp-json\/wp\/v2\/types\/product"}],"acf:post":[{"embeddable":true,"href":"https:\/\/testwebsite.citygame.com\/vi\/wp-json\/wp\/v2\/pages\/15899"}],"wp:featuredmedia":[{"embeddable":true,"href":"https:\/\/testwebsite.citygame.com\/vi\/wp-json\/wp\/v2\/media\/3882"}],"wp:attachment":[{"href":"https:\/\/testwebsite.citygame.com\/vi\/wp-json\/wp\/v2\/media?parent=53968"}],"wp:term":[{"taxonomy":"game-concept","embeddable":true,"href":"https:\/\/testwebsite.citygame.com\/vi\/wp-json\/wp\/v2\/game-concept?post=53968"},{"taxonomy":"location","embeddable":true,"href":"https:\/\/testwebsite.citygame.com\/vi\/wp-json\/wp\/v2\/location?post=53968"},{"taxonomy":"product_brand","embeddable":true,"href":"https:\/\/testwebsite.citygame.com\/vi\/wp-json\/wp\/v2\/product_brand?post=53968"},{"taxonomy":"product_cat","embeddable":true,"href":"https:\/\/testwebsite.citygame.com\/vi\/wp-json\/wp\/v2\/product_cat?post=53968"},{"taxonomy":"product_tag","embeddable":true,"href":"https:\/\/testwebsite.citygame.com\/vi\/wp-json\/wp\/v2\/product_tag?post=53968"}],"curies":[{"name":"wp","href":"https:\/\/api.w.org\/{rel}","templated":true}]}}