{"id":53364,"date":"2026-02-06T17:13:03","date_gmt":"2026-02-06T17:13:03","guid":{"rendered":"https:\/\/testwebsite.citygame.com\/games\/unknown-location\/sherlock-holmes-bologna\/"},"modified":"2026-04-07T16:43:58","modified_gmt":"2026-04-07T16:43:58","slug":"sherlock-holmes-bologna","status":"publish","type":"product","link":"https:\/\/testwebsite.citygame.com\/vi\/games\/bologna\/sherlock-holmes-bologna\/","title":{"rendered":"Sherlock Holmes Bologna"},"content":{"rendered":"<p>B\u01b0\u1edbc v\u00e0o th\u1ebf gi\u1edbi c\u1ee7a Sherlock Holmes v\u1edbi m\u1ed9t tr\u00f2 ch\u01a1i \u0111i\u1ec1u tra \u00e1n m\u1ea1ng t\u1ef1 h\u01b0\u1edbng d\u1eabn, \u0111\u1ea7y k\u1ecbch t\u00ednh, trong khu\u00f4n kh\u1ed5 City Game, l\u1ea5y b\u1ed1i c\u1ea3nh t\u1ea1i trung t\u00e2m l\u1ecbch s\u1eed c\u1ee7a Bologna. Khi th\u00e0nh ph\u1ed1 tr\u1edf th\u00e0nh b\u1ed1i c\u1ea3nh nh\u1eadp vai cho cu\u1ed9c \u0111i\u1ec1u tra c\u1ee7a b\u1ea1n, b\u1ea1n s\u1ebd theo d\u00f5i m\u1ed9t c\u00e2u chuy\u1ec7n \u0111ang di\u1ec5n ra, li\u00ean quan \u0111\u1ebfn m\u1ed9t v\u1ee5 \u00e1n m\u1ea1ng x\u1ea3y ra trong L\u1ec5 h\u1ed9i Liberty. H\u00e3y di chuy\u1ec3n theo t\u1ed1c \u0111\u1ed9 c\u1ee7a ri\u00eang b\u1ea1n trong khi thu th\u1eadp manh m\u1ed1i, gi\u1ea3i c\u00e1c c\u00e2u \u0111\u1ed1 v\u00e0 th\u1ea9m v\u1ea5n c\u00e1c nghi ph\u1ea1m k\u1ef9 thu\u1eadt s\u1ed1, kh\u00e1m ph\u00e1 nh\u1eefng s\u1ef1 th\u1eadt \u1ea9n gi\u1ea5u theo phong c\u00e1ch th\u00e1m t\u1eed th\u1ef1c th\u1ee5.<\/p>\n","protected":false},"excerpt":{"rendered":"<p>H\u00e3y h\u00f3a th\u00e2n v\u00e0o vai th\u00e1m t\u1eed l\u1eebng danh Sherlock Holmes, b\u1eaft tay v\u00e0o m\u1ed9t cu\u1ed9c \u0111i\u1ec1u tra v\u1ee5 \u00e1n m\u1ea1ng b\u00ed \u1ea9n t\u1ef1 h\u01b0\u1edbng d\u1eabn ngay t\u1ea1i trung t\u00e2m Bologna. V\u1edbi k\u1ef9 n\u0103ng t\u00e0i t\u00ecnh c\u1ee7a m\u00ecnh, b\u1ea1n h\u00e3y theo d\u00f5i m\u1ea1ng l\u01b0\u1edbi manh m\u1ed1i ph\u1ee9c t\u1ea1p, gi\u1ea3i m\u00e3 nh\u1eefng c\u00e2u \u0111\u1ed1 h\u00f3c b\u00faa v\u00e0 c\u00f9ng v\u1edbi \u0111\u1ed9i c\u1ee7a m\u00ecnh, kh\u00e1m ph\u00e1 s\u1ef1 th\u1eadt tr\u01b0\u1edbc khi h\u1ebft gi\u1edd!<\/p>\n","protected":false},"featured_media":11475,"template":"","meta":{"_acf_changed":false,"_yoast_wpseo_focuskw":"Sherlock Holmes Bologna","_yoast_wpseo_metadesc":"Sherlock Holmes Bologna. Ch\u01a1i m\u1ed9t City Game \u0111i\u1ec1u tra \u00e1n m\u1ea1ng t\u1ef1 h\u01b0\u1edbng d\u1eabn, gi\u1ea3i c\u00e2u \u0111\u1ed1, theo d\u00f5i manh m\u1ed1i v\u00e0 kh\u00e1m ph\u00e1 k\u1ebb gi\u1ebft ng\u01b0\u1eddi theo t\u1ed1c \u0111\u1ed9 c\u1ee7a ri\u00eang b\u1ea1n!","_kad_blocks_custom_css":"","_kad_blocks_head_custom_js":"","_kad_blocks_body_custom_js":"","_kad_blocks_footer_custom_js":"","ghostkit_customizer_options":"","ghostkit_custom_css":"","ghostkit_custom_js_head":"","ghostkit_custom_js_foot":"","ghostkit_typography":"","_kad_post_transparent":"","_kad_post_title":"","_kad_post_layout":"","_kad_post_sidebar_id":"","_kad_post_content_style":"","_kad_post_vertical_padding":"","_kad_post_feature":"","_kad_post_feature_position":"","_kad_post_header":false,"_kad_post_footer":false,"_kad_post_classname":"","_links_to":"","_links_to_target":""},"game-concept":[794],"location":[94],"product_brand":[],"product_cat":[27],"product_tag":[],"class_list":{"0":"post-53364","1":"product","2":"type-product","3":"status-publish","4":"has-post-thumbnail","6":"game-concept-sherlock","7":"location-bologna","8":"product_cat-geen-categorie","10":"first","11":"instock","12":"shipping-taxable","13":"purchasable","14":"product-type-simple","15":"entry","16":"content-bg","17":"loop-entry"},"acf":{"full_bokun_product_name":"Bologna Self-Guided Sherlock Holmes Murder Mystery Game","location_name":"Bologna","bokun_calendar_widget_code":"<script type=\"text\/javascript\" src=\"https:\/\/widgets.bokun.io\/assets\/javascripts\/apps\/build\/BokunWidgetsLoader.js?bookingChannelUUID=a1e93e96-5232-4734-a595-28405f4b5a31\" async><\/script>\n     \n    <div class=\"bokunWidget\" data-src=\"https:\/\/widgets.bokun.io\/online-sales\/a1e93e96-5232-4734-a595-28405f4b5a31\/experience-calendar\/764455\"><\/div>\n    <noscript>Please enable javascript in your browser to book<\/noscript>","bokun_button_widget_code":"<script type=\"text\/javascript\" src=\"https:\/\/widgets.bokun.io\/assets\/javascripts\/apps\/build\/BokunWidgetsLoader.js?bookingChannelUUID=a1e93e96-5232-4734-a595-28405f4b5a31\" async><\/script>\n      <style> #bokun_ed001e45_5927_4f62_b470_ca766338d083 { display: inline-block; padding: .4em 1em; background: #47b82e; border-radius: 999999px; box-shadow: none; font-weight: 600; font-size: 24px; text-decoration: none; text-align: center; color: #FFFFFF; border:none; cursor: pointer; transition: background .2s ease; } #bokun_ed001e45_5927_4f62_b470_ca766338d083:hover{ background: #2f7b1f; } #bokun_ed001e45_5927_4f62_b470_ca766338d083:active{ background: #378f24; } <\/style> <button class=\"bokunButton\" disabled id=bokun_ed001e45_5927_4f62_b470_ca766338d083 data-src=\"https:\/\/widgets.bokun.io\/online-sales\/a1e93e96-5232-4734-a595-28405f4b5a31\/experience-calendar\/764455?partialView=1\" data-testid=\"widget-book-button\" > Book now <\/button> ","what_you\u2019ll_experience_during_the_game":"B\u01b0\u1edbc v\u00e0o m\u1ed9t c\u00e2u chuy\u1ec7n trinh th\u00e1m h\u1ea5p d\u1eabn l\u1ea5y b\u1ed1i c\u1ea3nh ngay t\u1ea1i trung t\u00e2m Bologna, n\u01a1i m\u1ed7i t\u00ecnh ti\u1ebft b\u1ea5t ng\u1edd s\u1ebd \u0111\u01b0a b\u1ea1n \u0111i s\u00e2u h\u01a1n v\u00e0o b\u00ed \u1ea9n xoay quanh m\u1ed9t v\u1ee5 \u00e1n m\u1ea1ng t\u1ea1i L\u1ec5 h\u1ed9i Liberty. Khi cu\u1ed9c \u0111i\u1ec1u tra di\u1ec5n ra, b\u1ea1n s\u1ebd \u0111i qua th\u00e0nh ph\u1ed1, kh\u00e1m ph\u00e1 nh\u1eefng manh m\u1ed1i \u1ea9n gi\u1ea5u, gi\u1ea3i c\u00e1c c\u00e2u \u0111\u1ed1 ph\u1ee9c t\u1ea1p v\u00e0 theo d\u00f5i m\u1ed9t chu\u1ed7i b\u00ed m\u1eadt ng\u00e0y c\u00e0ng h\u00e9 l\u1ed9 nhi\u1ec1u h\u01a1n qua t\u1eebng b\u01b0\u1edbc ch\u00e2n. B\u1ea1n s\u1ebd th\u1ea9m v\u1ea5n c\u00e1c nghi ph\u1ea1m k\u1ef9 thu\u1eadt s\u1ed1, ph\u00e2n t\u00edch ch\u1ee9ng c\u1ee9 ngo\u1ea1i ph\u1ea1m c\u1ee7a h\u1ecd v\u00e0 ki\u1ec3m tra nh\u1eefng m\u00e2u thu\u1eabn, lu\u00f4n c\u00e2n nh\u1eafc b\u1eb1ng ch\u1ee9ng v\u1edbi con m\u1eaft tinh t\u01b0\u1eddng v\u00e0 t\u00e2m tr\u00ed minh m\u1eabn. \n\nTr\u1ea3i nghi\u1ec7m n\u00e0y ho\u00e0n to\u00e0n theo c\u1ed1t truy\u1ec7n, \u0111\u01b0\u1ee3c d\u1eabn d\u1eaft b\u1edfi l\u1ef1a ch\u1ecdn, tr\u1ef1c gi\u00e1c v\u00e0 s\u1ef1 ch\u00fa \u00fd \u0111\u1ebfn t\u1eebng chi ti\u1ebft c\u1ee7a b\u1ea1n. T\u01b0 duy ph\u1ea3n bi\u1ec7n, kh\u1ea3 n\u0103ng quan s\u00e1t v\u00e0 suy lu\u1eadn c\u1ee7a b\u1ea1n l\u00e0 ch\u00eca kh\u00f3a \u0111\u1ec3 b\u1ea1n gh\u00e9p n\u1ed1i s\u1ef1 th\u1eadt \u0111\u1eb1ng sau t\u1ed9i \u00e1c. B\u1ea1n c\u00f3 th\u1ec3 ch\u01a1i theo t\u1ed1c \u0111\u1ed9 c\u1ee7a ri\u00eang m\u00ecnh, t\u1ea1m d\u1eebng b\u1ea5t c\u1ee9 khi n\u00e0o c\u1ea7n v\u00e0 ti\u1ebfp t\u1ee5c khi b\u00ed \u1ea9n g\u1ecdi b\u1ea1n tr\u1edf l\u1ea1i. N\u1ebfu b\u1ea1n tham gia theo nh\u00f3m, b\u1ea1n th\u1eadm ch\u00ed c\u00f3 th\u1ec3 c\u1ea3m th\u1ea5y s\u1ef1 c\u1ea1nh tranh khi ch\u1ea1y \u0111ua \u0111\u1ec3 kh\u00e1m ph\u00e1 nh\u1eefng g\u00ec ng\u01b0\u1eddi kh\u00e1c c\u00f3 th\u1ec3 b\u1ecf l\u1ee1.","how_to_play":"Ch\u01a1i m\u1ed9t m\u00ecnh ho\u1eb7c v\u1edbi b\u1ea1n b\u00e8, gia \u0111\u00ecnh ho\u1eb7c \u0111\u1ed3ng nghi\u1ec7p theo nh\u00f3m t\u1ed1i \u0111a b\u1ed1n ng\u01b0\u1eddi tr\u00ean m\u1ed7i thi\u1ebft b\u1ecb. Sau khi \u0111\u1eb7t ch\u1ed7, b\u1ea1n s\u1ebd nh\u1eadn \u0111\u01b0\u1ee3c email h\u01b0\u1edbng d\u1eabn v\u1edbi m\u1ecdi th\u1ee9 b\u1ea1n c\u1ea7n.","start_location":"Bologna, Palazzo d'Accursio","available_languages":["en","es","fr","de","it","nl"],"players_per_group":"1-4","duration":"1.5-2 hours","image_overlay_color_image":"https:\/\/testwebsite.citygame.com\/wp-content\/blogs.dir\/1\/files\/sites\/62\/2026\/01\/SherlockColor.svg","image_overlay_game_logo":"https:\/\/testwebsite.citygame.com\/wp-content\/blogs.dir\/1\/files\/sites\/62\/2026\/01\/SherlockLogo.png","city_page":8408,"woocommerce_general_content":null},"yoast_head":"<!-- This site is optimized with the Yoast SEO Premium plugin v26.2 (Yoast SEO v26.3) - https:\/\/yoast.com\/wordpress\/plugins\/seo\/ -->\n<title>Sherlock Holmes Bologna - City Game<\/title>\n<meta name=\"description\" content=\"Sherlock Holmes Bologna. Ch\u01a1i m\u1ed9t City Game \u0111i\u1ec1u tra \u00e1n m\u1ea1ng t\u1ef1 h\u01b0\u1edbng d\u1eabn, gi\u1ea3i c\u00e2u \u0111\u1ed1, theo d\u00f5i manh m\u1ed1i v\u00e0 kh\u00e1m ph\u00e1 k\u1ebb gi\u1ebft ng\u01b0\u1eddi theo t\u1ed1c \u0111\u1ed9 c\u1ee7a ri\u00eang b\u1ea1n!\" \/>\n<meta name=\"robots\" content=\"noindex, follow, max-snippet:-1, max-image-preview:large, max-video-preview:-1\" \/>\n<meta property=\"og:locale\" content=\"vi_VN\" \/>\n<meta property=\"og:type\" content=\"article\" \/>\n<meta property=\"og:title\" content=\"Sherlock Holmes Bologna\" \/>\n<meta property=\"og:description\" content=\"Sherlock Holmes Bologna. Ch\u01a1i m\u1ed9t City Game \u0111i\u1ec1u tra \u00e1n m\u1ea1ng t\u1ef1 h\u01b0\u1edbng d\u1eabn, gi\u1ea3i c\u00e2u \u0111\u1ed1, theo d\u00f5i manh m\u1ed1i v\u00e0 kh\u00e1m ph\u00e1 k\u1ebb gi\u1ebft ng\u01b0\u1eddi theo t\u1ed1c \u0111\u1ed9 c\u1ee7a ri\u00eang b\u1ea1n!\" \/>\n<meta property=\"og:url\" content=\"https:\/\/testwebsite.citygame.com\/vi\/games\/bologna\/sherlock-holmes-bologna\/\" \/>\n<meta property=\"og:site_name\" content=\"City Game\" \/>\n<meta property=\"article:publisher\" content=\"https:\/\/www.facebook.com\/profile.php?id=100086426226253\" \/>\n<meta property=\"article:modified_time\" content=\"2026-04-07T16:43:58+00:00\" \/>\n<meta property=\"og:image\" content=\"https:\/\/testwebsite.citygame.com\/wp-content\/blogs.dir\/1\/files\/sites\/62\/2026\/02\/woman-walking-bologna-street-phone.jpg\" \/>\n\t<meta property=\"og:image:width\" content=\"1344\" \/>\n\t<meta property=\"og:image:height\" content=\"768\" \/>\n\t<meta property=\"og:image:type\" content=\"image\/jpeg\" \/>\n<meta name=\"twitter:card\" content=\"summary_large_image\" \/>\n<meta name=\"twitter:label1\" content=\"\u01af\u1edbc t\u00ednh th\u1eddi gian \u0111\u1ecdc\" \/>\n\t<meta name=\"twitter:data1\" content=\"1 ph\u00fat\" \/>\n<script type=\"application\/ld+json\" class=\"yoast-schema-graph\">{\"@context\":\"https:\/\/schema.org\",\"@graph\":[{\"@type\":\"WebPage\",\"@id\":\"https:\/\/testwebsite.citygame.com\/vi\/games\/bologna\/sherlock-holmes-bologna\/\",\"url\":\"https:\/\/testwebsite.citygame.com\/vi\/games\/bologna\/sherlock-holmes-bologna\/\",\"name\":\"Sherlock Holmes Bologna - City Game\",\"isPartOf\":{\"@id\":\"https:\/\/testwebsite.upevents.nl\/#website\"},\"primaryImageOfPage\":{\"@id\":\"https:\/\/testwebsite.citygame.com\/vi\/games\/bologna\/sherlock-holmes-bologna\/#primaryimage\"},\"image\":{\"@id\":\"https:\/\/testwebsite.citygame.com\/vi\/games\/bologna\/sherlock-holmes-bologna\/#primaryimage\"},\"thumbnailUrl\":\"https:\/\/testwebsite.citygame.com\/wp-content\/blogs.dir\/1\/files\/sites\/62\/2026\/02\/woman-walking-bologna-street-phone.jpg\",\"datePublished\":\"2026-02-06T17:13:03+00:00\",\"dateModified\":\"2026-04-07T16:43:58+00:00\",\"description\":\"Sherlock Holmes Bologna. Ch\u01a1i m\u1ed9t City Game \u0111i\u1ec1u tra \u00e1n m\u1ea1ng t\u1ef1 h\u01b0\u1edbng d\u1eabn, gi\u1ea3i c\u00e2u \u0111\u1ed1, theo d\u00f5i manh m\u1ed1i v\u00e0 kh\u00e1m ph\u00e1 k\u1ebb gi\u1ebft ng\u01b0\u1eddi theo t\u1ed1c \u0111\u1ed9 c\u1ee7a ri\u00eang b\u1ea1n!\",\"breadcrumb\":{\"@id\":\"https:\/\/testwebsite.citygame.com\/vi\/games\/bologna\/sherlock-holmes-bologna\/#breadcrumb\"},\"inLanguage\":\"vi\",\"potentialAction\":[{\"@type\":\"ReadAction\",\"target\":[\"https:\/\/testwebsite.citygame.com\/vi\/games\/bologna\/sherlock-holmes-bologna\/\"]}]},{\"@type\":\"ImageObject\",\"inLanguage\":\"vi\",\"@id\":\"https:\/\/testwebsite.citygame.com\/vi\/games\/bologna\/sherlock-holmes-bologna\/#primaryimage\",\"url\":\"https:\/\/testwebsite.citygame.com\/wp-content\/blogs.dir\/1\/files\/sites\/62\/2026\/02\/woman-walking-bologna-street-phone.jpg\",\"contentUrl\":\"https:\/\/testwebsite.citygame.com\/wp-content\/blogs.dir\/1\/files\/sites\/62\/2026\/02\/woman-walking-bologna-street-phone.jpg\",\"width\":1344,\"height\":768,\"caption\":\"A tourist navigates a historic cobblestone street in Bologna, Italy, using her mobile phone.\"},{\"@type\":\"BreadcrumbList\",\"@id\":\"https:\/\/testwebsite.citygame.com\/vi\/games\/bologna\/sherlock-holmes-bologna\/#breadcrumb\",\"itemListElement\":[{\"@type\":\"ListItem\",\"position\":1,\"name\":\"Home\",\"item\":\"https:\/\/testwebsite.citygame.com\/vi\/\"},{\"@type\":\"ListItem\",\"position\":2,\"name\":\"Shop\",\"item\":\"https:\/\/testwebsite.citygame.com\/shop\/\"},{\"@type\":\"ListItem\",\"position\":3,\"name\":\"Sherlock Holmes Bologna\"}]},{\"@type\":\"WebSite\",\"@id\":\"https:\/\/testwebsite.upevents.nl\/#website\",\"url\":\"https:\/\/testwebsite.upevents.nl\/\",\"name\":\"City Game\",\"description\":\"\",\"publisher\":{\"@id\":\"https:\/\/testwebsite.upevents.nl\/#organization\"},\"alternateName\":\"citygame.com\",\"potentialAction\":[{\"@type\":\"SearchAction\",\"target\":{\"@type\":\"EntryPoint\",\"urlTemplate\":\"https:\/\/testwebsite.upevents.nl\/?s={search_term_string}\"},\"query-input\":{\"@type\":\"PropertyValueSpecification\",\"valueRequired\":true,\"valueName\":\"search_term_string\"}}],\"inLanguage\":\"vi\"},{\"@type\":[\"Organization\",\"Place\"],\"@id\":\"https:\/\/testwebsite.upevents.nl\/#organization\",\"name\":\"City Game\",\"alternateName\":\"citygame.com\",\"url\":\"https:\/\/testwebsite.upevents.nl\/\",\"logo\":{\"@id\":\"https:\/\/testwebsite.citygame.com\/vi\/games\/bologna\/sherlock-holmes-bologna\/#local-main-organization-logo\"},\"image\":{\"@id\":\"https:\/\/testwebsite.citygame.com\/vi\/games\/bologna\/sherlock-holmes-bologna\/#local-main-organization-logo\"},\"sameAs\":[\"https:\/\/www.facebook.com\/profile.php?id=100086426226253\",\"https:\/\/www.instagram.com\/citygame_com\",\"https:\/\/www.tiktok.com\/@citygamecom\/\",\"https:\/\/www.linkedin.com\/company\/citygame-com\"],\"description\":\"Turn any city into a playground with our interactive City Games and self-guided tours. Fun, flexible, and ideal for groups and team building.\",\"telephone\":[],\"openingHoursSpecification\":[{\"@type\":\"OpeningHoursSpecification\",\"dayOfWeek\":[\"Monday\",\"Tuesday\",\"Wednesday\",\"Thursday\",\"Friday\",\"Saturday\",\"Sunday\"],\"opens\":\"09:00\",\"closes\":\"17:00\"}]},{\"@type\":\"ImageObject\",\"inLanguage\":\"vi\",\"@id\":\"https:\/\/testwebsite.citygame.com\/vi\/games\/bologna\/sherlock-holmes-bologna\/#local-main-organization-logo\",\"url\":\"https:\/\/testwebsite.citygame.com\/wp-content\/blogs.dir\/1\/files\/sites\/62\/2025\/10\/CG_LOGO-City-Game.png\",\"contentUrl\":\"https:\/\/testwebsite.citygame.com\/wp-content\/blogs.dir\/1\/files\/sites\/62\/2025\/10\/CG_LOGO-City-Game.png\",\"width\":351,\"height\":377,\"caption\":\"City Game\"}]}<\/script>\n<!-- \/ Yoast SEO Premium plugin. -->","yoast_head_json":{"title":"Sherlock Holmes Bologna - City Game","description":"Sherlock Holmes Bologna. Ch\u01a1i m\u1ed9t City Game \u0111i\u1ec1u tra \u00e1n m\u1ea1ng t\u1ef1 h\u01b0\u1edbng d\u1eabn, gi\u1ea3i c\u00e2u \u0111\u1ed1, theo d\u00f5i manh m\u1ed1i v\u00e0 kh\u00e1m ph\u00e1 k\u1ebb gi\u1ebft ng\u01b0\u1eddi theo t\u1ed1c \u0111\u1ed9 c\u1ee7a ri\u00eang b\u1ea1n!","robots":{"index":"noindex","follow":"follow","max-snippet":"max-snippet:-1","max-image-preview":"max-image-preview:large","max-video-preview":"max-video-preview:-1"},"og_locale":"vi_VN","og_type":"article","og_title":"Sherlock Holmes Bologna","og_description":"Sherlock Holmes Bologna. Ch\u01a1i m\u1ed9t City Game \u0111i\u1ec1u tra \u00e1n m\u1ea1ng t\u1ef1 h\u01b0\u1edbng d\u1eabn, gi\u1ea3i c\u00e2u \u0111\u1ed1, theo d\u00f5i manh m\u1ed1i v\u00e0 kh\u00e1m ph\u00e1 k\u1ebb gi\u1ebft ng\u01b0\u1eddi theo t\u1ed1c \u0111\u1ed9 c\u1ee7a ri\u00eang b\u1ea1n!","og_url":"https:\/\/testwebsite.citygame.com\/vi\/games\/bologna\/sherlock-holmes-bologna\/","og_site_name":"City Game","article_publisher":"https:\/\/www.facebook.com\/profile.php?id=100086426226253","article_modified_time":"2026-04-07T16:43:58+00:00","og_image":[{"width":1344,"height":768,"url":"https:\/\/testwebsite.citygame.com\/wp-content\/blogs.dir\/1\/files\/sites\/62\/2026\/02\/woman-walking-bologna-street-phone.jpg","type":"image\/jpeg"}],"twitter_card":"summary_large_image","twitter_misc":{"\u01af\u1edbc t\u00ednh th\u1eddi gian \u0111\u1ecdc":"1 ph\u00fat"},"schema":{"@context":"https:\/\/schema.org","@graph":[{"@type":"WebPage","@id":"https:\/\/testwebsite.citygame.com\/vi\/games\/bologna\/sherlock-holmes-bologna\/","url":"https:\/\/testwebsite.citygame.com\/vi\/games\/bologna\/sherlock-holmes-bologna\/","name":"Sherlock Holmes Bologna - City Game","isPartOf":{"@id":"https:\/\/testwebsite.upevents.nl\/#website"},"primaryImageOfPage":{"@id":"https:\/\/testwebsite.citygame.com\/vi\/games\/bologna\/sherlock-holmes-bologna\/#primaryimage"},"image":{"@id":"https:\/\/testwebsite.citygame.com\/vi\/games\/bologna\/sherlock-holmes-bologna\/#primaryimage"},"thumbnailUrl":"https:\/\/testwebsite.citygame.com\/wp-content\/blogs.dir\/1\/files\/sites\/62\/2026\/02\/woman-walking-bologna-street-phone.jpg","datePublished":"2026-02-06T17:13:03+00:00","dateModified":"2026-04-07T16:43:58+00:00","description":"Sherlock Holmes Bologna. Ch\u01a1i m\u1ed9t City Game \u0111i\u1ec1u tra \u00e1n m\u1ea1ng t\u1ef1 h\u01b0\u1edbng d\u1eabn, gi\u1ea3i c\u00e2u \u0111\u1ed1, theo d\u00f5i manh m\u1ed1i v\u00e0 kh\u00e1m ph\u00e1 k\u1ebb gi\u1ebft ng\u01b0\u1eddi theo t\u1ed1c \u0111\u1ed9 c\u1ee7a ri\u00eang b\u1ea1n!","breadcrumb":{"@id":"https:\/\/testwebsite.citygame.com\/vi\/games\/bologna\/sherlock-holmes-bologna\/#breadcrumb"},"inLanguage":"vi","potentialAction":[{"@type":"ReadAction","target":["https:\/\/testwebsite.citygame.com\/vi\/games\/bologna\/sherlock-holmes-bologna\/"]}]},{"@type":"ImageObject","inLanguage":"vi","@id":"https:\/\/testwebsite.citygame.com\/vi\/games\/bologna\/sherlock-holmes-bologna\/#primaryimage","url":"https:\/\/testwebsite.citygame.com\/wp-content\/blogs.dir\/1\/files\/sites\/62\/2026\/02\/woman-walking-bologna-street-phone.jpg","contentUrl":"https:\/\/testwebsite.citygame.com\/wp-content\/blogs.dir\/1\/files\/sites\/62\/2026\/02\/woman-walking-bologna-street-phone.jpg","width":1344,"height":768,"caption":"A tourist navigates a historic cobblestone street in Bologna, Italy, using her mobile phone."},{"@type":"BreadcrumbList","@id":"https:\/\/testwebsite.citygame.com\/vi\/games\/bologna\/sherlock-holmes-bologna\/#breadcrumb","itemListElement":[{"@type":"ListItem","position":1,"name":"Home","item":"https:\/\/testwebsite.citygame.com\/vi\/"},{"@type":"ListItem","position":2,"name":"Shop","item":"https:\/\/testwebsite.citygame.com\/shop\/"},{"@type":"ListItem","position":3,"name":"Sherlock Holmes Bologna"}]},{"@type":"WebSite","@id":"https:\/\/testwebsite.upevents.nl\/#website","url":"https:\/\/testwebsite.upevents.nl\/","name":"City Game","description":"","publisher":{"@id":"https:\/\/testwebsite.upevents.nl\/#organization"},"alternateName":"citygame.com","potentialAction":[{"@type":"SearchAction","target":{"@type":"EntryPoint","urlTemplate":"https:\/\/testwebsite.upevents.nl\/?s={search_term_string}"},"query-input":{"@type":"PropertyValueSpecification","valueRequired":true,"valueName":"search_term_string"}}],"inLanguage":"vi"},{"@type":["Organization","Place"],"@id":"https:\/\/testwebsite.upevents.nl\/#organization","name":"City Game","alternateName":"citygame.com","url":"https:\/\/testwebsite.upevents.nl\/","logo":{"@id":"https:\/\/testwebsite.citygame.com\/vi\/games\/bologna\/sherlock-holmes-bologna\/#local-main-organization-logo"},"image":{"@id":"https:\/\/testwebsite.citygame.com\/vi\/games\/bologna\/sherlock-holmes-bologna\/#local-main-organization-logo"},"sameAs":["https:\/\/www.facebook.com\/profile.php?id=100086426226253","https:\/\/www.instagram.com\/citygame_com","https:\/\/www.tiktok.com\/@citygamecom\/","https:\/\/www.linkedin.com\/company\/citygame-com"],"description":"Turn any city into a playground with our interactive City Games and self-guided tours. Fun, flexible, and ideal for groups and team building.","telephone":[],"openingHoursSpecification":[{"@type":"OpeningHoursSpecification","dayOfWeek":["Monday","Tuesday","Wednesday","Thursday","Friday","Saturday","Sunday"],"opens":"09:00","closes":"17:00"}]},{"@type":"ImageObject","inLanguage":"vi","@id":"https:\/\/testwebsite.citygame.com\/vi\/games\/bologna\/sherlock-holmes-bologna\/#local-main-organization-logo","url":"https:\/\/testwebsite.citygame.com\/wp-content\/blogs.dir\/1\/files\/sites\/62\/2025\/10\/CG_LOGO-City-Game.png","contentUrl":"https:\/\/testwebsite.citygame.com\/wp-content\/blogs.dir\/1\/files\/sites\/62\/2025\/10\/CG_LOGO-City-Game.png","width":351,"height":377,"caption":"City Game"}]}},"taxonomy_info":{"game-concept":[{"value":794,"label":"Sherlock"}],"location":[{"value":94,"label":"Bologna"}],"product_cat":[{"value":27,"label":"Geen categorie"}]},"featured_image_src_large":["https:\/\/testwebsite.citygame.com\/wp-content\/blogs.dir\/1\/files\/sites\/62\/2026\/02\/woman-walking-bologna-street-phone-1024x585.jpg",1024,585,true],"author_info":[],"comment_info":"","_links":{"self":[{"href":"https:\/\/testwebsite.citygame.com\/vi\/wp-json\/wp\/v2\/product\/53364","targetHints":{"allow":["GET"]}}],"collection":[{"href":"https:\/\/testwebsite.citygame.com\/vi\/wp-json\/wp\/v2\/product"}],"about":[{"href":"https:\/\/testwebsite.citygame.com\/vi\/wp-json\/wp\/v2\/types\/product"}],"acf:post":[{"embeddable":true,"href":"https:\/\/testwebsite.citygame.com\/vi\/wp-json\/wp\/v2\/pages\/8408"}],"wp:featuredmedia":[{"embeddable":true,"href":"https:\/\/testwebsite.citygame.com\/vi\/wp-json\/wp\/v2\/media\/11475"}],"wp:attachment":[{"href":"https:\/\/testwebsite.citygame.com\/vi\/wp-json\/wp\/v2\/media?parent=53364"}],"wp:term":[{"taxonomy":"game-concept","embeddable":true,"href":"https:\/\/testwebsite.citygame.com\/vi\/wp-json\/wp\/v2\/game-concept?post=53364"},{"taxonomy":"location","embeddable":true,"href":"https:\/\/testwebsite.citygame.com\/vi\/wp-json\/wp\/v2\/location?post=53364"},{"taxonomy":"product_brand","embeddable":true,"href":"https:\/\/testwebsite.citygame.com\/vi\/wp-json\/wp\/v2\/product_brand?post=53364"},{"taxonomy":"product_cat","embeddable":true,"href":"https:\/\/testwebsite.citygame.com\/vi\/wp-json\/wp\/v2\/product_cat?post=53364"},{"taxonomy":"product_tag","embeddable":true,"href":"https:\/\/testwebsite.citygame.com\/vi\/wp-json\/wp\/v2\/product_tag?post=53364"}],"curies":[{"name":"wp","href":"https:\/\/api.w.org\/{rel}","templated":true}]}}