{"id":53144,"date":"2026-02-03T16:11:48","date_gmt":"2026-02-03T16:11:48","guid":{"rendered":"https:\/\/testwebsite.citygame.com\/games\/unknown-location\/sherlock-holmes-leeuwarden\/"},"modified":"2026-04-07T16:17:38","modified_gmt":"2026-04-07T16:17:38","slug":"sherlock-holmes-leeuwarden","status":"publish","type":"product","link":"https:\/\/testwebsite.citygame.com\/vi\/games\/leeuwarden\/sherlock-holmes-leeuwarden\/","title":{"rendered":"Sherlock Holmes Leeuwarden"},"content":{"rendered":"<p>B\u01b0\u1edbc v\u00e0o th\u1ebf gi\u1edbi c\u1ee7a Sherlock Holmes v\u1edbi tr\u00f2 ch\u01a1i Th\u00e0nh ph\u1ed1 b\u00ed \u1ea9n t\u1ef1 kh\u00e1m ph\u00e1, \u0111\u1eadm ch\u1ea5t k\u1ec3 chuy\u1ec7n n\u00e0y, l\u1ea5y b\u1ed1i c\u1ea3nh t\u1ea1i trung t\u00e2m th\u00e0nh ph\u1ed1 l\u1ecbch s\u1eed Leeuwarden. Khi L\u1ec5 h\u1ed9i T\u1ef1 do h\u00f3a th\u00e0nh bi k\u1ecbch v\u1edbi m\u1ed9t v\u1ee5 \u00e1n m\u1ea1ng g\u00e2y s\u1ed1c, b\u1ea1n v\u00e0 nh\u1eefng th\u00e1m t\u1eed \u0111\u1ed3ng nghi\u1ec7p ph\u1ea3i \u0111\u1eafm m\u00ecnh v\u00e0o cu\u1ed9c \u0111i\u1ec1u tra \u0111ang di\u1ec5n ra\u2014thu th\u1eadp manh m\u1ed1i, gi\u1ea3i quy\u1ebft c\u00e1c c\u00e2u \u0111\u1ed1 ph\u1ee9c t\u1ea1p v\u00e0 th\u1ea9m v\u1ea5n c\u00e1c nghi ph\u1ea1m k\u1ef9 thu\u1eadt s\u1ed1 \u1ea9n kh\u1eafp th\u00e0nh ph\u1ed1. V\u1edbi s\u1ef1 t\u1ef1 do \u0111\u1ec3 ch\u01a1i theo t\u1ed1c \u0111\u1ed9 c\u1ee7a ri\u00eang b\u1ea1n, c\u00e1c \u0111\u01b0\u1eddng ph\u1ed1 c\u1ee7a Leeuwarden tr\u1edf th\u00e0nh b\u1ed1i c\u1ea3nh cho m\u1ed9t v\u1ee5 \u00e1n ly k\u1ef3, n\u01a1i m\u1ed7i b\u01b0\u1edbc ch\u00e2n d\u1eabn b\u1ea1n s\u00e2u h\u01a1n v\u00e0o b\u00ed \u1ea9n.<\/p>\n","protected":false},"excerpt":{"rendered":"<p>H\u00f3a th\u00e2n th\u00e0nh Sherlock Holmes trong m\u1ed9t v\u1ee5 \u00e1n m\u1ea1ng b\u00ed \u1ea9n h\u1ea5p d\u1eabn, t\u1ef1 kh\u00e1m ph\u00e1, di\u1ec5n ra t\u1ea1i Leeuwarden. Theo d\u1ea5u manh m\u1ed1i, gi\u1ea3i m\u00e3 c\u00e1c c\u00e2u \u0111\u1ed1 v\u00e0 h\u1ee3p t\u00e1c v\u1edbi \u0111\u1ed9i c\u1ee7a b\u1ea1n \u0111\u1ec3 kh\u00e1m ph\u00e1 s\u1ef1 th\u1eadt \u2013 th\u1eed th\u00e1ch \u0111ang ch\u1edd \u0111\u00f3n b\u1ea1n, h\u00e3y h\u00e0nh \u0111\u1ed9ng nhanh ch\u00f3ng!<\/p>\n","protected":false},"featured_media":9866,"template":"","meta":{"_acf_changed":false,"_yoast_wpseo_focuskw":"Sherlock Holmes Leeuwarden","_yoast_wpseo_metadesc":"Sherlock Holmes Leeuwarden. Ch\u01a1i m\u1ed9t tr\u00f2 ch\u01a1i Th\u00e0nh ph\u1ed1 gi\u1ea3i m\u00e3 b\u00ed \u1ea9n \u00e1n m\u1ea1ng t\u1ef1 kh\u00e1m ph\u00e1, gi\u1ea3i c\u00e1c c\u00e2u \u0111\u1ed1, theo d\u1ea5u manh m\u1ed1i v\u00e0 t\u00ecm ra k\u1ebb gi\u1ebft ng\u01b0\u1eddi theo t\u1ed1c \u0111\u1ed9 c\u1ee7a ri\u00eang b\u1ea1n!","_kad_blocks_custom_css":"","_kad_blocks_head_custom_js":"","_kad_blocks_body_custom_js":"","_kad_blocks_footer_custom_js":"","ghostkit_customizer_options":"","ghostkit_custom_css":"","ghostkit_custom_js_head":"","ghostkit_custom_js_foot":"","ghostkit_typography":"","_kad_post_transparent":"","_kad_post_title":"","_kad_post_layout":"","_kad_post_sidebar_id":"","_kad_post_content_style":"","_kad_post_vertical_padding":"","_kad_post_feature":"","_kad_post_feature_position":"","_kad_post_header":false,"_kad_post_footer":false,"_kad_post_classname":"","_links_to":"","_links_to_target":""},"game-concept":[794],"location":[238],"product_brand":[],"product_cat":[27],"product_tag":[],"class_list":{"0":"post-53144","1":"product","2":"type-product","3":"status-publish","4":"has-post-thumbnail","6":"game-concept-sherlock","7":"location-leeuwarden","8":"product_cat-geen-categorie","10":"first","11":"instock","12":"shipping-taxable","13":"purchasable","14":"product-type-simple","15":"entry","16":"content-bg","17":"loop-entry"},"acf":{"full_bokun_product_name":"Leeuwarden Self-Guided Sherlock Holmes Murder Mystery Game","location_name":"Leeuwarden","bokun_calendar_widget_code":"<script type=\"text\/javascript\" src=\"https:\/\/widgets.bokun.io\/assets\/javascripts\/apps\/build\/BokunWidgetsLoader.js?bookingChannelUUID=a1e93e96-5232-4734-a595-28405f4b5a31\" async><\/script>\n     \n    <div class=\"bokunWidget\" data-src=\"https:\/\/widgets.bokun.io\/online-sales\/a1e93e96-5232-4734-a595-28405f4b5a31\/experience-calendar\/723429\"><\/div>\n    <noscript>Please enable javascript in your browser to book<\/noscript>","bokun_button_widget_code":"<script type=\"text\/javascript\" src=\"https:\/\/widgets.bokun.io\/assets\/javascripts\/apps\/build\/BokunWidgetsLoader.js?bookingChannelUUID=a1e93e96-5232-4734-a595-28405f4b5a31\" async><\/script>\n      <style> #bokun_ed001e45_5927_4f62_b470_ca766338d083 { display: inline-block; padding: .4em 1em; background: #47b82e; border-radius: 999999px; box-shadow: none; font-weight: 600; font-size: 24px; text-decoration: none; text-align: center; color: #FFFFFF; border:none; cursor: pointer; transition: background .2s ease; } #bokun_ed001e45_5927_4f62_b470_ca766338d083:hover{ background: #2f7b1f; } #bokun_ed001e45_5927_4f62_b470_ca766338d083:active{ background: #378f24; } <\/style> <button class=\"bokunButton\" disabled id=bokun_ed001e45_5927_4f62_b470_ca766338d083 data-src=\"https:\/\/widgets.bokun.io\/online-sales\/a1e93e96-5232-4734-a595-28405f4b5a31\/experience-calendar\/723429?partialView=1\" data-testid=\"widget-book-button\" > Book now <\/button> ","what_you\u2019ll_experience_during_the_game":"B\u1ea1n b\u01b0\u1edbc v\u00e0o m\u1ed9t c\u00e2u chuy\u1ec7n trinh th\u00e1m ly k\u1ef3 l\u1ea5y b\u1ed1i c\u1ea3nh \u1edf Leeuwarden, n\u01a1i nh\u1eefng con ph\u1ed1 y\u00ean b\u00ecnh \u1ea9n ch\u1ee9a m\u1ed9t b\u00ed \u1ea9n \u0111en t\u1ed1i. Khi b\u1ea1n di chuy\u1ec3n kh\u1eafp th\u00e0nh ph\u1ed1, c\u00e2u chuy\u1ec7n d\u1ea7n h\u00e9 l\u1ed9 t\u1eebng l\u1edbp m\u1ed9t, l\u00f4i cu\u1ed1n b\u1ea1n v\u00e0o cu\u1ed9c \u0111i\u1ec1u tra v\u1ec1 m\u1ed9t v\u1ee5 \u00e1n m\u1ea1ng x\u1ea3y ra trong L\u1ec5 h\u1ed9i T\u1ef1 do. S\u1eed d\u1ee5ng \u0111i\u1ec7n tho\u1ea1i l\u00e0m s\u1ed5 tay ph\u00e1 \u00e1n, b\u1ea1n kh\u00e1m ph\u00e1 nh\u1eefng manh m\u1ed1i \u1ea9n gi\u1ea5u, gi\u1ea3i quy\u1ebft c\u00e1c c\u00e2u \u0111\u1ed1 ph\u1ee9c t\u1ea1p v\u00e0 \u0111\u1ed1i m\u1eb7t v\u1edbi nh\u1eefng t\u00ecnh ti\u1ebft b\u1ea5t ng\u1edd th\u00e1ch th\u1ee9c b\u1ea3n n\u0103ng th\u00e1m t\u1eed c\u1ee7a b\u1ea1n.\n\nB\u1ea1n th\u1ea9m v\u1ea5n c\u00e1c nghi ph\u1ea1m k\u1ef9 thu\u1eadt s\u1ed1, ph\u00e2n t\u00edch c\u00e1c b\u1eb1ng ch\u1ee9ng ngo\u1ea1i ph\u1ea1m m\u00e2u thu\u1eabn v\u00e0 gh\u00e9p n\u1ed1i c\u00e1c d\u00f2ng th\u1eddi gian \u0111\u1ec3 kh\u00e1m ph\u00e1 ai \u0111ang n\u00f3i d\u1ed1i v\u00e0 t\u1ea1i sao. M\u1ed7i quy\u1ebft \u0111\u1ecbnh s\u1ebd m\u00e0i gi\u0169a k\u1ef9 n\u0103ng t\u01b0 duy ph\u1ea3n bi\u1ec7n, quan s\u00e1t v\u00e0 suy lu\u1eadn c\u1ee7a b\u1ea1n, l\u00e0m cho vai tr\u00f2 c\u1ee7a b\u1ea1n trong cu\u1ed9c \u0111i\u1ec1u tra tr\u1edf n\u00ean c\u1ef1c k\u1ef3 quan tr\u1ecdng. Tr\u1ea3i nghi\u1ec7m n\u00e0y ho\u00e0n to\u00e0n d\u1ef1a tr\u00ean c\u1ed1t truy\u1ec7n v\u00e0 cho ph\u00e9p b\u1ea1n ch\u01a1i theo t\u1ed1c \u0111\u1ed9 c\u1ee7a ri\u00eang m\u00ecnh, v\u1edbi s\u1ef1 t\u1ef1 do t\u1ea1m d\u1eebng v\u00e0 ti\u1ebfp t\u1ee5c b\u1ea5t c\u1ee9 khi n\u00e0o b\u1ea1n mu\u1ed1n. N\u1ebfu b\u1ea1n \u0111ang ch\u01a1i theo nh\u00f3m, y\u1ebfu t\u1ed1 c\u1ea1nh tranh s\u1ebd t\u1ea1o th\u00eam \u00e1p l\u1ef1c \u0111\u1ec3 gi\u1ea3i quy\u1ebft v\u1ee5 \u00e1n hi\u1ec7u qu\u1ea3 nh\u1ea5t c\u00f3 th\u1ec3.","how_to_play":"Ch\u01a1i m\u1ed9t m\u00ecnh ho\u1eb7c v\u1edbi b\u1ea1n b\u00e8, gia \u0111\u00ecnh, ho\u1eb7c \u0111\u1ed3ng nghi\u1ec7p trong c\u00e1c nh\u00f3m t\u1ed1i \u0111a b\u1ed1n ng\u01b0\u1eddi m\u1ed7i thi\u1ebft b\u1ecb. Sau khi \u0111\u1eb7t ch\u1ed7, b\u1ea1n s\u1ebd nh\u1eadn \u0111\u01b0\u1ee3c m\u1ed9t email h\u01b0\u1edbng d\u1eabn v\u1edbi m\u1ecdi th\u1ee9 b\u1ea1n c\u1ea7n.","start_location":"Leeuwarden, Waagplein","available_languages":["en","es","fr","de","it","nl"],"players_per_group":"1-4","duration":"1.5-2 hours","image_overlay_color_image":"https:\/\/testwebsite.citygame.com\/wp-content\/blogs.dir\/1\/files\/sites\/62\/2026\/01\/SherlockColor.svg","image_overlay_game_logo":"https:\/\/testwebsite.citygame.com\/wp-content\/blogs.dir\/1\/files\/sites\/62\/2026\/01\/SherlockLogo.png","city_page":4432,"woocommerce_general_content":null},"yoast_head":"<!-- This site is optimized with the Yoast SEO Premium plugin v26.2 (Yoast SEO v26.3) - https:\/\/yoast.com\/wordpress\/plugins\/seo\/ -->\n<title>Sherlock Holmes Leeuwarden - City Game<\/title>\n<meta name=\"description\" content=\"Sherlock Holmes Leeuwarden. Ch\u01a1i m\u1ed9t tr\u00f2 ch\u01a1i Th\u00e0nh ph\u1ed1 gi\u1ea3i m\u00e3 b\u00ed \u1ea9n \u00e1n m\u1ea1ng t\u1ef1 kh\u00e1m ph\u00e1, gi\u1ea3i c\u00e1c c\u00e2u \u0111\u1ed1, theo d\u1ea5u manh m\u1ed1i v\u00e0 t\u00ecm ra k\u1ebb gi\u1ebft ng\u01b0\u1eddi theo t\u1ed1c \u0111\u1ed9 c\u1ee7a ri\u00eang b\u1ea1n!\" \/>\n<meta name=\"robots\" content=\"noindex, follow, max-snippet:-1, max-image-preview:large, max-video-preview:-1\" \/>\n<meta property=\"og:locale\" content=\"vi_VN\" \/>\n<meta property=\"og:type\" content=\"article\" \/>\n<meta property=\"og:title\" content=\"Sherlock Holmes Leeuwarden\" \/>\n<meta property=\"og:description\" content=\"Sherlock Holmes Leeuwarden. Ch\u01a1i m\u1ed9t tr\u00f2 ch\u01a1i Th\u00e0nh ph\u1ed1 gi\u1ea3i m\u00e3 b\u00ed \u1ea9n \u00e1n m\u1ea1ng t\u1ef1 kh\u00e1m ph\u00e1, gi\u1ea3i c\u00e1c c\u00e2u \u0111\u1ed1, theo d\u1ea5u manh m\u1ed1i v\u00e0 t\u00ecm ra k\u1ebb gi\u1ebft ng\u01b0\u1eddi theo t\u1ed1c \u0111\u1ed9 c\u1ee7a ri\u00eang b\u1ea1n!\" \/>\n<meta property=\"og:url\" content=\"https:\/\/testwebsite.citygame.com\/vi\/games\/leeuwarden\/sherlock-holmes-leeuwarden\/\" \/>\n<meta property=\"og:site_name\" content=\"City Game\" \/>\n<meta property=\"article:publisher\" content=\"https:\/\/www.facebook.com\/profile.php?id=100086426226253\" \/>\n<meta property=\"article:modified_time\" content=\"2026-04-07T16:17:38+00:00\" \/>\n<meta property=\"og:image\" content=\"https:\/\/testwebsite.citygame.com\/wp-content\/blogs.dir\/1\/files\/sites\/62\/2026\/02\/woman-playing-city-game-on-phone-in-leeuwarden.jpg\" \/>\n\t<meta property=\"og:image:width\" content=\"1344\" \/>\n\t<meta property=\"og:image:height\" content=\"768\" \/>\n\t<meta property=\"og:image:type\" content=\"image\/jpeg\" \/>\n<meta name=\"twitter:card\" content=\"summary_large_image\" \/>\n<meta name=\"twitter:label1\" content=\"\u01af\u1edbc t\u00ednh th\u1eddi gian \u0111\u1ecdc\" \/>\n\t<meta name=\"twitter:data1\" content=\"1 ph\u00fat\" \/>\n<script type=\"application\/ld+json\" class=\"yoast-schema-graph\">{\"@context\":\"https:\/\/schema.org\",\"@graph\":[{\"@type\":\"WebPage\",\"@id\":\"https:\/\/testwebsite.citygame.com\/vi\/games\/leeuwarden\/sherlock-holmes-leeuwarden\/\",\"url\":\"https:\/\/testwebsite.citygame.com\/vi\/games\/leeuwarden\/sherlock-holmes-leeuwarden\/\",\"name\":\"Sherlock Holmes Leeuwarden - City Game\",\"isPartOf\":{\"@id\":\"https:\/\/testwebsite.upevents.nl\/#website\"},\"primaryImageOfPage\":{\"@id\":\"https:\/\/testwebsite.citygame.com\/vi\/games\/leeuwarden\/sherlock-holmes-leeuwarden\/#primaryimage\"},\"image\":{\"@id\":\"https:\/\/testwebsite.citygame.com\/vi\/games\/leeuwarden\/sherlock-holmes-leeuwarden\/#primaryimage\"},\"thumbnailUrl\":\"https:\/\/testwebsite.citygame.com\/wp-content\/blogs.dir\/1\/files\/sites\/62\/2026\/02\/woman-playing-city-game-on-phone-in-leeuwarden.jpg\",\"datePublished\":\"2026-02-03T16:11:48+00:00\",\"dateModified\":\"2026-04-07T16:17:38+00:00\",\"description\":\"Sherlock Holmes Leeuwarden. Ch\u01a1i m\u1ed9t tr\u00f2 ch\u01a1i Th\u00e0nh ph\u1ed1 gi\u1ea3i m\u00e3 b\u00ed \u1ea9n \u00e1n m\u1ea1ng t\u1ef1 kh\u00e1m ph\u00e1, gi\u1ea3i c\u00e1c c\u00e2u \u0111\u1ed1, theo d\u1ea5u manh m\u1ed1i v\u00e0 t\u00ecm ra k\u1ebb gi\u1ebft ng\u01b0\u1eddi theo t\u1ed1c \u0111\u1ed9 c\u1ee7a ri\u00eang b\u1ea1n!\",\"breadcrumb\":{\"@id\":\"https:\/\/testwebsite.citygame.com\/vi\/games\/leeuwarden\/sherlock-holmes-leeuwarden\/#breadcrumb\"},\"inLanguage\":\"vi\",\"potentialAction\":[{\"@type\":\"ReadAction\",\"target\":[\"https:\/\/testwebsite.citygame.com\/vi\/games\/leeuwarden\/sherlock-holmes-leeuwarden\/\"]}]},{\"@type\":\"ImageObject\",\"inLanguage\":\"vi\",\"@id\":\"https:\/\/testwebsite.citygame.com\/vi\/games\/leeuwarden\/sherlock-holmes-leeuwarden\/#primaryimage\",\"url\":\"https:\/\/testwebsite.citygame.com\/wp-content\/blogs.dir\/1\/files\/sites\/62\/2026\/02\/woman-playing-city-game-on-phone-in-leeuwarden.jpg\",\"contentUrl\":\"https:\/\/testwebsite.citygame.com\/wp-content\/blogs.dir\/1\/files\/sites\/62\/2026\/02\/woman-playing-city-game-on-phone-in-leeuwarden.jpg\",\"width\":1344,\"height\":768,\"caption\":\"A visitor uses her smartphone to play an interactive city game in the streets of Leeuwarden.\"},{\"@type\":\"BreadcrumbList\",\"@id\":\"https:\/\/testwebsite.citygame.com\/vi\/games\/leeuwarden\/sherlock-holmes-leeuwarden\/#breadcrumb\",\"itemListElement\":[{\"@type\":\"ListItem\",\"position\":1,\"name\":\"Home\",\"item\":\"https:\/\/testwebsite.citygame.com\/vi\/\"},{\"@type\":\"ListItem\",\"position\":2,\"name\":\"Shop\",\"item\":\"https:\/\/testwebsite.citygame.com\/shop\/\"},{\"@type\":\"ListItem\",\"position\":3,\"name\":\"Sherlock Holmes Leeuwarden\"}]},{\"@type\":\"WebSite\",\"@id\":\"https:\/\/testwebsite.upevents.nl\/#website\",\"url\":\"https:\/\/testwebsite.upevents.nl\/\",\"name\":\"City Game\",\"description\":\"\",\"publisher\":{\"@id\":\"https:\/\/testwebsite.upevents.nl\/#organization\"},\"alternateName\":\"citygame.com\",\"potentialAction\":[{\"@type\":\"SearchAction\",\"target\":{\"@type\":\"EntryPoint\",\"urlTemplate\":\"https:\/\/testwebsite.upevents.nl\/?s={search_term_string}\"},\"query-input\":{\"@type\":\"PropertyValueSpecification\",\"valueRequired\":true,\"valueName\":\"search_term_string\"}}],\"inLanguage\":\"vi\"},{\"@type\":[\"Organization\",\"Place\"],\"@id\":\"https:\/\/testwebsite.upevents.nl\/#organization\",\"name\":\"City Game\",\"alternateName\":\"citygame.com\",\"url\":\"https:\/\/testwebsite.upevents.nl\/\",\"logo\":{\"@id\":\"https:\/\/testwebsite.citygame.com\/vi\/games\/leeuwarden\/sherlock-holmes-leeuwarden\/#local-main-organization-logo\"},\"image\":{\"@id\":\"https:\/\/testwebsite.citygame.com\/vi\/games\/leeuwarden\/sherlock-holmes-leeuwarden\/#local-main-organization-logo\"},\"sameAs\":[\"https:\/\/www.facebook.com\/profile.php?id=100086426226253\",\"https:\/\/www.instagram.com\/citygame_com\",\"https:\/\/www.tiktok.com\/@citygamecom\/\",\"https:\/\/www.linkedin.com\/company\/citygame-com\"],\"description\":\"Turn any city into a playground with our interactive City Games and self-guided tours. Fun, flexible, and ideal for groups and team building.\",\"telephone\":[],\"openingHoursSpecification\":[{\"@type\":\"OpeningHoursSpecification\",\"dayOfWeek\":[\"Monday\",\"Tuesday\",\"Wednesday\",\"Thursday\",\"Friday\",\"Saturday\",\"Sunday\"],\"opens\":\"09:00\",\"closes\":\"17:00\"}]},{\"@type\":\"ImageObject\",\"inLanguage\":\"vi\",\"@id\":\"https:\/\/testwebsite.citygame.com\/vi\/games\/leeuwarden\/sherlock-holmes-leeuwarden\/#local-main-organization-logo\",\"url\":\"https:\/\/testwebsite.citygame.com\/wp-content\/blogs.dir\/1\/files\/sites\/62\/2025\/10\/CG_LOGO-City-Game.png\",\"contentUrl\":\"https:\/\/testwebsite.citygame.com\/wp-content\/blogs.dir\/1\/files\/sites\/62\/2025\/10\/CG_LOGO-City-Game.png\",\"width\":351,\"height\":377,\"caption\":\"City Game\"}]}<\/script>\n<!-- \/ Yoast SEO Premium plugin. -->","yoast_head_json":{"title":"Sherlock Holmes Leeuwarden - City Game","description":"Sherlock Holmes Leeuwarden. Ch\u01a1i m\u1ed9t tr\u00f2 ch\u01a1i Th\u00e0nh ph\u1ed1 gi\u1ea3i m\u00e3 b\u00ed \u1ea9n \u00e1n m\u1ea1ng t\u1ef1 kh\u00e1m ph\u00e1, gi\u1ea3i c\u00e1c c\u00e2u \u0111\u1ed1, theo d\u1ea5u manh m\u1ed1i v\u00e0 t\u00ecm ra k\u1ebb gi\u1ebft ng\u01b0\u1eddi theo t\u1ed1c \u0111\u1ed9 c\u1ee7a ri\u00eang b\u1ea1n!","robots":{"index":"noindex","follow":"follow","max-snippet":"max-snippet:-1","max-image-preview":"max-image-preview:large","max-video-preview":"max-video-preview:-1"},"og_locale":"vi_VN","og_type":"article","og_title":"Sherlock Holmes Leeuwarden","og_description":"Sherlock Holmes Leeuwarden. Ch\u01a1i m\u1ed9t tr\u00f2 ch\u01a1i Th\u00e0nh ph\u1ed1 gi\u1ea3i m\u00e3 b\u00ed \u1ea9n \u00e1n m\u1ea1ng t\u1ef1 kh\u00e1m ph\u00e1, gi\u1ea3i c\u00e1c c\u00e2u \u0111\u1ed1, theo d\u1ea5u manh m\u1ed1i v\u00e0 t\u00ecm ra k\u1ebb gi\u1ebft ng\u01b0\u1eddi theo t\u1ed1c \u0111\u1ed9 c\u1ee7a ri\u00eang b\u1ea1n!","og_url":"https:\/\/testwebsite.citygame.com\/vi\/games\/leeuwarden\/sherlock-holmes-leeuwarden\/","og_site_name":"City Game","article_publisher":"https:\/\/www.facebook.com\/profile.php?id=100086426226253","article_modified_time":"2026-04-07T16:17:38+00:00","og_image":[{"width":1344,"height":768,"url":"https:\/\/testwebsite.citygame.com\/wp-content\/blogs.dir\/1\/files\/sites\/62\/2026\/02\/woman-playing-city-game-on-phone-in-leeuwarden.jpg","type":"image\/jpeg"}],"twitter_card":"summary_large_image","twitter_misc":{"\u01af\u1edbc t\u00ednh th\u1eddi gian \u0111\u1ecdc":"1 ph\u00fat"},"schema":{"@context":"https:\/\/schema.org","@graph":[{"@type":"WebPage","@id":"https:\/\/testwebsite.citygame.com\/vi\/games\/leeuwarden\/sherlock-holmes-leeuwarden\/","url":"https:\/\/testwebsite.citygame.com\/vi\/games\/leeuwarden\/sherlock-holmes-leeuwarden\/","name":"Sherlock Holmes Leeuwarden - City Game","isPartOf":{"@id":"https:\/\/testwebsite.upevents.nl\/#website"},"primaryImageOfPage":{"@id":"https:\/\/testwebsite.citygame.com\/vi\/games\/leeuwarden\/sherlock-holmes-leeuwarden\/#primaryimage"},"image":{"@id":"https:\/\/testwebsite.citygame.com\/vi\/games\/leeuwarden\/sherlock-holmes-leeuwarden\/#primaryimage"},"thumbnailUrl":"https:\/\/testwebsite.citygame.com\/wp-content\/blogs.dir\/1\/files\/sites\/62\/2026\/02\/woman-playing-city-game-on-phone-in-leeuwarden.jpg","datePublished":"2026-02-03T16:11:48+00:00","dateModified":"2026-04-07T16:17:38+00:00","description":"Sherlock Holmes Leeuwarden. Ch\u01a1i m\u1ed9t tr\u00f2 ch\u01a1i Th\u00e0nh ph\u1ed1 gi\u1ea3i m\u00e3 b\u00ed \u1ea9n \u00e1n m\u1ea1ng t\u1ef1 kh\u00e1m ph\u00e1, gi\u1ea3i c\u00e1c c\u00e2u \u0111\u1ed1, theo d\u1ea5u manh m\u1ed1i v\u00e0 t\u00ecm ra k\u1ebb gi\u1ebft ng\u01b0\u1eddi theo t\u1ed1c \u0111\u1ed9 c\u1ee7a ri\u00eang b\u1ea1n!","breadcrumb":{"@id":"https:\/\/testwebsite.citygame.com\/vi\/games\/leeuwarden\/sherlock-holmes-leeuwarden\/#breadcrumb"},"inLanguage":"vi","potentialAction":[{"@type":"ReadAction","target":["https:\/\/testwebsite.citygame.com\/vi\/games\/leeuwarden\/sherlock-holmes-leeuwarden\/"]}]},{"@type":"ImageObject","inLanguage":"vi","@id":"https:\/\/testwebsite.citygame.com\/vi\/games\/leeuwarden\/sherlock-holmes-leeuwarden\/#primaryimage","url":"https:\/\/testwebsite.citygame.com\/wp-content\/blogs.dir\/1\/files\/sites\/62\/2026\/02\/woman-playing-city-game-on-phone-in-leeuwarden.jpg","contentUrl":"https:\/\/testwebsite.citygame.com\/wp-content\/blogs.dir\/1\/files\/sites\/62\/2026\/02\/woman-playing-city-game-on-phone-in-leeuwarden.jpg","width":1344,"height":768,"caption":"A visitor uses her smartphone to play an interactive city game in the streets of Leeuwarden."},{"@type":"BreadcrumbList","@id":"https:\/\/testwebsite.citygame.com\/vi\/games\/leeuwarden\/sherlock-holmes-leeuwarden\/#breadcrumb","itemListElement":[{"@type":"ListItem","position":1,"name":"Home","item":"https:\/\/testwebsite.citygame.com\/vi\/"},{"@type":"ListItem","position":2,"name":"Shop","item":"https:\/\/testwebsite.citygame.com\/shop\/"},{"@type":"ListItem","position":3,"name":"Sherlock Holmes Leeuwarden"}]},{"@type":"WebSite","@id":"https:\/\/testwebsite.upevents.nl\/#website","url":"https:\/\/testwebsite.upevents.nl\/","name":"City Game","description":"","publisher":{"@id":"https:\/\/testwebsite.upevents.nl\/#organization"},"alternateName":"citygame.com","potentialAction":[{"@type":"SearchAction","target":{"@type":"EntryPoint","urlTemplate":"https:\/\/testwebsite.upevents.nl\/?s={search_term_string}"},"query-input":{"@type":"PropertyValueSpecification","valueRequired":true,"valueName":"search_term_string"}}],"inLanguage":"vi"},{"@type":["Organization","Place"],"@id":"https:\/\/testwebsite.upevents.nl\/#organization","name":"City Game","alternateName":"citygame.com","url":"https:\/\/testwebsite.upevents.nl\/","logo":{"@id":"https:\/\/testwebsite.citygame.com\/vi\/games\/leeuwarden\/sherlock-holmes-leeuwarden\/#local-main-organization-logo"},"image":{"@id":"https:\/\/testwebsite.citygame.com\/vi\/games\/leeuwarden\/sherlock-holmes-leeuwarden\/#local-main-organization-logo"},"sameAs":["https:\/\/www.facebook.com\/profile.php?id=100086426226253","https:\/\/www.instagram.com\/citygame_com","https:\/\/www.tiktok.com\/@citygamecom\/","https:\/\/www.linkedin.com\/company\/citygame-com"],"description":"Turn any city into a playground with our interactive City Games and self-guided tours. Fun, flexible, and ideal for groups and team building.","telephone":[],"openingHoursSpecification":[{"@type":"OpeningHoursSpecification","dayOfWeek":["Monday","Tuesday","Wednesday","Thursday","Friday","Saturday","Sunday"],"opens":"09:00","closes":"17:00"}]},{"@type":"ImageObject","inLanguage":"vi","@id":"https:\/\/testwebsite.citygame.com\/vi\/games\/leeuwarden\/sherlock-holmes-leeuwarden\/#local-main-organization-logo","url":"https:\/\/testwebsite.citygame.com\/wp-content\/blogs.dir\/1\/files\/sites\/62\/2025\/10\/CG_LOGO-City-Game.png","contentUrl":"https:\/\/testwebsite.citygame.com\/wp-content\/blogs.dir\/1\/files\/sites\/62\/2025\/10\/CG_LOGO-City-Game.png","width":351,"height":377,"caption":"City Game"}]}},"taxonomy_info":{"game-concept":[{"value":794,"label":"Sherlock"}],"location":[{"value":238,"label":"Leeuwarden"}],"product_cat":[{"value":27,"label":"Geen categorie"}]},"featured_image_src_large":["https:\/\/testwebsite.citygame.com\/wp-content\/blogs.dir\/1\/files\/sites\/62\/2026\/02\/woman-playing-city-game-on-phone-in-leeuwarden-1024x585.jpg",1024,585,true],"author_info":[],"comment_info":"","_links":{"self":[{"href":"https:\/\/testwebsite.citygame.com\/vi\/wp-json\/wp\/v2\/product\/53144","targetHints":{"allow":["GET"]}}],"collection":[{"href":"https:\/\/testwebsite.citygame.com\/vi\/wp-json\/wp\/v2\/product"}],"about":[{"href":"https:\/\/testwebsite.citygame.com\/vi\/wp-json\/wp\/v2\/types\/product"}],"acf:post":[{"embeddable":true,"href":"https:\/\/testwebsite.citygame.com\/vi\/wp-json\/wp\/v2\/pages\/4432"}],"wp:featuredmedia":[{"embeddable":true,"href":"https:\/\/testwebsite.citygame.com\/vi\/wp-json\/wp\/v2\/media\/9866"}],"wp:attachment":[{"href":"https:\/\/testwebsite.citygame.com\/vi\/wp-json\/wp\/v2\/media?parent=53144"}],"wp:term":[{"taxonomy":"game-concept","embeddable":true,"href":"https:\/\/testwebsite.citygame.com\/vi\/wp-json\/wp\/v2\/game-concept?post=53144"},{"taxonomy":"location","embeddable":true,"href":"https:\/\/testwebsite.citygame.com\/vi\/wp-json\/wp\/v2\/location?post=53144"},{"taxonomy":"product_brand","embeddable":true,"href":"https:\/\/testwebsite.citygame.com\/vi\/wp-json\/wp\/v2\/product_brand?post=53144"},{"taxonomy":"product_cat","embeddable":true,"href":"https:\/\/testwebsite.citygame.com\/vi\/wp-json\/wp\/v2\/product_cat?post=53144"},{"taxonomy":"product_tag","embeddable":true,"href":"https:\/\/testwebsite.citygame.com\/vi\/wp-json\/wp\/v2\/product_tag?post=53144"}],"curies":[{"name":"wp","href":"https:\/\/api.w.org\/{rel}","templated":true}]}}