{"id":52775,"date":"2026-02-03T15:29:30","date_gmt":"2026-02-03T15:29:30","guid":{"rendered":"https:\/\/testwebsite.citygame.com\/games\/unknown-location\/sherlock-holmes-rotterdam\/"},"modified":"2026-04-07T15:31:40","modified_gmt":"2026-04-07T15:31:40","slug":"sherlock-holmes-rotterdam","status":"publish","type":"product","link":"https:\/\/testwebsite.citygame.com\/vi\/games\/rotterdam\/sherlock-holmes-rotterdam\/","title":{"rendered":"Sherlock Holmes Rotterdam"},"content":{"rendered":"<p>B\u01b0\u1edbc v\u00e0o th\u1ebf gi\u1edbi c\u1ee7a Sherlock Holmes v\u1edbi tr\u00f2 ch\u01a1i Th\u00e0nh ph\u1ed1 Game gi\u1ea3i m\u00e3 \u00e1n m\u1ea1ng b\u00ed \u1ea9n t\u1ef1 d\u1eabn d\u1eaft, gi\u00e0u c\u1ed1t truy\u1ec7n n\u00e0y, l\u1ea5y b\u1ed1i c\u1ea3nh t\u1ea1i trung t\u00e2m th\u00e0nh ph\u1ed1 Rotterdam. V\u1edbi vai tr\u00f2 th\u00e1m t\u1eed, ng\u01b0\u1eddi ch\u01a1i s\u1ebd kh\u00e1m ph\u00e1 c\u1ea3nh quan \u0111\u00f4 th\u1ecb trong khi \u0111i\u1ec1u tra m\u1ed9t v\u1ee5 \u00e1n r\u00f9ng r\u1ee3n: m\u1ed9t v\u1ee5 gi\u1ebft ng\u01b0\u1eddi x\u1ea3y ra trong L\u1ec5 h\u1ed9i T\u1ef1 do (Liberty Festival). Theo d\u00f5i m\u1ed9t c\u00e2u chuy\u1ec7n \u0111ang d\u1ea7n h\u00e9 m\u1edf, b\u1ea1n s\u1ebd thu th\u1eadp manh m\u1ed1i, gi\u1ea3i quy\u1ebft c\u00e1c c\u00e2u \u0111\u1ed1 ph\u1ee9c t\u1ea1p v\u00e0 th\u1ea9m v\u1ea5n c\u00e1c nghi ph\u1ea1m k\u1ef9 thu\u1eadt s\u1ed1 theo t\u1ed1c \u0111\u1ed9 c\u1ee7a ri\u00eang m\u00ecnh, ho\u00e0n to\u00e0n \u0111\u1eafm ch\u00ecm v\u00e0o m\u1ed9t cu\u1ed9c \u0111i\u1ec1u tra ly k\u1ef3 \u0111\u01b0\u1ee3c \u0111\u1ecbnh h\u00ecnh b\u1edfi c\u00e1c quy\u1ebft \u0111\u1ecbnh c\u1ee7a b\u1ea1n.<\/p>\n","protected":false},"excerpt":{"rendered":"<p>H\u00f3a th\u00e2n v\u00e0o vai th\u00e1m t\u1eed l\u1eebng danh Sherlock Holmes, \u0111\u1eafm m\u00ecnh v\u00e0o m\u1ed9t cu\u1ed9c \u0111i\u1ec1u tra \u00e1n m\u1ea1ng b\u00ed \u1ea9n t\u1ef1 d\u1eabn d\u1eaft, kh\u00e1m ph\u00e1 th\u00e0nh ph\u1ed1 Rotterdam \u0111\u1ea7y m\u00ea ho\u1eb7c. Theo d\u00f5i c\u00e1c manh m\u1ed1i kh\u00f3 hi\u1ec3u, gi\u1ea3i m\u00e3 nh\u1eefng c\u00e2u \u0111\u1ed1 h\u00f3c b\u00faa v\u00e0 c\u00f9ng v\u1edbi \u0111\u1ed9i c\u1ee7a b\u1ea1n, v\u00e9n m\u00e0n s\u1ef1 th\u1eadt b\u1ecb che gi\u1ea5u tr\u01b0\u1edbc khi th\u1eddi gian tr\u00f4i \u0111i!<\/p>\n","protected":false},"featured_media":9818,"template":"","meta":{"_acf_changed":false,"_yoast_wpseo_focuskw":"Sherlock Holmes Rotterdam","_yoast_wpseo_metadesc":"Sherlock Holmes Rotterdam. Ch\u01a1i m\u1ed9t tr\u00f2 ch\u01a1i Th\u00e0nh ph\u1ed1 City Game gi\u1ea3i m\u00e3 \u00e1n m\u1ea1ng b\u00ed \u1ea9n t\u1ef1 d\u1eabn d\u1eaft, gi\u1ea3i c\u00e2u \u0111\u1ed1, theo d\u00f5i manh m\u1ed1i v\u00e0 t\u00ecm ra hung th\u1ee7 theo t\u1ed1c \u0111\u1ed9 c\u1ee7a ri\u00eang b\u1ea1n!","_kad_blocks_custom_css":"","_kad_blocks_head_custom_js":"","_kad_blocks_body_custom_js":"","_kad_blocks_footer_custom_js":"","ghostkit_customizer_options":"","ghostkit_custom_css":"","ghostkit_custom_js_head":"","ghostkit_custom_js_foot":"","ghostkit_typography":"","_kad_post_transparent":"","_kad_post_title":"","_kad_post_layout":"","_kad_post_sidebar_id":"","_kad_post_content_style":"","_kad_post_vertical_padding":"","_kad_post_feature":"","_kad_post_feature_position":"","_kad_post_header":false,"_kad_post_footer":false,"_kad_post_classname":"","_links_to":"","_links_to_target":""},"game-concept":[794],"location":[348],"product_brand":[],"product_cat":[27],"product_tag":[],"class_list":{"0":"post-52775","1":"product","2":"type-product","3":"status-publish","4":"has-post-thumbnail","6":"game-concept-sherlock","7":"location-rotterdam","8":"product_cat-geen-categorie","10":"first","11":"instock","12":"shipping-taxable","13":"purchasable","14":"product-type-simple","15":"entry","16":"content-bg","17":"loop-entry"},"acf":{"full_bokun_product_name":"Rotterdam Self-Guided Sherlock Holmes Murder Mystery Game","location_name":"Rotterdam","bokun_calendar_widget_code":"<script type=\"text\/javascript\" src=\"https:\/\/widgets.bokun.io\/assets\/javascripts\/apps\/build\/BokunWidgetsLoader.js?bookingChannelUUID=a1e93e96-5232-4734-a595-28405f4b5a31\" async><\/script>\n     \n    <div class=\"bokunWidget\" data-src=\"https:\/\/widgets.bokun.io\/online-sales\/a1e93e96-5232-4734-a595-28405f4b5a31\/experience-calendar\/719490\"><\/div>\n    <noscript>Please enable javascript in your browser to book<\/noscript>","bokun_button_widget_code":"<script type=\"text\/javascript\" src=\"https:\/\/widgets.bokun.io\/assets\/javascripts\/apps\/build\/BokunWidgetsLoader.js?bookingChannelUUID=a1e93e96-5232-4734-a595-28405f4b5a31\" async><\/script>\n      <style> #bokun_ed001e45_5927_4f62_b470_ca766338d083 { display: inline-block; padding: .4em 1em; background: #47b82e; border-radius: 999999px; box-shadow: none; font-weight: 600; font-size: 24px; text-decoration: none; text-align: center; color: #FFFFFF; border:none; cursor: pointer; transition: background .2s ease; } #bokun_ed001e45_5927_4f62_b470_ca766338d083:hover{ background: #2f7b1f; } #bokun_ed001e45_5927_4f62_b470_ca766338d083:active{ background: #378f24; } <\/style> <button class=\"bokunButton\" disabled id=bokun_ed001e45_5927_4f62_b470_ca766338d083 data-src=\"https:\/\/widgets.bokun.io\/online-sales\/a1e93e96-5232-4734-a595-28405f4b5a31\/experience-calendar\/719490?partialView=1\" data-testid=\"widget-book-button\" > Book now <\/button> ","what_you\u2019ll_experience_during_the_game":"B\u01b0\u1edbc v\u00e0o m\u1ed9t c\u00e2u chuy\u1ec7n trinh th\u00e1m h\u1ea5p d\u1eabn l\u1ea5y b\u1ed1i c\u1ea3nh t\u1ea1i trung t\u00e2m Rotterdam, n\u01a1i m\u1ed7i con ph\u1ed1 \u0111\u1ec1u \u1ea9n ch\u1ee9a m\u1ed9t b\u00ed m\u1eadt v\u00e0 m\u1ed7i g\u00f3c \u0111\u01b0\u1eddng c\u00f3 th\u1ec3 h\u00e9 l\u1ed9 manh m\u1ed1i ti\u1ebfp theo c\u1ee7a b\u1ea1n. Khi b\u1ea1n \u0111i s\u00e2u h\u01a1n v\u00e0o cu\u1ed9c \u0111i\u1ec1u tra, c\u00e2u chuy\u1ec7n s\u1ebd d\u1ea7n m\u1edf ra xung quanh b\u1ea1n, cu\u1ed1n b\u1ea1n v\u00e0o m\u1ed9t b\u00ed \u1ea9n nhi\u1ec1u l\u1edbp xoay quanh m\u1ed9t v\u1ee5 gi\u1ebft ng\u01b0\u1eddi g\u00e2y s\u1ed1c trong L\u1ec5 h\u1ed9i T\u1ef1 do (Liberty Festival). B\u1ea1n kh\u00f4ng ch\u1ec9 \u0111i theo m\u1ed9t d\u1ea5u v\u1ebft \u2013 b\u1ea1n \u0111ang t\u1ef1 t\u1ea1o ra n\u00f3, s\u1eed d\u1ee5ng k\u1ef9 n\u0103ng quan s\u00e1t, suy lu\u1eadn v\u00e0 t\u01b0 duy ph\u1ea3n bi\u1ec7n c\u1ee7a m\u00ecnh \u0111\u1ec3 kh\u00e1m ph\u00e1 nh\u1eefng g\u00ec ng\u01b0\u1eddi kh\u00e1c \u0111\u00e3 b\u1ecf l\u1ee1.\n\nGi\u1ea3i quy\u1ebft nh\u1eefng c\u00e2u \u0111\u1ed1 h\u00f3c b\u00faa, th\u1ea9m v\u1ea5n c\u00e1c nghi ph\u1ea1m k\u1ef9 thu\u1eadt s\u1ed1 v\u00e0 s\u00e0ng l\u1ecdc nh\u1eefng l\u1eddi khai m\u00e2u thu\u1eabn khi b\u1ea1n kh\u00e1m ph\u00e1 c\u00e1c m\u1ed1i li\u00ean h\u1ec7 \u1ea9n gi\u1ea5u. M\u1ed7i ti\u1ebft l\u1ed9 \u0111\u01b0a b\u1ea1n \u0111\u1ebfn g\u1ea7n h\u01a1n v\u1edbi s\u1ef1 th\u1eadt, nh\u01b0ng h\u00e3y chu\u1ea9n b\u1ecb cho nh\u1eefng b\u01b0\u1edbc ngo\u1eb7t b\u1ea5t ng\u1edd th\u00e1ch th\u1ee9c b\u1ea3n n\u0103ng c\u1ee7a b\u1ea1n v\u00e0 gi\u1eef cho v\u1ee5 \u00e1n lu\u00f4n r\u1ed9ng m\u1edf. Tr\u1ea3i nghi\u1ec7m n\u00e0y ho\u00e0n to\u00e0n d\u1ef1a tr\u00ean c\u1ed1t truy\u1ec7n, cho ph\u00e9p b\u1ea1n ch\u01a1i theo t\u1ed1c \u0111\u1ed9 c\u1ee7a ri\u00eang m\u00ecnh \u2014 d\u00f9 b\u1ea1n ch\u1ecdn t\u1ea1m d\u1eebng v\u00e0 ti\u1ebfp t\u1ee5c sau, hay ch\u1ea1y \u0111ua \u0111\u1ec3 \u0111\u00e1nh b\u1ea1i m\u1ed9t \u0111\u1ed9i kh\u00e1c \u0111\u1ec3 \u0111i \u0111\u1ebfn k\u1ebft lu\u1eadn. Trong tr\u00f2 ch\u01a1i th\u00e0nh ph\u1ed1 n\u00e0y, b\u00ed \u1ea9n l\u00e0 c\u1ee7a b\u1ea1n \u0111\u1ec3 gi\u1ea3i m\u00e3.","how_to_play":"Ch\u01a1i m\u1ed9t m\u00ecnh ho\u1eb7c v\u1edbi b\u1ea1n b\u00e8, gia \u0111\u00ecnh, ho\u1eb7c \u0111\u1ed3ng nghi\u1ec7p theo nh\u00f3m t\u1ed1i \u0111a b\u1ed1n ng\u01b0\u1eddi tr\u00ean m\u1ed7i thi\u1ebft b\u1ecb. Sau khi \u0111\u1eb7t ch\u1ed7, b\u1ea1n s\u1ebd nh\u1eadn \u0111\u01b0\u1ee3c email h\u01b0\u1edbng d\u1eabn v\u1edbi m\u1ecdi th\u1ee9 b\u1ea1n c\u1ea7n.","start_location":"Staduis Rotterdam","available_languages":["en","es","fr","de","it","nl"],"players_per_group":"1-4","duration":"1.5-2 hours","image_overlay_color_image":"https:\/\/testwebsite.citygame.com\/wp-content\/blogs.dir\/1\/files\/sites\/62\/2026\/01\/SherlockColor.svg","image_overlay_game_logo":"https:\/\/testwebsite.citygame.com\/wp-content\/blogs.dir\/1\/files\/sites\/62\/2026\/01\/SherlockLogo.png","city_page":4437,"woocommerce_general_content":null},"yoast_head":"<!-- This site is optimized with the Yoast SEO Premium plugin v26.2 (Yoast SEO v26.3) - https:\/\/yoast.com\/wordpress\/plugins\/seo\/ -->\n<title>Sherlock Holmes Rotterdam - City Game<\/title>\n<meta name=\"description\" content=\"Sherlock Holmes Rotterdam. Ch\u01a1i m\u1ed9t tr\u00f2 ch\u01a1i Th\u00e0nh ph\u1ed1 City Game gi\u1ea3i m\u00e3 \u00e1n m\u1ea1ng b\u00ed \u1ea9n t\u1ef1 d\u1eabn d\u1eaft, gi\u1ea3i c\u00e2u \u0111\u1ed1, theo d\u00f5i manh m\u1ed1i v\u00e0 t\u00ecm ra hung th\u1ee7 theo t\u1ed1c \u0111\u1ed9 c\u1ee7a ri\u00eang b\u1ea1n!\" \/>\n<meta name=\"robots\" content=\"noindex, follow, max-snippet:-1, max-image-preview:large, max-video-preview:-1\" \/>\n<meta property=\"og:locale\" content=\"vi_VN\" \/>\n<meta property=\"og:type\" content=\"article\" \/>\n<meta property=\"og:title\" content=\"Sherlock Holmes Rotterdam\" \/>\n<meta property=\"og:description\" content=\"Sherlock Holmes Rotterdam. Ch\u01a1i m\u1ed9t tr\u00f2 ch\u01a1i Th\u00e0nh ph\u1ed1 City Game gi\u1ea3i m\u00e3 \u00e1n m\u1ea1ng b\u00ed \u1ea9n t\u1ef1 d\u1eabn d\u1eaft, gi\u1ea3i c\u00e2u \u0111\u1ed1, theo d\u00f5i manh m\u1ed1i v\u00e0 t\u00ecm ra hung th\u1ee7 theo t\u1ed1c \u0111\u1ed9 c\u1ee7a ri\u00eang b\u1ea1n!\" \/>\n<meta property=\"og:url\" content=\"https:\/\/testwebsite.citygame.com\/vi\/games\/rotterdam\/sherlock-holmes-rotterdam\/\" \/>\n<meta property=\"og:site_name\" content=\"City Game\" \/>\n<meta property=\"article:publisher\" content=\"https:\/\/www.facebook.com\/profile.php?id=100086426226253\" \/>\n<meta property=\"article:modified_time\" content=\"2026-04-07T15:31:40+00:00\" \/>\n<meta property=\"og:image\" content=\"https:\/\/testwebsite.citygame.com\/wp-content\/blogs.dir\/1\/files\/sites\/62\/2026\/02\/rotterdam-man-playing-city-game-sherlock-on-phone.jpg\" \/>\n\t<meta property=\"og:image:width\" content=\"896\" \/>\n\t<meta property=\"og:image:height\" content=\"1152\" \/>\n\t<meta property=\"og:image:type\" content=\"image\/jpeg\" \/>\n<meta name=\"twitter:card\" content=\"summary_large_image\" \/>\n<meta name=\"twitter:label1\" content=\"\u01af\u1edbc t\u00ednh th\u1eddi gian \u0111\u1ecdc\" \/>\n\t<meta name=\"twitter:data1\" content=\"1 ph\u00fat\" \/>\n<script type=\"application\/ld+json\" class=\"yoast-schema-graph\">{\"@context\":\"https:\/\/schema.org\",\"@graph\":[{\"@type\":\"WebPage\",\"@id\":\"https:\/\/testwebsite.citygame.com\/vi\/games\/rotterdam\/sherlock-holmes-rotterdam\/\",\"url\":\"https:\/\/testwebsite.citygame.com\/vi\/games\/rotterdam\/sherlock-holmes-rotterdam\/\",\"name\":\"Sherlock Holmes Rotterdam - City Game\",\"isPartOf\":{\"@id\":\"https:\/\/testwebsite.upevents.nl\/#website\"},\"primaryImageOfPage\":{\"@id\":\"https:\/\/testwebsite.citygame.com\/vi\/games\/rotterdam\/sherlock-holmes-rotterdam\/#primaryimage\"},\"image\":{\"@id\":\"https:\/\/testwebsite.citygame.com\/vi\/games\/rotterdam\/sherlock-holmes-rotterdam\/#primaryimage\"},\"thumbnailUrl\":\"https:\/\/testwebsite.citygame.com\/wp-content\/blogs.dir\/1\/files\/sites\/62\/2026\/02\/rotterdam-man-playing-city-game-sherlock-on-phone.jpg\",\"datePublished\":\"2026-02-03T15:29:30+00:00\",\"dateModified\":\"2026-04-07T15:31:40+00:00\",\"description\":\"Sherlock Holmes Rotterdam. Ch\u01a1i m\u1ed9t tr\u00f2 ch\u01a1i Th\u00e0nh ph\u1ed1 City Game gi\u1ea3i m\u00e3 \u00e1n m\u1ea1ng b\u00ed \u1ea9n t\u1ef1 d\u1eabn d\u1eaft, gi\u1ea3i c\u00e2u \u0111\u1ed1, theo d\u00f5i manh m\u1ed1i v\u00e0 t\u00ecm ra hung th\u1ee7 theo t\u1ed1c \u0111\u1ed9 c\u1ee7a ri\u00eang b\u1ea1n!\",\"breadcrumb\":{\"@id\":\"https:\/\/testwebsite.citygame.com\/vi\/games\/rotterdam\/sherlock-holmes-rotterdam\/#breadcrumb\"},\"inLanguage\":\"vi\",\"potentialAction\":[{\"@type\":\"ReadAction\",\"target\":[\"https:\/\/testwebsite.citygame.com\/vi\/games\/rotterdam\/sherlock-holmes-rotterdam\/\"]}]},{\"@type\":\"ImageObject\",\"inLanguage\":\"vi\",\"@id\":\"https:\/\/testwebsite.citygame.com\/vi\/games\/rotterdam\/sherlock-holmes-rotterdam\/#primaryimage\",\"url\":\"https:\/\/testwebsite.citygame.com\/wp-content\/blogs.dir\/1\/files\/sites\/62\/2026\/02\/rotterdam-man-playing-city-game-sherlock-on-phone.jpg\",\"contentUrl\":\"https:\/\/testwebsite.citygame.com\/wp-content\/blogs.dir\/1\/files\/sites\/62\/2026\/02\/rotterdam-man-playing-city-game-sherlock-on-phone.jpg\",\"width\":896,\"height\":1152,\"caption\":\"A player stands on a crosswalk in Rotterdam while engaging with the Sherlock city game.\"},{\"@type\":\"BreadcrumbList\",\"@id\":\"https:\/\/testwebsite.citygame.com\/vi\/games\/rotterdam\/sherlock-holmes-rotterdam\/#breadcrumb\",\"itemListElement\":[{\"@type\":\"ListItem\",\"position\":1,\"name\":\"Home\",\"item\":\"https:\/\/testwebsite.citygame.com\/vi\/\"},{\"@type\":\"ListItem\",\"position\":2,\"name\":\"Shop\",\"item\":\"https:\/\/testwebsite.citygame.com\/shop\/\"},{\"@type\":\"ListItem\",\"position\":3,\"name\":\"Sherlock Holmes Rotterdam\"}]},{\"@type\":\"WebSite\",\"@id\":\"https:\/\/testwebsite.upevents.nl\/#website\",\"url\":\"https:\/\/testwebsite.upevents.nl\/\",\"name\":\"City Game\",\"description\":\"\",\"publisher\":{\"@id\":\"https:\/\/testwebsite.upevents.nl\/#organization\"},\"alternateName\":\"citygame.com\",\"potentialAction\":[{\"@type\":\"SearchAction\",\"target\":{\"@type\":\"EntryPoint\",\"urlTemplate\":\"https:\/\/testwebsite.upevents.nl\/?s={search_term_string}\"},\"query-input\":{\"@type\":\"PropertyValueSpecification\",\"valueRequired\":true,\"valueName\":\"search_term_string\"}}],\"inLanguage\":\"vi\"},{\"@type\":[\"Organization\",\"Place\"],\"@id\":\"https:\/\/testwebsite.upevents.nl\/#organization\",\"name\":\"City Game\",\"alternateName\":\"citygame.com\",\"url\":\"https:\/\/testwebsite.upevents.nl\/\",\"logo\":{\"@id\":\"https:\/\/testwebsite.citygame.com\/vi\/games\/rotterdam\/sherlock-holmes-rotterdam\/#local-main-organization-logo\"},\"image\":{\"@id\":\"https:\/\/testwebsite.citygame.com\/vi\/games\/rotterdam\/sherlock-holmes-rotterdam\/#local-main-organization-logo\"},\"sameAs\":[\"https:\/\/www.facebook.com\/profile.php?id=100086426226253\",\"https:\/\/www.instagram.com\/citygame_com\",\"https:\/\/www.tiktok.com\/@citygamecom\/\",\"https:\/\/www.linkedin.com\/company\/citygame-com\"],\"description\":\"Turn any city into a playground with our interactive City Games and self-guided tours. Fun, flexible, and ideal for groups and team building.\",\"telephone\":[],\"openingHoursSpecification\":[{\"@type\":\"OpeningHoursSpecification\",\"dayOfWeek\":[\"Monday\",\"Tuesday\",\"Wednesday\",\"Thursday\",\"Friday\",\"Saturday\",\"Sunday\"],\"opens\":\"09:00\",\"closes\":\"17:00\"}]},{\"@type\":\"ImageObject\",\"inLanguage\":\"vi\",\"@id\":\"https:\/\/testwebsite.citygame.com\/vi\/games\/rotterdam\/sherlock-holmes-rotterdam\/#local-main-organization-logo\",\"url\":\"https:\/\/testwebsite.citygame.com\/wp-content\/blogs.dir\/1\/files\/sites\/62\/2025\/10\/CG_LOGO-City-Game.png\",\"contentUrl\":\"https:\/\/testwebsite.citygame.com\/wp-content\/blogs.dir\/1\/files\/sites\/62\/2025\/10\/CG_LOGO-City-Game.png\",\"width\":351,\"height\":377,\"caption\":\"City Game\"}]}<\/script>\n<!-- \/ Yoast SEO Premium plugin. -->","yoast_head_json":{"title":"Sherlock Holmes Rotterdam - City Game","description":"Sherlock Holmes Rotterdam. Ch\u01a1i m\u1ed9t tr\u00f2 ch\u01a1i Th\u00e0nh ph\u1ed1 City Game gi\u1ea3i m\u00e3 \u00e1n m\u1ea1ng b\u00ed \u1ea9n t\u1ef1 d\u1eabn d\u1eaft, gi\u1ea3i c\u00e2u \u0111\u1ed1, theo d\u00f5i manh m\u1ed1i v\u00e0 t\u00ecm ra hung th\u1ee7 theo t\u1ed1c \u0111\u1ed9 c\u1ee7a ri\u00eang b\u1ea1n!","robots":{"index":"noindex","follow":"follow","max-snippet":"max-snippet:-1","max-image-preview":"max-image-preview:large","max-video-preview":"max-video-preview:-1"},"og_locale":"vi_VN","og_type":"article","og_title":"Sherlock Holmes Rotterdam","og_description":"Sherlock Holmes Rotterdam. Ch\u01a1i m\u1ed9t tr\u00f2 ch\u01a1i Th\u00e0nh ph\u1ed1 City Game gi\u1ea3i m\u00e3 \u00e1n m\u1ea1ng b\u00ed \u1ea9n t\u1ef1 d\u1eabn d\u1eaft, gi\u1ea3i c\u00e2u \u0111\u1ed1, theo d\u00f5i manh m\u1ed1i v\u00e0 t\u00ecm ra hung th\u1ee7 theo t\u1ed1c \u0111\u1ed9 c\u1ee7a ri\u00eang b\u1ea1n!","og_url":"https:\/\/testwebsite.citygame.com\/vi\/games\/rotterdam\/sherlock-holmes-rotterdam\/","og_site_name":"City Game","article_publisher":"https:\/\/www.facebook.com\/profile.php?id=100086426226253","article_modified_time":"2026-04-07T15:31:40+00:00","og_image":[{"width":896,"height":1152,"url":"https:\/\/testwebsite.citygame.com\/wp-content\/blogs.dir\/1\/files\/sites\/62\/2026\/02\/rotterdam-man-playing-city-game-sherlock-on-phone.jpg","type":"image\/jpeg"}],"twitter_card":"summary_large_image","twitter_misc":{"\u01af\u1edbc t\u00ednh th\u1eddi gian \u0111\u1ecdc":"1 ph\u00fat"},"schema":{"@context":"https:\/\/schema.org","@graph":[{"@type":"WebPage","@id":"https:\/\/testwebsite.citygame.com\/vi\/games\/rotterdam\/sherlock-holmes-rotterdam\/","url":"https:\/\/testwebsite.citygame.com\/vi\/games\/rotterdam\/sherlock-holmes-rotterdam\/","name":"Sherlock Holmes Rotterdam - City Game","isPartOf":{"@id":"https:\/\/testwebsite.upevents.nl\/#website"},"primaryImageOfPage":{"@id":"https:\/\/testwebsite.citygame.com\/vi\/games\/rotterdam\/sherlock-holmes-rotterdam\/#primaryimage"},"image":{"@id":"https:\/\/testwebsite.citygame.com\/vi\/games\/rotterdam\/sherlock-holmes-rotterdam\/#primaryimage"},"thumbnailUrl":"https:\/\/testwebsite.citygame.com\/wp-content\/blogs.dir\/1\/files\/sites\/62\/2026\/02\/rotterdam-man-playing-city-game-sherlock-on-phone.jpg","datePublished":"2026-02-03T15:29:30+00:00","dateModified":"2026-04-07T15:31:40+00:00","description":"Sherlock Holmes Rotterdam. Ch\u01a1i m\u1ed9t tr\u00f2 ch\u01a1i Th\u00e0nh ph\u1ed1 City Game gi\u1ea3i m\u00e3 \u00e1n m\u1ea1ng b\u00ed \u1ea9n t\u1ef1 d\u1eabn d\u1eaft, gi\u1ea3i c\u00e2u \u0111\u1ed1, theo d\u00f5i manh m\u1ed1i v\u00e0 t\u00ecm ra hung th\u1ee7 theo t\u1ed1c \u0111\u1ed9 c\u1ee7a ri\u00eang b\u1ea1n!","breadcrumb":{"@id":"https:\/\/testwebsite.citygame.com\/vi\/games\/rotterdam\/sherlock-holmes-rotterdam\/#breadcrumb"},"inLanguage":"vi","potentialAction":[{"@type":"ReadAction","target":["https:\/\/testwebsite.citygame.com\/vi\/games\/rotterdam\/sherlock-holmes-rotterdam\/"]}]},{"@type":"ImageObject","inLanguage":"vi","@id":"https:\/\/testwebsite.citygame.com\/vi\/games\/rotterdam\/sherlock-holmes-rotterdam\/#primaryimage","url":"https:\/\/testwebsite.citygame.com\/wp-content\/blogs.dir\/1\/files\/sites\/62\/2026\/02\/rotterdam-man-playing-city-game-sherlock-on-phone.jpg","contentUrl":"https:\/\/testwebsite.citygame.com\/wp-content\/blogs.dir\/1\/files\/sites\/62\/2026\/02\/rotterdam-man-playing-city-game-sherlock-on-phone.jpg","width":896,"height":1152,"caption":"A player stands on a crosswalk in Rotterdam while engaging with the Sherlock city game."},{"@type":"BreadcrumbList","@id":"https:\/\/testwebsite.citygame.com\/vi\/games\/rotterdam\/sherlock-holmes-rotterdam\/#breadcrumb","itemListElement":[{"@type":"ListItem","position":1,"name":"Home","item":"https:\/\/testwebsite.citygame.com\/vi\/"},{"@type":"ListItem","position":2,"name":"Shop","item":"https:\/\/testwebsite.citygame.com\/shop\/"},{"@type":"ListItem","position":3,"name":"Sherlock Holmes Rotterdam"}]},{"@type":"WebSite","@id":"https:\/\/testwebsite.upevents.nl\/#website","url":"https:\/\/testwebsite.upevents.nl\/","name":"City Game","description":"","publisher":{"@id":"https:\/\/testwebsite.upevents.nl\/#organization"},"alternateName":"citygame.com","potentialAction":[{"@type":"SearchAction","target":{"@type":"EntryPoint","urlTemplate":"https:\/\/testwebsite.upevents.nl\/?s={search_term_string}"},"query-input":{"@type":"PropertyValueSpecification","valueRequired":true,"valueName":"search_term_string"}}],"inLanguage":"vi"},{"@type":["Organization","Place"],"@id":"https:\/\/testwebsite.upevents.nl\/#organization","name":"City Game","alternateName":"citygame.com","url":"https:\/\/testwebsite.upevents.nl\/","logo":{"@id":"https:\/\/testwebsite.citygame.com\/vi\/games\/rotterdam\/sherlock-holmes-rotterdam\/#local-main-organization-logo"},"image":{"@id":"https:\/\/testwebsite.citygame.com\/vi\/games\/rotterdam\/sherlock-holmes-rotterdam\/#local-main-organization-logo"},"sameAs":["https:\/\/www.facebook.com\/profile.php?id=100086426226253","https:\/\/www.instagram.com\/citygame_com","https:\/\/www.tiktok.com\/@citygamecom\/","https:\/\/www.linkedin.com\/company\/citygame-com"],"description":"Turn any city into a playground with our interactive City Games and self-guided tours. Fun, flexible, and ideal for groups and team building.","telephone":[],"openingHoursSpecification":[{"@type":"OpeningHoursSpecification","dayOfWeek":["Monday","Tuesday","Wednesday","Thursday","Friday","Saturday","Sunday"],"opens":"09:00","closes":"17:00"}]},{"@type":"ImageObject","inLanguage":"vi","@id":"https:\/\/testwebsite.citygame.com\/vi\/games\/rotterdam\/sherlock-holmes-rotterdam\/#local-main-organization-logo","url":"https:\/\/testwebsite.citygame.com\/wp-content\/blogs.dir\/1\/files\/sites\/62\/2025\/10\/CG_LOGO-City-Game.png","contentUrl":"https:\/\/testwebsite.citygame.com\/wp-content\/blogs.dir\/1\/files\/sites\/62\/2025\/10\/CG_LOGO-City-Game.png","width":351,"height":377,"caption":"City Game"}]}},"taxonomy_info":{"game-concept":[{"value":794,"label":"Sherlock"}],"location":[{"value":348,"label":"Rotterdam"}],"product_cat":[{"value":27,"label":"Geen categorie"}]},"featured_image_src_large":["https:\/\/testwebsite.citygame.com\/wp-content\/blogs.dir\/1\/files\/sites\/62\/2026\/02\/rotterdam-man-playing-city-game-sherlock-on-phone-796x1024.jpg",796,1024,true],"author_info":[],"comment_info":"","_links":{"self":[{"href":"https:\/\/testwebsite.citygame.com\/vi\/wp-json\/wp\/v2\/product\/52775","targetHints":{"allow":["GET"]}}],"collection":[{"href":"https:\/\/testwebsite.citygame.com\/vi\/wp-json\/wp\/v2\/product"}],"about":[{"href":"https:\/\/testwebsite.citygame.com\/vi\/wp-json\/wp\/v2\/types\/product"}],"acf:post":[{"embeddable":true,"href":"https:\/\/testwebsite.citygame.com\/vi\/wp-json\/wp\/v2\/pages\/4437"}],"wp:featuredmedia":[{"embeddable":true,"href":"https:\/\/testwebsite.citygame.com\/vi\/wp-json\/wp\/v2\/media\/9818"}],"wp:attachment":[{"href":"https:\/\/testwebsite.citygame.com\/vi\/wp-json\/wp\/v2\/media?parent=52775"}],"wp:term":[{"taxonomy":"game-concept","embeddable":true,"href":"https:\/\/testwebsite.citygame.com\/vi\/wp-json\/wp\/v2\/game-concept?post=52775"},{"taxonomy":"location","embeddable":true,"href":"https:\/\/testwebsite.citygame.com\/vi\/wp-json\/wp\/v2\/location?post=52775"},{"taxonomy":"product_brand","embeddable":true,"href":"https:\/\/testwebsite.citygame.com\/vi\/wp-json\/wp\/v2\/product_brand?post=52775"},{"taxonomy":"product_cat","embeddable":true,"href":"https:\/\/testwebsite.citygame.com\/vi\/wp-json\/wp\/v2\/product_cat?post=52775"},{"taxonomy":"product_tag","embeddable":true,"href":"https:\/\/testwebsite.citygame.com\/vi\/wp-json\/wp\/v2\/product_tag?post=52775"}],"curies":[{"name":"wp","href":"https:\/\/api.w.org\/{rel}","templated":true}]}}