{"id":51290,"date":"2026-02-13T08:43:17","date_gmt":"2026-02-13T08:43:17","guid":{"rendered":"https:\/\/testwebsite.citygame.com\/games\/unknown-location\/san-pham-474\/"},"modified":"2026-04-04T04:47:15","modified_gmt":"2026-04-04T04:47:15","slug":"san-pham-474","status":"publish","type":"product","link":"https:\/\/testwebsite.citygame.com\/vi\/games\/unknown-location\/san-pham-474\/","title":{"rendered":"S\u1ea3n ph\u1ea9m"},"content":{"rendered":"","protected":false},"excerpt":{"rendered":"","protected":false},"featured_media":13889,"template":"","meta":{"_acf_changed":false,"_yoast_wpseo_focuskw":"Sherlock Holmes Darmstadt","_yoast_wpseo_metadesc":"Sherlock Holmes Darmstadt. Ch\u01a1i Tr\u00f2 ch\u01a1i Th\u00e0nh ph\u1ed1 gi\u1ea3i quy\u1ebft v\u1ee5 \u00e1n gi\u1ebft ng\u01b0\u1eddi t\u1ef1 d\u1eabn d\u1eaft, gi\u1ea3i c\u00e2u \u0111\u1ed1, theo d\u00f5i manh m\u1ed1i v\u00e0 kh\u00e1m ph\u00e1 k\u1ebb gi\u1ebft ng\u01b0\u1eddi theo t\u1ed1c \u0111\u1ed9 c\u1ee7a ri\u00eang b\u1ea1n!","_kad_blocks_custom_css":"","_kad_blocks_head_custom_js":"","_kad_blocks_body_custom_js":"","_kad_blocks_footer_custom_js":"","ghostkit_customizer_options":"","ghostkit_custom_css":"","ghostkit_custom_js_head":"","ghostkit_custom_js_foot":"","ghostkit_typography":"","_kad_post_transparent":"default","_kad_post_title":"","_kad_post_layout":"default","_kad_post_sidebar_id":"","_kad_post_content_style":"default","_kad_post_vertical_padding":"default","_kad_post_feature":"","_kad_post_feature_position":"","_kad_post_header":false,"_kad_post_footer":false,"_kad_post_classname":"","_links_to":"","_links_to_target":""},"game-concept":[38],"location":[],"product_brand":[],"product_cat":[27],"product_tag":[],"class_list":{"0":"post-51290","1":"product","2":"type-product","3":"status-publish","4":"has-post-thumbnail","6":"game-concept-sherlock","7":"product_cat-geen-categorie","9":"first","10":"instock","11":"shipping-taxable","12":"purchasable","13":"product-type-simple","14":"entry","15":"content-bg","16":"loop-entry"},"acf":{"full_bokun_product_name":"Darmstadt Self-Guided Sherlock Holmes Murder Mystery Game","location_name":"Darmstadt","bokun_calendar_widget_code":"<script type=\"text\/javascript\" src=\"https:\/\/widgets.bokun.io\/assets\/javascripts\/apps\/build\/BokunWidgetsLoader.js?bookingChannelUUID=a1e93e96-5232-4734-a595-28405f4b5a31\" async><\/script>\n     \n    <div class=\"bokunWidget\" data-src=\"https:\/\/widgets.bokun.io\/online-sales\/a1e93e96-5232-4734-a595-28405f4b5a31\/experience-calendar\/854195\"><\/div>\n    <noscript>Please enable javascript in your browser to book<\/noscript>","bokun_button_widget_code":"<script type=\"text\/javascript\" src=\"https:\/\/widgets.bokun.io\/assets\/javascripts\/apps\/build\/BokunWidgetsLoader.js?bookingChannelUUID=a1e93e96-5232-4734-a595-28405f4b5a31\" async><\/script>\n      <style> #bokun_ed001e45_5927_4f62_b470_ca766338d083 { display: inline-block; padding: .4em 1em; background: #47b82e; border-radius: 999999px; box-shadow: none; font-weight: 600; font-size: 24px; text-decoration: none; text-align: center; color: #FFFFFF; border:none; cursor: pointer; transition: background .2s ease; } #bokun_ed001e45_5927_4f62_b470_ca766338d083:hover{ background: #2f7b1f; } #bokun_ed001e45_5927_4f62_b470_ca766338d083:active{ background: #378f24; } <\/style> <button class=\"bokunButton\" disabled id=bokun_ed001e45_5927_4f62_b470_ca766338d083 data-src=\"https:\/\/widgets.bokun.io\/online-sales\/a1e93e96-5232-4734-a595-28405f4b5a31\/experience-calendar\/854195?partialView=1\" data-testid=\"widget-book-button\" > Book now <\/button> ","what_you\u2019ll_experience_during_the_game":"B\u1ea1n s\u1ebd b\u01b0\u1edbc v\u00e0o m\u1ed9t c\u00e2u chuy\u1ec7n trinh th\u00e1m gay c\u1ea5n l\u1ea5y b\u1ed1i c\u1ea3nh \u1edf Darmstadt, n\u01a1i m\u1ed7i con \u0111\u01b0\u1eddng b\u1ea1n \u0111i s\u1ebd gh\u00e9p n\u1ed1i c\u00e1c m\u1ea3nh gh\u00e9p b\u00ed \u1ea9n \u0111\u1eb1ng sau v\u1ee5 gi\u1ebft ng\u01b0\u1eddi r\u00f9ng r\u1ee3n trong Liberty Festival. Khi b\u1ea1n di chuy\u1ec3n qua th\u00e0nh ph\u1ed1, c\u00e2u chuy\u1ec7n s\u1ebd m\u1edf ra xung quanh b\u1ea1n, h\u01b0\u1edbng d\u1eabn cu\u1ed9c \u0111i\u1ec1u tra c\u1ee7a b\u1ea1n v\u1edbi m\u1ed7i \u0111\u1ecba \u0111i\u1ec3m v\u00e0 kh\u00e1m ph\u00e1 m\u1edbi. Manh m\u1ed1i xu\u1ea5t hi\u1ec7n \u1edf nh\u1eefng n\u01a1i b\u1ea5t ng\u1edd, c\u00e2u \u0111\u1ed1 th\u1eed th\u00e1ch l\u00fd lu\u1eadn c\u1ee7a b\u1ea1n, v\u00e0 nh\u1eefng kh\u00fac m\u1eafc \u1ea9n gi\u1ea5u khi\u1ebfn b\u1ea1n kh\u00f4ng ng\u1eebng \u0111\u1eb7t c\u00e2u h\u1ecfi v\u1ec1 nh\u1eefng g\u00ec b\u1ea1n ngh\u0129 m\u00ecnh \u0111\u00e3 bi\u1ebft.\r\n\r\nB\u1ea1n s\u1ebd th\u1ea9m v\u1ea5n c\u00e1c nghi ph\u1ea1m k\u1ef9 thu\u1eadt s\u1ed1, m\u1ed5 x\u1ebb ch\u1ee9ng c\u1ee9 ngo\u1ea1i ph\u1ea1m c\u1ee7a h\u1ecd v\u00e0 ph\u00e1t hi\u1ec7n ra nh\u1eefng m\u00e2u thu\u1eabn c\u00f3 th\u1ec3 thay \u0111\u1ed5i m\u1ecdi th\u1ee9. H\u00e3y m\u00e0i d\u0169a kh\u1ea3 n\u0103ng quan s\u00e1t v\u00e0 d\u1ef1a v\u00e0o suy lu\u1eadn khi b\u1ea1n c\u1ed1 g\u1eafng kh\u00e1m ph\u00e1 s\u1ef1 th\u1eadt b\u1ecb ch\u00f4n v\u00f9i d\u01b0\u1edbi nhi\u1ec1u l\u1edbp l\u1eeba d\u1ed1i. To\u00e0n b\u1ed9 tr\u1ea3i nghi\u1ec7m \u0111\u01b0\u1ee3c \u0111\u1ecbnh h\u01b0\u1edbng ho\u00e0n to\u00e0n theo c\u00e2u chuy\u1ec7n, cho ph\u00e9p b\u1ea1n ch\u01a1i theo t\u1ed1c \u0111\u1ed9 c\u1ee7a ri\u00eang m\u00ecnh. B\u1ea1n c\u00f3 th\u1ec3 t\u1ea1m d\u1eebng b\u1ea5t c\u1ee9 khi n\u00e0o c\u1ea7n v\u00e0 ti\u1ebfp t\u1ee5c ch\u00ednh x\u00e1c t\u1eeb n\u01a1i b\u1ea1n \u0111\u00e3 d\u1eebng l\u1ea1i. N\u1ebfu l\u00e0m vi\u1ec7c theo nh\u00f3m, b\u1ea1n th\u1eadm ch\u00ed c\u00f3 th\u1ec3 t\u00ecm th\u1ea5y l\u1ee3i th\u1ebf c\u1ea1nh tranh, nh\u01b0ng v\u1ee5 \u00e1n tr\u00ean h\u1ebft s\u1ebd ki\u1ec3m tra logic c\u1ee7a b\u1ea1n.","how_to_play":"Ch\u01a1i m\u1ed9t m\u00ecnh ho\u1eb7c v\u1edbi b\u1ea1n b\u00e8, gia \u0111\u00ecnh, hay \u0111\u1ed3ng nghi\u1ec7p trong c\u00e1c \u0111\u1ed9i t\u1ed1i \u0111a b\u1ed1n ng\u01b0\u1eddi m\u1ed7i thi\u1ebft b\u1ecb. Sau khi \u0111\u1eb7t ch\u1ed7, b\u1ea1n s\u1ebd nh\u1eadn \u0111\u01b0\u1ee3c m\u1ed9t email h\u01b0\u1edbng d\u1eabn v\u1edbi m\u1ecdi th\u1ee9 b\u1ea1n c\u1ea7n.","start_location":"Darmstadt, Friedensplatz","available_languages":["en","es","fr","de","it","nl"],"players_per_group":"1-4","duration":"1.5-2 hours","image_overlay_color_image":"https:\/\/testwebsite.citygame.com\/wp-content\/blogs.dir\/1\/files\/sites\/62\/2026\/01\/SherlockColor.svg","image_overlay_game_logo":"https:\/\/testwebsite.citygame.com\/wp-content\/blogs.dir\/1\/files\/sites\/62\/2026\/01\/SherlockLogo.png","city_page":5069,"woocommerce_general_content":null,"":""},"yoast_head":"<!-- This site is optimized with the Yoast SEO Premium plugin v26.2 (Yoast SEO v26.3) - https:\/\/yoast.com\/wordpress\/plugins\/seo\/ -->\n<title>S\u1ea3n ph\u1ea9m - City Game<\/title>\n<meta name=\"description\" content=\"Sherlock Holmes Darmstadt. Ch\u01a1i Tr\u00f2 ch\u01a1i Th\u00e0nh ph\u1ed1 gi\u1ea3i quy\u1ebft v\u1ee5 \u00e1n gi\u1ebft ng\u01b0\u1eddi t\u1ef1 d\u1eabn d\u1eaft, gi\u1ea3i c\u00e2u \u0111\u1ed1, theo d\u00f5i manh m\u1ed1i v\u00e0 kh\u00e1m ph\u00e1 k\u1ebb gi\u1ebft ng\u01b0\u1eddi theo t\u1ed1c \u0111\u1ed9 c\u1ee7a ri\u00eang b\u1ea1n!\" \/>\n<meta name=\"robots\" content=\"noindex, follow, max-snippet:-1, max-image-preview:large, max-video-preview:-1\" \/>\n<meta property=\"og:locale\" content=\"vi_VN\" \/>\n<meta property=\"og:type\" content=\"article\" \/>\n<meta property=\"og:title\" content=\"S\u1ea3n ph\u1ea9m\" \/>\n<meta property=\"og:description\" content=\"Sherlock Holmes Darmstadt. Ch\u01a1i Tr\u00f2 ch\u01a1i Th\u00e0nh ph\u1ed1 gi\u1ea3i quy\u1ebft v\u1ee5 \u00e1n gi\u1ebft ng\u01b0\u1eddi t\u1ef1 d\u1eabn d\u1eaft, gi\u1ea3i c\u00e2u \u0111\u1ed1, theo d\u00f5i manh m\u1ed1i v\u00e0 kh\u00e1m ph\u00e1 k\u1ebb gi\u1ebft ng\u01b0\u1eddi theo t\u1ed1c \u0111\u1ed9 c\u1ee7a ri\u00eang b\u1ea1n!\" \/>\n<meta property=\"og:url\" content=\"https:\/\/testwebsite.citygame.com\/vi\/games\/unknown-location\/san-pham-474\/\" \/>\n<meta property=\"og:site_name\" content=\"City Game\" \/>\n<meta property=\"article:publisher\" content=\"https:\/\/www.facebook.com\/profile.php?id=100086426226253\" \/>\n<meta property=\"article:modified_time\" content=\"2026-04-04T04:47:15+00:00\" \/>\n<meta property=\"og:image\" content=\"https:\/\/testwebsite.citygame.com\/wp-content\/blogs.dir\/1\/files\/sites\/62\/2026\/02\/darmstadt-group-playing-city-game-smartphone-arheilgen.jpg\" \/>\n\t<meta property=\"og:image:width\" content=\"1024\" \/>\n\t<meta property=\"og:image:height\" content=\"1024\" \/>\n\t<meta property=\"og:image:type\" content=\"image\/jpeg\" \/>\n<meta name=\"twitter:card\" content=\"summary_large_image\" \/>\n<script type=\"application\/ld+json\" class=\"yoast-schema-graph\">{\"@context\":\"https:\/\/schema.org\",\"@graph\":[{\"@type\":\"WebPage\",\"@id\":\"https:\/\/testwebsite.citygame.com\/vi\/games\/unknown-location\/san-pham-474\/\",\"url\":\"https:\/\/testwebsite.citygame.com\/vi\/games\/unknown-location\/san-pham-474\/\",\"name\":\"S\u1ea3n ph\u1ea9m - City Game\",\"isPartOf\":{\"@id\":\"https:\/\/testwebsite.upevents.nl\/#website\"},\"primaryImageOfPage\":{\"@id\":\"https:\/\/testwebsite.citygame.com\/vi\/games\/unknown-location\/san-pham-474\/#primaryimage\"},\"image\":{\"@id\":\"https:\/\/testwebsite.citygame.com\/vi\/games\/unknown-location\/san-pham-474\/#primaryimage\"},\"thumbnailUrl\":\"https:\/\/testwebsite.citygame.com\/wp-content\/blogs.dir\/1\/files\/sites\/62\/2026\/02\/darmstadt-group-playing-city-game-smartphone-arheilgen.jpg\",\"datePublished\":\"2026-02-13T08:43:17+00:00\",\"dateModified\":\"2026-04-04T04:47:15+00:00\",\"description\":\"Sherlock Holmes Darmstadt. Ch\u01a1i Tr\u00f2 ch\u01a1i Th\u00e0nh ph\u1ed1 gi\u1ea3i quy\u1ebft v\u1ee5 \u00e1n gi\u1ebft ng\u01b0\u1eddi t\u1ef1 d\u1eabn d\u1eaft, gi\u1ea3i c\u00e2u \u0111\u1ed1, theo d\u00f5i manh m\u1ed1i v\u00e0 kh\u00e1m ph\u00e1 k\u1ebb gi\u1ebft ng\u01b0\u1eddi theo t\u1ed1c \u0111\u1ed9 c\u1ee7a ri\u00eang b\u1ea1n!\",\"breadcrumb\":{\"@id\":\"https:\/\/testwebsite.citygame.com\/vi\/games\/unknown-location\/san-pham-474\/#breadcrumb\"},\"inLanguage\":\"vi\",\"potentialAction\":[{\"@type\":\"ReadAction\",\"target\":[\"https:\/\/testwebsite.citygame.com\/vi\/games\/unknown-location\/san-pham-474\/\"]}]},{\"@type\":\"ImageObject\",\"inLanguage\":\"vi\",\"@id\":\"https:\/\/testwebsite.citygame.com\/vi\/games\/unknown-location\/san-pham-474\/#primaryimage\",\"url\":\"https:\/\/testwebsite.citygame.com\/wp-content\/blogs.dir\/1\/files\/sites\/62\/2026\/02\/darmstadt-group-playing-city-game-smartphone-arheilgen.jpg\",\"contentUrl\":\"https:\/\/testwebsite.citygame.com\/wp-content\/blogs.dir\/1\/files\/sites\/62\/2026\/02\/darmstadt-group-playing-city-game-smartphone-arheilgen.jpg\",\"width\":1024,\"height\":1024,\"caption\":\"A group of friends gather around a smartphone to solve a puzzle in Darmstadt.\"},{\"@type\":\"BreadcrumbList\",\"@id\":\"https:\/\/testwebsite.citygame.com\/vi\/games\/unknown-location\/san-pham-474\/#breadcrumb\",\"itemListElement\":[{\"@type\":\"ListItem\",\"position\":1,\"name\":\"Home\",\"item\":\"https:\/\/testwebsite.citygame.com\/vi\/\"},{\"@type\":\"ListItem\",\"position\":2,\"name\":\"Shop\",\"item\":\"https:\/\/testwebsite.citygame.com\/shop\/\"},{\"@type\":\"ListItem\",\"position\":3,\"name\":\"S\u1ea3n ph\u1ea9m\"}]},{\"@type\":\"WebSite\",\"@id\":\"https:\/\/testwebsite.upevents.nl\/#website\",\"url\":\"https:\/\/testwebsite.upevents.nl\/\",\"name\":\"City Game\",\"description\":\"\",\"publisher\":{\"@id\":\"https:\/\/testwebsite.upevents.nl\/#organization\"},\"alternateName\":\"citygame.com\",\"potentialAction\":[{\"@type\":\"SearchAction\",\"target\":{\"@type\":\"EntryPoint\",\"urlTemplate\":\"https:\/\/testwebsite.upevents.nl\/?s={search_term_string}\"},\"query-input\":{\"@type\":\"PropertyValueSpecification\",\"valueRequired\":true,\"valueName\":\"search_term_string\"}}],\"inLanguage\":\"vi\"},{\"@type\":[\"Organization\",\"Place\"],\"@id\":\"https:\/\/testwebsite.upevents.nl\/#organization\",\"name\":\"City Game\",\"alternateName\":\"citygame.com\",\"url\":\"https:\/\/testwebsite.upevents.nl\/\",\"logo\":{\"@id\":\"https:\/\/testwebsite.citygame.com\/vi\/games\/unknown-location\/san-pham-474\/#local-main-organization-logo\"},\"image\":{\"@id\":\"https:\/\/testwebsite.citygame.com\/vi\/games\/unknown-location\/san-pham-474\/#local-main-organization-logo\"},\"sameAs\":[\"https:\/\/www.facebook.com\/profile.php?id=100086426226253\",\"https:\/\/www.instagram.com\/citygame_com\",\"https:\/\/www.tiktok.com\/@citygamecom\/\",\"https:\/\/www.linkedin.com\/company\/citygame-com\"],\"description\":\"Turn any city into a playground with our interactive City Games and self-guided tours. Fun, flexible, and ideal for groups and team building.\",\"telephone\":[],\"openingHoursSpecification\":[{\"@type\":\"OpeningHoursSpecification\",\"dayOfWeek\":[\"Monday\",\"Tuesday\",\"Wednesday\",\"Thursday\",\"Friday\",\"Saturday\",\"Sunday\"],\"opens\":\"09:00\",\"closes\":\"17:00\"}]},{\"@type\":\"ImageObject\",\"inLanguage\":\"vi\",\"@id\":\"https:\/\/testwebsite.citygame.com\/vi\/games\/unknown-location\/san-pham-474\/#local-main-organization-logo\",\"url\":\"https:\/\/testwebsite.citygame.com\/wp-content\/blogs.dir\/1\/files\/sites\/62\/2025\/10\/CG_LOGO-City-Game.png\",\"contentUrl\":\"https:\/\/testwebsite.citygame.com\/wp-content\/blogs.dir\/1\/files\/sites\/62\/2025\/10\/CG_LOGO-City-Game.png\",\"width\":351,\"height\":377,\"caption\":\"City Game\"}]}<\/script>\n<!-- \/ Yoast SEO Premium plugin. -->","yoast_head_json":{"title":"S\u1ea3n ph\u1ea9m - City Game","description":"Sherlock Holmes Darmstadt. Ch\u01a1i Tr\u00f2 ch\u01a1i Th\u00e0nh ph\u1ed1 gi\u1ea3i quy\u1ebft v\u1ee5 \u00e1n gi\u1ebft ng\u01b0\u1eddi t\u1ef1 d\u1eabn d\u1eaft, gi\u1ea3i c\u00e2u \u0111\u1ed1, theo d\u00f5i manh m\u1ed1i v\u00e0 kh\u00e1m ph\u00e1 k\u1ebb gi\u1ebft ng\u01b0\u1eddi theo t\u1ed1c \u0111\u1ed9 c\u1ee7a ri\u00eang b\u1ea1n!","robots":{"index":"noindex","follow":"follow","max-snippet":"max-snippet:-1","max-image-preview":"max-image-preview:large","max-video-preview":"max-video-preview:-1"},"og_locale":"vi_VN","og_type":"article","og_title":"S\u1ea3n ph\u1ea9m","og_description":"Sherlock Holmes Darmstadt. Ch\u01a1i Tr\u00f2 ch\u01a1i Th\u00e0nh ph\u1ed1 gi\u1ea3i quy\u1ebft v\u1ee5 \u00e1n gi\u1ebft ng\u01b0\u1eddi t\u1ef1 d\u1eabn d\u1eaft, gi\u1ea3i c\u00e2u \u0111\u1ed1, theo d\u00f5i manh m\u1ed1i v\u00e0 kh\u00e1m ph\u00e1 k\u1ebb gi\u1ebft ng\u01b0\u1eddi theo t\u1ed1c \u0111\u1ed9 c\u1ee7a ri\u00eang b\u1ea1n!","og_url":"https:\/\/testwebsite.citygame.com\/vi\/games\/unknown-location\/san-pham-474\/","og_site_name":"City Game","article_publisher":"https:\/\/www.facebook.com\/profile.php?id=100086426226253","article_modified_time":"2026-04-04T04:47:15+00:00","og_image":[{"width":1024,"height":1024,"url":"https:\/\/testwebsite.citygame.com\/wp-content\/blogs.dir\/1\/files\/sites\/62\/2026\/02\/darmstadt-group-playing-city-game-smartphone-arheilgen.jpg","type":"image\/jpeg"}],"twitter_card":"summary_large_image","schema":{"@context":"https:\/\/schema.org","@graph":[{"@type":"WebPage","@id":"https:\/\/testwebsite.citygame.com\/vi\/games\/unknown-location\/san-pham-474\/","url":"https:\/\/testwebsite.citygame.com\/vi\/games\/unknown-location\/san-pham-474\/","name":"S\u1ea3n ph\u1ea9m - City Game","isPartOf":{"@id":"https:\/\/testwebsite.upevents.nl\/#website"},"primaryImageOfPage":{"@id":"https:\/\/testwebsite.citygame.com\/vi\/games\/unknown-location\/san-pham-474\/#primaryimage"},"image":{"@id":"https:\/\/testwebsite.citygame.com\/vi\/games\/unknown-location\/san-pham-474\/#primaryimage"},"thumbnailUrl":"https:\/\/testwebsite.citygame.com\/wp-content\/blogs.dir\/1\/files\/sites\/62\/2026\/02\/darmstadt-group-playing-city-game-smartphone-arheilgen.jpg","datePublished":"2026-02-13T08:43:17+00:00","dateModified":"2026-04-04T04:47:15+00:00","description":"Sherlock Holmes Darmstadt. Ch\u01a1i Tr\u00f2 ch\u01a1i Th\u00e0nh ph\u1ed1 gi\u1ea3i quy\u1ebft v\u1ee5 \u00e1n gi\u1ebft ng\u01b0\u1eddi t\u1ef1 d\u1eabn d\u1eaft, gi\u1ea3i c\u00e2u \u0111\u1ed1, theo d\u00f5i manh m\u1ed1i v\u00e0 kh\u00e1m ph\u00e1 k\u1ebb gi\u1ebft ng\u01b0\u1eddi theo t\u1ed1c \u0111\u1ed9 c\u1ee7a ri\u00eang b\u1ea1n!","breadcrumb":{"@id":"https:\/\/testwebsite.citygame.com\/vi\/games\/unknown-location\/san-pham-474\/#breadcrumb"},"inLanguage":"vi","potentialAction":[{"@type":"ReadAction","target":["https:\/\/testwebsite.citygame.com\/vi\/games\/unknown-location\/san-pham-474\/"]}]},{"@type":"ImageObject","inLanguage":"vi","@id":"https:\/\/testwebsite.citygame.com\/vi\/games\/unknown-location\/san-pham-474\/#primaryimage","url":"https:\/\/testwebsite.citygame.com\/wp-content\/blogs.dir\/1\/files\/sites\/62\/2026\/02\/darmstadt-group-playing-city-game-smartphone-arheilgen.jpg","contentUrl":"https:\/\/testwebsite.citygame.com\/wp-content\/blogs.dir\/1\/files\/sites\/62\/2026\/02\/darmstadt-group-playing-city-game-smartphone-arheilgen.jpg","width":1024,"height":1024,"caption":"A group of friends gather around a smartphone to solve a puzzle in Darmstadt."},{"@type":"BreadcrumbList","@id":"https:\/\/testwebsite.citygame.com\/vi\/games\/unknown-location\/san-pham-474\/#breadcrumb","itemListElement":[{"@type":"ListItem","position":1,"name":"Home","item":"https:\/\/testwebsite.citygame.com\/vi\/"},{"@type":"ListItem","position":2,"name":"Shop","item":"https:\/\/testwebsite.citygame.com\/shop\/"},{"@type":"ListItem","position":3,"name":"S\u1ea3n ph\u1ea9m"}]},{"@type":"WebSite","@id":"https:\/\/testwebsite.upevents.nl\/#website","url":"https:\/\/testwebsite.upevents.nl\/","name":"City Game","description":"","publisher":{"@id":"https:\/\/testwebsite.upevents.nl\/#organization"},"alternateName":"citygame.com","potentialAction":[{"@type":"SearchAction","target":{"@type":"EntryPoint","urlTemplate":"https:\/\/testwebsite.upevents.nl\/?s={search_term_string}"},"query-input":{"@type":"PropertyValueSpecification","valueRequired":true,"valueName":"search_term_string"}}],"inLanguage":"vi"},{"@type":["Organization","Place"],"@id":"https:\/\/testwebsite.upevents.nl\/#organization","name":"City Game","alternateName":"citygame.com","url":"https:\/\/testwebsite.upevents.nl\/","logo":{"@id":"https:\/\/testwebsite.citygame.com\/vi\/games\/unknown-location\/san-pham-474\/#local-main-organization-logo"},"image":{"@id":"https:\/\/testwebsite.citygame.com\/vi\/games\/unknown-location\/san-pham-474\/#local-main-organization-logo"},"sameAs":["https:\/\/www.facebook.com\/profile.php?id=100086426226253","https:\/\/www.instagram.com\/citygame_com","https:\/\/www.tiktok.com\/@citygamecom\/","https:\/\/www.linkedin.com\/company\/citygame-com"],"description":"Turn any city into a playground with our interactive City Games and self-guided tours. Fun, flexible, and ideal for groups and team building.","telephone":[],"openingHoursSpecification":[{"@type":"OpeningHoursSpecification","dayOfWeek":["Monday","Tuesday","Wednesday","Thursday","Friday","Saturday","Sunday"],"opens":"09:00","closes":"17:00"}]},{"@type":"ImageObject","inLanguage":"vi","@id":"https:\/\/testwebsite.citygame.com\/vi\/games\/unknown-location\/san-pham-474\/#local-main-organization-logo","url":"https:\/\/testwebsite.citygame.com\/wp-content\/blogs.dir\/1\/files\/sites\/62\/2025\/10\/CG_LOGO-City-Game.png","contentUrl":"https:\/\/testwebsite.citygame.com\/wp-content\/blogs.dir\/1\/files\/sites\/62\/2025\/10\/CG_LOGO-City-Game.png","width":351,"height":377,"caption":"City Game"}]}},"taxonomy_info":{"game-concept":[{"value":38,"label":"Sherlock"}],"product_cat":[{"value":27,"label":"Geen categorie"}]},"featured_image_src_large":["https:\/\/testwebsite.citygame.com\/wp-content\/blogs.dir\/1\/files\/sites\/62\/2026\/02\/darmstadt-group-playing-city-game-smartphone-arheilgen.jpg",1024,1024,false],"author_info":[],"comment_info":"","_links":{"self":[{"href":"https:\/\/testwebsite.citygame.com\/vi\/wp-json\/wp\/v2\/product\/51290","targetHints":{"allow":["GET"]}}],"collection":[{"href":"https:\/\/testwebsite.citygame.com\/vi\/wp-json\/wp\/v2\/product"}],"about":[{"href":"https:\/\/testwebsite.citygame.com\/vi\/wp-json\/wp\/v2\/types\/product"}],"acf:post":[{"embeddable":true,"href":"https:\/\/testwebsite.citygame.com\/vi\/wp-json\/wp\/v2\/pages\/5069"}],"wp:featuredmedia":[{"embeddable":true,"href":"https:\/\/testwebsite.citygame.com\/vi\/wp-json\/wp\/v2\/media\/13889"}],"wp:attachment":[{"href":"https:\/\/testwebsite.citygame.com\/vi\/wp-json\/wp\/v2\/media?parent=51290"}],"wp:term":[{"taxonomy":"game-concept","embeddable":true,"href":"https:\/\/testwebsite.citygame.com\/vi\/wp-json\/wp\/v2\/game-concept?post=51290"},{"taxonomy":"location","embeddable":true,"href":"https:\/\/testwebsite.citygame.com\/vi\/wp-json\/wp\/v2\/location?post=51290"},{"taxonomy":"product_brand","embeddable":true,"href":"https:\/\/testwebsite.citygame.com\/vi\/wp-json\/wp\/v2\/product_brand?post=51290"},{"taxonomy":"product_cat","embeddable":true,"href":"https:\/\/testwebsite.citygame.com\/vi\/wp-json\/wp\/v2\/product_cat?post=51290"},{"taxonomy":"product_tag","embeddable":true,"href":"https:\/\/testwebsite.citygame.com\/vi\/wp-json\/wp\/v2\/product_tag?post=51290"}],"curies":[{"name":"wp","href":"https:\/\/api.w.org\/{rel}","templated":true}]}}