{"id":46672,"date":"2026-01-27T15:38:32","date_gmt":"2026-01-27T15:38:32","guid":{"rendered":"https:\/\/testwebsite.citygame.com\/games\/unknown-location\/san-pham-397\/"},"modified":"2026-04-03T07:56:42","modified_gmt":"2026-04-03T07:56:42","slug":"san-pham-397","status":"publish","type":"product","link":"https:\/\/testwebsite.citygame.com\/vi\/games\/unknown-location\/san-pham-397\/","title":{"rendered":"S\u1ea3n ph\u1ea9m"},"content":{"rendered":"","protected":false},"excerpt":{"rendered":"","protected":false},"featured_media":5497,"template":"","meta":{"_acf_changed":false,"_yoast_wpseo_focuskw":"Secrets of M\u00fcnster","_yoast_wpseo_metadesc":"Secrets of M\u00fcnster. Ch\u01a1i Tr\u00f2 ch\u01a1i Th\u00e0nh ph\u1ed1 t\u1ef1 h\u01b0\u1edbng d\u1eabn v\u00e0 kh\u00e1m ph\u00e1 th\u00e0nh ph\u1ed1 qua c\u00e1c c\u00e2u \u0111\u1ed1, c\u00e2u \u0111\u1ed1 m\u1eb9o v\u00e0 th\u1eed th\u00e1ch. Ch\u01a1i theo t\u1ed1c \u0111\u1ed9 c\u1ee7a ri\u00eang b\u1ea1n v\u00e0 kh\u00e1m ph\u00e1 nh\u01b0 m\u1ed9t ng\u01b0\u1eddi \u0111\u1ecba ph\u01b0\u01a1ng!","_kad_blocks_custom_css":"","_kad_blocks_head_custom_js":"","_kad_blocks_body_custom_js":"","_kad_blocks_footer_custom_js":"","ghostkit_customizer_options":"","ghostkit_custom_css":"","ghostkit_custom_js_head":"","ghostkit_custom_js_foot":"","ghostkit_typography":"","_kad_post_transparent":"","_kad_post_title":"","_kad_post_layout":"","_kad_post_sidebar_id":"","_kad_post_content_style":"","_kad_post_vertical_padding":"","_kad_post_feature":"","_kad_post_feature_position":"","_kad_post_header":false,"_kad_post_footer":false,"_kad_post_classname":"","_links_to":"","_links_to_target":""},"game-concept":[36],"location":[],"product_brand":[],"product_cat":[27],"product_tag":[],"class_list":{"0":"post-46672","1":"product","2":"type-product","3":"status-publish","4":"has-post-thumbnail","6":"game-concept-secrets","7":"product_cat-geen-categorie","9":"first","10":"instock","11":"shipping-taxable","12":"purchasable","13":"product-type-simple","14":"entry","15":"content-bg","16":"loop-entry"},"acf":{"full_bokun_product_name":"Self-Guided Secrets of M\u00fcnster Exploration Game","location_name":"M\u00fcnster","bokun_calendar_widget_code":"<script type=\"text\/javascript\" src=\"https:\/\/widgets.bokun.io\/assets\/javascripts\/apps\/build\/BokunWidgetsLoader.js?bookingChannelUUID=a1e93e96-5232-4734-a595-28405f4b5a31\" async><\/script>\n     \n    <div class=\"bokunWidget\" data-src=\"https:\/\/widgets.bokun.io\/online-sales\/a1e93e96-5232-4734-a595-28405f4b5a31\/experience-calendar\/948614\"><\/div>\n    <noscript>Please enable javascript in your browser to book<\/noscript>","bokun_button_widget_code":"<script type=\"text\/javascript\" src=\"https:\/\/widgets.bokun.io\/assets\/javascripts\/apps\/build\/BokunWidgetsLoader.js?bookingChannelUUID=a1e93e96-5232-4734-a595-28405f4b5a31\" async><\/script>\n      <style> #bokun_ed001e45_5927_4f62_b470_ca766338d083 { display: inline-block; padding: .4em 1em; background: #47b82e; border-radius: 999999px; box-shadow: none; font-weight: 600; font-size: 24px; text-decoration: none; text-align: center; color: #FFFFFF; border:none; cursor: pointer; transition: background .2s ease; } #bokun_ed001e45_5927_4f62_b470_ca766338d083:hover{ background: #2f7b1f; } #bokun_ed001e45_5927_4f62_b470_ca766338d083:active{ background: #378f24; } <\/style> <button class=\"bokunButton\" disabled id=bokun_ed001e45_5927_4f62_b470_ca766338d083 data-src=\"https:\/\/widgets.bokun.io\/online-sales\/a1e93e96-5232-4734-a595-28405f4b5a31\/experience-calendar\/948614?partialView=1\" data-testid=\"widget-book-button\" > Book now <\/button> ","what_you\u2019ll_experience_during_the_game":"Trong Tr\u00f2 ch\u01a1i Th\u00e0nh ph\u1ed1 \u1edf M\u00fcnster, b\u1ea1n s\u1ebd kh\u00e1m ph\u00e1 th\u00e0nh ph\u1ed1 th\u00f4ng qua m\u1ed9t c\u00e2u chuy\u1ec7n nh\u1eadp vai k\u1ebft h\u1ee3p v\u1edbi c\u00e1c th\u1eed th\u00e1ch t\u01b0\u01a1ng t\u00e1c. Khi b\u1ea1n theo d\u00f5i c\u00e1c manh m\u1ed1i, b\u1ea1n s\u1ebd \u0111\u01b0\u1ee3c h\u01b0\u1edbng d\u1eabn qua s\u1ef1 pha tr\u1ed9n gi\u1eefa c\u00e1c \u0111i\u1ec3m tham quan n\u1ed5i ti\u1ebfng v\u00e0 nh\u1eefng g\u00f3c ph\u1ed1 y\u00ean t\u0129nh h\u01a1n, kh\u00e1m ph\u00e1 c\u00e1c l\u1edbp l\u1ecbch s\u1eed v\u00e0 \u0111\u1eb7c tr\u01b0ng. C\u00e1c \u0111i\u1ec3m n\u1ed5i b\u1eadt bao g\u1ed3m c\u00e1c \u0111i\u1ec3m d\u1eebng t\u1ea1i Prinzipalmarkt, khu ch\u1ee3 \u0111\u1eb9p nh\u01b0 tranh v\u1ebd c\u1ee7a th\u00e0nh ph\u1ed1, Nh\u00e0 th\u1edd St. Paulus \u1ea5n t\u01b0\u1ee3ng v\u00e0 t\u00f2a th\u1ecb ch\u00ednh l\u1ecbch s\u1eed. Tr\u00ean \u0111\u01b0\u1eddng \u0111i, b\u1ea1n s\u1ebd kh\u00e1m ph\u00e1 nh\u1eefng chi ti\u1ebft \u0111\u1ecba ph\u01b0\u01a1ng th\u01b0\u1eddng b\u1ecb b\u1ecf qua, t\u1ea1o ra m\u1ed9t k\u1ebft n\u1ed1i s\u00e2u s\u1eafc h\u01a1n v\u1edbi b\u1ea7u kh\u00f4ng kh\u00ed c\u1ee7a M\u00fcnster.\n\nTrong khi kh\u00e1m ph\u00e1 M\u00fcnster, b\u1ea1n s\u1ebd gi\u1ea3i quy\u1ebft nhi\u1ec1u c\u00e2u \u0111\u1ed1, c\u00e2u \u0111\u1ed1 m\u1eb9o v\u00e0 c\u00e1c th\u1eed th\u00e1ch \u1ea3nh h\u1ea5p d\u1eabn h\u00f2a quy\u1ec7n v\u00e0o c\u00e2u chuy\u1ec7n. M\u1ed7i nhi\u1ec7m v\u1ee5 s\u1ebd gi\u00fap b\u1ea1n ki\u1ebfm \u0111i\u1ec3m, ti\u1ebft l\u1ed9 nh\u1eefng g\u1ee3i \u00fd h\u1eefu \u00edch v\u00e0 \u0111\u01b0a b\u1ea1n \u0111\u1ebfn g\u1ea7n h\u01a1n vi\u1ec7c ho\u00e0n th\u00e0nh b\u00ed \u1ea9n cu\u1ed1i c\u00f9ng. B\u1ea1n c\u00f3 th\u1ec3 t\u1ea1m d\u1eebng tr\u00f2 ch\u01a1i b\u1ea5t c\u1ee9 l\u00fac n\u00e0o v\u00e0 ti\u1ebfp t\u1ee5c sau, gi\u00fap d\u1ec5 d\u00e0ng \u0111i\u1ec1u ch\u1ec9nh tr\u1ea3i nghi\u1ec7m theo t\u1ed1c \u0111\u1ed9 c\u1ee7a m\u00ecnh. \u0110\u1ed1i v\u1edbi nh\u1eefng ng\u01b0\u1eddi th\u00edch c\u1ea1nh tranh, Tr\u00f2 ch\u01a1i Th\u00e0nh ph\u1ed1 mang \u0111\u1ebfn c\u01a1 h\u1ed9i leo l\u00ean b\u1ea3ng x\u1ebfp h\u1ea1ng b\u1eb1ng c\u00e1ch ho\u00e0n th\u00e0nh th\u1eed th\u00e1ch v\u1edbi t\u1ed1c \u0111\u1ed9 v\u00e0 s\u1ef1 s\u00e1ng t\u1ea1o.","how_to_play":"\u0110\u1eb7t Tr\u00f2 ch\u01a1i Kh\u00e1m ph\u00e1, ki\u1ec3m tra email ch\u00fang t\u00f4i g\u1eedi cho b\u1ea1n v\u1edbi c\u00e1c h\u01b0\u1edbng d\u1eabn \u0111\u01a1n gi\u1ea3n, t\u1ea3i xu\u1ed1ng \u1ee8ng d\u1ee5ng Loquiz, truy c\u1eadp Tr\u00f2 ch\u01a1i Kh\u00e1m ph\u00e1 v\u00e0 b\u1ea1n \u0111\u00e3 s\u1eb5n s\u00e0ng b\u1eaft \u0111\u1ea7u tr\u1ea3i nghi\u1ec7m tr\u00f2 ch\u01a1i c\u1ee7a m\u00ecnh!","start_location":"M\u00fcnster, Domplatz","available_languages":["en"],"players_per_group":"1-4","duration":"1.5-2 hours","image_overlay_color_image":"https:\/\/testwebsite.citygame.com\/wp-content\/blogs.dir\/1\/files\/sites\/62\/2026\/01\/SecretsColor.svg","image_overlay_game_logo":"https:\/\/testwebsite.citygame.com\/wp-content\/blogs.dir\/1\/files\/sites\/62\/2026\/01\/SecretsLogo.png","city_page":5484,"woocommerce_general_content":null,"the_story":"","name_main_character":"","photo_main_character":null,"loquiz_or_kokimoki":"Loquiz"},"yoast_head":"<!-- This site is optimized with the Yoast SEO Premium plugin v26.2 (Yoast SEO v26.3) - https:\/\/yoast.com\/wordpress\/plugins\/seo\/ -->\n<title>S\u1ea3n ph\u1ea9m - City Game<\/title>\n<meta name=\"description\" content=\"Secrets of M\u00fcnster. Ch\u01a1i Tr\u00f2 ch\u01a1i Th\u00e0nh ph\u1ed1 t\u1ef1 h\u01b0\u1edbng d\u1eabn v\u00e0 kh\u00e1m ph\u00e1 th\u00e0nh ph\u1ed1 qua c\u00e1c c\u00e2u \u0111\u1ed1, c\u00e2u \u0111\u1ed1 m\u1eb9o v\u00e0 th\u1eed th\u00e1ch. Ch\u01a1i theo t\u1ed1c \u0111\u1ed9 c\u1ee7a ri\u00eang b\u1ea1n v\u00e0 kh\u00e1m ph\u00e1 nh\u01b0 m\u1ed9t ng\u01b0\u1eddi \u0111\u1ecba ph\u01b0\u01a1ng!\" \/>\n<meta name=\"robots\" content=\"noindex, follow, max-snippet:-1, max-image-preview:large, max-video-preview:-1\" \/>\n<meta property=\"og:locale\" content=\"vi_VN\" \/>\n<meta property=\"og:type\" content=\"article\" \/>\n<meta property=\"og:title\" content=\"S\u1ea3n ph\u1ea9m\" \/>\n<meta property=\"og:description\" content=\"Secrets of M\u00fcnster. Ch\u01a1i Tr\u00f2 ch\u01a1i Th\u00e0nh ph\u1ed1 t\u1ef1 h\u01b0\u1edbng d\u1eabn v\u00e0 kh\u00e1m ph\u00e1 th\u00e0nh ph\u1ed1 qua c\u00e1c c\u00e2u \u0111\u1ed1, c\u00e2u \u0111\u1ed1 m\u1eb9o v\u00e0 th\u1eed th\u00e1ch. Ch\u01a1i theo t\u1ed1c \u0111\u1ed9 c\u1ee7a ri\u00eang b\u1ea1n v\u00e0 kh\u00e1m ph\u00e1 nh\u01b0 m\u1ed9t ng\u01b0\u1eddi \u0111\u1ecba ph\u01b0\u01a1ng!\" \/>\n<meta property=\"og:url\" content=\"https:\/\/testwebsite.citygame.com\/vi\/games\/unknown-location\/san-pham-397\/\" \/>\n<meta property=\"og:site_name\" content=\"City Game\" \/>\n<meta property=\"article:publisher\" content=\"https:\/\/www.facebook.com\/profile.php?id=100086426226253\" \/>\n<meta property=\"article:modified_time\" content=\"2026-04-03T07:56:42+00:00\" \/>\n<meta property=\"og:image\" content=\"https:\/\/testwebsite.citygame.com\/wp-content\/blogs.dir\/1\/files\/sites\/62\/2026\/01\/group-of-friends-playing-city-game-prinzipalmarkt-muenster.jpg\" \/>\n\t<meta property=\"og:image:width\" content=\"1184\" \/>\n\t<meta property=\"og:image:height\" content=\"864\" \/>\n\t<meta property=\"og:image:type\" content=\"image\/jpeg\" \/>\n<meta name=\"twitter:card\" content=\"summary_large_image\" \/>\n<script type=\"application\/ld+json\" class=\"yoast-schema-graph\">{\"@context\":\"https:\/\/schema.org\",\"@graph\":[{\"@type\":\"WebPage\",\"@id\":\"https:\/\/testwebsite.citygame.com\/vi\/games\/unknown-location\/san-pham-397\/\",\"url\":\"https:\/\/testwebsite.citygame.com\/vi\/games\/unknown-location\/san-pham-397\/\",\"name\":\"S\u1ea3n ph\u1ea9m - City Game\",\"isPartOf\":{\"@id\":\"https:\/\/testwebsite.upevents.nl\/#website\"},\"primaryImageOfPage\":{\"@id\":\"https:\/\/testwebsite.citygame.com\/vi\/games\/unknown-location\/san-pham-397\/#primaryimage\"},\"image\":{\"@id\":\"https:\/\/testwebsite.citygame.com\/vi\/games\/unknown-location\/san-pham-397\/#primaryimage\"},\"thumbnailUrl\":\"https:\/\/testwebsite.citygame.com\/wp-content\/blogs.dir\/1\/files\/sites\/62\/2026\/01\/group-of-friends-playing-city-game-prinzipalmarkt-muenster.jpg\",\"datePublished\":\"2026-01-27T15:38:32+00:00\",\"dateModified\":\"2026-04-03T07:56:42+00:00\",\"description\":\"Secrets of M\u00fcnster. Ch\u01a1i Tr\u00f2 ch\u01a1i Th\u00e0nh ph\u1ed1 t\u1ef1 h\u01b0\u1edbng d\u1eabn v\u00e0 kh\u00e1m ph\u00e1 th\u00e0nh ph\u1ed1 qua c\u00e1c c\u00e2u \u0111\u1ed1, c\u00e2u \u0111\u1ed1 m\u1eb9o v\u00e0 th\u1eed th\u00e1ch. Ch\u01a1i theo t\u1ed1c \u0111\u1ed9 c\u1ee7a ri\u00eang b\u1ea1n v\u00e0 kh\u00e1m ph\u00e1 nh\u01b0 m\u1ed9t ng\u01b0\u1eddi \u0111\u1ecba ph\u01b0\u01a1ng!\",\"breadcrumb\":{\"@id\":\"https:\/\/testwebsite.citygame.com\/vi\/games\/unknown-location\/san-pham-397\/#breadcrumb\"},\"inLanguage\":\"vi\",\"potentialAction\":[{\"@type\":\"ReadAction\",\"target\":[\"https:\/\/testwebsite.citygame.com\/vi\/games\/unknown-location\/san-pham-397\/\"]}]},{\"@type\":\"ImageObject\",\"inLanguage\":\"vi\",\"@id\":\"https:\/\/testwebsite.citygame.com\/vi\/games\/unknown-location\/san-pham-397\/#primaryimage\",\"url\":\"https:\/\/testwebsite.citygame.com\/wp-content\/blogs.dir\/1\/files\/sites\/62\/2026\/01\/group-of-friends-playing-city-game-prinzipalmarkt-muenster.jpg\",\"contentUrl\":\"https:\/\/testwebsite.citygame.com\/wp-content\/blogs.dir\/1\/files\/sites\/62\/2026\/01\/group-of-friends-playing-city-game-prinzipalmarkt-muenster.jpg\",\"width\":1184,\"height\":864,\"caption\":\"A group of young friends enjoys a sunny day playing a game in M\u00fcnster's old town.\"},{\"@type\":\"BreadcrumbList\",\"@id\":\"https:\/\/testwebsite.citygame.com\/vi\/games\/unknown-location\/san-pham-397\/#breadcrumb\",\"itemListElement\":[{\"@type\":\"ListItem\",\"position\":1,\"name\":\"Home\",\"item\":\"https:\/\/testwebsite.citygame.com\/vi\/\"},{\"@type\":\"ListItem\",\"position\":2,\"name\":\"Shop\",\"item\":\"https:\/\/testwebsite.citygame.com\/shop\/\"},{\"@type\":\"ListItem\",\"position\":3,\"name\":\"S\u1ea3n ph\u1ea9m\"}]},{\"@type\":\"WebSite\",\"@id\":\"https:\/\/testwebsite.upevents.nl\/#website\",\"url\":\"https:\/\/testwebsite.upevents.nl\/\",\"name\":\"City Game\",\"description\":\"\",\"publisher\":{\"@id\":\"https:\/\/testwebsite.upevents.nl\/#organization\"},\"alternateName\":\"citygame.com\",\"potentialAction\":[{\"@type\":\"SearchAction\",\"target\":{\"@type\":\"EntryPoint\",\"urlTemplate\":\"https:\/\/testwebsite.upevents.nl\/?s={search_term_string}\"},\"query-input\":{\"@type\":\"PropertyValueSpecification\",\"valueRequired\":true,\"valueName\":\"search_term_string\"}}],\"inLanguage\":\"vi\"},{\"@type\":[\"Organization\",\"Place\"],\"@id\":\"https:\/\/testwebsite.upevents.nl\/#organization\",\"name\":\"City Game\",\"alternateName\":\"citygame.com\",\"url\":\"https:\/\/testwebsite.upevents.nl\/\",\"logo\":{\"@id\":\"https:\/\/testwebsite.citygame.com\/vi\/games\/unknown-location\/san-pham-397\/#local-main-organization-logo\"},\"image\":{\"@id\":\"https:\/\/testwebsite.citygame.com\/vi\/games\/unknown-location\/san-pham-397\/#local-main-organization-logo\"},\"sameAs\":[\"https:\/\/www.facebook.com\/profile.php?id=100086426226253\",\"https:\/\/www.instagram.com\/citygame_com\",\"https:\/\/www.tiktok.com\/@citygamecom\/\",\"https:\/\/www.linkedin.com\/company\/citygame-com\"],\"description\":\"Turn any city into a playground with our interactive City Games and self-guided tours. Fun, flexible, and ideal for groups and team building.\",\"telephone\":[],\"openingHoursSpecification\":[{\"@type\":\"OpeningHoursSpecification\",\"dayOfWeek\":[\"Monday\",\"Tuesday\",\"Wednesday\",\"Thursday\",\"Friday\",\"Saturday\",\"Sunday\"],\"opens\":\"09:00\",\"closes\":\"17:00\"}]},{\"@type\":\"ImageObject\",\"inLanguage\":\"vi\",\"@id\":\"https:\/\/testwebsite.citygame.com\/vi\/games\/unknown-location\/san-pham-397\/#local-main-organization-logo\",\"url\":\"https:\/\/testwebsite.citygame.com\/wp-content\/blogs.dir\/1\/files\/sites\/62\/2025\/10\/CG_LOGO-City-Game.png\",\"contentUrl\":\"https:\/\/testwebsite.citygame.com\/wp-content\/blogs.dir\/1\/files\/sites\/62\/2025\/10\/CG_LOGO-City-Game.png\",\"width\":351,\"height\":377,\"caption\":\"City Game\"}]}<\/script>\n<!-- \/ Yoast SEO Premium plugin. -->","yoast_head_json":{"title":"S\u1ea3n ph\u1ea9m - City Game","description":"Secrets of M\u00fcnster. Ch\u01a1i Tr\u00f2 ch\u01a1i Th\u00e0nh ph\u1ed1 t\u1ef1 h\u01b0\u1edbng d\u1eabn v\u00e0 kh\u00e1m ph\u00e1 th\u00e0nh ph\u1ed1 qua c\u00e1c c\u00e2u \u0111\u1ed1, c\u00e2u \u0111\u1ed1 m\u1eb9o v\u00e0 th\u1eed th\u00e1ch. Ch\u01a1i theo t\u1ed1c \u0111\u1ed9 c\u1ee7a ri\u00eang b\u1ea1n v\u00e0 kh\u00e1m ph\u00e1 nh\u01b0 m\u1ed9t ng\u01b0\u1eddi \u0111\u1ecba ph\u01b0\u01a1ng!","robots":{"index":"noindex","follow":"follow","max-snippet":"max-snippet:-1","max-image-preview":"max-image-preview:large","max-video-preview":"max-video-preview:-1"},"og_locale":"vi_VN","og_type":"article","og_title":"S\u1ea3n ph\u1ea9m","og_description":"Secrets of M\u00fcnster. Ch\u01a1i Tr\u00f2 ch\u01a1i Th\u00e0nh ph\u1ed1 t\u1ef1 h\u01b0\u1edbng d\u1eabn v\u00e0 kh\u00e1m ph\u00e1 th\u00e0nh ph\u1ed1 qua c\u00e1c c\u00e2u \u0111\u1ed1, c\u00e2u \u0111\u1ed1 m\u1eb9o v\u00e0 th\u1eed th\u00e1ch. Ch\u01a1i theo t\u1ed1c \u0111\u1ed9 c\u1ee7a ri\u00eang b\u1ea1n v\u00e0 kh\u00e1m ph\u00e1 nh\u01b0 m\u1ed9t ng\u01b0\u1eddi \u0111\u1ecba ph\u01b0\u01a1ng!","og_url":"https:\/\/testwebsite.citygame.com\/vi\/games\/unknown-location\/san-pham-397\/","og_site_name":"City Game","article_publisher":"https:\/\/www.facebook.com\/profile.php?id=100086426226253","article_modified_time":"2026-04-03T07:56:42+00:00","og_image":[{"width":1184,"height":864,"url":"https:\/\/testwebsite.citygame.com\/wp-content\/blogs.dir\/1\/files\/sites\/62\/2026\/01\/group-of-friends-playing-city-game-prinzipalmarkt-muenster.jpg","type":"image\/jpeg"}],"twitter_card":"summary_large_image","schema":{"@context":"https:\/\/schema.org","@graph":[{"@type":"WebPage","@id":"https:\/\/testwebsite.citygame.com\/vi\/games\/unknown-location\/san-pham-397\/","url":"https:\/\/testwebsite.citygame.com\/vi\/games\/unknown-location\/san-pham-397\/","name":"S\u1ea3n ph\u1ea9m - City Game","isPartOf":{"@id":"https:\/\/testwebsite.upevents.nl\/#website"},"primaryImageOfPage":{"@id":"https:\/\/testwebsite.citygame.com\/vi\/games\/unknown-location\/san-pham-397\/#primaryimage"},"image":{"@id":"https:\/\/testwebsite.citygame.com\/vi\/games\/unknown-location\/san-pham-397\/#primaryimage"},"thumbnailUrl":"https:\/\/testwebsite.citygame.com\/wp-content\/blogs.dir\/1\/files\/sites\/62\/2026\/01\/group-of-friends-playing-city-game-prinzipalmarkt-muenster.jpg","datePublished":"2026-01-27T15:38:32+00:00","dateModified":"2026-04-03T07:56:42+00:00","description":"Secrets of M\u00fcnster. Ch\u01a1i Tr\u00f2 ch\u01a1i Th\u00e0nh ph\u1ed1 t\u1ef1 h\u01b0\u1edbng d\u1eabn v\u00e0 kh\u00e1m ph\u00e1 th\u00e0nh ph\u1ed1 qua c\u00e1c c\u00e2u \u0111\u1ed1, c\u00e2u \u0111\u1ed1 m\u1eb9o v\u00e0 th\u1eed th\u00e1ch. Ch\u01a1i theo t\u1ed1c \u0111\u1ed9 c\u1ee7a ri\u00eang b\u1ea1n v\u00e0 kh\u00e1m ph\u00e1 nh\u01b0 m\u1ed9t ng\u01b0\u1eddi \u0111\u1ecba ph\u01b0\u01a1ng!","breadcrumb":{"@id":"https:\/\/testwebsite.citygame.com\/vi\/games\/unknown-location\/san-pham-397\/#breadcrumb"},"inLanguage":"vi","potentialAction":[{"@type":"ReadAction","target":["https:\/\/testwebsite.citygame.com\/vi\/games\/unknown-location\/san-pham-397\/"]}]},{"@type":"ImageObject","inLanguage":"vi","@id":"https:\/\/testwebsite.citygame.com\/vi\/games\/unknown-location\/san-pham-397\/#primaryimage","url":"https:\/\/testwebsite.citygame.com\/wp-content\/blogs.dir\/1\/files\/sites\/62\/2026\/01\/group-of-friends-playing-city-game-prinzipalmarkt-muenster.jpg","contentUrl":"https:\/\/testwebsite.citygame.com\/wp-content\/blogs.dir\/1\/files\/sites\/62\/2026\/01\/group-of-friends-playing-city-game-prinzipalmarkt-muenster.jpg","width":1184,"height":864,"caption":"A group of young friends enjoys a sunny day playing a game in M\u00fcnster's old town."},{"@type":"BreadcrumbList","@id":"https:\/\/testwebsite.citygame.com\/vi\/games\/unknown-location\/san-pham-397\/#breadcrumb","itemListElement":[{"@type":"ListItem","position":1,"name":"Home","item":"https:\/\/testwebsite.citygame.com\/vi\/"},{"@type":"ListItem","position":2,"name":"Shop","item":"https:\/\/testwebsite.citygame.com\/shop\/"},{"@type":"ListItem","position":3,"name":"S\u1ea3n ph\u1ea9m"}]},{"@type":"WebSite","@id":"https:\/\/testwebsite.upevents.nl\/#website","url":"https:\/\/testwebsite.upevents.nl\/","name":"City Game","description":"","publisher":{"@id":"https:\/\/testwebsite.upevents.nl\/#organization"},"alternateName":"citygame.com","potentialAction":[{"@type":"SearchAction","target":{"@type":"EntryPoint","urlTemplate":"https:\/\/testwebsite.upevents.nl\/?s={search_term_string}"},"query-input":{"@type":"PropertyValueSpecification","valueRequired":true,"valueName":"search_term_string"}}],"inLanguage":"vi"},{"@type":["Organization","Place"],"@id":"https:\/\/testwebsite.upevents.nl\/#organization","name":"City Game","alternateName":"citygame.com","url":"https:\/\/testwebsite.upevents.nl\/","logo":{"@id":"https:\/\/testwebsite.citygame.com\/vi\/games\/unknown-location\/san-pham-397\/#local-main-organization-logo"},"image":{"@id":"https:\/\/testwebsite.citygame.com\/vi\/games\/unknown-location\/san-pham-397\/#local-main-organization-logo"},"sameAs":["https:\/\/www.facebook.com\/profile.php?id=100086426226253","https:\/\/www.instagram.com\/citygame_com","https:\/\/www.tiktok.com\/@citygamecom\/","https:\/\/www.linkedin.com\/company\/citygame-com"],"description":"Turn any city into a playground with our interactive City Games and self-guided tours. Fun, flexible, and ideal for groups and team building.","telephone":[],"openingHoursSpecification":[{"@type":"OpeningHoursSpecification","dayOfWeek":["Monday","Tuesday","Wednesday","Thursday","Friday","Saturday","Sunday"],"opens":"09:00","closes":"17:00"}]},{"@type":"ImageObject","inLanguage":"vi","@id":"https:\/\/testwebsite.citygame.com\/vi\/games\/unknown-location\/san-pham-397\/#local-main-organization-logo","url":"https:\/\/testwebsite.citygame.com\/wp-content\/blogs.dir\/1\/files\/sites\/62\/2025\/10\/CG_LOGO-City-Game.png","contentUrl":"https:\/\/testwebsite.citygame.com\/wp-content\/blogs.dir\/1\/files\/sites\/62\/2025\/10\/CG_LOGO-City-Game.png","width":351,"height":377,"caption":"City Game"}]}},"taxonomy_info":{"game-concept":[{"value":36,"label":"Secrets"}],"product_cat":[{"value":27,"label":"Geen categorie"}]},"featured_image_src_large":["https:\/\/testwebsite.citygame.com\/wp-content\/blogs.dir\/1\/files\/sites\/62\/2026\/01\/group-of-friends-playing-city-game-prinzipalmarkt-muenster-1024x747.jpg",1024,747,true],"author_info":[],"comment_info":"","_links":{"self":[{"href":"https:\/\/testwebsite.citygame.com\/vi\/wp-json\/wp\/v2\/product\/46672","targetHints":{"allow":["GET"]}}],"collection":[{"href":"https:\/\/testwebsite.citygame.com\/vi\/wp-json\/wp\/v2\/product"}],"about":[{"href":"https:\/\/testwebsite.citygame.com\/vi\/wp-json\/wp\/v2\/types\/product"}],"acf:post":[{"embeddable":true,"href":"https:\/\/testwebsite.citygame.com\/vi\/wp-json\/wp\/v2\/pages\/5484"}],"wp:featuredmedia":[{"embeddable":true,"href":"https:\/\/testwebsite.citygame.com\/vi\/wp-json\/wp\/v2\/media\/5497"}],"wp:attachment":[{"href":"https:\/\/testwebsite.citygame.com\/vi\/wp-json\/wp\/v2\/media?parent=46672"}],"wp:term":[{"taxonomy":"game-concept","embeddable":true,"href":"https:\/\/testwebsite.citygame.com\/vi\/wp-json\/wp\/v2\/game-concept?post=46672"},{"taxonomy":"location","embeddable":true,"href":"https:\/\/testwebsite.citygame.com\/vi\/wp-json\/wp\/v2\/location?post=46672"},{"taxonomy":"product_brand","embeddable":true,"href":"https:\/\/testwebsite.citygame.com\/vi\/wp-json\/wp\/v2\/product_brand?post=46672"},{"taxonomy":"product_cat","embeddable":true,"href":"https:\/\/testwebsite.citygame.com\/vi\/wp-json\/wp\/v2\/product_cat?post=46672"},{"taxonomy":"product_tag","embeddable":true,"href":"https:\/\/testwebsite.citygame.com\/vi\/wp-json\/wp\/v2\/product_tag?post=46672"}],"curies":[{"name":"wp","href":"https:\/\/api.w.org\/{rel}","templated":true}]}}