{"id":43235,"date":"2026-01-13T09:42:40","date_gmt":"2026-01-13T09:42:40","guid":{"rendered":"https:\/\/testwebsite.citygame.com\/games\/unknown-location\/san-pham-350\/"},"modified":"2026-04-02T20:18:17","modified_gmt":"2026-04-02T20:18:17","slug":"san-pham-350","status":"publish","type":"product","link":"https:\/\/testwebsite.citygame.com\/vi\/games\/unknown-location\/san-pham-350\/","title":{"rendered":"S\u1ea3n ph\u1ea9m"},"content":{"rendered":"","protected":false},"excerpt":{"rendered":"","protected":false},"featured_media":3565,"template":"","meta":{"_acf_changed":false,"_yoast_wpseo_focuskw":"Secrets of Uppsala","_yoast_wpseo_metadesc":"Secrets of Uppsala. Ch\u01a1i Tr\u00f2 ch\u01a1i Th\u00e0nh ph\u1ed1 t\u1ef1 h\u01b0\u1edbng d\u1eabn v\u00e0 kh\u00e1m ph\u00e1 th\u00e0nh ph\u1ed1 th\u00f4ng qua c\u00e1c c\u00e2u \u0111\u1ed1, b\u00ed \u1ea9n v\u00e0 th\u1eed th\u00e1ch. Ch\u01a1i theo t\u1ed1c \u0111\u1ed9 c\u1ee7a ri\u00eang b\u1ea1n v\u00e0 kh\u00e1m ph\u00e1 nh\u01b0 m\u1ed9t ng\u01b0\u1eddi \u0111\u1ecba ph\u01b0\u01a1ng!","_kad_blocks_custom_css":"","_kad_blocks_head_custom_js":"","_kad_blocks_body_custom_js":"","_kad_blocks_footer_custom_js":"","ghostkit_customizer_options":"","ghostkit_custom_css":"","ghostkit_custom_js_head":"","ghostkit_custom_js_foot":"","ghostkit_typography":"","_kad_post_transparent":"default","_kad_post_title":"","_kad_post_layout":"default","_kad_post_sidebar_id":"","_kad_post_content_style":"default","_kad_post_vertical_padding":"default","_kad_post_feature":"","_kad_post_feature_position":"","_kad_post_header":false,"_kad_post_footer":false,"_kad_post_classname":"","_links_to":"","_links_to_target":""},"game-concept":[36],"location":[],"product_brand":[],"product_cat":[27],"product_tag":[],"class_list":{"0":"post-43235","1":"product","2":"type-product","3":"status-publish","4":"has-post-thumbnail","6":"game-concept-secrets","7":"product_cat-geen-categorie","9":"first","10":"instock","11":"shipping-taxable","12":"purchasable","13":"product-type-simple","14":"entry","15":"content-bg","16":"loop-entry"},"acf":{"full_bokun_product_name":"Self-Guided Secrets of Uppsala Exploration Game","location_name":"Uppsala","bokun_calendar_widget_code":"<script type=\"text\/javascript\" src=\"https:\/\/widgets.bokun.io\/assets\/javascripts\/apps\/build\/BokunWidgetsLoader.js?bookingChannelUUID=a1e93e96-5232-4734-a595-28405f4b5a31\" async><\/script>\n     \n    <div class=\"bokunWidget\" data-src=\"https:\/\/widgets.bokun.io\/online-sales\/a1e93e96-5232-4734-a595-28405f4b5a31\/experience-calendar\/1071771\"><\/div>\n    <noscript>Please enable javascript in your browser to book<\/noscript>","bokun_button_widget_code":"<script type=\"text\/javascript\" src=\"https:\/\/widgets.bokun.io\/assets\/javascripts\/apps\/build\/BokunWidgetsLoader.js?bookingChannelUUID=a1e93e96-5232-4734-a595-28405f4b5a31\" async><\/script>\n      <style> #bokun_ed001e45_5927_4f62_b470_ca766338d083 { display: inline-block; padding: .4em 1em; background: #47b82e; border-radius: 999999px; box-shadow: none; font-weight: 600; font-size: 24px; text-decoration: none; text-align: center; color: #FFFFFF; border:none; cursor: pointer; transition: background .2s ease; } #bokun_ed001e45_5927_4f62_b470_ca766338d083:hover{ background: #2f7b1f; } #bokun_ed001e45_5927_4f62_b470_ca766338d083:active{ background: #378f24; } <\/style> <button class=\"bokunButton\" disabled id=bokun_ed001e45_5927_4f62_b470_ca766338d083 data-src=\"https:\/\/widgets.bokun.io\/online-sales\/a1e93e96-5232-4734-a595-28405f4b5a31\/experience-calendar\/1071771?partialView=1\" data-testid=\"widget-book-button\" > Book now <\/button> ","what_you\u2019ll_experience_during_the_game":"Trong Tr\u00f2 ch\u01a1i Th\u00e0nh ph\u1ed1 Secrets of Uppsala, b\u1ea1n s\u1ebd kh\u00e1m ph\u00e1 th\u00e0nh ph\u1ed1 th\u00f4ng qua s\u1ef1 k\u1ebft h\u1ee3p c\u1ee7a k\u1ec3 chuy\u1ec7n, gi\u1ea3i \u0111\u1ed1 v\u00e0 kh\u00e1m ph\u00e1. Khi theo d\u00f5i c\u00e2u chuy\u1ec7n, b\u1ea1n s\u1ebd gh\u00e9 th\u0103m c\u1ea3 nh\u1eefng \u0111\u1ecba danh n\u1ed5i ti\u1ebfng v\u00e0 nh\u1eefng g\u00f3c khu\u1ea5t, kh\u00e1m ph\u00e1 nh\u1eefng chi ti\u1ebft h\u1ea5p d\u1eabn tr\u00ean \u0111\u01b0\u1eddng \u0111i. Nh\u1eefng \u0111i\u1ec3m n\u1ed5i b\u1eadt bao g\u1ed3m Nh\u00e0 th\u1edd Uppsala tr\u00e1ng l\u1ec7, Chu\u00f4ng Gunilla l\u1ecbch s\u1eed v\u1edbi t\u1ea7m nh\u00ecn to\u00e0n c\u1ea3nh, v\u00e0 Carolina Rediviva, n\u01a1i l\u01b0u gi\u1eef Kinh th\u00e1nh B\u1ea1c. B\u1ea1n c\u0169ng s\u1ebd \u0111i qua c\u00e1c \u0111i\u1ec3m v\u0103n h\u00f3a nh\u01b0 Th\u01b0 vi\u1ec7n Th\u00e0nh ph\u1ed1 Uppsala v\u00e0 qu\u1ea3ng tr\u01b0\u1eddng trung t\u00e2m nh\u1ed9n nh\u1ecbp Stora Torget, m\u1ed7i n\u01a1i \u0111\u1ec1u b\u1ed5 sung m\u1ed9t l\u1edbp ri\u00eang cho c\u00e2u chuy\u1ec7n \u0111ang di\u1ec5n ra.\r\n\r\nTrong su\u1ed1t h\u00e0nh tr\u00ecnh, b\u1ea1n s\u1ebd gi\u1ea3i c\u00e1c c\u00e2u \u0111\u1ed1, tr\u1ea3 l\u1eddi c\u00e1c c\u00e2u h\u1ecfi d\u1ef1a tr\u00ean \u0111\u1ecba \u0111i\u1ec3m v\u00e0 ho\u00e0n th\u00e0nh c\u00e1c th\u1eed th\u00e1ch ch\u1ee5p \u1ea3nh s\u00e1ng t\u1ea1o gi\u00fap m\u1edf kh\u00f3a manh m\u1ed1i v\u00e0 ki\u1ebfm \u0111i\u1ec3m. M\u1ed7i nhi\u1ec7m v\u1ee5 \u0111\u01b0a b\u1ea1n \u0111\u1ebfn g\u1ea7n h\u01a1n vi\u1ec7c gi\u1ea3i quy\u1ebft b\u00ed \u1ea9n cu\u1ed1i c\u00f9ng, \u0111\u1ed3ng th\u1eddi c\u00e1c g\u1ee3i \u00fd s\u1ebd c\u00f3 s\u1eb5n n\u1ebfu b\u1ea1n g\u1eb7p kh\u00f3 kh\u0103n. Tr\u00f2 ch\u01a1i Th\u00e0nh ph\u1ed1 \u0111\u01b0\u1ee3c thi\u1ebft k\u1ebf linh ho\u1ea1t\u2014b\u1ea1n c\u00f3 th\u1ec3 t\u1ea1m d\u1eebng v\u00e0 ti\u1ebfp t\u1ee5c b\u1ea5t c\u1ee9 khi n\u00e0o ph\u00f9 h\u1ee3p v\u1edbi m\u00ecnh. \u0110\u1ed1i v\u1edbi c\u00e1c \u0111\u1ed9i c\u1ea1nh tranh ho\u1eb7c ng\u01b0\u1eddi ch\u01a1i \u0111\u01a1n, tr\u1ea3i nghi\u1ec7m c\u0169ng bao g\u1ed3m b\u1ea3ng x\u1ebfp h\u1ea1ng \u0111\u1ec3 theo d\u00f5i th\u00e0nh t\u00edch c\u1ee7a b\u1ea1n trong Uppsala.","how_to_play":"Sau khi \u0111\u1eb7t ch\u1ed7, b\u1ea1n s\u1ebd nh\u1eadn \u0111\u01b0\u1ee3c email k\u00e8m theo li\u00ean k\u1ebft ch\u01a1i tr\u1ef1c ti\u1ebfp. Ch\u1ec9 c\u1ea7n \u0111\u1ebfn \u0111\u1ecba \u0111i\u1ec3m b\u1eaft \u0111\u1ea7u t\u1ea1i S\u00e2n th\u01b0\u1ee3ng L\u00e2u \u0111\u00e0i Uppsala v\u00e0 b\u1eaft \u0111\u1ea7u cu\u1ed9c phi\u00eau l\u01b0u c\u1ee7a b\u1ea1n khi b\u1ea1n s\u1eb5n s\u00e0ng. Ch\u01a1i theo t\u1ed1c \u0111\u1ed9 c\u1ee7a ri\u00eang b\u1ea1n, t\u1ea1m d\u1eebng b\u1ea5t c\u1ee9 khi n\u00e0o b\u1ea1n mu\u1ed1n v\u00e0 ti\u1ebfp t\u1ee5c sau \u0111\u1ec3 ti\u1ebfp t\u1ee5c c\u00e2u chuy\u1ec7n.","start_location":"Uppsala, Uppsala Castle Terrace","available_languages":"","players_per_group":"1-4","duration":"1.5-2 hours","image_overlay_color_image":"https:\/\/testwebsite.citygame.com\/wp-content\/blogs.dir\/1\/files\/sites\/62\/2026\/01\/SecretsColor.svg","image_overlay_game_logo":"https:\/\/testwebsite.citygame.com\/wp-content\/blogs.dir\/1\/files\/sites\/62\/2026\/01\/SecretsLogo.png","city_page":7984,"woocommerce_general_content":null,"the_story":"<strong>Trong tr\u00e1i tim h\u1ecdc thu\u1eadt c\u1ee7a Uppsala, Vua Gustav Vasa \u0111\u1ed1i m\u1eb7t v\u1edbi m\u1ed9t s\u1ef1 c\u1ed1 ho\u00e0ng gia \u0111\u00e1ng x\u1ea5u h\u1ed5. M\u1ed9t ph\u00e1t s\u00fang \u0111\u1ea1i b\u00e1c l\u1ea1c \u0111\u00e3 khi\u1ebfn v\u00f2ng nguy\u1ec7t qu\u1ebf c\u1ee7a \u00f4ng bay v\u00fat l\u00ean kh\u00f4ng trung v\u00e0 bi\u1ebfn m\u1ea5t kh\u1ecfi t\u1ea7m m\u1eaft, khi\u1ebfn ng\u01b0\u1eddi cha c\u1ee7a Th\u1ee5y \u0110i\u1ec3n hi\u1ec7n \u0111\u1ea1i ph\u1ea3i tr\u1ea7n \u0111\u1ea7u v\u00e0 ph\u1eabn n\u1ed9.<\/strong><br><br>Gi\u1edd \u0111\u00e2y, \u00f4ng \u0111\u00e3 tri\u1ec7u t\u1eadp b\u1ea1n, ng\u01b0\u1eddi h\u1ecdc tr\u00f2 m\u1edbi nh\u1ea5t v\u00e0 ng\u00e2y th\u01a1 nh\u1ea5t c\u1ee7a m\u00ecnh, \u0111\u1ec3 t\u00ecm l\u1ea1i n\u00f3. H\u00e3y tu\u00e2n theo nh\u1eefng m\u1ec7nh l\u1ec7nh vang d\u1ed9i c\u1ee7a \u00f4ng qua nh\u1eefng s\u00e2n v\u01b0\u1eddn ph\u1ee7 \u0111\u1ea7y d\u00e2y th\u01b0\u1eddng xu\u00e2n, d\u1ecdc theo nh\u1eefng con ph\u1ed1 l\u00e1t \u0111\u00e1 cu\u1ed9i v\u00e0 v\u01b0\u1ee3t qua h\u00e0ng th\u1ebf k\u1ef7 l\u1ecbch s\u1eed. T\u1eeb nh\u1eefng ch\u00fa s\u00f3c ch\u1ea1y tr\u1ed1n \u0111\u1ebfn nh\u1eefng b\u1ee9c t\u01b0\u1ee3ng d\u01b0\u1eddng nh\u01b0 \u0111ang d\u00f5i theo b\u1ea1n, m\u1ed7i manh m\u1ed1i s\u1ebd \u0111\u01b0a b\u1ea1n \u0111\u1ebfn g\u1ea7n h\u01a1n vi\u1ec7c kh\u00f4i ph\u1ee5c v\u01b0\u01a1ng mi\u1ec7n vinh quang c\u1ee7a \u00f4ng v\u00e0 c\u00f3 l\u1ebd l\u00e0 nh\u1eadn \u0111\u01b0\u1ee3c m\u1ed9t c\u00e1i g\u1eadt \u0111\u1ea7u t\u00e1n th\u00e0nh c\u1ee7a ho\u00e0ng gia.<br><br><strong>B\u1ea1n \u0111\u1ebfn \u0111\u1ec3 kh\u00e1m ph\u00e1. B\u1ea1n \u1edf l\u1ea1i \u0111\u1ec3 c\u1ee9u c\u00e2u chuy\u1ec7n.<\/strong>","name_main_character":"King Gustav Vasa","photo_main_character":43236,"loquiz_or_kokimoki":"Kokimoki"},"yoast_head":"<!-- This site is optimized with the Yoast SEO Premium plugin v26.2 (Yoast SEO v26.3) - https:\/\/yoast.com\/wordpress\/plugins\/seo\/ -->\n<title>S\u1ea3n ph\u1ea9m - City Game<\/title>\n<meta name=\"description\" content=\"Secrets of Uppsala. Ch\u01a1i Tr\u00f2 ch\u01a1i Th\u00e0nh ph\u1ed1 t\u1ef1 h\u01b0\u1edbng d\u1eabn v\u00e0 kh\u00e1m ph\u00e1 th\u00e0nh ph\u1ed1 th\u00f4ng qua c\u00e1c c\u00e2u \u0111\u1ed1, b\u00ed \u1ea9n v\u00e0 th\u1eed th\u00e1ch. Ch\u01a1i theo t\u1ed1c \u0111\u1ed9 c\u1ee7a ri\u00eang b\u1ea1n v\u00e0 kh\u00e1m ph\u00e1 nh\u01b0 m\u1ed9t ng\u01b0\u1eddi \u0111\u1ecba ph\u01b0\u01a1ng!\" \/>\n<meta name=\"robots\" content=\"noindex, follow, max-snippet:-1, max-image-preview:large, max-video-preview:-1\" \/>\n<meta property=\"og:locale\" content=\"vi_VN\" \/>\n<meta property=\"og:type\" content=\"article\" \/>\n<meta property=\"og:title\" content=\"S\u1ea3n ph\u1ea9m\" \/>\n<meta property=\"og:description\" content=\"Secrets of Uppsala. Ch\u01a1i Tr\u00f2 ch\u01a1i Th\u00e0nh ph\u1ed1 t\u1ef1 h\u01b0\u1edbng d\u1eabn v\u00e0 kh\u00e1m ph\u00e1 th\u00e0nh ph\u1ed1 th\u00f4ng qua c\u00e1c c\u00e2u \u0111\u1ed1, b\u00ed \u1ea9n v\u00e0 th\u1eed th\u00e1ch. Ch\u01a1i theo t\u1ed1c \u0111\u1ed9 c\u1ee7a ri\u00eang b\u1ea1n v\u00e0 kh\u00e1m ph\u00e1 nh\u01b0 m\u1ed9t ng\u01b0\u1eddi \u0111\u1ecba ph\u01b0\u01a1ng!\" \/>\n<meta property=\"og:url\" content=\"https:\/\/testwebsite.citygame.com\/vi\/games\/unknown-location\/san-pham-350\/\" \/>\n<meta property=\"og:site_name\" content=\"City Game\" \/>\n<meta property=\"article:publisher\" content=\"https:\/\/www.facebook.com\/profile.php?id=100086426226253\" \/>\n<meta property=\"article:modified_time\" content=\"2026-04-02T20:18:17+00:00\" \/>\n<meta property=\"og:image\" content=\"https:\/\/testwebsite.citygame.com\/wp-content\/blogs.dir\/1\/files\/sites\/62\/2026\/01\/uppsala-city-game-players-fyrisan-river-cathedral.jpg\" \/>\n\t<meta property=\"og:image:width\" content=\"1024\" \/>\n\t<meta property=\"og:image:height\" content=\"1024\" \/>\n\t<meta property=\"og:image:type\" content=\"image\/jpeg\" \/>\n<meta name=\"twitter:card\" content=\"summary_large_image\" \/>\n<script type=\"application\/ld+json\" class=\"yoast-schema-graph\">{\"@context\":\"https:\/\/schema.org\",\"@graph\":[{\"@type\":\"WebPage\",\"@id\":\"https:\/\/testwebsite.citygame.com\/vi\/games\/unknown-location\/san-pham-350\/\",\"url\":\"https:\/\/testwebsite.citygame.com\/vi\/games\/unknown-location\/san-pham-350\/\",\"name\":\"S\u1ea3n ph\u1ea9m - City Game\",\"isPartOf\":{\"@id\":\"https:\/\/testwebsite.upevents.nl\/#website\"},\"primaryImageOfPage\":{\"@id\":\"https:\/\/testwebsite.citygame.com\/vi\/games\/unknown-location\/san-pham-350\/#primaryimage\"},\"image\":{\"@id\":\"https:\/\/testwebsite.citygame.com\/vi\/games\/unknown-location\/san-pham-350\/#primaryimage\"},\"thumbnailUrl\":\"https:\/\/testwebsite.citygame.com\/wp-content\/blogs.dir\/1\/files\/sites\/62\/2026\/01\/uppsala-city-game-players-fyrisan-river-cathedral.jpg\",\"datePublished\":\"2026-01-13T09:42:40+00:00\",\"dateModified\":\"2026-04-02T20:18:17+00:00\",\"description\":\"Secrets of Uppsala. Ch\u01a1i Tr\u00f2 ch\u01a1i Th\u00e0nh ph\u1ed1 t\u1ef1 h\u01b0\u1edbng d\u1eabn v\u00e0 kh\u00e1m ph\u00e1 th\u00e0nh ph\u1ed1 th\u00f4ng qua c\u00e1c c\u00e2u \u0111\u1ed1, b\u00ed \u1ea9n v\u00e0 th\u1eed th\u00e1ch. Ch\u01a1i theo t\u1ed1c \u0111\u1ed9 c\u1ee7a ri\u00eang b\u1ea1n v\u00e0 kh\u00e1m ph\u00e1 nh\u01b0 m\u1ed9t ng\u01b0\u1eddi \u0111\u1ecba ph\u01b0\u01a1ng!\",\"breadcrumb\":{\"@id\":\"https:\/\/testwebsite.citygame.com\/vi\/games\/unknown-location\/san-pham-350\/#breadcrumb\"},\"inLanguage\":\"vi\",\"potentialAction\":[{\"@type\":\"ReadAction\",\"target\":[\"https:\/\/testwebsite.citygame.com\/vi\/games\/unknown-location\/san-pham-350\/\"]}]},{\"@type\":\"ImageObject\",\"inLanguage\":\"vi\",\"@id\":\"https:\/\/testwebsite.citygame.com\/vi\/games\/unknown-location\/san-pham-350\/#primaryimage\",\"url\":\"https:\/\/testwebsite.citygame.com\/wp-content\/blogs.dir\/1\/files\/sites\/62\/2026\/01\/uppsala-city-game-players-fyrisan-river-cathedral.jpg\",\"contentUrl\":\"https:\/\/testwebsite.citygame.com\/wp-content\/blogs.dir\/1\/files\/sites\/62\/2026\/01\/uppsala-city-game-players-fyrisan-river-cathedral.jpg\",\"width\":1024,\"height\":1024,\"caption\":\"Friends gather around a phone while playing a city game along the Fyris\u00e5n river in Uppsala.\"},{\"@type\":\"BreadcrumbList\",\"@id\":\"https:\/\/testwebsite.citygame.com\/vi\/games\/unknown-location\/san-pham-350\/#breadcrumb\",\"itemListElement\":[{\"@type\":\"ListItem\",\"position\":1,\"name\":\"Home\",\"item\":\"https:\/\/testwebsite.citygame.com\/vi\/\"},{\"@type\":\"ListItem\",\"position\":2,\"name\":\"Shop\",\"item\":\"https:\/\/testwebsite.citygame.com\/shop\/\"},{\"@type\":\"ListItem\",\"position\":3,\"name\":\"S\u1ea3n ph\u1ea9m\"}]},{\"@type\":\"WebSite\",\"@id\":\"https:\/\/testwebsite.upevents.nl\/#website\",\"url\":\"https:\/\/testwebsite.upevents.nl\/\",\"name\":\"City Game\",\"description\":\"\",\"publisher\":{\"@id\":\"https:\/\/testwebsite.upevents.nl\/#organization\"},\"alternateName\":\"citygame.com\",\"potentialAction\":[{\"@type\":\"SearchAction\",\"target\":{\"@type\":\"EntryPoint\",\"urlTemplate\":\"https:\/\/testwebsite.upevents.nl\/?s={search_term_string}\"},\"query-input\":{\"@type\":\"PropertyValueSpecification\",\"valueRequired\":true,\"valueName\":\"search_term_string\"}}],\"inLanguage\":\"vi\"},{\"@type\":[\"Organization\",\"Place\"],\"@id\":\"https:\/\/testwebsite.upevents.nl\/#organization\",\"name\":\"City Game\",\"alternateName\":\"citygame.com\",\"url\":\"https:\/\/testwebsite.upevents.nl\/\",\"logo\":{\"@id\":\"https:\/\/testwebsite.citygame.com\/vi\/games\/unknown-location\/san-pham-350\/#local-main-organization-logo\"},\"image\":{\"@id\":\"https:\/\/testwebsite.citygame.com\/vi\/games\/unknown-location\/san-pham-350\/#local-main-organization-logo\"},\"sameAs\":[\"https:\/\/www.facebook.com\/profile.php?id=100086426226253\",\"https:\/\/www.instagram.com\/citygame_com\",\"https:\/\/www.tiktok.com\/@citygamecom\/\",\"https:\/\/www.linkedin.com\/company\/citygame-com\"],\"description\":\"Turn any city into a playground with our interactive City Games and self-guided tours. Fun, flexible, and ideal for groups and team building.\",\"telephone\":[],\"openingHoursSpecification\":[{\"@type\":\"OpeningHoursSpecification\",\"dayOfWeek\":[\"Monday\",\"Tuesday\",\"Wednesday\",\"Thursday\",\"Friday\",\"Saturday\",\"Sunday\"],\"opens\":\"09:00\",\"closes\":\"17:00\"}]},{\"@type\":\"ImageObject\",\"inLanguage\":\"vi\",\"@id\":\"https:\/\/testwebsite.citygame.com\/vi\/games\/unknown-location\/san-pham-350\/#local-main-organization-logo\",\"url\":\"https:\/\/testwebsite.citygame.com\/wp-content\/blogs.dir\/1\/files\/sites\/62\/2025\/10\/CG_LOGO-City-Game.png\",\"contentUrl\":\"https:\/\/testwebsite.citygame.com\/wp-content\/blogs.dir\/1\/files\/sites\/62\/2025\/10\/CG_LOGO-City-Game.png\",\"width\":351,\"height\":377,\"caption\":\"City Game\"}]}<\/script>\n<!-- \/ Yoast SEO Premium plugin. -->","yoast_head_json":{"title":"S\u1ea3n ph\u1ea9m - City Game","description":"Secrets of Uppsala. Ch\u01a1i Tr\u00f2 ch\u01a1i Th\u00e0nh ph\u1ed1 t\u1ef1 h\u01b0\u1edbng d\u1eabn v\u00e0 kh\u00e1m ph\u00e1 th\u00e0nh ph\u1ed1 th\u00f4ng qua c\u00e1c c\u00e2u \u0111\u1ed1, b\u00ed \u1ea9n v\u00e0 th\u1eed th\u00e1ch. Ch\u01a1i theo t\u1ed1c \u0111\u1ed9 c\u1ee7a ri\u00eang b\u1ea1n v\u00e0 kh\u00e1m ph\u00e1 nh\u01b0 m\u1ed9t ng\u01b0\u1eddi \u0111\u1ecba ph\u01b0\u01a1ng!","robots":{"index":"noindex","follow":"follow","max-snippet":"max-snippet:-1","max-image-preview":"max-image-preview:large","max-video-preview":"max-video-preview:-1"},"og_locale":"vi_VN","og_type":"article","og_title":"S\u1ea3n ph\u1ea9m","og_description":"Secrets of Uppsala. Ch\u01a1i Tr\u00f2 ch\u01a1i Th\u00e0nh ph\u1ed1 t\u1ef1 h\u01b0\u1edbng d\u1eabn v\u00e0 kh\u00e1m ph\u00e1 th\u00e0nh ph\u1ed1 th\u00f4ng qua c\u00e1c c\u00e2u \u0111\u1ed1, b\u00ed \u1ea9n v\u00e0 th\u1eed th\u00e1ch. Ch\u01a1i theo t\u1ed1c \u0111\u1ed9 c\u1ee7a ri\u00eang b\u1ea1n v\u00e0 kh\u00e1m ph\u00e1 nh\u01b0 m\u1ed9t ng\u01b0\u1eddi \u0111\u1ecba ph\u01b0\u01a1ng!","og_url":"https:\/\/testwebsite.citygame.com\/vi\/games\/unknown-location\/san-pham-350\/","og_site_name":"City Game","article_publisher":"https:\/\/www.facebook.com\/profile.php?id=100086426226253","article_modified_time":"2026-04-02T20:18:17+00:00","og_image":[{"width":1024,"height":1024,"url":"https:\/\/testwebsite.citygame.com\/wp-content\/blogs.dir\/1\/files\/sites\/62\/2026\/01\/uppsala-city-game-players-fyrisan-river-cathedral.jpg","type":"image\/jpeg"}],"twitter_card":"summary_large_image","schema":{"@context":"https:\/\/schema.org","@graph":[{"@type":"WebPage","@id":"https:\/\/testwebsite.citygame.com\/vi\/games\/unknown-location\/san-pham-350\/","url":"https:\/\/testwebsite.citygame.com\/vi\/games\/unknown-location\/san-pham-350\/","name":"S\u1ea3n ph\u1ea9m - City Game","isPartOf":{"@id":"https:\/\/testwebsite.upevents.nl\/#website"},"primaryImageOfPage":{"@id":"https:\/\/testwebsite.citygame.com\/vi\/games\/unknown-location\/san-pham-350\/#primaryimage"},"image":{"@id":"https:\/\/testwebsite.citygame.com\/vi\/games\/unknown-location\/san-pham-350\/#primaryimage"},"thumbnailUrl":"https:\/\/testwebsite.citygame.com\/wp-content\/blogs.dir\/1\/files\/sites\/62\/2026\/01\/uppsala-city-game-players-fyrisan-river-cathedral.jpg","datePublished":"2026-01-13T09:42:40+00:00","dateModified":"2026-04-02T20:18:17+00:00","description":"Secrets of Uppsala. Ch\u01a1i Tr\u00f2 ch\u01a1i Th\u00e0nh ph\u1ed1 t\u1ef1 h\u01b0\u1edbng d\u1eabn v\u00e0 kh\u00e1m ph\u00e1 th\u00e0nh ph\u1ed1 th\u00f4ng qua c\u00e1c c\u00e2u \u0111\u1ed1, b\u00ed \u1ea9n v\u00e0 th\u1eed th\u00e1ch. Ch\u01a1i theo t\u1ed1c \u0111\u1ed9 c\u1ee7a ri\u00eang b\u1ea1n v\u00e0 kh\u00e1m ph\u00e1 nh\u01b0 m\u1ed9t ng\u01b0\u1eddi \u0111\u1ecba ph\u01b0\u01a1ng!","breadcrumb":{"@id":"https:\/\/testwebsite.citygame.com\/vi\/games\/unknown-location\/san-pham-350\/#breadcrumb"},"inLanguage":"vi","potentialAction":[{"@type":"ReadAction","target":["https:\/\/testwebsite.citygame.com\/vi\/games\/unknown-location\/san-pham-350\/"]}]},{"@type":"ImageObject","inLanguage":"vi","@id":"https:\/\/testwebsite.citygame.com\/vi\/games\/unknown-location\/san-pham-350\/#primaryimage","url":"https:\/\/testwebsite.citygame.com\/wp-content\/blogs.dir\/1\/files\/sites\/62\/2026\/01\/uppsala-city-game-players-fyrisan-river-cathedral.jpg","contentUrl":"https:\/\/testwebsite.citygame.com\/wp-content\/blogs.dir\/1\/files\/sites\/62\/2026\/01\/uppsala-city-game-players-fyrisan-river-cathedral.jpg","width":1024,"height":1024,"caption":"Friends gather around a phone while playing a city game along the Fyris\u00e5n river in Uppsala."},{"@type":"BreadcrumbList","@id":"https:\/\/testwebsite.citygame.com\/vi\/games\/unknown-location\/san-pham-350\/#breadcrumb","itemListElement":[{"@type":"ListItem","position":1,"name":"Home","item":"https:\/\/testwebsite.citygame.com\/vi\/"},{"@type":"ListItem","position":2,"name":"Shop","item":"https:\/\/testwebsite.citygame.com\/shop\/"},{"@type":"ListItem","position":3,"name":"S\u1ea3n ph\u1ea9m"}]},{"@type":"WebSite","@id":"https:\/\/testwebsite.upevents.nl\/#website","url":"https:\/\/testwebsite.upevents.nl\/","name":"City Game","description":"","publisher":{"@id":"https:\/\/testwebsite.upevents.nl\/#organization"},"alternateName":"citygame.com","potentialAction":[{"@type":"SearchAction","target":{"@type":"EntryPoint","urlTemplate":"https:\/\/testwebsite.upevents.nl\/?s={search_term_string}"},"query-input":{"@type":"PropertyValueSpecification","valueRequired":true,"valueName":"search_term_string"}}],"inLanguage":"vi"},{"@type":["Organization","Place"],"@id":"https:\/\/testwebsite.upevents.nl\/#organization","name":"City Game","alternateName":"citygame.com","url":"https:\/\/testwebsite.upevents.nl\/","logo":{"@id":"https:\/\/testwebsite.citygame.com\/vi\/games\/unknown-location\/san-pham-350\/#local-main-organization-logo"},"image":{"@id":"https:\/\/testwebsite.citygame.com\/vi\/games\/unknown-location\/san-pham-350\/#local-main-organization-logo"},"sameAs":["https:\/\/www.facebook.com\/profile.php?id=100086426226253","https:\/\/www.instagram.com\/citygame_com","https:\/\/www.tiktok.com\/@citygamecom\/","https:\/\/www.linkedin.com\/company\/citygame-com"],"description":"Turn any city into a playground with our interactive City Games and self-guided tours. Fun, flexible, and ideal for groups and team building.","telephone":[],"openingHoursSpecification":[{"@type":"OpeningHoursSpecification","dayOfWeek":["Monday","Tuesday","Wednesday","Thursday","Friday","Saturday","Sunday"],"opens":"09:00","closes":"17:00"}]},{"@type":"ImageObject","inLanguage":"vi","@id":"https:\/\/testwebsite.citygame.com\/vi\/games\/unknown-location\/san-pham-350\/#local-main-organization-logo","url":"https:\/\/testwebsite.citygame.com\/wp-content\/blogs.dir\/1\/files\/sites\/62\/2025\/10\/CG_LOGO-City-Game.png","contentUrl":"https:\/\/testwebsite.citygame.com\/wp-content\/blogs.dir\/1\/files\/sites\/62\/2025\/10\/CG_LOGO-City-Game.png","width":351,"height":377,"caption":"City Game"}]}},"taxonomy_info":{"game-concept":[{"value":36,"label":"Secrets"}],"product_cat":[{"value":27,"label":"Geen categorie"}]},"featured_image_src_large":["https:\/\/testwebsite.citygame.com\/wp-content\/blogs.dir\/1\/files\/sites\/62\/2026\/01\/uppsala-city-game-players-fyrisan-river-cathedral.jpg",1024,1024,false],"author_info":[],"comment_info":"","_links":{"self":[{"href":"https:\/\/testwebsite.citygame.com\/vi\/wp-json\/wp\/v2\/product\/43235","targetHints":{"allow":["GET"]}}],"collection":[{"href":"https:\/\/testwebsite.citygame.com\/vi\/wp-json\/wp\/v2\/product"}],"about":[{"href":"https:\/\/testwebsite.citygame.com\/vi\/wp-json\/wp\/v2\/types\/product"}],"acf:post":[{"embeddable":true,"href":"https:\/\/testwebsite.citygame.com\/vi\/wp-json\/wp\/v2\/pages\/7984"}],"wp:featuredmedia":[{"embeddable":true,"href":"https:\/\/testwebsite.citygame.com\/vi\/wp-json\/wp\/v2\/media\/3565"}],"wp:attachment":[{"href":"https:\/\/testwebsite.citygame.com\/vi\/wp-json\/wp\/v2\/media?parent=43235"}],"wp:term":[{"taxonomy":"game-concept","embeddable":true,"href":"https:\/\/testwebsite.citygame.com\/vi\/wp-json\/wp\/v2\/game-concept?post=43235"},{"taxonomy":"location","embeddable":true,"href":"https:\/\/testwebsite.citygame.com\/vi\/wp-json\/wp\/v2\/location?post=43235"},{"taxonomy":"product_brand","embeddable":true,"href":"https:\/\/testwebsite.citygame.com\/vi\/wp-json\/wp\/v2\/product_brand?post=43235"},{"taxonomy":"product_cat","embeddable":true,"href":"https:\/\/testwebsite.citygame.com\/vi\/wp-json\/wp\/v2\/product_cat?post=43235"},{"taxonomy":"product_tag","embeddable":true,"href":"https:\/\/testwebsite.citygame.com\/vi\/wp-json\/wp\/v2\/product_tag?post=43235"}],"curies":[{"name":"wp","href":"https:\/\/api.w.org\/{rel}","templated":true}]}}