{"id":41961,"date":"2026-01-13T10:37:16","date_gmt":"2026-01-13T10:37:16","guid":{"rendered":"https:\/\/testwebsite.citygame.com\/games\/unknown-location\/san-pham-340\/"},"modified":"2026-04-02T17:17:20","modified_gmt":"2026-04-02T17:17:20","slug":"san-pham-340","status":"publish","type":"product","link":"https:\/\/testwebsite.citygame.com\/vi\/games\/unknown-location\/san-pham-340\/","title":{"rendered":"S\u1ea3n ph\u1ea9m"},"content":{"rendered":"","protected":false},"excerpt":{"rendered":"","protected":false},"featured_media":3596,"template":"","meta":{"_acf_changed":false,"_yoast_wpseo_focuskw":"Secrets of Katowice","_yoast_wpseo_metadesc":"Secrets of Katowice. Ch\u01a1i City Game t\u1ef1 h\u01b0\u1edbng d\u1eabn v\u00e0 kh\u00e1m ph\u00e1 th\u00e0nh ph\u1ed1 qua c\u00e1c c\u00e2u \u0111\u1ed1, m\u1eadt m\u00e3 v\u00e0 th\u1eed th\u00e1ch. Ch\u01a1i theo t\u1ed1c \u0111\u1ed9 c\u1ee7a ri\u00eang b\u1ea1n v\u00e0 kh\u00e1m ph\u00e1 nh\u01b0 m\u1ed9t ng\u01b0\u1eddi \u0111\u1ecba ph\u01b0\u01a1ng!","_kad_blocks_custom_css":"","_kad_blocks_head_custom_js":"","_kad_blocks_body_custom_js":"","_kad_blocks_footer_custom_js":"","ghostkit_customizer_options":"","ghostkit_custom_css":"","ghostkit_custom_js_head":"","ghostkit_custom_js_foot":"","ghostkit_typography":"","_kad_post_transparent":"default","_kad_post_title":"","_kad_post_layout":"default","_kad_post_sidebar_id":"","_kad_post_content_style":"default","_kad_post_vertical_padding":"default","_kad_post_feature":"","_kad_post_feature_position":"","_kad_post_header":false,"_kad_post_footer":false,"_kad_post_classname":"","_links_to":"","_links_to_target":""},"game-concept":[36],"location":[],"product_brand":[],"product_cat":[27],"product_tag":[],"class_list":{"0":"post-41961","1":"product","2":"type-product","3":"status-publish","4":"has-post-thumbnail","6":"game-concept-secrets","7":"product_cat-geen-categorie","9":"first","10":"instock","11":"shipping-taxable","12":"purchasable","13":"product-type-simple","14":"entry","15":"content-bg","16":"loop-entry"},"acf":{"full_bokun_product_name":"Self-Guided Secrets of Katowice Exploration Game","location_name":"Katowice","bokun_calendar_widget_code":"<script type=\"text\/javascript\" src=\"https:\/\/widgets.bokun.io\/assets\/javascripts\/apps\/build\/BokunWidgetsLoader.js?bookingChannelUUID=a1e93e96-5232-4734-a595-28405f4b5a31\" async><\/script>\n     \n    <div class=\"bokunWidget\" data-src=\"https:\/\/widgets.bokun.io\/online-sales\/a1e93e96-5232-4734-a595-28405f4b5a31\/experience-calendar\/1102509\"><\/div>\n    <noscript>Please enable javascript in your browser to book<\/noscript>","bokun_button_widget_code":"<script type=\"text\/javascript\" src=\"https:\/\/widgets.bokun.io\/assets\/javascripts\/apps\/build\/BokunWidgetsLoader.js?bookingChannelUUID=a1e93e96-5232-4734-a595-28405f4b5a31\" async><\/script>\n      <style> #bokun_ed001e45_5927_4f62_b470_ca766338d083 { display: inline-block; padding: .4em 1em; background: #47b82e; border-radius: 999999px; box-shadow: none; font-weight: 600; font-size: 24px; text-decoration: none; text-align: center; color: #FFFFFF; border:none; cursor: pointer; transition: background .2s ease; } #bokun_ed001e45_5927_4f62_b470_ca766338d083:hover{ background: #2f7b1f; } #bokun_ed001e45_5927_4f62_b470_ca766338d083:active{ background: #378f24; } <\/style> <button class=\"bokunButton\" disabled id=bokun_ed001e45_5927_4f62_b470_ca766338d083 data-src=\"https:\/\/widgets.bokun.io\/online-sales\/a1e93e96-5232-4734-a595-28405f4b5a31\/experience-calendar\/1102509?partialView=1\" data-testid=\"widget-book-button\" > Book now <\/button> ","what_you\u2019ll_experience_during_the_game":"Khi b\u1ea1n kh\u00e1m ph\u00e1 Katowice qua City Game, tr\u1ea3i nghi\u1ec7m m\u1edf ra nh\u01b0 m\u1ed9t s\u1ef1 pha tr\u1ed9n gi\u1eefa kh\u00e1m ph\u00e1 \u0111\u00f4 th\u1ecb v\u00e0 k\u1ec3 chuy\u1ec7n nh\u1eadp vai. \u0110\u01b0\u1ee3c h\u01b0\u1edbng d\u1eabn b\u1edfi c\u00e2u chuy\u1ec7n c\u1ee7a tr\u00f2 ch\u01a1i, b\u1ea1n s\u1ebd b\u1eaft g\u1eb7p c\u1ea3 nh\u1eefng \u0111\u1ecba danh n\u1ed5i ti\u1ebfng v\u00e0 nh\u1eefng n\u01a1i th\u01b0\u1eddng b\u1ecb b\u1ecf qua. Tr\u00ean \u0111\u01b0\u1eddng \u0111i, b\u1ea1n c\u00f3 th\u1ec3 \u0111\u1ee9ng tr\u01b0\u1edbc \u0111\u1ea5u tr\u01b0\u1eddng Spodek t\u01b0\u01a1ng lai, suy ng\u1eabm t\u1ea1i t\u01b0\u1ee3ng \u0111\u00e0i Henryk S\u0142awik v\u00e0 J\u00f3zsef Antall Sr., ho\u1eb7c chi\u00eam ng\u01b0\u1ee1ng ki\u1ebfn tr\u00fac c\u1ee7a ph\u00f2ng h\u00f2a nh\u1ea1c \u0111\u01b0\u1ee3c x\u00e2y d\u1ef1ng tr\u00ean n\u1ec1n \u0111\u1ea5t c\u00f4ng nghi\u1ec7p c\u0169. Tuy\u1ebfn \u0111\u01b0\u1eddng c\u0169ng s\u1ebd d\u1eabn b\u1ea1n \u0111\u1ebfn nh\u1eefng g\u00f3c khu\u1ea5t, nh\u01b0 M\u00ea cung vui nh\u1ed9n ho\u1eb7c b\u1ee9c tranh kh\u1ea3m ph\u1ee9c t\u1ea1p t\u1ea1i \u0110\u1ea1i h\u1ecdc M\u1edf, h\u00e9 l\u1ed9 m\u1ed9t b\u1ee9c ch\u00e2n dung \u0111a di\u1ec7n c\u1ee7a Katowice.\r\n\r\nTrong su\u1ed1t tr\u00f2 ch\u01a1i, b\u1ea1n s\u1ebd gi\u1ea3i m\u1ed9t lo\u1ea1t c\u00e1c th\u1eed th\u00e1ch \u0111a c\u1ea5p, t\u1eeb c\u00e2u \u0111\u1ed1 d\u1ef1a tr\u00ean logic \u0111\u1ebfn c\u00e1c nhi\u1ec7m v\u1ee5 \u1ea3nh s\u00e1ng t\u1ea1o gi\u00fap b\u1ea1n t\u1eadp trung v\u00e0o m\u00f4i tr\u01b0\u1eddng xung quanh. Ho\u00e0n th\u00e0nh m\u1ed7i th\u1eed th\u00e1ch s\u1ebd gi\u00fap b\u1ea1n ki\u1ebfm \u0111i\u1ec3m v\u00e0 ti\u1ebft l\u1ed9 nh\u1eefng manh m\u1ed1i m\u1edbi, d\u1ea7n d\u1ea7n \u0111\u01b0a b\u1ea1n \u0111\u1ebfn g\u1ea7n h\u01a1n \u0111\u1ec3 gi\u1ea3i quy\u1ebft b\u00ed \u1ea9n cu\u1ed1i c\u00f9ng. City Game c\u00f3 th\u1ec3 \u0111\u01b0\u1ee3c t\u1ea1m d\u1eebng v\u00e0 ti\u1ebfp t\u1ee5c l\u1ea1i theo t\u1ed1c \u0111\u1ed9 c\u1ee7a ri\u00eang b\u1ea1n, gi\u00fap vi\u1ec7c kh\u00e1m ph\u00e1 Katowice theo l\u1ecbch tr\u00ecnh c\u1ee7a b\u1ea1n tr\u1edf n\u00ean d\u1ec5 d\u00e0ng. \u0110\u1ed1i v\u1edbi nh\u1eefng ng\u01b0\u1eddi c\u00f3 tinh th\u1ea7n c\u1ea1nh tranh, c\u0169ng c\u00f3 t\u00f9y ch\u1ecdn \u0111\u1ec3 tranh gi\u00e0nh m\u1ed9t v\u1ecb tr\u00ed tr\u00ean b\u1ea3ng x\u1ebfp h\u1ea1ng.","how_to_play":"Sau khi \u0111\u1eb7t ch\u1ed7, b\u1ea1n s\u1ebd nh\u1eadn \u0111\u01b0\u1ee3c m\u1ed9t email v\u1edbi li\u00ean k\u1ebft ch\u01a1i tr\u1ef1c ti\u1ebfp. Ch\u1ec9 c\u1ea7n \u0111i \u0111\u1ebfn \u0111\u1ecba \u0111i\u1ec3m b\u1eaft \u0111\u1ea7u t\u1ea1i Henryk S\u0142awik v\u00e0 J\u00f3zsef Antall Sr., m\u1edf li\u00ean k\u1ebft tr\u00ean \u0111i\u1ec7n tho\u1ea1i th\u00f4ng minh c\u1ee7a b\u1ea1n v\u00e0 b\u1eaft \u0111\u1ea7u h\u00e0nh tr\u00ecnh. Tr\u00f2 ch\u01a1i d\u1ef1a tr\u00ean GPS, v\u00ec v\u1eady \u0111i\u1ec7n tho\u1ea1i c\u1ee7a b\u1ea1n s\u1ebd h\u01b0\u1edbng d\u1eabn b\u1ea1n t\u1eeb \u0111\u1ecba \u0111i\u1ec3m n\u00e0y \u0111\u1ebfn \u0111\u1ecba \u0111i\u1ec3m ti\u1ebfp theo. B\u1ea1n c\u00f3 th\u1ec3 t\u1ea1m d\u1eebng tr\u00f2 ch\u01a1i b\u1ea5t c\u1ee9 khi n\u00e0o b\u1ea1n mu\u1ed1n v\u00e0 ti\u1ebfp t\u1ee5c sau \u0111\u1ec3 ho\u00e0n th\u00e0nh nhi\u1ec7m v\u1ee5 kh\u00f4i ph\u1ee5c \u0110\u00f4i c\u00e1nh T\u1ef1 do.","start_location":"katowice, Henryk S\u0142awik and J\u00f3zsef Antall Sr.","available_languages":"","players_per_group":"1-4","duration":"1.5-2 hours","image_overlay_color_image":"https:\/\/testwebsite.citygame.com\/wp-content\/blogs.dir\/1\/files\/sites\/62\/2026\/01\/SecretsColor.svg","image_overlay_game_logo":"https:\/\/testwebsite.citygame.com\/wp-content\/blogs.dir\/1\/files\/sites\/62\/2026\/01\/SecretsLogo.png","city_page":15929,"woocommerce_general_content":null,"the_story":"<strong>Katowice rung l\u00ean v\u1edbi nh\u1ecbp \u0111\u1eadp s\u1eaft th\u00e9p c\u1ee7a c\u00f4ng nghi\u1ec7p, nh\u01b0ng \u1ea9n s\u00e2u b\u00ean d\u01b0\u1edbi th\u00e9p v\u00e0 b\u1ed3 h\u00f3ng, nh\u1eefng s\u1ef1 th\u1eadt s\u00e2u s\u1eafc h\u01a1n \u0111ang ch\u1edd \u0111\u1ee3i trong im l\u1eb7ng. M\u1ed9t gi\u1ecdng n\u00f3i vang l\u00ean ch\u00e0o \u0111\u00f3n b\u1ea1n: Wojciech Korfanty, nh\u00e0 l\u00e3nh \u0111\u1ea1o, chi\u1ebfn s\u0129 t\u1ef1 do v\u00e0 ng\u01b0\u1eddi b\u1ea3o v\u1ec7 k\u00fd \u1ee9c c\u1ee7a Silesia. Bi\u1ec3u t\u01b0\u1ee3ng c\u1ee7a \u00f4ng, \u0110\u00f4i c\u00e1nh T\u1ef1 do, \u0111\u00e3 bi\u1ebfn m\u1ea5t. Kh\u00f4ng c\u00f3 ch\u00fang, m\u1ed9t ph\u1ea7n tinh th\u1ea7n c\u1ee7a v\u00f9ng lung linh, v\u00e0 nh\u1eefng ti\u1ebfng vang c\u1ee7a s\u1ef1 kh\u00e1ng c\u1ef1 c\u00f3 nguy c\u01a1 phai m\u1edd th\u00e0nh b\u1ee5i.<\/strong><br><br>Qua nh\u1eefng con ph\u1ed1 t\u1eebng rung chuy\u1ec3n b\u1edfi c\u00e1c cu\u1ed9c n\u1ed5i d\u1eady, nh\u1eefng t\u01b0\u1ee3ng \u0111\u00e0i \u0111\u01b0\u1ee3c kh\u1eafc b\u1eb1ng l\u00f2ng d\u0169ng c\u1ea3m, v\u00e0 nh\u1eefng g\u00f3c ph\u1ed1 n\u01a1i l\u1ecbch s\u1eed v\u1eabn c\u00f2n th\u1edf, Korfanty s\u1ebd h\u01b0\u1edbng d\u1eabn b\u1ea1n. M\u1ed7i b\u01b0\u1edbc ch\u00e2n kh\u00e1m ph\u00e1 m\u1ed9t m\u1ea3nh v\u1ee1 \u1ea9n gi\u1ea5u c\u1ee7a \u0111\u1ea5u tranh v\u00e0 ni\u1ec1m t\u1ef1 h\u00e0o. \u0110\u00e2y kh\u00f4ng ch\u1ec9 l\u00e0 m\u1ed9t cu\u1ed9c t\u00ecm ki\u1ebfm m\u1ed9t t\u01b0\u1ee3ng \u0111\u00e0i b\u1ecb m\u1ea5t, m\u00e0 l\u00e0 m\u1ed9t h\u00e0nh tr\u00ecnh \u0111\u1ec3 kh\u00f4i ph\u1ee5c linh h\u1ed3n c\u1ee7a m\u1ed9t d\u00e2n t\u1ed9c, v\u00e0 ch\u1ee9ng minh r\u1eb1ng t\u1ef1 do, m\u1ed9t khi \u0111\u00e3 gi\u00e0nh \u0111\u01b0\u1ee3c, kh\u00f4ng bao gi\u1edd th\u1ef1c s\u1ef1 bi\u1ebfn m\u1ea5t.<br><br><strong>B\u1ea1n \u0111\u1ebfn \u0111\u1ec3 kh\u00e1m ph\u00e1. B\u1ea1n \u1edf l\u1ea1i \u0111\u1ec3 c\u1ee9u c\u00e2u chuy\u1ec7n.<\/strong>","name_main_character":"Wojciech Korfanty","photo_main_character":41963,"loquiz_or_kokimoki":"Kokimoki"},"yoast_head":"<!-- This site is optimized with the Yoast SEO Premium plugin v26.2 (Yoast SEO v26.3) - https:\/\/yoast.com\/wordpress\/plugins\/seo\/ -->\n<title>S\u1ea3n ph\u1ea9m - City Game<\/title>\n<meta name=\"description\" content=\"Secrets of Katowice. Ch\u01a1i City Game t\u1ef1 h\u01b0\u1edbng d\u1eabn v\u00e0 kh\u00e1m ph\u00e1 th\u00e0nh ph\u1ed1 qua c\u00e1c c\u00e2u \u0111\u1ed1, m\u1eadt m\u00e3 v\u00e0 th\u1eed th\u00e1ch. Ch\u01a1i theo t\u1ed1c \u0111\u1ed9 c\u1ee7a ri\u00eang b\u1ea1n v\u00e0 kh\u00e1m ph\u00e1 nh\u01b0 m\u1ed9t ng\u01b0\u1eddi \u0111\u1ecba ph\u01b0\u01a1ng!\" \/>\n<meta name=\"robots\" content=\"noindex, follow, max-snippet:-1, max-image-preview:large, max-video-preview:-1\" \/>\n<meta property=\"og:locale\" content=\"vi_VN\" \/>\n<meta property=\"og:type\" content=\"article\" \/>\n<meta property=\"og:title\" content=\"S\u1ea3n ph\u1ea9m\" \/>\n<meta property=\"og:description\" content=\"Secrets of Katowice. Ch\u01a1i City Game t\u1ef1 h\u01b0\u1edbng d\u1eabn v\u00e0 kh\u00e1m ph\u00e1 th\u00e0nh ph\u1ed1 qua c\u00e1c c\u00e2u \u0111\u1ed1, m\u1eadt m\u00e3 v\u00e0 th\u1eed th\u00e1ch. Ch\u01a1i theo t\u1ed1c \u0111\u1ed9 c\u1ee7a ri\u00eang b\u1ea1n v\u00e0 kh\u00e1m ph\u00e1 nh\u01b0 m\u1ed9t ng\u01b0\u1eddi \u0111\u1ecba ph\u01b0\u01a1ng!\" \/>\n<meta property=\"og:url\" content=\"https:\/\/testwebsite.citygame.com\/vi\/games\/unknown-location\/san-pham-340\/\" \/>\n<meta property=\"og:site_name\" content=\"City Game\" \/>\n<meta property=\"article:publisher\" content=\"https:\/\/www.facebook.com\/profile.php?id=100086426226253\" \/>\n<meta property=\"article:modified_time\" content=\"2026-04-02T17:17:20+00:00\" \/>\n<meta property=\"og:image\" content=\"https:\/\/testwebsite.citygame.com\/wp-content\/blogs.dir\/1\/files\/sites\/62\/2026\/01\/man-with-phone-in-front-of-spodek-arena-in-katowice.jpg\" \/>\n\t<meta property=\"og:image:width\" content=\"1024\" \/>\n\t<meta property=\"og:image:height\" content=\"1024\" \/>\n\t<meta property=\"og:image:type\" content=\"image\/jpeg\" \/>\n<meta name=\"twitter:card\" content=\"summary_large_image\" \/>\n<script type=\"application\/ld+json\" class=\"yoast-schema-graph\">{\"@context\":\"https:\/\/schema.org\",\"@graph\":[{\"@type\":\"WebPage\",\"@id\":\"https:\/\/testwebsite.citygame.com\/vi\/games\/unknown-location\/san-pham-340\/\",\"url\":\"https:\/\/testwebsite.citygame.com\/vi\/games\/unknown-location\/san-pham-340\/\",\"name\":\"S\u1ea3n ph\u1ea9m - City Game\",\"isPartOf\":{\"@id\":\"https:\/\/testwebsite.upevents.nl\/#website\"},\"primaryImageOfPage\":{\"@id\":\"https:\/\/testwebsite.citygame.com\/vi\/games\/unknown-location\/san-pham-340\/#primaryimage\"},\"image\":{\"@id\":\"https:\/\/testwebsite.citygame.com\/vi\/games\/unknown-location\/san-pham-340\/#primaryimage\"},\"thumbnailUrl\":\"https:\/\/testwebsite.citygame.com\/wp-content\/blogs.dir\/1\/files\/sites\/62\/2026\/01\/man-with-phone-in-front-of-spodek-arena-in-katowice.jpg\",\"datePublished\":\"2026-01-13T10:37:16+00:00\",\"dateModified\":\"2026-04-02T17:17:20+00:00\",\"description\":\"Secrets of Katowice. Ch\u01a1i City Game t\u1ef1 h\u01b0\u1edbng d\u1eabn v\u00e0 kh\u00e1m ph\u00e1 th\u00e0nh ph\u1ed1 qua c\u00e1c c\u00e2u \u0111\u1ed1, m\u1eadt m\u00e3 v\u00e0 th\u1eed th\u00e1ch. Ch\u01a1i theo t\u1ed1c \u0111\u1ed9 c\u1ee7a ri\u00eang b\u1ea1n v\u00e0 kh\u00e1m ph\u00e1 nh\u01b0 m\u1ed9t ng\u01b0\u1eddi \u0111\u1ecba ph\u01b0\u01a1ng!\",\"breadcrumb\":{\"@id\":\"https:\/\/testwebsite.citygame.com\/vi\/games\/unknown-location\/san-pham-340\/#breadcrumb\"},\"inLanguage\":\"vi\",\"potentialAction\":[{\"@type\":\"ReadAction\",\"target\":[\"https:\/\/testwebsite.citygame.com\/vi\/games\/unknown-location\/san-pham-340\/\"]}]},{\"@type\":\"ImageObject\",\"inLanguage\":\"vi\",\"@id\":\"https:\/\/testwebsite.citygame.com\/vi\/games\/unknown-location\/san-pham-340\/#primaryimage\",\"url\":\"https:\/\/testwebsite.citygame.com\/wp-content\/blogs.dir\/1\/files\/sites\/62\/2026\/01\/man-with-phone-in-front-of-spodek-arena-in-katowice.jpg\",\"contentUrl\":\"https:\/\/testwebsite.citygame.com\/wp-content\/blogs.dir\/1\/files\/sites\/62\/2026\/01\/man-with-phone-in-front-of-spodek-arena-in-katowice.jpg\",\"width\":1024,\"height\":1024,\"caption\":\"A man uses his smartphone in a large plaza in front of the Spodek arena in Katowice.\"},{\"@type\":\"BreadcrumbList\",\"@id\":\"https:\/\/testwebsite.citygame.com\/vi\/games\/unknown-location\/san-pham-340\/#breadcrumb\",\"itemListElement\":[{\"@type\":\"ListItem\",\"position\":1,\"name\":\"Home\",\"item\":\"https:\/\/testwebsite.citygame.com\/vi\/\"},{\"@type\":\"ListItem\",\"position\":2,\"name\":\"Shop\",\"item\":\"https:\/\/testwebsite.citygame.com\/shop\/\"},{\"@type\":\"ListItem\",\"position\":3,\"name\":\"S\u1ea3n ph\u1ea9m\"}]},{\"@type\":\"WebSite\",\"@id\":\"https:\/\/testwebsite.upevents.nl\/#website\",\"url\":\"https:\/\/testwebsite.upevents.nl\/\",\"name\":\"City Game\",\"description\":\"\",\"publisher\":{\"@id\":\"https:\/\/testwebsite.upevents.nl\/#organization\"},\"alternateName\":\"citygame.com\",\"potentialAction\":[{\"@type\":\"SearchAction\",\"target\":{\"@type\":\"EntryPoint\",\"urlTemplate\":\"https:\/\/testwebsite.upevents.nl\/?s={search_term_string}\"},\"query-input\":{\"@type\":\"PropertyValueSpecification\",\"valueRequired\":true,\"valueName\":\"search_term_string\"}}],\"inLanguage\":\"vi\"},{\"@type\":[\"Organization\",\"Place\"],\"@id\":\"https:\/\/testwebsite.upevents.nl\/#organization\",\"name\":\"City Game\",\"alternateName\":\"citygame.com\",\"url\":\"https:\/\/testwebsite.upevents.nl\/\",\"logo\":{\"@id\":\"https:\/\/testwebsite.citygame.com\/vi\/games\/unknown-location\/san-pham-340\/#local-main-organization-logo\"},\"image\":{\"@id\":\"https:\/\/testwebsite.citygame.com\/vi\/games\/unknown-location\/san-pham-340\/#local-main-organization-logo\"},\"sameAs\":[\"https:\/\/www.facebook.com\/profile.php?id=100086426226253\",\"https:\/\/www.instagram.com\/citygame_com\",\"https:\/\/www.tiktok.com\/@citygamecom\/\",\"https:\/\/www.linkedin.com\/company\/citygame-com\"],\"description\":\"Turn any city into a playground with our interactive City Games and self-guided tours. Fun, flexible, and ideal for groups and team building.\",\"telephone\":[],\"openingHoursSpecification\":[{\"@type\":\"OpeningHoursSpecification\",\"dayOfWeek\":[\"Monday\",\"Tuesday\",\"Wednesday\",\"Thursday\",\"Friday\",\"Saturday\",\"Sunday\"],\"opens\":\"09:00\",\"closes\":\"17:00\"}]},{\"@type\":\"ImageObject\",\"inLanguage\":\"vi\",\"@id\":\"https:\/\/testwebsite.citygame.com\/vi\/games\/unknown-location\/san-pham-340\/#local-main-organization-logo\",\"url\":\"https:\/\/testwebsite.citygame.com\/wp-content\/blogs.dir\/1\/files\/sites\/62\/2025\/10\/CG_LOGO-City-Game.png\",\"contentUrl\":\"https:\/\/testwebsite.citygame.com\/wp-content\/blogs.dir\/1\/files\/sites\/62\/2025\/10\/CG_LOGO-City-Game.png\",\"width\":351,\"height\":377,\"caption\":\"City Game\"}]}<\/script>\n<!-- \/ Yoast SEO Premium plugin. -->","yoast_head_json":{"title":"S\u1ea3n ph\u1ea9m - City Game","description":"Secrets of Katowice. Ch\u01a1i City Game t\u1ef1 h\u01b0\u1edbng d\u1eabn v\u00e0 kh\u00e1m ph\u00e1 th\u00e0nh ph\u1ed1 qua c\u00e1c c\u00e2u \u0111\u1ed1, m\u1eadt m\u00e3 v\u00e0 th\u1eed th\u00e1ch. Ch\u01a1i theo t\u1ed1c \u0111\u1ed9 c\u1ee7a ri\u00eang b\u1ea1n v\u00e0 kh\u00e1m ph\u00e1 nh\u01b0 m\u1ed9t ng\u01b0\u1eddi \u0111\u1ecba ph\u01b0\u01a1ng!","robots":{"index":"noindex","follow":"follow","max-snippet":"max-snippet:-1","max-image-preview":"max-image-preview:large","max-video-preview":"max-video-preview:-1"},"og_locale":"vi_VN","og_type":"article","og_title":"S\u1ea3n ph\u1ea9m","og_description":"Secrets of Katowice. Ch\u01a1i City Game t\u1ef1 h\u01b0\u1edbng d\u1eabn v\u00e0 kh\u00e1m ph\u00e1 th\u00e0nh ph\u1ed1 qua c\u00e1c c\u00e2u \u0111\u1ed1, m\u1eadt m\u00e3 v\u00e0 th\u1eed th\u00e1ch. Ch\u01a1i theo t\u1ed1c \u0111\u1ed9 c\u1ee7a ri\u00eang b\u1ea1n v\u00e0 kh\u00e1m ph\u00e1 nh\u01b0 m\u1ed9t ng\u01b0\u1eddi \u0111\u1ecba ph\u01b0\u01a1ng!","og_url":"https:\/\/testwebsite.citygame.com\/vi\/games\/unknown-location\/san-pham-340\/","og_site_name":"City Game","article_publisher":"https:\/\/www.facebook.com\/profile.php?id=100086426226253","article_modified_time":"2026-04-02T17:17:20+00:00","og_image":[{"width":1024,"height":1024,"url":"https:\/\/testwebsite.citygame.com\/wp-content\/blogs.dir\/1\/files\/sites\/62\/2026\/01\/man-with-phone-in-front-of-spodek-arena-in-katowice.jpg","type":"image\/jpeg"}],"twitter_card":"summary_large_image","schema":{"@context":"https:\/\/schema.org","@graph":[{"@type":"WebPage","@id":"https:\/\/testwebsite.citygame.com\/vi\/games\/unknown-location\/san-pham-340\/","url":"https:\/\/testwebsite.citygame.com\/vi\/games\/unknown-location\/san-pham-340\/","name":"S\u1ea3n ph\u1ea9m - City Game","isPartOf":{"@id":"https:\/\/testwebsite.upevents.nl\/#website"},"primaryImageOfPage":{"@id":"https:\/\/testwebsite.citygame.com\/vi\/games\/unknown-location\/san-pham-340\/#primaryimage"},"image":{"@id":"https:\/\/testwebsite.citygame.com\/vi\/games\/unknown-location\/san-pham-340\/#primaryimage"},"thumbnailUrl":"https:\/\/testwebsite.citygame.com\/wp-content\/blogs.dir\/1\/files\/sites\/62\/2026\/01\/man-with-phone-in-front-of-spodek-arena-in-katowice.jpg","datePublished":"2026-01-13T10:37:16+00:00","dateModified":"2026-04-02T17:17:20+00:00","description":"Secrets of Katowice. Ch\u01a1i City Game t\u1ef1 h\u01b0\u1edbng d\u1eabn v\u00e0 kh\u00e1m ph\u00e1 th\u00e0nh ph\u1ed1 qua c\u00e1c c\u00e2u \u0111\u1ed1, m\u1eadt m\u00e3 v\u00e0 th\u1eed th\u00e1ch. Ch\u01a1i theo t\u1ed1c \u0111\u1ed9 c\u1ee7a ri\u00eang b\u1ea1n v\u00e0 kh\u00e1m ph\u00e1 nh\u01b0 m\u1ed9t ng\u01b0\u1eddi \u0111\u1ecba ph\u01b0\u01a1ng!","breadcrumb":{"@id":"https:\/\/testwebsite.citygame.com\/vi\/games\/unknown-location\/san-pham-340\/#breadcrumb"},"inLanguage":"vi","potentialAction":[{"@type":"ReadAction","target":["https:\/\/testwebsite.citygame.com\/vi\/games\/unknown-location\/san-pham-340\/"]}]},{"@type":"ImageObject","inLanguage":"vi","@id":"https:\/\/testwebsite.citygame.com\/vi\/games\/unknown-location\/san-pham-340\/#primaryimage","url":"https:\/\/testwebsite.citygame.com\/wp-content\/blogs.dir\/1\/files\/sites\/62\/2026\/01\/man-with-phone-in-front-of-spodek-arena-in-katowice.jpg","contentUrl":"https:\/\/testwebsite.citygame.com\/wp-content\/blogs.dir\/1\/files\/sites\/62\/2026\/01\/man-with-phone-in-front-of-spodek-arena-in-katowice.jpg","width":1024,"height":1024,"caption":"A man uses his smartphone in a large plaza in front of the Spodek arena in Katowice."},{"@type":"BreadcrumbList","@id":"https:\/\/testwebsite.citygame.com\/vi\/games\/unknown-location\/san-pham-340\/#breadcrumb","itemListElement":[{"@type":"ListItem","position":1,"name":"Home","item":"https:\/\/testwebsite.citygame.com\/vi\/"},{"@type":"ListItem","position":2,"name":"Shop","item":"https:\/\/testwebsite.citygame.com\/shop\/"},{"@type":"ListItem","position":3,"name":"S\u1ea3n ph\u1ea9m"}]},{"@type":"WebSite","@id":"https:\/\/testwebsite.upevents.nl\/#website","url":"https:\/\/testwebsite.upevents.nl\/","name":"City Game","description":"","publisher":{"@id":"https:\/\/testwebsite.upevents.nl\/#organization"},"alternateName":"citygame.com","potentialAction":[{"@type":"SearchAction","target":{"@type":"EntryPoint","urlTemplate":"https:\/\/testwebsite.upevents.nl\/?s={search_term_string}"},"query-input":{"@type":"PropertyValueSpecification","valueRequired":true,"valueName":"search_term_string"}}],"inLanguage":"vi"},{"@type":["Organization","Place"],"@id":"https:\/\/testwebsite.upevents.nl\/#organization","name":"City Game","alternateName":"citygame.com","url":"https:\/\/testwebsite.upevents.nl\/","logo":{"@id":"https:\/\/testwebsite.citygame.com\/vi\/games\/unknown-location\/san-pham-340\/#local-main-organization-logo"},"image":{"@id":"https:\/\/testwebsite.citygame.com\/vi\/games\/unknown-location\/san-pham-340\/#local-main-organization-logo"},"sameAs":["https:\/\/www.facebook.com\/profile.php?id=100086426226253","https:\/\/www.instagram.com\/citygame_com","https:\/\/www.tiktok.com\/@citygamecom\/","https:\/\/www.linkedin.com\/company\/citygame-com"],"description":"Turn any city into a playground with our interactive City Games and self-guided tours. Fun, flexible, and ideal for groups and team building.","telephone":[],"openingHoursSpecification":[{"@type":"OpeningHoursSpecification","dayOfWeek":["Monday","Tuesday","Wednesday","Thursday","Friday","Saturday","Sunday"],"opens":"09:00","closes":"17:00"}]},{"@type":"ImageObject","inLanguage":"vi","@id":"https:\/\/testwebsite.citygame.com\/vi\/games\/unknown-location\/san-pham-340\/#local-main-organization-logo","url":"https:\/\/testwebsite.citygame.com\/wp-content\/blogs.dir\/1\/files\/sites\/62\/2025\/10\/CG_LOGO-City-Game.png","contentUrl":"https:\/\/testwebsite.citygame.com\/wp-content\/blogs.dir\/1\/files\/sites\/62\/2025\/10\/CG_LOGO-City-Game.png","width":351,"height":377,"caption":"City Game"}]}},"taxonomy_info":{"game-concept":[{"value":36,"label":"Secrets"}],"product_cat":[{"value":27,"label":"Geen categorie"}]},"featured_image_src_large":["https:\/\/testwebsite.citygame.com\/wp-content\/blogs.dir\/1\/files\/sites\/62\/2026\/01\/man-with-phone-in-front-of-spodek-arena-in-katowice.jpg",1024,1024,false],"author_info":[],"comment_info":"","_links":{"self":[{"href":"https:\/\/testwebsite.citygame.com\/vi\/wp-json\/wp\/v2\/product\/41961","targetHints":{"allow":["GET"]}}],"collection":[{"href":"https:\/\/testwebsite.citygame.com\/vi\/wp-json\/wp\/v2\/product"}],"about":[{"href":"https:\/\/testwebsite.citygame.com\/vi\/wp-json\/wp\/v2\/types\/product"}],"acf:post":[{"embeddable":true,"href":"https:\/\/testwebsite.citygame.com\/vi\/wp-json\/wp\/v2\/pages\/15929"}],"wp:featuredmedia":[{"embeddable":true,"href":"https:\/\/testwebsite.citygame.com\/vi\/wp-json\/wp\/v2\/media\/3596"}],"wp:attachment":[{"href":"https:\/\/testwebsite.citygame.com\/vi\/wp-json\/wp\/v2\/media?parent=41961"}],"wp:term":[{"taxonomy":"game-concept","embeddable":true,"href":"https:\/\/testwebsite.citygame.com\/vi\/wp-json\/wp\/v2\/game-concept?post=41961"},{"taxonomy":"location","embeddable":true,"href":"https:\/\/testwebsite.citygame.com\/vi\/wp-json\/wp\/v2\/location?post=41961"},{"taxonomy":"product_brand","embeddable":true,"href":"https:\/\/testwebsite.citygame.com\/vi\/wp-json\/wp\/v2\/product_brand?post=41961"},{"taxonomy":"product_cat","embeddable":true,"href":"https:\/\/testwebsite.citygame.com\/vi\/wp-json\/wp\/v2\/product_cat?post=41961"},{"taxonomy":"product_tag","embeddable":true,"href":"https:\/\/testwebsite.citygame.com\/vi\/wp-json\/wp\/v2\/product_tag?post=41961"}],"curies":[{"name":"wp","href":"https:\/\/api.w.org\/{rel}","templated":true}]}}