{"id":40366,"date":"2026-01-13T15:38:21","date_gmt":"2026-01-13T15:38:21","guid":{"rendered":"https:\/\/testwebsite.citygame.com\/games\/unknown-location\/san-pham-322\/"},"modified":"2026-04-02T12:45:40","modified_gmt":"2026-04-02T12:45:40","slug":"san-pham-322","status":"publish","type":"product","link":"https:\/\/testwebsite.citygame.com\/vi\/games\/unknown-location\/san-pham-322\/","title":{"rendered":"S\u1ea3n ph\u1ea9m"},"content":{"rendered":"","protected":false},"excerpt":{"rendered":"","protected":false},"featured_media":3851,"template":"","meta":{"_acf_changed":false,"_yoast_wpseo_focuskw":"Secrets of Heraklion","_yoast_wpseo_metadesc":"Secrets of Heraklion. Ch\u01a1i m\u1ed9t City Game t\u1ef1 h\u01b0\u1edbng d\u1eabn v\u00e0 kh\u00e1m ph\u00e1 th\u00e0nh ph\u1ed1 qua c\u00e1c c\u00e2u \u0111\u1ed1, th\u1eed th\u00e1ch v\u00e0 nhi\u1ec7m v\u1ee5. Ch\u01a1i theo t\u1ed1c \u0111\u1ed9 c\u1ee7a ri\u00eang b\u1ea1n v\u00e0 kh\u00e1m ph\u00e1 nh\u01b0 m\u1ed9t ng\u01b0\u1eddi d\u00e2n \u0111\u1ecba ph\u01b0\u01a1ng!","_kad_blocks_custom_css":"","_kad_blocks_head_custom_js":"","_kad_blocks_body_custom_js":"","_kad_blocks_footer_custom_js":"","ghostkit_customizer_options":"","ghostkit_custom_css":"","ghostkit_custom_js_head":"","ghostkit_custom_js_foot":"","ghostkit_typography":"","_kad_post_transparent":"default","_kad_post_title":"","_kad_post_layout":"default","_kad_post_sidebar_id":"","_kad_post_content_style":"default","_kad_post_vertical_padding":"default","_kad_post_feature":"","_kad_post_feature_position":"","_kad_post_header":false,"_kad_post_footer":false,"_kad_post_classname":"","_links_to":"","_links_to_target":""},"game-concept":[36],"location":[],"product_brand":[],"product_cat":[27],"product_tag":[],"class_list":{"0":"post-40366","1":"product","2":"type-product","3":"status-publish","4":"has-post-thumbnail","6":"game-concept-secrets","7":"product_cat-geen-categorie","9":"first","10":"instock","11":"shipping-taxable","12":"purchasable","13":"product-type-simple","14":"entry","15":"content-bg","16":"loop-entry"},"acf":{"full_bokun_product_name":"Self-Guided Secrets of Heraklion Exploration Game","location_name":"Heraklion","bokun_calendar_widget_code":"     \r\n    <div class=\"bokunWidget\" data-src=\"https:\/\/widgets.bokun.io\/online-sales\/a1e93e96-5232-4734-a595-28405f4b5a31\/experience-calendar\/1102886\"><\/div>\r\n    Please enable javascript in your browser to book","bokun_button_widget_code":"       #bokun_ed001e45_5927_4f62_b470_ca766338d083 { display: inline-block; padding: .4em 1em; background: #47b82e; border-radius: 999999px; box-shadow: none; font-weight: 600; font-size: 24px; text-decoration: none; text-align: center; color: #FFFFFF; border:none; cursor: pointer; transition: background .2s ease; } #bokun_ed001e45_5927_4f62_b470_ca766338d083:hover{ background: #2f7b1f; } #bokun_ed001e45_5927_4f62_b470_ca766338d083:active{ background: #378f24; }  <button class=\"bokunButton\" disabled id=\"bokun_ed001e45_5927_4f62_b470_ca766338d083\" data-src=\"https:\/\/widgets.bokun.io\/online-sales\/a1e93e96-5232-4734-a595-28405f4b5a31\/experience-calendar\/1102886?partialView=1\" data-testid=\"widget-book-button\"> Book now <\/button> ","what_you\u2019ll_experience_during_the_game":"Khi kh\u00e1m ph\u00e1 Heraklion qua City Game n\u00e0y, b\u1ea1n s\u1ebd kh\u00e1m ph\u00e1 c\u1ea3 nh\u1eefng c\u1ea3nh quan quen thu\u1ed9c l\u1eabn nh\u1eefng g\u00f3c ph\u1ed1 y\u00ean b\u00ecnh c\u1ee7a th\u00e0nh ph\u1ed1, \u0111\u1ed3ng th\u1eddi theo d\u00f5i m\u1ed9t c\u1ed1t truy\u1ec7n s\u00e2u s\u1eafc. L\u1ed9 tr\u00ecnh \u0111\u01b0a b\u1ea1n qua c\u00e1c \u0111\u1ecba danh mang t\u00ednh bi\u1ec3u t\u01b0\u1ee3ng nh\u01b0 Ph\u00e1o \u0111\u00e0i Koules ven bi\u1ec3n v\u00e0 nh\u1eefng m\u00e1i v\u00f2m thanh l\u1ecbch c\u1ee7a Loggia, c\u0169ng nh\u01b0 nh\u1ecbp s\u1ed1ng h\u00e0ng ng\u00e0y c\u1ee7a Ph\u1ed1 c\u1ed5 Heraklion. Tr\u00ean \u0111\u01b0\u1eddng \u0111i, b\u1ea1n s\u1ebd b\u1eaft g\u1eb7p v\u1ebb \u0111\u1eb9p t\u01b0\u01a1i m\u1edbi c\u1ee7a \u0110\u00e0i phun n\u01b0\u1edbc S\u01b0 t\u1eed v\u00e0 s\u1ef1 hi\u1ec7n di\u1ec7n y\u00ean b\u00ecnh c\u1ee7a Nh\u00e0 th\u1edd Saint Minas. Tr\u1ea3i nghi\u1ec7m n\u00e0y m\u1eddi g\u1ecdi b\u1ea1n kh\u00f4ng ch\u1ec9 nh\u00ecn th\u1ea5y nh\u1eefng \u0111i\u1ec3m n\u1ed5i b\u1eadt ch\u00ednh m\u00e0 c\u00f2n c\u1ea3 t\u00ednh c\u00e1ch c\u1ee7a Heraklion \u1ea9n ch\u1ee9a trong nh\u1eefng con \u0111\u01b0\u1eddng, qu\u1ea3ng tr\u01b0\u1eddng v\u00e0 nh\u1eefng chi ti\u1ebft b\u1ea5t ng\u1edd.\r\n\r\nTrong tr\u00f2 ch\u01a1i, b\u1ea1n s\u1ebd gi\u1ea3i c\u00e1c c\u00e2u \u0111\u1ed1, tr\u1ea3 l\u1eddi c\u00e2u h\u1ecfi v\u00e0 ho\u00e0n th\u00e0nh c\u00e1c th\u1eed th\u00e1ch t\u01b0\u01a1ng t\u00e1c bao g\u1ed3m c\u00e1c nhi\u1ec7m v\u1ee5 ch\u1ee5p \u1ea3nh s\u00e1ng t\u1ea1o. Nh\u1eefng ho\u1ea1t \u0111\u1ed9ng n\u00e0y gi\u00fap b\u1ea1n thu th\u1eadp \u0111i\u1ec3m, m\u1edf kh\u00f3a c\u00e1c g\u1ee3i \u00fd h\u1eefu \u00edch v\u00e0 ti\u1ebfn t\u1edbi vi\u1ec7c l\u00e0m s\u00e1ng t\u1ecf m\u1ed9t b\u00ed \u1ea9n trung t\u00e2m g\u1eafn k\u1ebft cu\u1ed9c kh\u00e1m ph\u00e1 c\u1ee7a b\u1ea1n. B\u1ea1n c\u00f3 th\u1ec3 t\u1ea1m d\u1eebng City Game b\u1ea5t c\u1ee9 l\u00fac n\u00e0o v\u00e0 ti\u1ebfp t\u1ee5c sau, gi\u00fap d\u1ec5 d\u00e0ng ph\u00f9 h\u1ee3p v\u1edbi t\u1ed1c \u0111\u1ed9 v\u00e0 s\u1ef1 t\u00f2 m\u00f2 c\u1ee7a b\u1ea1n \u1edf Heraklion. \u0110\u1ed1i v\u1edbi nh\u1eefng ng\u01b0\u1eddi th\u00edch c\u1ea1nh tranh th\u00e2n thi\u1ec7n, t\u00f9y ch\u1ecdn c\u1ea1nh tranh \u0111\u1ec3 gi\u00e0nh th\u1ee9 h\u1ea1ng tr\u00ean b\u1ea3ng x\u1ebfp h\u1ea1ng (leaderboard) s\u1ebd b\u1ed5 sung th\u00eam m\u1ed9t l\u1edbp ni\u1ec1m vui cho cu\u1ed9c phi\u00eau l\u01b0u kh\u00e1m ph\u00e1 n\u00e0y.","how_to_play":"Sau khi \u0111\u1eb7t ch\u1ed7, b\u1ea1n s\u1ebd nh\u1eadn \u0111\u01b0\u1ee3c m\u1ed9t email v\u1edbi \u0111\u01b0\u1eddng d\u1eabn ch\u01a1i tr\u1ef1c ti\u1ebfp \u0111\u1ec3 b\u1eaft \u0111\u1ea7u cu\u1ed9c phi\u00eau l\u01b0u c\u1ee7a m\u00ecnh. \u0110\u01a1n gi\u1ea3n ch\u1ec9 c\u1ea7n \u0111i \u0111\u1ebfn Ph\u00e1o \u0111\u00e0i Koules (\u0111i\u1ec3m b\u1eaft \u0111\u1ea7u) v\u00e0 m\u1edf \u0111\u01b0\u1eddng d\u1eabn tr\u00ean \u0111i\u1ec7n tho\u1ea1i th\u00f4ng minh c\u1ee7a b\u1ea1n. Tr\u00f2 ch\u01a1i kh\u1edfi ch\u1ea1y ngay l\u1eadp t\u1ee9c trong tr\u00ecnh duy\u1ec7t c\u1ee7a b\u1ea1n, kh\u00f4ng y\u00eau c\u1ea7u t\u1ea3i xu\u1ed1ng. B\u1ea1n c\u00f3 th\u1ec3 t\u1ea1m d\u1eebng b\u1ea5t c\u1ee9 l\u00fac n\u00e0o \u0111\u1ec3 th\u01b0\u1edfng th\u1ee9c c\u00e0 ph\u00ea ho\u1eb7c kh\u00e1m ph\u00e1 th\u00eam, sau \u0111\u00f3 ti\u1ebfp t\u1ee5c nhi\u1ec7m v\u1ee5 c\u1ee7a m\u00ecnh b\u1ea5t c\u1ee9 khi n\u00e0o b\u1ea1n s\u1eb5n s\u00e0ng.","start_location":"Heraklion, Koules Fortress","available_languages":"","players_per_group":"1-4","duration":"1.5-2 hours","image_overlay_color_image":"https:\/\/testwebsite.citygame.com\/wp-content\/blogs.dir\/1\/files\/sites\/62\/2026\/01\/SecretsColor.svg","image_overlay_game_logo":"https:\/\/testwebsite.citygame.com\/wp-content\/blogs.dir\/1\/files\/sites\/62\/2026\/01\/SecretsLogo.png","city_page":12826,"woocommerce_general_content":null,"the_story":"<strong>B\u00ean d\u01b0\u1edbi nh\u1eefng t\u1ea3ng \u0111\u00e1 ng\u1eadp n\u1eafng c\u1ee7a Heraklion, m\u1ed9t \u0111i\u1ec1u g\u00ec \u0111\u00f3 \u0111ang khu\u1ea5y \u0111\u1ed9ng d\u01b0\u1edbi bi\u1ec3n. Poseidon, k\u1ebb mang b\u00e3o t\u1ed1, ng\u01b0\u1eddi ch\u1ea1m kh\u1eafc s\u00f3ng, v\u00e0 vua c\u1ee7a m\u1ecdi \u0111\u1ea1i d\u01b0\u01a1ng, \u0111\u00e3 tr\u1ed7i d\u1eady t\u1eeb v\u1ef1c s\u00e2u v\u1edbi m\u1ed9t v\u1ea5n \u0111\u1ec1 m\u00e0 ch\u1ec9 nh\u1eefng ng\u01b0\u1eddi ph\u00e0m m\u1edbi c\u00f3 th\u1ec3 gi\u1ea3i quy\u1ebft. Chi\u1ebfc \u0111inh ba h\u00f9ng m\u1ea1nh c\u1ee7a \u00f4ng, ngu\u1ed3n g\u1ed1c s\u1ee9c m\u1ea1nh v\u00e0 ni\u1ec1m ki\u00eau h\u00e3nh c\u1ee7a \u00f4ng, \u0111\u00e3 bi\u1ebfn m\u1ea5t v\u00e0o nh\u1eefng con ph\u1ed1 quanh co c\u1ee7a th\u00e0nh ph\u1ed1. M\u1ed9t s\u1ed1 ng\u01b0\u1eddi th\u00ec th\u1ea7m v\u1ec1 c\u00e1c v\u1ecb th\u1ea7n \u0111\u1ed1i \u0111\u1ecbch\u2026 nh\u1eefng ng\u01b0\u1eddi kh\u00e1c nghi ng\u1edd s\u1ef1 ph\u00f9 phi\u1ebfm. Poseidon kh\u00f4ng \u0111\u1ed5 l\u1ed7i cho ai, ch\u1ec9 c\u00f3 th\u1eddi gian v\u00e0 \u00e1nh m\u1eaft lang thang c\u1ee7a ch\u00ednh m\u00ecnh.<\/strong><br><br>V\u1edbi v\u1ecb th\u1ea7n bi\u1ec3n c\u1ea3 l\u00e0m ng\u01b0\u1eddi d\u1eabn \u0111\u01b0\u1eddng, b\u1ea1n s\u1ebd h\u00e0nh tr\u00ecnh qua nh\u1eefng ph\u00e1o \u0111\u00e0i Venetian, nh\u1eefng \u0111\u00e0i phun n\u01b0\u1edbc vang v\u1ecdng, nh\u1eefng nh\u00e0 th\u1edd c\u1ed5 k\u00ednh v\u00e0 nh\u1eefng b\u1ee9c b\u00edch h\u1ecda s\u1ed1ng \u0111\u1ed9ng. \u0110\u00e2y kh\u00f4ng ch\u1ec9 l\u00e0 m\u1ed9t cu\u1ed9c s\u0103n l\u00f9ng m\u1ed9t th\u00e1nh t\u00edch b\u1ecb m\u1ea5t, m\u00e0 c\u00f2n l\u00e0 m\u1ed9t th\u1ea7n tho\u1ea1i \u0111\u01b0\u1ee3c k\u1ec3 l\u1ea1i tr\u00ean c\u00e1c con ph\u1ed1 th\u00e0nh ph\u1ed1. H\u00e3y t\u00ecm chi\u1ebfc \u0111inh ba, v\u00e0 b\u1ea1n s\u1ebd kh\u00f4ng ch\u1ec9 l\u00e0m d\u1ecbu nh\u1eefng con s\u00f3ng, b\u1ea1n s\u1ebd \u0111\u1ec3 l\u1ea1i d\u1ea5u \u1ea5n c\u1ee7a m\u00ecnh trong nh\u1eefng c\u00e2u chuy\u1ec7n \u0111\u01b0\u1ee3c h\u00e1t b\u1edfi nh\u1eefng con s\u00f3ng.<br><br><strong>Kh\u00f4ng ch\u1ec9 l\u00e0 m\u1ed9t tr\u00f2 ch\u01a1i. M\u1ed9t th\u00e0nh ph\u1ed1. M\u1ed9t b\u00ed m\u1eadt. M\u1ed9t c\u00e2u chuy\u1ec7n ch\u1ec9 c\u00f3 b\u1ea1n m\u1edbi c\u00f3 th\u1ec3 k\u1ebft th\u00fac.<\/strong>","name_main_character":"Poseidon","photo_main_character":40367,"loquiz_or_kokimoki":"Kokimoki"},"yoast_head":"<!-- This site is optimized with the Yoast SEO Premium plugin v26.2 (Yoast SEO v26.3) - https:\/\/yoast.com\/wordpress\/plugins\/seo\/ -->\n<title>S\u1ea3n ph\u1ea9m - City Game<\/title>\n<meta name=\"description\" content=\"Secrets of Heraklion. Ch\u01a1i m\u1ed9t City Game t\u1ef1 h\u01b0\u1edbng d\u1eabn v\u00e0 kh\u00e1m ph\u00e1 th\u00e0nh ph\u1ed1 qua c\u00e1c c\u00e2u \u0111\u1ed1, th\u1eed th\u00e1ch v\u00e0 nhi\u1ec7m v\u1ee5. Ch\u01a1i theo t\u1ed1c \u0111\u1ed9 c\u1ee7a ri\u00eang b\u1ea1n v\u00e0 kh\u00e1m ph\u00e1 nh\u01b0 m\u1ed9t ng\u01b0\u1eddi d\u00e2n \u0111\u1ecba ph\u01b0\u01a1ng!\" \/>\n<meta name=\"robots\" content=\"noindex, follow, max-snippet:-1, max-image-preview:large, max-video-preview:-1\" \/>\n<meta property=\"og:locale\" content=\"vi_VN\" \/>\n<meta property=\"og:type\" content=\"article\" \/>\n<meta property=\"og:title\" content=\"S\u1ea3n ph\u1ea9m\" \/>\n<meta property=\"og:description\" content=\"Secrets of Heraklion. Ch\u01a1i m\u1ed9t City Game t\u1ef1 h\u01b0\u1edbng d\u1eabn v\u00e0 kh\u00e1m ph\u00e1 th\u00e0nh ph\u1ed1 qua c\u00e1c c\u00e2u \u0111\u1ed1, th\u1eed th\u00e1ch v\u00e0 nhi\u1ec7m v\u1ee5. Ch\u01a1i theo t\u1ed1c \u0111\u1ed9 c\u1ee7a ri\u00eang b\u1ea1n v\u00e0 kh\u00e1m ph\u00e1 nh\u01b0 m\u1ed9t ng\u01b0\u1eddi d\u00e2n \u0111\u1ecba ph\u01b0\u01a1ng!\" \/>\n<meta property=\"og:url\" content=\"https:\/\/testwebsite.citygame.com\/vi\/games\/unknown-location\/san-pham-322\/\" \/>\n<meta property=\"og:site_name\" content=\"City Game\" \/>\n<meta property=\"article:publisher\" content=\"https:\/\/www.facebook.com\/profile.php?id=100086426226253\" \/>\n<meta property=\"article:modified_time\" content=\"2026-04-02T12:45:40+00:00\" \/>\n<meta property=\"og:image\" content=\"https:\/\/testwebsite.citygame.com\/wp-content\/blogs.dir\/1\/files\/sites\/62\/2026\/01\/group-of-friends-playing-city-game-venetian-loggia-heraklion.jpg\" \/>\n\t<meta property=\"og:image:width\" content=\"1184\" \/>\n\t<meta property=\"og:image:height\" content=\"864\" \/>\n\t<meta property=\"og:image:type\" content=\"image\/jpeg\" \/>\n<meta name=\"twitter:card\" content=\"summary_large_image\" \/>\n<script type=\"application\/ld+json\" class=\"yoast-schema-graph\">{\"@context\":\"https:\/\/schema.org\",\"@graph\":[{\"@type\":\"WebPage\",\"@id\":\"https:\/\/testwebsite.citygame.com\/vi\/games\/unknown-location\/san-pham-322\/\",\"url\":\"https:\/\/testwebsite.citygame.com\/vi\/games\/unknown-location\/san-pham-322\/\",\"name\":\"S\u1ea3n ph\u1ea9m - City Game\",\"isPartOf\":{\"@id\":\"https:\/\/testwebsite.upevents.nl\/#website\"},\"primaryImageOfPage\":{\"@id\":\"https:\/\/testwebsite.citygame.com\/vi\/games\/unknown-location\/san-pham-322\/#primaryimage\"},\"image\":{\"@id\":\"https:\/\/testwebsite.citygame.com\/vi\/games\/unknown-location\/san-pham-322\/#primaryimage\"},\"thumbnailUrl\":\"https:\/\/testwebsite.citygame.com\/wp-content\/blogs.dir\/1\/files\/sites\/62\/2026\/01\/group-of-friends-playing-city-game-venetian-loggia-heraklion.jpg\",\"datePublished\":\"2026-01-13T15:38:21+00:00\",\"dateModified\":\"2026-04-02T12:45:40+00:00\",\"description\":\"Secrets of Heraklion. Ch\u01a1i m\u1ed9t City Game t\u1ef1 h\u01b0\u1edbng d\u1eabn v\u00e0 kh\u00e1m ph\u00e1 th\u00e0nh ph\u1ed1 qua c\u00e1c c\u00e2u \u0111\u1ed1, th\u1eed th\u00e1ch v\u00e0 nhi\u1ec7m v\u1ee5. Ch\u01a1i theo t\u1ed1c \u0111\u1ed9 c\u1ee7a ri\u00eang b\u1ea1n v\u00e0 kh\u00e1m ph\u00e1 nh\u01b0 m\u1ed9t ng\u01b0\u1eddi d\u00e2n \u0111\u1ecba ph\u01b0\u01a1ng!\",\"breadcrumb\":{\"@id\":\"https:\/\/testwebsite.citygame.com\/vi\/games\/unknown-location\/san-pham-322\/#breadcrumb\"},\"inLanguage\":\"vi\",\"potentialAction\":[{\"@type\":\"ReadAction\",\"target\":[\"https:\/\/testwebsite.citygame.com\/vi\/games\/unknown-location\/san-pham-322\/\"]}]},{\"@type\":\"ImageObject\",\"inLanguage\":\"vi\",\"@id\":\"https:\/\/testwebsite.citygame.com\/vi\/games\/unknown-location\/san-pham-322\/#primaryimage\",\"url\":\"https:\/\/testwebsite.citygame.com\/wp-content\/blogs.dir\/1\/files\/sites\/62\/2026\/01\/group-of-friends-playing-city-game-venetian-loggia-heraklion.jpg\",\"contentUrl\":\"https:\/\/testwebsite.citygame.com\/wp-content\/blogs.dir\/1\/files\/sites\/62\/2026\/01\/group-of-friends-playing-city-game-venetian-loggia-heraklion.jpg\",\"width\":1184,\"height\":864,\"caption\":\"A group of friends explores the historic Venetian Loggia in Heraklion with a smartphone.\"},{\"@type\":\"BreadcrumbList\",\"@id\":\"https:\/\/testwebsite.citygame.com\/vi\/games\/unknown-location\/san-pham-322\/#breadcrumb\",\"itemListElement\":[{\"@type\":\"ListItem\",\"position\":1,\"name\":\"Home\",\"item\":\"https:\/\/testwebsite.citygame.com\/vi\/\"},{\"@type\":\"ListItem\",\"position\":2,\"name\":\"Shop\",\"item\":\"https:\/\/testwebsite.citygame.com\/shop\/\"},{\"@type\":\"ListItem\",\"position\":3,\"name\":\"S\u1ea3n ph\u1ea9m\"}]},{\"@type\":\"WebSite\",\"@id\":\"https:\/\/testwebsite.upevents.nl\/#website\",\"url\":\"https:\/\/testwebsite.upevents.nl\/\",\"name\":\"City Game\",\"description\":\"\",\"publisher\":{\"@id\":\"https:\/\/testwebsite.upevents.nl\/#organization\"},\"alternateName\":\"citygame.com\",\"potentialAction\":[{\"@type\":\"SearchAction\",\"target\":{\"@type\":\"EntryPoint\",\"urlTemplate\":\"https:\/\/testwebsite.upevents.nl\/?s={search_term_string}\"},\"query-input\":{\"@type\":\"PropertyValueSpecification\",\"valueRequired\":true,\"valueName\":\"search_term_string\"}}],\"inLanguage\":\"vi\"},{\"@type\":[\"Organization\",\"Place\"],\"@id\":\"https:\/\/testwebsite.upevents.nl\/#organization\",\"name\":\"City Game\",\"alternateName\":\"citygame.com\",\"url\":\"https:\/\/testwebsite.upevents.nl\/\",\"logo\":{\"@id\":\"https:\/\/testwebsite.citygame.com\/vi\/games\/unknown-location\/san-pham-322\/#local-main-organization-logo\"},\"image\":{\"@id\":\"https:\/\/testwebsite.citygame.com\/vi\/games\/unknown-location\/san-pham-322\/#local-main-organization-logo\"},\"sameAs\":[\"https:\/\/www.facebook.com\/profile.php?id=100086426226253\",\"https:\/\/www.instagram.com\/citygame_com\",\"https:\/\/www.tiktok.com\/@citygamecom\/\",\"https:\/\/www.linkedin.com\/company\/citygame-com\"],\"description\":\"Turn any city into a playground with our interactive City Games and self-guided tours. Fun, flexible, and ideal for groups and team building.\",\"telephone\":[],\"openingHoursSpecification\":[{\"@type\":\"OpeningHoursSpecification\",\"dayOfWeek\":[\"Monday\",\"Tuesday\",\"Wednesday\",\"Thursday\",\"Friday\",\"Saturday\",\"Sunday\"],\"opens\":\"09:00\",\"closes\":\"17:00\"}]},{\"@type\":\"ImageObject\",\"inLanguage\":\"vi\",\"@id\":\"https:\/\/testwebsite.citygame.com\/vi\/games\/unknown-location\/san-pham-322\/#local-main-organization-logo\",\"url\":\"https:\/\/testwebsite.citygame.com\/wp-content\/blogs.dir\/1\/files\/sites\/62\/2025\/10\/CG_LOGO-City-Game.png\",\"contentUrl\":\"https:\/\/testwebsite.citygame.com\/wp-content\/blogs.dir\/1\/files\/sites\/62\/2025\/10\/CG_LOGO-City-Game.png\",\"width\":351,\"height\":377,\"caption\":\"City Game\"}]}<\/script>\n<!-- \/ Yoast SEO Premium plugin. -->","yoast_head_json":{"title":"S\u1ea3n ph\u1ea9m - City Game","description":"Secrets of Heraklion. Ch\u01a1i m\u1ed9t City Game t\u1ef1 h\u01b0\u1edbng d\u1eabn v\u00e0 kh\u00e1m ph\u00e1 th\u00e0nh ph\u1ed1 qua c\u00e1c c\u00e2u \u0111\u1ed1, th\u1eed th\u00e1ch v\u00e0 nhi\u1ec7m v\u1ee5. Ch\u01a1i theo t\u1ed1c \u0111\u1ed9 c\u1ee7a ri\u00eang b\u1ea1n v\u00e0 kh\u00e1m ph\u00e1 nh\u01b0 m\u1ed9t ng\u01b0\u1eddi d\u00e2n \u0111\u1ecba ph\u01b0\u01a1ng!","robots":{"index":"noindex","follow":"follow","max-snippet":"max-snippet:-1","max-image-preview":"max-image-preview:large","max-video-preview":"max-video-preview:-1"},"og_locale":"vi_VN","og_type":"article","og_title":"S\u1ea3n ph\u1ea9m","og_description":"Secrets of Heraklion. Ch\u01a1i m\u1ed9t City Game t\u1ef1 h\u01b0\u1edbng d\u1eabn v\u00e0 kh\u00e1m ph\u00e1 th\u00e0nh ph\u1ed1 qua c\u00e1c c\u00e2u \u0111\u1ed1, th\u1eed th\u00e1ch v\u00e0 nhi\u1ec7m v\u1ee5. Ch\u01a1i theo t\u1ed1c \u0111\u1ed9 c\u1ee7a ri\u00eang b\u1ea1n v\u00e0 kh\u00e1m ph\u00e1 nh\u01b0 m\u1ed9t ng\u01b0\u1eddi d\u00e2n \u0111\u1ecba ph\u01b0\u01a1ng!","og_url":"https:\/\/testwebsite.citygame.com\/vi\/games\/unknown-location\/san-pham-322\/","og_site_name":"City Game","article_publisher":"https:\/\/www.facebook.com\/profile.php?id=100086426226253","article_modified_time":"2026-04-02T12:45:40+00:00","og_image":[{"width":1184,"height":864,"url":"https:\/\/testwebsite.citygame.com\/wp-content\/blogs.dir\/1\/files\/sites\/62\/2026\/01\/group-of-friends-playing-city-game-venetian-loggia-heraklion.jpg","type":"image\/jpeg"}],"twitter_card":"summary_large_image","schema":{"@context":"https:\/\/schema.org","@graph":[{"@type":"WebPage","@id":"https:\/\/testwebsite.citygame.com\/vi\/games\/unknown-location\/san-pham-322\/","url":"https:\/\/testwebsite.citygame.com\/vi\/games\/unknown-location\/san-pham-322\/","name":"S\u1ea3n ph\u1ea9m - City Game","isPartOf":{"@id":"https:\/\/testwebsite.upevents.nl\/#website"},"primaryImageOfPage":{"@id":"https:\/\/testwebsite.citygame.com\/vi\/games\/unknown-location\/san-pham-322\/#primaryimage"},"image":{"@id":"https:\/\/testwebsite.citygame.com\/vi\/games\/unknown-location\/san-pham-322\/#primaryimage"},"thumbnailUrl":"https:\/\/testwebsite.citygame.com\/wp-content\/blogs.dir\/1\/files\/sites\/62\/2026\/01\/group-of-friends-playing-city-game-venetian-loggia-heraklion.jpg","datePublished":"2026-01-13T15:38:21+00:00","dateModified":"2026-04-02T12:45:40+00:00","description":"Secrets of Heraklion. Ch\u01a1i m\u1ed9t City Game t\u1ef1 h\u01b0\u1edbng d\u1eabn v\u00e0 kh\u00e1m ph\u00e1 th\u00e0nh ph\u1ed1 qua c\u00e1c c\u00e2u \u0111\u1ed1, th\u1eed th\u00e1ch v\u00e0 nhi\u1ec7m v\u1ee5. Ch\u01a1i theo t\u1ed1c \u0111\u1ed9 c\u1ee7a ri\u00eang b\u1ea1n v\u00e0 kh\u00e1m ph\u00e1 nh\u01b0 m\u1ed9t ng\u01b0\u1eddi d\u00e2n \u0111\u1ecba ph\u01b0\u01a1ng!","breadcrumb":{"@id":"https:\/\/testwebsite.citygame.com\/vi\/games\/unknown-location\/san-pham-322\/#breadcrumb"},"inLanguage":"vi","potentialAction":[{"@type":"ReadAction","target":["https:\/\/testwebsite.citygame.com\/vi\/games\/unknown-location\/san-pham-322\/"]}]},{"@type":"ImageObject","inLanguage":"vi","@id":"https:\/\/testwebsite.citygame.com\/vi\/games\/unknown-location\/san-pham-322\/#primaryimage","url":"https:\/\/testwebsite.citygame.com\/wp-content\/blogs.dir\/1\/files\/sites\/62\/2026\/01\/group-of-friends-playing-city-game-venetian-loggia-heraklion.jpg","contentUrl":"https:\/\/testwebsite.citygame.com\/wp-content\/blogs.dir\/1\/files\/sites\/62\/2026\/01\/group-of-friends-playing-city-game-venetian-loggia-heraklion.jpg","width":1184,"height":864,"caption":"A group of friends explores the historic Venetian Loggia in Heraklion with a smartphone."},{"@type":"BreadcrumbList","@id":"https:\/\/testwebsite.citygame.com\/vi\/games\/unknown-location\/san-pham-322\/#breadcrumb","itemListElement":[{"@type":"ListItem","position":1,"name":"Home","item":"https:\/\/testwebsite.citygame.com\/vi\/"},{"@type":"ListItem","position":2,"name":"Shop","item":"https:\/\/testwebsite.citygame.com\/shop\/"},{"@type":"ListItem","position":3,"name":"S\u1ea3n ph\u1ea9m"}]},{"@type":"WebSite","@id":"https:\/\/testwebsite.upevents.nl\/#website","url":"https:\/\/testwebsite.upevents.nl\/","name":"City Game","description":"","publisher":{"@id":"https:\/\/testwebsite.upevents.nl\/#organization"},"alternateName":"citygame.com","potentialAction":[{"@type":"SearchAction","target":{"@type":"EntryPoint","urlTemplate":"https:\/\/testwebsite.upevents.nl\/?s={search_term_string}"},"query-input":{"@type":"PropertyValueSpecification","valueRequired":true,"valueName":"search_term_string"}}],"inLanguage":"vi"},{"@type":["Organization","Place"],"@id":"https:\/\/testwebsite.upevents.nl\/#organization","name":"City Game","alternateName":"citygame.com","url":"https:\/\/testwebsite.upevents.nl\/","logo":{"@id":"https:\/\/testwebsite.citygame.com\/vi\/games\/unknown-location\/san-pham-322\/#local-main-organization-logo"},"image":{"@id":"https:\/\/testwebsite.citygame.com\/vi\/games\/unknown-location\/san-pham-322\/#local-main-organization-logo"},"sameAs":["https:\/\/www.facebook.com\/profile.php?id=100086426226253","https:\/\/www.instagram.com\/citygame_com","https:\/\/www.tiktok.com\/@citygamecom\/","https:\/\/www.linkedin.com\/company\/citygame-com"],"description":"Turn any city into a playground with our interactive City Games and self-guided tours. Fun, flexible, and ideal for groups and team building.","telephone":[],"openingHoursSpecification":[{"@type":"OpeningHoursSpecification","dayOfWeek":["Monday","Tuesday","Wednesday","Thursday","Friday","Saturday","Sunday"],"opens":"09:00","closes":"17:00"}]},{"@type":"ImageObject","inLanguage":"vi","@id":"https:\/\/testwebsite.citygame.com\/vi\/games\/unknown-location\/san-pham-322\/#local-main-organization-logo","url":"https:\/\/testwebsite.citygame.com\/wp-content\/blogs.dir\/1\/files\/sites\/62\/2025\/10\/CG_LOGO-City-Game.png","contentUrl":"https:\/\/testwebsite.citygame.com\/wp-content\/blogs.dir\/1\/files\/sites\/62\/2025\/10\/CG_LOGO-City-Game.png","width":351,"height":377,"caption":"City Game"}]}},"taxonomy_info":{"game-concept":[{"value":36,"label":"Secrets"}],"product_cat":[{"value":27,"label":"Geen categorie"}]},"featured_image_src_large":["https:\/\/testwebsite.citygame.com\/wp-content\/blogs.dir\/1\/files\/sites\/62\/2026\/01\/group-of-friends-playing-city-game-venetian-loggia-heraklion-1024x747.jpg",1024,747,true],"author_info":[],"comment_info":"","_links":{"self":[{"href":"https:\/\/testwebsite.citygame.com\/vi\/wp-json\/wp\/v2\/product\/40366","targetHints":{"allow":["GET"]}}],"collection":[{"href":"https:\/\/testwebsite.citygame.com\/vi\/wp-json\/wp\/v2\/product"}],"about":[{"href":"https:\/\/testwebsite.citygame.com\/vi\/wp-json\/wp\/v2\/types\/product"}],"acf:post":[{"embeddable":true,"href":"https:\/\/testwebsite.citygame.com\/vi\/wp-json\/wp\/v2\/pages\/12826"}],"wp:featuredmedia":[{"embeddable":true,"href":"https:\/\/testwebsite.citygame.com\/vi\/wp-json\/wp\/v2\/media\/3851"}],"wp:attachment":[{"href":"https:\/\/testwebsite.citygame.com\/vi\/wp-json\/wp\/v2\/media?parent=40366"}],"wp:term":[{"taxonomy":"game-concept","embeddable":true,"href":"https:\/\/testwebsite.citygame.com\/vi\/wp-json\/wp\/v2\/game-concept?post=40366"},{"taxonomy":"location","embeddable":true,"href":"https:\/\/testwebsite.citygame.com\/vi\/wp-json\/wp\/v2\/location?post=40366"},{"taxonomy":"product_brand","embeddable":true,"href":"https:\/\/testwebsite.citygame.com\/vi\/wp-json\/wp\/v2\/product_brand?post=40366"},{"taxonomy":"product_cat","embeddable":true,"href":"https:\/\/testwebsite.citygame.com\/vi\/wp-json\/wp\/v2\/product_cat?post=40366"},{"taxonomy":"product_tag","embeddable":true,"href":"https:\/\/testwebsite.citygame.com\/vi\/wp-json\/wp\/v2\/product_tag?post=40366"}],"curies":[{"name":"wp","href":"https:\/\/api.w.org\/{rel}","templated":true}]}}