{"id":39466,"date":"2026-01-13T11:49:44","date_gmt":"2026-01-13T11:49:44","guid":{"rendered":"https:\/\/testwebsite.citygame.com\/games\/unknown-location\/san-pham-312\/"},"modified":"2026-04-02T10:20:05","modified_gmt":"2026-04-02T10:20:05","slug":"san-pham-312","status":"publish","type":"product","link":"https:\/\/testwebsite.citygame.com\/vi\/games\/unknown-location\/san-pham-312\/","title":{"rendered":"S\u1ea3n ph\u1ea9m"},"content":{"rendered":"","protected":false},"excerpt":{"rendered":"","protected":false},"featured_media":3684,"template":"","meta":{"_acf_changed":false,"_yoast_wpseo_focuskw":"Secrets of Tallinn","_yoast_wpseo_metadesc":"Secrets of Tallinn. Ch\u01a1i m\u1ed9t City Game t\u1ef1 h\u01b0\u1edbng d\u1eabn v\u00e0 kh\u00e1m ph\u00e1 th\u00e0nh ph\u1ed1 qua c\u00e1c c\u00e2u \u0111\u1ed1, c\u00e2u h\u1ecfi v\u00e0 th\u1eed th\u00e1ch. Ch\u01a1i theo t\u1ed1c \u0111\u1ed9 c\u1ee7a ri\u00eang b\u1ea1n v\u00e0 kh\u00e1m ph\u00e1 nh\u01b0 m\u1ed9t ng\u01b0\u1eddi d\u00e2n \u0111\u1ecba ph\u01b0\u01a1ng!","_kad_blocks_custom_css":"","_kad_blocks_head_custom_js":"","_kad_blocks_body_custom_js":"","_kad_blocks_footer_custom_js":"","ghostkit_customizer_options":"","ghostkit_custom_css":"","ghostkit_custom_js_head":"","ghostkit_custom_js_foot":"","ghostkit_typography":"","_kad_post_transparent":"","_kad_post_title":"","_kad_post_layout":"","_kad_post_sidebar_id":"","_kad_post_content_style":"","_kad_post_vertical_padding":"","_kad_post_feature":"","_kad_post_feature_position":"","_kad_post_header":false,"_kad_post_footer":false,"_kad_post_classname":"","_links_to":"","_links_to_target":""},"game-concept":[36],"location":[],"product_brand":[],"product_cat":[27],"product_tag":[],"class_list":{"0":"post-39466","1":"product","2":"type-product","3":"status-publish","4":"has-post-thumbnail","6":"game-concept-secrets","7":"product_cat-geen-categorie","9":"first","10":"instock","11":"shipping-taxable","12":"purchasable","13":"product-type-simple","14":"entry","15":"content-bg","16":"loop-entry"},"acf":{"full_bokun_product_name":"Self-Guided Secrets of Tallinn Exploration Game","location_name":"Tallinn","bokun_calendar_widget_code":"<script type=\"text\/javascript\" src=\"https:\/\/widgets.bokun.io\/assets\/javascripts\/apps\/build\/BokunWidgetsLoader.js?bookingChannelUUID=a1e93e96-5232-4734-a595-28405f4b5a31\" async><\/script>\n     \n    <div class=\"bokunWidget\" data-src=\"https:\/\/widgets.bokun.io\/online-sales\/a1e93e96-5232-4734-a595-28405f4b5a31\/experience-calendar\/797546\"><\/div>\n    <noscript>Please enable javascript in your browser to book<\/noscript>","bokun_button_widget_code":"<script type=\"text\/javascript\" src=\"https:\/\/widgets.bokun.io\/assets\/javascripts\/apps\/build\/BokunWidgetsLoader.js?bookingChannelUUID=a1e93e96-5232-4734-a595-28405f4b5a31\" async><\/script>\n      <style> #bokun_ed001e45_5927_4f62_b470_ca766338d083 { display: inline-block; padding: .4em 1em; background: #47b82e; border-radius: 999999px; box-shadow: none; font-weight: 600; font-size: 24px; text-decoration: none; text-align: center; color: #FFFFFF; border:none; cursor: pointer; transition: background .2s ease; } #bokun_ed001e45_5927_4f62_b470_ca766338d083:hover{ background: #2f7b1f; } #bokun_ed001e45_5927_4f62_b470_ca766338d083:active{ background: #378f24; } <\/style> <button class=\"bokunButton\" disabled id=bokun_ed001e45_5927_4f62_b470_ca766338d083 data-src=\"https:\/\/widgets.bokun.io\/online-sales\/a1e93e96-5232-4734-a595-28405f4b5a31\/experience-calendar\/797546?partialView=1\" data-testid=\"widget-book-button\" > Book now <\/button> ","what_you\u2019ll_experience_during_the_game":"Trong Tr\u00f2 ch\u01a1i Th\u00e0nh ph\u1ed1 'Secrets of Tallinn', b\u1ea1n s\u1ebd kh\u00e1m ph\u00e1 c\u1ea3 nh\u1eefng \u0111\u1ecba danh n\u1ed5i ti\u1ebfng v\u00e0 nh\u1eefng g\u00f3c khu\u1ea5t th\u00f4ng qua m\u1ed9t c\u1ed1t truy\u1ec7n h\u1ea5p d\u1eabn \u0111\u01b0\u1ee3c d\u1ec7t n\u00ean t\u1eeb nh\u1eefng con ph\u1ed1 c\u1ee7a Khu Ph\u1ed1 C\u1ed5. Khi b\u1ea1n kh\u00e1m ph\u00e1 nh\u1eefng l\u1edbp l\u1ecbch s\u1eed c\u1ee7a Tallinn, b\u1ea1n s\u1ebd \u0111i qua nh\u1eefng kh\u00f4ng gian s\u00f4i \u0111\u1ed9ng nh\u01b0 Town Hall Square v\u00e0 d\u1ea1o b\u01b0\u1edbc tr\u00ean nh\u1eefng con \u0111\u01b0\u1eddng th\u1eddi Trung c\u1ed5 nh\u01b0 Pikk jalg. H\u00e0nh tr\u00ecnh c\u00f3 th\u1ec3 \u0111\u01b0a b\u1ea1n \u0111\u1ebfn nh\u1eefng \u0111i\u1ec3m tham quan n\u1ed5i b\u1eadt bao g\u1ed3m Nh\u00e0 th\u1edd Alexander Nevsky m\u00e1i v\u00f2m c\u1ee7 h\u00e0nh, T\u01b0\u1ee3ng \u0111\u00e0i T\u1ef1 do mang t\u00ednh bi\u1ec3u t\u01b0\u1ee3ng t\u1ea1i Freedom Square v\u00e0 l\u1ed1i v\u00e0o y\u00ean t\u0129nh \u0111\u01b0\u1ee3c \u0111\u00e1nh d\u1ea5u b\u1eb1ng Triangular Door with Shield. Tr\u00ean \u0111\u01b0\u1eddng \u0111i, b\u1ea7u kh\u00f4ng kh\u00ed th\u00e0nh ph\u1ed1 chuy\u1ec3n t\u1eeb nh\u1eefng qu\u1ea3ng tr\u01b0\u1eddng nh\u1ed9n nh\u1ecbp sang nh\u1eefng s\u00e2n trong y\u00ean b\u00ecnh, mang \u0111\u1ebfn s\u1ef1 k\u1ebft h\u1ee3p c\u00e2n b\u1eb1ng gi\u1eefa kh\u00e1m ph\u00e1 v\u00e0 suy ng\u1eabm.\n\nTrong su\u1ed1t tr\u00f2 ch\u01a1i, b\u1ea1n s\u1ebd th\u1ef1c hi\u1ec7n m\u1ed9t lo\u1ea1t c\u00e1c th\u1eed th\u00e1ch t\u01b0\u01a1ng t\u00e1c, bao g\u1ed3m c\u00e2u \u0111\u1ed1, x\u1ebfp h\u00ecnh, c\u00e2u h\u1ecfi v\u00e0 c\u00e1c nhi\u1ec7m v\u1ee5 ch\u1ee5p \u1ea3nh vui nh\u1ed9n \u0111\u01b0\u1ee3c thi\u1ebft k\u1ebf \u0111\u1ec3 kh\u01a1i g\u1ee3i s\u1ef1 t\u00f2 m\u00f2. M\u1ed7i th\u1eed th\u00e1ch ho\u00e0n th\u00e0nh s\u1ebd gi\u00fap b\u1ea1n ki\u1ebfm \u0111i\u1ec3m, m\u1edf g\u1ee3i \u00fd v\u00e0 \u0111\u01b0a b\u1ea1n \u0111\u1ebfn g\u1ea7n h\u01a1n v\u1edbi vi\u1ec7c gi\u1ea3i m\u1ed9t b\u00ed \u1ea9n cu\u1ed1i c\u00f9ng g\u1eafn k\u1ebft to\u00e0n b\u1ed9 tr\u1ea3i nghi\u1ec7m. Tr\u00f2 ch\u01a1i c\u00f3 th\u1ec3 t\u1ea1m d\u1eebng b\u1ea5t c\u1ee9 l\u00fac n\u00e0o, v\u00ec v\u1eady b\u1ea1n c\u00f3 th\u1ec3 kh\u00e1m ph\u00e1 Tallinn theo t\u1ed1c \u0111\u1ed9 c\u1ee7a ri\u00eang m\u00ecnh v\u00e0 quay l\u1ea1i b\u1ea5t c\u1ee9 khi n\u00e0o b\u1ea1n mu\u1ed1n. \u0110\u1ed1i v\u1edbi nh\u1eefng ng\u01b0\u1eddi th\u00edch c\u1ea1nh tranh, City Game c\u0169ng mang \u0111\u1ebfn c\u01a1 h\u1ed9i leo l\u00ean b\u1ea3ng x\u1ebfp h\u1ea1ng b\u1eb1ng c\u00e1ch ch\u01a1i chi\u1ebfn l\u01b0\u1ee3c ho\u1eb7c theo nh\u00f3m.","how_to_play":"Sau khi \u0111\u1eb7t ch\u1ed7, b\u1ea1n s\u1ebd nh\u1eadn \u0111\u01b0\u1ee3c m\u1ed9t email v\u1edbi \u0111\u01b0\u1eddng d\u1eabn tr\u00f2 ch\u01a1i c\u00e1 nh\u00e2n c\u1ee7a m\u00ecnh. Ch\u1ec9 c\u1ea7n \u0111\u1ebfn Cross of Liberty, m\u1edf \u0111\u01b0\u1eddng d\u1eabn tr\u00ean \u0111i\u1ec7n tho\u1ea1i v\u00e0 b\u1eaft \u0111\u1ea7u h\u00e0nh tr\u00ecnh c\u1ee7a b\u1ea1n qua Tallinn. B\u1ea1n c\u00f3 th\u1ec3 t\u1ea1m d\u1eebng tr\u00f2 ch\u01a1i b\u1ea5t c\u1ee9 l\u00fac n\u00e0o v\u00e0 ti\u1ebfp t\u1ee5c sau, bi\u1ebfn n\u00f3 th\u00e0nh cu\u1ed9c phi\u00eau l\u01b0u linh ho\u1ea1t ho\u00e0n h\u1ea3o cho l\u1ecbch tr\u00ecnh c\u1ee7a ri\u00eang b\u1ea1n.","start_location":"Tallinn, Cross of Liberty","available_languages":[],"players_per_group":"1-4","duration":"1.5-2 hours","image_overlay_color_image":"https:\/\/testwebsite.citygame.com\/wp-content\/blogs.dir\/1\/files\/sites\/62\/2026\/01\/SecretsColor.svg","image_overlay_game_logo":"https:\/\/testwebsite.citygame.com\/wp-content\/blogs.dir\/1\/files\/sites\/62\/2026\/01\/SecretsLogo.png","city_page":6421,"woocommerce_general_content":null,"the_story":"<strong>C\u00e1c th\u00e1p c\u1ee7a Tallinn v\u01b0\u01a1n l\u00ean nh\u01b0 nh\u1eefng \u00e1nh m\u1eaft canh g\u00e1c, th\u1ea5m \u0111\u1eabm truy\u1ec1n thuy\u1ebft v\u00e0 s\u1eafc n\u00e9t v\u1edbi l\u1ecbch s\u1eed. Cao v\u00fat tr\u00ean t\u1ea5t c\u1ea3 l\u00e0 Vana Thomas, m\u1ed9t con g\u00e0 tr\u1ed1ng th\u1eddi ti\u1ebft v\u00e0ng, m\u1ed9t cung th\u1ee7 v\u00e0 ng\u01b0\u1eddi b\u1ea3o v\u1ec7 v\u0129nh c\u1eedu c\u1ee7a th\u00e0nh ph\u1ed1. Nh\u01b0ng m\u1ed9t trong nh\u1eefng m\u0169i t\u00ean thi\u00eang li\u00eang c\u1ee7a \u00f4ng \u0111\u00e3 bi\u1ebfn m\u1ea5t. Kh\u00f4ng c\u00f3 n\u00f3, h\u00e0ng ph\u00f2ng th\u1ee7 c\u1ee7a \u00f4ng suy y\u1ebfu. \u00c1nh m\u1eaft c\u1ee7a \u00f4ng kh\u00f4ng c\u00f2n c\u1ea3m th\u1ea5y tr\u1ecdn v\u1eb9n.<\/strong><br><br>Con \u0111\u01b0\u1eddng u\u1ed1n l\u01b0\u1ee3n qua nh\u1eefng con ph\u1ed1 l\u00e1t \u0111\u00e1 cu\u1ed9i, qua nh\u1eefng ng\u1ecdn th\u00e1p c\u1ed5 x\u01b0a v\u00e0 nh\u1eefng b\u00ed m\u1eadt th\u00ec th\u1ea7m. Khi b\u00f3ng t\u1ed1i ph\u1ee7 d\u00e0i tr\u00ean nh\u1eefng m\u00e1i nh\u00e0, b\u1ea1n ph\u1ea3i theo d\u00f5i k\u1ebb tr\u1ed9m v\u00e0 kh\u00f4i ph\u1ee5c t\u1ea7m nh\u00ecn c\u1ee7a Thomas. \u0110\u00e2y kh\u00f4ng ch\u1ec9 l\u00e0 m\u1ed9t cu\u1ed9c t\u00ecm ki\u1ebfm v\u0169 kh\u00ed. \u0110\u00f3 l\u00e0 m\u1ed9t nhi\u1ec7m v\u1ee5 b\u1ea3o v\u1ec7 m\u1ed9t th\u00e0nh ph\u1ed1 v\u1eabn h\u00edt th\u1edf nh\u1eefng c\u00e2u chuy\u1ec7n v\u00e0o t\u1eebng vi\u00ean \u0111\u00e1.<br><br>S\u1ef1 th\u1eadt \u0111ang \u1edf \u0111\u00f3. Ch\u1ec9 \u1ea9n gi\u1ea5u d\u01b0\u1edbi nh\u1eefng vi\u00ean \u0111\u00e1 cu\u1ed9i v\u00e0 nh\u1eefng l\u1eddi th\u00ec th\u1ea7m.","name_main_character":"Vana Thomas","photo_main_character":39467,"loquiz_or_kokimoki":"Kokimoki"},"yoast_head":"<!-- This site is optimized with the Yoast SEO Premium plugin v26.2 (Yoast SEO v26.3) - https:\/\/yoast.com\/wordpress\/plugins\/seo\/ -->\n<title>S\u1ea3n ph\u1ea9m - City Game<\/title>\n<meta name=\"description\" content=\"Secrets of Tallinn. Ch\u01a1i m\u1ed9t City Game t\u1ef1 h\u01b0\u1edbng d\u1eabn v\u00e0 kh\u00e1m ph\u00e1 th\u00e0nh ph\u1ed1 qua c\u00e1c c\u00e2u \u0111\u1ed1, c\u00e2u h\u1ecfi v\u00e0 th\u1eed th\u00e1ch. Ch\u01a1i theo t\u1ed1c \u0111\u1ed9 c\u1ee7a ri\u00eang b\u1ea1n v\u00e0 kh\u00e1m ph\u00e1 nh\u01b0 m\u1ed9t ng\u01b0\u1eddi d\u00e2n \u0111\u1ecba ph\u01b0\u01a1ng!\" \/>\n<meta name=\"robots\" content=\"noindex, follow, max-snippet:-1, max-image-preview:large, max-video-preview:-1\" \/>\n<meta property=\"og:locale\" content=\"vi_VN\" \/>\n<meta property=\"og:type\" content=\"article\" \/>\n<meta property=\"og:title\" content=\"S\u1ea3n ph\u1ea9m\" \/>\n<meta property=\"og:description\" content=\"Secrets of Tallinn. Ch\u01a1i m\u1ed9t City Game t\u1ef1 h\u01b0\u1edbng d\u1eabn v\u00e0 kh\u00e1m ph\u00e1 th\u00e0nh ph\u1ed1 qua c\u00e1c c\u00e2u \u0111\u1ed1, c\u00e2u h\u1ecfi v\u00e0 th\u1eed th\u00e1ch. Ch\u01a1i theo t\u1ed1c \u0111\u1ed9 c\u1ee7a ri\u00eang b\u1ea1n v\u00e0 kh\u00e1m ph\u00e1 nh\u01b0 m\u1ed9t ng\u01b0\u1eddi d\u00e2n \u0111\u1ecba ph\u01b0\u01a1ng!\" \/>\n<meta property=\"og:url\" content=\"https:\/\/testwebsite.citygame.com\/vi\/games\/unknown-location\/san-pham-312\/\" \/>\n<meta property=\"og:site_name\" content=\"City Game\" \/>\n<meta property=\"article:publisher\" content=\"https:\/\/www.facebook.com\/profile.php?id=100086426226253\" \/>\n<meta property=\"article:modified_time\" content=\"2026-04-02T10:20:05+00:00\" \/>\n<meta property=\"og:image\" content=\"https:\/\/testwebsite.citygame.com\/wp-content\/blogs.dir\/1\/files\/sites\/62\/2026\/01\/tallinn-old-town-cobblestone-street-city-game.jpg\" \/>\n\t<meta property=\"og:image:width\" content=\"1184\" \/>\n\t<meta property=\"og:image:height\" content=\"864\" \/>\n\t<meta property=\"og:image:type\" content=\"image\/jpeg\" \/>\n<meta name=\"twitter:card\" content=\"summary_large_image\" \/>\n<script type=\"application\/ld+json\" class=\"yoast-schema-graph\">{\"@context\":\"https:\/\/schema.org\",\"@graph\":[{\"@type\":\"WebPage\",\"@id\":\"https:\/\/testwebsite.citygame.com\/vi\/games\/unknown-location\/san-pham-312\/\",\"url\":\"https:\/\/testwebsite.citygame.com\/vi\/games\/unknown-location\/san-pham-312\/\",\"name\":\"S\u1ea3n ph\u1ea9m - City Game\",\"isPartOf\":{\"@id\":\"https:\/\/testwebsite.upevents.nl\/#website\"},\"primaryImageOfPage\":{\"@id\":\"https:\/\/testwebsite.citygame.com\/vi\/games\/unknown-location\/san-pham-312\/#primaryimage\"},\"image\":{\"@id\":\"https:\/\/testwebsite.citygame.com\/vi\/games\/unknown-location\/san-pham-312\/#primaryimage\"},\"thumbnailUrl\":\"https:\/\/testwebsite.citygame.com\/wp-content\/blogs.dir\/1\/files\/sites\/62\/2026\/01\/tallinn-old-town-cobblestone-street-city-game.jpg\",\"datePublished\":\"2026-01-13T11:49:44+00:00\",\"dateModified\":\"2026-04-02T10:20:05+00:00\",\"description\":\"Secrets of Tallinn. Ch\u01a1i m\u1ed9t City Game t\u1ef1 h\u01b0\u1edbng d\u1eabn v\u00e0 kh\u00e1m ph\u00e1 th\u00e0nh ph\u1ed1 qua c\u00e1c c\u00e2u \u0111\u1ed1, c\u00e2u h\u1ecfi v\u00e0 th\u1eed th\u00e1ch. Ch\u01a1i theo t\u1ed1c \u0111\u1ed9 c\u1ee7a ri\u00eang b\u1ea1n v\u00e0 kh\u00e1m ph\u00e1 nh\u01b0 m\u1ed9t ng\u01b0\u1eddi d\u00e2n \u0111\u1ecba ph\u01b0\u01a1ng!\",\"breadcrumb\":{\"@id\":\"https:\/\/testwebsite.citygame.com\/vi\/games\/unknown-location\/san-pham-312\/#breadcrumb\"},\"inLanguage\":\"vi\",\"potentialAction\":[{\"@type\":\"ReadAction\",\"target\":[\"https:\/\/testwebsite.citygame.com\/vi\/games\/unknown-location\/san-pham-312\/\"]}]},{\"@type\":\"ImageObject\",\"inLanguage\":\"vi\",\"@id\":\"https:\/\/testwebsite.citygame.com\/vi\/games\/unknown-location\/san-pham-312\/#primaryimage\",\"url\":\"https:\/\/testwebsite.citygame.com\/wp-content\/blogs.dir\/1\/files\/sites\/62\/2026\/01\/tallinn-old-town-cobblestone-street-city-game.jpg\",\"contentUrl\":\"https:\/\/testwebsite.citygame.com\/wp-content\/blogs.dir\/1\/files\/sites\/62\/2026\/01\/tallinn-old-town-cobblestone-street-city-game.jpg\",\"width\":1184,\"height\":864,\"caption\":\"A visitor uses a smartphone to navigate a historic cobblestone street in Tallinn, Estonia.\"},{\"@type\":\"BreadcrumbList\",\"@id\":\"https:\/\/testwebsite.citygame.com\/vi\/games\/unknown-location\/san-pham-312\/#breadcrumb\",\"itemListElement\":[{\"@type\":\"ListItem\",\"position\":1,\"name\":\"Home\",\"item\":\"https:\/\/testwebsite.citygame.com\/vi\/\"},{\"@type\":\"ListItem\",\"position\":2,\"name\":\"Shop\",\"item\":\"https:\/\/testwebsite.citygame.com\/shop\/\"},{\"@type\":\"ListItem\",\"position\":3,\"name\":\"S\u1ea3n ph\u1ea9m\"}]},{\"@type\":\"WebSite\",\"@id\":\"https:\/\/testwebsite.upevents.nl\/#website\",\"url\":\"https:\/\/testwebsite.upevents.nl\/\",\"name\":\"City Game\",\"description\":\"\",\"publisher\":{\"@id\":\"https:\/\/testwebsite.upevents.nl\/#organization\"},\"alternateName\":\"citygame.com\",\"potentialAction\":[{\"@type\":\"SearchAction\",\"target\":{\"@type\":\"EntryPoint\",\"urlTemplate\":\"https:\/\/testwebsite.upevents.nl\/?s={search_term_string}\"},\"query-input\":{\"@type\":\"PropertyValueSpecification\",\"valueRequired\":true,\"valueName\":\"search_term_string\"}}],\"inLanguage\":\"vi\"},{\"@type\":[\"Organization\",\"Place\"],\"@id\":\"https:\/\/testwebsite.upevents.nl\/#organization\",\"name\":\"City Game\",\"alternateName\":\"citygame.com\",\"url\":\"https:\/\/testwebsite.upevents.nl\/\",\"logo\":{\"@id\":\"https:\/\/testwebsite.citygame.com\/vi\/games\/unknown-location\/san-pham-312\/#local-main-organization-logo\"},\"image\":{\"@id\":\"https:\/\/testwebsite.citygame.com\/vi\/games\/unknown-location\/san-pham-312\/#local-main-organization-logo\"},\"sameAs\":[\"https:\/\/www.facebook.com\/profile.php?id=100086426226253\",\"https:\/\/www.instagram.com\/citygame_com\",\"https:\/\/www.tiktok.com\/@citygamecom\/\",\"https:\/\/www.linkedin.com\/company\/citygame-com\"],\"description\":\"Turn any city into a playground with our interactive City Games and self-guided tours. Fun, flexible, and ideal for groups and team building.\",\"telephone\":[],\"openingHoursSpecification\":[{\"@type\":\"OpeningHoursSpecification\",\"dayOfWeek\":[\"Monday\",\"Tuesday\",\"Wednesday\",\"Thursday\",\"Friday\",\"Saturday\",\"Sunday\"],\"opens\":\"09:00\",\"closes\":\"17:00\"}]},{\"@type\":\"ImageObject\",\"inLanguage\":\"vi\",\"@id\":\"https:\/\/testwebsite.citygame.com\/vi\/games\/unknown-location\/san-pham-312\/#local-main-organization-logo\",\"url\":\"https:\/\/testwebsite.citygame.com\/wp-content\/blogs.dir\/1\/files\/sites\/62\/2025\/10\/CG_LOGO-City-Game.png\",\"contentUrl\":\"https:\/\/testwebsite.citygame.com\/wp-content\/blogs.dir\/1\/files\/sites\/62\/2025\/10\/CG_LOGO-City-Game.png\",\"width\":351,\"height\":377,\"caption\":\"City Game\"}]}<\/script>\n<!-- \/ Yoast SEO Premium plugin. -->","yoast_head_json":{"title":"S\u1ea3n ph\u1ea9m - City Game","description":"Secrets of Tallinn. Ch\u01a1i m\u1ed9t City Game t\u1ef1 h\u01b0\u1edbng d\u1eabn v\u00e0 kh\u00e1m ph\u00e1 th\u00e0nh ph\u1ed1 qua c\u00e1c c\u00e2u \u0111\u1ed1, c\u00e2u h\u1ecfi v\u00e0 th\u1eed th\u00e1ch. Ch\u01a1i theo t\u1ed1c \u0111\u1ed9 c\u1ee7a ri\u00eang b\u1ea1n v\u00e0 kh\u00e1m ph\u00e1 nh\u01b0 m\u1ed9t ng\u01b0\u1eddi d\u00e2n \u0111\u1ecba ph\u01b0\u01a1ng!","robots":{"index":"noindex","follow":"follow","max-snippet":"max-snippet:-1","max-image-preview":"max-image-preview:large","max-video-preview":"max-video-preview:-1"},"og_locale":"vi_VN","og_type":"article","og_title":"S\u1ea3n ph\u1ea9m","og_description":"Secrets of Tallinn. Ch\u01a1i m\u1ed9t City Game t\u1ef1 h\u01b0\u1edbng d\u1eabn v\u00e0 kh\u00e1m ph\u00e1 th\u00e0nh ph\u1ed1 qua c\u00e1c c\u00e2u \u0111\u1ed1, c\u00e2u h\u1ecfi v\u00e0 th\u1eed th\u00e1ch. Ch\u01a1i theo t\u1ed1c \u0111\u1ed9 c\u1ee7a ri\u00eang b\u1ea1n v\u00e0 kh\u00e1m ph\u00e1 nh\u01b0 m\u1ed9t ng\u01b0\u1eddi d\u00e2n \u0111\u1ecba ph\u01b0\u01a1ng!","og_url":"https:\/\/testwebsite.citygame.com\/vi\/games\/unknown-location\/san-pham-312\/","og_site_name":"City Game","article_publisher":"https:\/\/www.facebook.com\/profile.php?id=100086426226253","article_modified_time":"2026-04-02T10:20:05+00:00","og_image":[{"width":1184,"height":864,"url":"https:\/\/testwebsite.citygame.com\/wp-content\/blogs.dir\/1\/files\/sites\/62\/2026\/01\/tallinn-old-town-cobblestone-street-city-game.jpg","type":"image\/jpeg"}],"twitter_card":"summary_large_image","schema":{"@context":"https:\/\/schema.org","@graph":[{"@type":"WebPage","@id":"https:\/\/testwebsite.citygame.com\/vi\/games\/unknown-location\/san-pham-312\/","url":"https:\/\/testwebsite.citygame.com\/vi\/games\/unknown-location\/san-pham-312\/","name":"S\u1ea3n ph\u1ea9m - City Game","isPartOf":{"@id":"https:\/\/testwebsite.upevents.nl\/#website"},"primaryImageOfPage":{"@id":"https:\/\/testwebsite.citygame.com\/vi\/games\/unknown-location\/san-pham-312\/#primaryimage"},"image":{"@id":"https:\/\/testwebsite.citygame.com\/vi\/games\/unknown-location\/san-pham-312\/#primaryimage"},"thumbnailUrl":"https:\/\/testwebsite.citygame.com\/wp-content\/blogs.dir\/1\/files\/sites\/62\/2026\/01\/tallinn-old-town-cobblestone-street-city-game.jpg","datePublished":"2026-01-13T11:49:44+00:00","dateModified":"2026-04-02T10:20:05+00:00","description":"Secrets of Tallinn. Ch\u01a1i m\u1ed9t City Game t\u1ef1 h\u01b0\u1edbng d\u1eabn v\u00e0 kh\u00e1m ph\u00e1 th\u00e0nh ph\u1ed1 qua c\u00e1c c\u00e2u \u0111\u1ed1, c\u00e2u h\u1ecfi v\u00e0 th\u1eed th\u00e1ch. Ch\u01a1i theo t\u1ed1c \u0111\u1ed9 c\u1ee7a ri\u00eang b\u1ea1n v\u00e0 kh\u00e1m ph\u00e1 nh\u01b0 m\u1ed9t ng\u01b0\u1eddi d\u00e2n \u0111\u1ecba ph\u01b0\u01a1ng!","breadcrumb":{"@id":"https:\/\/testwebsite.citygame.com\/vi\/games\/unknown-location\/san-pham-312\/#breadcrumb"},"inLanguage":"vi","potentialAction":[{"@type":"ReadAction","target":["https:\/\/testwebsite.citygame.com\/vi\/games\/unknown-location\/san-pham-312\/"]}]},{"@type":"ImageObject","inLanguage":"vi","@id":"https:\/\/testwebsite.citygame.com\/vi\/games\/unknown-location\/san-pham-312\/#primaryimage","url":"https:\/\/testwebsite.citygame.com\/wp-content\/blogs.dir\/1\/files\/sites\/62\/2026\/01\/tallinn-old-town-cobblestone-street-city-game.jpg","contentUrl":"https:\/\/testwebsite.citygame.com\/wp-content\/blogs.dir\/1\/files\/sites\/62\/2026\/01\/tallinn-old-town-cobblestone-street-city-game.jpg","width":1184,"height":864,"caption":"A visitor uses a smartphone to navigate a historic cobblestone street in Tallinn, Estonia."},{"@type":"BreadcrumbList","@id":"https:\/\/testwebsite.citygame.com\/vi\/games\/unknown-location\/san-pham-312\/#breadcrumb","itemListElement":[{"@type":"ListItem","position":1,"name":"Home","item":"https:\/\/testwebsite.citygame.com\/vi\/"},{"@type":"ListItem","position":2,"name":"Shop","item":"https:\/\/testwebsite.citygame.com\/shop\/"},{"@type":"ListItem","position":3,"name":"S\u1ea3n ph\u1ea9m"}]},{"@type":"WebSite","@id":"https:\/\/testwebsite.upevents.nl\/#website","url":"https:\/\/testwebsite.upevents.nl\/","name":"City Game","description":"","publisher":{"@id":"https:\/\/testwebsite.upevents.nl\/#organization"},"alternateName":"citygame.com","potentialAction":[{"@type":"SearchAction","target":{"@type":"EntryPoint","urlTemplate":"https:\/\/testwebsite.upevents.nl\/?s={search_term_string}"},"query-input":{"@type":"PropertyValueSpecification","valueRequired":true,"valueName":"search_term_string"}}],"inLanguage":"vi"},{"@type":["Organization","Place"],"@id":"https:\/\/testwebsite.upevents.nl\/#organization","name":"City Game","alternateName":"citygame.com","url":"https:\/\/testwebsite.upevents.nl\/","logo":{"@id":"https:\/\/testwebsite.citygame.com\/vi\/games\/unknown-location\/san-pham-312\/#local-main-organization-logo"},"image":{"@id":"https:\/\/testwebsite.citygame.com\/vi\/games\/unknown-location\/san-pham-312\/#local-main-organization-logo"},"sameAs":["https:\/\/www.facebook.com\/profile.php?id=100086426226253","https:\/\/www.instagram.com\/citygame_com","https:\/\/www.tiktok.com\/@citygamecom\/","https:\/\/www.linkedin.com\/company\/citygame-com"],"description":"Turn any city into a playground with our interactive City Games and self-guided tours. Fun, flexible, and ideal for groups and team building.","telephone":[],"openingHoursSpecification":[{"@type":"OpeningHoursSpecification","dayOfWeek":["Monday","Tuesday","Wednesday","Thursday","Friday","Saturday","Sunday"],"opens":"09:00","closes":"17:00"}]},{"@type":"ImageObject","inLanguage":"vi","@id":"https:\/\/testwebsite.citygame.com\/vi\/games\/unknown-location\/san-pham-312\/#local-main-organization-logo","url":"https:\/\/testwebsite.citygame.com\/wp-content\/blogs.dir\/1\/files\/sites\/62\/2025\/10\/CG_LOGO-City-Game.png","contentUrl":"https:\/\/testwebsite.citygame.com\/wp-content\/blogs.dir\/1\/files\/sites\/62\/2025\/10\/CG_LOGO-City-Game.png","width":351,"height":377,"caption":"City Game"}]}},"taxonomy_info":{"game-concept":[{"value":36,"label":"Secrets"}],"product_cat":[{"value":27,"label":"Geen categorie"}]},"featured_image_src_large":["https:\/\/testwebsite.citygame.com\/wp-content\/blogs.dir\/1\/files\/sites\/62\/2026\/01\/tallinn-old-town-cobblestone-street-city-game-1024x747.jpg",1024,747,true],"author_info":[],"comment_info":"","_links":{"self":[{"href":"https:\/\/testwebsite.citygame.com\/vi\/wp-json\/wp\/v2\/product\/39466","targetHints":{"allow":["GET"]}}],"collection":[{"href":"https:\/\/testwebsite.citygame.com\/vi\/wp-json\/wp\/v2\/product"}],"about":[{"href":"https:\/\/testwebsite.citygame.com\/vi\/wp-json\/wp\/v2\/types\/product"}],"acf:post":[{"embeddable":true,"href":"https:\/\/testwebsite.citygame.com\/vi\/wp-json\/wp\/v2\/pages\/6421"}],"wp:featuredmedia":[{"embeddable":true,"href":"https:\/\/testwebsite.citygame.com\/vi\/wp-json\/wp\/v2\/media\/3684"}],"wp:attachment":[{"href":"https:\/\/testwebsite.citygame.com\/vi\/wp-json\/wp\/v2\/media?parent=39466"}],"wp:term":[{"taxonomy":"game-concept","embeddable":true,"href":"https:\/\/testwebsite.citygame.com\/vi\/wp-json\/wp\/v2\/game-concept?post=39466"},{"taxonomy":"location","embeddable":true,"href":"https:\/\/testwebsite.citygame.com\/vi\/wp-json\/wp\/v2\/location?post=39466"},{"taxonomy":"product_brand","embeddable":true,"href":"https:\/\/testwebsite.citygame.com\/vi\/wp-json\/wp\/v2\/product_brand?post=39466"},{"taxonomy":"product_cat","embeddable":true,"href":"https:\/\/testwebsite.citygame.com\/vi\/wp-json\/wp\/v2\/product_cat?post=39466"},{"taxonomy":"product_tag","embeddable":true,"href":"https:\/\/testwebsite.citygame.com\/vi\/wp-json\/wp\/v2\/product_tag?post=39466"}],"curies":[{"name":"wp","href":"https:\/\/api.w.org\/{rel}","templated":true}]}}