{"id":39274,"date":"2026-01-13T15:41:29","date_gmt":"2026-01-13T15:41:29","guid":{"rendered":"https:\/\/testwebsite.citygame.com\/games\/unknown-location\/san-pham-310\/"},"modified":"2026-04-02T09:45:12","modified_gmt":"2026-04-02T09:45:12","slug":"san-pham-310","status":"publish","type":"product","link":"https:\/\/testwebsite.citygame.com\/vi\/games\/unknown-location\/san-pham-310\/","title":{"rendered":"S\u1ea3n ph\u1ea9m"},"content":{"rendered":"","protected":false},"excerpt":{"rendered":"","protected":false},"featured_media":3899,"template":"","meta":{"_acf_changed":false,"_yoast_wpseo_focuskw":"Secrets of Kiel","_yoast_wpseo_metadesc":"Secrets of Kiel. Ch\u01a1i m\u1ed9t tr\u00f2 City Game t\u1ef1 h\u01b0\u1edbng d\u1eabn v\u00e0 kh\u00e1m ph\u00e1 th\u00e0nh ph\u1ed1 qua c\u00e1c c\u00e2u \u0111\u1ed1, m\u1eadt m\u00e3 v\u00e0 th\u1eed th\u00e1ch. Ch\u01a1i theo t\u1ed1c \u0111\u1ed9 c\u1ee7a ri\u00eang b\u1ea1n v\u00e0 kh\u00e1m ph\u00e1 nh\u01b0 m\u1ed9t ng\u01b0\u1eddi \u0111\u1ecba ph\u01b0\u01a1ng!","_kad_blocks_custom_css":"","_kad_blocks_head_custom_js":"","_kad_blocks_body_custom_js":"","_kad_blocks_footer_custom_js":"","ghostkit_customizer_options":"","ghostkit_custom_css":"","ghostkit_custom_js_head":"","ghostkit_custom_js_foot":"","ghostkit_typography":"","_kad_post_transparent":"","_kad_post_title":"","_kad_post_layout":"","_kad_post_sidebar_id":"","_kad_post_content_style":"","_kad_post_vertical_padding":"","_kad_post_feature":"","_kad_post_feature_position":"","_kad_post_header":false,"_kad_post_footer":false,"_kad_post_classname":"","_links_to":"","_links_to_target":""},"game-concept":[36],"location":[],"product_brand":[],"product_cat":[27],"product_tag":[],"class_list":{"0":"post-39274","1":"product","2":"type-product","3":"status-publish","4":"has-post-thumbnail","6":"game-concept-secrets","7":"product_cat-geen-categorie","9":"first","10":"instock","11":"shipping-taxable","12":"purchasable","13":"product-type-simple","14":"entry","15":"content-bg","16":"loop-entry"},"acf":{"full_bokun_product_name":"Self-Guided Secrets of Kiel Exploration Game","location_name":"Kiel","bokun_calendar_widget_code":"<script type=\"text\/javascript\" src=\"https:\/\/widgets.bokun.io\/assets\/javascripts\/apps\/build\/BokunWidgetsLoader.js?bookingChannelUUID=a1e93e96-5232-4734-a595-28405f4b5a31\" async><\/script>\n     \n    <div class=\"bokunWidget\" data-src=\"https:\/\/widgets.bokun.io\/online-sales\/a1e93e96-5232-4734-a595-28405f4b5a31\/experience-calendar\/885058\"><\/div>\n    <noscript>Please enable javascript in your browser to book<\/noscript>","bokun_button_widget_code":"<script type=\"text\/javascript\" src=\"https:\/\/widgets.bokun.io\/assets\/javascripts\/apps\/build\/BokunWidgetsLoader.js?bookingChannelUUID=a1e93e96-5232-4734-a595-28405f4b5a31\" async><\/script>\n      <style> #bokun_ed001e45_5927_4f62_b470_ca766338d083 { display: inline-block; padding: .4em 1em; background: #47b82e; border-radius: 999999px; box-shadow: none; font-weight: 600; font-size: 24px; text-decoration: none; text-align: center; color: #FFFFFF; border:none; cursor: pointer; transition: background .2s ease; } #bokun_ed001e45_5927_4f62_b470_ca766338d083:hover{ background: #2f7b1f; } #bokun_ed001e45_5927_4f62_b470_ca766338d083:active{ background: #378f24; } <\/style> <button class=\"bokunButton\" disabled id=bokun_ed001e45_5927_4f62_b470_ca766338d083 data-src=\"https:\/\/widgets.bokun.io\/online-sales\/a1e93e96-5232-4734-a595-28405f4b5a31\/experience-calendar\/885058?partialView=1\" data-testid=\"widget-book-button\" > Book now <\/button> ","what_you\u2019ll_experience_during_the_game":"Khi b\u1ea1n h\u00e0nh tr\u00ecnh qua Kiel v\u1edbi City Game, b\u1ea1n s\u1ebd kh\u00e1m ph\u00e1 c\u1ea3 nh\u1eefng \u0111\u1ecba danh mang t\u00ednh bi\u1ec3u t\u01b0\u1ee3ng c\u1ee7a th\u00e0nh ph\u1ed1 v\u00e0 nh\u1eefng g\u00f3c khu\u1ea5t \u1ea9n m\u00ecnh, t\u1ea5t c\u1ea3 \u0111\u01b0\u1ee3c d\u1ec7t n\u00ean trong m\u1ed9t c\u00e2u chuy\u1ec7n t\u01b0\u01a1ng t\u00e1c. Tuy\u1ebfn \u0111\u01b0\u1eddng s\u1ebd d\u1eabn b\u1ea1n qua ng\u1ecdn th\u00e1p cao v\u00fat c\u1ee7a T\u00f2a th\u1ecb ch\u00ednh (City Hall), d\u1ecdc theo b\u1edd s\u00f4ng s\u00f4i \u0111\u1ed9ng c\u1ee7a C\u1ea3ng Kiel (Kiel Harbor), v\u00e0 v\u00e0o kh\u00f4ng kh\u00ed l\u1ecbch s\u1eed bao quanh Nh\u00e0 th\u1edd St. Nikolai (St. Nikolai Church). B\u1ea1n c\u0169ng s\u1ebd b\u1eaft g\u1eb7p t\u00f2a nh\u00e0 Warleberhof \u0111\u01b0\u1ee3c b\u1ea3o t\u1ed3n, nay l\u00e0 b\u1ea3o t\u00e0ng th\u00e0nh ph\u1ed1, v\u00e0 v\u1ebb \u0111\u1eb9p y\u00ean b\u00ecnh b\u00ean h\u1ed3 c\u1ee7a Kleiner Kiel. M\u1ed7i \u0111\u1ecba \u0111i\u1ec3m m\u1eddi g\u1ecdi b\u1ea1n nh\u00ecn Kiel t\u1eeb nh\u1eefng g\u00f3c \u0111\u1ed9 m\u1edbi, h\u00f2a quy\u1ec7n l\u1ecbch s\u1eed, ngh\u1ec7 thu\u1eadt v\u00e0 cu\u1ed9c s\u1ed1ng h\u00e0ng ng\u00e0y.\n\nTrong su\u1ed1t tr\u00f2 ch\u01a1i, b\u1ea1n s\u1ebd gi\u1ea3i c\u00e1c c\u00e2u \u0111\u1ed1, tr\u1ea3 l\u1eddi m\u1eadt m\u00e3 v\u00e0 tham gia v\u00e0o c\u00e1c th\u1eed th\u00e1ch ch\u1ee5p \u1ea3nh s\u00e1ng t\u1ea1o \u0111\u1ec3 l\u00e0m s\u1ed1ng \u0111\u1ed9ng nh\u1eefng c\u00e2u chuy\u1ec7n \u0111\u1ecba ph\u01b0\u01a1ng. M\u1ed7i nhi\u1ec7m v\u1ee5 gi\u00fap b\u1ea1n ki\u1ebfm \u0111i\u1ec3m, m\u1edf kh\u00f3a manh m\u1ed1i v\u00e0 ti\u1ebfn g\u1ea7n h\u01a1n \u0111\u1ebfn vi\u1ec7c h\u00e9 l\u1ed9 m\u1ed9t b\u00ed \u1ea9n cu\u1ed1i c\u00f9ng li\u00ean quan \u0111\u1ebfn Kiel. Tr\u1ea3i nghi\u1ec7m r\u1ea5t linh ho\u1ea1t\u2014h\u00e3y ch\u01a1i theo t\u1ed1c \u0111\u1ed9 c\u1ee7a ri\u00eang b\u1ea1n, t\u1ea1m d\u1eebng b\u1ea5t c\u1ee9 khi n\u00e0o b\u1ea1n mu\u1ed1n v\u00e0 ti\u1ebfp t\u1ee5c khi s\u1eb5n s\u00e0ng. N\u1ebfu b\u1ea1n c\u1ea3m th\u1ea5y c\u1ea1nh tranh, h\u00e3y so s\u00e1nh \u0111i\u1ec3m s\u1ed1 c\u1ee7a m\u00ecnh v\u1edbi nh\u1eefng ng\u01b0\u1eddi kh\u00e1c tr\u00ean b\u1ea3ng x\u1ebfp h\u1ea1ng v\u00e0 nh\u1eafm \u0111\u1ebfn v\u1ecb tr\u00ed h\u00e0ng \u0111\u1ea7u.","how_to_play":"Sau khi \u0111\u1eb7t ch\u1ed7, b\u1ea1n s\u1ebd nh\u1eadn \u0111\u01b0\u1ee3c email ch\u1ee9a li\u00ean k\u1ebft ch\u01a1i tr\u1ef1c ti\u1ebfp \u0111\u1ec3 b\u1eaft \u0111\u1ea7u cu\u1ed9c phi\u00eau l\u01b0u c\u1ee7a m\u00ecnh. \u0110\u01a1n gi\u1ea3n ch\u1ec9 c\u1ea7n \u0111\u1ebfn Th\u00e1p T\u00f2a th\u1ecb ch\u00ednh Kiel (Kiel City Hall Tower), m\u1edf li\u00ean k\u1ebft v\u00e0 b\u1eaft \u0111\u1ea7u kh\u00e1m ph\u00e1. Tr\u00f2 ch\u01a1i b\u1eaft \u0111\u1ea7u b\u1ea5t c\u1ee9 khi n\u00e0o b\u1ea1n s\u1eb5n s\u00e0ng v\u00e0 c\u00f3 th\u1ec3 t\u1ea1m d\u1eebng, ti\u1ebfp t\u1ee5c b\u1ea5t c\u1ee9 l\u00fac n\u00e0o.","start_location":"Kiel, City Hall Tower","available_languages":[],"players_per_group":"1-4","duration":"1.5-2 hours","image_overlay_color_image":"https:\/\/testwebsite.citygame.com\/wp-content\/blogs.dir\/1\/files\/sites\/62\/2026\/01\/SecretsColor.svg","image_overlay_game_logo":"https:\/\/testwebsite.citygame.com\/wp-content\/blogs.dir\/1\/files\/sites\/62\/2026\/01\/SecretsLogo.png","city_page":14266,"woocommerce_general_content":null,"the_story":"<strong>M\u1ed9t m\u00f4 t\u00edp l\u1ea1 l\u00f9ng \u0111ang lan t\u1ecfa qua nh\u1eefng con ph\u1ed1 y\u00ean t\u0129nh c\u1ee7a Kiel. Nh\u1eefng k\u00fd hi\u1ec7u b\u00ed \u1ea9n kh\u1eafc tr\u00ean gh\u1ebf \u0111\u00e1, nh\u1eefng c\u00e2u \u0111\u1ed1 \u1ea9n gi\u1ea5u g\u1ea7n c\u00e1c b\u1ee9c t\u01b0\u1ee3ng, nh\u1eefng l\u1eddi th\u00ec th\u1ea7m v\u1ec1 b\u00ed m\u1eadt m\u00e0 kh\u00f4ng ai c\u00f3 th\u1ec3 truy t\u00ecm. Max Planck, cha \u0111\u1ebb c\u1ee7a thuy\u1ebft l\u01b0\u1ee3ng t\u1eed v\u00e0 l\u00e0 ng\u01b0\u1eddi con c\u1ee7a ch\u00ednh th\u00e0nh ph\u1ed1 n\u00e0y, kh\u00f4ng xa l\u1ea1 g\u00ec v\u1edbi nh\u1eefng b\u00ed \u1ea9n. Nh\u01b0ng \u0111i\u1ec1u n\u00e0y? \u0110i\u1ec1u n\u00e0y th\u00ec kh\u00e1c. \u0110\u00e2y l\u00e0 chuy\u1ec7n c\u00e1 nh\u00e2n.<\/strong><br><br>\u0110\u01b0\u1ee3c d\u1eabn l\u1ed1i b\u1edfi s\u1ef1 t\u00f2 m\u00f2 v\u00e0 m\u1ed9t ch\u00fat lo l\u1eafng, Max l\u00ean \u0111\u01b0\u1eddng kh\u00e1m ph\u00e1 s\u1ef1 th\u1eadt \u0111\u1eb1ng sau s\u1ef1 xu\u1ea5t hi\u1ec7n \u0111\u1ed9t ng\u1ed9t c\u1ee7a nh\u1eefng b\u00ed m\u1eadt n\u00e0y. Ai \u0111ang gieo r\u1eafc ch\u00fang? T\u1ea1i sao l\u1ea1i l\u00e0 b\u00e2y gi\u1edd? V\u00e0 h\u1ecd mu\u1ed1n g\u00ec? Khi s\u01b0\u01a1ng m\u00f9 tan tr\u00ean b\u1ebfn c\u1ea3ng v\u00e0 nh\u1eefng t\u1edd b\u00e1o c\u0169 bay l\u01b0\u1ee3n qua qu\u1ea3ng tr\u01b0\u1eddng, b\u1ea1n s\u1ebd \u0111\u1ed3ng h\u00e0nh c\u00f9ng Max qua 15 \u0111\u1ecba \u0111i\u1ec3m \u0111\u01b0\u1ee3c \u0111\u00e1nh d\u1ea5u b\u1eb1ng nh\u1eefng manh m\u1ed1i, m\u1ed7i \u0111\u1ecba \u0111i\u1ec3m \u0111\u1ec1u h\u00e9 l\u1ed9 m\u1ed9t ph\u1ea7n c\u1ee7a m\u1ed9t b\u00ed \u1ea9n l\u1edbn h\u01a1n. Cu\u1ed1i c\u00f9ng, t\u1ea5t c\u1ea3 d\u1eabn \u0111\u1ebfn m\u1ed9t nh\u00e2n v\u1eadt b\u1ea5t ng\u1edd\u2026.<br><br><strong>B\u1ea1n \u0111\u1ebfn \u0111\u1ec3 kh\u00e1m ph\u00e1. B\u1ea1n \u1edf l\u1ea1i \u0111\u1ec3 c\u1ee9u c\u00e2u chuy\u1ec7n.<\/strong>","name_main_character":"Max Planck","photo_main_character":39275,"loquiz_or_kokimoki":"Kokimoki"},"yoast_head":"<!-- This site is optimized with the Yoast SEO Premium plugin v26.2 (Yoast SEO v26.3) - https:\/\/yoast.com\/wordpress\/plugins\/seo\/ -->\n<title>S\u1ea3n ph\u1ea9m - City Game<\/title>\n<meta name=\"description\" content=\"Secrets of Kiel. Ch\u01a1i m\u1ed9t tr\u00f2 City Game t\u1ef1 h\u01b0\u1edbng d\u1eabn v\u00e0 kh\u00e1m ph\u00e1 th\u00e0nh ph\u1ed1 qua c\u00e1c c\u00e2u \u0111\u1ed1, m\u1eadt m\u00e3 v\u00e0 th\u1eed th\u00e1ch. Ch\u01a1i theo t\u1ed1c \u0111\u1ed9 c\u1ee7a ri\u00eang b\u1ea1n v\u00e0 kh\u00e1m ph\u00e1 nh\u01b0 m\u1ed9t ng\u01b0\u1eddi \u0111\u1ecba ph\u01b0\u01a1ng!\" \/>\n<meta name=\"robots\" content=\"noindex, follow, max-snippet:-1, max-image-preview:large, max-video-preview:-1\" \/>\n<meta property=\"og:locale\" content=\"vi_VN\" \/>\n<meta property=\"og:type\" content=\"article\" \/>\n<meta property=\"og:title\" content=\"S\u1ea3n ph\u1ea9m\" \/>\n<meta property=\"og:description\" content=\"Secrets of Kiel. Ch\u01a1i m\u1ed9t tr\u00f2 City Game t\u1ef1 h\u01b0\u1edbng d\u1eabn v\u00e0 kh\u00e1m ph\u00e1 th\u00e0nh ph\u1ed1 qua c\u00e1c c\u00e2u \u0111\u1ed1, m\u1eadt m\u00e3 v\u00e0 th\u1eed th\u00e1ch. Ch\u01a1i theo t\u1ed1c \u0111\u1ed9 c\u1ee7a ri\u00eang b\u1ea1n v\u00e0 kh\u00e1m ph\u00e1 nh\u01b0 m\u1ed9t ng\u01b0\u1eddi \u0111\u1ecba ph\u01b0\u01a1ng!\" \/>\n<meta property=\"og:url\" content=\"https:\/\/testwebsite.citygame.com\/vi\/games\/unknown-location\/san-pham-310\/\" \/>\n<meta property=\"og:site_name\" content=\"City Game\" \/>\n<meta property=\"article:publisher\" content=\"https:\/\/www.facebook.com\/profile.php?id=100086426226253\" \/>\n<meta property=\"article:modified_time\" content=\"2026-04-02T09:45:12+00:00\" \/>\n<meta property=\"og:image\" content=\"https:\/\/testwebsite.citygame.com\/wp-content\/blogs.dir\/1\/files\/sites\/62\/2026\/01\/kiel-group-playing-city-game-university.jpg\" \/>\n\t<meta property=\"og:image:width\" content=\"1024\" \/>\n\t<meta property=\"og:image:height\" content=\"1024\" \/>\n\t<meta property=\"og:image:type\" content=\"image\/jpeg\" \/>\n<meta name=\"twitter:card\" content=\"summary_large_image\" \/>\n<script type=\"application\/ld+json\" class=\"yoast-schema-graph\">{\"@context\":\"https:\/\/schema.org\",\"@graph\":[{\"@type\":\"WebPage\",\"@id\":\"https:\/\/testwebsite.citygame.com\/vi\/games\/unknown-location\/san-pham-310\/\",\"url\":\"https:\/\/testwebsite.citygame.com\/vi\/games\/unknown-location\/san-pham-310\/\",\"name\":\"S\u1ea3n ph\u1ea9m - City Game\",\"isPartOf\":{\"@id\":\"https:\/\/testwebsite.upevents.nl\/#website\"},\"primaryImageOfPage\":{\"@id\":\"https:\/\/testwebsite.citygame.com\/vi\/games\/unknown-location\/san-pham-310\/#primaryimage\"},\"image\":{\"@id\":\"https:\/\/testwebsite.citygame.com\/vi\/games\/unknown-location\/san-pham-310\/#primaryimage\"},\"thumbnailUrl\":\"https:\/\/testwebsite.citygame.com\/wp-content\/blogs.dir\/1\/files\/sites\/62\/2026\/01\/kiel-group-playing-city-game-university.jpg\",\"datePublished\":\"2026-01-13T15:41:29+00:00\",\"dateModified\":\"2026-04-02T09:45:12+00:00\",\"description\":\"Secrets of Kiel. Ch\u01a1i m\u1ed9t tr\u00f2 City Game t\u1ef1 h\u01b0\u1edbng d\u1eabn v\u00e0 kh\u00e1m ph\u00e1 th\u00e0nh ph\u1ed1 qua c\u00e1c c\u00e2u \u0111\u1ed1, m\u1eadt m\u00e3 v\u00e0 th\u1eed th\u00e1ch. Ch\u01a1i theo t\u1ed1c \u0111\u1ed9 c\u1ee7a ri\u00eang b\u1ea1n v\u00e0 kh\u00e1m ph\u00e1 nh\u01b0 m\u1ed9t ng\u01b0\u1eddi \u0111\u1ecba ph\u01b0\u01a1ng!\",\"breadcrumb\":{\"@id\":\"https:\/\/testwebsite.citygame.com\/vi\/games\/unknown-location\/san-pham-310\/#breadcrumb\"},\"inLanguage\":\"vi\",\"potentialAction\":[{\"@type\":\"ReadAction\",\"target\":[\"https:\/\/testwebsite.citygame.com\/vi\/games\/unknown-location\/san-pham-310\/\"]}]},{\"@type\":\"ImageObject\",\"inLanguage\":\"vi\",\"@id\":\"https:\/\/testwebsite.citygame.com\/vi\/games\/unknown-location\/san-pham-310\/#primaryimage\",\"url\":\"https:\/\/testwebsite.citygame.com\/wp-content\/blogs.dir\/1\/files\/sites\/62\/2026\/01\/kiel-group-playing-city-game-university.jpg\",\"contentUrl\":\"https:\/\/testwebsite.citygame.com\/wp-content\/blogs.dir\/1\/files\/sites\/62\/2026\/01\/kiel-group-playing-city-game-university.jpg\",\"width\":1024,\"height\":1024,\"caption\":\"A group of young friends exploring the city of Kiel with a smartphone game.\"},{\"@type\":\"BreadcrumbList\",\"@id\":\"https:\/\/testwebsite.citygame.com\/vi\/games\/unknown-location\/san-pham-310\/#breadcrumb\",\"itemListElement\":[{\"@type\":\"ListItem\",\"position\":1,\"name\":\"Home\",\"item\":\"https:\/\/testwebsite.citygame.com\/vi\/\"},{\"@type\":\"ListItem\",\"position\":2,\"name\":\"Shop\",\"item\":\"https:\/\/testwebsite.citygame.com\/shop\/\"},{\"@type\":\"ListItem\",\"position\":3,\"name\":\"S\u1ea3n ph\u1ea9m\"}]},{\"@type\":\"WebSite\",\"@id\":\"https:\/\/testwebsite.upevents.nl\/#website\",\"url\":\"https:\/\/testwebsite.upevents.nl\/\",\"name\":\"City Game\",\"description\":\"\",\"publisher\":{\"@id\":\"https:\/\/testwebsite.upevents.nl\/#organization\"},\"alternateName\":\"citygame.com\",\"potentialAction\":[{\"@type\":\"SearchAction\",\"target\":{\"@type\":\"EntryPoint\",\"urlTemplate\":\"https:\/\/testwebsite.upevents.nl\/?s={search_term_string}\"},\"query-input\":{\"@type\":\"PropertyValueSpecification\",\"valueRequired\":true,\"valueName\":\"search_term_string\"}}],\"inLanguage\":\"vi\"},{\"@type\":[\"Organization\",\"Place\"],\"@id\":\"https:\/\/testwebsite.upevents.nl\/#organization\",\"name\":\"City Game\",\"alternateName\":\"citygame.com\",\"url\":\"https:\/\/testwebsite.upevents.nl\/\",\"logo\":{\"@id\":\"https:\/\/testwebsite.citygame.com\/vi\/games\/unknown-location\/san-pham-310\/#local-main-organization-logo\"},\"image\":{\"@id\":\"https:\/\/testwebsite.citygame.com\/vi\/games\/unknown-location\/san-pham-310\/#local-main-organization-logo\"},\"sameAs\":[\"https:\/\/www.facebook.com\/profile.php?id=100086426226253\",\"https:\/\/www.instagram.com\/citygame_com\",\"https:\/\/www.tiktok.com\/@citygamecom\/\",\"https:\/\/www.linkedin.com\/company\/citygame-com\"],\"description\":\"Turn any city into a playground with our interactive City Games and self-guided tours. Fun, flexible, and ideal for groups and team building.\",\"telephone\":[],\"openingHoursSpecification\":[{\"@type\":\"OpeningHoursSpecification\",\"dayOfWeek\":[\"Monday\",\"Tuesday\",\"Wednesday\",\"Thursday\",\"Friday\",\"Saturday\",\"Sunday\"],\"opens\":\"09:00\",\"closes\":\"17:00\"}]},{\"@type\":\"ImageObject\",\"inLanguage\":\"vi\",\"@id\":\"https:\/\/testwebsite.citygame.com\/vi\/games\/unknown-location\/san-pham-310\/#local-main-organization-logo\",\"url\":\"https:\/\/testwebsite.citygame.com\/wp-content\/blogs.dir\/1\/files\/sites\/62\/2025\/10\/CG_LOGO-City-Game.png\",\"contentUrl\":\"https:\/\/testwebsite.citygame.com\/wp-content\/blogs.dir\/1\/files\/sites\/62\/2025\/10\/CG_LOGO-City-Game.png\",\"width\":351,\"height\":377,\"caption\":\"City Game\"}]}<\/script>\n<!-- \/ Yoast SEO Premium plugin. -->","yoast_head_json":{"title":"S\u1ea3n ph\u1ea9m - City Game","description":"Secrets of Kiel. Ch\u01a1i m\u1ed9t tr\u00f2 City Game t\u1ef1 h\u01b0\u1edbng d\u1eabn v\u00e0 kh\u00e1m ph\u00e1 th\u00e0nh ph\u1ed1 qua c\u00e1c c\u00e2u \u0111\u1ed1, m\u1eadt m\u00e3 v\u00e0 th\u1eed th\u00e1ch. Ch\u01a1i theo t\u1ed1c \u0111\u1ed9 c\u1ee7a ri\u00eang b\u1ea1n v\u00e0 kh\u00e1m ph\u00e1 nh\u01b0 m\u1ed9t ng\u01b0\u1eddi \u0111\u1ecba ph\u01b0\u01a1ng!","robots":{"index":"noindex","follow":"follow","max-snippet":"max-snippet:-1","max-image-preview":"max-image-preview:large","max-video-preview":"max-video-preview:-1"},"og_locale":"vi_VN","og_type":"article","og_title":"S\u1ea3n ph\u1ea9m","og_description":"Secrets of Kiel. Ch\u01a1i m\u1ed9t tr\u00f2 City Game t\u1ef1 h\u01b0\u1edbng d\u1eabn v\u00e0 kh\u00e1m ph\u00e1 th\u00e0nh ph\u1ed1 qua c\u00e1c c\u00e2u \u0111\u1ed1, m\u1eadt m\u00e3 v\u00e0 th\u1eed th\u00e1ch. Ch\u01a1i theo t\u1ed1c \u0111\u1ed9 c\u1ee7a ri\u00eang b\u1ea1n v\u00e0 kh\u00e1m ph\u00e1 nh\u01b0 m\u1ed9t ng\u01b0\u1eddi \u0111\u1ecba ph\u01b0\u01a1ng!","og_url":"https:\/\/testwebsite.citygame.com\/vi\/games\/unknown-location\/san-pham-310\/","og_site_name":"City Game","article_publisher":"https:\/\/www.facebook.com\/profile.php?id=100086426226253","article_modified_time":"2026-04-02T09:45:12+00:00","og_image":[{"width":1024,"height":1024,"url":"https:\/\/testwebsite.citygame.com\/wp-content\/blogs.dir\/1\/files\/sites\/62\/2026\/01\/kiel-group-playing-city-game-university.jpg","type":"image\/jpeg"}],"twitter_card":"summary_large_image","schema":{"@context":"https:\/\/schema.org","@graph":[{"@type":"WebPage","@id":"https:\/\/testwebsite.citygame.com\/vi\/games\/unknown-location\/san-pham-310\/","url":"https:\/\/testwebsite.citygame.com\/vi\/games\/unknown-location\/san-pham-310\/","name":"S\u1ea3n ph\u1ea9m - City Game","isPartOf":{"@id":"https:\/\/testwebsite.upevents.nl\/#website"},"primaryImageOfPage":{"@id":"https:\/\/testwebsite.citygame.com\/vi\/games\/unknown-location\/san-pham-310\/#primaryimage"},"image":{"@id":"https:\/\/testwebsite.citygame.com\/vi\/games\/unknown-location\/san-pham-310\/#primaryimage"},"thumbnailUrl":"https:\/\/testwebsite.citygame.com\/wp-content\/blogs.dir\/1\/files\/sites\/62\/2026\/01\/kiel-group-playing-city-game-university.jpg","datePublished":"2026-01-13T15:41:29+00:00","dateModified":"2026-04-02T09:45:12+00:00","description":"Secrets of Kiel. Ch\u01a1i m\u1ed9t tr\u00f2 City Game t\u1ef1 h\u01b0\u1edbng d\u1eabn v\u00e0 kh\u00e1m ph\u00e1 th\u00e0nh ph\u1ed1 qua c\u00e1c c\u00e2u \u0111\u1ed1, m\u1eadt m\u00e3 v\u00e0 th\u1eed th\u00e1ch. Ch\u01a1i theo t\u1ed1c \u0111\u1ed9 c\u1ee7a ri\u00eang b\u1ea1n v\u00e0 kh\u00e1m ph\u00e1 nh\u01b0 m\u1ed9t ng\u01b0\u1eddi \u0111\u1ecba ph\u01b0\u01a1ng!","breadcrumb":{"@id":"https:\/\/testwebsite.citygame.com\/vi\/games\/unknown-location\/san-pham-310\/#breadcrumb"},"inLanguage":"vi","potentialAction":[{"@type":"ReadAction","target":["https:\/\/testwebsite.citygame.com\/vi\/games\/unknown-location\/san-pham-310\/"]}]},{"@type":"ImageObject","inLanguage":"vi","@id":"https:\/\/testwebsite.citygame.com\/vi\/games\/unknown-location\/san-pham-310\/#primaryimage","url":"https:\/\/testwebsite.citygame.com\/wp-content\/blogs.dir\/1\/files\/sites\/62\/2026\/01\/kiel-group-playing-city-game-university.jpg","contentUrl":"https:\/\/testwebsite.citygame.com\/wp-content\/blogs.dir\/1\/files\/sites\/62\/2026\/01\/kiel-group-playing-city-game-university.jpg","width":1024,"height":1024,"caption":"A group of young friends exploring the city of Kiel with a smartphone game."},{"@type":"BreadcrumbList","@id":"https:\/\/testwebsite.citygame.com\/vi\/games\/unknown-location\/san-pham-310\/#breadcrumb","itemListElement":[{"@type":"ListItem","position":1,"name":"Home","item":"https:\/\/testwebsite.citygame.com\/vi\/"},{"@type":"ListItem","position":2,"name":"Shop","item":"https:\/\/testwebsite.citygame.com\/shop\/"},{"@type":"ListItem","position":3,"name":"S\u1ea3n ph\u1ea9m"}]},{"@type":"WebSite","@id":"https:\/\/testwebsite.upevents.nl\/#website","url":"https:\/\/testwebsite.upevents.nl\/","name":"City Game","description":"","publisher":{"@id":"https:\/\/testwebsite.upevents.nl\/#organization"},"alternateName":"citygame.com","potentialAction":[{"@type":"SearchAction","target":{"@type":"EntryPoint","urlTemplate":"https:\/\/testwebsite.upevents.nl\/?s={search_term_string}"},"query-input":{"@type":"PropertyValueSpecification","valueRequired":true,"valueName":"search_term_string"}}],"inLanguage":"vi"},{"@type":["Organization","Place"],"@id":"https:\/\/testwebsite.upevents.nl\/#organization","name":"City Game","alternateName":"citygame.com","url":"https:\/\/testwebsite.upevents.nl\/","logo":{"@id":"https:\/\/testwebsite.citygame.com\/vi\/games\/unknown-location\/san-pham-310\/#local-main-organization-logo"},"image":{"@id":"https:\/\/testwebsite.citygame.com\/vi\/games\/unknown-location\/san-pham-310\/#local-main-organization-logo"},"sameAs":["https:\/\/www.facebook.com\/profile.php?id=100086426226253","https:\/\/www.instagram.com\/citygame_com","https:\/\/www.tiktok.com\/@citygamecom\/","https:\/\/www.linkedin.com\/company\/citygame-com"],"description":"Turn any city into a playground with our interactive City Games and self-guided tours. Fun, flexible, and ideal for groups and team building.","telephone":[],"openingHoursSpecification":[{"@type":"OpeningHoursSpecification","dayOfWeek":["Monday","Tuesday","Wednesday","Thursday","Friday","Saturday","Sunday"],"opens":"09:00","closes":"17:00"}]},{"@type":"ImageObject","inLanguage":"vi","@id":"https:\/\/testwebsite.citygame.com\/vi\/games\/unknown-location\/san-pham-310\/#local-main-organization-logo","url":"https:\/\/testwebsite.citygame.com\/wp-content\/blogs.dir\/1\/files\/sites\/62\/2025\/10\/CG_LOGO-City-Game.png","contentUrl":"https:\/\/testwebsite.citygame.com\/wp-content\/blogs.dir\/1\/files\/sites\/62\/2025\/10\/CG_LOGO-City-Game.png","width":351,"height":377,"caption":"City Game"}]}},"taxonomy_info":{"game-concept":[{"value":36,"label":"Secrets"}],"product_cat":[{"value":27,"label":"Geen categorie"}]},"featured_image_src_large":["https:\/\/testwebsite.citygame.com\/wp-content\/blogs.dir\/1\/files\/sites\/62\/2026\/01\/kiel-group-playing-city-game-university.jpg",1024,1024,false],"author_info":[],"comment_info":"","_links":{"self":[{"href":"https:\/\/testwebsite.citygame.com\/vi\/wp-json\/wp\/v2\/product\/39274","targetHints":{"allow":["GET"]}}],"collection":[{"href":"https:\/\/testwebsite.citygame.com\/vi\/wp-json\/wp\/v2\/product"}],"about":[{"href":"https:\/\/testwebsite.citygame.com\/vi\/wp-json\/wp\/v2\/types\/product"}],"acf:post":[{"embeddable":true,"href":"https:\/\/testwebsite.citygame.com\/vi\/wp-json\/wp\/v2\/pages\/14266"}],"wp:featuredmedia":[{"embeddable":true,"href":"https:\/\/testwebsite.citygame.com\/vi\/wp-json\/wp\/v2\/media\/3899"}],"wp:attachment":[{"href":"https:\/\/testwebsite.citygame.com\/vi\/wp-json\/wp\/v2\/media?parent=39274"}],"wp:term":[{"taxonomy":"game-concept","embeddable":true,"href":"https:\/\/testwebsite.citygame.com\/vi\/wp-json\/wp\/v2\/game-concept?post=39274"},{"taxonomy":"location","embeddable":true,"href":"https:\/\/testwebsite.citygame.com\/vi\/wp-json\/wp\/v2\/location?post=39274"},{"taxonomy":"product_brand","embeddable":true,"href":"https:\/\/testwebsite.citygame.com\/vi\/wp-json\/wp\/v2\/product_brand?post=39274"},{"taxonomy":"product_cat","embeddable":true,"href":"https:\/\/testwebsite.citygame.com\/vi\/wp-json\/wp\/v2\/product_cat?post=39274"},{"taxonomy":"product_tag","embeddable":true,"href":"https:\/\/testwebsite.citygame.com\/vi\/wp-json\/wp\/v2\/product_tag?post=39274"}],"curies":[{"name":"wp","href":"https:\/\/api.w.org\/{rel}","templated":true}]}}