{"id":37276,"date":"2026-02-16T05:54:18","date_gmt":"2026-02-16T05:54:18","guid":{"rendered":"https:\/\/testwebsite.citygame.com\/games\/unknown-location\/san-pham-281\/"},"modified":"2026-04-02T03:51:18","modified_gmt":"2026-04-02T03:51:18","slug":"san-pham-281","status":"publish","type":"product","link":"https:\/\/testwebsite.citygame.com\/vi\/games\/unknown-location\/san-pham-281\/","title":{"rendered":"S\u1ea3n ph\u1ea9m"},"content":{"rendered":"","protected":false},"excerpt":{"rendered":"","protected":false},"featured_media":14093,"template":"","meta":{"_acf_changed":false,"_yoast_wpseo_focuskw":"The Toulon Syndicate","_yoast_wpseo_metadesc":"The Toulon Syndicate. Ch\u01a1i Tr\u00f2 ch\u01a1i Tho\u00e1t hi\u1ec3m Th\u00e0nh ph\u1ed1 t\u1ef1 h\u01b0\u1edbng d\u1eabn, gi\u1ea3i c\u00e1c c\u00e2u \u0111\u1ed1, ho\u00e0n th\u00e0nh nhi\u1ec7m v\u1ee5 v\u00e0 thu h\u1ed3i c\u00e1c c\u00f4ng th\u1ee9c b\u1ecb \u0111\u00e1nh c\u1eafp theo t\u1ed1c \u0111\u1ed9 c\u1ee7a ri\u00eang b\u1ea1n!","_kad_blocks_custom_css":"","_kad_blocks_head_custom_js":"","_kad_blocks_body_custom_js":"","_kad_blocks_footer_custom_js":"","ghostkit_customizer_options":"","ghostkit_custom_css":"","ghostkit_custom_js_head":"","ghostkit_custom_js_foot":"","ghostkit_typography":"","_kad_post_transparent":"default","_kad_post_title":"","_kad_post_layout":"default","_kad_post_sidebar_id":"","_kad_post_content_style":"default","_kad_post_vertical_padding":"default","_kad_post_feature":"","_kad_post_feature_position":"","_kad_post_header":false,"_kad_post_footer":false,"_kad_post_classname":"","_links_to":"","_links_to_target":""},"game-concept":[37],"location":[],"product_brand":[],"product_cat":[27],"product_tag":[],"class_list":{"0":"post-37276","1":"product","2":"type-product","3":"status-publish","4":"has-post-thumbnail","6":"game-concept-syndicate","7":"product_cat-geen-categorie","9":"first","10":"instock","11":"shipping-taxable","12":"purchasable","13":"product-type-simple","14":"entry","15":"content-bg","16":"loop-entry"},"acf":{"full_bokun_product_name":"Self-Guided The Toulon Syndicate City Escape Game","location_name":"Toulon","bokun_calendar_widget_code":"<script type=\"text\/javascript\" src=\"https:\/\/widgets.bokun.io\/assets\/javascripts\/apps\/build\/BokunWidgetsLoader.js?bookingChannelUUID=a1e93e96-5232-4734-a595-28405f4b5a31\" async><\/script>\n     \n    <div class=\"bokunWidget\" data-src=\"https:\/\/widgets.bokun.io\/online-sales\/a1e93e96-5232-4734-a595-28405f4b5a31\/experience-calendar\/860951\"><\/div>\n    <noscript>Please enable javascript in your browser to book<\/noscript>","bokun_button_widget_code":"<script type=\"text\/javascript\" src=\"https:\/\/widgets.bokun.io\/assets\/javascripts\/apps\/build\/BokunWidgetsLoader.js?bookingChannelUUID=a1e93e96-5232-4734-a595-28405f4b5a31\" async><\/script>\n      <style> #bokun_ed001e45_5927_4f62_b470_ca766338d083 { display: inline-block; padding: .4em 1em; background: #47b82e; border-radius: 999999px; box-shadow: none; font-weight: 600; font-size: 24px; text-decoration: none; text-align: center; color: #FFFFFF; border:none; cursor: pointer; transition: background .2s ease; } #bokun_ed001e45_5927_4f62_b470_ca766338d083:hover{ background: #2f7b1f; } #bokun_ed001e45_5927_4f62_b470_ca766338d083:active{ background: #378f24; } <\/style> <button class=\"bokunButton\" disabled id=bokun_ed001e45_5927_4f62_b470_ca766338d083 data-src=\"https:\/\/widgets.bokun.io\/online-sales\/a1e93e96-5232-4734-a595-28405f4b5a31\/experience-calendar\/860951?partialView=1\" data-testid=\"widget-book-button\" > Book now <\/button> ","what_you\u2019ll_experience_during_the_game":"B\u1ea1n v\u00e0 \u0111\u1ed9i c\u1ee7a m\u00ecnh b\u1ecb cu\u1ed1n v\u00e0o m\u1ed9t nhi\u1ec7m v\u1ee5 tho\u00e1t hi\u1ec3m \u0111\u1ea7y c\u0103ng th\u1eb3ng qua nh\u1eefng con ph\u1ed1 b\u1ee5i b\u1eb7m v\u00e0 c\u00e1c g\u00f3c khu\u1ea5t c\u1ee7a Toulon. Khi c\u00e2u chuy\u1ec7n di\u1ec5n ra, m\u1ed7i \u0111\u1ecba \u0111i\u1ec3m s\u1ebd h\u00e9 l\u1ed9 nh\u1eefng m\u1ea3nh gh\u00e9p m\u1edbi c\u1ee7a v\u1ee5 \u00e1n, k\u00e9o b\u1ea1n s\u00e2u h\u01a1n v\u00e0o cu\u1ed9c t\u00ecm ki\u1ebfm Magnus kh\u00f3 n\u1eafm b\u1eaft v\u00e0 s\u00e1u c\u00f4ng th\u1ee9c khoa h\u1ecdc b\u1ecb \u0111\u00e1nh c\u1eafp m\u00e0 h\u1eafn \u0111ang gi\u1ea5u. M\u1ee5c ti\u00eau c\u1ee7a b\u1ea1n r\u1ea5t r\u00f5 r\u00e0ng: thu h\u1ed3i c\u00e1c c\u00f4ng th\u1ee9c tr\u01b0\u1edbc khi h\u1ebft gi\u1edd v\u00e0 ng\u0103n ch\u1eb7n m\u1ed9t l\u1ed7 h\u1ed5ng b\u1ea3o m\u1eadt l\u1edbn.\r\n\r\nM\u1ed7i b\u01b0\u1edbc \u0111i \u0111\u1ec1u mang \u0111\u1ebfn m\u1ed9t th\u1eed th\u00e1ch m\u1edbi \u2014 gi\u1ea3i m\u00e3 c\u00e1c tin nh\u1eafn \u0111\u01b0\u1ee3c m\u00e3 h\u00f3a, gi\u1ea3i c\u00e1c c\u00e2u \u0111\u1ed1 v\u00e0 ho\u00e0n th\u00e0nh c\u00e1c nhi\u1ec7m v\u1ee5 \u0111\u00f2i h\u1ecfi t\u01b0 duy nh\u1ea1y b\u00e9n v\u00e0 h\u1ee3p t\u00e1c ch\u1eb7t ch\u1ebd. Nhi\u1ec7m v\u1ee5 ti\u1ebfn tri\u1ec3n kh\u1eafp Toulon, s\u1eed d\u1ee5ng ch\u00ednh th\u00e0nh ph\u1ed1 l\u00e0m b\u1ed1i c\u1ea3nh cho m\u1ed9t tr\u1ea3i nghi\u1ec7m ho\u00e0n to\u00e0n theo c\u1ed1t truy\u1ec7n. Giao ti\u1ebfp m\u1ea1nh m\u1ebd, tinh th\u1ea7n \u0111\u1ed3ng \u0111\u1ed9i v\u00e0 ra quy\u1ebft \u0111\u1ecbnh nhanh ch\u00f3ng l\u00e0 \u0111i\u1ec1u c\u1ea7n thi\u1ebft \u0111\u1ec3 kh\u00e1m ph\u00e1 manh m\u1ed1i v\u00e0 lu\u00f4n \u0111i tr\u01b0\u1edbc m\u1ed9t b\u01b0\u1edbc. B\u1ea1n c\u00f3 th\u1ec3 t\u1ea1m d\u1eebng v\u00e0 ti\u1ebfp t\u1ee5c nhi\u1ec7m v\u1ee5 theo t\u1ed1c \u0111\u1ed9 c\u1ee7a ri\u00eang m\u00ecnh, ho\u00e0n h\u1ea3o cho c\u00e1c \u0111\u1ed9i mu\u1ed1n c\u00f3 th\u1eddi gian \u0111\u1ec3 l\u00ean k\u1ebf ho\u1ea1ch cho b\u01b0\u1edbc \u0111i ti\u1ebfp theo.","how_to_play":"\u0110\u1eb7t Tr\u00f2 ch\u01a1i Th\u00e0nh ph\u1ed1, ki\u1ec3m tra email ch\u00fang t\u00f4i g\u1eedi cho b\u1ea1n k\u00e8m h\u01b0\u1edbng d\u1eabn, t\u1ea3i xu\u1ed1ng \u1ee8ng d\u1ee5ng Loquiz v\u00e0 b\u1eaft \u0111\u1ea7u tr\u1ea3i nghi\u1ec7m tr\u00f2 ch\u01a1i c\u1ee7a b\u1ea1n!","start_location":"Toulon, Cours Lafayette","available_languages":["en"],"players_per_group":"1-4","duration":"1.5-2 hours","image_overlay_color_image":"https:\/\/testwebsite.citygame.com\/wp-content\/blogs.dir\/1\/files\/sites\/62\/2026\/01\/SyndicateColor.svg","image_overlay_game_logo":"https:\/\/testwebsite.citygame.com\/wp-content\/blogs.dir\/1\/files\/sites\/62\/2026\/01\/SyndicateLogo.png","city_page":8487,"woocommerce_general_content":null},"yoast_head":"<!-- This site is optimized with the Yoast SEO Premium plugin v26.2 (Yoast SEO v26.3) - https:\/\/yoast.com\/wordpress\/plugins\/seo\/ -->\n<title>S\u1ea3n ph\u1ea9m - City Game<\/title>\n<meta name=\"description\" content=\"The Toulon Syndicate. Ch\u01a1i Tr\u00f2 ch\u01a1i Tho\u00e1t hi\u1ec3m Th\u00e0nh ph\u1ed1 t\u1ef1 h\u01b0\u1edbng d\u1eabn, gi\u1ea3i c\u00e1c c\u00e2u \u0111\u1ed1, ho\u00e0n th\u00e0nh nhi\u1ec7m v\u1ee5 v\u00e0 thu h\u1ed3i c\u00e1c c\u00f4ng th\u1ee9c b\u1ecb \u0111\u00e1nh c\u1eafp theo t\u1ed1c \u0111\u1ed9 c\u1ee7a ri\u00eang b\u1ea1n!\" \/>\n<meta name=\"robots\" content=\"noindex, follow, max-snippet:-1, max-image-preview:large, max-video-preview:-1\" \/>\n<meta property=\"og:locale\" content=\"vi_VN\" \/>\n<meta property=\"og:type\" content=\"article\" \/>\n<meta property=\"og:title\" content=\"S\u1ea3n ph\u1ea9m\" \/>\n<meta property=\"og:description\" content=\"The Toulon Syndicate. Ch\u01a1i Tr\u00f2 ch\u01a1i Tho\u00e1t hi\u1ec3m Th\u00e0nh ph\u1ed1 t\u1ef1 h\u01b0\u1edbng d\u1eabn, gi\u1ea3i c\u00e1c c\u00e2u \u0111\u1ed1, ho\u00e0n th\u00e0nh nhi\u1ec7m v\u1ee5 v\u00e0 thu h\u1ed3i c\u00e1c c\u00f4ng th\u1ee9c b\u1ecb \u0111\u00e1nh c\u1eafp theo t\u1ed1c \u0111\u1ed9 c\u1ee7a ri\u00eang b\u1ea1n!\" \/>\n<meta property=\"og:url\" content=\"https:\/\/testwebsite.citygame.com\/vi\/games\/unknown-location\/san-pham-281\/\" \/>\n<meta property=\"og:site_name\" content=\"City Game\" \/>\n<meta property=\"article:publisher\" content=\"https:\/\/www.facebook.com\/profile.php?id=100086426226253\" \/>\n<meta property=\"article:modified_time\" content=\"2026-04-02T03:51:18+00:00\" \/>\n<meta property=\"og:image\" content=\"https:\/\/testwebsite.citygame.com\/wp-content\/blogs.dir\/1\/files\/sites\/62\/2026\/02\/players-in-front-of-toulon-cathedral.jpg\" \/>\n\t<meta property=\"og:image:width\" content=\"1024\" \/>\n\t<meta property=\"og:image:height\" content=\"1024\" \/>\n\t<meta property=\"og:image:type\" content=\"image\/jpeg\" \/>\n<meta name=\"twitter:card\" content=\"summary_large_image\" \/>\n<script type=\"application\/ld+json\" class=\"yoast-schema-graph\">{\"@context\":\"https:\/\/schema.org\",\"@graph\":[{\"@type\":\"WebPage\",\"@id\":\"https:\/\/testwebsite.citygame.com\/vi\/games\/unknown-location\/san-pham-281\/\",\"url\":\"https:\/\/testwebsite.citygame.com\/vi\/games\/unknown-location\/san-pham-281\/\",\"name\":\"S\u1ea3n ph\u1ea9m - City Game\",\"isPartOf\":{\"@id\":\"https:\/\/testwebsite.upevents.nl\/#website\"},\"primaryImageOfPage\":{\"@id\":\"https:\/\/testwebsite.citygame.com\/vi\/games\/unknown-location\/san-pham-281\/#primaryimage\"},\"image\":{\"@id\":\"https:\/\/testwebsite.citygame.com\/vi\/games\/unknown-location\/san-pham-281\/#primaryimage\"},\"thumbnailUrl\":\"https:\/\/testwebsite.citygame.com\/wp-content\/blogs.dir\/1\/files\/sites\/62\/2026\/02\/players-in-front-of-toulon-cathedral.jpg\",\"datePublished\":\"2026-02-16T05:54:18+00:00\",\"dateModified\":\"2026-04-02T03:51:18+00:00\",\"description\":\"The Toulon Syndicate. Ch\u01a1i Tr\u00f2 ch\u01a1i Tho\u00e1t hi\u1ec3m Th\u00e0nh ph\u1ed1 t\u1ef1 h\u01b0\u1edbng d\u1eabn, gi\u1ea3i c\u00e1c c\u00e2u \u0111\u1ed1, ho\u00e0n th\u00e0nh nhi\u1ec7m v\u1ee5 v\u00e0 thu h\u1ed3i c\u00e1c c\u00f4ng th\u1ee9c b\u1ecb \u0111\u00e1nh c\u1eafp theo t\u1ed1c \u0111\u1ed9 c\u1ee7a ri\u00eang b\u1ea1n!\",\"breadcrumb\":{\"@id\":\"https:\/\/testwebsite.citygame.com\/vi\/games\/unknown-location\/san-pham-281\/#breadcrumb\"},\"inLanguage\":\"vi\",\"potentialAction\":[{\"@type\":\"ReadAction\",\"target\":[\"https:\/\/testwebsite.citygame.com\/vi\/games\/unknown-location\/san-pham-281\/\"]}]},{\"@type\":\"ImageObject\",\"inLanguage\":\"vi\",\"@id\":\"https:\/\/testwebsite.citygame.com\/vi\/games\/unknown-location\/san-pham-281\/#primaryimage\",\"url\":\"https:\/\/testwebsite.citygame.com\/wp-content\/blogs.dir\/1\/files\/sites\/62\/2026\/02\/players-in-front-of-toulon-cathedral.jpg\",\"contentUrl\":\"https:\/\/testwebsite.citygame.com\/wp-content\/blogs.dir\/1\/files\/sites\/62\/2026\/02\/players-in-front-of-toulon-cathedral.jpg\",\"width\":1024,\"height\":1024,\"caption\":\"A group of young people use a smartphone to play a city game in Toulon.\"},{\"@type\":\"BreadcrumbList\",\"@id\":\"https:\/\/testwebsite.citygame.com\/vi\/games\/unknown-location\/san-pham-281\/#breadcrumb\",\"itemListElement\":[{\"@type\":\"ListItem\",\"position\":1,\"name\":\"Home\",\"item\":\"https:\/\/testwebsite.citygame.com\/vi\/\"},{\"@type\":\"ListItem\",\"position\":2,\"name\":\"Shop\",\"item\":\"https:\/\/testwebsite.citygame.com\/shop\/\"},{\"@type\":\"ListItem\",\"position\":3,\"name\":\"S\u1ea3n ph\u1ea9m\"}]},{\"@type\":\"WebSite\",\"@id\":\"https:\/\/testwebsite.upevents.nl\/#website\",\"url\":\"https:\/\/testwebsite.upevents.nl\/\",\"name\":\"City Game\",\"description\":\"\",\"publisher\":{\"@id\":\"https:\/\/testwebsite.upevents.nl\/#organization\"},\"alternateName\":\"citygame.com\",\"potentialAction\":[{\"@type\":\"SearchAction\",\"target\":{\"@type\":\"EntryPoint\",\"urlTemplate\":\"https:\/\/testwebsite.upevents.nl\/?s={search_term_string}\"},\"query-input\":{\"@type\":\"PropertyValueSpecification\",\"valueRequired\":true,\"valueName\":\"search_term_string\"}}],\"inLanguage\":\"vi\"},{\"@type\":[\"Organization\",\"Place\"],\"@id\":\"https:\/\/testwebsite.upevents.nl\/#organization\",\"name\":\"City Game\",\"alternateName\":\"citygame.com\",\"url\":\"https:\/\/testwebsite.upevents.nl\/\",\"logo\":{\"@id\":\"https:\/\/testwebsite.citygame.com\/vi\/games\/unknown-location\/san-pham-281\/#local-main-organization-logo\"},\"image\":{\"@id\":\"https:\/\/testwebsite.citygame.com\/vi\/games\/unknown-location\/san-pham-281\/#local-main-organization-logo\"},\"sameAs\":[\"https:\/\/www.facebook.com\/profile.php?id=100086426226253\",\"https:\/\/www.instagram.com\/citygame_com\",\"https:\/\/www.tiktok.com\/@citygamecom\/\",\"https:\/\/www.linkedin.com\/company\/citygame-com\"],\"description\":\"Turn any city into a playground with our interactive City Games and self-guided tours. Fun, flexible, and ideal for groups and team building.\",\"telephone\":[],\"openingHoursSpecification\":[{\"@type\":\"OpeningHoursSpecification\",\"dayOfWeek\":[\"Monday\",\"Tuesday\",\"Wednesday\",\"Thursday\",\"Friday\",\"Saturday\",\"Sunday\"],\"opens\":\"09:00\",\"closes\":\"17:00\"}]},{\"@type\":\"ImageObject\",\"inLanguage\":\"vi\",\"@id\":\"https:\/\/testwebsite.citygame.com\/vi\/games\/unknown-location\/san-pham-281\/#local-main-organization-logo\",\"url\":\"https:\/\/testwebsite.citygame.com\/wp-content\/blogs.dir\/1\/files\/sites\/62\/2025\/10\/CG_LOGO-City-Game.png\",\"contentUrl\":\"https:\/\/testwebsite.citygame.com\/wp-content\/blogs.dir\/1\/files\/sites\/62\/2025\/10\/CG_LOGO-City-Game.png\",\"width\":351,\"height\":377,\"caption\":\"City Game\"}]}<\/script>\n<!-- \/ Yoast SEO Premium plugin. -->","yoast_head_json":{"title":"S\u1ea3n ph\u1ea9m - City Game","description":"The Toulon Syndicate. Ch\u01a1i Tr\u00f2 ch\u01a1i Tho\u00e1t hi\u1ec3m Th\u00e0nh ph\u1ed1 t\u1ef1 h\u01b0\u1edbng d\u1eabn, gi\u1ea3i c\u00e1c c\u00e2u \u0111\u1ed1, ho\u00e0n th\u00e0nh nhi\u1ec7m v\u1ee5 v\u00e0 thu h\u1ed3i c\u00e1c c\u00f4ng th\u1ee9c b\u1ecb \u0111\u00e1nh c\u1eafp theo t\u1ed1c \u0111\u1ed9 c\u1ee7a ri\u00eang b\u1ea1n!","robots":{"index":"noindex","follow":"follow","max-snippet":"max-snippet:-1","max-image-preview":"max-image-preview:large","max-video-preview":"max-video-preview:-1"},"og_locale":"vi_VN","og_type":"article","og_title":"S\u1ea3n ph\u1ea9m","og_description":"The Toulon Syndicate. Ch\u01a1i Tr\u00f2 ch\u01a1i Tho\u00e1t hi\u1ec3m Th\u00e0nh ph\u1ed1 t\u1ef1 h\u01b0\u1edbng d\u1eabn, gi\u1ea3i c\u00e1c c\u00e2u \u0111\u1ed1, ho\u00e0n th\u00e0nh nhi\u1ec7m v\u1ee5 v\u00e0 thu h\u1ed3i c\u00e1c c\u00f4ng th\u1ee9c b\u1ecb \u0111\u00e1nh c\u1eafp theo t\u1ed1c \u0111\u1ed9 c\u1ee7a ri\u00eang b\u1ea1n!","og_url":"https:\/\/testwebsite.citygame.com\/vi\/games\/unknown-location\/san-pham-281\/","og_site_name":"City Game","article_publisher":"https:\/\/www.facebook.com\/profile.php?id=100086426226253","article_modified_time":"2026-04-02T03:51:18+00:00","og_image":[{"width":1024,"height":1024,"url":"https:\/\/testwebsite.citygame.com\/wp-content\/blogs.dir\/1\/files\/sites\/62\/2026\/02\/players-in-front-of-toulon-cathedral.jpg","type":"image\/jpeg"}],"twitter_card":"summary_large_image","schema":{"@context":"https:\/\/schema.org","@graph":[{"@type":"WebPage","@id":"https:\/\/testwebsite.citygame.com\/vi\/games\/unknown-location\/san-pham-281\/","url":"https:\/\/testwebsite.citygame.com\/vi\/games\/unknown-location\/san-pham-281\/","name":"S\u1ea3n ph\u1ea9m - City Game","isPartOf":{"@id":"https:\/\/testwebsite.upevents.nl\/#website"},"primaryImageOfPage":{"@id":"https:\/\/testwebsite.citygame.com\/vi\/games\/unknown-location\/san-pham-281\/#primaryimage"},"image":{"@id":"https:\/\/testwebsite.citygame.com\/vi\/games\/unknown-location\/san-pham-281\/#primaryimage"},"thumbnailUrl":"https:\/\/testwebsite.citygame.com\/wp-content\/blogs.dir\/1\/files\/sites\/62\/2026\/02\/players-in-front-of-toulon-cathedral.jpg","datePublished":"2026-02-16T05:54:18+00:00","dateModified":"2026-04-02T03:51:18+00:00","description":"The Toulon Syndicate. Ch\u01a1i Tr\u00f2 ch\u01a1i Tho\u00e1t hi\u1ec3m Th\u00e0nh ph\u1ed1 t\u1ef1 h\u01b0\u1edbng d\u1eabn, gi\u1ea3i c\u00e1c c\u00e2u \u0111\u1ed1, ho\u00e0n th\u00e0nh nhi\u1ec7m v\u1ee5 v\u00e0 thu h\u1ed3i c\u00e1c c\u00f4ng th\u1ee9c b\u1ecb \u0111\u00e1nh c\u1eafp theo t\u1ed1c \u0111\u1ed9 c\u1ee7a ri\u00eang b\u1ea1n!","breadcrumb":{"@id":"https:\/\/testwebsite.citygame.com\/vi\/games\/unknown-location\/san-pham-281\/#breadcrumb"},"inLanguage":"vi","potentialAction":[{"@type":"ReadAction","target":["https:\/\/testwebsite.citygame.com\/vi\/games\/unknown-location\/san-pham-281\/"]}]},{"@type":"ImageObject","inLanguage":"vi","@id":"https:\/\/testwebsite.citygame.com\/vi\/games\/unknown-location\/san-pham-281\/#primaryimage","url":"https:\/\/testwebsite.citygame.com\/wp-content\/blogs.dir\/1\/files\/sites\/62\/2026\/02\/players-in-front-of-toulon-cathedral.jpg","contentUrl":"https:\/\/testwebsite.citygame.com\/wp-content\/blogs.dir\/1\/files\/sites\/62\/2026\/02\/players-in-front-of-toulon-cathedral.jpg","width":1024,"height":1024,"caption":"A group of young people use a smartphone to play a city game in Toulon."},{"@type":"BreadcrumbList","@id":"https:\/\/testwebsite.citygame.com\/vi\/games\/unknown-location\/san-pham-281\/#breadcrumb","itemListElement":[{"@type":"ListItem","position":1,"name":"Home","item":"https:\/\/testwebsite.citygame.com\/vi\/"},{"@type":"ListItem","position":2,"name":"Shop","item":"https:\/\/testwebsite.citygame.com\/shop\/"},{"@type":"ListItem","position":3,"name":"S\u1ea3n ph\u1ea9m"}]},{"@type":"WebSite","@id":"https:\/\/testwebsite.upevents.nl\/#website","url":"https:\/\/testwebsite.upevents.nl\/","name":"City Game","description":"","publisher":{"@id":"https:\/\/testwebsite.upevents.nl\/#organization"},"alternateName":"citygame.com","potentialAction":[{"@type":"SearchAction","target":{"@type":"EntryPoint","urlTemplate":"https:\/\/testwebsite.upevents.nl\/?s={search_term_string}"},"query-input":{"@type":"PropertyValueSpecification","valueRequired":true,"valueName":"search_term_string"}}],"inLanguage":"vi"},{"@type":["Organization","Place"],"@id":"https:\/\/testwebsite.upevents.nl\/#organization","name":"City Game","alternateName":"citygame.com","url":"https:\/\/testwebsite.upevents.nl\/","logo":{"@id":"https:\/\/testwebsite.citygame.com\/vi\/games\/unknown-location\/san-pham-281\/#local-main-organization-logo"},"image":{"@id":"https:\/\/testwebsite.citygame.com\/vi\/games\/unknown-location\/san-pham-281\/#local-main-organization-logo"},"sameAs":["https:\/\/www.facebook.com\/profile.php?id=100086426226253","https:\/\/www.instagram.com\/citygame_com","https:\/\/www.tiktok.com\/@citygamecom\/","https:\/\/www.linkedin.com\/company\/citygame-com"],"description":"Turn any city into a playground with our interactive City Games and self-guided tours. Fun, flexible, and ideal for groups and team building.","telephone":[],"openingHoursSpecification":[{"@type":"OpeningHoursSpecification","dayOfWeek":["Monday","Tuesday","Wednesday","Thursday","Friday","Saturday","Sunday"],"opens":"09:00","closes":"17:00"}]},{"@type":"ImageObject","inLanguage":"vi","@id":"https:\/\/testwebsite.citygame.com\/vi\/games\/unknown-location\/san-pham-281\/#local-main-organization-logo","url":"https:\/\/testwebsite.citygame.com\/wp-content\/blogs.dir\/1\/files\/sites\/62\/2025\/10\/CG_LOGO-City-Game.png","contentUrl":"https:\/\/testwebsite.citygame.com\/wp-content\/blogs.dir\/1\/files\/sites\/62\/2025\/10\/CG_LOGO-City-Game.png","width":351,"height":377,"caption":"City Game"}]}},"taxonomy_info":{"game-concept":[{"value":37,"label":"Syndicate"}],"product_cat":[{"value":27,"label":"Geen categorie"}]},"featured_image_src_large":["https:\/\/testwebsite.citygame.com\/wp-content\/blogs.dir\/1\/files\/sites\/62\/2026\/02\/players-in-front-of-toulon-cathedral.jpg",1024,1024,false],"author_info":[],"comment_info":"","_links":{"self":[{"href":"https:\/\/testwebsite.citygame.com\/vi\/wp-json\/wp\/v2\/product\/37276","targetHints":{"allow":["GET"]}}],"collection":[{"href":"https:\/\/testwebsite.citygame.com\/vi\/wp-json\/wp\/v2\/product"}],"about":[{"href":"https:\/\/testwebsite.citygame.com\/vi\/wp-json\/wp\/v2\/types\/product"}],"acf:post":[{"embeddable":true,"href":"https:\/\/testwebsite.citygame.com\/vi\/wp-json\/wp\/v2\/pages\/8487"}],"wp:featuredmedia":[{"embeddable":true,"href":"https:\/\/testwebsite.citygame.com\/vi\/wp-json\/wp\/v2\/media\/14093"}],"wp:attachment":[{"href":"https:\/\/testwebsite.citygame.com\/vi\/wp-json\/wp\/v2\/media?parent=37276"}],"wp:term":[{"taxonomy":"game-concept","embeddable":true,"href":"https:\/\/testwebsite.citygame.com\/vi\/wp-json\/wp\/v2\/game-concept?post=37276"},{"taxonomy":"location","embeddable":true,"href":"https:\/\/testwebsite.citygame.com\/vi\/wp-json\/wp\/v2\/location?post=37276"},{"taxonomy":"product_brand","embeddable":true,"href":"https:\/\/testwebsite.citygame.com\/vi\/wp-json\/wp\/v2\/product_brand?post=37276"},{"taxonomy":"product_cat","embeddable":true,"href":"https:\/\/testwebsite.citygame.com\/vi\/wp-json\/wp\/v2\/product_cat?post=37276"},{"taxonomy":"product_tag","embeddable":true,"href":"https:\/\/testwebsite.citygame.com\/vi\/wp-json\/wp\/v2\/product_tag?post=37276"}],"curies":[{"name":"wp","href":"https:\/\/api.w.org\/{rel}","templated":true}]}}