{"id":36534,"date":"2026-02-16T01:27:40","date_gmt":"2026-02-16T01:27:40","guid":{"rendered":"https:\/\/testwebsite.citygame.com\/games\/unknown-location\/san-pham-269\/"},"modified":"2026-04-02T01:22:59","modified_gmt":"2026-04-02T01:22:59","slug":"san-pham-269","status":"publish","type":"product","link":"https:\/\/testwebsite.citygame.com\/vi\/games\/unknown-location\/san-pham-269\/","title":{"rendered":"S\u1ea3n ph\u1ea9m"},"content":{"rendered":"","protected":false},"excerpt":{"rendered":"","protected":false},"featured_media":13928,"template":"","meta":{"_acf_changed":false,"_yoast_wpseo_focuskw":"The Wiesbaden Syndicate","_yoast_wpseo_metadesc":"The Wiesbaden Syndicate. Ch\u01a1i Tr\u00f2 Ch\u01a1i Tho\u00e1t Hi\u1ec3m Th\u00e0nh Ph\u1ed1 (City Escape Game) t\u1ef1 h\u01b0\u1edbng d\u1eabn, gi\u1ea3i c\u00e1c c\u00e2u \u0111\u1ed1, ho\u00e0n th\u00e0nh nhi\u1ec7m v\u1ee5 v\u00e0 thu h\u1ed3i c\u00e1c c\u00f4ng th\u1ee9c b\u1ecb \u0111\u00e1nh c\u1eafp theo t\u1ed1c \u0111\u1ed9 c\u1ee7a ri\u00eang b\u1ea1n!","_kad_blocks_custom_css":"","_kad_blocks_head_custom_js":"","_kad_blocks_body_custom_js":"","_kad_blocks_footer_custom_js":"","ghostkit_customizer_options":"","ghostkit_custom_css":"","ghostkit_custom_js_head":"","ghostkit_custom_js_foot":"","ghostkit_typography":"","_kad_post_transparent":"","_kad_post_title":"","_kad_post_layout":"","_kad_post_sidebar_id":"","_kad_post_content_style":"","_kad_post_vertical_padding":"","_kad_post_feature":"","_kad_post_feature_position":"","_kad_post_header":false,"_kad_post_footer":false,"_kad_post_classname":"","_links_to":"","_links_to_target":""},"game-concept":[37],"location":[],"product_brand":[],"product_cat":[27],"product_tag":[],"class_list":{"0":"post-36534","1":"product","2":"type-product","3":"status-publish","4":"has-post-thumbnail","6":"game-concept-syndicate","7":"product_cat-geen-categorie","9":"first","10":"instock","11":"shipping-taxable","12":"purchasable","13":"product-type-simple","14":"entry","15":"content-bg","16":"loop-entry"},"acf":{"full_bokun_product_name":"Self-Guided The Wiesbaden Syndicate City Escape Game","location_name":"Wiesbaden","bokun_calendar_widget_code":"<script type=\"text\/javascript\" src=\"https:\/\/widgets.bokun.io\/assets\/javascripts\/apps\/build\/BokunWidgetsLoader.js?bookingChannelUUID=a1e93e96-5232-4734-a595-28405f4b5a31\" async><\/script>\n     \n    <div class=\"bokunWidget\" data-src=\"https:\/\/widgets.bokun.io\/online-sales\/a1e93e96-5232-4734-a595-28405f4b5a31\/experience-calendar\/827843\"><\/div>\n    <noscript>Please enable javascript in your browser to book<\/noscript>","bokun_button_widget_code":"<script type=\"text\/javascript\" src=\"https:\/\/widgets.bokun.io\/assets\/javascripts\/apps\/build\/BokunWidgetsLoader.js?bookingChannelUUID=a1e93e96-5232-4734-a595-28405f4b5a31\" async><\/script>\n      <style> #bokun_ed001e45_5927_4f62_b470_ca766338d083 { display: inline-block; padding: .4em 1em; background: #47b82e; border-radius: 999999px; box-shadow: none; font-weight: 600; font-size: 24px; text-decoration: none; text-align: center; color: #FFFFFF; border:none; cursor: pointer; transition: background .2s ease; } #bokun_ed001e45_5927_4f62_b470_ca766338d083:hover{ background: #2f7b1f; } #bokun_ed001e45_5927_4f62_b470_ca766338d083:active{ background: #378f24; } <\/style> <button class=\"bokunButton\" disabled id=bokun_ed001e45_5927_4f62_b470_ca766338d083 data-src=\"https:\/\/widgets.bokun.io\/online-sales\/a1e93e96-5232-4734-a595-28405f4b5a31\/experience-calendar\/827843?partialView=1\" data-testid=\"widget-book-button\" > Book now <\/button> ","what_you\u2019ll_experience_during_the_game":"B\u1ea1n v\u00e0 \u0111\u1ed9i c\u1ee7a m\u00ecnh s\u1ebd tham gia v\u00e0o m\u1ed9t nhi\u1ec7m v\u1ee5 tr\u1ed1n tho\u00e1t \u0111\u1ea7y r\u1ee7i ro cao \u0111ang di\u1ec5n ra tr\u00ean kh\u1eafp c\u00e1c \u0111\u01b0\u1eddng ph\u1ed1 c\u1ee7a Wiesbaden. Ch\u1ec9 v\u1edbi nh\u1eefng m\u1ea3nh th\u00f4ng tin \u00edt \u1ecfi \u0111\u1ec3 h\u01b0\u1edbng d\u1eabn, m\u1ee5c ti\u00eau c\u1ee7a b\u1ea1n l\u00e0 kh\u1ea9n c\u1ea5p v\u00e0 r\u00f5 r\u00e0ng: truy l\u00f9ng Magnus b\u00ed \u1ea9n v\u00e0 thu h\u1ed3i s\u00e1u c\u00f4ng th\u1ee9c m\u1ea1nh m\u1ebd b\u1ecb \u0111\u00e1nh c\u1eafp tr\u01b0\u1edbc khi ch\u00fang bi\u1ebfn m\u1ea5t v\u0129nh vi\u1ec5n. Nhi\u1ec7m v\u1ee5 s\u1ebd d\u1ea7n h\u00ecnh th\u00e0nh t\u1eebng b\u01b0\u1edbc khi b\u1ea1n di chuy\u1ec3n qua th\u00e0nh ph\u1ed1, v\u1edbi m\u1ed7i \u0111\u1ecba \u0111i\u1ec3m ti\u1ebft l\u1ed9 c\u00e1c m\u1ee5c ti\u00eau m\u1edbi v\u00e0 b\u00ed m\u1eadt c\u1ea7n gi\u1ea3i m\u00e3.\n\nT\u1eeb nh\u1eefng c\u00e2u \u0111\u1ed1 b\u00ed \u1ea9n \u0111\u1ebfn m\u00e3 \u1ea9n v\u00e0 th\u1eed th\u00e1ch t\u00ednh gi\u1edd, m\u1ed7i nhi\u1ec7m v\u1ee5 \u0111\u00f2i h\u1ecfi t\u01b0 duy nh\u1ea1y b\u00e9n, quy\u1ebft \u0111\u1ecbnh nhanh ch\u00f3ng v\u00e0 giao ti\u1ebfp li\u1ec1n m\u1ea1ch. Tr\u1ea3i nghi\u1ec7m ho\u00e0n to\u00e0n theo c\u1ed1t truy\u1ec7n n\u00e0y s\u1ebd ph\u00e1t tri\u1ec3n theo h\u00e0nh \u0111\u1ed9ng c\u1ee7a b\u1ea1n, \u0111\u1eb7t \u0111\u1ed9i c\u1ee7a b\u1ea1n v\u00e0o trung t\u00e2m c\u1ee7a m\u1ed9t cu\u1ed9c ch\u1ea1y \u0111ua \u0111i\u1ec7n \u1ea3nh v\u1edbi th\u1eddi gian. Khi nhi\u1ec7m v\u1ee5 ng\u00e0y c\u00e0ng s\u00e2u s\u1eafc, chi\u1ebfn l\u01b0\u1ee3c h\u1ee3p t\u00e1c tr\u1edf n\u00ean c\u1ea7n thi\u1ebft, v\u00e0 s\u1ef1 \u0111\u00f3ng g\u00f3p c\u1ee7a m\u1ed7i ng\u01b0\u1eddi ch\u01a1i \u0111\u01b0a \u0111\u1ed9i \u0111\u1ebfn g\u1ea7n h\u01a1n v\u1edbi th\u00e0nh c\u00f4ng. Chi\u1ebfn d\u1ecbch di\u1ec5n ra theo t\u1ed1c \u0111\u1ed9 c\u1ee7a b\u1ea1n, cho ph\u00e9p b\u1ea1n t\u1ea1m d\u1eebng v\u00e0 ti\u1ebfp t\u1ee5c b\u1ea5t c\u1ee9 khi n\u00e0o c\u1ea7n m\u00e0 kh\u00f4ng m\u1ea5t \u0111i \u0111\u00e0.","how_to_play":"\u0110\u1eb7t Tr\u00f2 Ch\u01a1i Th\u00e0nh Ph\u1ed1 (City Game), ki\u1ec3m tra email ch\u00fang t\u00f4i g\u1eedi cho b\u1ea1n k\u00e8m h\u01b0\u1edbng d\u1eabn, t\u1ea3i xu\u1ed1ng \u1ee8ng d\u1ee5ng Loquiz v\u00e0 b\u1eaft \u0111\u1ea7u tr\u1ea3i nghi\u1ec7m tr\u00f2 ch\u01a1i c\u1ee7a b\u1ea1n!","start_location":"Wiesbaden, Marktplatz","available_languages":["en"],"players_per_group":"1-4","duration":"1.5-2 hours","image_overlay_color_image":"https:\/\/testwebsite.citygame.com\/wp-content\/blogs.dir\/1\/files\/sites\/62\/2026\/01\/SyndicateColor.svg","image_overlay_game_logo":"https:\/\/testwebsite.citygame.com\/wp-content\/blogs.dir\/1\/files\/sites\/62\/2026\/01\/SyndicateLogo.png","city_page":4692,"woocommerce_general_content":null},"yoast_head":"<!-- This site is optimized with the Yoast SEO Premium plugin v26.2 (Yoast SEO v26.3) - https:\/\/yoast.com\/wordpress\/plugins\/seo\/ -->\n<title>S\u1ea3n ph\u1ea9m - City Game<\/title>\n<meta name=\"description\" content=\"The Wiesbaden Syndicate. Ch\u01a1i Tr\u00f2 Ch\u01a1i Tho\u00e1t Hi\u1ec3m Th\u00e0nh Ph\u1ed1 (City Escape Game) t\u1ef1 h\u01b0\u1edbng d\u1eabn, gi\u1ea3i c\u00e1c c\u00e2u \u0111\u1ed1, ho\u00e0n th\u00e0nh nhi\u1ec7m v\u1ee5 v\u00e0 thu h\u1ed3i c\u00e1c c\u00f4ng th\u1ee9c b\u1ecb \u0111\u00e1nh c\u1eafp theo t\u1ed1c \u0111\u1ed9 c\u1ee7a ri\u00eang b\u1ea1n!\" \/>\n<meta name=\"robots\" content=\"noindex, follow, max-snippet:-1, max-image-preview:large, max-video-preview:-1\" \/>\n<meta property=\"og:locale\" content=\"vi_VN\" \/>\n<meta property=\"og:type\" content=\"article\" \/>\n<meta property=\"og:title\" content=\"S\u1ea3n ph\u1ea9m\" \/>\n<meta property=\"og:description\" content=\"The Wiesbaden Syndicate. Ch\u01a1i Tr\u00f2 Ch\u01a1i Tho\u00e1t Hi\u1ec3m Th\u00e0nh Ph\u1ed1 (City Escape Game) t\u1ef1 h\u01b0\u1edbng d\u1eabn, gi\u1ea3i c\u00e1c c\u00e2u \u0111\u1ed1, ho\u00e0n th\u00e0nh nhi\u1ec7m v\u1ee5 v\u00e0 thu h\u1ed3i c\u00e1c c\u00f4ng th\u1ee9c b\u1ecb \u0111\u00e1nh c\u1eafp theo t\u1ed1c \u0111\u1ed9 c\u1ee7a ri\u00eang b\u1ea1n!\" \/>\n<meta property=\"og:url\" content=\"https:\/\/testwebsite.citygame.com\/vi\/games\/unknown-location\/san-pham-269\/\" \/>\n<meta property=\"og:site_name\" content=\"City Game\" \/>\n<meta property=\"article:publisher\" content=\"https:\/\/www.facebook.com\/profile.php?id=100086426226253\" \/>\n<meta property=\"article:modified_time\" content=\"2026-04-02T01:22:59+00:00\" \/>\n<meta property=\"og:image\" content=\"https:\/\/testwebsite.citygame.com\/wp-content\/blogs.dir\/1\/files\/sites\/62\/2026\/02\/wiesbaden-ringkirche-city-game-player.jpg\" \/>\n\t<meta property=\"og:image:width\" content=\"1024\" \/>\n\t<meta property=\"og:image:height\" content=\"1024\" \/>\n\t<meta property=\"og:image:type\" content=\"image\/jpeg\" \/>\n<meta name=\"twitter:card\" content=\"summary_large_image\" \/>\n<script type=\"application\/ld+json\" class=\"yoast-schema-graph\">{\"@context\":\"https:\/\/schema.org\",\"@graph\":[{\"@type\":\"WebPage\",\"@id\":\"https:\/\/testwebsite.citygame.com\/vi\/games\/unknown-location\/san-pham-269\/\",\"url\":\"https:\/\/testwebsite.citygame.com\/vi\/games\/unknown-location\/san-pham-269\/\",\"name\":\"S\u1ea3n ph\u1ea9m - City Game\",\"isPartOf\":{\"@id\":\"https:\/\/testwebsite.upevents.nl\/#website\"},\"primaryImageOfPage\":{\"@id\":\"https:\/\/testwebsite.citygame.com\/vi\/games\/unknown-location\/san-pham-269\/#primaryimage\"},\"image\":{\"@id\":\"https:\/\/testwebsite.citygame.com\/vi\/games\/unknown-location\/san-pham-269\/#primaryimage\"},\"thumbnailUrl\":\"https:\/\/testwebsite.citygame.com\/wp-content\/blogs.dir\/1\/files\/sites\/62\/2026\/02\/wiesbaden-ringkirche-city-game-player.jpg\",\"datePublished\":\"2026-02-16T01:27:40+00:00\",\"dateModified\":\"2026-04-02T01:22:59+00:00\",\"description\":\"The Wiesbaden Syndicate. Ch\u01a1i Tr\u00f2 Ch\u01a1i Tho\u00e1t Hi\u1ec3m Th\u00e0nh Ph\u1ed1 (City Escape Game) t\u1ef1 h\u01b0\u1edbng d\u1eabn, gi\u1ea3i c\u00e1c c\u00e2u \u0111\u1ed1, ho\u00e0n th\u00e0nh nhi\u1ec7m v\u1ee5 v\u00e0 thu h\u1ed3i c\u00e1c c\u00f4ng th\u1ee9c b\u1ecb \u0111\u00e1nh c\u1eafp theo t\u1ed1c \u0111\u1ed9 c\u1ee7a ri\u00eang b\u1ea1n!\",\"breadcrumb\":{\"@id\":\"https:\/\/testwebsite.citygame.com\/vi\/games\/unknown-location\/san-pham-269\/#breadcrumb\"},\"inLanguage\":\"vi\",\"potentialAction\":[{\"@type\":\"ReadAction\",\"target\":[\"https:\/\/testwebsite.citygame.com\/vi\/games\/unknown-location\/san-pham-269\/\"]}]},{\"@type\":\"ImageObject\",\"inLanguage\":\"vi\",\"@id\":\"https:\/\/testwebsite.citygame.com\/vi\/games\/unknown-location\/san-pham-269\/#primaryimage\",\"url\":\"https:\/\/testwebsite.citygame.com\/wp-content\/blogs.dir\/1\/files\/sites\/62\/2026\/02\/wiesbaden-ringkirche-city-game-player.jpg\",\"contentUrl\":\"https:\/\/testwebsite.citygame.com\/wp-content\/blogs.dir\/1\/files\/sites\/62\/2026\/02\/wiesbaden-ringkirche-city-game-player.jpg\",\"width\":1024,\"height\":1024,\"caption\":\"A person uses a tablet to explore the area around the Ringkirche in Wiesbaden on a sunny day.\"},{\"@type\":\"BreadcrumbList\",\"@id\":\"https:\/\/testwebsite.citygame.com\/vi\/games\/unknown-location\/san-pham-269\/#breadcrumb\",\"itemListElement\":[{\"@type\":\"ListItem\",\"position\":1,\"name\":\"Home\",\"item\":\"https:\/\/testwebsite.citygame.com\/vi\/\"},{\"@type\":\"ListItem\",\"position\":2,\"name\":\"Shop\",\"item\":\"https:\/\/testwebsite.citygame.com\/shop\/\"},{\"@type\":\"ListItem\",\"position\":3,\"name\":\"S\u1ea3n ph\u1ea9m\"}]},{\"@type\":\"WebSite\",\"@id\":\"https:\/\/testwebsite.upevents.nl\/#website\",\"url\":\"https:\/\/testwebsite.upevents.nl\/\",\"name\":\"City Game\",\"description\":\"\",\"publisher\":{\"@id\":\"https:\/\/testwebsite.upevents.nl\/#organization\"},\"alternateName\":\"citygame.com\",\"potentialAction\":[{\"@type\":\"SearchAction\",\"target\":{\"@type\":\"EntryPoint\",\"urlTemplate\":\"https:\/\/testwebsite.upevents.nl\/?s={search_term_string}\"},\"query-input\":{\"@type\":\"PropertyValueSpecification\",\"valueRequired\":true,\"valueName\":\"search_term_string\"}}],\"inLanguage\":\"vi\"},{\"@type\":[\"Organization\",\"Place\"],\"@id\":\"https:\/\/testwebsite.upevents.nl\/#organization\",\"name\":\"City Game\",\"alternateName\":\"citygame.com\",\"url\":\"https:\/\/testwebsite.upevents.nl\/\",\"logo\":{\"@id\":\"https:\/\/testwebsite.citygame.com\/vi\/games\/unknown-location\/san-pham-269\/#local-main-organization-logo\"},\"image\":{\"@id\":\"https:\/\/testwebsite.citygame.com\/vi\/games\/unknown-location\/san-pham-269\/#local-main-organization-logo\"},\"sameAs\":[\"https:\/\/www.facebook.com\/profile.php?id=100086426226253\",\"https:\/\/www.instagram.com\/citygame_com\",\"https:\/\/www.tiktok.com\/@citygamecom\/\",\"https:\/\/www.linkedin.com\/company\/citygame-com\"],\"description\":\"Turn any city into a playground with our interactive City Games and self-guided tours. Fun, flexible, and ideal for groups and team building.\",\"telephone\":[],\"openingHoursSpecification\":[{\"@type\":\"OpeningHoursSpecification\",\"dayOfWeek\":[\"Monday\",\"Tuesday\",\"Wednesday\",\"Thursday\",\"Friday\",\"Saturday\",\"Sunday\"],\"opens\":\"09:00\",\"closes\":\"17:00\"}]},{\"@type\":\"ImageObject\",\"inLanguage\":\"vi\",\"@id\":\"https:\/\/testwebsite.citygame.com\/vi\/games\/unknown-location\/san-pham-269\/#local-main-organization-logo\",\"url\":\"https:\/\/testwebsite.citygame.com\/wp-content\/blogs.dir\/1\/files\/sites\/62\/2025\/10\/CG_LOGO-City-Game.png\",\"contentUrl\":\"https:\/\/testwebsite.citygame.com\/wp-content\/blogs.dir\/1\/files\/sites\/62\/2025\/10\/CG_LOGO-City-Game.png\",\"width\":351,\"height\":377,\"caption\":\"City Game\"}]}<\/script>\n<!-- \/ Yoast SEO Premium plugin. -->","yoast_head_json":{"title":"S\u1ea3n ph\u1ea9m - City Game","description":"The Wiesbaden Syndicate. Ch\u01a1i Tr\u00f2 Ch\u01a1i Tho\u00e1t Hi\u1ec3m Th\u00e0nh Ph\u1ed1 (City Escape Game) t\u1ef1 h\u01b0\u1edbng d\u1eabn, gi\u1ea3i c\u00e1c c\u00e2u \u0111\u1ed1, ho\u00e0n th\u00e0nh nhi\u1ec7m v\u1ee5 v\u00e0 thu h\u1ed3i c\u00e1c c\u00f4ng th\u1ee9c b\u1ecb \u0111\u00e1nh c\u1eafp theo t\u1ed1c \u0111\u1ed9 c\u1ee7a ri\u00eang b\u1ea1n!","robots":{"index":"noindex","follow":"follow","max-snippet":"max-snippet:-1","max-image-preview":"max-image-preview:large","max-video-preview":"max-video-preview:-1"},"og_locale":"vi_VN","og_type":"article","og_title":"S\u1ea3n ph\u1ea9m","og_description":"The Wiesbaden Syndicate. Ch\u01a1i Tr\u00f2 Ch\u01a1i Tho\u00e1t Hi\u1ec3m Th\u00e0nh Ph\u1ed1 (City Escape Game) t\u1ef1 h\u01b0\u1edbng d\u1eabn, gi\u1ea3i c\u00e1c c\u00e2u \u0111\u1ed1, ho\u00e0n th\u00e0nh nhi\u1ec7m v\u1ee5 v\u00e0 thu h\u1ed3i c\u00e1c c\u00f4ng th\u1ee9c b\u1ecb \u0111\u00e1nh c\u1eafp theo t\u1ed1c \u0111\u1ed9 c\u1ee7a ri\u00eang b\u1ea1n!","og_url":"https:\/\/testwebsite.citygame.com\/vi\/games\/unknown-location\/san-pham-269\/","og_site_name":"City Game","article_publisher":"https:\/\/www.facebook.com\/profile.php?id=100086426226253","article_modified_time":"2026-04-02T01:22:59+00:00","og_image":[{"width":1024,"height":1024,"url":"https:\/\/testwebsite.citygame.com\/wp-content\/blogs.dir\/1\/files\/sites\/62\/2026\/02\/wiesbaden-ringkirche-city-game-player.jpg","type":"image\/jpeg"}],"twitter_card":"summary_large_image","schema":{"@context":"https:\/\/schema.org","@graph":[{"@type":"WebPage","@id":"https:\/\/testwebsite.citygame.com\/vi\/games\/unknown-location\/san-pham-269\/","url":"https:\/\/testwebsite.citygame.com\/vi\/games\/unknown-location\/san-pham-269\/","name":"S\u1ea3n ph\u1ea9m - City Game","isPartOf":{"@id":"https:\/\/testwebsite.upevents.nl\/#website"},"primaryImageOfPage":{"@id":"https:\/\/testwebsite.citygame.com\/vi\/games\/unknown-location\/san-pham-269\/#primaryimage"},"image":{"@id":"https:\/\/testwebsite.citygame.com\/vi\/games\/unknown-location\/san-pham-269\/#primaryimage"},"thumbnailUrl":"https:\/\/testwebsite.citygame.com\/wp-content\/blogs.dir\/1\/files\/sites\/62\/2026\/02\/wiesbaden-ringkirche-city-game-player.jpg","datePublished":"2026-02-16T01:27:40+00:00","dateModified":"2026-04-02T01:22:59+00:00","description":"The Wiesbaden Syndicate. Ch\u01a1i Tr\u00f2 Ch\u01a1i Tho\u00e1t Hi\u1ec3m Th\u00e0nh Ph\u1ed1 (City Escape Game) t\u1ef1 h\u01b0\u1edbng d\u1eabn, gi\u1ea3i c\u00e1c c\u00e2u \u0111\u1ed1, ho\u00e0n th\u00e0nh nhi\u1ec7m v\u1ee5 v\u00e0 thu h\u1ed3i c\u00e1c c\u00f4ng th\u1ee9c b\u1ecb \u0111\u00e1nh c\u1eafp theo t\u1ed1c \u0111\u1ed9 c\u1ee7a ri\u00eang b\u1ea1n!","breadcrumb":{"@id":"https:\/\/testwebsite.citygame.com\/vi\/games\/unknown-location\/san-pham-269\/#breadcrumb"},"inLanguage":"vi","potentialAction":[{"@type":"ReadAction","target":["https:\/\/testwebsite.citygame.com\/vi\/games\/unknown-location\/san-pham-269\/"]}]},{"@type":"ImageObject","inLanguage":"vi","@id":"https:\/\/testwebsite.citygame.com\/vi\/games\/unknown-location\/san-pham-269\/#primaryimage","url":"https:\/\/testwebsite.citygame.com\/wp-content\/blogs.dir\/1\/files\/sites\/62\/2026\/02\/wiesbaden-ringkirche-city-game-player.jpg","contentUrl":"https:\/\/testwebsite.citygame.com\/wp-content\/blogs.dir\/1\/files\/sites\/62\/2026\/02\/wiesbaden-ringkirche-city-game-player.jpg","width":1024,"height":1024,"caption":"A person uses a tablet to explore the area around the Ringkirche in Wiesbaden on a sunny day."},{"@type":"BreadcrumbList","@id":"https:\/\/testwebsite.citygame.com\/vi\/games\/unknown-location\/san-pham-269\/#breadcrumb","itemListElement":[{"@type":"ListItem","position":1,"name":"Home","item":"https:\/\/testwebsite.citygame.com\/vi\/"},{"@type":"ListItem","position":2,"name":"Shop","item":"https:\/\/testwebsite.citygame.com\/shop\/"},{"@type":"ListItem","position":3,"name":"S\u1ea3n ph\u1ea9m"}]},{"@type":"WebSite","@id":"https:\/\/testwebsite.upevents.nl\/#website","url":"https:\/\/testwebsite.upevents.nl\/","name":"City Game","description":"","publisher":{"@id":"https:\/\/testwebsite.upevents.nl\/#organization"},"alternateName":"citygame.com","potentialAction":[{"@type":"SearchAction","target":{"@type":"EntryPoint","urlTemplate":"https:\/\/testwebsite.upevents.nl\/?s={search_term_string}"},"query-input":{"@type":"PropertyValueSpecification","valueRequired":true,"valueName":"search_term_string"}}],"inLanguage":"vi"},{"@type":["Organization","Place"],"@id":"https:\/\/testwebsite.upevents.nl\/#organization","name":"City Game","alternateName":"citygame.com","url":"https:\/\/testwebsite.upevents.nl\/","logo":{"@id":"https:\/\/testwebsite.citygame.com\/vi\/games\/unknown-location\/san-pham-269\/#local-main-organization-logo"},"image":{"@id":"https:\/\/testwebsite.citygame.com\/vi\/games\/unknown-location\/san-pham-269\/#local-main-organization-logo"},"sameAs":["https:\/\/www.facebook.com\/profile.php?id=100086426226253","https:\/\/www.instagram.com\/citygame_com","https:\/\/www.tiktok.com\/@citygamecom\/","https:\/\/www.linkedin.com\/company\/citygame-com"],"description":"Turn any city into a playground with our interactive City Games and self-guided tours. Fun, flexible, and ideal for groups and team building.","telephone":[],"openingHoursSpecification":[{"@type":"OpeningHoursSpecification","dayOfWeek":["Monday","Tuesday","Wednesday","Thursday","Friday","Saturday","Sunday"],"opens":"09:00","closes":"17:00"}]},{"@type":"ImageObject","inLanguage":"vi","@id":"https:\/\/testwebsite.citygame.com\/vi\/games\/unknown-location\/san-pham-269\/#local-main-organization-logo","url":"https:\/\/testwebsite.citygame.com\/wp-content\/blogs.dir\/1\/files\/sites\/62\/2025\/10\/CG_LOGO-City-Game.png","contentUrl":"https:\/\/testwebsite.citygame.com\/wp-content\/blogs.dir\/1\/files\/sites\/62\/2025\/10\/CG_LOGO-City-Game.png","width":351,"height":377,"caption":"City Game"}]}},"taxonomy_info":{"game-concept":[{"value":37,"label":"Syndicate"}],"product_cat":[{"value":27,"label":"Geen categorie"}]},"featured_image_src_large":["https:\/\/testwebsite.citygame.com\/wp-content\/blogs.dir\/1\/files\/sites\/62\/2026\/02\/wiesbaden-ringkirche-city-game-player.jpg",1024,1024,false],"author_info":[],"comment_info":"","_links":{"self":[{"href":"https:\/\/testwebsite.citygame.com\/vi\/wp-json\/wp\/v2\/product\/36534","targetHints":{"allow":["GET"]}}],"collection":[{"href":"https:\/\/testwebsite.citygame.com\/vi\/wp-json\/wp\/v2\/product"}],"about":[{"href":"https:\/\/testwebsite.citygame.com\/vi\/wp-json\/wp\/v2\/types\/product"}],"acf:post":[{"embeddable":true,"href":"https:\/\/testwebsite.citygame.com\/vi\/wp-json\/wp\/v2\/pages\/4692"}],"wp:featuredmedia":[{"embeddable":true,"href":"https:\/\/testwebsite.citygame.com\/vi\/wp-json\/wp\/v2\/media\/13928"}],"wp:attachment":[{"href":"https:\/\/testwebsite.citygame.com\/vi\/wp-json\/wp\/v2\/media?parent=36534"}],"wp:term":[{"taxonomy":"game-concept","embeddable":true,"href":"https:\/\/testwebsite.citygame.com\/vi\/wp-json\/wp\/v2\/game-concept?post=36534"},{"taxonomy":"location","embeddable":true,"href":"https:\/\/testwebsite.citygame.com\/vi\/wp-json\/wp\/v2\/location?post=36534"},{"taxonomy":"product_brand","embeddable":true,"href":"https:\/\/testwebsite.citygame.com\/vi\/wp-json\/wp\/v2\/product_brand?post=36534"},{"taxonomy":"product_cat","embeddable":true,"href":"https:\/\/testwebsite.citygame.com\/vi\/wp-json\/wp\/v2\/product_cat?post=36534"},{"taxonomy":"product_tag","embeddable":true,"href":"https:\/\/testwebsite.citygame.com\/vi\/wp-json\/wp\/v2\/product_tag?post=36534"}],"curies":[{"name":"wp","href":"https:\/\/api.w.org\/{rel}","templated":true}]}}