{"id":35708,"date":"2026-02-13T18:09:14","date_gmt":"2026-02-13T18:09:14","guid":{"rendered":"https:\/\/testwebsite.citygame.com\/games\/unknown-location\/san-pham-256\/"},"modified":"2026-04-01T23:01:02","modified_gmt":"2026-04-01T23:01:02","slug":"san-pham-256","status":"publish","type":"product","link":"https:\/\/testwebsite.citygame.com\/vi\/games\/unknown-location\/san-pham-256\/","title":{"rendered":"S\u1ea3n ph\u1ea9m"},"content":{"rendered":"","protected":false},"excerpt":{"rendered":"","protected":false},"featured_media":13756,"template":"","meta":{"_acf_changed":false,"_yoast_wpseo_focuskw":"The Terneuzen Syndicate","_yoast_wpseo_metadesc":"The Terneuzen Syndicate. Ch\u01a1i m\u1ed9t Tr\u00f2 ch\u01a1i tho\u00e1t hi\u1ec3m th\u00e0nh ph\u1ed1 t\u1ef1 kh\u00e1m ph\u00e1, gi\u1ea3i c\u00e1c c\u00e2u \u0111\u1ed1, ho\u00e0n th\u00e0nh nhi\u1ec7m v\u1ee5 v\u00e0 thu h\u1ed3i c\u00e1c c\u00f4ng th\u1ee9c b\u1ecb \u0111\u00e1nh c\u1eafp theo t\u1ed1c \u0111\u1ed9 c\u1ee7a ri\u00eang b\u1ea1n!","_kad_blocks_custom_css":"","_kad_blocks_head_custom_js":"","_kad_blocks_body_custom_js":"","_kad_blocks_footer_custom_js":"","ghostkit_customizer_options":"","ghostkit_custom_css":"","ghostkit_custom_js_head":"","ghostkit_custom_js_foot":"","ghostkit_typography":"","_kad_post_transparent":"","_kad_post_title":"","_kad_post_layout":"","_kad_post_sidebar_id":"","_kad_post_content_style":"","_kad_post_vertical_padding":"","_kad_post_feature":"","_kad_post_feature_position":"","_kad_post_header":false,"_kad_post_footer":false,"_kad_post_classname":"","_links_to":"","_links_to_target":""},"game-concept":[37],"location":[],"product_brand":[],"product_cat":[27],"product_tag":[],"class_list":{"0":"post-35708","1":"product","2":"type-product","3":"status-publish","4":"has-post-thumbnail","6":"game-concept-syndicate","7":"product_cat-geen-categorie","9":"first","10":"instock","11":"shipping-taxable","12":"purchasable","13":"product-type-simple","14":"entry","15":"content-bg","16":"loop-entry"},"acf":{"full_bokun_product_name":"Self-Guided The Terneuzen Syndicate City Escape Game","location_name":"Terneuzen","bokun_calendar_widget_code":"<script type=\"text\/javascript\" src=\"https:\/\/widgets.bokun.io\/assets\/javascripts\/apps\/build\/BokunWidgetsLoader.js?bookingChannelUUID=a1e93e96-5232-4734-a595-28405f4b5a31\" async><\/script>\n     \n    <div class=\"bokunWidget\" data-src=\"https:\/\/widgets.bokun.io\/online-sales\/a1e93e96-5232-4734-a595-28405f4b5a31\/experience-calendar\/795600\"><\/div>\n    <noscript>Please enable javascript in your browser to book<\/noscript>","bokun_button_widget_code":"<script type=\"text\/javascript\" src=\"https:\/\/widgets.bokun.io\/assets\/javascripts\/apps\/build\/BokunWidgetsLoader.js?bookingChannelUUID=a1e93e96-5232-4734-a595-28405f4b5a31\" async><\/script>\n      <style> #bokun_ed001e45_5927_4f62_b470_ca766338d083 { display: inline-block; padding: .4em 1em; background: #47b82e; border-radius: 999999px; box-shadow: none; font-weight: 600; font-size: 24px; text-decoration: none; text-align: center; color: #FFFFFF; border:none; cursor: pointer; transition: background .2s ease; } #bokun_ed001e45_5927_4f62_b470_ca766338d083:hover{ background: #2f7b1f; } #bokun_ed001e45_5927_4f62_b470_ca766338d083:active{ background: #378f24; } <\/style> <button class=\"bokunButton\" disabled id=bokun_ed001e45_5927_4f62_b470_ca766338d083 data-src=\"https:\/\/widgets.bokun.io\/online-sales\/a1e93e96-5232-4734-a595-28405f4b5a31\/experience-calendar\/795600?partialView=1\" data-testid=\"widget-book-button\" > Book now <\/button> ","what_you\u2019ll_experience_during_the_game":"B\u1ea1n v\u00e0 \u0111\u1ed9i c\u1ee7a m\u00ecnh s\u1ebd \u0111\u01b0\u1ee3c \u0111\u01b0a v\u00e0o m\u1ed9t nhi\u1ec7m v\u1ee5 tho\u00e1t hi\u1ec3m \u0111\u1ea7y th\u1eed th\u00e1ch t\u1ea1i th\u00e0nh ph\u1ed1 Terneuzen, n\u01a1i m\u1ed9t m\u1ea1ng l\u01b0\u1edbi t\u1ed9i ph\u1ea1m h\u00f9ng m\u1ea1nh \u0111ang \u1ea9n n\u00e1u ngay tr\u01b0\u1edbc m\u1eaft. L\u00e0 m\u1ed9t ph\u1ea7n c\u1ee7a m\u1ed9t t\u1ed5 ch\u1ee9c tinh nhu\u1ec7, m\u1ee5c ti\u00eau c\u1ee7a b\u1ea1n l\u00e0 truy l\u00f9ng Magnus kh\u00f3 n\u1eafm b\u1eaft v\u00e0 thu h\u1ed3i s\u00e1u c\u00f4ng th\u1ee9c h\u00f3a h\u1ecdc b\u1ecb \u0111\u00e1nh c\u1eafp tr\u01b0\u1edbc khi ch\u00fang bi\u1ebfn m\u1ea5t v\u0129nh vi\u1ec5n v\u00e0o th\u1ecb tr\u01b0\u1eddng ch\u1ee3 \u0111en. C\u00e1c con ph\u1ed1, ng\u00f5 h\u1ebbm v\u00e0 g\u00f3c khu\u1ea5t c\u1ee7a Terneuzen \u0111\u00f3ng vai tr\u00f2 l\u00e0 b\u1ed1i c\u1ea3nh cho chi\u1ebfn d\u1ecbch b\u00ed m\u1eadt n\u00e0y, di\u1ec5n ra t\u1eebng b\u01b0\u1edbc m\u1ed9t khi b\u1ea1n thu th\u1eadp th\u00f4ng tin t\u00ecnh b\u00e1o v\u00e0 th\u1ef1c hi\u1ec7n c\u00e1c \u0111\u1ed9ng th\u00e1i quan tr\u1ecdng tr\u00ean kh\u1eafp th\u00e0nh ph\u1ed1.\n\nM\u1ed7i ph\u1ea7n c\u1ee7a nhi\u1ec7m v\u1ee5 \u0111\u1ec1u \u0111\u01b0\u1ee3c th\u00fac \u0111\u1ea9y b\u1edfi c\u00e2u chuy\u1ec7n, v\u1edbi c\u00e1c th\u1eed th\u00e1ch \u0111a t\u1ea7ng \u0111\u01b0\u1ee3c thi\u1ebft k\u1ebf \u0111\u1ec3 ki\u1ec3m tra k\u1ef9 n\u0103ng gi\u1ea3i m\u00e3, logic v\u00e0 s\u1ef1 ch\u00fa \u00fd \u0111\u1ebfn t\u1eebng chi ti\u1ebft c\u1ee7a b\u1ea1n. B\u1ea1n s\u1ebd \u0111\u1ed1i m\u1eb7t v\u1edbi c\u00e1c c\u00e2u \u0111\u1ed1, tin nh\u1eafn \u0111\u01b0\u1ee3c m\u00e3 h\u00f3a v\u00e0 c\u00e1c nhi\u1ec7m v\u1ee5 th\u1ef1c h\u00e0nh \u0111\u00f2i h\u1ecfi s\u1ef1 l\u00e0m vi\u1ec7c nh\u00f3m, giao ti\u1ebfp theo th\u1eddi gian th\u1ef1c v\u00e0 kh\u1ea3 n\u0103ng ra quy\u1ebft \u0111\u1ecbnh s\u1eafc b\u00e9n. L\u1ed1i ch\u01a1i linh ho\u1ea1t cho ph\u00e9p b\u1ea1n t\u1ea1m d\u1eebng v\u00e0 ti\u1ebfp t\u1ee5c nhi\u1ec7m v\u1ee5 theo l\u1ecbch tr\u00ecnh c\u1ee7a ri\u00eang m\u00ecnh, mang l\u1ea1i cho \u0111\u1ed9i c\u1ee7a b\u1ea1n to\u00e0n quy\u1ec1n ki\u1ec3m so\u00e1t ho\u1ea1t \u0111\u1ed9ng. \u0110i\u1ec1u b\u1eaft \u0111\u1ea7u nh\u01b0 m\u1ed9t cu\u1ed9c t\u00ecm ki\u1ebfm nhanh ch\u00f3ng bi\u1ebfn th\u00e0nh m\u1ed9t tr\u00f2 ch\u01a1i chi\u1ebfn l\u01b0\u1ee3c, s\u1ef1 tin t\u01b0\u1edfng v\u00e0 \u0111\u1ed9 ch\u00ednh x\u00e1c khi b\u00ed \u1ea9n \u0111\u01b0\u1ee3c h\u00e9 l\u1ed9 kh\u1eafp Terneuzen.","how_to_play":"\u0110\u1eb7t Tr\u00f2 ch\u01a1i th\u00e0nh ph\u1ed1, ki\u1ec3m tra email ch\u00fang t\u00f4i g\u1eedi cho b\u1ea1n k\u00e8m theo h\u01b0\u1edbng d\u1eabn, t\u1ea3i xu\u1ed1ng \u1ee8ng d\u1ee5ng Loquiz v\u00e0 b\u1eaft \u0111\u1ea7u tr\u1ea3i nghi\u1ec7m tr\u00f2 ch\u01a1i c\u1ee7a b\u1ea1n!","start_location":"Terneuzen, Arsenaalplein","available_languages":["en"],"players_per_group":"1-4","duration":"1.5-2 hours","image_overlay_color_image":"https:\/\/testwebsite.citygame.com\/wp-content\/blogs.dir\/1\/files\/sites\/62\/2026\/01\/SyndicateColor.svg","image_overlay_game_logo":"https:\/\/testwebsite.citygame.com\/wp-content\/blogs.dir\/1\/files\/sites\/62\/2026\/01\/SyndicateLogo.png","city_page":4551,"woocommerce_general_content":null},"yoast_head":"<!-- This site is optimized with the Yoast SEO Premium plugin v26.2 (Yoast SEO v26.3) - https:\/\/yoast.com\/wordpress\/plugins\/seo\/ -->\n<title>S\u1ea3n ph\u1ea9m - City Game<\/title>\n<meta name=\"description\" content=\"The Terneuzen Syndicate. Ch\u01a1i m\u1ed9t Tr\u00f2 ch\u01a1i tho\u00e1t hi\u1ec3m th\u00e0nh ph\u1ed1 t\u1ef1 kh\u00e1m ph\u00e1, gi\u1ea3i c\u00e1c c\u00e2u \u0111\u1ed1, ho\u00e0n th\u00e0nh nhi\u1ec7m v\u1ee5 v\u00e0 thu h\u1ed3i c\u00e1c c\u00f4ng th\u1ee9c b\u1ecb \u0111\u00e1nh c\u1eafp theo t\u1ed1c \u0111\u1ed9 c\u1ee7a ri\u00eang b\u1ea1n!\" \/>\n<meta name=\"robots\" content=\"noindex, follow, max-snippet:-1, max-image-preview:large, max-video-preview:-1\" \/>\n<meta property=\"og:locale\" content=\"vi_VN\" \/>\n<meta property=\"og:type\" content=\"article\" \/>\n<meta property=\"og:title\" content=\"S\u1ea3n ph\u1ea9m\" \/>\n<meta property=\"og:description\" content=\"The Terneuzen Syndicate. Ch\u01a1i m\u1ed9t Tr\u00f2 ch\u01a1i tho\u00e1t hi\u1ec3m th\u00e0nh ph\u1ed1 t\u1ef1 kh\u00e1m ph\u00e1, gi\u1ea3i c\u00e1c c\u00e2u \u0111\u1ed1, ho\u00e0n th\u00e0nh nhi\u1ec7m v\u1ee5 v\u00e0 thu h\u1ed3i c\u00e1c c\u00f4ng th\u1ee9c b\u1ecb \u0111\u00e1nh c\u1eafp theo t\u1ed1c \u0111\u1ed9 c\u1ee7a ri\u00eang b\u1ea1n!\" \/>\n<meta property=\"og:url\" content=\"https:\/\/testwebsite.citygame.com\/vi\/games\/unknown-location\/san-pham-256\/\" \/>\n<meta property=\"og:site_name\" content=\"City Game\" \/>\n<meta property=\"article:publisher\" content=\"https:\/\/www.facebook.com\/profile.php?id=100086426226253\" \/>\n<meta property=\"article:modified_time\" content=\"2026-04-01T23:01:02+00:00\" \/>\n<meta property=\"og:image\" content=\"https:\/\/testwebsite.citygame.com\/wp-content\/blogs.dir\/1\/files\/sites\/62\/2026\/02\/city-game-players-terneuzen-smartphone.jpg\" \/>\n\t<meta property=\"og:image:width\" content=\"1024\" \/>\n\t<meta property=\"og:image:height\" content=\"1024\" \/>\n\t<meta property=\"og:image:type\" content=\"image\/jpeg\" \/>\n<meta name=\"twitter:card\" content=\"summary_large_image\" \/>\n<script type=\"application\/ld+json\" class=\"yoast-schema-graph\">{\"@context\":\"https:\/\/schema.org\",\"@graph\":[{\"@type\":\"WebPage\",\"@id\":\"https:\/\/testwebsite.citygame.com\/vi\/games\/unknown-location\/san-pham-256\/\",\"url\":\"https:\/\/testwebsite.citygame.com\/vi\/games\/unknown-location\/san-pham-256\/\",\"name\":\"S\u1ea3n ph\u1ea9m - City Game\",\"isPartOf\":{\"@id\":\"https:\/\/testwebsite.upevents.nl\/#website\"},\"primaryImageOfPage\":{\"@id\":\"https:\/\/testwebsite.citygame.com\/vi\/games\/unknown-location\/san-pham-256\/#primaryimage\"},\"image\":{\"@id\":\"https:\/\/testwebsite.citygame.com\/vi\/games\/unknown-location\/san-pham-256\/#primaryimage\"},\"thumbnailUrl\":\"https:\/\/testwebsite.citygame.com\/wp-content\/blogs.dir\/1\/files\/sites\/62\/2026\/02\/city-game-players-terneuzen-smartphone.jpg\",\"datePublished\":\"2026-02-13T18:09:14+00:00\",\"dateModified\":\"2026-04-01T23:01:02+00:00\",\"description\":\"The Terneuzen Syndicate. Ch\u01a1i m\u1ed9t Tr\u00f2 ch\u01a1i tho\u00e1t hi\u1ec3m th\u00e0nh ph\u1ed1 t\u1ef1 kh\u00e1m ph\u00e1, gi\u1ea3i c\u00e1c c\u00e2u \u0111\u1ed1, ho\u00e0n th\u00e0nh nhi\u1ec7m v\u1ee5 v\u00e0 thu h\u1ed3i c\u00e1c c\u00f4ng th\u1ee9c b\u1ecb \u0111\u00e1nh c\u1eafp theo t\u1ed1c \u0111\u1ed9 c\u1ee7a ri\u00eang b\u1ea1n!\",\"breadcrumb\":{\"@id\":\"https:\/\/testwebsite.citygame.com\/vi\/games\/unknown-location\/san-pham-256\/#breadcrumb\"},\"inLanguage\":\"vi\",\"potentialAction\":[{\"@type\":\"ReadAction\",\"target\":[\"https:\/\/testwebsite.citygame.com\/vi\/games\/unknown-location\/san-pham-256\/\"]}]},{\"@type\":\"ImageObject\",\"inLanguage\":\"vi\",\"@id\":\"https:\/\/testwebsite.citygame.com\/vi\/games\/unknown-location\/san-pham-256\/#primaryimage\",\"url\":\"https:\/\/testwebsite.citygame.com\/wp-content\/blogs.dir\/1\/files\/sites\/62\/2026\/02\/city-game-players-terneuzen-smartphone.jpg\",\"contentUrl\":\"https:\/\/testwebsite.citygame.com\/wp-content\/blogs.dir\/1\/files\/sites\/62\/2026\/02\/city-game-players-terneuzen-smartphone.jpg\",\"width\":1024,\"height\":1024,\"caption\":\"A group of friends collaborate on a puzzle using a smartphone during an outdoor game in Terneuzen.\"},{\"@type\":\"BreadcrumbList\",\"@id\":\"https:\/\/testwebsite.citygame.com\/vi\/games\/unknown-location\/san-pham-256\/#breadcrumb\",\"itemListElement\":[{\"@type\":\"ListItem\",\"position\":1,\"name\":\"Home\",\"item\":\"https:\/\/testwebsite.citygame.com\/vi\/\"},{\"@type\":\"ListItem\",\"position\":2,\"name\":\"Shop\",\"item\":\"https:\/\/testwebsite.citygame.com\/shop\/\"},{\"@type\":\"ListItem\",\"position\":3,\"name\":\"S\u1ea3n ph\u1ea9m\"}]},{\"@type\":\"WebSite\",\"@id\":\"https:\/\/testwebsite.upevents.nl\/#website\",\"url\":\"https:\/\/testwebsite.upevents.nl\/\",\"name\":\"City Game\",\"description\":\"\",\"publisher\":{\"@id\":\"https:\/\/testwebsite.upevents.nl\/#organization\"},\"alternateName\":\"citygame.com\",\"potentialAction\":[{\"@type\":\"SearchAction\",\"target\":{\"@type\":\"EntryPoint\",\"urlTemplate\":\"https:\/\/testwebsite.upevents.nl\/?s={search_term_string}\"},\"query-input\":{\"@type\":\"PropertyValueSpecification\",\"valueRequired\":true,\"valueName\":\"search_term_string\"}}],\"inLanguage\":\"vi\"},{\"@type\":[\"Organization\",\"Place\"],\"@id\":\"https:\/\/testwebsite.upevents.nl\/#organization\",\"name\":\"City Game\",\"alternateName\":\"citygame.com\",\"url\":\"https:\/\/testwebsite.upevents.nl\/\",\"logo\":{\"@id\":\"https:\/\/testwebsite.citygame.com\/vi\/games\/unknown-location\/san-pham-256\/#local-main-organization-logo\"},\"image\":{\"@id\":\"https:\/\/testwebsite.citygame.com\/vi\/games\/unknown-location\/san-pham-256\/#local-main-organization-logo\"},\"sameAs\":[\"https:\/\/www.facebook.com\/profile.php?id=100086426226253\",\"https:\/\/www.instagram.com\/citygame_com\",\"https:\/\/www.tiktok.com\/@citygamecom\/\",\"https:\/\/www.linkedin.com\/company\/citygame-com\"],\"description\":\"Turn any city into a playground with our interactive City Games and self-guided tours. Fun, flexible, and ideal for groups and team building.\",\"telephone\":[],\"openingHoursSpecification\":[{\"@type\":\"OpeningHoursSpecification\",\"dayOfWeek\":[\"Monday\",\"Tuesday\",\"Wednesday\",\"Thursday\",\"Friday\",\"Saturday\",\"Sunday\"],\"opens\":\"09:00\",\"closes\":\"17:00\"}]},{\"@type\":\"ImageObject\",\"inLanguage\":\"vi\",\"@id\":\"https:\/\/testwebsite.citygame.com\/vi\/games\/unknown-location\/san-pham-256\/#local-main-organization-logo\",\"url\":\"https:\/\/testwebsite.citygame.com\/wp-content\/blogs.dir\/1\/files\/sites\/62\/2025\/10\/CG_LOGO-City-Game.png\",\"contentUrl\":\"https:\/\/testwebsite.citygame.com\/wp-content\/blogs.dir\/1\/files\/sites\/62\/2025\/10\/CG_LOGO-City-Game.png\",\"width\":351,\"height\":377,\"caption\":\"City Game\"}]}<\/script>\n<!-- \/ Yoast SEO Premium plugin. -->","yoast_head_json":{"title":"S\u1ea3n ph\u1ea9m - City Game","description":"The Terneuzen Syndicate. Ch\u01a1i m\u1ed9t Tr\u00f2 ch\u01a1i tho\u00e1t hi\u1ec3m th\u00e0nh ph\u1ed1 t\u1ef1 kh\u00e1m ph\u00e1, gi\u1ea3i c\u00e1c c\u00e2u \u0111\u1ed1, ho\u00e0n th\u00e0nh nhi\u1ec7m v\u1ee5 v\u00e0 thu h\u1ed3i c\u00e1c c\u00f4ng th\u1ee9c b\u1ecb \u0111\u00e1nh c\u1eafp theo t\u1ed1c \u0111\u1ed9 c\u1ee7a ri\u00eang b\u1ea1n!","robots":{"index":"noindex","follow":"follow","max-snippet":"max-snippet:-1","max-image-preview":"max-image-preview:large","max-video-preview":"max-video-preview:-1"},"og_locale":"vi_VN","og_type":"article","og_title":"S\u1ea3n ph\u1ea9m","og_description":"The Terneuzen Syndicate. Ch\u01a1i m\u1ed9t Tr\u00f2 ch\u01a1i tho\u00e1t hi\u1ec3m th\u00e0nh ph\u1ed1 t\u1ef1 kh\u00e1m ph\u00e1, gi\u1ea3i c\u00e1c c\u00e2u \u0111\u1ed1, ho\u00e0n th\u00e0nh nhi\u1ec7m v\u1ee5 v\u00e0 thu h\u1ed3i c\u00e1c c\u00f4ng th\u1ee9c b\u1ecb \u0111\u00e1nh c\u1eafp theo t\u1ed1c \u0111\u1ed9 c\u1ee7a ri\u00eang b\u1ea1n!","og_url":"https:\/\/testwebsite.citygame.com\/vi\/games\/unknown-location\/san-pham-256\/","og_site_name":"City Game","article_publisher":"https:\/\/www.facebook.com\/profile.php?id=100086426226253","article_modified_time":"2026-04-01T23:01:02+00:00","og_image":[{"width":1024,"height":1024,"url":"https:\/\/testwebsite.citygame.com\/wp-content\/blogs.dir\/1\/files\/sites\/62\/2026\/02\/city-game-players-terneuzen-smartphone.jpg","type":"image\/jpeg"}],"twitter_card":"summary_large_image","schema":{"@context":"https:\/\/schema.org","@graph":[{"@type":"WebPage","@id":"https:\/\/testwebsite.citygame.com\/vi\/games\/unknown-location\/san-pham-256\/","url":"https:\/\/testwebsite.citygame.com\/vi\/games\/unknown-location\/san-pham-256\/","name":"S\u1ea3n ph\u1ea9m - City Game","isPartOf":{"@id":"https:\/\/testwebsite.upevents.nl\/#website"},"primaryImageOfPage":{"@id":"https:\/\/testwebsite.citygame.com\/vi\/games\/unknown-location\/san-pham-256\/#primaryimage"},"image":{"@id":"https:\/\/testwebsite.citygame.com\/vi\/games\/unknown-location\/san-pham-256\/#primaryimage"},"thumbnailUrl":"https:\/\/testwebsite.citygame.com\/wp-content\/blogs.dir\/1\/files\/sites\/62\/2026\/02\/city-game-players-terneuzen-smartphone.jpg","datePublished":"2026-02-13T18:09:14+00:00","dateModified":"2026-04-01T23:01:02+00:00","description":"The Terneuzen Syndicate. Ch\u01a1i m\u1ed9t Tr\u00f2 ch\u01a1i tho\u00e1t hi\u1ec3m th\u00e0nh ph\u1ed1 t\u1ef1 kh\u00e1m ph\u00e1, gi\u1ea3i c\u00e1c c\u00e2u \u0111\u1ed1, ho\u00e0n th\u00e0nh nhi\u1ec7m v\u1ee5 v\u00e0 thu h\u1ed3i c\u00e1c c\u00f4ng th\u1ee9c b\u1ecb \u0111\u00e1nh c\u1eafp theo t\u1ed1c \u0111\u1ed9 c\u1ee7a ri\u00eang b\u1ea1n!","breadcrumb":{"@id":"https:\/\/testwebsite.citygame.com\/vi\/games\/unknown-location\/san-pham-256\/#breadcrumb"},"inLanguage":"vi","potentialAction":[{"@type":"ReadAction","target":["https:\/\/testwebsite.citygame.com\/vi\/games\/unknown-location\/san-pham-256\/"]}]},{"@type":"ImageObject","inLanguage":"vi","@id":"https:\/\/testwebsite.citygame.com\/vi\/games\/unknown-location\/san-pham-256\/#primaryimage","url":"https:\/\/testwebsite.citygame.com\/wp-content\/blogs.dir\/1\/files\/sites\/62\/2026\/02\/city-game-players-terneuzen-smartphone.jpg","contentUrl":"https:\/\/testwebsite.citygame.com\/wp-content\/blogs.dir\/1\/files\/sites\/62\/2026\/02\/city-game-players-terneuzen-smartphone.jpg","width":1024,"height":1024,"caption":"A group of friends collaborate on a puzzle using a smartphone during an outdoor game in Terneuzen."},{"@type":"BreadcrumbList","@id":"https:\/\/testwebsite.citygame.com\/vi\/games\/unknown-location\/san-pham-256\/#breadcrumb","itemListElement":[{"@type":"ListItem","position":1,"name":"Home","item":"https:\/\/testwebsite.citygame.com\/vi\/"},{"@type":"ListItem","position":2,"name":"Shop","item":"https:\/\/testwebsite.citygame.com\/shop\/"},{"@type":"ListItem","position":3,"name":"S\u1ea3n ph\u1ea9m"}]},{"@type":"WebSite","@id":"https:\/\/testwebsite.upevents.nl\/#website","url":"https:\/\/testwebsite.upevents.nl\/","name":"City Game","description":"","publisher":{"@id":"https:\/\/testwebsite.upevents.nl\/#organization"},"alternateName":"citygame.com","potentialAction":[{"@type":"SearchAction","target":{"@type":"EntryPoint","urlTemplate":"https:\/\/testwebsite.upevents.nl\/?s={search_term_string}"},"query-input":{"@type":"PropertyValueSpecification","valueRequired":true,"valueName":"search_term_string"}}],"inLanguage":"vi"},{"@type":["Organization","Place"],"@id":"https:\/\/testwebsite.upevents.nl\/#organization","name":"City Game","alternateName":"citygame.com","url":"https:\/\/testwebsite.upevents.nl\/","logo":{"@id":"https:\/\/testwebsite.citygame.com\/vi\/games\/unknown-location\/san-pham-256\/#local-main-organization-logo"},"image":{"@id":"https:\/\/testwebsite.citygame.com\/vi\/games\/unknown-location\/san-pham-256\/#local-main-organization-logo"},"sameAs":["https:\/\/www.facebook.com\/profile.php?id=100086426226253","https:\/\/www.instagram.com\/citygame_com","https:\/\/www.tiktok.com\/@citygamecom\/","https:\/\/www.linkedin.com\/company\/citygame-com"],"description":"Turn any city into a playground with our interactive City Games and self-guided tours. Fun, flexible, and ideal for groups and team building.","telephone":[],"openingHoursSpecification":[{"@type":"OpeningHoursSpecification","dayOfWeek":["Monday","Tuesday","Wednesday","Thursday","Friday","Saturday","Sunday"],"opens":"09:00","closes":"17:00"}]},{"@type":"ImageObject","inLanguage":"vi","@id":"https:\/\/testwebsite.citygame.com\/vi\/games\/unknown-location\/san-pham-256\/#local-main-organization-logo","url":"https:\/\/testwebsite.citygame.com\/wp-content\/blogs.dir\/1\/files\/sites\/62\/2025\/10\/CG_LOGO-City-Game.png","contentUrl":"https:\/\/testwebsite.citygame.com\/wp-content\/blogs.dir\/1\/files\/sites\/62\/2025\/10\/CG_LOGO-City-Game.png","width":351,"height":377,"caption":"City Game"}]}},"taxonomy_info":{"game-concept":[{"value":37,"label":"Syndicate"}],"product_cat":[{"value":27,"label":"Geen categorie"}]},"featured_image_src_large":["https:\/\/testwebsite.citygame.com\/wp-content\/blogs.dir\/1\/files\/sites\/62\/2026\/02\/city-game-players-terneuzen-smartphone.jpg",1024,1024,false],"author_info":[],"comment_info":"","_links":{"self":[{"href":"https:\/\/testwebsite.citygame.com\/vi\/wp-json\/wp\/v2\/product\/35708","targetHints":{"allow":["GET"]}}],"collection":[{"href":"https:\/\/testwebsite.citygame.com\/vi\/wp-json\/wp\/v2\/product"}],"about":[{"href":"https:\/\/testwebsite.citygame.com\/vi\/wp-json\/wp\/v2\/types\/product"}],"acf:post":[{"embeddable":true,"href":"https:\/\/testwebsite.citygame.com\/vi\/wp-json\/wp\/v2\/pages\/4551"}],"wp:featuredmedia":[{"embeddable":true,"href":"https:\/\/testwebsite.citygame.com\/vi\/wp-json\/wp\/v2\/media\/13756"}],"wp:attachment":[{"href":"https:\/\/testwebsite.citygame.com\/vi\/wp-json\/wp\/v2\/media?parent=35708"}],"wp:term":[{"taxonomy":"game-concept","embeddable":true,"href":"https:\/\/testwebsite.citygame.com\/vi\/wp-json\/wp\/v2\/game-concept?post=35708"},{"taxonomy":"location","embeddable":true,"href":"https:\/\/testwebsite.citygame.com\/vi\/wp-json\/wp\/v2\/location?post=35708"},{"taxonomy":"product_brand","embeddable":true,"href":"https:\/\/testwebsite.citygame.com\/vi\/wp-json\/wp\/v2\/product_brand?post=35708"},{"taxonomy":"product_cat","embeddable":true,"href":"https:\/\/testwebsite.citygame.com\/vi\/wp-json\/wp\/v2\/product_cat?post=35708"},{"taxonomy":"product_tag","embeddable":true,"href":"https:\/\/testwebsite.citygame.com\/vi\/wp-json\/wp\/v2\/product_tag?post=35708"}],"curies":[{"name":"wp","href":"https:\/\/api.w.org\/{rel}","templated":true}]}}