{"id":68214,"date":"2026-02-20T08:14:58","date_gmt":"2026-02-20T08:14:58","guid":{"rendered":"https:\/\/testwebsite.citygame.com\/games\/unknown-location\/the-singapore-syndicate-2\/"},"modified":"2026-04-09T11:02:44","modified_gmt":"2026-04-09T11:02:44","slug":"the-singapore-syndicate-2","status":"publish","type":"product","link":"https:\/\/testwebsite.citygame.com\/tr\/games\/singapore-city\/the-singapore-syndicate-2\/","title":{"rendered":"The Singapore Syndicate"},"content":{"rendered":"<p>The Singapore Syndicate, Singapur \u015fehir merkezinde ge\u00e7en, tak\u0131m \u00e7al\u0131\u015fmas\u0131, hikaye anlat\u0131m\u0131 ve ad\u0131m ad\u0131m g\u00f6rev ilerlemesine odaklanan, kendi kendine rehberli bir \u015eehir Ka\u00e7\u0131\u015f Oyunudur. Oyuncular, durdurulamaz bir tak\u0131m olu\u015fturmak \u00fczere birle\u015fir, anla\u015f\u0131lmas\u0131 g\u00fc\u00e7 Magnus&#8217;u takip etmek ve oyunun anlat\u0131s\u0131 i\u00e7in hayati \u00f6nem ta\u015f\u0131yan alt\u0131 \u00e7al\u0131nan form\u00fcl\u00fc geri almak i\u00e7in uyumlu bir \u015fekilde \u00e7al\u0131\u015f\u0131rlar. Zekice tasarlanm\u0131\u015f bulmacalar, s\u00fcr\u00fckleyici g\u00f6revler ve b\u00fcy\u00fcleyici zorluklarla dolu bu Singapur \u015eehir Oyunu, geleneksel turistik gezileri bir kenara b\u0131rakarak b\u00fcy\u00fcleyici, g\u00f6rev odakl\u0131 bir deneyim sunan s\u00fcr\u00fckleyici bir macera vaat ediyor.<\/p>\n","protected":false},"excerpt":{"rendered":"<p>Bu kendi kendine rehberli \u015eehir Ka\u00e7\u0131\u015f Oyunu&#8217;nda Singapur&#8217;un i\u00e7 i\u00e7e ge\u00e7mi\u015f sokaklar\u0131na ad\u0131m at\u0131n. Esrarengiz ipu\u00e7lar\u0131n\u0131 takip edin, yenilik\u00e7i bulmacalar\u0131n \u00fcstesinden gelin ve g\u00f6revinizin ilerleyi\u015finin adrenaliniyle ger\u00e7e\u011fi ortaya \u00e7\u0131karmak i\u00e7in ekibinizle birlikte \u00e7al\u0131\u015f\u0131n!<\/p>\n","protected":false},"featured_media":15110,"template":"","meta":{"_acf_changed":false,"_yoast_wpseo_focuskw":"The Singapore Syndicate","_yoast_wpseo_metadesc":"The Singapore Syndicate. Kendi h\u0131z\u0131n\u0131zda kendi kendine rehberli bir \u015eehir Ka\u00e7\u0131\u015f Oyunu oynay\u0131n, bulmacalar\u0131 \u00e7\u00f6z\u00fcn, g\u00f6revleri tamamlay\u0131n ve \u00e7al\u0131nan form\u00fclleri geri al\u0131n!","_kad_blocks_custom_css":"","_kad_blocks_head_custom_js":"","_kad_blocks_body_custom_js":"","_kad_blocks_footer_custom_js":"","ghostkit_customizer_options":"","ghostkit_custom_css":"","ghostkit_custom_js_head":"","ghostkit_custom_js_foot":"","ghostkit_typography":"","_kad_post_transparent":"default","_kad_post_title":"","_kad_post_layout":"default","_kad_post_sidebar_id":"","_kad_post_content_style":"default","_kad_post_vertical_padding":"default","_kad_post_feature":"","_kad_post_feature_position":"","_kad_post_header":false,"_kad_post_footer":false,"_kad_post_classname":"","_links_to":"","_links_to_target":""},"game-concept":[763],"location":[588],"product_brand":[],"product_cat":[27],"product_tag":[],"class_list":{"0":"post-68214","1":"product","2":"type-product","3":"status-publish","4":"has-post-thumbnail","6":"game-concept-syndicate","7":"location-singapore-city","8":"product_cat-geen-categorie","10":"first","11":"instock","12":"shipping-taxable","13":"purchasable","14":"product-type-simple","15":"entry","16":"content-bg","17":"loop-entry"},"acf":{"full_bokun_product_name":"Self-Guided The Singapore Syndicate City Escape Game","location_name":"Singapore","bokun_calendar_widget_code":"<script type=\"text\/javascript\" src=\"https:\/\/widgets.bokun.io\/assets\/javascripts\/apps\/build\/BokunWidgetsLoader.js?bookingChannelUUID=a1e93e96-5232-4734-a595-28405f4b5a31\" async><\/script>\n     \n    <div class=\"bokunWidget\" data-src=\"https:\/\/widgets.bokun.io\/online-sales\/a1e93e96-5232-4734-a595-28405f4b5a31\/experience-calendar\/795660\"><\/div>\n    <noscript>Please enable javascript in your browser to book<\/noscript>","bokun_button_widget_code":"<script type=\"text\/javascript\" src=\"https:\/\/widgets.bokun.io\/assets\/javascripts\/apps\/build\/BokunWidgetsLoader.js?bookingChannelUUID=a1e93e96-5232-4734-a595-28405f4b5a31\" async><\/script>\n      <style> #bokun_ed001e45_5927_4f62_b470_ca766338d083 { display: inline-block; padding: .4em 1em; background: #47b82e; border-radius: 999999px; box-shadow: none; font-weight: 600; font-size: 24px; text-decoration: none; text-align: center; color: #FFFFFF; border:none; cursor: pointer; transition: background .2s ease; } #bokun_ed001e45_5927_4f62_b470_ca766338d083:hover{ background: #2f7b1f; } #bokun_ed001e45_5927_4f62_b470_ca766338d083:active{ background: #378f24; } <\/style> <button class=\"bokunButton\" disabled id=bokun_ed001e45_5927_4f62_b470_ca766338d083 data-src=\"https:\/\/widgets.bokun.io\/online-sales\/a1e93e96-5232-4734-a595-28405f4b5a31\/experience-calendar\/795660?partialView=1\" data-testid=\"widget-book-button\" > Book now <\/button> ","what_you\u2019ll_experience_during_the_game":"'The Singapore Syndicate' adl\u0131, Singapur'un hareketli fonunda ge\u00e7en y\u00fcksek riskli bir ka\u00e7\u0131\u015f g\u00f6revine kendinizi kapt\u0131r\u0131n. Oyuncular bu canl\u0131 \u015fehri ke\u015ffederken, g\u00f6rev ad\u0131m ad\u0131m \u00e7\u00f6z\u00fclerek hikaye a\u015famal\u0131 olarak ilerler. Ama\u00e7: anla\u015f\u0131lmas\u0131 g\u00fc\u00e7 Magnus'u takip etmek ve bildi\u011fimiz ya\u015fam\u0131n gidi\u015fat\u0131n\u0131 de\u011fi\u015ftirebilecek alt\u0131 \u00e7al\u0131nan form\u00fcl\u00fc geri almak.\r\n\r\nBir dizi ilgi \u00e7ekici bulmaca ile bili\u015fsel yetene\u011finizi test edin, \u015fifreli kodlar\u0131 \u00e7\u00f6z\u00fcn, ilgi \u00e7ekici g\u00f6revleri tamamlay\u0131n ve beklenmedik zorluklar\u0131n \u00fcstesinden gelin. Tak\u0131m \u00e7al\u0131\u015fmas\u0131, ileti\u015fim ve h\u0131zl\u0131 karar verme becerileri, tamamen hikaye odakl\u0131 bu deneyimde \u00f6n plana \u00e7\u0131k\u0131yor. En iyi yan\u0131 ne mi? Bu oyun, program\u0131n\u0131za ve rahatl\u0131\u011f\u0131n\u0131za g\u00f6re duraklat\u0131labilir ve devam ettirilebilir, bu da bu s\u00fcr\u00fckleyici ve stratejik \u015fehir ka\u00e7\u0131\u015f g\u00f6revinden tam olarak keyif alman\u0131z\u0131 sa\u011flar.","how_to_play":"\u015eehir Oyununu ay\u0131rt\u0131n, size g\u00f6nderdi\u011fimiz talimatlar\u0131 i\u00e7eren e-postay\u0131 kontrol edin, Loquiz Uygulamas\u0131n\u0131 indirin ve oyun deneyiminize ba\u015flay\u0131n! \u015eehri daha \u00f6nce hi\u00e7 yapmad\u0131\u011f\u0131n\u0131z bir \u015fekilde ke\u015ffedin. Bu ka\u00e7\u0131\u015f oyunu, rol yapma temelli bir hikaye oyunudur; ekibinizin her \u00fcyesinin g\u00f6revde \u00f6nemli bir rol\u00fc olacakt\u0131r. Zorlu bulmacalar, bilmeceler ve foto\u011fraf g\u00f6revlerine \u00e7\u00f6z\u00fcm bulmak i\u00e7in \u015fehirde dola\u015f\u0131n.","start_location":"Singapore, South Bridge Road","available_languages":["en"],"players_per_group":"1-4","duration":"1.5-2 hours","image_overlay_color_image":"https:\/\/testwebsite.citygame.com\/wp-content\/blogs.dir\/1\/files\/sites\/62\/2026\/01\/SyndicateColor.svg","image_overlay_game_logo":"https:\/\/testwebsite.citygame.com\/wp-content\/blogs.dir\/1\/files\/sites\/62\/2026\/01\/SyndicateLogo.png","city_page":13161,"woocommerce_general_content":null},"yoast_head":"<!-- This site is optimized with the Yoast SEO Premium plugin v26.2 (Yoast SEO v26.3) - https:\/\/yoast.com\/wordpress\/plugins\/seo\/ -->\n<title>The Singapore Syndicate - City Game<\/title>\n<meta name=\"description\" content=\"The Singapore Syndicate. Kendi h\u0131z\u0131n\u0131zda kendi kendine rehberli bir \u015eehir Ka\u00e7\u0131\u015f Oyunu oynay\u0131n, bulmacalar\u0131 \u00e7\u00f6z\u00fcn, g\u00f6revleri tamamlay\u0131n ve \u00e7al\u0131nan form\u00fclleri geri al\u0131n!\" \/>\n<meta name=\"robots\" content=\"noindex, follow, max-snippet:-1, max-image-preview:large, max-video-preview:-1\" \/>\n<meta property=\"og:locale\" content=\"tr_TR\" \/>\n<meta property=\"og:type\" content=\"article\" \/>\n<meta property=\"og:title\" content=\"The Singapore Syndicate\" \/>\n<meta property=\"og:description\" content=\"The Singapore Syndicate. Kendi h\u0131z\u0131n\u0131zda kendi kendine rehberli bir \u015eehir Ka\u00e7\u0131\u015f Oyunu oynay\u0131n, bulmacalar\u0131 \u00e7\u00f6z\u00fcn, g\u00f6revleri tamamlay\u0131n ve \u00e7al\u0131nan form\u00fclleri geri al\u0131n!\" \/>\n<meta property=\"og:url\" content=\"https:\/\/testwebsite.citygame.com\/tr\/games\/singapore-city\/the-singapore-syndicate-2\/\" \/>\n<meta property=\"og:site_name\" content=\"City Game\" \/>\n<meta property=\"article:publisher\" content=\"https:\/\/www.facebook.com\/profile.php?id=100086426226253\" \/>\n<meta property=\"article:modified_time\" content=\"2026-04-09T11:02:44+00:00\" \/>\n<meta property=\"og:image\" content=\"https:\/\/testwebsite.citygame.com\/wp-content\/blogs.dir\/1\/files\/sites\/62\/2026\/02\/group-of-friends-playing-city-game-on-smartphone-singapore.jpg\" \/>\n\t<meta property=\"og:image:width\" content=\"1024\" \/>\n\t<meta property=\"og:image:height\" content=\"1024\" \/>\n\t<meta property=\"og:image:type\" content=\"image\/jpeg\" \/>\n<meta name=\"twitter:card\" content=\"summary_large_image\" \/>\n<meta name=\"twitter:label1\" content=\"Tahmini okuma s\u00fcresi\" \/>\n\t<meta name=\"twitter:data1\" content=\"1 dakika\" \/>\n<script type=\"application\/ld+json\" class=\"yoast-schema-graph\">{\"@context\":\"https:\/\/schema.org\",\"@graph\":[{\"@type\":\"WebPage\",\"@id\":\"https:\/\/testwebsite.citygame.com\/tr\/games\/singapore-city\/the-singapore-syndicate-2\/\",\"url\":\"https:\/\/testwebsite.citygame.com\/tr\/games\/singapore-city\/the-singapore-syndicate-2\/\",\"name\":\"The Singapore Syndicate - City Game\",\"isPartOf\":{\"@id\":\"https:\/\/testwebsite.upevents.nl\/#website\"},\"primaryImageOfPage\":{\"@id\":\"https:\/\/testwebsite.citygame.com\/tr\/games\/singapore-city\/the-singapore-syndicate-2\/#primaryimage\"},\"image\":{\"@id\":\"https:\/\/testwebsite.citygame.com\/tr\/games\/singapore-city\/the-singapore-syndicate-2\/#primaryimage\"},\"thumbnailUrl\":\"https:\/\/testwebsite.citygame.com\/wp-content\/blogs.dir\/1\/files\/sites\/62\/2026\/02\/group-of-friends-playing-city-game-on-smartphone-singapore.jpg\",\"datePublished\":\"2026-02-20T08:14:58+00:00\",\"dateModified\":\"2026-04-09T11:02:44+00:00\",\"description\":\"The Singapore Syndicate. Kendi h\u0131z\u0131n\u0131zda kendi kendine rehberli bir \u015eehir Ka\u00e7\u0131\u015f Oyunu oynay\u0131n, bulmacalar\u0131 \u00e7\u00f6z\u00fcn, g\u00f6revleri tamamlay\u0131n ve \u00e7al\u0131nan form\u00fclleri geri al\u0131n!\",\"breadcrumb\":{\"@id\":\"https:\/\/testwebsite.citygame.com\/tr\/games\/singapore-city\/the-singapore-syndicate-2\/#breadcrumb\"},\"inLanguage\":\"tr\",\"potentialAction\":[{\"@type\":\"ReadAction\",\"target\":[\"https:\/\/testwebsite.citygame.com\/tr\/games\/singapore-city\/the-singapore-syndicate-2\/\"]}]},{\"@type\":\"ImageObject\",\"inLanguage\":\"tr\",\"@id\":\"https:\/\/testwebsite.citygame.com\/tr\/games\/singapore-city\/the-singapore-syndicate-2\/#primaryimage\",\"url\":\"https:\/\/testwebsite.citygame.com\/wp-content\/blogs.dir\/1\/files\/sites\/62\/2026\/02\/group-of-friends-playing-city-game-on-smartphone-singapore.jpg\",\"contentUrl\":\"https:\/\/testwebsite.citygame.com\/wp-content\/blogs.dir\/1\/files\/sites\/62\/2026\/02\/group-of-friends-playing-city-game-on-smartphone-singapore.jpg\",\"width\":1024,\"height\":1024,\"caption\":\"A group of friends collaborate while playing an outdoor exploration game on a smartphone in Singapore.\"},{\"@type\":\"BreadcrumbList\",\"@id\":\"https:\/\/testwebsite.citygame.com\/tr\/games\/singapore-city\/the-singapore-syndicate-2\/#breadcrumb\",\"itemListElement\":[{\"@type\":\"ListItem\",\"position\":1,\"name\":\"Home\",\"item\":\"https:\/\/testwebsite.citygame.com\/tr\/\"},{\"@type\":\"ListItem\",\"position\":2,\"name\":\"Shop\",\"item\":\"https:\/\/testwebsite.citygame.com\/shop\/\"},{\"@type\":\"ListItem\",\"position\":3,\"name\":\"The Singapore Syndicate\"}]},{\"@type\":\"WebSite\",\"@id\":\"https:\/\/testwebsite.upevents.nl\/#website\",\"url\":\"https:\/\/testwebsite.upevents.nl\/\",\"name\":\"City Game\",\"description\":\"\",\"publisher\":{\"@id\":\"https:\/\/testwebsite.upevents.nl\/#organization\"},\"alternateName\":\"citygame.com\",\"potentialAction\":[{\"@type\":\"SearchAction\",\"target\":{\"@type\":\"EntryPoint\",\"urlTemplate\":\"https:\/\/testwebsite.upevents.nl\/?s={search_term_string}\"},\"query-input\":{\"@type\":\"PropertyValueSpecification\",\"valueRequired\":true,\"valueName\":\"search_term_string\"}}],\"inLanguage\":\"tr\"},{\"@type\":[\"Organization\",\"Place\"],\"@id\":\"https:\/\/testwebsite.upevents.nl\/#organization\",\"name\":\"City Game\",\"alternateName\":\"citygame.com\",\"url\":\"https:\/\/testwebsite.upevents.nl\/\",\"logo\":{\"@id\":\"https:\/\/testwebsite.citygame.com\/tr\/games\/singapore-city\/the-singapore-syndicate-2\/#local-main-organization-logo\"},\"image\":{\"@id\":\"https:\/\/testwebsite.citygame.com\/tr\/games\/singapore-city\/the-singapore-syndicate-2\/#local-main-organization-logo\"},\"sameAs\":[\"https:\/\/www.facebook.com\/profile.php?id=100086426226253\",\"https:\/\/www.instagram.com\/citygame_com\",\"https:\/\/www.tiktok.com\/@citygamecom\/\",\"https:\/\/www.linkedin.com\/company\/citygame-com\"],\"description\":\"Turn any city into a playground with our interactive City Games and self-guided tours. Fun, flexible, and ideal for groups and team building.\",\"telephone\":[],\"openingHoursSpecification\":[{\"@type\":\"OpeningHoursSpecification\",\"dayOfWeek\":[\"Monday\",\"Tuesday\",\"Wednesday\",\"Thursday\",\"Friday\",\"Saturday\",\"Sunday\"],\"opens\":\"09:00\",\"closes\":\"17:00\"}]},{\"@type\":\"ImageObject\",\"inLanguage\":\"tr\",\"@id\":\"https:\/\/testwebsite.citygame.com\/tr\/games\/singapore-city\/the-singapore-syndicate-2\/#local-main-organization-logo\",\"url\":\"https:\/\/testwebsite.citygame.com\/wp-content\/blogs.dir\/1\/files\/sites\/62\/2025\/10\/CG_LOGO-City-Game.png\",\"contentUrl\":\"https:\/\/testwebsite.citygame.com\/wp-content\/blogs.dir\/1\/files\/sites\/62\/2025\/10\/CG_LOGO-City-Game.png\",\"width\":351,\"height\":377,\"caption\":\"City Game\"}]}<\/script>\n<!-- \/ Yoast SEO Premium plugin. -->","yoast_head_json":{"title":"The Singapore Syndicate - City Game","description":"The Singapore Syndicate. Kendi h\u0131z\u0131n\u0131zda kendi kendine rehberli bir \u015eehir Ka\u00e7\u0131\u015f Oyunu oynay\u0131n, bulmacalar\u0131 \u00e7\u00f6z\u00fcn, g\u00f6revleri tamamlay\u0131n ve \u00e7al\u0131nan form\u00fclleri geri al\u0131n!","robots":{"index":"noindex","follow":"follow","max-snippet":"max-snippet:-1","max-image-preview":"max-image-preview:large","max-video-preview":"max-video-preview:-1"},"og_locale":"tr_TR","og_type":"article","og_title":"The Singapore Syndicate","og_description":"The Singapore Syndicate. Kendi h\u0131z\u0131n\u0131zda kendi kendine rehberli bir \u015eehir Ka\u00e7\u0131\u015f Oyunu oynay\u0131n, bulmacalar\u0131 \u00e7\u00f6z\u00fcn, g\u00f6revleri tamamlay\u0131n ve \u00e7al\u0131nan form\u00fclleri geri al\u0131n!","og_url":"https:\/\/testwebsite.citygame.com\/tr\/games\/singapore-city\/the-singapore-syndicate-2\/","og_site_name":"City Game","article_publisher":"https:\/\/www.facebook.com\/profile.php?id=100086426226253","article_modified_time":"2026-04-09T11:02:44+00:00","og_image":[{"width":1024,"height":1024,"url":"https:\/\/testwebsite.citygame.com\/wp-content\/blogs.dir\/1\/files\/sites\/62\/2026\/02\/group-of-friends-playing-city-game-on-smartphone-singapore.jpg","type":"image\/jpeg"}],"twitter_card":"summary_large_image","twitter_misc":{"Tahmini okuma s\u00fcresi":"1 dakika"},"schema":{"@context":"https:\/\/schema.org","@graph":[{"@type":"WebPage","@id":"https:\/\/testwebsite.citygame.com\/tr\/games\/singapore-city\/the-singapore-syndicate-2\/","url":"https:\/\/testwebsite.citygame.com\/tr\/games\/singapore-city\/the-singapore-syndicate-2\/","name":"The Singapore Syndicate - City Game","isPartOf":{"@id":"https:\/\/testwebsite.upevents.nl\/#website"},"primaryImageOfPage":{"@id":"https:\/\/testwebsite.citygame.com\/tr\/games\/singapore-city\/the-singapore-syndicate-2\/#primaryimage"},"image":{"@id":"https:\/\/testwebsite.citygame.com\/tr\/games\/singapore-city\/the-singapore-syndicate-2\/#primaryimage"},"thumbnailUrl":"https:\/\/testwebsite.citygame.com\/wp-content\/blogs.dir\/1\/files\/sites\/62\/2026\/02\/group-of-friends-playing-city-game-on-smartphone-singapore.jpg","datePublished":"2026-02-20T08:14:58+00:00","dateModified":"2026-04-09T11:02:44+00:00","description":"The Singapore Syndicate. Kendi h\u0131z\u0131n\u0131zda kendi kendine rehberli bir \u015eehir Ka\u00e7\u0131\u015f Oyunu oynay\u0131n, bulmacalar\u0131 \u00e7\u00f6z\u00fcn, g\u00f6revleri tamamlay\u0131n ve \u00e7al\u0131nan form\u00fclleri geri al\u0131n!","breadcrumb":{"@id":"https:\/\/testwebsite.citygame.com\/tr\/games\/singapore-city\/the-singapore-syndicate-2\/#breadcrumb"},"inLanguage":"tr","potentialAction":[{"@type":"ReadAction","target":["https:\/\/testwebsite.citygame.com\/tr\/games\/singapore-city\/the-singapore-syndicate-2\/"]}]},{"@type":"ImageObject","inLanguage":"tr","@id":"https:\/\/testwebsite.citygame.com\/tr\/games\/singapore-city\/the-singapore-syndicate-2\/#primaryimage","url":"https:\/\/testwebsite.citygame.com\/wp-content\/blogs.dir\/1\/files\/sites\/62\/2026\/02\/group-of-friends-playing-city-game-on-smartphone-singapore.jpg","contentUrl":"https:\/\/testwebsite.citygame.com\/wp-content\/blogs.dir\/1\/files\/sites\/62\/2026\/02\/group-of-friends-playing-city-game-on-smartphone-singapore.jpg","width":1024,"height":1024,"caption":"A group of friends collaborate while playing an outdoor exploration game on a smartphone in Singapore."},{"@type":"BreadcrumbList","@id":"https:\/\/testwebsite.citygame.com\/tr\/games\/singapore-city\/the-singapore-syndicate-2\/#breadcrumb","itemListElement":[{"@type":"ListItem","position":1,"name":"Home","item":"https:\/\/testwebsite.citygame.com\/tr\/"},{"@type":"ListItem","position":2,"name":"Shop","item":"https:\/\/testwebsite.citygame.com\/shop\/"},{"@type":"ListItem","position":3,"name":"The Singapore Syndicate"}]},{"@type":"WebSite","@id":"https:\/\/testwebsite.upevents.nl\/#website","url":"https:\/\/testwebsite.upevents.nl\/","name":"City Game","description":"","publisher":{"@id":"https:\/\/testwebsite.upevents.nl\/#organization"},"alternateName":"citygame.com","potentialAction":[{"@type":"SearchAction","target":{"@type":"EntryPoint","urlTemplate":"https:\/\/testwebsite.upevents.nl\/?s={search_term_string}"},"query-input":{"@type":"PropertyValueSpecification","valueRequired":true,"valueName":"search_term_string"}}],"inLanguage":"tr"},{"@type":["Organization","Place"],"@id":"https:\/\/testwebsite.upevents.nl\/#organization","name":"City Game","alternateName":"citygame.com","url":"https:\/\/testwebsite.upevents.nl\/","logo":{"@id":"https:\/\/testwebsite.citygame.com\/tr\/games\/singapore-city\/the-singapore-syndicate-2\/#local-main-organization-logo"},"image":{"@id":"https:\/\/testwebsite.citygame.com\/tr\/games\/singapore-city\/the-singapore-syndicate-2\/#local-main-organization-logo"},"sameAs":["https:\/\/www.facebook.com\/profile.php?id=100086426226253","https:\/\/www.instagram.com\/citygame_com","https:\/\/www.tiktok.com\/@citygamecom\/","https:\/\/www.linkedin.com\/company\/citygame-com"],"description":"Turn any city into a playground with our interactive City Games and self-guided tours. Fun, flexible, and ideal for groups and team building.","telephone":[],"openingHoursSpecification":[{"@type":"OpeningHoursSpecification","dayOfWeek":["Monday","Tuesday","Wednesday","Thursday","Friday","Saturday","Sunday"],"opens":"09:00","closes":"17:00"}]},{"@type":"ImageObject","inLanguage":"tr","@id":"https:\/\/testwebsite.citygame.com\/tr\/games\/singapore-city\/the-singapore-syndicate-2\/#local-main-organization-logo","url":"https:\/\/testwebsite.citygame.com\/wp-content\/blogs.dir\/1\/files\/sites\/62\/2025\/10\/CG_LOGO-City-Game.png","contentUrl":"https:\/\/testwebsite.citygame.com\/wp-content\/blogs.dir\/1\/files\/sites\/62\/2025\/10\/CG_LOGO-City-Game.png","width":351,"height":377,"caption":"City Game"}]}},"taxonomy_info":{"game-concept":[{"value":763,"label":"Syndicate"}],"location":[{"value":588,"label":"Singapore City"}],"product_cat":[{"value":27,"label":"Geen categorie"}]},"featured_image_src_large":["https:\/\/testwebsite.citygame.com\/wp-content\/blogs.dir\/1\/files\/sites\/62\/2026\/02\/group-of-friends-playing-city-game-on-smartphone-singapore.jpg",1024,1024,false],"author_info":[],"comment_info":"","_links":{"self":[{"href":"https:\/\/testwebsite.citygame.com\/tr\/wp-json\/wp\/v2\/product\/68214","targetHints":{"allow":["GET"]}}],"collection":[{"href":"https:\/\/testwebsite.citygame.com\/tr\/wp-json\/wp\/v2\/product"}],"about":[{"href":"https:\/\/testwebsite.citygame.com\/tr\/wp-json\/wp\/v2\/types\/product"}],"acf:post":[{"embeddable":true,"href":"https:\/\/testwebsite.citygame.com\/tr\/wp-json\/wp\/v2\/pages\/13161"}],"wp:featuredmedia":[{"embeddable":true,"href":"https:\/\/testwebsite.citygame.com\/tr\/wp-json\/wp\/v2\/media\/15110"}],"wp:attachment":[{"href":"https:\/\/testwebsite.citygame.com\/tr\/wp-json\/wp\/v2\/media?parent=68214"}],"wp:term":[{"taxonomy":"game-concept","embeddable":true,"href":"https:\/\/testwebsite.citygame.com\/tr\/wp-json\/wp\/v2\/game-concept?post=68214"},{"taxonomy":"location","embeddable":true,"href":"https:\/\/testwebsite.citygame.com\/tr\/wp-json\/wp\/v2\/location?post=68214"},{"taxonomy":"product_brand","embeddable":true,"href":"https:\/\/testwebsite.citygame.com\/tr\/wp-json\/wp\/v2\/product_brand?post=68214"},{"taxonomy":"product_cat","embeddable":true,"href":"https:\/\/testwebsite.citygame.com\/tr\/wp-json\/wp\/v2\/product_cat?post=68214"},{"taxonomy":"product_tag","embeddable":true,"href":"https:\/\/testwebsite.citygame.com\/tr\/wp-json\/wp\/v2\/product_tag?post=68214"}],"curies":[{"name":"wp","href":"https:\/\/api.w.org\/{rel}","templated":true}]}}