{"id":67710,"date":"2026-03-16T09:02:21","date_gmt":"2026-03-16T09:02:21","guid":{"rendered":"https:\/\/testwebsite.citygame.com\/games\/unknown-location\/secrets-of-gorinchem\/"},"modified":"2026-04-09T09:38:11","modified_gmt":"2026-04-09T09:38:11","slug":"secrets-of-gorinchem","status":"publish","type":"product","link":"https:\/\/testwebsite.citygame.com\/tr\/games\/gorinchem\/secrets-of-gorinchem\/","title":{"rendered":"Secrets of Gorinchem"},"content":{"rendered":"<p>&#8216;Secrets of Gorinchem&#8217; \u015eehir Oyunu, oyuncular\u0131 Gorinchem \u015fehir merkezinde ke\u015fif dolu bir maceraya \u00e7\u0131karan b\u00fcy\u00fcleyici, kendi kendine rehberli bir \u015fehir oyunudur. Bu GPS tabanl\u0131 oyun, ak\u0131ll\u0131 telefonunuzu e\u011flence dolu bir navigasyon arac\u0131na d\u00f6n\u00fc\u015ft\u00fcrerek sizi bulmacalar, bilmeceler ve foto\u011fraf meydan okumalar\u0131yla dolu s\u00fcr\u00fckleyici bir yolculu\u011fa \u00e7\u0131kar\u0131r. Kat\u0131l\u0131mc\u0131lar sokaklarda dola\u015f\u0131rken, Gorinchem&#8217;in tarihinin ve k\u00fclt\u00fcr\u00fcn\u00fcn gizli ayr\u0131nt\u0131lar\u0131n\u0131 ke\u015ffedecek, \u015fehrin karakterine hem yerlileri hem de ziyaret\u00e7ileri b\u00fcy\u00fcleyecek e\u015fsiz bir bak\u0131\u015f a\u00e7\u0131s\u0131 sunacaklar. Bu ke\u015fif oyunu, tek ba\u015f\u0131na oynayanlar i\u00e7in veya aile \u00fcyeleri ve arkada\u015f gruplar\u0131yla birlikte e\u015fit derecede keyifli olup, Gorinchem \u015fehrini ke\u015ffetmek i\u00e7in \u00e7ok y\u00f6nl\u00fc bir se\u00e7enek sunar.<\/p>\n","protected":false},"excerpt":{"rendered":"<p>Gorinchem&#8217;in \u0130hti\u015fam\u0131n\u0131 ve Cesaretini Ke\u015ffedin! Antik surlardan hareketli pazar yerlerine kadar, canl\u0131 k\u00fclt\u00fcr\u00fcn b\u00fcy\u00fcleyici tarihle i\u00e7 i\u00e7e ge\u00e7ti\u011fi bir \u015fehre kendinizi b\u0131rak\u0131n. B\u00fcy\u00fcleyici kalbinde dola\u015f\u0131rken bilmeceleri \u00e7\u00f6z\u00fcn, Gorinchem&#8217;in her k\u00f6\u015fesi s\u00fcrprizlerle dolu!<\/p>\n","protected":false},"featured_media":18985,"template":"","meta":{"_acf_changed":false,"_yoast_wpseo_focuskw":"Secrets of Gorinchem","_yoast_wpseo_metadesc":"Secrets of Gorinchem. Kendi kendine rehberli bir \u015eehir Oyunu oynay\u0131n ve bulmacalar, bilmeceler ve meydan okumalarla \u015fehri ke\u015ffedin. Kendi h\u0131z\u0131n\u0131zda oynay\u0131n ve bir yerel gibi ke\u015ffedin!","_kad_blocks_custom_css":"","_kad_blocks_head_custom_js":"","_kad_blocks_body_custom_js":"","_kad_blocks_footer_custom_js":"","ghostkit_customizer_options":"","ghostkit_custom_css":"","ghostkit_custom_js_head":"","ghostkit_custom_js_foot":"","ghostkit_typography":"","_kad_post_transparent":"default","_kad_post_title":"","_kad_post_layout":"default","_kad_post_sidebar_id":"","_kad_post_content_style":"default","_kad_post_vertical_padding":"default","_kad_post_feature":"","_kad_post_feature_position":"","_kad_post_header":false,"_kad_post_footer":false,"_kad_post_classname":"","_links_to":"","_links_to_target":""},"game-concept":[732],"location":[180],"product_brand":[],"product_cat":[27],"product_tag":[],"class_list":{"0":"post-67710","1":"product","2":"type-product","3":"status-publish","4":"has-post-thumbnail","6":"game-concept-secrets","7":"location-gorinchem","8":"product_cat-geen-categorie","10":"first","11":"instock","12":"shipping-taxable","13":"purchasable","14":"product-type-simple","15":"entry","16":"content-bg","17":"loop-entry"},"acf":{"full_bokun_product_name":"Self-Guided Secrets of Gorinchem Exploration Game","location_name":"Gorinchem","bokun_calendar_widget_code":"<script type=\"text\/javascript\" src=\"https:\/\/widgets.bokun.io\/assets\/javascripts\/apps\/build\/BokunWidgetsLoader.js?bookingChannelUUID=a1e93e96-5232-4734-a595-28405f4b5a31\" async><\/script>\n     \n    <div class=\"bokunWidget\" data-src=\"https:\/\/widgets.bokun.io\/online-sales\/a1e93e96-5232-4734-a595-28405f4b5a31\/experience-calendar\/887822\"><\/div>\n    <noscript>Please enable javascript in your browser to book<\/noscript>","bokun_button_widget_code":"<script type=\"text\/javascript\" src=\"https:\/\/widgets.bokun.io\/assets\/javascripts\/apps\/build\/BokunWidgetsLoader.js?bookingChannelUUID=a1e93e96-5232-4734-a595-28405f4b5a31\" async><\/script>\n      <style> #bokun_ed001e45_5927_4f62_b470_ca766338d083 { display: inline-block; padding: .4em 1em; background: #47b82e; border-radius: 999999px; box-shadow: none; font-weight: 600; font-size: 24px; text-decoration: none; text-align: center; color: #FFFFFF; border:none; cursor: pointer; transition: background .2s ease; } #bokun_ed001e45_5927_4f62_b470_ca766338d083:hover{ background: #2f7b1f; } #bokun_ed001e45_5927_4f62_b470_ca766338d083:active{ background: #378f24; } <\/style> <button class=\"bokunButton\" disabled id=bokun_ed001e45_5927_4f62_b470_ca766338d083 data-src=\"https:\/\/widgets.bokun.io\/online-sales\/a1e93e96-5232-4734-a595-28405f4b5a31\/experience-calendar\/887822?partialView=1\" data-testid=\"widget-book-button\" > Book now <\/button> ","what_you\u2019ll_experience_during_the_game":"Secrets of Gorinchem \u015eehir Oyunu ile Gorinchem'i daha \u00f6nce hi\u00e7 olmad\u0131\u011f\u0131 gibi ke\u015ffedin. Bu e\u015fsiz \u015fehir oyunu, \u015fehir gezmeyi hikaye anlat\u0131m\u0131 ve interaktif meydan okumalarla m\u00fckemmel bir \u015fekilde birle\u015ftirerek, oyuncular\u0131 bu tarihi Hollanda \u015fehrinin hem ikonik hem de gizli m\u00fccevherleri aras\u0131nda y\u00f6nlendirir. Oyuncular kendilerini hareketli \u015fehir merkezi, sakin park k\u00f6\u015feleri ve k\u0131vr\u0131ml\u0131 nehir k\u0131y\u0131lar\u0131 gibi yer i\u015faretleri aras\u0131nda yol al\u0131rken bulacaklar. Yolculuklar\u0131 ayr\u0131ca tarihi Hollanda mavnalar\u0131 ve yerel sanat eserleriyle dolu b\u00fcy\u00fcleyici liman b\u00f6lgesine de g\u00f6t\u00fcrecek. Ancak, basit bir turdan fazlas\u0131n\u0131 bekleyin; Gorinchem \u015eehir Oyunu, cesur ka\u015fiflerin s\u0131rlar\u0131n\u0131 \u00e7\u00f6zmesini bekleyen bir ke\u015fif ve atmosfer hazinesidir.\r\n\r\nBu ke\u015fif yolculu\u011funa \u00e7\u0131karken, oyuncular\u0131n ilgi \u00e7ekici bulmacalar\u0131 \u00e7\u00f6zmeleri, gizemli bilmeceleri yan\u0131tlamalar\u0131 ve hatta yarat\u0131c\u0131 foto\u011fraf meydan okumalar\u0131na kat\u0131lmalar\u0131 gerekecek, bunlar\u0131n her biri onlar\u0131 \u015fa\u015f\u0131rt\u0131c\u0131 bir finale do\u011fru ilerletecek. Bu oyun, oyuncular puan kazand\u0131k\u00e7a, ipu\u00e7lar\u0131n\u0131 a\u00e7t\u0131k\u00e7a ve nihayetinde son gizemi \u00e7\u00f6zd\u00fck\u00e7e ad\u0131m ad\u0131m \u00e7\u00f6z\u00fclen heyecan verici bir gizemin co\u015fkusunu sunar. Oyunu nas\u0131l oynayacaklar\u0131 her oyuncuya kalm\u0131\u015f. Diledi\u011finiz zaman duraklay\u0131n veya bir sonraki ipucunu \u00e7\u00f6zmeye can atanlar i\u00e7in devam edin; her \u015fey sizin elinizde. Rekabet\u00e7i y\u00f6n\u00fcn\u00fcz\u00fc g\u00f6sterin ve liderlik tablosunda y\u00fcksek bir konum hedefleyerek Secrets of Gorinchem \u015eehir Oyunu'nda iz b\u0131rak\u0131n. Bu sadece bir \u015fehir turu de\u011fil. Gorinchem'in kalbinde, ke\u015fif ve e\u011flencenin e\u015fsiz bir kar\u0131\u015f\u0131m\u0131n\u0131 sunan interaktif bir yolculuktur, bu \u015fehre ziyaretinizi ger\u00e7ekten unutulmaz bir deneyim haline getirir.","how_to_play":"Ke\u015fif Oyununu rezerve edin, size g\u00f6nderdi\u011fimiz basit talimatlar\u0131 i\u00e7eren e-postay\u0131 kontrol edin, Loquiz Uygulamas\u0131n\u0131 indirin, Ke\u015fif Oyununa eri\u015fin ve oyun deneyiminize ba\u015flamaya haz\u0131rs\u0131n\u0131z!","start_location":"Gorinchem, Grote markt","available_languages":["en"],"players_per_group":"1-4","duration":"1.5-2 hours","image_overlay_color_image":"https:\/\/testwebsite.citygame.com\/wp-content\/blogs.dir\/1\/files\/sites\/62\/2026\/01\/SecretsColor.svg","image_overlay_game_logo":"https:\/\/testwebsite.citygame.com\/wp-content\/blogs.dir\/1\/files\/sites\/62\/2026\/01\/SecretsLogo.png","city_page":13447,"woocommerce_general_content":null},"yoast_head":"<!-- This site is optimized with the Yoast SEO Premium plugin v26.2 (Yoast SEO v26.3) - https:\/\/yoast.com\/wordpress\/plugins\/seo\/ -->\n<title>Secrets of Gorinchem - City Game<\/title>\n<meta name=\"description\" content=\"Secrets of Gorinchem. Kendi kendine rehberli bir \u015eehir Oyunu oynay\u0131n ve bulmacalar, bilmeceler ve meydan okumalarla \u015fehri ke\u015ffedin. Kendi h\u0131z\u0131n\u0131zda oynay\u0131n ve bir yerel gibi ke\u015ffedin!\" \/>\n<meta name=\"robots\" content=\"noindex, follow, max-snippet:-1, max-image-preview:large, max-video-preview:-1\" \/>\n<meta property=\"og:locale\" content=\"tr_TR\" \/>\n<meta property=\"og:type\" content=\"article\" \/>\n<meta property=\"og:title\" content=\"Secrets of Gorinchem\" \/>\n<meta property=\"og:description\" content=\"Secrets of Gorinchem. Kendi kendine rehberli bir \u015eehir Oyunu oynay\u0131n ve bulmacalar, bilmeceler ve meydan okumalarla \u015fehri ke\u015ffedin. Kendi h\u0131z\u0131n\u0131zda oynay\u0131n ve bir yerel gibi ke\u015ffedin!\" \/>\n<meta property=\"og:url\" content=\"https:\/\/testwebsite.citygame.com\/tr\/games\/gorinchem\/secrets-of-gorinchem\/\" \/>\n<meta property=\"og:site_name\" content=\"City Game\" \/>\n<meta property=\"article:publisher\" content=\"https:\/\/www.facebook.com\/profile.php?id=100086426226253\" \/>\n<meta property=\"article:modified_time\" content=\"2026-04-09T09:38:11+00:00\" \/>\n<meta property=\"og:image\" content=\"https:\/\/testwebsite.citygame.com\/wp-content\/blogs.dir\/1\/files\/sites\/62\/2026\/03\/woman-playing-city-game-gorinchem-fortifications-icarus-sculpture.jpg\" \/>\n\t<meta property=\"og:image:width\" content=\"1024\" \/>\n\t<meta property=\"og:image:height\" content=\"1024\" \/>\n\t<meta property=\"og:image:type\" content=\"image\/jpeg\" \/>\n<meta name=\"twitter:card\" content=\"summary_large_image\" \/>\n<meta name=\"twitter:label1\" content=\"Tahmini okuma s\u00fcresi\" \/>\n\t<meta name=\"twitter:data1\" content=\"1 dakika\" \/>\n<script type=\"application\/ld+json\" class=\"yoast-schema-graph\">{\"@context\":\"https:\/\/schema.org\",\"@graph\":[{\"@type\":\"WebPage\",\"@id\":\"https:\/\/testwebsite.citygame.com\/tr\/games\/gorinchem\/secrets-of-gorinchem\/\",\"url\":\"https:\/\/testwebsite.citygame.com\/tr\/games\/gorinchem\/secrets-of-gorinchem\/\",\"name\":\"Secrets of Gorinchem - City Game\",\"isPartOf\":{\"@id\":\"https:\/\/testwebsite.upevents.nl\/#website\"},\"primaryImageOfPage\":{\"@id\":\"https:\/\/testwebsite.citygame.com\/tr\/games\/gorinchem\/secrets-of-gorinchem\/#primaryimage\"},\"image\":{\"@id\":\"https:\/\/testwebsite.citygame.com\/tr\/games\/gorinchem\/secrets-of-gorinchem\/#primaryimage\"},\"thumbnailUrl\":\"https:\/\/testwebsite.citygame.com\/wp-content\/blogs.dir\/1\/files\/sites\/62\/2026\/03\/woman-playing-city-game-gorinchem-fortifications-icarus-sculpture.jpg\",\"datePublished\":\"2026-03-16T09:02:21+00:00\",\"dateModified\":\"2026-04-09T09:38:11+00:00\",\"description\":\"Secrets of Gorinchem. Kendi kendine rehberli bir \u015eehir Oyunu oynay\u0131n ve bulmacalar, bilmeceler ve meydan okumalarla \u015fehri ke\u015ffedin. Kendi h\u0131z\u0131n\u0131zda oynay\u0131n ve bir yerel gibi ke\u015ffedin!\",\"breadcrumb\":{\"@id\":\"https:\/\/testwebsite.citygame.com\/tr\/games\/gorinchem\/secrets-of-gorinchem\/#breadcrumb\"},\"inLanguage\":\"tr\",\"potentialAction\":[{\"@type\":\"ReadAction\",\"target\":[\"https:\/\/testwebsite.citygame.com\/tr\/games\/gorinchem\/secrets-of-gorinchem\/\"]}]},{\"@type\":\"ImageObject\",\"inLanguage\":\"tr\",\"@id\":\"https:\/\/testwebsite.citygame.com\/tr\/games\/gorinchem\/secrets-of-gorinchem\/#primaryimage\",\"url\":\"https:\/\/testwebsite.citygame.com\/wp-content\/blogs.dir\/1\/files\/sites\/62\/2026\/03\/woman-playing-city-game-gorinchem-fortifications-icarus-sculpture.jpg\",\"contentUrl\":\"https:\/\/testwebsite.citygame.com\/wp-content\/blogs.dir\/1\/files\/sites\/62\/2026\/03\/woman-playing-city-game-gorinchem-fortifications-icarus-sculpture.jpg\",\"width\":1024,\"height\":1024,\"caption\":\"A woman explores the historic fortifications of Gorinchem while playing an interactive game on her smartphone.\"},{\"@type\":\"BreadcrumbList\",\"@id\":\"https:\/\/testwebsite.citygame.com\/tr\/games\/gorinchem\/secrets-of-gorinchem\/#breadcrumb\",\"itemListElement\":[{\"@type\":\"ListItem\",\"position\":1,\"name\":\"Home\",\"item\":\"https:\/\/testwebsite.citygame.com\/tr\/\"},{\"@type\":\"ListItem\",\"position\":2,\"name\":\"Shop\",\"item\":\"https:\/\/testwebsite.citygame.com\/shop\/\"},{\"@type\":\"ListItem\",\"position\":3,\"name\":\"Secrets of Gorinchem\"}]},{\"@type\":\"WebSite\",\"@id\":\"https:\/\/testwebsite.upevents.nl\/#website\",\"url\":\"https:\/\/testwebsite.upevents.nl\/\",\"name\":\"City Game\",\"description\":\"\",\"publisher\":{\"@id\":\"https:\/\/testwebsite.upevents.nl\/#organization\"},\"alternateName\":\"citygame.com\",\"potentialAction\":[{\"@type\":\"SearchAction\",\"target\":{\"@type\":\"EntryPoint\",\"urlTemplate\":\"https:\/\/testwebsite.upevents.nl\/?s={search_term_string}\"},\"query-input\":{\"@type\":\"PropertyValueSpecification\",\"valueRequired\":true,\"valueName\":\"search_term_string\"}}],\"inLanguage\":\"tr\"},{\"@type\":[\"Organization\",\"Place\"],\"@id\":\"https:\/\/testwebsite.upevents.nl\/#organization\",\"name\":\"City Game\",\"alternateName\":\"citygame.com\",\"url\":\"https:\/\/testwebsite.upevents.nl\/\",\"logo\":{\"@id\":\"https:\/\/testwebsite.citygame.com\/tr\/games\/gorinchem\/secrets-of-gorinchem\/#local-main-organization-logo\"},\"image\":{\"@id\":\"https:\/\/testwebsite.citygame.com\/tr\/games\/gorinchem\/secrets-of-gorinchem\/#local-main-organization-logo\"},\"sameAs\":[\"https:\/\/www.facebook.com\/profile.php?id=100086426226253\",\"https:\/\/www.instagram.com\/citygame_com\",\"https:\/\/www.tiktok.com\/@citygamecom\/\",\"https:\/\/www.linkedin.com\/company\/citygame-com\"],\"description\":\"Turn any city into a playground with our interactive City Games and self-guided tours. Fun, flexible, and ideal for groups and team building.\",\"telephone\":[],\"openingHoursSpecification\":[{\"@type\":\"OpeningHoursSpecification\",\"dayOfWeek\":[\"Monday\",\"Tuesday\",\"Wednesday\",\"Thursday\",\"Friday\",\"Saturday\",\"Sunday\"],\"opens\":\"09:00\",\"closes\":\"17:00\"}]},{\"@type\":\"ImageObject\",\"inLanguage\":\"tr\",\"@id\":\"https:\/\/testwebsite.citygame.com\/tr\/games\/gorinchem\/secrets-of-gorinchem\/#local-main-organization-logo\",\"url\":\"https:\/\/testwebsite.citygame.com\/wp-content\/blogs.dir\/1\/files\/sites\/62\/2025\/10\/CG_LOGO-City-Game.png\",\"contentUrl\":\"https:\/\/testwebsite.citygame.com\/wp-content\/blogs.dir\/1\/files\/sites\/62\/2025\/10\/CG_LOGO-City-Game.png\",\"width\":351,\"height\":377,\"caption\":\"City Game\"}]}<\/script>\n<!-- \/ Yoast SEO Premium plugin. -->","yoast_head_json":{"title":"Secrets of Gorinchem - City Game","description":"Secrets of Gorinchem. Kendi kendine rehberli bir \u015eehir Oyunu oynay\u0131n ve bulmacalar, bilmeceler ve meydan okumalarla \u015fehri ke\u015ffedin. Kendi h\u0131z\u0131n\u0131zda oynay\u0131n ve bir yerel gibi ke\u015ffedin!","robots":{"index":"noindex","follow":"follow","max-snippet":"max-snippet:-1","max-image-preview":"max-image-preview:large","max-video-preview":"max-video-preview:-1"},"og_locale":"tr_TR","og_type":"article","og_title":"Secrets of Gorinchem","og_description":"Secrets of Gorinchem. Kendi kendine rehberli bir \u015eehir Oyunu oynay\u0131n ve bulmacalar, bilmeceler ve meydan okumalarla \u015fehri ke\u015ffedin. Kendi h\u0131z\u0131n\u0131zda oynay\u0131n ve bir yerel gibi ke\u015ffedin!","og_url":"https:\/\/testwebsite.citygame.com\/tr\/games\/gorinchem\/secrets-of-gorinchem\/","og_site_name":"City Game","article_publisher":"https:\/\/www.facebook.com\/profile.php?id=100086426226253","article_modified_time":"2026-04-09T09:38:11+00:00","og_image":[{"width":1024,"height":1024,"url":"https:\/\/testwebsite.citygame.com\/wp-content\/blogs.dir\/1\/files\/sites\/62\/2026\/03\/woman-playing-city-game-gorinchem-fortifications-icarus-sculpture.jpg","type":"image\/jpeg"}],"twitter_card":"summary_large_image","twitter_misc":{"Tahmini okuma s\u00fcresi":"1 dakika"},"schema":{"@context":"https:\/\/schema.org","@graph":[{"@type":"WebPage","@id":"https:\/\/testwebsite.citygame.com\/tr\/games\/gorinchem\/secrets-of-gorinchem\/","url":"https:\/\/testwebsite.citygame.com\/tr\/games\/gorinchem\/secrets-of-gorinchem\/","name":"Secrets of Gorinchem - City Game","isPartOf":{"@id":"https:\/\/testwebsite.upevents.nl\/#website"},"primaryImageOfPage":{"@id":"https:\/\/testwebsite.citygame.com\/tr\/games\/gorinchem\/secrets-of-gorinchem\/#primaryimage"},"image":{"@id":"https:\/\/testwebsite.citygame.com\/tr\/games\/gorinchem\/secrets-of-gorinchem\/#primaryimage"},"thumbnailUrl":"https:\/\/testwebsite.citygame.com\/wp-content\/blogs.dir\/1\/files\/sites\/62\/2026\/03\/woman-playing-city-game-gorinchem-fortifications-icarus-sculpture.jpg","datePublished":"2026-03-16T09:02:21+00:00","dateModified":"2026-04-09T09:38:11+00:00","description":"Secrets of Gorinchem. Kendi kendine rehberli bir \u015eehir Oyunu oynay\u0131n ve bulmacalar, bilmeceler ve meydan okumalarla \u015fehri ke\u015ffedin. Kendi h\u0131z\u0131n\u0131zda oynay\u0131n ve bir yerel gibi ke\u015ffedin!","breadcrumb":{"@id":"https:\/\/testwebsite.citygame.com\/tr\/games\/gorinchem\/secrets-of-gorinchem\/#breadcrumb"},"inLanguage":"tr","potentialAction":[{"@type":"ReadAction","target":["https:\/\/testwebsite.citygame.com\/tr\/games\/gorinchem\/secrets-of-gorinchem\/"]}]},{"@type":"ImageObject","inLanguage":"tr","@id":"https:\/\/testwebsite.citygame.com\/tr\/games\/gorinchem\/secrets-of-gorinchem\/#primaryimage","url":"https:\/\/testwebsite.citygame.com\/wp-content\/blogs.dir\/1\/files\/sites\/62\/2026\/03\/woman-playing-city-game-gorinchem-fortifications-icarus-sculpture.jpg","contentUrl":"https:\/\/testwebsite.citygame.com\/wp-content\/blogs.dir\/1\/files\/sites\/62\/2026\/03\/woman-playing-city-game-gorinchem-fortifications-icarus-sculpture.jpg","width":1024,"height":1024,"caption":"A woman explores the historic fortifications of Gorinchem while playing an interactive game on her smartphone."},{"@type":"BreadcrumbList","@id":"https:\/\/testwebsite.citygame.com\/tr\/games\/gorinchem\/secrets-of-gorinchem\/#breadcrumb","itemListElement":[{"@type":"ListItem","position":1,"name":"Home","item":"https:\/\/testwebsite.citygame.com\/tr\/"},{"@type":"ListItem","position":2,"name":"Shop","item":"https:\/\/testwebsite.citygame.com\/shop\/"},{"@type":"ListItem","position":3,"name":"Secrets of Gorinchem"}]},{"@type":"WebSite","@id":"https:\/\/testwebsite.upevents.nl\/#website","url":"https:\/\/testwebsite.upevents.nl\/","name":"City Game","description":"","publisher":{"@id":"https:\/\/testwebsite.upevents.nl\/#organization"},"alternateName":"citygame.com","potentialAction":[{"@type":"SearchAction","target":{"@type":"EntryPoint","urlTemplate":"https:\/\/testwebsite.upevents.nl\/?s={search_term_string}"},"query-input":{"@type":"PropertyValueSpecification","valueRequired":true,"valueName":"search_term_string"}}],"inLanguage":"tr"},{"@type":["Organization","Place"],"@id":"https:\/\/testwebsite.upevents.nl\/#organization","name":"City Game","alternateName":"citygame.com","url":"https:\/\/testwebsite.upevents.nl\/","logo":{"@id":"https:\/\/testwebsite.citygame.com\/tr\/games\/gorinchem\/secrets-of-gorinchem\/#local-main-organization-logo"},"image":{"@id":"https:\/\/testwebsite.citygame.com\/tr\/games\/gorinchem\/secrets-of-gorinchem\/#local-main-organization-logo"},"sameAs":["https:\/\/www.facebook.com\/profile.php?id=100086426226253","https:\/\/www.instagram.com\/citygame_com","https:\/\/www.tiktok.com\/@citygamecom\/","https:\/\/www.linkedin.com\/company\/citygame-com"],"description":"Turn any city into a playground with our interactive City Games and self-guided tours. Fun, flexible, and ideal for groups and team building.","telephone":[],"openingHoursSpecification":[{"@type":"OpeningHoursSpecification","dayOfWeek":["Monday","Tuesday","Wednesday","Thursday","Friday","Saturday","Sunday"],"opens":"09:00","closes":"17:00"}]},{"@type":"ImageObject","inLanguage":"tr","@id":"https:\/\/testwebsite.citygame.com\/tr\/games\/gorinchem\/secrets-of-gorinchem\/#local-main-organization-logo","url":"https:\/\/testwebsite.citygame.com\/wp-content\/blogs.dir\/1\/files\/sites\/62\/2025\/10\/CG_LOGO-City-Game.png","contentUrl":"https:\/\/testwebsite.citygame.com\/wp-content\/blogs.dir\/1\/files\/sites\/62\/2025\/10\/CG_LOGO-City-Game.png","width":351,"height":377,"caption":"City Game"}]}},"taxonomy_info":{"game-concept":[{"value":732,"label":"Secrets"}],"location":[{"value":180,"label":"Gorinchem"}],"product_cat":[{"value":27,"label":"Geen categorie"}]},"featured_image_src_large":["https:\/\/testwebsite.citygame.com\/wp-content\/blogs.dir\/1\/files\/sites\/62\/2026\/03\/woman-playing-city-game-gorinchem-fortifications-icarus-sculpture.jpg",1024,1024,false],"author_info":[],"comment_info":"","_links":{"self":[{"href":"https:\/\/testwebsite.citygame.com\/tr\/wp-json\/wp\/v2\/product\/67710","targetHints":{"allow":["GET"]}}],"collection":[{"href":"https:\/\/testwebsite.citygame.com\/tr\/wp-json\/wp\/v2\/product"}],"about":[{"href":"https:\/\/testwebsite.citygame.com\/tr\/wp-json\/wp\/v2\/types\/product"}],"acf:post":[{"embeddable":true,"href":"https:\/\/testwebsite.citygame.com\/tr\/wp-json\/wp\/v2\/pages\/13447"}],"wp:featuredmedia":[{"embeddable":true,"href":"https:\/\/testwebsite.citygame.com\/tr\/wp-json\/wp\/v2\/media\/18985"}],"wp:attachment":[{"href":"https:\/\/testwebsite.citygame.com\/tr\/wp-json\/wp\/v2\/media?parent=67710"}],"wp:term":[{"taxonomy":"game-concept","embeddable":true,"href":"https:\/\/testwebsite.citygame.com\/tr\/wp-json\/wp\/v2\/game-concept?post=67710"},{"taxonomy":"location","embeddable":true,"href":"https:\/\/testwebsite.citygame.com\/tr\/wp-json\/wp\/v2\/location?post=67710"},{"taxonomy":"product_brand","embeddable":true,"href":"https:\/\/testwebsite.citygame.com\/tr\/wp-json\/wp\/v2\/product_brand?post=67710"},{"taxonomy":"product_cat","embeddable":true,"href":"https:\/\/testwebsite.citygame.com\/tr\/wp-json\/wp\/v2\/product_cat?post=67710"},{"taxonomy":"product_tag","embeddable":true,"href":"https:\/\/testwebsite.citygame.com\/tr\/wp-json\/wp\/v2\/product_tag?post=67710"}],"curies":[{"name":"wp","href":"https:\/\/api.w.org\/{rel}","templated":true}]}}