{"id":67496,"date":"2026-03-13T13:48:22","date_gmt":"2026-03-13T13:48:22","guid":{"rendered":"https:\/\/testwebsite.citygame.com\/games\/unknown-location\/secrets-of-glasgow\/"},"modified":"2026-04-09T09:11:51","modified_gmt":"2026-04-09T09:11:51","slug":"secrets-of-glasgow","status":"publish","type":"product","link":"https:\/\/testwebsite.citygame.com\/tr\/games\/glasgow\/secrets-of-glasgow\/","title":{"rendered":"Secrets of Glasgow"},"content":{"rendered":"<p>Glasgow \u015fehir merkezinde ge\u00e7en, kendi kendine rehberli, GPS tabanl\u0131 bir ke\u015fif oyunu olan &#8216;Secrets of Glasgow&#8217; \u015eehir Oyunu&#8217;na kendinizi b\u0131rak\u0131n. Ak\u0131ll\u0131 telefonunuzu kullanarak, s\u00fcr\u00fckleyici bulmacalar\u0131, bilmeceleri ve foto\u011fraf meydan okumalar\u0131n\u0131 \u00e7\u00f6zerek \u015fehir manzaras\u0131nda gezineceksiniz. Oynarken, \u015fehrin tarihi ve k\u00fclt\u00fcr\u00fc hakk\u0131nda b\u00fcy\u00fcleyici detaylar\u0131 ke\u015ffedecek, canl\u0131 \u0130sko\u00e7 \u015fehrinin ard\u0131ndaki gizli hikayeleri ortaya \u00e7\u0131karacaks\u0131n\u0131z. \u0130ster e\u015fsiz bir g\u00fcn ge\u00e7irmek isteyen bir yerel, ister \u015fehrin derinliklerine inmek isteyen bir ziyaret\u00e7i olun, bu oyun herkes i\u00e7in m\u00fckemmel. &#8216;Secrets of Glasgow&#8217; \u015eehir Oyunu ayn\u0131 zamanda \u00e7e\u015fitli kat\u0131l\u0131mc\u0131lara hitap eder \u2013 tek ba\u015f\u0131na oynayanlardan \u00e7iftlere, ailelere veya arkada\u015f gruplar\u0131na kadar herkese s\u00fcr\u00fckleyici ve bilgilendirici bir deneyim sunar.<\/p>\n","protected":false},"excerpt":{"rendered":"<p>Glasgow&#8217;un cazibesine dal\u0131n! Hayal g\u00fcc\u00fcn\u00fcn antik ara sokaklarda dola\u015ft\u0131\u011f\u0131 ve tarihin f\u0131s\u0131lt\u0131lar\u0131n\u0131n terk edilmi\u015f r\u0131ht\u0131mlardan dinamik meydanlara yank\u0131land\u0131\u011f\u0131 bir metropol\u00fc ke\u015ffedin. Canl\u0131 ya\u015fam damarlar\u0131nda ilerlerken s\u00fcr\u00fckleyici bilmeceleri \u00e7\u00f6z\u00fcn; Glasgow her k\u00f6\u015fede beklenmedik s\u00fcrprizlerle dolu!<\/p>\n","protected":false},"featured_media":18644,"template":"","meta":{"_acf_changed":false,"_yoast_wpseo_focuskw":"Secrets of Glasgow","_yoast_wpseo_metadesc":"Secrets of Glasgow. Kendi kendine rehberli bir \u015eehir Oyunu oynay\u0131n ve bulmacalar, bilmeceler ve meydan okumalarla \u015fehri ke\u015ffedin. Kendi h\u0131z\u0131n\u0131zda oynay\u0131n ve bir yerel gibi ke\u015ffedin!","_kad_blocks_custom_css":"","_kad_blocks_head_custom_js":"","_kad_blocks_body_custom_js":"","_kad_blocks_footer_custom_js":"","ghostkit_customizer_options":"","ghostkit_custom_css":"","ghostkit_custom_js_head":"","ghostkit_custom_js_foot":"","ghostkit_typography":"","_kad_post_transparent":"","_kad_post_title":"","_kad_post_layout":"","_kad_post_sidebar_id":"","_kad_post_content_style":"","_kad_post_vertical_padding":"","_kad_post_feature":"","_kad_post_feature_position":"","_kad_post_header":false,"_kad_post_footer":false,"_kad_post_classname":"","_links_to":"","_links_to_target":""},"game-concept":[732],"location":[178],"product_brand":[],"product_cat":[27],"product_tag":[],"class_list":{"0":"post-67496","1":"product","2":"type-product","3":"status-publish","4":"has-post-thumbnail","6":"game-concept-secrets","7":"location-glasgow","8":"product_cat-geen-categorie","10":"first","11":"instock","12":"shipping-taxable","13":"purchasable","14":"product-type-simple","15":"entry","16":"content-bg","17":"loop-entry"},"acf":{"full_bokun_product_name":"Self-Guided Secrets of Glasgow Exploration Game","location_name":"Glasgow","bokun_calendar_widget_code":"<script type=\"text\/javascript\" src=\"https:\/\/widgets.bokun.io\/assets\/javascripts\/apps\/build\/BokunWidgetsLoader.js?bookingChannelUUID=a1e93e96-5232-4734-a595-28405f4b5a31\" async><\/script>\n     \n    <div class=\"bokunWidget\" data-src=\"https:\/\/widgets.bokun.io\/online-sales\/a1e93e96-5232-4734-a595-28405f4b5a31\/experience-calendar\/948629\"><\/div>\n    <noscript>Please enable javascript in your browser to book<\/noscript>","bokun_button_widget_code":"<script type=\"text\/javascript\" src=\"https:\/\/widgets.bokun.io\/assets\/javascripts\/apps\/build\/BokunWidgetsLoader.js?bookingChannelUUID=a1e93e96-5232-4734-a595-28405f4b5a31\" async><\/script>\n      <style> #bokun_ed001e45_5927_4f62_b470_ca766338d083 { display: inline-block; padding: .4em 1em; background: #47b82e; border-radius: 999999px; box-shadow: none; font-weight: 600; font-size: 24px; text-decoration: none; text-align: center; color: #FFFFFF; border:none; cursor: pointer; transition: background .2s ease; } #bokun_ed001e45_5927_4f62_b470_ca766338d083:hover{ background: #2f7b1f; } #bokun_ed001e45_5927_4f62_b470_ca766338d083:active{ background: #378f24; } <\/style> <button class=\"bokunButton\" disabled id=bokun_ed001e45_5927_4f62_b470_ca766338d083 data-src=\"https:\/\/widgets.bokun.io\/online-sales\/a1e93e96-5232-4734-a595-28405f4b5a31\/experience-calendar\/948629?partialView=1\" data-testid=\"widget-book-button\" > Book now <\/button> ","what_you\u2019ll_experience_during_the_game":"K\u00fclt\u00fcr ve tarihle dolu bir \u015fehir olan Glasgow, s\u00fcr\u00fckleyici hikaye anlat\u0131m\u0131n\u0131n ve ke\u015fif dolu meydan okumalar\u0131n\u0131n birle\u015fimi olan yenilik\u00e7i \u015eehir Oyunumuzun fonu olarak sizi bekliyor. Glasgow'da hem \u00fcnl\u00fc hem de daha az bilinen noktalar\u0131 gezerken, yolculu\u011funuz s\u00fcr\u00fckleyici bir hikaye ve ilgi \u00e7ekici g\u00f6revlerle zenginle\u015ftirilecek. Kendinizi George Square'in b\u00fcy\u00fcleyici atmosferiyle i\u00e7 i\u00e7e ge\u00e7mi\u015f anlat\u0131ma dalm\u0131\u015f veya Kelvingrove Art Gallery and Museum'un cazibesine kap\u0131lm\u0131\u015f bulacaks\u0131n\u0131z. Merchant City'nin tarihi sokaklar\u0131nda dola\u015f\u0131n, Glasgow Green'in kalbinde mola verin veya West End'in ihti\u015fam\u0131nda kendinizi kaybedin. Ziyaret etti\u011finiz her konum sizi \u015fehirle yepyeni bir bak\u0131\u015f a\u00e7\u0131s\u0131ndan tan\u0131\u015ft\u0131r\u0131r \u2014 Glasgow'u daha \u00f6nce hi\u00e7 g\u00f6rmedi\u011finiz bir \u0131\u015f\u0131kta resmeden bir ke\u015fif oyunudur.\n\n\u015eehirde gezinirken, oyun sizi bir dizi bulmaca, bilmece ve yarat\u0131c\u0131 foto\u011fraf meydan okumas\u0131na y\u00f6nlendirir; her biri Glasgow hakk\u0131ndaki anlay\u0131\u015f\u0131n\u0131z\u0131 zenginle\u015ftirmek ve problem \u00e7\u00f6zme becerilerinizi test etmek i\u00e7in tasarlanm\u0131\u015ft\u0131r. Bu meydan okumalar\u0131n \u00fcstesinden gelmek, puan toplaman\u0131za, ipu\u00e7lar\u0131n\u0131 ortaya \u00e7\u0131karman\u0131za ve oyunun son gizemini \u00e7\u00f6zmeye bir ad\u0131m daha yakla\u015fman\u0131za olanak tan\u0131r. Oyuncular oyunu istedikleri zaman duraklatma esnekli\u011fine sahiptir; bu, Glasgow'u kendi h\u0131z\u0131n\u0131zda ke\u015ffedebilece\u011finiz ve bir sonraki maceraya haz\u0131r oldu\u011funuzda oyuna devam edebilece\u011finiz anlam\u0131na gelir. Rekabet co\u015fkunuzu k\u00f6r\u00fcklerse, oyunun liderlik tablosunda y\u00fcksek bir yer edinerek kendinize meydan okumakta \u00f6zg\u00fcrs\u00fcn\u00fcz. O halde Glasgow'da oynayarak, hem gizemli k\u00f6\u015felerini hem de ihti\u015fam\u0131n\u0131 bir anda ke\u015ffederek unutulmaz bir deneyime haz\u0131rlan\u0131n.","how_to_play":"Ke\u015fif Oyununu ay\u0131rt\u0131n, size g\u00f6nderdi\u011fimiz basit talimatlar\u0131 i\u00e7eren e-postay\u0131 kontrol edin, Loquiz Uygulamas\u0131n\u0131 indirin, Ke\u015fif Oyununa eri\u015fin ve oyun deneyiminize ba\u015flamaya haz\u0131rs\u0131n\u0131z!","start_location":"Glasgow, Mitchell St","available_languages":["en"],"players_per_group":"1-4","duration":"1.5-2 hours","image_overlay_color_image":"https:\/\/testwebsite.citygame.com\/wp-content\/blogs.dir\/1\/files\/sites\/62\/2026\/01\/SecretsColor.svg","image_overlay_game_logo":"https:\/\/testwebsite.citygame.com\/wp-content\/blogs.dir\/1\/files\/sites\/62\/2026\/01\/SecretsLogo.png","city_page":15391,"woocommerce_general_content":null},"yoast_head":"<!-- This site is optimized with the Yoast SEO Premium plugin v26.2 (Yoast SEO v26.3) - https:\/\/yoast.com\/wordpress\/plugins\/seo\/ -->\n<title>Secrets of Glasgow - City Game<\/title>\n<meta name=\"description\" content=\"Secrets of Glasgow. Kendi kendine rehberli bir \u015eehir Oyunu oynay\u0131n ve bulmacalar, bilmeceler ve meydan okumalarla \u015fehri ke\u015ffedin. Kendi h\u0131z\u0131n\u0131zda oynay\u0131n ve bir yerel gibi ke\u015ffedin!\" \/>\n<meta name=\"robots\" content=\"noindex, follow, max-snippet:-1, max-image-preview:large, max-video-preview:-1\" \/>\n<meta property=\"og:locale\" content=\"tr_TR\" \/>\n<meta property=\"og:type\" content=\"article\" \/>\n<meta property=\"og:title\" content=\"Secrets of Glasgow\" \/>\n<meta property=\"og:description\" content=\"Secrets of Glasgow. Kendi kendine rehberli bir \u015eehir Oyunu oynay\u0131n ve bulmacalar, bilmeceler ve meydan okumalarla \u015fehri ke\u015ffedin. Kendi h\u0131z\u0131n\u0131zda oynay\u0131n ve bir yerel gibi ke\u015ffedin!\" \/>\n<meta property=\"og:url\" content=\"https:\/\/testwebsite.citygame.com\/tr\/games\/glasgow\/secrets-of-glasgow\/\" \/>\n<meta property=\"og:site_name\" content=\"City Game\" \/>\n<meta property=\"article:publisher\" content=\"https:\/\/www.facebook.com\/profile.php?id=100086426226253\" \/>\n<meta property=\"article:modified_time\" content=\"2026-04-09T09:11:51+00:00\" \/>\n<meta property=\"og:image\" content=\"https:\/\/testwebsite.citygame.com\/wp-content\/blogs.dir\/1\/files\/sites\/62\/2026\/03\/glasgow-howard-street-secrets-of-gameplay.jpg\" \/>\n\t<meta property=\"og:image:width\" content=\"1024\" \/>\n\t<meta property=\"og:image:height\" content=\"1024\" \/>\n\t<meta property=\"og:image:type\" content=\"image\/jpeg\" \/>\n<meta name=\"twitter:card\" content=\"summary_large_image\" \/>\n<meta name=\"twitter:label1\" content=\"Tahmini okuma s\u00fcresi\" \/>\n\t<meta name=\"twitter:data1\" content=\"1 dakika\" \/>\n<script type=\"application\/ld+json\" class=\"yoast-schema-graph\">{\"@context\":\"https:\/\/schema.org\",\"@graph\":[{\"@type\":\"WebPage\",\"@id\":\"https:\/\/testwebsite.citygame.com\/tr\/games\/glasgow\/secrets-of-glasgow\/\",\"url\":\"https:\/\/testwebsite.citygame.com\/tr\/games\/glasgow\/secrets-of-glasgow\/\",\"name\":\"Secrets of Glasgow - City Game\",\"isPartOf\":{\"@id\":\"https:\/\/testwebsite.upevents.nl\/#website\"},\"primaryImageOfPage\":{\"@id\":\"https:\/\/testwebsite.citygame.com\/tr\/games\/glasgow\/secrets-of-glasgow\/#primaryimage\"},\"image\":{\"@id\":\"https:\/\/testwebsite.citygame.com\/tr\/games\/glasgow\/secrets-of-glasgow\/#primaryimage\"},\"thumbnailUrl\":\"https:\/\/testwebsite.citygame.com\/wp-content\/blogs.dir\/1\/files\/sites\/62\/2026\/03\/glasgow-howard-street-secrets-of-gameplay.jpg\",\"datePublished\":\"2026-03-13T13:48:22+00:00\",\"dateModified\":\"2026-04-09T09:11:51+00:00\",\"description\":\"Secrets of Glasgow. Kendi kendine rehberli bir \u015eehir Oyunu oynay\u0131n ve bulmacalar, bilmeceler ve meydan okumalarla \u015fehri ke\u015ffedin. Kendi h\u0131z\u0131n\u0131zda oynay\u0131n ve bir yerel gibi ke\u015ffedin!\",\"breadcrumb\":{\"@id\":\"https:\/\/testwebsite.citygame.com\/tr\/games\/glasgow\/secrets-of-glasgow\/#breadcrumb\"},\"inLanguage\":\"tr\",\"potentialAction\":[{\"@type\":\"ReadAction\",\"target\":[\"https:\/\/testwebsite.citygame.com\/tr\/games\/glasgow\/secrets-of-glasgow\/\"]}]},{\"@type\":\"ImageObject\",\"inLanguage\":\"tr\",\"@id\":\"https:\/\/testwebsite.citygame.com\/tr\/games\/glasgow\/secrets-of-glasgow\/#primaryimage\",\"url\":\"https:\/\/testwebsite.citygame.com\/wp-content\/blogs.dir\/1\/files\/sites\/62\/2026\/03\/glasgow-howard-street-secrets-of-gameplay.jpg\",\"contentUrl\":\"https:\/\/testwebsite.citygame.com\/wp-content\/blogs.dir\/1\/files\/sites\/62\/2026\/03\/glasgow-howard-street-secrets-of-gameplay.jpg\",\"width\":1024,\"height\":1024,\"caption\":\"A player uses her smartphone to explore the city streets of Glasgow, Scotland.\"},{\"@type\":\"BreadcrumbList\",\"@id\":\"https:\/\/testwebsite.citygame.com\/tr\/games\/glasgow\/secrets-of-glasgow\/#breadcrumb\",\"itemListElement\":[{\"@type\":\"ListItem\",\"position\":1,\"name\":\"Home\",\"item\":\"https:\/\/testwebsite.citygame.com\/tr\/\"},{\"@type\":\"ListItem\",\"position\":2,\"name\":\"Shop\",\"item\":\"https:\/\/testwebsite.citygame.com\/shop\/\"},{\"@type\":\"ListItem\",\"position\":3,\"name\":\"Secrets of Glasgow\"}]},{\"@type\":\"WebSite\",\"@id\":\"https:\/\/testwebsite.upevents.nl\/#website\",\"url\":\"https:\/\/testwebsite.upevents.nl\/\",\"name\":\"City Game\",\"description\":\"\",\"publisher\":{\"@id\":\"https:\/\/testwebsite.upevents.nl\/#organization\"},\"alternateName\":\"citygame.com\",\"potentialAction\":[{\"@type\":\"SearchAction\",\"target\":{\"@type\":\"EntryPoint\",\"urlTemplate\":\"https:\/\/testwebsite.upevents.nl\/?s={search_term_string}\"},\"query-input\":{\"@type\":\"PropertyValueSpecification\",\"valueRequired\":true,\"valueName\":\"search_term_string\"}}],\"inLanguage\":\"tr\"},{\"@type\":[\"Organization\",\"Place\"],\"@id\":\"https:\/\/testwebsite.upevents.nl\/#organization\",\"name\":\"City Game\",\"alternateName\":\"citygame.com\",\"url\":\"https:\/\/testwebsite.upevents.nl\/\",\"logo\":{\"@id\":\"https:\/\/testwebsite.citygame.com\/tr\/games\/glasgow\/secrets-of-glasgow\/#local-main-organization-logo\"},\"image\":{\"@id\":\"https:\/\/testwebsite.citygame.com\/tr\/games\/glasgow\/secrets-of-glasgow\/#local-main-organization-logo\"},\"sameAs\":[\"https:\/\/www.facebook.com\/profile.php?id=100086426226253\",\"https:\/\/www.instagram.com\/citygame_com\",\"https:\/\/www.tiktok.com\/@citygamecom\/\",\"https:\/\/www.linkedin.com\/company\/citygame-com\"],\"description\":\"Turn any city into a playground with our interactive City Games and self-guided tours. Fun, flexible, and ideal for groups and team building.\",\"telephone\":[],\"openingHoursSpecification\":[{\"@type\":\"OpeningHoursSpecification\",\"dayOfWeek\":[\"Monday\",\"Tuesday\",\"Wednesday\",\"Thursday\",\"Friday\",\"Saturday\",\"Sunday\"],\"opens\":\"09:00\",\"closes\":\"17:00\"}]},{\"@type\":\"ImageObject\",\"inLanguage\":\"tr\",\"@id\":\"https:\/\/testwebsite.citygame.com\/tr\/games\/glasgow\/secrets-of-glasgow\/#local-main-organization-logo\",\"url\":\"https:\/\/testwebsite.citygame.com\/wp-content\/blogs.dir\/1\/files\/sites\/62\/2025\/10\/CG_LOGO-City-Game.png\",\"contentUrl\":\"https:\/\/testwebsite.citygame.com\/wp-content\/blogs.dir\/1\/files\/sites\/62\/2025\/10\/CG_LOGO-City-Game.png\",\"width\":351,\"height\":377,\"caption\":\"City Game\"}]}<\/script>\n<!-- \/ Yoast SEO Premium plugin. -->","yoast_head_json":{"title":"Secrets of Glasgow - City Game","description":"Secrets of Glasgow. Kendi kendine rehberli bir \u015eehir Oyunu oynay\u0131n ve bulmacalar, bilmeceler ve meydan okumalarla \u015fehri ke\u015ffedin. Kendi h\u0131z\u0131n\u0131zda oynay\u0131n ve bir yerel gibi ke\u015ffedin!","robots":{"index":"noindex","follow":"follow","max-snippet":"max-snippet:-1","max-image-preview":"max-image-preview:large","max-video-preview":"max-video-preview:-1"},"og_locale":"tr_TR","og_type":"article","og_title":"Secrets of Glasgow","og_description":"Secrets of Glasgow. Kendi kendine rehberli bir \u015eehir Oyunu oynay\u0131n ve bulmacalar, bilmeceler ve meydan okumalarla \u015fehri ke\u015ffedin. Kendi h\u0131z\u0131n\u0131zda oynay\u0131n ve bir yerel gibi ke\u015ffedin!","og_url":"https:\/\/testwebsite.citygame.com\/tr\/games\/glasgow\/secrets-of-glasgow\/","og_site_name":"City Game","article_publisher":"https:\/\/www.facebook.com\/profile.php?id=100086426226253","article_modified_time":"2026-04-09T09:11:51+00:00","og_image":[{"width":1024,"height":1024,"url":"https:\/\/testwebsite.citygame.com\/wp-content\/blogs.dir\/1\/files\/sites\/62\/2026\/03\/glasgow-howard-street-secrets-of-gameplay.jpg","type":"image\/jpeg"}],"twitter_card":"summary_large_image","twitter_misc":{"Tahmini okuma s\u00fcresi":"1 dakika"},"schema":{"@context":"https:\/\/schema.org","@graph":[{"@type":"WebPage","@id":"https:\/\/testwebsite.citygame.com\/tr\/games\/glasgow\/secrets-of-glasgow\/","url":"https:\/\/testwebsite.citygame.com\/tr\/games\/glasgow\/secrets-of-glasgow\/","name":"Secrets of Glasgow - City Game","isPartOf":{"@id":"https:\/\/testwebsite.upevents.nl\/#website"},"primaryImageOfPage":{"@id":"https:\/\/testwebsite.citygame.com\/tr\/games\/glasgow\/secrets-of-glasgow\/#primaryimage"},"image":{"@id":"https:\/\/testwebsite.citygame.com\/tr\/games\/glasgow\/secrets-of-glasgow\/#primaryimage"},"thumbnailUrl":"https:\/\/testwebsite.citygame.com\/wp-content\/blogs.dir\/1\/files\/sites\/62\/2026\/03\/glasgow-howard-street-secrets-of-gameplay.jpg","datePublished":"2026-03-13T13:48:22+00:00","dateModified":"2026-04-09T09:11:51+00:00","description":"Secrets of Glasgow. Kendi kendine rehberli bir \u015eehir Oyunu oynay\u0131n ve bulmacalar, bilmeceler ve meydan okumalarla \u015fehri ke\u015ffedin. Kendi h\u0131z\u0131n\u0131zda oynay\u0131n ve bir yerel gibi ke\u015ffedin!","breadcrumb":{"@id":"https:\/\/testwebsite.citygame.com\/tr\/games\/glasgow\/secrets-of-glasgow\/#breadcrumb"},"inLanguage":"tr","potentialAction":[{"@type":"ReadAction","target":["https:\/\/testwebsite.citygame.com\/tr\/games\/glasgow\/secrets-of-glasgow\/"]}]},{"@type":"ImageObject","inLanguage":"tr","@id":"https:\/\/testwebsite.citygame.com\/tr\/games\/glasgow\/secrets-of-glasgow\/#primaryimage","url":"https:\/\/testwebsite.citygame.com\/wp-content\/blogs.dir\/1\/files\/sites\/62\/2026\/03\/glasgow-howard-street-secrets-of-gameplay.jpg","contentUrl":"https:\/\/testwebsite.citygame.com\/wp-content\/blogs.dir\/1\/files\/sites\/62\/2026\/03\/glasgow-howard-street-secrets-of-gameplay.jpg","width":1024,"height":1024,"caption":"A player uses her smartphone to explore the city streets of Glasgow, Scotland."},{"@type":"BreadcrumbList","@id":"https:\/\/testwebsite.citygame.com\/tr\/games\/glasgow\/secrets-of-glasgow\/#breadcrumb","itemListElement":[{"@type":"ListItem","position":1,"name":"Home","item":"https:\/\/testwebsite.citygame.com\/tr\/"},{"@type":"ListItem","position":2,"name":"Shop","item":"https:\/\/testwebsite.citygame.com\/shop\/"},{"@type":"ListItem","position":3,"name":"Secrets of Glasgow"}]},{"@type":"WebSite","@id":"https:\/\/testwebsite.upevents.nl\/#website","url":"https:\/\/testwebsite.upevents.nl\/","name":"City Game","description":"","publisher":{"@id":"https:\/\/testwebsite.upevents.nl\/#organization"},"alternateName":"citygame.com","potentialAction":[{"@type":"SearchAction","target":{"@type":"EntryPoint","urlTemplate":"https:\/\/testwebsite.upevents.nl\/?s={search_term_string}"},"query-input":{"@type":"PropertyValueSpecification","valueRequired":true,"valueName":"search_term_string"}}],"inLanguage":"tr"},{"@type":["Organization","Place"],"@id":"https:\/\/testwebsite.upevents.nl\/#organization","name":"City Game","alternateName":"citygame.com","url":"https:\/\/testwebsite.upevents.nl\/","logo":{"@id":"https:\/\/testwebsite.citygame.com\/tr\/games\/glasgow\/secrets-of-glasgow\/#local-main-organization-logo"},"image":{"@id":"https:\/\/testwebsite.citygame.com\/tr\/games\/glasgow\/secrets-of-glasgow\/#local-main-organization-logo"},"sameAs":["https:\/\/www.facebook.com\/profile.php?id=100086426226253","https:\/\/www.instagram.com\/citygame_com","https:\/\/www.tiktok.com\/@citygamecom\/","https:\/\/www.linkedin.com\/company\/citygame-com"],"description":"Turn any city into a playground with our interactive City Games and self-guided tours. Fun, flexible, and ideal for groups and team building.","telephone":[],"openingHoursSpecification":[{"@type":"OpeningHoursSpecification","dayOfWeek":["Monday","Tuesday","Wednesday","Thursday","Friday","Saturday","Sunday"],"opens":"09:00","closes":"17:00"}]},{"@type":"ImageObject","inLanguage":"tr","@id":"https:\/\/testwebsite.citygame.com\/tr\/games\/glasgow\/secrets-of-glasgow\/#local-main-organization-logo","url":"https:\/\/testwebsite.citygame.com\/wp-content\/blogs.dir\/1\/files\/sites\/62\/2025\/10\/CG_LOGO-City-Game.png","contentUrl":"https:\/\/testwebsite.citygame.com\/wp-content\/blogs.dir\/1\/files\/sites\/62\/2025\/10\/CG_LOGO-City-Game.png","width":351,"height":377,"caption":"City Game"}]}},"taxonomy_info":{"game-concept":[{"value":732,"label":"Secrets"}],"location":[{"value":178,"label":"Glasgow"}],"product_cat":[{"value":27,"label":"Geen categorie"}]},"featured_image_src_large":["https:\/\/testwebsite.citygame.com\/wp-content\/blogs.dir\/1\/files\/sites\/62\/2026\/03\/glasgow-howard-street-secrets-of-gameplay.jpg",1024,1024,false],"author_info":[],"comment_info":"","_links":{"self":[{"href":"https:\/\/testwebsite.citygame.com\/tr\/wp-json\/wp\/v2\/product\/67496","targetHints":{"allow":["GET"]}}],"collection":[{"href":"https:\/\/testwebsite.citygame.com\/tr\/wp-json\/wp\/v2\/product"}],"about":[{"href":"https:\/\/testwebsite.citygame.com\/tr\/wp-json\/wp\/v2\/types\/product"}],"acf:post":[{"embeddable":true,"href":"https:\/\/testwebsite.citygame.com\/tr\/wp-json\/wp\/v2\/pages\/15391"}],"wp:featuredmedia":[{"embeddable":true,"href":"https:\/\/testwebsite.citygame.com\/tr\/wp-json\/wp\/v2\/media\/18644"}],"wp:attachment":[{"href":"https:\/\/testwebsite.citygame.com\/tr\/wp-json\/wp\/v2\/media?parent=67496"}],"wp:term":[{"taxonomy":"game-concept","embeddable":true,"href":"https:\/\/testwebsite.citygame.com\/tr\/wp-json\/wp\/v2\/game-concept?post=67496"},{"taxonomy":"location","embeddable":true,"href":"https:\/\/testwebsite.citygame.com\/tr\/wp-json\/wp\/v2\/location?post=67496"},{"taxonomy":"product_brand","embeddable":true,"href":"https:\/\/testwebsite.citygame.com\/tr\/wp-json\/wp\/v2\/product_brand?post=67496"},{"taxonomy":"product_cat","embeddable":true,"href":"https:\/\/testwebsite.citygame.com\/tr\/wp-json\/wp\/v2\/product_cat?post=67496"},{"taxonomy":"product_tag","embeddable":true,"href":"https:\/\/testwebsite.citygame.com\/tr\/wp-json\/wp\/v2\/product_tag?post=67496"}],"curies":[{"name":"wp","href":"https:\/\/api.w.org\/{rel}","templated":true}]}}