{"id":66866,"date":"2026-03-16T10:57:36","date_gmt":"2026-03-16T10:57:36","guid":{"rendered":"https:\/\/testwebsite.citygame.com\/games\/unknown-location\/secrets-of-wijk-bij-duurstede\/"},"modified":"2026-04-08T23:56:38","modified_gmt":"2026-04-08T23:56:38","slug":"secrets-of-wijk-bij-duurstede","status":"publish","type":"product","link":"https:\/\/testwebsite.citygame.com\/tr\/games\/wijk-bij-duurstede\/secrets-of-wijk-bij-duurstede\/","title":{"rendered":"Secrets of Wijk bij Duurstede"},"content":{"rendered":"<p>Wijk bij Duurstede \u015fehir merkezinde yer alan, kendi kendine rehberli, GPS tabanl\u0131 &#8216;Secrets of Wijk bij Duurstede City Game&#8217; adl\u0131 ola\u011fan\u00fcst\u00fc bir ke\u015fif oyununa dal\u0131n. Kat\u0131l\u0131mc\u0131lar, ak\u0131ll\u0131 telefonlar\u0131n\u0131 kullanarak \u015fehir sokaklar\u0131nda gezinecek ve s\u00fcr\u00fckleyici bilmeceleri, bulmacalar\u0131 ve foto\u011fraf zorluklar\u0131n\u0131 \u00e7\u00f6zecekler. Oyun boyunca ilerlerken, oyuncular \u015fehrin benzersiz tarihini, k\u00fclt\u00fcrel \u00e7ekicili\u011fini ortaya \u00e7\u0131karacak ve gizli detaylar\u0131 ke\u015ffedecekler. Bu yeni deneyim, hem memleketlerini yeniden ke\u015ffetmek isteyen yerel halk hem de ilgi \u00e7ekici bir aktivite arayan ziyaret\u00e7iler i\u00e7in keyifli. \u0130ster yaln\u0131z bir ka\u015fif, ister bir \u00e7iftin par\u00e7as\u0131, ister bir aile ya da bir arkada\u015f grubu olun, City Game Wijk bij Duurstede&#8217;yi ke\u015ffetmek i\u00e7in te\u015fvik edici ve e\u011flenceli bir yol bulacaks\u0131n\u0131z.<\/p>\n","protected":false},"excerpt":{"rendered":"<p>Wijk bij Duurstede&#8217;nin Gizemlerini Ke\u015ffedin! Modern sanat\u0131n orta\u00e7a\u011f cazibesiyle kesi\u015fti\u011fi, gelene\u011fin antik kale duvarlar\u0131ndan \u015firin Arnavut kald\u0131r\u0131ml\u0131 sokaklara f\u0131s\u0131ldad\u0131\u011f\u0131 bir \u015fehre dal\u0131n. Wijk bij Duurstede her k\u00f6\u015fede beklenmedik ke\u015fiflerle dolup ta\u015farken, esrarengiz \u00e7ekirde\u011finde gezinirken sakl\u0131 hikayelerini ortaya \u00e7\u0131kar\u0131n!<\/p>\n","protected":false},"featured_media":19053,"template":"","meta":{"_acf_changed":false,"_yoast_wpseo_focuskw":"Secrets of Wijk bij Duurstede","_yoast_wpseo_metadesc":"Secrets of Wijk bij Duurstede. Kendi kendine rehberli bir \u015eehir Oyunu oynay\u0131n ve bulmacalar, bilmeceler ve zorluklarla \u015fehri ke\u015ffedin. Kendi h\u0131z\u0131n\u0131zda oynay\u0131n ve bir yerel gibi ke\u015ffedin!","_kad_blocks_custom_css":"","_kad_blocks_head_custom_js":"","_kad_blocks_body_custom_js":"","_kad_blocks_footer_custom_js":"","ghostkit_customizer_options":"","ghostkit_custom_css":"","ghostkit_custom_js_head":"","ghostkit_custom_js_foot":"","ghostkit_typography":"","_kad_post_transparent":"","_kad_post_title":"","_kad_post_layout":"","_kad_post_sidebar_id":"","_kad_post_content_style":"","_kad_post_vertical_padding":"","_kad_post_feature":"","_kad_post_feature_position":"","_kad_post_header":false,"_kad_post_footer":false,"_kad_post_classname":"","_links_to":"","_links_to_target":""},"game-concept":[732],"location":[427],"product_brand":[],"product_cat":[27],"product_tag":[],"class_list":{"0":"post-66866","1":"product","2":"type-product","3":"status-publish","4":"has-post-thumbnail","6":"game-concept-secrets","7":"location-wijk-bij-duurstede","8":"product_cat-geen-categorie","10":"first","11":"instock","12":"shipping-taxable","13":"purchasable","14":"product-type-simple","15":"entry","16":"content-bg","17":"loop-entry"},"acf":{"full_bokun_product_name":"Self-Guided Secrets of Wijk bij Duurstede Exploration Game","location_name":"Wijk bij Duurstede","bokun_calendar_widget_code":"<script type=\"text\/javascript\" src=\"https:\/\/widgets.bokun.io\/assets\/javascripts\/apps\/build\/BokunWidgetsLoader.js?bookingChannelUUID=a1e93e96-5232-4734-a595-28405f4b5a31\" async><\/script>\n     \n    <div class=\"bokunWidget\" data-src=\"https:\/\/widgets.bokun.io\/online-sales\/a1e93e96-5232-4734-a595-28405f4b5a31\/experience-calendar\/885169\"><\/div>\n    <noscript>Please enable javascript in your browser to book<\/noscript>","bokun_button_widget_code":"<script type=\"text\/javascript\" src=\"https:\/\/widgets.bokun.io\/assets\/javascripts\/apps\/build\/BokunWidgetsLoader.js?bookingChannelUUID=a1e93e96-5232-4734-a595-28405f4b5a31\" async><\/script>\n      <style> #bokun_ed001e45_5927_4f62_b470_ca766338d083 { display: inline-block; padding: .4em 1em; background: #47b82e; border-radius: 999999px; box-shadow: none; font-weight: 600; font-size: 24px; text-decoration: none; text-align: center; color: #FFFFFF; border:none; cursor: pointer; transition: background .2s ease; } #bokun_ed001e45_5927_4f62_b470_ca766338d083:hover{ background: #2f7b1f; } #bokun_ed001e45_5927_4f62_b470_ca766338d083:active{ background: #378f24; } <\/style> <button class=\"bokunButton\" disabled id=bokun_ed001e45_5927_4f62_b470_ca766338d083 data-src=\"https:\/\/widgets.bokun.io\/online-sales\/a1e93e96-5232-4734-a595-28405f4b5a31\/experience-calendar\/885169?partialView=1\" data-testid=\"widget-book-button\" > Book now <\/button> ","what_you\u2019ll_experience_during_the_game":"Secrets of Wijk bij Duurstede City Game ile gezi ve etkile\u015fimli oyunun b\u00fcy\u00fcleyici kar\u0131\u015f\u0131m\u0131n\u0131 deneyimleyin. Bu heyecan verici ke\u015fif yolculu\u011fu size \u015fehrin hem kutlanan hem de daha az bilinen hazinelerini ortaya \u00e7\u0131karacak. Wijk bij Duurstede'de gezinirken, her biri kendine \u00f6zg\u00fc hikayesini bar\u0131nd\u0131ran do\u011fal yerler, tarihi simge yap\u0131lar ve gizli k\u00f6\u015felerle kar\u015f\u0131la\u015f\u0131n. Oyun, Lebuinus Kilisesi gibi ikonik yap\u0131lar\u0131, Molen m\u00fczesindeki sanat ba\u015fyap\u0131tlar\u0131 ve Noorderplantsoen park\u0131n\u0131n b\u00fcy\u00fcleyici \u00e7evresi gibi di\u011fer g\u00fczelliklerin g\u00fczel yan yana duru\u015funu ortaya \u00e7\u0131kar\u0131yor. Ke\u015ffetme heyecan\u0131, i\u00e7ine \u00e7eken hikaye \u00f6rg\u00fcs\u00fcyle birle\u015ferek ilgi \u00e7ekici ve b\u00fcy\u00fcl\u00fc bir atmosfer yarat\u0131yor ve ke\u015ffinizi unutulmaz k\u0131l\u0131yor.\n\nGeleneksel gezinin \u00f6tesine ge\u00e7in ve \u015eehir Oyunu ile etkile\u015fimli bir oyuna dal\u0131n. Yolculu\u011funuz s\u0131ras\u0131nda, her biri ke\u015fif deneyiminizi geli\u015ftirmek i\u00e7in tasarlanm\u0131\u015f heyecan verici bulmacalar, b\u00fcy\u00fcleyici bilmeceler ve d\u00fc\u015f\u00fcnd\u00fcr\u00fcc\u00fc sorularla kar\u015f\u0131la\u015f\u0131n. Puan kazanmak, gizli ipu\u00e7lar\u0131n\u0131 a\u00e7mak ve \u015fehrin nihai gizemini \u00e7\u00f6zmeye do\u011fru hikayede ilerlemek i\u00e7in bu etkile\u015fimli zorluklar\u0131 fethedin. Oyun herhangi bir zamanda duraklat\u0131labilir, bu da size Wijk bij Duurstede'yi kendi h\u0131z\u0131n\u0131zda ke\u015ffetme \u00f6zg\u00fcrl\u00fc\u011f\u00fc verir. Ve e\u011fer rekabet\u00e7i hissediyorsan\u0131z, oyunun liderlik tablosunda y\u00fcksek bir s\u0131ralama elde etmeyi hedefleyin. Secrets of Wijk bij Duurstede City Game ile bir \u015fehri ke\u015ffetmenin yenilik\u00e7i bir yolunu deneyimleyin - bir \u015fehri ke\u015ffetmek daha \u00f6nce hi\u00e7 bu kadar b\u00fcy\u00fcleyici olmam\u0131\u015ft\u0131.","how_to_play":"Ke\u015fif Oyununu rezerve edin, size basit talimatlarla g\u00f6nderdi\u011fimiz e-postay\u0131 kontrol edin, Loquiz Uygulamas\u0131n\u0131 indirin, Ke\u015fif Oyununa eri\u015fin ve oyun deneyiminize ba\u015flamaya haz\u0131rs\u0131n\u0131z!","start_location":"Wijk bij Duurstede, Markt","available_languages":["en"],"players_per_group":"1-4","duration":"1.5-2 hours","image_overlay_color_image":"https:\/\/testwebsite.citygame.com\/wp-content\/blogs.dir\/1\/files\/sites\/62\/2026\/01\/SecretsColor.svg","image_overlay_game_logo":"https:\/\/testwebsite.citygame.com\/wp-content\/blogs.dir\/1\/files\/sites\/62\/2026\/01\/SecretsLogo.png","city_page":15887,"woocommerce_general_content":null},"yoast_head":"<!-- This site is optimized with the Yoast SEO Premium plugin v26.2 (Yoast SEO v26.3) - https:\/\/yoast.com\/wordpress\/plugins\/seo\/ -->\n<title>Secrets of Wijk bij Duurstede - City Game<\/title>\n<meta name=\"description\" content=\"Secrets of Wijk bij Duurstede. Kendi kendine rehberli bir \u015eehir Oyunu oynay\u0131n ve bulmacalar, bilmeceler ve zorluklarla \u015fehri ke\u015ffedin. Kendi h\u0131z\u0131n\u0131zda oynay\u0131n ve bir yerel gibi ke\u015ffedin!\" \/>\n<meta name=\"robots\" content=\"noindex, follow, max-snippet:-1, max-image-preview:large, max-video-preview:-1\" \/>\n<meta property=\"og:locale\" content=\"tr_TR\" \/>\n<meta property=\"og:type\" content=\"article\" \/>\n<meta property=\"og:title\" content=\"Secrets of Wijk bij Duurstede\" \/>\n<meta property=\"og:description\" content=\"Secrets of Wijk bij Duurstede. Kendi kendine rehberli bir \u015eehir Oyunu oynay\u0131n ve bulmacalar, bilmeceler ve zorluklarla \u015fehri ke\u015ffedin. Kendi h\u0131z\u0131n\u0131zda oynay\u0131n ve bir yerel gibi ke\u015ffedin!\" \/>\n<meta property=\"og:url\" content=\"https:\/\/testwebsite.citygame.com\/tr\/games\/wijk-bij-duurstede\/secrets-of-wijk-bij-duurstede\/\" \/>\n<meta property=\"og:site_name\" content=\"City Game\" \/>\n<meta property=\"article:publisher\" content=\"https:\/\/www.facebook.com\/profile.php?id=100086426226253\" \/>\n<meta property=\"article:modified_time\" content=\"2026-04-08T23:56:38+00:00\" \/>\n<meta property=\"og:image\" content=\"https:\/\/testwebsite.citygame.com\/wp-content\/blogs.dir\/1\/files\/sites\/62\/2026\/03\/man-playing-city-game-grote-kerk-wijk-bij-duurstede.jpg\" \/>\n\t<meta property=\"og:image:width\" content=\"1024\" \/>\n\t<meta property=\"og:image:height\" content=\"1024\" \/>\n\t<meta property=\"og:image:type\" content=\"image\/jpeg\" \/>\n<meta name=\"twitter:card\" content=\"summary_large_image\" \/>\n<meta name=\"twitter:label1\" content=\"Tahmini okuma s\u00fcresi\" \/>\n\t<meta name=\"twitter:data1\" content=\"1 dakika\" \/>\n<script type=\"application\/ld+json\" class=\"yoast-schema-graph\">{\"@context\":\"https:\/\/schema.org\",\"@graph\":[{\"@type\":\"WebPage\",\"@id\":\"https:\/\/testwebsite.citygame.com\/tr\/games\/wijk-bij-duurstede\/secrets-of-wijk-bij-duurstede\/\",\"url\":\"https:\/\/testwebsite.citygame.com\/tr\/games\/wijk-bij-duurstede\/secrets-of-wijk-bij-duurstede\/\",\"name\":\"Secrets of Wijk bij Duurstede - City Game\",\"isPartOf\":{\"@id\":\"https:\/\/testwebsite.upevents.nl\/#website\"},\"primaryImageOfPage\":{\"@id\":\"https:\/\/testwebsite.citygame.com\/tr\/games\/wijk-bij-duurstede\/secrets-of-wijk-bij-duurstede\/#primaryimage\"},\"image\":{\"@id\":\"https:\/\/testwebsite.citygame.com\/tr\/games\/wijk-bij-duurstede\/secrets-of-wijk-bij-duurstede\/#primaryimage\"},\"thumbnailUrl\":\"https:\/\/testwebsite.citygame.com\/wp-content\/blogs.dir\/1\/files\/sites\/62\/2026\/03\/man-playing-city-game-grote-kerk-wijk-bij-duurstede.jpg\",\"datePublished\":\"2026-03-16T10:57:36+00:00\",\"dateModified\":\"2026-04-08T23:56:38+00:00\",\"description\":\"Secrets of Wijk bij Duurstede. Kendi kendine rehberli bir \u015eehir Oyunu oynay\u0131n ve bulmacalar, bilmeceler ve zorluklarla \u015fehri ke\u015ffedin. Kendi h\u0131z\u0131n\u0131zda oynay\u0131n ve bir yerel gibi ke\u015ffedin!\",\"breadcrumb\":{\"@id\":\"https:\/\/testwebsite.citygame.com\/tr\/games\/wijk-bij-duurstede\/secrets-of-wijk-bij-duurstede\/#breadcrumb\"},\"inLanguage\":\"tr\",\"potentialAction\":[{\"@type\":\"ReadAction\",\"target\":[\"https:\/\/testwebsite.citygame.com\/tr\/games\/wijk-bij-duurstede\/secrets-of-wijk-bij-duurstede\/\"]}]},{\"@type\":\"ImageObject\",\"inLanguage\":\"tr\",\"@id\":\"https:\/\/testwebsite.citygame.com\/tr\/games\/wijk-bij-duurstede\/secrets-of-wijk-bij-duurstede\/#primaryimage\",\"url\":\"https:\/\/testwebsite.citygame.com\/wp-content\/blogs.dir\/1\/files\/sites\/62\/2026\/03\/man-playing-city-game-grote-kerk-wijk-bij-duurstede.jpg\",\"contentUrl\":\"https:\/\/testwebsite.citygame.com\/wp-content\/blogs.dir\/1\/files\/sites\/62\/2026\/03\/man-playing-city-game-grote-kerk-wijk-bij-duurstede.jpg\",\"width\":1024,\"height\":1024,\"caption\":\"A player uses his smartphone to explore the historic center of Wijk bij Duurstede, Netherlands.\"},{\"@type\":\"BreadcrumbList\",\"@id\":\"https:\/\/testwebsite.citygame.com\/tr\/games\/wijk-bij-duurstede\/secrets-of-wijk-bij-duurstede\/#breadcrumb\",\"itemListElement\":[{\"@type\":\"ListItem\",\"position\":1,\"name\":\"Home\",\"item\":\"https:\/\/testwebsite.citygame.com\/tr\/\"},{\"@type\":\"ListItem\",\"position\":2,\"name\":\"Shop\",\"item\":\"https:\/\/testwebsite.citygame.com\/shop\/\"},{\"@type\":\"ListItem\",\"position\":3,\"name\":\"Secrets of Wijk bij Duurstede\"}]},{\"@type\":\"WebSite\",\"@id\":\"https:\/\/testwebsite.upevents.nl\/#website\",\"url\":\"https:\/\/testwebsite.upevents.nl\/\",\"name\":\"City Game\",\"description\":\"\",\"publisher\":{\"@id\":\"https:\/\/testwebsite.upevents.nl\/#organization\"},\"alternateName\":\"citygame.com\",\"potentialAction\":[{\"@type\":\"SearchAction\",\"target\":{\"@type\":\"EntryPoint\",\"urlTemplate\":\"https:\/\/testwebsite.upevents.nl\/?s={search_term_string}\"},\"query-input\":{\"@type\":\"PropertyValueSpecification\",\"valueRequired\":true,\"valueName\":\"search_term_string\"}}],\"inLanguage\":\"tr\"},{\"@type\":[\"Organization\",\"Place\"],\"@id\":\"https:\/\/testwebsite.upevents.nl\/#organization\",\"name\":\"City Game\",\"alternateName\":\"citygame.com\",\"url\":\"https:\/\/testwebsite.upevents.nl\/\",\"logo\":{\"@id\":\"https:\/\/testwebsite.citygame.com\/tr\/games\/wijk-bij-duurstede\/secrets-of-wijk-bij-duurstede\/#local-main-organization-logo\"},\"image\":{\"@id\":\"https:\/\/testwebsite.citygame.com\/tr\/games\/wijk-bij-duurstede\/secrets-of-wijk-bij-duurstede\/#local-main-organization-logo\"},\"sameAs\":[\"https:\/\/www.facebook.com\/profile.php?id=100086426226253\",\"https:\/\/www.instagram.com\/citygame_com\",\"https:\/\/www.tiktok.com\/@citygamecom\/\",\"https:\/\/www.linkedin.com\/company\/citygame-com\"],\"description\":\"Turn any city into a playground with our interactive City Games and self-guided tours. Fun, flexible, and ideal for groups and team building.\",\"telephone\":[],\"openingHoursSpecification\":[{\"@type\":\"OpeningHoursSpecification\",\"dayOfWeek\":[\"Monday\",\"Tuesday\",\"Wednesday\",\"Thursday\",\"Friday\",\"Saturday\",\"Sunday\"],\"opens\":\"09:00\",\"closes\":\"17:00\"}]},{\"@type\":\"ImageObject\",\"inLanguage\":\"tr\",\"@id\":\"https:\/\/testwebsite.citygame.com\/tr\/games\/wijk-bij-duurstede\/secrets-of-wijk-bij-duurstede\/#local-main-organization-logo\",\"url\":\"https:\/\/testwebsite.citygame.com\/wp-content\/blogs.dir\/1\/files\/sites\/62\/2025\/10\/CG_LOGO-City-Game.png\",\"contentUrl\":\"https:\/\/testwebsite.citygame.com\/wp-content\/blogs.dir\/1\/files\/sites\/62\/2025\/10\/CG_LOGO-City-Game.png\",\"width\":351,\"height\":377,\"caption\":\"City Game\"}]}<\/script>\n<!-- \/ Yoast SEO Premium plugin. -->","yoast_head_json":{"title":"Secrets of Wijk bij Duurstede - City Game","description":"Secrets of Wijk bij Duurstede. Kendi kendine rehberli bir \u015eehir Oyunu oynay\u0131n ve bulmacalar, bilmeceler ve zorluklarla \u015fehri ke\u015ffedin. Kendi h\u0131z\u0131n\u0131zda oynay\u0131n ve bir yerel gibi ke\u015ffedin!","robots":{"index":"noindex","follow":"follow","max-snippet":"max-snippet:-1","max-image-preview":"max-image-preview:large","max-video-preview":"max-video-preview:-1"},"og_locale":"tr_TR","og_type":"article","og_title":"Secrets of Wijk bij Duurstede","og_description":"Secrets of Wijk bij Duurstede. Kendi kendine rehberli bir \u015eehir Oyunu oynay\u0131n ve bulmacalar, bilmeceler ve zorluklarla \u015fehri ke\u015ffedin. Kendi h\u0131z\u0131n\u0131zda oynay\u0131n ve bir yerel gibi ke\u015ffedin!","og_url":"https:\/\/testwebsite.citygame.com\/tr\/games\/wijk-bij-duurstede\/secrets-of-wijk-bij-duurstede\/","og_site_name":"City Game","article_publisher":"https:\/\/www.facebook.com\/profile.php?id=100086426226253","article_modified_time":"2026-04-08T23:56:38+00:00","og_image":[{"width":1024,"height":1024,"url":"https:\/\/testwebsite.citygame.com\/wp-content\/blogs.dir\/1\/files\/sites\/62\/2026\/03\/man-playing-city-game-grote-kerk-wijk-bij-duurstede.jpg","type":"image\/jpeg"}],"twitter_card":"summary_large_image","twitter_misc":{"Tahmini okuma s\u00fcresi":"1 dakika"},"schema":{"@context":"https:\/\/schema.org","@graph":[{"@type":"WebPage","@id":"https:\/\/testwebsite.citygame.com\/tr\/games\/wijk-bij-duurstede\/secrets-of-wijk-bij-duurstede\/","url":"https:\/\/testwebsite.citygame.com\/tr\/games\/wijk-bij-duurstede\/secrets-of-wijk-bij-duurstede\/","name":"Secrets of Wijk bij Duurstede - City Game","isPartOf":{"@id":"https:\/\/testwebsite.upevents.nl\/#website"},"primaryImageOfPage":{"@id":"https:\/\/testwebsite.citygame.com\/tr\/games\/wijk-bij-duurstede\/secrets-of-wijk-bij-duurstede\/#primaryimage"},"image":{"@id":"https:\/\/testwebsite.citygame.com\/tr\/games\/wijk-bij-duurstede\/secrets-of-wijk-bij-duurstede\/#primaryimage"},"thumbnailUrl":"https:\/\/testwebsite.citygame.com\/wp-content\/blogs.dir\/1\/files\/sites\/62\/2026\/03\/man-playing-city-game-grote-kerk-wijk-bij-duurstede.jpg","datePublished":"2026-03-16T10:57:36+00:00","dateModified":"2026-04-08T23:56:38+00:00","description":"Secrets of Wijk bij Duurstede. Kendi kendine rehberli bir \u015eehir Oyunu oynay\u0131n ve bulmacalar, bilmeceler ve zorluklarla \u015fehri ke\u015ffedin. Kendi h\u0131z\u0131n\u0131zda oynay\u0131n ve bir yerel gibi ke\u015ffedin!","breadcrumb":{"@id":"https:\/\/testwebsite.citygame.com\/tr\/games\/wijk-bij-duurstede\/secrets-of-wijk-bij-duurstede\/#breadcrumb"},"inLanguage":"tr","potentialAction":[{"@type":"ReadAction","target":["https:\/\/testwebsite.citygame.com\/tr\/games\/wijk-bij-duurstede\/secrets-of-wijk-bij-duurstede\/"]}]},{"@type":"ImageObject","inLanguage":"tr","@id":"https:\/\/testwebsite.citygame.com\/tr\/games\/wijk-bij-duurstede\/secrets-of-wijk-bij-duurstede\/#primaryimage","url":"https:\/\/testwebsite.citygame.com\/wp-content\/blogs.dir\/1\/files\/sites\/62\/2026\/03\/man-playing-city-game-grote-kerk-wijk-bij-duurstede.jpg","contentUrl":"https:\/\/testwebsite.citygame.com\/wp-content\/blogs.dir\/1\/files\/sites\/62\/2026\/03\/man-playing-city-game-grote-kerk-wijk-bij-duurstede.jpg","width":1024,"height":1024,"caption":"A player uses his smartphone to explore the historic center of Wijk bij Duurstede, Netherlands."},{"@type":"BreadcrumbList","@id":"https:\/\/testwebsite.citygame.com\/tr\/games\/wijk-bij-duurstede\/secrets-of-wijk-bij-duurstede\/#breadcrumb","itemListElement":[{"@type":"ListItem","position":1,"name":"Home","item":"https:\/\/testwebsite.citygame.com\/tr\/"},{"@type":"ListItem","position":2,"name":"Shop","item":"https:\/\/testwebsite.citygame.com\/shop\/"},{"@type":"ListItem","position":3,"name":"Secrets of Wijk bij Duurstede"}]},{"@type":"WebSite","@id":"https:\/\/testwebsite.upevents.nl\/#website","url":"https:\/\/testwebsite.upevents.nl\/","name":"City Game","description":"","publisher":{"@id":"https:\/\/testwebsite.upevents.nl\/#organization"},"alternateName":"citygame.com","potentialAction":[{"@type":"SearchAction","target":{"@type":"EntryPoint","urlTemplate":"https:\/\/testwebsite.upevents.nl\/?s={search_term_string}"},"query-input":{"@type":"PropertyValueSpecification","valueRequired":true,"valueName":"search_term_string"}}],"inLanguage":"tr"},{"@type":["Organization","Place"],"@id":"https:\/\/testwebsite.upevents.nl\/#organization","name":"City Game","alternateName":"citygame.com","url":"https:\/\/testwebsite.upevents.nl\/","logo":{"@id":"https:\/\/testwebsite.citygame.com\/tr\/games\/wijk-bij-duurstede\/secrets-of-wijk-bij-duurstede\/#local-main-organization-logo"},"image":{"@id":"https:\/\/testwebsite.citygame.com\/tr\/games\/wijk-bij-duurstede\/secrets-of-wijk-bij-duurstede\/#local-main-organization-logo"},"sameAs":["https:\/\/www.facebook.com\/profile.php?id=100086426226253","https:\/\/www.instagram.com\/citygame_com","https:\/\/www.tiktok.com\/@citygamecom\/","https:\/\/www.linkedin.com\/company\/citygame-com"],"description":"Turn any city into a playground with our interactive City Games and self-guided tours. Fun, flexible, and ideal for groups and team building.","telephone":[],"openingHoursSpecification":[{"@type":"OpeningHoursSpecification","dayOfWeek":["Monday","Tuesday","Wednesday","Thursday","Friday","Saturday","Sunday"],"opens":"09:00","closes":"17:00"}]},{"@type":"ImageObject","inLanguage":"tr","@id":"https:\/\/testwebsite.citygame.com\/tr\/games\/wijk-bij-duurstede\/secrets-of-wijk-bij-duurstede\/#local-main-organization-logo","url":"https:\/\/testwebsite.citygame.com\/wp-content\/blogs.dir\/1\/files\/sites\/62\/2025\/10\/CG_LOGO-City-Game.png","contentUrl":"https:\/\/testwebsite.citygame.com\/wp-content\/blogs.dir\/1\/files\/sites\/62\/2025\/10\/CG_LOGO-City-Game.png","width":351,"height":377,"caption":"City Game"}]}},"taxonomy_info":{"game-concept":[{"value":732,"label":"Secrets"}],"location":[{"value":427,"label":"Wijk bij Duurstede"}],"product_cat":[{"value":27,"label":"Geen categorie"}]},"featured_image_src_large":["https:\/\/testwebsite.citygame.com\/wp-content\/blogs.dir\/1\/files\/sites\/62\/2026\/03\/man-playing-city-game-grote-kerk-wijk-bij-duurstede.jpg",1024,1024,false],"author_info":[],"comment_info":"","_links":{"self":[{"href":"https:\/\/testwebsite.citygame.com\/tr\/wp-json\/wp\/v2\/product\/66866","targetHints":{"allow":["GET"]}}],"collection":[{"href":"https:\/\/testwebsite.citygame.com\/tr\/wp-json\/wp\/v2\/product"}],"about":[{"href":"https:\/\/testwebsite.citygame.com\/tr\/wp-json\/wp\/v2\/types\/product"}],"acf:post":[{"embeddable":true,"href":"https:\/\/testwebsite.citygame.com\/tr\/wp-json\/wp\/v2\/pages\/15887"}],"wp:featuredmedia":[{"embeddable":true,"href":"https:\/\/testwebsite.citygame.com\/tr\/wp-json\/wp\/v2\/media\/19053"}],"wp:attachment":[{"href":"https:\/\/testwebsite.citygame.com\/tr\/wp-json\/wp\/v2\/media?parent=66866"}],"wp:term":[{"taxonomy":"game-concept","embeddable":true,"href":"https:\/\/testwebsite.citygame.com\/tr\/wp-json\/wp\/v2\/game-concept?post=66866"},{"taxonomy":"location","embeddable":true,"href":"https:\/\/testwebsite.citygame.com\/tr\/wp-json\/wp\/v2\/location?post=66866"},{"taxonomy":"product_brand","embeddable":true,"href":"https:\/\/testwebsite.citygame.com\/tr\/wp-json\/wp\/v2\/product_brand?post=66866"},{"taxonomy":"product_cat","embeddable":true,"href":"https:\/\/testwebsite.citygame.com\/tr\/wp-json\/wp\/v2\/product_cat?post=66866"},{"taxonomy":"product_tag","embeddable":true,"href":"https:\/\/testwebsite.citygame.com\/tr\/wp-json\/wp\/v2\/product_tag?post=66866"}],"curies":[{"name":"wp","href":"https:\/\/api.w.org\/{rel}","templated":true}]}}