{"id":66804,"date":"2026-03-16T10:03:51","date_gmt":"2026-03-16T10:03:51","guid":{"rendered":"https:\/\/testwebsite.citygame.com\/games\/unknown-location\/secrets-of-urk\/"},"modified":"2026-04-08T23:23:40","modified_gmt":"2026-04-08T23:23:40","slug":"secrets-of-urk","status":"publish","type":"product","link":"https:\/\/testwebsite.citygame.com\/tr\/games\/urk\/secrets-of-urk\/","title":{"rendered":"Secrets of Urk"},"content":{"rendered":"<p>Urk&#8217;un e\u015fsiz cazibesini &#8216;Secrets of Urk&#8217; City Game ile ke\u015ffedin; Urk \u015fehir merkezinde ge\u00e7en, kendi kendine rehberli bir ke\u015fif oyunudur. Ak\u0131ll\u0131 telefonunuzu bu GPS tabanl\u0131 oyunda rehberiniz olarak kullanarak, canl\u0131 sokaklarda macera ya\u015fayacak, ilerledik\u00e7e merak uyand\u0131ran bilmeceleri, bulmacalar\u0131 ve foto\u011fraf meydan okumalar\u0131n\u0131 \u00e7\u00f6zeceksiniz. Oynarken, Urk&#8217;un zengin tarihini, yerel k\u00fclt\u00fcr\u00fcn\u00fc ve yerlilerin bile bilmedi\u011fi bir\u00e7ok gizli detay\u0131 ortaya \u00e7\u0131karacaks\u0131n\u0131z. Bu oyun, \u015fehrini yeniden ke\u015ffetmek isteyen yerliler ve e\u011flenceli, interaktif bir ke\u015fif yolu arayan ziyaret\u00e7iler i\u00e7in uygundur. Yaln\u0131z oyuncular, \u00e7iftler, aileler veya arkada\u015f gruplar\u0131 i\u00e7in m\u00fckemmeldir; Urk&#8217;u ke\u015ffetmek ve \u00f6\u011frenmek i\u00e7in e\u015fsiz bir yoldur.<\/p>\n","protected":false},"excerpt":{"rendered":"<p>Urk&#8217;un G\u00f6r\u00fcnmeyen Ak\u0131nt\u0131lar\u0131n\u0131 Ke\u015ffedin! Gelene\u011fin her dar sokakta dalgaland\u0131\u011f\u0131, efsanelerin antik bal\u0131k\u00e7\u0131 kul\u00fcbelerinden modern r\u00fczgar t\u00fcrbinlerine kadar yank\u0131land\u0131\u011f\u0131 bir kasabaya dal\u0131n. Dinamik ruhunda gezinirken esrarengiz bilmeceleri ara\u015ft\u0131r\u0131n, Urk her k\u00f6\u015fede nefes kesici s\u0131rlar\u0131 ortaya \u00e7\u0131kar\u0131yor!<\/p>\n","protected":false},"featured_media":19008,"template":"","meta":{"_acf_changed":false,"_yoast_wpseo_focuskw":"Secrets of Urk","_yoast_wpseo_metadesc":"Secrets of Urk. Kendi kendine rehberli bir City Game oynay\u0131n ve bulmacalar, bilmeceler ve meydan okumalarla \u015fehri ke\u015ffedin. Kendi h\u0131z\u0131n\u0131zda oynay\u0131n ve bir yerel gibi ke\u015ffedin!","_kad_blocks_custom_css":"","_kad_blocks_head_custom_js":"","_kad_blocks_body_custom_js":"","_kad_blocks_footer_custom_js":"","ghostkit_customizer_options":"","ghostkit_custom_css":"","ghostkit_custom_js_head":"","ghostkit_custom_js_foot":"","ghostkit_typography":"","_kad_post_transparent":"","_kad_post_title":"","_kad_post_layout":"","_kad_post_sidebar_id":"","_kad_post_content_style":"","_kad_post_vertical_padding":"","_kad_post_feature":"","_kad_post_feature_position":"","_kad_post_header":false,"_kad_post_footer":false,"_kad_post_classname":"","_links_to":"","_links_to_target":""},"game-concept":[732],"location":[409],"product_brand":[],"product_cat":[27],"product_tag":[],"class_list":{"0":"post-66804","1":"product","2":"type-product","3":"status-publish","4":"has-post-thumbnail","6":"game-concept-secrets","7":"location-urk","8":"product_cat-geen-categorie","10":"first","11":"instock","12":"shipping-taxable","13":"purchasable","14":"product-type-simple","15":"entry","16":"content-bg","17":"loop-entry"},"acf":{"full_bokun_product_name":"Self-Guided Secrets of Urk Exploration Game","location_name":"Urk","bokun_calendar_widget_code":"<script type=\"text\/javascript\" src=\"https:\/\/widgets.bokun.io\/assets\/javascripts\/apps\/build\/BokunWidgetsLoader.js?bookingChannelUUID=a1e93e96-5232-4734-a595-28405f4b5a31\" async><\/script>\n     \n    <div class=\"bokunWidget\" data-src=\"https:\/\/widgets.bokun.io\/online-sales\/a1e93e96-5232-4734-a595-28405f4b5a31\/experience-calendar\/895775\"><\/div>\n    <noscript>Please enable javascript in your browser to book<\/noscript>","bokun_button_widget_code":"<script type=\"text\/javascript\" src=\"https:\/\/widgets.bokun.io\/assets\/javascripts\/apps\/build\/BokunWidgetsLoader.js?bookingChannelUUID=a1e93e96-5232-4734-a595-28405f4b5a31\" async><\/script>\n      <style> #bokun_ed001e45_5927_4f62_b470_ca766338d083 { display: inline-block; padding: .4em 1em; background: #47b82e; border-radius: 999999px; box-shadow: none; font-weight: 600; font-size: 24px; text-decoration: none; text-align: center; color: #FFFFFF; border:none; cursor: pointer; transition: background .2s ease; } #bokun_ed001e45_5927_4f62_b470_ca766338d083:hover{ background: #2f7b1f; } #bokun_ed001e45_5927_4f62_b470_ca766338d083:active{ background: #378f24; } <\/style> <button class=\"bokunButton\" disabled id=bokun_ed001e45_5927_4f62_b470_ca766338d083 data-src=\"https:\/\/widgets.bokun.io\/online-sales\/a1e93e96-5232-4734-a595-28405f4b5a31\/experience-calendar\/895775?partialView=1\" data-testid=\"widget-book-button\" > Book now <\/button> ","what_you\u2019ll_experience_during_the_game":"'Secrets of Urk' City Game; heyecan verici hikaye anlat\u0131m\u0131n\u0131, bulmaca \u00e7\u00f6zmeyi ve ke\u015ffi birle\u015ftiren s\u00fcr\u00fckleyici bir deneyimdir. Oyuncular, Urk'un hem ikonik hem de az bilinen noktalar\u0131nda gezinecek, bu \u015firin Hollanda bal\u0131k\u00e7\u0131 k\u00f6y\u00fcn\u00fcn e\u015fsiz cazibesini ve tarihini \u00f6z\u00fcmseyecekler. Urk'un k\u00f6kl\u00fc ge\u00e7mi\u015finin kal\u0131nt\u0131lar\u0131n\u0131 eski Lighthouse'ta ortaya \u00e7\u0131karacak ve hareketli Harbour'\u0131 ke\u015ffederken canl\u0131 k\u00fclt\u00fcr\u00fcn\u00fc deneyimleyeceksiniz. Yolculu\u011funuz sizi ayr\u0131ca huzur veren plaj ve geleneksel smokehouse gibi gizli k\u00f6\u015felere de g\u00f6t\u00fcrecek.\n\nUrk'ta dola\u015f\u0131rken, oyun size bir dizi d\u00fc\u015f\u00fcnd\u00fcr\u00fcc\u00fc bulmaca, bilmece ve yarat\u0131c\u0131 foto\u011fraf meydan okumas\u0131 sunacak. A\u015ft\u0131\u011f\u0131n\u0131z her meydan okuma size sadece puan kazand\u0131rmakla kalmayacak, ayn\u0131 zamanda de\u011ferli ipu\u00e7lar\u0131 da a\u00e7acak ve \u015fehrin nihai gizemini \u00e7\u00f6zmeye bir ad\u0131m daha yakla\u015ft\u0131racakt\u0131r. Bu oyunun g\u00fczelli\u011fi esnekli\u011finde yat\u0131yor \u2013 maceran\u0131za diledi\u011finiz zaman duraklat\u0131p devam edebilirsiniz. \u0130ster biraz e\u011flence arayan yaln\u0131z bir oyuncu olun, ister y\u00fcksek bir liderlik tablosu pozisyonu i\u00e7in m\u00fccadele eden rekabet\u00e7i bir tak\u0131m olun, 'Secrets of Urk' City Game bu pitoresk konumu ke\u015ffetmek ve deneyimlemek i\u00e7in ilgi \u00e7ekici ve e\u015fsiz bir yol sunuyor.","how_to_play":"Exploration Game'i ay\u0131rt\u0131n, size g\u00f6nderdi\u011fimiz basit talimatlar\u0131 i\u00e7eren e-postay\u0131 kontrol edin, Loquiz App'i indirin, Exploration Game'e eri\u015fin ve oyun deneyiminize ba\u015flamaya haz\u0131rs\u0131n\u0131z!","start_location":"Urk, Prins Hendrikstraat","available_languages":["en"],"players_per_group":"1-4","duration":"1.5-2 hours","image_overlay_color_image":"https:\/\/testwebsite.citygame.com\/wp-content\/blogs.dir\/1\/files\/sites\/62\/2026\/01\/SecretsColor.svg","image_overlay_game_logo":"https:\/\/testwebsite.citygame.com\/wp-content\/blogs.dir\/1\/files\/sites\/62\/2026\/01\/SecretsLogo.png","city_page":15875,"woocommerce_general_content":null},"yoast_head":"<!-- This site is optimized with the Yoast SEO Premium plugin v26.2 (Yoast SEO v26.3) - https:\/\/yoast.com\/wordpress\/plugins\/seo\/ -->\n<title>Secrets of Urk - City Game<\/title>\n<meta name=\"description\" content=\"Secrets of Urk. Kendi kendine rehberli bir City Game oynay\u0131n ve bulmacalar, bilmeceler ve meydan okumalarla \u015fehri ke\u015ffedin. Kendi h\u0131z\u0131n\u0131zda oynay\u0131n ve bir yerel gibi ke\u015ffedin!\" \/>\n<meta name=\"robots\" content=\"noindex, follow, max-snippet:-1, max-image-preview:large, max-video-preview:-1\" \/>\n<meta property=\"og:locale\" content=\"tr_TR\" \/>\n<meta property=\"og:type\" content=\"article\" \/>\n<meta property=\"og:title\" content=\"Secrets of Urk\" \/>\n<meta property=\"og:description\" content=\"Secrets of Urk. Kendi kendine rehberli bir City Game oynay\u0131n ve bulmacalar, bilmeceler ve meydan okumalarla \u015fehri ke\u015ffedin. Kendi h\u0131z\u0131n\u0131zda oynay\u0131n ve bir yerel gibi ke\u015ffedin!\" \/>\n<meta property=\"og:url\" content=\"https:\/\/testwebsite.citygame.com\/tr\/games\/urk\/secrets-of-urk\/\" \/>\n<meta property=\"og:site_name\" content=\"City Game\" \/>\n<meta property=\"article:publisher\" content=\"https:\/\/www.facebook.com\/profile.php?id=100086426226253\" \/>\n<meta property=\"article:modified_time\" content=\"2026-04-08T23:23:40+00:00\" \/>\n<meta property=\"og:image\" content=\"https:\/\/testwebsite.citygame.com\/wp-content\/blogs.dir\/1\/files\/sites\/62\/2026\/03\/group-of-players-looking-at-phone-by-the-kerkje-aan-de-zee-in-urk.jpg\" \/>\n\t<meta property=\"og:image:width\" content=\"1024\" \/>\n\t<meta property=\"og:image:height\" content=\"1024\" \/>\n\t<meta property=\"og:image:type\" content=\"image\/jpeg\" \/>\n<meta name=\"twitter:card\" content=\"summary_large_image\" \/>\n<meta name=\"twitter:label1\" content=\"Tahmini okuma s\u00fcresi\" \/>\n\t<meta name=\"twitter:data1\" content=\"1 dakika\" \/>\n<script type=\"application\/ld+json\" class=\"yoast-schema-graph\">{\"@context\":\"https:\/\/schema.org\",\"@graph\":[{\"@type\":\"WebPage\",\"@id\":\"https:\/\/testwebsite.citygame.com\/tr\/games\/urk\/secrets-of-urk\/\",\"url\":\"https:\/\/testwebsite.citygame.com\/tr\/games\/urk\/secrets-of-urk\/\",\"name\":\"Secrets of Urk - City Game\",\"isPartOf\":{\"@id\":\"https:\/\/testwebsite.upevents.nl\/#website\"},\"primaryImageOfPage\":{\"@id\":\"https:\/\/testwebsite.citygame.com\/tr\/games\/urk\/secrets-of-urk\/#primaryimage\"},\"image\":{\"@id\":\"https:\/\/testwebsite.citygame.com\/tr\/games\/urk\/secrets-of-urk\/#primaryimage\"},\"thumbnailUrl\":\"https:\/\/testwebsite.citygame.com\/wp-content\/blogs.dir\/1\/files\/sites\/62\/2026\/03\/group-of-players-looking-at-phone-by-the-kerkje-aan-de-zee-in-urk.jpg\",\"datePublished\":\"2026-03-16T10:03:51+00:00\",\"dateModified\":\"2026-04-08T23:23:40+00:00\",\"description\":\"Secrets of Urk. Kendi kendine rehberli bir City Game oynay\u0131n ve bulmacalar, bilmeceler ve meydan okumalarla \u015fehri ke\u015ffedin. Kendi h\u0131z\u0131n\u0131zda oynay\u0131n ve bir yerel gibi ke\u015ffedin!\",\"breadcrumb\":{\"@id\":\"https:\/\/testwebsite.citygame.com\/tr\/games\/urk\/secrets-of-urk\/#breadcrumb\"},\"inLanguage\":\"tr\",\"potentialAction\":[{\"@type\":\"ReadAction\",\"target\":[\"https:\/\/testwebsite.citygame.com\/tr\/games\/urk\/secrets-of-urk\/\"]}]},{\"@type\":\"ImageObject\",\"inLanguage\":\"tr\",\"@id\":\"https:\/\/testwebsite.citygame.com\/tr\/games\/urk\/secrets-of-urk\/#primaryimage\",\"url\":\"https:\/\/testwebsite.citygame.com\/wp-content\/blogs.dir\/1\/files\/sites\/62\/2026\/03\/group-of-players-looking-at-phone-by-the-kerkje-aan-de-zee-in-urk.jpg\",\"contentUrl\":\"https:\/\/testwebsite.citygame.com\/wp-content\/blogs.dir\/1\/files\/sites\/62\/2026\/03\/group-of-players-looking-at-phone-by-the-kerkje-aan-de-zee-in-urk.jpg\",\"width\":1024,\"height\":1024,\"caption\":\"A group of friends enjoying a city game together on a sunny day in Urk.\"},{\"@type\":\"BreadcrumbList\",\"@id\":\"https:\/\/testwebsite.citygame.com\/tr\/games\/urk\/secrets-of-urk\/#breadcrumb\",\"itemListElement\":[{\"@type\":\"ListItem\",\"position\":1,\"name\":\"Home\",\"item\":\"https:\/\/testwebsite.citygame.com\/tr\/\"},{\"@type\":\"ListItem\",\"position\":2,\"name\":\"Shop\",\"item\":\"https:\/\/testwebsite.citygame.com\/shop\/\"},{\"@type\":\"ListItem\",\"position\":3,\"name\":\"Secrets of Urk\"}]},{\"@type\":\"WebSite\",\"@id\":\"https:\/\/testwebsite.upevents.nl\/#website\",\"url\":\"https:\/\/testwebsite.upevents.nl\/\",\"name\":\"City Game\",\"description\":\"\",\"publisher\":{\"@id\":\"https:\/\/testwebsite.upevents.nl\/#organization\"},\"alternateName\":\"citygame.com\",\"potentialAction\":[{\"@type\":\"SearchAction\",\"target\":{\"@type\":\"EntryPoint\",\"urlTemplate\":\"https:\/\/testwebsite.upevents.nl\/?s={search_term_string}\"},\"query-input\":{\"@type\":\"PropertyValueSpecification\",\"valueRequired\":true,\"valueName\":\"search_term_string\"}}],\"inLanguage\":\"tr\"},{\"@type\":[\"Organization\",\"Place\"],\"@id\":\"https:\/\/testwebsite.upevents.nl\/#organization\",\"name\":\"City Game\",\"alternateName\":\"citygame.com\",\"url\":\"https:\/\/testwebsite.upevents.nl\/\",\"logo\":{\"@id\":\"https:\/\/testwebsite.citygame.com\/tr\/games\/urk\/secrets-of-urk\/#local-main-organization-logo\"},\"image\":{\"@id\":\"https:\/\/testwebsite.citygame.com\/tr\/games\/urk\/secrets-of-urk\/#local-main-organization-logo\"},\"sameAs\":[\"https:\/\/www.facebook.com\/profile.php?id=100086426226253\",\"https:\/\/www.instagram.com\/citygame_com\",\"https:\/\/www.tiktok.com\/@citygamecom\/\",\"https:\/\/www.linkedin.com\/company\/citygame-com\"],\"description\":\"Turn any city into a playground with our interactive City Games and self-guided tours. Fun, flexible, and ideal for groups and team building.\",\"telephone\":[],\"openingHoursSpecification\":[{\"@type\":\"OpeningHoursSpecification\",\"dayOfWeek\":[\"Monday\",\"Tuesday\",\"Wednesday\",\"Thursday\",\"Friday\",\"Saturday\",\"Sunday\"],\"opens\":\"09:00\",\"closes\":\"17:00\"}]},{\"@type\":\"ImageObject\",\"inLanguage\":\"tr\",\"@id\":\"https:\/\/testwebsite.citygame.com\/tr\/games\/urk\/secrets-of-urk\/#local-main-organization-logo\",\"url\":\"https:\/\/testwebsite.citygame.com\/wp-content\/blogs.dir\/1\/files\/sites\/62\/2025\/10\/CG_LOGO-City-Game.png\",\"contentUrl\":\"https:\/\/testwebsite.citygame.com\/wp-content\/blogs.dir\/1\/files\/sites\/62\/2025\/10\/CG_LOGO-City-Game.png\",\"width\":351,\"height\":377,\"caption\":\"City Game\"}]}<\/script>\n<!-- \/ Yoast SEO Premium plugin. -->","yoast_head_json":{"title":"Secrets of Urk - City Game","description":"Secrets of Urk. Kendi kendine rehberli bir City Game oynay\u0131n ve bulmacalar, bilmeceler ve meydan okumalarla \u015fehri ke\u015ffedin. Kendi h\u0131z\u0131n\u0131zda oynay\u0131n ve bir yerel gibi ke\u015ffedin!","robots":{"index":"noindex","follow":"follow","max-snippet":"max-snippet:-1","max-image-preview":"max-image-preview:large","max-video-preview":"max-video-preview:-1"},"og_locale":"tr_TR","og_type":"article","og_title":"Secrets of Urk","og_description":"Secrets of Urk. Kendi kendine rehberli bir City Game oynay\u0131n ve bulmacalar, bilmeceler ve meydan okumalarla \u015fehri ke\u015ffedin. Kendi h\u0131z\u0131n\u0131zda oynay\u0131n ve bir yerel gibi ke\u015ffedin!","og_url":"https:\/\/testwebsite.citygame.com\/tr\/games\/urk\/secrets-of-urk\/","og_site_name":"City Game","article_publisher":"https:\/\/www.facebook.com\/profile.php?id=100086426226253","article_modified_time":"2026-04-08T23:23:40+00:00","og_image":[{"width":1024,"height":1024,"url":"https:\/\/testwebsite.citygame.com\/wp-content\/blogs.dir\/1\/files\/sites\/62\/2026\/03\/group-of-players-looking-at-phone-by-the-kerkje-aan-de-zee-in-urk.jpg","type":"image\/jpeg"}],"twitter_card":"summary_large_image","twitter_misc":{"Tahmini okuma s\u00fcresi":"1 dakika"},"schema":{"@context":"https:\/\/schema.org","@graph":[{"@type":"WebPage","@id":"https:\/\/testwebsite.citygame.com\/tr\/games\/urk\/secrets-of-urk\/","url":"https:\/\/testwebsite.citygame.com\/tr\/games\/urk\/secrets-of-urk\/","name":"Secrets of Urk - City Game","isPartOf":{"@id":"https:\/\/testwebsite.upevents.nl\/#website"},"primaryImageOfPage":{"@id":"https:\/\/testwebsite.citygame.com\/tr\/games\/urk\/secrets-of-urk\/#primaryimage"},"image":{"@id":"https:\/\/testwebsite.citygame.com\/tr\/games\/urk\/secrets-of-urk\/#primaryimage"},"thumbnailUrl":"https:\/\/testwebsite.citygame.com\/wp-content\/blogs.dir\/1\/files\/sites\/62\/2026\/03\/group-of-players-looking-at-phone-by-the-kerkje-aan-de-zee-in-urk.jpg","datePublished":"2026-03-16T10:03:51+00:00","dateModified":"2026-04-08T23:23:40+00:00","description":"Secrets of Urk. Kendi kendine rehberli bir City Game oynay\u0131n ve bulmacalar, bilmeceler ve meydan okumalarla \u015fehri ke\u015ffedin. Kendi h\u0131z\u0131n\u0131zda oynay\u0131n ve bir yerel gibi ke\u015ffedin!","breadcrumb":{"@id":"https:\/\/testwebsite.citygame.com\/tr\/games\/urk\/secrets-of-urk\/#breadcrumb"},"inLanguage":"tr","potentialAction":[{"@type":"ReadAction","target":["https:\/\/testwebsite.citygame.com\/tr\/games\/urk\/secrets-of-urk\/"]}]},{"@type":"ImageObject","inLanguage":"tr","@id":"https:\/\/testwebsite.citygame.com\/tr\/games\/urk\/secrets-of-urk\/#primaryimage","url":"https:\/\/testwebsite.citygame.com\/wp-content\/blogs.dir\/1\/files\/sites\/62\/2026\/03\/group-of-players-looking-at-phone-by-the-kerkje-aan-de-zee-in-urk.jpg","contentUrl":"https:\/\/testwebsite.citygame.com\/wp-content\/blogs.dir\/1\/files\/sites\/62\/2026\/03\/group-of-players-looking-at-phone-by-the-kerkje-aan-de-zee-in-urk.jpg","width":1024,"height":1024,"caption":"A group of friends enjoying a city game together on a sunny day in Urk."},{"@type":"BreadcrumbList","@id":"https:\/\/testwebsite.citygame.com\/tr\/games\/urk\/secrets-of-urk\/#breadcrumb","itemListElement":[{"@type":"ListItem","position":1,"name":"Home","item":"https:\/\/testwebsite.citygame.com\/tr\/"},{"@type":"ListItem","position":2,"name":"Shop","item":"https:\/\/testwebsite.citygame.com\/shop\/"},{"@type":"ListItem","position":3,"name":"Secrets of Urk"}]},{"@type":"WebSite","@id":"https:\/\/testwebsite.upevents.nl\/#website","url":"https:\/\/testwebsite.upevents.nl\/","name":"City Game","description":"","publisher":{"@id":"https:\/\/testwebsite.upevents.nl\/#organization"},"alternateName":"citygame.com","potentialAction":[{"@type":"SearchAction","target":{"@type":"EntryPoint","urlTemplate":"https:\/\/testwebsite.upevents.nl\/?s={search_term_string}"},"query-input":{"@type":"PropertyValueSpecification","valueRequired":true,"valueName":"search_term_string"}}],"inLanguage":"tr"},{"@type":["Organization","Place"],"@id":"https:\/\/testwebsite.upevents.nl\/#organization","name":"City Game","alternateName":"citygame.com","url":"https:\/\/testwebsite.upevents.nl\/","logo":{"@id":"https:\/\/testwebsite.citygame.com\/tr\/games\/urk\/secrets-of-urk\/#local-main-organization-logo"},"image":{"@id":"https:\/\/testwebsite.citygame.com\/tr\/games\/urk\/secrets-of-urk\/#local-main-organization-logo"},"sameAs":["https:\/\/www.facebook.com\/profile.php?id=100086426226253","https:\/\/www.instagram.com\/citygame_com","https:\/\/www.tiktok.com\/@citygamecom\/","https:\/\/www.linkedin.com\/company\/citygame-com"],"description":"Turn any city into a playground with our interactive City Games and self-guided tours. Fun, flexible, and ideal for groups and team building.","telephone":[],"openingHoursSpecification":[{"@type":"OpeningHoursSpecification","dayOfWeek":["Monday","Tuesday","Wednesday","Thursday","Friday","Saturday","Sunday"],"opens":"09:00","closes":"17:00"}]},{"@type":"ImageObject","inLanguage":"tr","@id":"https:\/\/testwebsite.citygame.com\/tr\/games\/urk\/secrets-of-urk\/#local-main-organization-logo","url":"https:\/\/testwebsite.citygame.com\/wp-content\/blogs.dir\/1\/files\/sites\/62\/2025\/10\/CG_LOGO-City-Game.png","contentUrl":"https:\/\/testwebsite.citygame.com\/wp-content\/blogs.dir\/1\/files\/sites\/62\/2025\/10\/CG_LOGO-City-Game.png","width":351,"height":377,"caption":"City Game"}]}},"taxonomy_info":{"game-concept":[{"value":732,"label":"Secrets"}],"location":[{"value":409,"label":"Urk"}],"product_cat":[{"value":27,"label":"Geen categorie"}]},"featured_image_src_large":["https:\/\/testwebsite.citygame.com\/wp-content\/blogs.dir\/1\/files\/sites\/62\/2026\/03\/group-of-players-looking-at-phone-by-the-kerkje-aan-de-zee-in-urk.jpg",1024,1024,false],"author_info":[],"comment_info":"","_links":{"self":[{"href":"https:\/\/testwebsite.citygame.com\/tr\/wp-json\/wp\/v2\/product\/66804","targetHints":{"allow":["GET"]}}],"collection":[{"href":"https:\/\/testwebsite.citygame.com\/tr\/wp-json\/wp\/v2\/product"}],"about":[{"href":"https:\/\/testwebsite.citygame.com\/tr\/wp-json\/wp\/v2\/types\/product"}],"acf:post":[{"embeddable":true,"href":"https:\/\/testwebsite.citygame.com\/tr\/wp-json\/wp\/v2\/pages\/15875"}],"wp:featuredmedia":[{"embeddable":true,"href":"https:\/\/testwebsite.citygame.com\/tr\/wp-json\/wp\/v2\/media\/19008"}],"wp:attachment":[{"href":"https:\/\/testwebsite.citygame.com\/tr\/wp-json\/wp\/v2\/media?parent=66804"}],"wp:term":[{"taxonomy":"game-concept","embeddable":true,"href":"https:\/\/testwebsite.citygame.com\/tr\/wp-json\/wp\/v2\/game-concept?post=66804"},{"taxonomy":"location","embeddable":true,"href":"https:\/\/testwebsite.citygame.com\/tr\/wp-json\/wp\/v2\/location?post=66804"},{"taxonomy":"product_brand","embeddable":true,"href":"https:\/\/testwebsite.citygame.com\/tr\/wp-json\/wp\/v2\/product_brand?post=66804"},{"taxonomy":"product_cat","embeddable":true,"href":"https:\/\/testwebsite.citygame.com\/tr\/wp-json\/wp\/v2\/product_cat?post=66804"},{"taxonomy":"product_tag","embeddable":true,"href":"https:\/\/testwebsite.citygame.com\/tr\/wp-json\/wp\/v2\/product_tag?post=66804"}],"curies":[{"name":"wp","href":"https:\/\/api.w.org\/{rel}","templated":true}]}}