{"id":66649,"date":"2026-03-13T19:09:58","date_gmt":"2026-03-13T19:09:58","guid":{"rendered":"https:\/\/testwebsite.citygame.com\/games\/unknown-location\/secrets-of-montfoort\/"},"modified":"2026-04-08T22:01:47","modified_gmt":"2026-04-08T22:01:47","slug":"secrets-of-montfoort","status":"publish","type":"product","link":"https:\/\/testwebsite.citygame.com\/tr\/games\/montfoort\/secrets-of-montfoort\/","title":{"rendered":"Secrets of Montfoort"},"content":{"rendered":"<p>Montfoort \u015fehir merkezinde heyecan verici, kendi kendine rehberli, GPS tabanl\u0131 bir \u015eehir Oyunu&#8217;nun keyfini \u00e7\u0131kar\u0131n. Bu ke\u015fif oyunu, ak\u0131ll\u0131 telefonunuzu kullanarak karma\u015f\u0131k tasarlanm\u0131\u015f bulmacalar\u0131, bilmeceleri \u00e7\u00f6zmenizi ve \u015fehirdeki interaktif foto\u011fraf g\u00f6revlerine kat\u0131lman\u0131z\u0131 i\u00e7erir. Bu s\u00fcr\u00fckleyici deneyim sayesinde oyuncular, Montfoort&#8217;un k\u00fclt\u00fcr\u00fcn\u00fc, tarihini ve genellikle g\u00f6zden ka\u00e7an b\u00fcy\u00fcleyici detaylar\u0131n\u0131 ortaya \u00e7\u0131kar\u0131r. Bu aktivite sadece \u015fehri farkl\u0131 bir perspektiften anlamak isteyen ziyaret\u00e7iler i\u00e7in de\u011fil, ayn\u0131 zamanda \u015fehirlerini yeniden ke\u015ffetmeye hevesli yerel halk i\u00e7in de idealdir. City Game Montfoort, yaln\u0131z ka\u015fifler, \u00e7iftler, aileler ve hatta arkada\u015f gruplar\u0131 i\u00e7in harika \u00e7al\u0131\u015f\u0131r, herkese \u015fehri deneyimlemenin e\u015fsiz ve ilgi \u00e7ekici bir yolunu sunar.<\/p>\n","protected":false},"excerpt":{"rendered":"<p>Montfoort&#8217;un Orta\u00e7a\u011f \u0130hti\u015fam\u0131n\u0131 Ke\u015ffedin! Tarihin antik kalelerden f\u0131s\u0131ldad\u0131\u011f\u0131 ve k\u00fclt\u00fcr\u00fcn y\u00fczy\u0131ll\u0131k sokaklardan akt\u0131\u011f\u0131 bir kasabada maceraya at\u0131l\u0131n. B\u00fcy\u00fcleyici kalbinde dola\u015f\u0131rken bilmeceleri \u00e7\u00f6z\u00fcn, Montfoort her ad\u0131mda harikalarla dolu!<\/p>\n","protected":false},"featured_media":18872,"template":"","meta":{"_acf_changed":false,"_yoast_wpseo_focuskw":"Secrets of Montfoort","_yoast_wpseo_metadesc":"Secrets of Montfoort. Kendi kendine rehberli bir \u015eehir Oyunu oynay\u0131n ve \u015fehri bulmacalar, bilmeceler ve g\u00f6revlerle ke\u015ffedin. Kendi h\u0131z\u0131n\u0131zda oynay\u0131n ve bir yerel gibi ke\u015ffedin!","_kad_blocks_custom_css":"","_kad_blocks_head_custom_js":"","_kad_blocks_body_custom_js":"","_kad_blocks_footer_custom_js":"","ghostkit_customizer_options":"","ghostkit_custom_css":"","ghostkit_custom_js_head":"","ghostkit_custom_js_foot":"","ghostkit_typography":"","_kad_post_transparent":"","_kad_post_title":"","_kad_post_layout":"","_kad_post_sidebar_id":"","_kad_post_content_style":"","_kad_post_vertical_padding":"","_kad_post_feature":"","_kad_post_feature_position":"","_kad_post_header":false,"_kad_post_footer":false,"_kad_post_classname":"","_links_to":"","_links_to_target":""},"game-concept":[732],"location":[282],"product_brand":[],"product_cat":[27],"product_tag":[],"class_list":{"0":"post-66649","1":"product","2":"type-product","3":"status-publish","4":"has-post-thumbnail","6":"game-concept-secrets","7":"location-montfoort","8":"product_cat-geen-categorie","10":"first","11":"instock","12":"shipping-taxable","13":"purchasable","14":"product-type-simple","15":"entry","16":"content-bg","17":"loop-entry"},"acf":{"full_bokun_product_name":"Self-Guided Secrets of Montfoort Exploration Game","location_name":"Montfoort","bokun_calendar_widget_code":"<script type=\"text\/javascript\" src=\"https:\/\/widgets.bokun.io\/assets\/javascripts\/apps\/build\/BokunWidgetsLoader.js?bookingChannelUUID=a1e93e96-5232-4734-a595-28405f4b5a31\" async><\/script>\n     \n    <div class=\"bokunWidget\" data-src=\"https:\/\/widgets.bokun.io\/online-sales\/a1e93e96-5232-4734-a595-28405f4b5a31\/experience-calendar\/895754\"><\/div>\n    <noscript>Please enable javascript in your browser to book<\/noscript>","bokun_button_widget_code":"<script type=\"text\/javascript\" src=\"https:\/\/widgets.bokun.io\/assets\/javascripts\/apps\/build\/BokunWidgetsLoader.js?bookingChannelUUID=a1e93e96-5232-4734-a595-28405f4b5a31\" async><\/script>\n      <style> #bokun_ed001e45_5927_4f62_b470_ca766338d083 { display: inline-block; padding: .4em 1em; background: #47b82e; border-radius: 999999px; box-shadow: none; font-weight: 600; font-size: 24px; text-decoration: none; text-align: center; color: #FFFFFF; border:none; cursor: pointer; transition: background .2s ease; } #bokun_ed001e45_5927_4f62_b470_ca766338d083:hover{ background: #2f7b1f; } #bokun_ed001e45_5927_4f62_b470_ca766338d083:active{ background: #378f24; } <\/style> <button class=\"bokunButton\" disabled id=bokun_ed001e45_5927_4f62_b470_ca766338d083 data-src=\"https:\/\/widgets.bokun.io\/online-sales\/a1e93e96-5232-4734-a595-28405f4b5a31\/experience-calendar\/895754?partialView=1\" data-testid=\"widget-book-button\" > Book now <\/button> ","what_you\u2019ll_experience_during_the_game":"Gezi ve hikaye anlat\u0131m\u0131n\u0131n e\u015fsiz bir kar\u0131\u015f\u0131m\u0131 olan interaktif \u015eehir Oyunumuzla Montfoort'un nefes kesen g\u00fczelli\u011fine kendinizi b\u0131rak\u0131n. \u015eehirde gezinirken, hem \u00fcnl\u00fc yerleri hem de gizli m\u00fccevherleri kendini g\u00f6sterecek, her biri karma\u015f\u0131k bir anlat\u0131 bulmacas\u0131n\u0131n bir par\u00e7as\u0131n\u0131 sunacak. \u0130ster Montfoort Kalesi'nin tarihi cazibesi, ister Linschoten River \u00e7evresindeki sakin atmosfer, ister eski \u015fehir merkezinin rustik sokaklar\u0131 olsun, her yer ke\u015ffedilmeyi bekleyen bir s\u0131r saklar. Bu ke\u015fif oyunu size Montfoort'a taze, benzersiz bir bak\u0131\u015f a\u00e7\u0131s\u0131 sunar, \u015fehirde basit bir y\u00fcr\u00fcy\u00fc\u015f\u00fc zengin tarihi ve yerel ya\u015fam\u0131na do\u011fru bir ke\u015fif gezisine d\u00f6n\u00fc\u015ft\u00fcr\u00fcr. \n\nMontfoort'ta bir dedektife d\u00f6n\u00fc\u015f\u00fcn, \u015fifreli bilmeceleri, ilgi \u00e7ekici sorular\u0131 ve e\u011flenceli foto\u011fraf g\u00f6revlerini \u00e7\u00f6z\u00fcn. \u00c7\u00f6z\u00fclen her bulmaca size sadece puan kazand\u0131rmakla kalmaz, ayn\u0131 zamanda \u015fehrin dokusuna ustaca i\u015flenmi\u015f ilgi \u00e7ekici bir gizemi \u00e7\u00f6zmeye do\u011fru bir ad\u0131md\u0131r. Zaman k\u0131s\u0131tlamalar\u0131 hakk\u0131nda endi\u015felenmeyin, oyunu diledi\u011finiz zaman duraklatabilir ve yeniden ba\u015flatabilirsiniz. Rekabet\u00e7i biriyseniz, lider tablomuzda zirveye oynamay\u0131 hedefleyebilir, oyunu daha da heyecanl\u0131 bir deneyim haline getirebilirsiniz. Gelin, bu ke\u015fif dolu \u015eehir Oyunu'na at\u0131l\u0131n ve Montfoort'u yepyeni bir \u0131\u015f\u0131kta deneyimleyin.","how_to_play":"Ke\u015fif Oyunu'nu rezerve edin, size g\u00f6nderdi\u011fimiz basit talimatlar\u0131 i\u00e7eren e-postay\u0131 kontrol edin, Loquiz App'i indirin, Ke\u015fif Oyunu'na eri\u015fin ve oyun deneyiminize ba\u015flamaya haz\u0131rs\u0131n\u0131z!","start_location":"Montfoort, Lange Kerkstraat","available_languages":["en"],"players_per_group":"1-4","duration":"1.5-2 hours","image_overlay_color_image":"https:\/\/testwebsite.citygame.com\/wp-content\/blogs.dir\/1\/files\/sites\/62\/2026\/01\/SecretsColor.svg","image_overlay_game_logo":"https:\/\/testwebsite.citygame.com\/wp-content\/blogs.dir\/1\/files\/sites\/62\/2026\/01\/SecretsLogo.png","city_page":15851,"woocommerce_general_content":null},"yoast_head":"<!-- This site is optimized with the Yoast SEO Premium plugin v26.2 (Yoast SEO v26.3) - https:\/\/yoast.com\/wordpress\/plugins\/seo\/ -->\n<title>Secrets of Montfoort - City Game<\/title>\n<meta name=\"description\" content=\"Secrets of Montfoort. Kendi kendine rehberli bir \u015eehir Oyunu oynay\u0131n ve \u015fehri bulmacalar, bilmeceler ve g\u00f6revlerle ke\u015ffedin. Kendi h\u0131z\u0131n\u0131zda oynay\u0131n ve bir yerel gibi ke\u015ffedin!\" \/>\n<meta name=\"robots\" content=\"noindex, follow, max-snippet:-1, max-image-preview:large, max-video-preview:-1\" \/>\n<meta property=\"og:locale\" content=\"tr_TR\" \/>\n<meta property=\"og:type\" content=\"article\" \/>\n<meta property=\"og:title\" content=\"Secrets of Montfoort\" \/>\n<meta property=\"og:description\" content=\"Secrets of Montfoort. Kendi kendine rehberli bir \u015eehir Oyunu oynay\u0131n ve \u015fehri bulmacalar, bilmeceler ve g\u00f6revlerle ke\u015ffedin. Kendi h\u0131z\u0131n\u0131zda oynay\u0131n ve bir yerel gibi ke\u015ffedin!\" \/>\n<meta property=\"og:url\" content=\"https:\/\/testwebsite.citygame.com\/tr\/games\/montfoort\/secrets-of-montfoort\/\" \/>\n<meta property=\"og:site_name\" content=\"City Game\" \/>\n<meta property=\"article:publisher\" content=\"https:\/\/www.facebook.com\/profile.php?id=100086426226253\" \/>\n<meta property=\"article:modified_time\" content=\"2026-04-08T22:01:47+00:00\" \/>\n<meta property=\"og:image\" content=\"https:\/\/testwebsite.citygame.com\/wp-content\/blogs.dir\/1\/files\/sites\/62\/2026\/03\/montfoort-group-players-city-game.jpg\" \/>\n\t<meta property=\"og:image:width\" content=\"1024\" \/>\n\t<meta property=\"og:image:height\" content=\"1024\" \/>\n\t<meta property=\"og:image:type\" content=\"image\/jpeg\" \/>\n<meta name=\"twitter:card\" content=\"summary_large_image\" \/>\n<meta name=\"twitter:label1\" content=\"Tahmini okuma s\u00fcresi\" \/>\n\t<meta name=\"twitter:data1\" content=\"1 dakika\" \/>\n<script type=\"application\/ld+json\" class=\"yoast-schema-graph\">{\"@context\":\"https:\/\/schema.org\",\"@graph\":[{\"@type\":\"WebPage\",\"@id\":\"https:\/\/testwebsite.citygame.com\/tr\/games\/montfoort\/secrets-of-montfoort\/\",\"url\":\"https:\/\/testwebsite.citygame.com\/tr\/games\/montfoort\/secrets-of-montfoort\/\",\"name\":\"Secrets of Montfoort - City Game\",\"isPartOf\":{\"@id\":\"https:\/\/testwebsite.upevents.nl\/#website\"},\"primaryImageOfPage\":{\"@id\":\"https:\/\/testwebsite.citygame.com\/tr\/games\/montfoort\/secrets-of-montfoort\/#primaryimage\"},\"image\":{\"@id\":\"https:\/\/testwebsite.citygame.com\/tr\/games\/montfoort\/secrets-of-montfoort\/#primaryimage\"},\"thumbnailUrl\":\"https:\/\/testwebsite.citygame.com\/wp-content\/blogs.dir\/1\/files\/sites\/62\/2026\/03\/montfoort-group-players-city-game.jpg\",\"datePublished\":\"2026-03-13T19:09:58+00:00\",\"dateModified\":\"2026-04-08T22:01:47+00:00\",\"description\":\"Secrets of Montfoort. Kendi kendine rehberli bir \u015eehir Oyunu oynay\u0131n ve \u015fehri bulmacalar, bilmeceler ve g\u00f6revlerle ke\u015ffedin. Kendi h\u0131z\u0131n\u0131zda oynay\u0131n ve bir yerel gibi ke\u015ffedin!\",\"breadcrumb\":{\"@id\":\"https:\/\/testwebsite.citygame.com\/tr\/games\/montfoort\/secrets-of-montfoort\/#breadcrumb\"},\"inLanguage\":\"tr\",\"potentialAction\":[{\"@type\":\"ReadAction\",\"target\":[\"https:\/\/testwebsite.citygame.com\/tr\/games\/montfoort\/secrets-of-montfoort\/\"]}]},{\"@type\":\"ImageObject\",\"inLanguage\":\"tr\",\"@id\":\"https:\/\/testwebsite.citygame.com\/tr\/games\/montfoort\/secrets-of-montfoort\/#primaryimage\",\"url\":\"https:\/\/testwebsite.citygame.com\/wp-content\/blogs.dir\/1\/files\/sites\/62\/2026\/03\/montfoort-group-players-city-game.jpg\",\"contentUrl\":\"https:\/\/testwebsite.citygame.com\/wp-content\/blogs.dir\/1\/files\/sites\/62\/2026\/03\/montfoort-group-players-city-game.jpg\",\"width\":1024,\"height\":1024,\"caption\":\"A team of friends collaborates on a challenge using a smartphone during their city game in Montfoort.\"},{\"@type\":\"BreadcrumbList\",\"@id\":\"https:\/\/testwebsite.citygame.com\/tr\/games\/montfoort\/secrets-of-montfoort\/#breadcrumb\",\"itemListElement\":[{\"@type\":\"ListItem\",\"position\":1,\"name\":\"Home\",\"item\":\"https:\/\/testwebsite.citygame.com\/tr\/\"},{\"@type\":\"ListItem\",\"position\":2,\"name\":\"Shop\",\"item\":\"https:\/\/testwebsite.citygame.com\/shop\/\"},{\"@type\":\"ListItem\",\"position\":3,\"name\":\"Secrets of Montfoort\"}]},{\"@type\":\"WebSite\",\"@id\":\"https:\/\/testwebsite.upevents.nl\/#website\",\"url\":\"https:\/\/testwebsite.upevents.nl\/\",\"name\":\"City Game\",\"description\":\"\",\"publisher\":{\"@id\":\"https:\/\/testwebsite.upevents.nl\/#organization\"},\"alternateName\":\"citygame.com\",\"potentialAction\":[{\"@type\":\"SearchAction\",\"target\":{\"@type\":\"EntryPoint\",\"urlTemplate\":\"https:\/\/testwebsite.upevents.nl\/?s={search_term_string}\"},\"query-input\":{\"@type\":\"PropertyValueSpecification\",\"valueRequired\":true,\"valueName\":\"search_term_string\"}}],\"inLanguage\":\"tr\"},{\"@type\":[\"Organization\",\"Place\"],\"@id\":\"https:\/\/testwebsite.upevents.nl\/#organization\",\"name\":\"City Game\",\"alternateName\":\"citygame.com\",\"url\":\"https:\/\/testwebsite.upevents.nl\/\",\"logo\":{\"@id\":\"https:\/\/testwebsite.citygame.com\/tr\/games\/montfoort\/secrets-of-montfoort\/#local-main-organization-logo\"},\"image\":{\"@id\":\"https:\/\/testwebsite.citygame.com\/tr\/games\/montfoort\/secrets-of-montfoort\/#local-main-organization-logo\"},\"sameAs\":[\"https:\/\/www.facebook.com\/profile.php?id=100086426226253\",\"https:\/\/www.instagram.com\/citygame_com\",\"https:\/\/www.tiktok.com\/@citygamecom\/\",\"https:\/\/www.linkedin.com\/company\/citygame-com\"],\"description\":\"Turn any city into a playground with our interactive City Games and self-guided tours. Fun, flexible, and ideal for groups and team building.\",\"telephone\":[],\"openingHoursSpecification\":[{\"@type\":\"OpeningHoursSpecification\",\"dayOfWeek\":[\"Monday\",\"Tuesday\",\"Wednesday\",\"Thursday\",\"Friday\",\"Saturday\",\"Sunday\"],\"opens\":\"09:00\",\"closes\":\"17:00\"}]},{\"@type\":\"ImageObject\",\"inLanguage\":\"tr\",\"@id\":\"https:\/\/testwebsite.citygame.com\/tr\/games\/montfoort\/secrets-of-montfoort\/#local-main-organization-logo\",\"url\":\"https:\/\/testwebsite.citygame.com\/wp-content\/blogs.dir\/1\/files\/sites\/62\/2025\/10\/CG_LOGO-City-Game.png\",\"contentUrl\":\"https:\/\/testwebsite.citygame.com\/wp-content\/blogs.dir\/1\/files\/sites\/62\/2025\/10\/CG_LOGO-City-Game.png\",\"width\":351,\"height\":377,\"caption\":\"City Game\"}]}<\/script>\n<!-- \/ Yoast SEO Premium plugin. -->","yoast_head_json":{"title":"Secrets of Montfoort - City Game","description":"Secrets of Montfoort. Kendi kendine rehberli bir \u015eehir Oyunu oynay\u0131n ve \u015fehri bulmacalar, bilmeceler ve g\u00f6revlerle ke\u015ffedin. Kendi h\u0131z\u0131n\u0131zda oynay\u0131n ve bir yerel gibi ke\u015ffedin!","robots":{"index":"noindex","follow":"follow","max-snippet":"max-snippet:-1","max-image-preview":"max-image-preview:large","max-video-preview":"max-video-preview:-1"},"og_locale":"tr_TR","og_type":"article","og_title":"Secrets of Montfoort","og_description":"Secrets of Montfoort. Kendi kendine rehberli bir \u015eehir Oyunu oynay\u0131n ve \u015fehri bulmacalar, bilmeceler ve g\u00f6revlerle ke\u015ffedin. Kendi h\u0131z\u0131n\u0131zda oynay\u0131n ve bir yerel gibi ke\u015ffedin!","og_url":"https:\/\/testwebsite.citygame.com\/tr\/games\/montfoort\/secrets-of-montfoort\/","og_site_name":"City Game","article_publisher":"https:\/\/www.facebook.com\/profile.php?id=100086426226253","article_modified_time":"2026-04-08T22:01:47+00:00","og_image":[{"width":1024,"height":1024,"url":"https:\/\/testwebsite.citygame.com\/wp-content\/blogs.dir\/1\/files\/sites\/62\/2026\/03\/montfoort-group-players-city-game.jpg","type":"image\/jpeg"}],"twitter_card":"summary_large_image","twitter_misc":{"Tahmini okuma s\u00fcresi":"1 dakika"},"schema":{"@context":"https:\/\/schema.org","@graph":[{"@type":"WebPage","@id":"https:\/\/testwebsite.citygame.com\/tr\/games\/montfoort\/secrets-of-montfoort\/","url":"https:\/\/testwebsite.citygame.com\/tr\/games\/montfoort\/secrets-of-montfoort\/","name":"Secrets of Montfoort - City Game","isPartOf":{"@id":"https:\/\/testwebsite.upevents.nl\/#website"},"primaryImageOfPage":{"@id":"https:\/\/testwebsite.citygame.com\/tr\/games\/montfoort\/secrets-of-montfoort\/#primaryimage"},"image":{"@id":"https:\/\/testwebsite.citygame.com\/tr\/games\/montfoort\/secrets-of-montfoort\/#primaryimage"},"thumbnailUrl":"https:\/\/testwebsite.citygame.com\/wp-content\/blogs.dir\/1\/files\/sites\/62\/2026\/03\/montfoort-group-players-city-game.jpg","datePublished":"2026-03-13T19:09:58+00:00","dateModified":"2026-04-08T22:01:47+00:00","description":"Secrets of Montfoort. Kendi kendine rehberli bir \u015eehir Oyunu oynay\u0131n ve \u015fehri bulmacalar, bilmeceler ve g\u00f6revlerle ke\u015ffedin. Kendi h\u0131z\u0131n\u0131zda oynay\u0131n ve bir yerel gibi ke\u015ffedin!","breadcrumb":{"@id":"https:\/\/testwebsite.citygame.com\/tr\/games\/montfoort\/secrets-of-montfoort\/#breadcrumb"},"inLanguage":"tr","potentialAction":[{"@type":"ReadAction","target":["https:\/\/testwebsite.citygame.com\/tr\/games\/montfoort\/secrets-of-montfoort\/"]}]},{"@type":"ImageObject","inLanguage":"tr","@id":"https:\/\/testwebsite.citygame.com\/tr\/games\/montfoort\/secrets-of-montfoort\/#primaryimage","url":"https:\/\/testwebsite.citygame.com\/wp-content\/blogs.dir\/1\/files\/sites\/62\/2026\/03\/montfoort-group-players-city-game.jpg","contentUrl":"https:\/\/testwebsite.citygame.com\/wp-content\/blogs.dir\/1\/files\/sites\/62\/2026\/03\/montfoort-group-players-city-game.jpg","width":1024,"height":1024,"caption":"A team of friends collaborates on a challenge using a smartphone during their city game in Montfoort."},{"@type":"BreadcrumbList","@id":"https:\/\/testwebsite.citygame.com\/tr\/games\/montfoort\/secrets-of-montfoort\/#breadcrumb","itemListElement":[{"@type":"ListItem","position":1,"name":"Home","item":"https:\/\/testwebsite.citygame.com\/tr\/"},{"@type":"ListItem","position":2,"name":"Shop","item":"https:\/\/testwebsite.citygame.com\/shop\/"},{"@type":"ListItem","position":3,"name":"Secrets of Montfoort"}]},{"@type":"WebSite","@id":"https:\/\/testwebsite.upevents.nl\/#website","url":"https:\/\/testwebsite.upevents.nl\/","name":"City Game","description":"","publisher":{"@id":"https:\/\/testwebsite.upevents.nl\/#organization"},"alternateName":"citygame.com","potentialAction":[{"@type":"SearchAction","target":{"@type":"EntryPoint","urlTemplate":"https:\/\/testwebsite.upevents.nl\/?s={search_term_string}"},"query-input":{"@type":"PropertyValueSpecification","valueRequired":true,"valueName":"search_term_string"}}],"inLanguage":"tr"},{"@type":["Organization","Place"],"@id":"https:\/\/testwebsite.upevents.nl\/#organization","name":"City Game","alternateName":"citygame.com","url":"https:\/\/testwebsite.upevents.nl\/","logo":{"@id":"https:\/\/testwebsite.citygame.com\/tr\/games\/montfoort\/secrets-of-montfoort\/#local-main-organization-logo"},"image":{"@id":"https:\/\/testwebsite.citygame.com\/tr\/games\/montfoort\/secrets-of-montfoort\/#local-main-organization-logo"},"sameAs":["https:\/\/www.facebook.com\/profile.php?id=100086426226253","https:\/\/www.instagram.com\/citygame_com","https:\/\/www.tiktok.com\/@citygamecom\/","https:\/\/www.linkedin.com\/company\/citygame-com"],"description":"Turn any city into a playground with our interactive City Games and self-guided tours. Fun, flexible, and ideal for groups and team building.","telephone":[],"openingHoursSpecification":[{"@type":"OpeningHoursSpecification","dayOfWeek":["Monday","Tuesday","Wednesday","Thursday","Friday","Saturday","Sunday"],"opens":"09:00","closes":"17:00"}]},{"@type":"ImageObject","inLanguage":"tr","@id":"https:\/\/testwebsite.citygame.com\/tr\/games\/montfoort\/secrets-of-montfoort\/#local-main-organization-logo","url":"https:\/\/testwebsite.citygame.com\/wp-content\/blogs.dir\/1\/files\/sites\/62\/2025\/10\/CG_LOGO-City-Game.png","contentUrl":"https:\/\/testwebsite.citygame.com\/wp-content\/blogs.dir\/1\/files\/sites\/62\/2025\/10\/CG_LOGO-City-Game.png","width":351,"height":377,"caption":"City Game"}]}},"taxonomy_info":{"game-concept":[{"value":732,"label":"Secrets"}],"location":[{"value":282,"label":"Montfoort"}],"product_cat":[{"value":27,"label":"Geen categorie"}]},"featured_image_src_large":["https:\/\/testwebsite.citygame.com\/wp-content\/blogs.dir\/1\/files\/sites\/62\/2026\/03\/montfoort-group-players-city-game.jpg",1024,1024,false],"author_info":[],"comment_info":"","_links":{"self":[{"href":"https:\/\/testwebsite.citygame.com\/tr\/wp-json\/wp\/v2\/product\/66649","targetHints":{"allow":["GET"]}}],"collection":[{"href":"https:\/\/testwebsite.citygame.com\/tr\/wp-json\/wp\/v2\/product"}],"about":[{"href":"https:\/\/testwebsite.citygame.com\/tr\/wp-json\/wp\/v2\/types\/product"}],"acf:post":[{"embeddable":true,"href":"https:\/\/testwebsite.citygame.com\/tr\/wp-json\/wp\/v2\/pages\/15851"}],"wp:featuredmedia":[{"embeddable":true,"href":"https:\/\/testwebsite.citygame.com\/tr\/wp-json\/wp\/v2\/media\/18872"}],"wp:attachment":[{"href":"https:\/\/testwebsite.citygame.com\/tr\/wp-json\/wp\/v2\/media?parent=66649"}],"wp:term":[{"taxonomy":"game-concept","embeddable":true,"href":"https:\/\/testwebsite.citygame.com\/tr\/wp-json\/wp\/v2\/game-concept?post=66649"},{"taxonomy":"location","embeddable":true,"href":"https:\/\/testwebsite.citygame.com\/tr\/wp-json\/wp\/v2\/location?post=66649"},{"taxonomy":"product_brand","embeddable":true,"href":"https:\/\/testwebsite.citygame.com\/tr\/wp-json\/wp\/v2\/product_brand?post=66649"},{"taxonomy":"product_cat","embeddable":true,"href":"https:\/\/testwebsite.citygame.com\/tr\/wp-json\/wp\/v2\/product_cat?post=66649"},{"taxonomy":"product_tag","embeddable":true,"href":"https:\/\/testwebsite.citygame.com\/tr\/wp-json\/wp\/v2\/product_tag?post=66649"}],"curies":[{"name":"wp","href":"https:\/\/api.w.org\/{rel}","templated":true}]}}