{"id":66525,"date":"2026-03-13T17:58:23","date_gmt":"2026-03-13T17:58:23","guid":{"rendered":"https:\/\/testwebsite.citygame.com\/games\/unknown-location\/secrets-of-hoek-van-holland\/"},"modified":"2026-04-08T20:57:47","modified_gmt":"2026-04-08T20:57:47","slug":"secrets-of-hoek-van-holland","status":"publish","type":"product","link":"https:\/\/testwebsite.citygame.com\/tr\/games\/hoek-van-holland\/secrets-of-hoek-van-holland\/","title":{"rendered":"Secrets of Hoek van Holland"},"content":{"rendered":"<p>Kendi kendine rehberli, GPS tabanl\u0131 Secrets of Hoek van Holland \u015eehir Oyunu ile e\u015fsiz bir maceraya at\u0131l\u0131n. Ola\u011fan\u00fcst\u00fc bir ke\u015fif yolculu\u011fu olarak, Hoek van Holland \u015fehir merkezinde ger\u00e7ekle\u015fen bu oyun, oyuncular\u0131 ak\u0131ll\u0131 telefonlar\u0131n\u0131 kullanarak heyecan verici bilmeceler, ilgi \u00e7ekici bulmacalar ve e\u011flenceli foto\u011fraf zorluklar\u0131n\u0131 \u00e7\u00f6zerek \u015fehrin sokaklar\u0131n\u0131 ke\u015ffetmeye te\u015fvik ediyor. Oyunun gizemlerini \u00e7\u00f6zerken, oyuncular ayn\u0131 zamanda Hoek van Holland&#8217;\u0131n zengin tarihine, k\u00fclt\u00fcr\u00fcne ve beklenmedik detaylar\u0131na da dalacaklar. Hem yerel halk hem de ziyaret\u00e7iler i\u00e7in m\u00fckemmel \u015fekilde tasarlanm\u0131\u015f bu \u015eehir Oyunu, ister yaln\u0131z bir oyuncu olun, ister romantik bir ka\u00e7amakta, aile gezisinde veya arkada\u015f grubuyla olun, ilgin\u00e7 ve e\u011flenceli bir bak\u0131\u015f a\u00e7\u0131s\u0131 sunuyor. Hoek van Holland&#8217;\u0131n canl\u0131 kalbinde ge\u00e7en, e\u015fi benzeri olmayan bir \u015fehir ke\u015fif oyunu.<\/p>\n","protected":false},"excerpt":{"rendered":"<p>Hoek van Holland&#8217;\u0131n Gizli M\u00fccevherlerini Ke\u015ffedin! Tarihi sava\u015f olaylar\u0131n\u0131n hikayelerinin sakin plaj atmosferiyle kusursuzca harmanland\u0131\u011f\u0131, keyifli z\u0131tl\u0131klar\u0131 aras\u0131nda gezinirken gizli bilmeceler hakk\u0131nda tahminler y\u00fcr\u00fctece\u011finiz \u015fehirde yolunuzu bulun &#8211; Hoek van Holland her k\u00f6\u015fesinde \u015fa\u015fk\u0131nl\u0131k sunuyor!<\/p>\n","protected":false},"featured_media":18828,"template":"","meta":{"_acf_changed":false,"_yoast_wpseo_focuskw":"Secrets of Hoek van Holland","_yoast_wpseo_metadesc":"Secrets of Hoek van Holland. Kendi kendine rehberli bir \u015eehir Oyunu oynay\u0131n ve bulmacalar, bilmeceler ve zorluklarla \u015fehri ke\u015ffedin. Kendi h\u0131z\u0131n\u0131zda oynay\u0131n ve bir yerel gibi ke\u015ffedin!","_kad_blocks_custom_css":"","_kad_blocks_head_custom_js":"","_kad_blocks_body_custom_js":"","_kad_blocks_footer_custom_js":"","ghostkit_customizer_options":"","ghostkit_custom_css":"","ghostkit_custom_js_head":"","ghostkit_custom_js_foot":"","ghostkit_typography":"","_kad_post_transparent":"","_kad_post_title":"","_kad_post_layout":"","_kad_post_sidebar_id":"","_kad_post_content_style":"","_kad_post_vertical_padding":"","_kad_post_feature":"","_kad_post_feature_position":"","_kad_post_header":false,"_kad_post_footer":false,"_kad_post_classname":"","_links_to":"","_links_to_target":""},"game-concept":[732],"location":[200],"product_brand":[],"product_cat":[27],"product_tag":[],"class_list":{"0":"post-66525","1":"product","2":"type-product","3":"status-publish","4":"has-post-thumbnail","6":"game-concept-secrets","7":"location-hoek-van-holland","8":"product_cat-geen-categorie","10":"first","11":"instock","12":"shipping-taxable","13":"purchasable","14":"product-type-simple","15":"entry","16":"content-bg","17":"loop-entry"},"acf":{"full_bokun_product_name":"Self-Guided Secrets of Hoek van Holland Exploration Game","location_name":"Hoek van Holland","bokun_calendar_widget_code":"<script type=\"text\/javascript\" src=\"https:\/\/widgets.bokun.io\/assets\/javascripts\/apps\/build\/BokunWidgetsLoader.js?bookingChannelUUID=a1e93e96-5232-4734-a595-28405f4b5a31\" async><\/script>\n     \n    <div class=\"bokunWidget\" data-src=\"https:\/\/widgets.bokun.io\/online-sales\/a1e93e96-5232-4734-a595-28405f4b5a31\/experience-calendar\/885100\"><\/div>\n    <noscript>Please enable javascript in your browser to book<\/noscript>","bokun_button_widget_code":"<script type=\"text\/javascript\" src=\"https:\/\/widgets.bokun.io\/assets\/javascripts\/apps\/build\/BokunWidgetsLoader.js?bookingChannelUUID=a1e93e96-5232-4734-a595-28405f4b5a31\" async><\/script>\n      <style> #bokun_ed001e45_5927_4f62_b470_ca766338d083 { display: inline-block; padding: .4em 1em; background: #47b82e; border-radius: 999999px; box-shadow: none; font-weight: 600; font-size: 24px; text-decoration: none; text-align: center; color: #FFFFFF; border:none; cursor: pointer; transition: background .2s ease; } #bokun_ed001e45_5927_4f62_b470_ca766338d083:hover{ background: #2f7b1f; } #bokun_ed001e45_5927_4f62_b470_ca766338d083:active{ background: #378f24; } <\/style> <button class=\"bokunButton\" disabled id=bokun_ed001e45_5927_4f62_b470_ca766338d083 data-src=\"https:\/\/widgets.bokun.io\/online-sales\/a1e93e96-5232-4734-a595-28405f4b5a31\/experience-calendar\/885100?partialView=1\" data-testid=\"widget-book-button\" > Book now <\/button> ","what_you\u2019ll_experience_during_the_game":"S\u00fcr\u00fckleyici \u015eehir Oyunumuzla Hoek van Holland'da ilgi \u00e7ekici bir yolculu\u011fa \u00e7\u0131k\u0131n. Gezmeyi b\u00fcy\u00fcleyici bir hikaye ve bir dizi interaktif zorlukla kusursuzca birle\u015ftiren bu ke\u015fif oyunu, Hollanda'n\u0131n bu b\u00fcy\u00fcleyici b\u00f6lgesinde al\u0131\u015f\u0131lmad\u0131k bir rota sunuyor. Sizi bilindik yollar\u0131n \u00f6tesine, \u015fehrin daha az bilinen b\u00f6lgelerine y\u00f6nlendiriyoruz. \u00c7e\u015fitli \u00f6nemli yap\u0131lar etraf\u0131ndaki gizemleri ve zorluklar\u0131 \u00e7\u00f6zerek kendinizi yerel k\u00fclt\u00fcre b\u0131rak\u0131n, b\u00f6ylece \u015fehrin e\u015fsiz anlat\u0131s\u0131yla dolu, haf\u0131za a\u00e7\u0131s\u0131ndan zengin bir tablo \u00f6rmenize olanak tan\u0131y\u0131n.\n\n\u015eehir Oyununda, keyfiniz \u00e7e\u015fitli bulmacalar, bilmeceler ve ilgi \u00e7ekici sorularla beslenir. Bu yarat\u0131c\u0131 zorluklar puanlar ve de\u011ferli ipu\u00e7lar\u0131 a\u00e7arak, oyunun heyecan verici doruk noktas\u0131 olan merkezi gizemi \u00e7\u00f6zmeye bir ad\u0131m daha yakla\u015fman\u0131z\u0131 sa\u011flar. Rekabet\u00e7i ruhlu olanlar i\u00e7in, maceralar\u0131 s\u0131ras\u0131nda zeka ve keskin g\u00f6r\u00fc\u015f sergilemeleri ko\u015fuluyla liderlik tablosunda y\u00fcksek bir konum bekliyor. Dahas\u0131, bu zihinsel \u00e7aba yolculu\u011funu istedi\u011finiz zaman duraklatabilir ve size uygun \u015fekilde devam edebilirsiniz, bu da Hoek van Holland'\u0131n sunabilece\u011fi s\u00fcrprizlerle dolu, ki\u015fisel h\u0131z\u0131n\u0131za g\u00f6re uyarlanm\u0131\u015f ideal bir deneyim sunar.","how_to_play":"Ke\u015fif Oyununu rezerve edin, size g\u00f6nderdi\u011fimiz basit talimatlar\u0131 i\u00e7eren e-postay\u0131 kontrol edin, Loquiz Uygulamas\u0131n\u0131 indirin, Ke\u015fif Oyununa eri\u015fin ve oyun deneyiminize ba\u015flamaya haz\u0131rs\u0131n\u0131z!","start_location":"Hoek van Holland, Prins Hendrikstraat 281","available_languages":["en"],"players_per_group":"1-4","duration":"1.5-2 hours","image_overlay_color_image":"https:\/\/testwebsite.citygame.com\/wp-content\/blogs.dir\/1\/files\/sites\/62\/2026\/01\/SecretsColor.svg","image_overlay_game_logo":"https:\/\/testwebsite.citygame.com\/wp-content\/blogs.dir\/1\/files\/sites\/62\/2026\/01\/SecretsLogo.png","city_page":15827,"woocommerce_general_content":null},"yoast_head":"<!-- This site is optimized with the Yoast SEO Premium plugin v26.2 (Yoast SEO v26.3) - https:\/\/yoast.com\/wordpress\/plugins\/seo\/ -->\n<title>Secrets of Hoek van Holland - City Game<\/title>\n<meta name=\"description\" content=\"Secrets of Hoek van Holland. Kendi kendine rehberli bir \u015eehir Oyunu oynay\u0131n ve bulmacalar, bilmeceler ve zorluklarla \u015fehri ke\u015ffedin. Kendi h\u0131z\u0131n\u0131zda oynay\u0131n ve bir yerel gibi ke\u015ffedin!\" \/>\n<meta name=\"robots\" content=\"noindex, follow, max-snippet:-1, max-image-preview:large, max-video-preview:-1\" \/>\n<meta property=\"og:locale\" content=\"tr_TR\" \/>\n<meta property=\"og:type\" content=\"article\" \/>\n<meta property=\"og:title\" content=\"Secrets of Hoek van Holland\" \/>\n<meta property=\"og:description\" content=\"Secrets of Hoek van Holland. Kendi kendine rehberli bir \u015eehir Oyunu oynay\u0131n ve bulmacalar, bilmeceler ve zorluklarla \u015fehri ke\u015ffedin. Kendi h\u0131z\u0131n\u0131zda oynay\u0131n ve bir yerel gibi ke\u015ffedin!\" \/>\n<meta property=\"og:url\" content=\"https:\/\/testwebsite.citygame.com\/tr\/games\/hoek-van-holland\/secrets-of-hoek-van-holland\/\" \/>\n<meta property=\"og:site_name\" content=\"City Game\" \/>\n<meta property=\"article:publisher\" content=\"https:\/\/www.facebook.com\/profile.php?id=100086426226253\" \/>\n<meta property=\"article:modified_time\" content=\"2026-04-08T20:57:47+00:00\" \/>\n<meta property=\"og:image\" content=\"https:\/\/testwebsite.citygame.com\/wp-content\/blogs.dir\/1\/files\/sites\/62\/2026\/03\/woman-playing-city-game-on-phone-in-hoek-van-holland-harbour.jpg\" \/>\n\t<meta property=\"og:image:width\" content=\"1024\" \/>\n\t<meta property=\"og:image:height\" content=\"1024\" \/>\n\t<meta property=\"og:image:type\" content=\"image\/jpeg\" \/>\n<meta name=\"twitter:card\" content=\"summary_large_image\" \/>\n<meta name=\"twitter:label1\" content=\"Tahmini okuma s\u00fcresi\" \/>\n\t<meta name=\"twitter:data1\" content=\"1 dakika\" \/>\n<script type=\"application\/ld+json\" class=\"yoast-schema-graph\">{\"@context\":\"https:\/\/schema.org\",\"@graph\":[{\"@type\":\"WebPage\",\"@id\":\"https:\/\/testwebsite.citygame.com\/tr\/games\/hoek-van-holland\/secrets-of-hoek-van-holland\/\",\"url\":\"https:\/\/testwebsite.citygame.com\/tr\/games\/hoek-van-holland\/secrets-of-hoek-van-holland\/\",\"name\":\"Secrets of Hoek van Holland - City Game\",\"isPartOf\":{\"@id\":\"https:\/\/testwebsite.upevents.nl\/#website\"},\"primaryImageOfPage\":{\"@id\":\"https:\/\/testwebsite.citygame.com\/tr\/games\/hoek-van-holland\/secrets-of-hoek-van-holland\/#primaryimage\"},\"image\":{\"@id\":\"https:\/\/testwebsite.citygame.com\/tr\/games\/hoek-van-holland\/secrets-of-hoek-van-holland\/#primaryimage\"},\"thumbnailUrl\":\"https:\/\/testwebsite.citygame.com\/wp-content\/blogs.dir\/1\/files\/sites\/62\/2026\/03\/woman-playing-city-game-on-phone-in-hoek-van-holland-harbour.jpg\",\"datePublished\":\"2026-03-13T17:58:23+00:00\",\"dateModified\":\"2026-04-08T20:57:47+00:00\",\"description\":\"Secrets of Hoek van Holland. Kendi kendine rehberli bir \u015eehir Oyunu oynay\u0131n ve bulmacalar, bilmeceler ve zorluklarla \u015fehri ke\u015ffedin. Kendi h\u0131z\u0131n\u0131zda oynay\u0131n ve bir yerel gibi ke\u015ffedin!\",\"breadcrumb\":{\"@id\":\"https:\/\/testwebsite.citygame.com\/tr\/games\/hoek-van-holland\/secrets-of-hoek-van-holland\/#breadcrumb\"},\"inLanguage\":\"tr\",\"potentialAction\":[{\"@type\":\"ReadAction\",\"target\":[\"https:\/\/testwebsite.citygame.com\/tr\/games\/hoek-van-holland\/secrets-of-hoek-van-holland\/\"]}]},{\"@type\":\"ImageObject\",\"inLanguage\":\"tr\",\"@id\":\"https:\/\/testwebsite.citygame.com\/tr\/games\/hoek-van-holland\/secrets-of-hoek-van-holland\/#primaryimage\",\"url\":\"https:\/\/testwebsite.citygame.com\/wp-content\/blogs.dir\/1\/files\/sites\/62\/2026\/03\/woman-playing-city-game-on-phone-in-hoek-van-holland-harbour.jpg\",\"contentUrl\":\"https:\/\/testwebsite.citygame.com\/wp-content\/blogs.dir\/1\/files\/sites\/62\/2026\/03\/woman-playing-city-game-on-phone-in-hoek-van-holland-harbour.jpg\",\"width\":1024,\"height\":1024,\"caption\":\"A player uses her smartphone to navigate a city game in the harbour of Hoek van Holland.\"},{\"@type\":\"BreadcrumbList\",\"@id\":\"https:\/\/testwebsite.citygame.com\/tr\/games\/hoek-van-holland\/secrets-of-hoek-van-holland\/#breadcrumb\",\"itemListElement\":[{\"@type\":\"ListItem\",\"position\":1,\"name\":\"Home\",\"item\":\"https:\/\/testwebsite.citygame.com\/tr\/\"},{\"@type\":\"ListItem\",\"position\":2,\"name\":\"Shop\",\"item\":\"https:\/\/testwebsite.citygame.com\/shop\/\"},{\"@type\":\"ListItem\",\"position\":3,\"name\":\"Secrets of Hoek van Holland\"}]},{\"@type\":\"WebSite\",\"@id\":\"https:\/\/testwebsite.upevents.nl\/#website\",\"url\":\"https:\/\/testwebsite.upevents.nl\/\",\"name\":\"City Game\",\"description\":\"\",\"publisher\":{\"@id\":\"https:\/\/testwebsite.upevents.nl\/#organization\"},\"alternateName\":\"citygame.com\",\"potentialAction\":[{\"@type\":\"SearchAction\",\"target\":{\"@type\":\"EntryPoint\",\"urlTemplate\":\"https:\/\/testwebsite.upevents.nl\/?s={search_term_string}\"},\"query-input\":{\"@type\":\"PropertyValueSpecification\",\"valueRequired\":true,\"valueName\":\"search_term_string\"}}],\"inLanguage\":\"tr\"},{\"@type\":[\"Organization\",\"Place\"],\"@id\":\"https:\/\/testwebsite.upevents.nl\/#organization\",\"name\":\"City Game\",\"alternateName\":\"citygame.com\",\"url\":\"https:\/\/testwebsite.upevents.nl\/\",\"logo\":{\"@id\":\"https:\/\/testwebsite.citygame.com\/tr\/games\/hoek-van-holland\/secrets-of-hoek-van-holland\/#local-main-organization-logo\"},\"image\":{\"@id\":\"https:\/\/testwebsite.citygame.com\/tr\/games\/hoek-van-holland\/secrets-of-hoek-van-holland\/#local-main-organization-logo\"},\"sameAs\":[\"https:\/\/www.facebook.com\/profile.php?id=100086426226253\",\"https:\/\/www.instagram.com\/citygame_com\",\"https:\/\/www.tiktok.com\/@citygamecom\/\",\"https:\/\/www.linkedin.com\/company\/citygame-com\"],\"description\":\"Turn any city into a playground with our interactive City Games and self-guided tours. Fun, flexible, and ideal for groups and team building.\",\"telephone\":[],\"openingHoursSpecification\":[{\"@type\":\"OpeningHoursSpecification\",\"dayOfWeek\":[\"Monday\",\"Tuesday\",\"Wednesday\",\"Thursday\",\"Friday\",\"Saturday\",\"Sunday\"],\"opens\":\"09:00\",\"closes\":\"17:00\"}]},{\"@type\":\"ImageObject\",\"inLanguage\":\"tr\",\"@id\":\"https:\/\/testwebsite.citygame.com\/tr\/games\/hoek-van-holland\/secrets-of-hoek-van-holland\/#local-main-organization-logo\",\"url\":\"https:\/\/testwebsite.citygame.com\/wp-content\/blogs.dir\/1\/files\/sites\/62\/2025\/10\/CG_LOGO-City-Game.png\",\"contentUrl\":\"https:\/\/testwebsite.citygame.com\/wp-content\/blogs.dir\/1\/files\/sites\/62\/2025\/10\/CG_LOGO-City-Game.png\",\"width\":351,\"height\":377,\"caption\":\"City Game\"}]}<\/script>\n<!-- \/ Yoast SEO Premium plugin. -->","yoast_head_json":{"title":"Secrets of Hoek van Holland - City Game","description":"Secrets of Hoek van Holland. Kendi kendine rehberli bir \u015eehir Oyunu oynay\u0131n ve bulmacalar, bilmeceler ve zorluklarla \u015fehri ke\u015ffedin. Kendi h\u0131z\u0131n\u0131zda oynay\u0131n ve bir yerel gibi ke\u015ffedin!","robots":{"index":"noindex","follow":"follow","max-snippet":"max-snippet:-1","max-image-preview":"max-image-preview:large","max-video-preview":"max-video-preview:-1"},"og_locale":"tr_TR","og_type":"article","og_title":"Secrets of Hoek van Holland","og_description":"Secrets of Hoek van Holland. Kendi kendine rehberli bir \u015eehir Oyunu oynay\u0131n ve bulmacalar, bilmeceler ve zorluklarla \u015fehri ke\u015ffedin. Kendi h\u0131z\u0131n\u0131zda oynay\u0131n ve bir yerel gibi ke\u015ffedin!","og_url":"https:\/\/testwebsite.citygame.com\/tr\/games\/hoek-van-holland\/secrets-of-hoek-van-holland\/","og_site_name":"City Game","article_publisher":"https:\/\/www.facebook.com\/profile.php?id=100086426226253","article_modified_time":"2026-04-08T20:57:47+00:00","og_image":[{"width":1024,"height":1024,"url":"https:\/\/testwebsite.citygame.com\/wp-content\/blogs.dir\/1\/files\/sites\/62\/2026\/03\/woman-playing-city-game-on-phone-in-hoek-van-holland-harbour.jpg","type":"image\/jpeg"}],"twitter_card":"summary_large_image","twitter_misc":{"Tahmini okuma s\u00fcresi":"1 dakika"},"schema":{"@context":"https:\/\/schema.org","@graph":[{"@type":"WebPage","@id":"https:\/\/testwebsite.citygame.com\/tr\/games\/hoek-van-holland\/secrets-of-hoek-van-holland\/","url":"https:\/\/testwebsite.citygame.com\/tr\/games\/hoek-van-holland\/secrets-of-hoek-van-holland\/","name":"Secrets of Hoek van Holland - City Game","isPartOf":{"@id":"https:\/\/testwebsite.upevents.nl\/#website"},"primaryImageOfPage":{"@id":"https:\/\/testwebsite.citygame.com\/tr\/games\/hoek-van-holland\/secrets-of-hoek-van-holland\/#primaryimage"},"image":{"@id":"https:\/\/testwebsite.citygame.com\/tr\/games\/hoek-van-holland\/secrets-of-hoek-van-holland\/#primaryimage"},"thumbnailUrl":"https:\/\/testwebsite.citygame.com\/wp-content\/blogs.dir\/1\/files\/sites\/62\/2026\/03\/woman-playing-city-game-on-phone-in-hoek-van-holland-harbour.jpg","datePublished":"2026-03-13T17:58:23+00:00","dateModified":"2026-04-08T20:57:47+00:00","description":"Secrets of Hoek van Holland. Kendi kendine rehberli bir \u015eehir Oyunu oynay\u0131n ve bulmacalar, bilmeceler ve zorluklarla \u015fehri ke\u015ffedin. Kendi h\u0131z\u0131n\u0131zda oynay\u0131n ve bir yerel gibi ke\u015ffedin!","breadcrumb":{"@id":"https:\/\/testwebsite.citygame.com\/tr\/games\/hoek-van-holland\/secrets-of-hoek-van-holland\/#breadcrumb"},"inLanguage":"tr","potentialAction":[{"@type":"ReadAction","target":["https:\/\/testwebsite.citygame.com\/tr\/games\/hoek-van-holland\/secrets-of-hoek-van-holland\/"]}]},{"@type":"ImageObject","inLanguage":"tr","@id":"https:\/\/testwebsite.citygame.com\/tr\/games\/hoek-van-holland\/secrets-of-hoek-van-holland\/#primaryimage","url":"https:\/\/testwebsite.citygame.com\/wp-content\/blogs.dir\/1\/files\/sites\/62\/2026\/03\/woman-playing-city-game-on-phone-in-hoek-van-holland-harbour.jpg","contentUrl":"https:\/\/testwebsite.citygame.com\/wp-content\/blogs.dir\/1\/files\/sites\/62\/2026\/03\/woman-playing-city-game-on-phone-in-hoek-van-holland-harbour.jpg","width":1024,"height":1024,"caption":"A player uses her smartphone to navigate a city game in the harbour of Hoek van Holland."},{"@type":"BreadcrumbList","@id":"https:\/\/testwebsite.citygame.com\/tr\/games\/hoek-van-holland\/secrets-of-hoek-van-holland\/#breadcrumb","itemListElement":[{"@type":"ListItem","position":1,"name":"Home","item":"https:\/\/testwebsite.citygame.com\/tr\/"},{"@type":"ListItem","position":2,"name":"Shop","item":"https:\/\/testwebsite.citygame.com\/shop\/"},{"@type":"ListItem","position":3,"name":"Secrets of Hoek van Holland"}]},{"@type":"WebSite","@id":"https:\/\/testwebsite.upevents.nl\/#website","url":"https:\/\/testwebsite.upevents.nl\/","name":"City Game","description":"","publisher":{"@id":"https:\/\/testwebsite.upevents.nl\/#organization"},"alternateName":"citygame.com","potentialAction":[{"@type":"SearchAction","target":{"@type":"EntryPoint","urlTemplate":"https:\/\/testwebsite.upevents.nl\/?s={search_term_string}"},"query-input":{"@type":"PropertyValueSpecification","valueRequired":true,"valueName":"search_term_string"}}],"inLanguage":"tr"},{"@type":["Organization","Place"],"@id":"https:\/\/testwebsite.upevents.nl\/#organization","name":"City Game","alternateName":"citygame.com","url":"https:\/\/testwebsite.upevents.nl\/","logo":{"@id":"https:\/\/testwebsite.citygame.com\/tr\/games\/hoek-van-holland\/secrets-of-hoek-van-holland\/#local-main-organization-logo"},"image":{"@id":"https:\/\/testwebsite.citygame.com\/tr\/games\/hoek-van-holland\/secrets-of-hoek-van-holland\/#local-main-organization-logo"},"sameAs":["https:\/\/www.facebook.com\/profile.php?id=100086426226253","https:\/\/www.instagram.com\/citygame_com","https:\/\/www.tiktok.com\/@citygamecom\/","https:\/\/www.linkedin.com\/company\/citygame-com"],"description":"Turn any city into a playground with our interactive City Games and self-guided tours. Fun, flexible, and ideal for groups and team building.","telephone":[],"openingHoursSpecification":[{"@type":"OpeningHoursSpecification","dayOfWeek":["Monday","Tuesday","Wednesday","Thursday","Friday","Saturday","Sunday"],"opens":"09:00","closes":"17:00"}]},{"@type":"ImageObject","inLanguage":"tr","@id":"https:\/\/testwebsite.citygame.com\/tr\/games\/hoek-van-holland\/secrets-of-hoek-van-holland\/#local-main-organization-logo","url":"https:\/\/testwebsite.citygame.com\/wp-content\/blogs.dir\/1\/files\/sites\/62\/2025\/10\/CG_LOGO-City-Game.png","contentUrl":"https:\/\/testwebsite.citygame.com\/wp-content\/blogs.dir\/1\/files\/sites\/62\/2025\/10\/CG_LOGO-City-Game.png","width":351,"height":377,"caption":"City Game"}]}},"taxonomy_info":{"game-concept":[{"value":732,"label":"Secrets"}],"location":[{"value":200,"label":"Hoek van Holland"}],"product_cat":[{"value":27,"label":"Geen categorie"}]},"featured_image_src_large":["https:\/\/testwebsite.citygame.com\/wp-content\/blogs.dir\/1\/files\/sites\/62\/2026\/03\/woman-playing-city-game-on-phone-in-hoek-van-holland-harbour.jpg",1024,1024,false],"author_info":[],"comment_info":"","_links":{"self":[{"href":"https:\/\/testwebsite.citygame.com\/tr\/wp-json\/wp\/v2\/product\/66525","targetHints":{"allow":["GET"]}}],"collection":[{"href":"https:\/\/testwebsite.citygame.com\/tr\/wp-json\/wp\/v2\/product"}],"about":[{"href":"https:\/\/testwebsite.citygame.com\/tr\/wp-json\/wp\/v2\/types\/product"}],"acf:post":[{"embeddable":true,"href":"https:\/\/testwebsite.citygame.com\/tr\/wp-json\/wp\/v2\/pages\/15827"}],"wp:featuredmedia":[{"embeddable":true,"href":"https:\/\/testwebsite.citygame.com\/tr\/wp-json\/wp\/v2\/media\/18828"}],"wp:attachment":[{"href":"https:\/\/testwebsite.citygame.com\/tr\/wp-json\/wp\/v2\/media?parent=66525"}],"wp:term":[{"taxonomy":"game-concept","embeddable":true,"href":"https:\/\/testwebsite.citygame.com\/tr\/wp-json\/wp\/v2\/game-concept?post=66525"},{"taxonomy":"location","embeddable":true,"href":"https:\/\/testwebsite.citygame.com\/tr\/wp-json\/wp\/v2\/location?post=66525"},{"taxonomy":"product_brand","embeddable":true,"href":"https:\/\/testwebsite.citygame.com\/tr\/wp-json\/wp\/v2\/product_brand?post=66525"},{"taxonomy":"product_cat","embeddable":true,"href":"https:\/\/testwebsite.citygame.com\/tr\/wp-json\/wp\/v2\/product_cat?post=66525"},{"taxonomy":"product_tag","embeddable":true,"href":"https:\/\/testwebsite.citygame.com\/tr\/wp-json\/wp\/v2\/product_tag?post=66525"}],"curies":[{"name":"wp","href":"https:\/\/api.w.org\/{rel}","templated":true}]}}