{"id":66384,"date":"2026-03-13T16:35:46","date_gmt":"2026-03-13T16:35:46","guid":{"rendered":"https:\/\/testwebsite.citygame.com\/games\/unknown-location\/secrets-of-giethoorn\/"},"modified":"2026-04-08T19:33:19","modified_gmt":"2026-04-08T19:33:19","slug":"secrets-of-giethoorn","status":"publish","type":"product","link":"https:\/\/testwebsite.citygame.com\/tr\/games\/giethoorn\/secrets-of-giethoorn\/","title":{"rendered":"Secrets of Giethoorn"},"content":{"rendered":"<p>Giethoorn&#8217;un merkezinde ge\u00e7en, kendi kendine rehberli, GPS tabanl\u0131 bir oyun olan &#8220;Secrets of Giethoorn City Game&#8221; ile Giethoorn&#8217;un cazibesini ortaya \u00e7\u0131kar\u0131n. Ak\u0131ll\u0131 telefonunuz kurnaz bir rehber g\u00f6revi g\u00f6rerek sizi ilgi \u00e7ekici bulmacalar, bilmeceler ve foto\u011fraf meydan okumalar\u0131yla dolu s\u00fcr\u00fckleyici bir ke\u015fif oyununa \u00e7\u0131karacak. Giethoorn City Game&#8217;de gezinirken, ister yerel ister ziyaret\u00e7i olun, \u015fehre taze bir bak\u0131\u015f a\u00e7\u0131s\u0131 sunan zengin tarihine, k\u00fclt\u00fcr\u00fcne ve gizli inceliklerine rastlayacaks\u0131n\u0131z. Sadece bireysel bir \u00e7aba de\u011fil, oyun Giethoorn&#8217;u e\u011flenceli ve ilgi \u00e7ekici bir \u015fekilde ke\u015ffetmek isteyen \u00e7iftler, aileler ve arkada\u015f gruplar\u0131 taraf\u0131ndan da oynanabilir.<\/p>\n","protected":false},"excerpt":{"rendered":"<p>Giethoorn&#8217;un Huzurlu Cazibesini Ke\u015ffedin! Zaman\u0131n durmu\u015f gibi g\u00f6r\u00fcnd\u00fc\u011f\u00fc ve tarihin &#8220;Kuzeyin Venedik&#8217;i&#8221;nin huzuru i\u00e7inde f\u0131s\u0131ldad\u0131\u011f\u0131 bir \u015fehirde su yolu labirentlerinde dola\u015f\u0131n. B\u00fcy\u00fcl\u00fc kanallar\u0131n\u0131n ve as\u0131rl\u0131k sazdan evlerinin alt\u0131nda yatan s\u0131rlar\u0131 \u00e7\u00f6zerken, Giethoorn&#8217;u her k\u00fcrek \u00e7eki\u015finizde keyifli gizemlerle dolu bulacaks\u0131n\u0131z!<\/p>\n","protected":false},"featured_media":18780,"template":"","meta":{"_acf_changed":false,"_yoast_wpseo_focuskw":"Secrets of Giethoorn","_yoast_wpseo_metadesc":"Secrets of Giethoorn. Kendi kendine rehberli bir City Game oynay\u0131n ve bulmacalar, bilmeceler ve meydan okumalarla \u015fehri ke\u015ffedin. Kendi h\u0131z\u0131n\u0131zda oynay\u0131n ve bir yerel gibi ke\u015ffedin!","_kad_blocks_custom_css":"","_kad_blocks_head_custom_js":"","_kad_blocks_body_custom_js":"","_kad_blocks_footer_custom_js":"","ghostkit_customizer_options":"","ghostkit_custom_css":"","ghostkit_custom_js_head":"","ghostkit_custom_js_foot":"","ghostkit_typography":"","_kad_post_transparent":"","_kad_post_title":"","_kad_post_layout":"","_kad_post_sidebar_id":"","_kad_post_content_style":"","_kad_post_vertical_padding":"","_kad_post_feature":"","_kad_post_feature_position":"","_kad_post_header":false,"_kad_post_footer":false,"_kad_post_classname":"","_links_to":"","_links_to_target":""},"game-concept":[732],"location":[175],"product_brand":[],"product_cat":[27],"product_tag":[],"class_list":{"0":"post-66384","1":"product","2":"type-product","3":"status-publish","4":"has-post-thumbnail","6":"game-concept-secrets","7":"location-giethoorn","8":"product_cat-geen-categorie","10":"first","11":"instock","12":"shipping-taxable","13":"purchasable","14":"product-type-simple","15":"entry","16":"content-bg","17":"loop-entry"},"acf":{"full_bokun_product_name":"Self-Guided Secrets of Giethoorn Exploration Game","location_name":"Giethoorn","bokun_calendar_widget_code":"<script type=\"text\/javascript\" src=\"https:\/\/widgets.bokun.io\/assets\/javascripts\/apps\/build\/BokunWidgetsLoader.js?bookingChannelUUID=a1e93e96-5232-4734-a595-28405f4b5a31\" async><\/script>\n     \n    <div class=\"bokunWidget\" data-src=\"https:\/\/widgets.bokun.io\/online-sales\/a1e93e96-5232-4734-a595-28405f4b5a31\/experience-calendar\/887816\"><\/div>\n    <noscript>Please enable javascript in your browser to book<\/noscript>","bokun_button_widget_code":"<script type=\"text\/javascript\" src=\"https:\/\/widgets.bokun.io\/assets\/javascripts\/apps\/build\/BokunWidgetsLoader.js?bookingChannelUUID=a1e93e96-5232-4734-a595-28405f4b5a31\" async><\/script>\n      <style> #bokun_ed001e45_5927_4f62_b470_ca766338d083 { display: inline-block; padding: .4em 1em; background: #47b82e; border-radius: 999999px; box-shadow: none; font-weight: 600; font-size: 24px; text-decoration: none; text-align: center; color: #FFFFFF; border:none; cursor: pointer; transition: background .2s ease; } #bokun_ed001e45_5927_4f62_b470_ca766338d083:hover{ background: #2f7b1f; } #bokun_ed001e45_5927_4f62_b470_ca766338d083:active{ background: #378f24; } <\/style> <button class=\"bokunButton\" disabled id=bokun_ed001e45_5927_4f62_b470_ca766338d083 data-src=\"https:\/\/widgets.bokun.io\/online-sales\/a1e93e96-5232-4734-a595-28405f4b5a31\/experience-calendar\/887816?partialView=1\" data-testid=\"widget-book-button\" > Book now <\/button> ","what_you\u2019ll_experience_during_the_game":"Secrets of Giethoorn City Game, gezi, hikaye anlat\u0131m\u0131 ve ilgi \u00e7ekici bulmacalar\u0131n e\u015fsiz bir kar\u0131\u015f\u0131m\u0131d\u0131r. Sakin su yollar\u0131, b\u00fcy\u00fcleyici k\u00f6pr\u00fcler ve pitoresk evler aras\u0131nda dola\u015f\u0131rken, Giethoorn'daki hem \u00fcnl\u00fc yerleri hem de gizli m\u00fccevherleri ke\u015ffedeceksiniz. Oyuncular, b\u00fcy\u00fcleyici kanallar, \u00e7ok say\u0131da \u015firin k\u00f6pr\u00fc ve pitoresk bah\u00e7elere sahip sevimli evler gibi \u00f6nemli yerlerde gezinecekler. Bu s\u00fcr\u00fckleyici deneyim sizi sadece b\u00fcy\u00fcleyici yerlerle tan\u0131\u015ft\u0131rmakla kalmayacak, ayn\u0131 zamanda \u015fehrin b\u00fcy\u00fcleyici atmosferine de dahil edecek. \n\nGiethoorn'da i\u00e7inizdeki dedektifi ortaya \u00e7\u0131karmak, bir dizi bulmaca, bilmece ve d\u00fc\u015f\u00fcnd\u00fcr\u00fcc\u00fc soruyu \u00e7\u00f6zmeyi i\u00e7erir; her biri ke\u015ffinize heyecan verici bir katman ekler. Oyundaki ilerleme, ipu\u00e7lar\u0131n\u0131n kilidini a\u00e7ma ve puan kazanma ile i\u015faretlenir, bu sizi bu City Game'in son gizemini \u00e7\u00f6zmeye yakla\u015ft\u0131r\u0131r. Hevesli oyuncular, s\u00fcr\u00fckleyici yolculu\u011fa tamamen dalarken kendilerini liderlik tablosunda daha y\u00fcksek bir konum i\u00e7in \u00e7abalarken bulurlar. Dahas\u0131, \u015fehrin g\u00fczelli\u011fine hayran olmak i\u00e7in zaman ay\u0131rmak isterseniz, oyunu istedi\u011finiz zaman duraklatabilir ve haz\u0131r oldu\u011funuzda devam edebilirsiniz. \u0130lgi \u00e7ekici meydan okumalarla birle\u015fen bu ak\u0131\u015fkan program, Giethoorn'daki konaklaman\u0131z\u0131 b\u00fcy\u00fcleyici bir aray\u0131\u015fa d\u00f6n\u00fc\u015ft\u00fcr\u00fcr.","how_to_play":"Exploration Game'i ay\u0131rt\u0131n, size g\u00f6nderdi\u011fimiz basit talimatlar\u0131 i\u00e7eren e-postay\u0131 kontrol edin, Loquiz App'i indirin, Exploration Game'e eri\u015fin ve oyun deneyiminize ba\u015flamaya haz\u0131rs\u0131n\u0131z!","start_location":"Giethoorn, Binnenpad","available_languages":["en"],"players_per_group":"1-4","duration":"1.5-2 hours","image_overlay_color_image":"https:\/\/testwebsite.citygame.com\/wp-content\/blogs.dir\/1\/files\/sites\/62\/2026\/01\/SecretsColor.svg","image_overlay_game_logo":"https:\/\/testwebsite.citygame.com\/wp-content\/blogs.dir\/1\/files\/sites\/62\/2026\/01\/SecretsLogo.png","city_page":15800,"woocommerce_general_content":null},"yoast_head":"<!-- This site is optimized with the Yoast SEO Premium plugin v26.2 (Yoast SEO v26.3) - https:\/\/yoast.com\/wordpress\/plugins\/seo\/ -->\n<title>Secrets of Giethoorn - City Game<\/title>\n<meta name=\"description\" content=\"Secrets of Giethoorn. Kendi kendine rehberli bir City Game oynay\u0131n ve bulmacalar, bilmeceler ve meydan okumalarla \u015fehri ke\u015ffedin. Kendi h\u0131z\u0131n\u0131zda oynay\u0131n ve bir yerel gibi ke\u015ffedin!\" \/>\n<meta name=\"robots\" content=\"noindex, follow, max-snippet:-1, max-image-preview:large, max-video-preview:-1\" \/>\n<meta property=\"og:locale\" content=\"tr_TR\" \/>\n<meta property=\"og:type\" content=\"article\" \/>\n<meta property=\"og:title\" content=\"Secrets of Giethoorn\" \/>\n<meta property=\"og:description\" content=\"Secrets of Giethoorn. Kendi kendine rehberli bir City Game oynay\u0131n ve bulmacalar, bilmeceler ve meydan okumalarla \u015fehri ke\u015ffedin. Kendi h\u0131z\u0131n\u0131zda oynay\u0131n ve bir yerel gibi ke\u015ffedin!\" \/>\n<meta property=\"og:url\" content=\"https:\/\/testwebsite.citygame.com\/tr\/games\/giethoorn\/secrets-of-giethoorn\/\" \/>\n<meta property=\"og:site_name\" content=\"City Game\" \/>\n<meta property=\"article:publisher\" content=\"https:\/\/www.facebook.com\/profile.php?id=100086426226253\" \/>\n<meta property=\"article:modified_time\" content=\"2026-04-08T19:33:19+00:00\" \/>\n<meta property=\"og:image\" content=\"https:\/\/testwebsite.citygame.com\/wp-content\/blogs.dir\/1\/files\/sites\/62\/2026\/03\/group-of-friends-playing-a-city-game-in-giethoorn.jpg\" \/>\n\t<meta property=\"og:image:width\" content=\"1024\" \/>\n\t<meta property=\"og:image:height\" content=\"1024\" \/>\n\t<meta property=\"og:image:type\" content=\"image\/jpeg\" \/>\n<meta name=\"twitter:card\" content=\"summary_large_image\" \/>\n<meta name=\"twitter:label1\" content=\"Tahmini okuma s\u00fcresi\" \/>\n\t<meta name=\"twitter:data1\" content=\"1 dakika\" \/>\n<script type=\"application\/ld+json\" class=\"yoast-schema-graph\">{\"@context\":\"https:\/\/schema.org\",\"@graph\":[{\"@type\":\"WebPage\",\"@id\":\"https:\/\/testwebsite.citygame.com\/tr\/games\/giethoorn\/secrets-of-giethoorn\/\",\"url\":\"https:\/\/testwebsite.citygame.com\/tr\/games\/giethoorn\/secrets-of-giethoorn\/\",\"name\":\"Secrets of Giethoorn - City Game\",\"isPartOf\":{\"@id\":\"https:\/\/testwebsite.upevents.nl\/#website\"},\"primaryImageOfPage\":{\"@id\":\"https:\/\/testwebsite.citygame.com\/tr\/games\/giethoorn\/secrets-of-giethoorn\/#primaryimage\"},\"image\":{\"@id\":\"https:\/\/testwebsite.citygame.com\/tr\/games\/giethoorn\/secrets-of-giethoorn\/#primaryimage\"},\"thumbnailUrl\":\"https:\/\/testwebsite.citygame.com\/wp-content\/blogs.dir\/1\/files\/sites\/62\/2026\/03\/group-of-friends-playing-a-city-game-in-giethoorn.jpg\",\"datePublished\":\"2026-03-13T16:35:46+00:00\",\"dateModified\":\"2026-04-08T19:33:19+00:00\",\"description\":\"Secrets of Giethoorn. Kendi kendine rehberli bir City Game oynay\u0131n ve bulmacalar, bilmeceler ve meydan okumalarla \u015fehri ke\u015ffedin. Kendi h\u0131z\u0131n\u0131zda oynay\u0131n ve bir yerel gibi ke\u015ffedin!\",\"breadcrumb\":{\"@id\":\"https:\/\/testwebsite.citygame.com\/tr\/games\/giethoorn\/secrets-of-giethoorn\/#breadcrumb\"},\"inLanguage\":\"tr\",\"potentialAction\":[{\"@type\":\"ReadAction\",\"target\":[\"https:\/\/testwebsite.citygame.com\/tr\/games\/giethoorn\/secrets-of-giethoorn\/\"]}]},{\"@type\":\"ImageObject\",\"inLanguage\":\"tr\",\"@id\":\"https:\/\/testwebsite.citygame.com\/tr\/games\/giethoorn\/secrets-of-giethoorn\/#primaryimage\",\"url\":\"https:\/\/testwebsite.citygame.com\/wp-content\/blogs.dir\/1\/files\/sites\/62\/2026\/03\/group-of-friends-playing-a-city-game-in-giethoorn.jpg\",\"contentUrl\":\"https:\/\/testwebsite.citygame.com\/wp-content\/blogs.dir\/1\/files\/sites\/62\/2026\/03\/group-of-friends-playing-a-city-game-in-giethoorn.jpg\",\"width\":1024,\"height\":1024,\"caption\":\"A group of friends explores the picturesque village of Giethoorn with a city game.\"},{\"@type\":\"BreadcrumbList\",\"@id\":\"https:\/\/testwebsite.citygame.com\/tr\/games\/giethoorn\/secrets-of-giethoorn\/#breadcrumb\",\"itemListElement\":[{\"@type\":\"ListItem\",\"position\":1,\"name\":\"Home\",\"item\":\"https:\/\/testwebsite.citygame.com\/tr\/\"},{\"@type\":\"ListItem\",\"position\":2,\"name\":\"Shop\",\"item\":\"https:\/\/testwebsite.citygame.com\/shop\/\"},{\"@type\":\"ListItem\",\"position\":3,\"name\":\"Secrets of Giethoorn\"}]},{\"@type\":\"WebSite\",\"@id\":\"https:\/\/testwebsite.upevents.nl\/#website\",\"url\":\"https:\/\/testwebsite.upevents.nl\/\",\"name\":\"City Game\",\"description\":\"\",\"publisher\":{\"@id\":\"https:\/\/testwebsite.upevents.nl\/#organization\"},\"alternateName\":\"citygame.com\",\"potentialAction\":[{\"@type\":\"SearchAction\",\"target\":{\"@type\":\"EntryPoint\",\"urlTemplate\":\"https:\/\/testwebsite.upevents.nl\/?s={search_term_string}\"},\"query-input\":{\"@type\":\"PropertyValueSpecification\",\"valueRequired\":true,\"valueName\":\"search_term_string\"}}],\"inLanguage\":\"tr\"},{\"@type\":[\"Organization\",\"Place\"],\"@id\":\"https:\/\/testwebsite.upevents.nl\/#organization\",\"name\":\"City Game\",\"alternateName\":\"citygame.com\",\"url\":\"https:\/\/testwebsite.upevents.nl\/\",\"logo\":{\"@id\":\"https:\/\/testwebsite.citygame.com\/tr\/games\/giethoorn\/secrets-of-giethoorn\/#local-main-organization-logo\"},\"image\":{\"@id\":\"https:\/\/testwebsite.citygame.com\/tr\/games\/giethoorn\/secrets-of-giethoorn\/#local-main-organization-logo\"},\"sameAs\":[\"https:\/\/www.facebook.com\/profile.php?id=100086426226253\",\"https:\/\/www.instagram.com\/citygame_com\",\"https:\/\/www.tiktok.com\/@citygamecom\/\",\"https:\/\/www.linkedin.com\/company\/citygame-com\"],\"description\":\"Turn any city into a playground with our interactive City Games and self-guided tours. Fun, flexible, and ideal for groups and team building.\",\"telephone\":[],\"openingHoursSpecification\":[{\"@type\":\"OpeningHoursSpecification\",\"dayOfWeek\":[\"Monday\",\"Tuesday\",\"Wednesday\",\"Thursday\",\"Friday\",\"Saturday\",\"Sunday\"],\"opens\":\"09:00\",\"closes\":\"17:00\"}]},{\"@type\":\"ImageObject\",\"inLanguage\":\"tr\",\"@id\":\"https:\/\/testwebsite.citygame.com\/tr\/games\/giethoorn\/secrets-of-giethoorn\/#local-main-organization-logo\",\"url\":\"https:\/\/testwebsite.citygame.com\/wp-content\/blogs.dir\/1\/files\/sites\/62\/2025\/10\/CG_LOGO-City-Game.png\",\"contentUrl\":\"https:\/\/testwebsite.citygame.com\/wp-content\/blogs.dir\/1\/files\/sites\/62\/2025\/10\/CG_LOGO-City-Game.png\",\"width\":351,\"height\":377,\"caption\":\"City Game\"}]}<\/script>\n<!-- \/ Yoast SEO Premium plugin. -->","yoast_head_json":{"title":"Secrets of Giethoorn - City Game","description":"Secrets of Giethoorn. Kendi kendine rehberli bir City Game oynay\u0131n ve bulmacalar, bilmeceler ve meydan okumalarla \u015fehri ke\u015ffedin. Kendi h\u0131z\u0131n\u0131zda oynay\u0131n ve bir yerel gibi ke\u015ffedin!","robots":{"index":"noindex","follow":"follow","max-snippet":"max-snippet:-1","max-image-preview":"max-image-preview:large","max-video-preview":"max-video-preview:-1"},"og_locale":"tr_TR","og_type":"article","og_title":"Secrets of Giethoorn","og_description":"Secrets of Giethoorn. Kendi kendine rehberli bir City Game oynay\u0131n ve bulmacalar, bilmeceler ve meydan okumalarla \u015fehri ke\u015ffedin. Kendi h\u0131z\u0131n\u0131zda oynay\u0131n ve bir yerel gibi ke\u015ffedin!","og_url":"https:\/\/testwebsite.citygame.com\/tr\/games\/giethoorn\/secrets-of-giethoorn\/","og_site_name":"City Game","article_publisher":"https:\/\/www.facebook.com\/profile.php?id=100086426226253","article_modified_time":"2026-04-08T19:33:19+00:00","og_image":[{"width":1024,"height":1024,"url":"https:\/\/testwebsite.citygame.com\/wp-content\/blogs.dir\/1\/files\/sites\/62\/2026\/03\/group-of-friends-playing-a-city-game-in-giethoorn.jpg","type":"image\/jpeg"}],"twitter_card":"summary_large_image","twitter_misc":{"Tahmini okuma s\u00fcresi":"1 dakika"},"schema":{"@context":"https:\/\/schema.org","@graph":[{"@type":"WebPage","@id":"https:\/\/testwebsite.citygame.com\/tr\/games\/giethoorn\/secrets-of-giethoorn\/","url":"https:\/\/testwebsite.citygame.com\/tr\/games\/giethoorn\/secrets-of-giethoorn\/","name":"Secrets of Giethoorn - City Game","isPartOf":{"@id":"https:\/\/testwebsite.upevents.nl\/#website"},"primaryImageOfPage":{"@id":"https:\/\/testwebsite.citygame.com\/tr\/games\/giethoorn\/secrets-of-giethoorn\/#primaryimage"},"image":{"@id":"https:\/\/testwebsite.citygame.com\/tr\/games\/giethoorn\/secrets-of-giethoorn\/#primaryimage"},"thumbnailUrl":"https:\/\/testwebsite.citygame.com\/wp-content\/blogs.dir\/1\/files\/sites\/62\/2026\/03\/group-of-friends-playing-a-city-game-in-giethoorn.jpg","datePublished":"2026-03-13T16:35:46+00:00","dateModified":"2026-04-08T19:33:19+00:00","description":"Secrets of Giethoorn. Kendi kendine rehberli bir City Game oynay\u0131n ve bulmacalar, bilmeceler ve meydan okumalarla \u015fehri ke\u015ffedin. Kendi h\u0131z\u0131n\u0131zda oynay\u0131n ve bir yerel gibi ke\u015ffedin!","breadcrumb":{"@id":"https:\/\/testwebsite.citygame.com\/tr\/games\/giethoorn\/secrets-of-giethoorn\/#breadcrumb"},"inLanguage":"tr","potentialAction":[{"@type":"ReadAction","target":["https:\/\/testwebsite.citygame.com\/tr\/games\/giethoorn\/secrets-of-giethoorn\/"]}]},{"@type":"ImageObject","inLanguage":"tr","@id":"https:\/\/testwebsite.citygame.com\/tr\/games\/giethoorn\/secrets-of-giethoorn\/#primaryimage","url":"https:\/\/testwebsite.citygame.com\/wp-content\/blogs.dir\/1\/files\/sites\/62\/2026\/03\/group-of-friends-playing-a-city-game-in-giethoorn.jpg","contentUrl":"https:\/\/testwebsite.citygame.com\/wp-content\/blogs.dir\/1\/files\/sites\/62\/2026\/03\/group-of-friends-playing-a-city-game-in-giethoorn.jpg","width":1024,"height":1024,"caption":"A group of friends explores the picturesque village of Giethoorn with a city game."},{"@type":"BreadcrumbList","@id":"https:\/\/testwebsite.citygame.com\/tr\/games\/giethoorn\/secrets-of-giethoorn\/#breadcrumb","itemListElement":[{"@type":"ListItem","position":1,"name":"Home","item":"https:\/\/testwebsite.citygame.com\/tr\/"},{"@type":"ListItem","position":2,"name":"Shop","item":"https:\/\/testwebsite.citygame.com\/shop\/"},{"@type":"ListItem","position":3,"name":"Secrets of Giethoorn"}]},{"@type":"WebSite","@id":"https:\/\/testwebsite.upevents.nl\/#website","url":"https:\/\/testwebsite.upevents.nl\/","name":"City Game","description":"","publisher":{"@id":"https:\/\/testwebsite.upevents.nl\/#organization"},"alternateName":"citygame.com","potentialAction":[{"@type":"SearchAction","target":{"@type":"EntryPoint","urlTemplate":"https:\/\/testwebsite.upevents.nl\/?s={search_term_string}"},"query-input":{"@type":"PropertyValueSpecification","valueRequired":true,"valueName":"search_term_string"}}],"inLanguage":"tr"},{"@type":["Organization","Place"],"@id":"https:\/\/testwebsite.upevents.nl\/#organization","name":"City Game","alternateName":"citygame.com","url":"https:\/\/testwebsite.upevents.nl\/","logo":{"@id":"https:\/\/testwebsite.citygame.com\/tr\/games\/giethoorn\/secrets-of-giethoorn\/#local-main-organization-logo"},"image":{"@id":"https:\/\/testwebsite.citygame.com\/tr\/games\/giethoorn\/secrets-of-giethoorn\/#local-main-organization-logo"},"sameAs":["https:\/\/www.facebook.com\/profile.php?id=100086426226253","https:\/\/www.instagram.com\/citygame_com","https:\/\/www.tiktok.com\/@citygamecom\/","https:\/\/www.linkedin.com\/company\/citygame-com"],"description":"Turn any city into a playground with our interactive City Games and self-guided tours. Fun, flexible, and ideal for groups and team building.","telephone":[],"openingHoursSpecification":[{"@type":"OpeningHoursSpecification","dayOfWeek":["Monday","Tuesday","Wednesday","Thursday","Friday","Saturday","Sunday"],"opens":"09:00","closes":"17:00"}]},{"@type":"ImageObject","inLanguage":"tr","@id":"https:\/\/testwebsite.citygame.com\/tr\/games\/giethoorn\/secrets-of-giethoorn\/#local-main-organization-logo","url":"https:\/\/testwebsite.citygame.com\/wp-content\/blogs.dir\/1\/files\/sites\/62\/2025\/10\/CG_LOGO-City-Game.png","contentUrl":"https:\/\/testwebsite.citygame.com\/wp-content\/blogs.dir\/1\/files\/sites\/62\/2025\/10\/CG_LOGO-City-Game.png","width":351,"height":377,"caption":"City Game"}]}},"taxonomy_info":{"game-concept":[{"value":732,"label":"Secrets"}],"location":[{"value":175,"label":"Giethoorn"}],"product_cat":[{"value":27,"label":"Geen categorie"}]},"featured_image_src_large":["https:\/\/testwebsite.citygame.com\/wp-content\/blogs.dir\/1\/files\/sites\/62\/2026\/03\/group-of-friends-playing-a-city-game-in-giethoorn.jpg",1024,1024,false],"author_info":[],"comment_info":"","_links":{"self":[{"href":"https:\/\/testwebsite.citygame.com\/tr\/wp-json\/wp\/v2\/product\/66384","targetHints":{"allow":["GET"]}}],"collection":[{"href":"https:\/\/testwebsite.citygame.com\/tr\/wp-json\/wp\/v2\/product"}],"about":[{"href":"https:\/\/testwebsite.citygame.com\/tr\/wp-json\/wp\/v2\/types\/product"}],"acf:post":[{"embeddable":true,"href":"https:\/\/testwebsite.citygame.com\/tr\/wp-json\/wp\/v2\/pages\/15800"}],"wp:featuredmedia":[{"embeddable":true,"href":"https:\/\/testwebsite.citygame.com\/tr\/wp-json\/wp\/v2\/media\/18780"}],"wp:attachment":[{"href":"https:\/\/testwebsite.citygame.com\/tr\/wp-json\/wp\/v2\/media?parent=66384"}],"wp:term":[{"taxonomy":"game-concept","embeddable":true,"href":"https:\/\/testwebsite.citygame.com\/tr\/wp-json\/wp\/v2\/game-concept?post=66384"},{"taxonomy":"location","embeddable":true,"href":"https:\/\/testwebsite.citygame.com\/tr\/wp-json\/wp\/v2\/location?post=66384"},{"taxonomy":"product_brand","embeddable":true,"href":"https:\/\/testwebsite.citygame.com\/tr\/wp-json\/wp\/v2\/product_brand?post=66384"},{"taxonomy":"product_cat","embeddable":true,"href":"https:\/\/testwebsite.citygame.com\/tr\/wp-json\/wp\/v2\/product_cat?post=66384"},{"taxonomy":"product_tag","embeddable":true,"href":"https:\/\/testwebsite.citygame.com\/tr\/wp-json\/wp\/v2\/product_tag?post=66384"}],"curies":[{"name":"wp","href":"https:\/\/api.w.org\/{rel}","templated":true}]}}