{"id":66291,"date":"2026-03-13T15:30:34","date_gmt":"2026-03-13T15:30:34","guid":{"rendered":"https:\/\/testwebsite.citygame.com\/games\/unknown-location\/secrets-of-brielle\/"},"modified":"2026-04-08T18:40:31","modified_gmt":"2026-04-08T18:40:31","slug":"secrets-of-brielle","status":"publish","type":"product","link":"https:\/\/testwebsite.citygame.com\/tr\/games\/brielle\/secrets-of-brielle\/","title":{"rendered":"Secrets of Brielle"},"content":{"rendered":"<p>Kendi kendine rehberli, GPS tabanl\u0131 City Game Brielle ile Brielle&#8217;\u0131n cazibesini ke\u015ffedin. Brielle \u015fehir merkezinde ge\u00e7en bu heyecan verici ke\u015fif oyunu, oyuncular\u0131n ak\u0131ll\u0131 telefonlar\u0131n\u0131 kullanarak \u015fehir manzaras\u0131nda dola\u015fmalar\u0131na, ilgi \u00e7ekici bulmacalar, karma\u015f\u0131k bilmeceler ve b\u00fcy\u00fcleyici foto\u011fraf g\u00f6revleri arac\u0131l\u0131\u011f\u0131yla ipu\u00e7lar\u0131n\u0131 ortaya \u00e7\u0131karmalar\u0131na olanak tan\u0131r. Yolculu\u011fun her ad\u0131m\u0131n\u0131 a\u00e7t\u0131k\u00e7a, \u015fehrin zengin tarihine, e\u015fsiz k\u00fclt\u00fcr\u00fcne daha derinlemesine dalacak ve incelikli detaylar\u0131n\u0131 ortaya \u00e7\u0131karacaks\u0131n\u0131z. Bu interaktif ve s\u00fcr\u00fckleyici oyun, bireyler, \u00e7iftler, arkada\u015f gruplar\u0131 veya aileler i\u00e7in m\u00fckemmel bir aktivite olup hem turistlere hem de yerel halka hitap etmektedir. \u0130ster Brielle&#8217;i yeniden ke\u015ffetmek ister ilk kez g\u00f6rmek isteyin, bu s\u00fcr\u00fckleyici \u015fehir oyunu sizi \u015fehri taze, e\u011flenceli bir bak\u0131\u015f a\u00e7\u0131s\u0131yla deneyimlemeye davet ediyor.<\/p>\n","protected":false},"excerpt":{"rendered":"<p>Brielle&#8217;\u0131n G\u00fczelli\u011fini ve Cesaretini Ke\u015ffedin! Miras\u0131n r\u00fczgar\u0131n f\u0131s\u0131lt\u0131lar\u0131yla i\u00e7 i\u00e7e ge\u00e7ti\u011fi, k\u00fclt\u00fcr\u00fcn huzurlu kanallar\u0131nda yans\u0131d\u0131\u011f\u0131 bir kasabaya dal\u0131n. B\u00fcy\u00fcleyici \u00f6z\u00fcnde dola\u015f\u0131rken gizemleri \u00e7\u00f6z\u00fcn, Brielle her d\u00f6n\u00fc\u015fte s\u0131rlar\u0131n\u0131 a\u00e7\u0131\u011fa \u00e7\u0131kar\u0131yor!<\/p>\n","protected":false},"featured_media":18744,"template":"","meta":{"_acf_changed":false,"_yoast_wpseo_focuskw":"Secrets of Brielle","_yoast_wpseo_metadesc":"Secrets of Brielle. Kendi kendine rehberli bir \u015eehir Oyunu oynay\u0131n ve bulmacalar, bilmeceler ve g\u00f6revlerle \u015fehri ke\u015ffedin. Kendi h\u0131z\u0131n\u0131zda oynay\u0131n ve bir yerel gibi ke\u015ffedin!","_kad_blocks_custom_css":"","_kad_blocks_head_custom_js":"","_kad_blocks_body_custom_js":"","_kad_blocks_footer_custom_js":"","ghostkit_customizer_options":"","ghostkit_custom_css":"","ghostkit_custom_js_head":"","ghostkit_custom_js_foot":"","ghostkit_typography":"","_kad_post_transparent":"default","_kad_post_title":"","_kad_post_layout":"default","_kad_post_sidebar_id":"","_kad_post_content_style":"default","_kad_post_vertical_padding":"default","_kad_post_feature":"","_kad_post_feature_position":"","_kad_post_header":false,"_kad_post_footer":false,"_kad_post_classname":"","_links_to":"","_links_to_target":""},"game-concept":[732],"location":[102],"product_brand":[],"product_cat":[27],"product_tag":[],"class_list":{"0":"post-66291","1":"product","2":"type-product","3":"status-publish","4":"has-post-thumbnail","6":"game-concept-secrets","7":"location-brielle","8":"product_cat-geen-categorie","10":"first","11":"instock","12":"shipping-taxable","13":"purchasable","14":"product-type-simple","15":"entry","16":"content-bg","17":"loop-entry"},"acf":{"full_bokun_product_name":"Self-Guided Secrets of Brielle Exploration Game","location_name":"Brielle","bokun_calendar_widget_code":"<script type=\"text\/javascript\" src=\"https:\/\/widgets.bokun.io\/assets\/javascripts\/apps\/build\/BokunWidgetsLoader.js?bookingChannelUUID=a1e93e96-5232-4734-a595-28405f4b5a31\" async><\/script>\n     \n    <div class=\"bokunWidget\" data-src=\"https:\/\/widgets.bokun.io\/online-sales\/a1e93e96-5232-4734-a595-28405f4b5a31\/experience-calendar\/885166\"><\/div>\n    <noscript>Please enable javascript in your browser to book<\/noscript>","bokun_button_widget_code":"<script type=\"text\/javascript\" src=\"https:\/\/widgets.bokun.io\/assets\/javascripts\/apps\/build\/BokunWidgetsLoader.js?bookingChannelUUID=a1e93e96-5232-4734-a595-28405f4b5a31\" async><\/script>\n      <style> #bokun_ed001e45_5927_4f62_b470_ca766338d083 { display: inline-block; padding: .4em 1em; background: #47b82e; border-radius: 999999px; box-shadow: none; font-weight: 600; font-size: 24px; text-decoration: none; text-align: center; color: #FFFFFF; border:none; cursor: pointer; transition: background .2s ease; } #bokun_ed001e45_5927_4f62_b470_ca766338d083:hover{ background: #2f7b1f; } #bokun_ed001e45_5927_4f62_b470_ca766338d083:active{ background: #378f24; } <\/style> <button class=\"bokunButton\" disabled id=bokun_ed001e45_5927_4f62_b470_ca766338d083 data-src=\"https:\/\/widgets.bokun.io\/online-sales\/a1e93e96-5232-4734-a595-28405f4b5a31\/experience-calendar\/885166?partialView=1\" data-testid=\"widget-book-button\" > Book now <\/button> ","what_you\u2019ll_experience_during_the_game":"City Game'imizle Brielle'de gezginlik ve s\u00fcr\u00fckleyici hikaye anlat\u0131m\u0131n\u0131n keyifli birle\u015fimini deneyimleyin. Bu b\u00fcy\u00fcleyici \u015fehrin k\u0131vr\u0131mlar\u0131nda dola\u015f\u0131rken, sadece ikonik simge yap\u0131lar\u0131 ke\u015ffetmekle kalmayacak, ayn\u0131 zamanda Brielle'\u0131n \u00f6z\u00fcn\u00fc ger\u00e7ekten yakalayan gizli k\u00f6\u015felerini de ortaya \u00e7\u0131karacaks\u0131n\u0131z. Geleneksel Hollanda evlerinden huzurlu r\u0131ht\u0131mlara ve orta\u00e7a\u011f mimarisine do\u011fru ilerlerken zamanda yolculuk yapacak, tarihi Belediye Binas\u0131'n\u0131 ziyaret ederek turunuzu tamamlayacaks\u0131n\u0131z. Bu oyun sizi bir ke\u015fif ve takdir yolculu\u011funa \u00e7\u0131karacak, bu b\u00fcy\u00fcleyici Hollanda \u015fehrine benzersiz bir bak\u0131\u015f a\u00e7\u0131s\u0131 sunacakt\u0131r.\r\n\r\nBrielle'de bu \u015fehir oyununu oynamak, \u015fehrin s\u0131rlar\u0131n\u0131 \u00e7\u00f6zen s\u00fcr\u00fckleyici bir anlat\u0131n\u0131n par\u00e7as\u0131 olmak demektir. E\u011flenceli bulmacalar, bilmeceler ve ilgi \u00e7ekici sorularla kar\u015f\u0131la\u015facak, yol boyunca puan kazanacaks\u0131n\u0131z. Ayr\u0131ca, ipu\u00e7lar\u0131n\u0131 a\u00e7man\u0131za ve nihai gizemi \u00e7\u00f6zmeye sizi yakla\u015ft\u0131rman\u0131za yard\u0131mc\u0131 olacak yarat\u0131c\u0131 foto\u011fraf g\u00f6revlerine de kat\u0131labilirsiniz. Oyun, istedi\u011finiz zaman duraklat\u0131l\u0131p devam ettirilme esnekli\u011fine sahip olup, onu uygun bir ke\u015fif arkada\u015f\u0131 yapar. Rekabet\u00e7i biriyseniz, g\u00f6revleri daha h\u0131zl\u0131 ve zekice \u00e7\u00f6zerek liderlik tablomuzda y\u00fcksek bir konum elde etmeye \u00e7al\u0131\u015f\u0131n. Bu City Game, gezginlik ve problem \u00e7\u00f6zmenin keyifli bir birle\u015fimini sunarak, bo\u015f bir g\u00fcn\u00fc zenginle\u015ftirici bir maceraya d\u00f6n\u00fc\u015ft\u00fcr\u00fcr.","how_to_play":"Ke\u015fif Oyununu rezerve edin, size g\u00f6nderdi\u011fimiz basit talimatlar\u0131 i\u00e7eren e-postay\u0131 kontrol edin, Loquiz Uygulamas\u0131n\u0131 indirin, Ke\u015fif Oyununa eri\u015fin ve oyun deneyiminize ba\u015flamaya haz\u0131rs\u0131n\u0131z!","start_location":"Brielle, Asylplein","available_languages":["en"],"players_per_group":"1-4","duration":"1.5-2 hours","image_overlay_color_image":"https:\/\/testwebsite.citygame.com\/wp-content\/blogs.dir\/1\/files\/sites\/62\/2026\/01\/SecretsColor.svg","image_overlay_game_logo":"https:\/\/testwebsite.citygame.com\/wp-content\/blogs.dir\/1\/files\/sites\/62\/2026\/01\/SecretsLogo.png","city_page":15782,"woocommerce_general_content":null},"yoast_head":"<!-- This site is optimized with the Yoast SEO Premium plugin v26.2 (Yoast SEO v26.3) - https:\/\/yoast.com\/wordpress\/plugins\/seo\/ -->\n<title>Secrets of Brielle - City Game<\/title>\n<meta name=\"description\" content=\"Secrets of Brielle. Kendi kendine rehberli bir \u015eehir Oyunu oynay\u0131n ve bulmacalar, bilmeceler ve g\u00f6revlerle \u015fehri ke\u015ffedin. Kendi h\u0131z\u0131n\u0131zda oynay\u0131n ve bir yerel gibi ke\u015ffedin!\" \/>\n<meta name=\"robots\" content=\"noindex, follow, max-snippet:-1, max-image-preview:large, max-video-preview:-1\" \/>\n<meta property=\"og:locale\" content=\"tr_TR\" \/>\n<meta property=\"og:type\" content=\"article\" \/>\n<meta property=\"og:title\" content=\"Secrets of Brielle\" \/>\n<meta property=\"og:description\" content=\"Secrets of Brielle. Kendi kendine rehberli bir \u015eehir Oyunu oynay\u0131n ve bulmacalar, bilmeceler ve g\u00f6revlerle \u015fehri ke\u015ffedin. Kendi h\u0131z\u0131n\u0131zda oynay\u0131n ve bir yerel gibi ke\u015ffedin!\" \/>\n<meta property=\"og:url\" content=\"https:\/\/testwebsite.citygame.com\/tr\/games\/brielle\/secrets-of-brielle\/\" \/>\n<meta property=\"og:site_name\" content=\"City Game\" \/>\n<meta property=\"article:publisher\" content=\"https:\/\/www.facebook.com\/profile.php?id=100086426226253\" \/>\n<meta property=\"article:modified_time\" content=\"2026-04-08T18:40:31+00:00\" \/>\n<meta property=\"og:image\" content=\"https:\/\/testwebsite.citygame.com\/wp-content\/blogs.dir\/1\/files\/sites\/62\/2026\/03\/man-playing-city-game-historic-street-brielle.jpg\" \/>\n\t<meta property=\"og:image:width\" content=\"1024\" \/>\n\t<meta property=\"og:image:height\" content=\"1024\" \/>\n\t<meta property=\"og:image:type\" content=\"image\/jpeg\" \/>\n<meta name=\"twitter:card\" content=\"summary_large_image\" \/>\n<meta name=\"twitter:label1\" content=\"Tahmini okuma s\u00fcresi\" \/>\n\t<meta name=\"twitter:data1\" content=\"1 dakika\" \/>\n<script type=\"application\/ld+json\" class=\"yoast-schema-graph\">{\"@context\":\"https:\/\/schema.org\",\"@graph\":[{\"@type\":\"WebPage\",\"@id\":\"https:\/\/testwebsite.citygame.com\/tr\/games\/brielle\/secrets-of-brielle\/\",\"url\":\"https:\/\/testwebsite.citygame.com\/tr\/games\/brielle\/secrets-of-brielle\/\",\"name\":\"Secrets of Brielle - City Game\",\"isPartOf\":{\"@id\":\"https:\/\/testwebsite.upevents.nl\/#website\"},\"primaryImageOfPage\":{\"@id\":\"https:\/\/testwebsite.citygame.com\/tr\/games\/brielle\/secrets-of-brielle\/#primaryimage\"},\"image\":{\"@id\":\"https:\/\/testwebsite.citygame.com\/tr\/games\/brielle\/secrets-of-brielle\/#primaryimage\"},\"thumbnailUrl\":\"https:\/\/testwebsite.citygame.com\/wp-content\/blogs.dir\/1\/files\/sites\/62\/2026\/03\/man-playing-city-game-historic-street-brielle.jpg\",\"datePublished\":\"2026-03-13T15:30:34+00:00\",\"dateModified\":\"2026-04-08T18:40:31+00:00\",\"description\":\"Secrets of Brielle. Kendi kendine rehberli bir \u015eehir Oyunu oynay\u0131n ve bulmacalar, bilmeceler ve g\u00f6revlerle \u015fehri ke\u015ffedin. Kendi h\u0131z\u0131n\u0131zda oynay\u0131n ve bir yerel gibi ke\u015ffedin!\",\"breadcrumb\":{\"@id\":\"https:\/\/testwebsite.citygame.com\/tr\/games\/brielle\/secrets-of-brielle\/#breadcrumb\"},\"inLanguage\":\"tr\",\"potentialAction\":[{\"@type\":\"ReadAction\",\"target\":[\"https:\/\/testwebsite.citygame.com\/tr\/games\/brielle\/secrets-of-brielle\/\"]}]},{\"@type\":\"ImageObject\",\"inLanguage\":\"tr\",\"@id\":\"https:\/\/testwebsite.citygame.com\/tr\/games\/brielle\/secrets-of-brielle\/#primaryimage\",\"url\":\"https:\/\/testwebsite.citygame.com\/wp-content\/blogs.dir\/1\/files\/sites\/62\/2026\/03\/man-playing-city-game-historic-street-brielle.jpg\",\"contentUrl\":\"https:\/\/testwebsite.citygame.com\/wp-content\/blogs.dir\/1\/files\/sites\/62\/2026\/03\/man-playing-city-game-historic-street-brielle.jpg\",\"width\":1024,\"height\":1024,\"caption\":\"A man explores the historic city center of Brielle while looking at his smartphone.\"},{\"@type\":\"BreadcrumbList\",\"@id\":\"https:\/\/testwebsite.citygame.com\/tr\/games\/brielle\/secrets-of-brielle\/#breadcrumb\",\"itemListElement\":[{\"@type\":\"ListItem\",\"position\":1,\"name\":\"Home\",\"item\":\"https:\/\/testwebsite.citygame.com\/tr\/\"},{\"@type\":\"ListItem\",\"position\":2,\"name\":\"Shop\",\"item\":\"https:\/\/testwebsite.citygame.com\/shop\/\"},{\"@type\":\"ListItem\",\"position\":3,\"name\":\"Secrets of Brielle\"}]},{\"@type\":\"WebSite\",\"@id\":\"https:\/\/testwebsite.upevents.nl\/#website\",\"url\":\"https:\/\/testwebsite.upevents.nl\/\",\"name\":\"City Game\",\"description\":\"\",\"publisher\":{\"@id\":\"https:\/\/testwebsite.upevents.nl\/#organization\"},\"alternateName\":\"citygame.com\",\"potentialAction\":[{\"@type\":\"SearchAction\",\"target\":{\"@type\":\"EntryPoint\",\"urlTemplate\":\"https:\/\/testwebsite.upevents.nl\/?s={search_term_string}\"},\"query-input\":{\"@type\":\"PropertyValueSpecification\",\"valueRequired\":true,\"valueName\":\"search_term_string\"}}],\"inLanguage\":\"tr\"},{\"@type\":[\"Organization\",\"Place\"],\"@id\":\"https:\/\/testwebsite.upevents.nl\/#organization\",\"name\":\"City Game\",\"alternateName\":\"citygame.com\",\"url\":\"https:\/\/testwebsite.upevents.nl\/\",\"logo\":{\"@id\":\"https:\/\/testwebsite.citygame.com\/tr\/games\/brielle\/secrets-of-brielle\/#local-main-organization-logo\"},\"image\":{\"@id\":\"https:\/\/testwebsite.citygame.com\/tr\/games\/brielle\/secrets-of-brielle\/#local-main-organization-logo\"},\"sameAs\":[\"https:\/\/www.facebook.com\/profile.php?id=100086426226253\",\"https:\/\/www.instagram.com\/citygame_com\",\"https:\/\/www.tiktok.com\/@citygamecom\/\",\"https:\/\/www.linkedin.com\/company\/citygame-com\"],\"description\":\"Turn any city into a playground with our interactive City Games and self-guided tours. Fun, flexible, and ideal for groups and team building.\",\"telephone\":[],\"openingHoursSpecification\":[{\"@type\":\"OpeningHoursSpecification\",\"dayOfWeek\":[\"Monday\",\"Tuesday\",\"Wednesday\",\"Thursday\",\"Friday\",\"Saturday\",\"Sunday\"],\"opens\":\"09:00\",\"closes\":\"17:00\"}]},{\"@type\":\"ImageObject\",\"inLanguage\":\"tr\",\"@id\":\"https:\/\/testwebsite.citygame.com\/tr\/games\/brielle\/secrets-of-brielle\/#local-main-organization-logo\",\"url\":\"https:\/\/testwebsite.citygame.com\/wp-content\/blogs.dir\/1\/files\/sites\/62\/2025\/10\/CG_LOGO-City-Game.png\",\"contentUrl\":\"https:\/\/testwebsite.citygame.com\/wp-content\/blogs.dir\/1\/files\/sites\/62\/2025\/10\/CG_LOGO-City-Game.png\",\"width\":351,\"height\":377,\"caption\":\"City Game\"}]}<\/script>\n<!-- \/ Yoast SEO Premium plugin. -->","yoast_head_json":{"title":"Secrets of Brielle - City Game","description":"Secrets of Brielle. Kendi kendine rehberli bir \u015eehir Oyunu oynay\u0131n ve bulmacalar, bilmeceler ve g\u00f6revlerle \u015fehri ke\u015ffedin. Kendi h\u0131z\u0131n\u0131zda oynay\u0131n ve bir yerel gibi ke\u015ffedin!","robots":{"index":"noindex","follow":"follow","max-snippet":"max-snippet:-1","max-image-preview":"max-image-preview:large","max-video-preview":"max-video-preview:-1"},"og_locale":"tr_TR","og_type":"article","og_title":"Secrets of Brielle","og_description":"Secrets of Brielle. Kendi kendine rehberli bir \u015eehir Oyunu oynay\u0131n ve bulmacalar, bilmeceler ve g\u00f6revlerle \u015fehri ke\u015ffedin. Kendi h\u0131z\u0131n\u0131zda oynay\u0131n ve bir yerel gibi ke\u015ffedin!","og_url":"https:\/\/testwebsite.citygame.com\/tr\/games\/brielle\/secrets-of-brielle\/","og_site_name":"City Game","article_publisher":"https:\/\/www.facebook.com\/profile.php?id=100086426226253","article_modified_time":"2026-04-08T18:40:31+00:00","og_image":[{"width":1024,"height":1024,"url":"https:\/\/testwebsite.citygame.com\/wp-content\/blogs.dir\/1\/files\/sites\/62\/2026\/03\/man-playing-city-game-historic-street-brielle.jpg","type":"image\/jpeg"}],"twitter_card":"summary_large_image","twitter_misc":{"Tahmini okuma s\u00fcresi":"1 dakika"},"schema":{"@context":"https:\/\/schema.org","@graph":[{"@type":"WebPage","@id":"https:\/\/testwebsite.citygame.com\/tr\/games\/brielle\/secrets-of-brielle\/","url":"https:\/\/testwebsite.citygame.com\/tr\/games\/brielle\/secrets-of-brielle\/","name":"Secrets of Brielle - City Game","isPartOf":{"@id":"https:\/\/testwebsite.upevents.nl\/#website"},"primaryImageOfPage":{"@id":"https:\/\/testwebsite.citygame.com\/tr\/games\/brielle\/secrets-of-brielle\/#primaryimage"},"image":{"@id":"https:\/\/testwebsite.citygame.com\/tr\/games\/brielle\/secrets-of-brielle\/#primaryimage"},"thumbnailUrl":"https:\/\/testwebsite.citygame.com\/wp-content\/blogs.dir\/1\/files\/sites\/62\/2026\/03\/man-playing-city-game-historic-street-brielle.jpg","datePublished":"2026-03-13T15:30:34+00:00","dateModified":"2026-04-08T18:40:31+00:00","description":"Secrets of Brielle. Kendi kendine rehberli bir \u015eehir Oyunu oynay\u0131n ve bulmacalar, bilmeceler ve g\u00f6revlerle \u015fehri ke\u015ffedin. Kendi h\u0131z\u0131n\u0131zda oynay\u0131n ve bir yerel gibi ke\u015ffedin!","breadcrumb":{"@id":"https:\/\/testwebsite.citygame.com\/tr\/games\/brielle\/secrets-of-brielle\/#breadcrumb"},"inLanguage":"tr","potentialAction":[{"@type":"ReadAction","target":["https:\/\/testwebsite.citygame.com\/tr\/games\/brielle\/secrets-of-brielle\/"]}]},{"@type":"ImageObject","inLanguage":"tr","@id":"https:\/\/testwebsite.citygame.com\/tr\/games\/brielle\/secrets-of-brielle\/#primaryimage","url":"https:\/\/testwebsite.citygame.com\/wp-content\/blogs.dir\/1\/files\/sites\/62\/2026\/03\/man-playing-city-game-historic-street-brielle.jpg","contentUrl":"https:\/\/testwebsite.citygame.com\/wp-content\/blogs.dir\/1\/files\/sites\/62\/2026\/03\/man-playing-city-game-historic-street-brielle.jpg","width":1024,"height":1024,"caption":"A man explores the historic city center of Brielle while looking at his smartphone."},{"@type":"BreadcrumbList","@id":"https:\/\/testwebsite.citygame.com\/tr\/games\/brielle\/secrets-of-brielle\/#breadcrumb","itemListElement":[{"@type":"ListItem","position":1,"name":"Home","item":"https:\/\/testwebsite.citygame.com\/tr\/"},{"@type":"ListItem","position":2,"name":"Shop","item":"https:\/\/testwebsite.citygame.com\/shop\/"},{"@type":"ListItem","position":3,"name":"Secrets of Brielle"}]},{"@type":"WebSite","@id":"https:\/\/testwebsite.upevents.nl\/#website","url":"https:\/\/testwebsite.upevents.nl\/","name":"City Game","description":"","publisher":{"@id":"https:\/\/testwebsite.upevents.nl\/#organization"},"alternateName":"citygame.com","potentialAction":[{"@type":"SearchAction","target":{"@type":"EntryPoint","urlTemplate":"https:\/\/testwebsite.upevents.nl\/?s={search_term_string}"},"query-input":{"@type":"PropertyValueSpecification","valueRequired":true,"valueName":"search_term_string"}}],"inLanguage":"tr"},{"@type":["Organization","Place"],"@id":"https:\/\/testwebsite.upevents.nl\/#organization","name":"City Game","alternateName":"citygame.com","url":"https:\/\/testwebsite.upevents.nl\/","logo":{"@id":"https:\/\/testwebsite.citygame.com\/tr\/games\/brielle\/secrets-of-brielle\/#local-main-organization-logo"},"image":{"@id":"https:\/\/testwebsite.citygame.com\/tr\/games\/brielle\/secrets-of-brielle\/#local-main-organization-logo"},"sameAs":["https:\/\/www.facebook.com\/profile.php?id=100086426226253","https:\/\/www.instagram.com\/citygame_com","https:\/\/www.tiktok.com\/@citygamecom\/","https:\/\/www.linkedin.com\/company\/citygame-com"],"description":"Turn any city into a playground with our interactive City Games and self-guided tours. Fun, flexible, and ideal for groups and team building.","telephone":[],"openingHoursSpecification":[{"@type":"OpeningHoursSpecification","dayOfWeek":["Monday","Tuesday","Wednesday","Thursday","Friday","Saturday","Sunday"],"opens":"09:00","closes":"17:00"}]},{"@type":"ImageObject","inLanguage":"tr","@id":"https:\/\/testwebsite.citygame.com\/tr\/games\/brielle\/secrets-of-brielle\/#local-main-organization-logo","url":"https:\/\/testwebsite.citygame.com\/wp-content\/blogs.dir\/1\/files\/sites\/62\/2025\/10\/CG_LOGO-City-Game.png","contentUrl":"https:\/\/testwebsite.citygame.com\/wp-content\/blogs.dir\/1\/files\/sites\/62\/2025\/10\/CG_LOGO-City-Game.png","width":351,"height":377,"caption":"City Game"}]}},"taxonomy_info":{"game-concept":[{"value":732,"label":"Secrets"}],"location":[{"value":102,"label":"Brielle"}],"product_cat":[{"value":27,"label":"Geen categorie"}]},"featured_image_src_large":["https:\/\/testwebsite.citygame.com\/wp-content\/blogs.dir\/1\/files\/sites\/62\/2026\/03\/man-playing-city-game-historic-street-brielle.jpg",1024,1024,false],"author_info":[],"comment_info":"","_links":{"self":[{"href":"https:\/\/testwebsite.citygame.com\/tr\/wp-json\/wp\/v2\/product\/66291","targetHints":{"allow":["GET"]}}],"collection":[{"href":"https:\/\/testwebsite.citygame.com\/tr\/wp-json\/wp\/v2\/product"}],"about":[{"href":"https:\/\/testwebsite.citygame.com\/tr\/wp-json\/wp\/v2\/types\/product"}],"acf:post":[{"embeddable":true,"href":"https:\/\/testwebsite.citygame.com\/tr\/wp-json\/wp\/v2\/pages\/15782"}],"wp:featuredmedia":[{"embeddable":true,"href":"https:\/\/testwebsite.citygame.com\/tr\/wp-json\/wp\/v2\/media\/18744"}],"wp:attachment":[{"href":"https:\/\/testwebsite.citygame.com\/tr\/wp-json\/wp\/v2\/media?parent=66291"}],"wp:term":[{"taxonomy":"game-concept","embeddable":true,"href":"https:\/\/testwebsite.citygame.com\/tr\/wp-json\/wp\/v2\/game-concept?post=66291"},{"taxonomy":"location","embeddable":true,"href":"https:\/\/testwebsite.citygame.com\/tr\/wp-json\/wp\/v2\/location?post=66291"},{"taxonomy":"product_brand","embeddable":true,"href":"https:\/\/testwebsite.citygame.com\/tr\/wp-json\/wp\/v2\/product_brand?post=66291"},{"taxonomy":"product_cat","embeddable":true,"href":"https:\/\/testwebsite.citygame.com\/tr\/wp-json\/wp\/v2\/product_cat?post=66291"},{"taxonomy":"product_tag","embeddable":true,"href":"https:\/\/testwebsite.citygame.com\/tr\/wp-json\/wp\/v2\/product_tag?post=66291"}],"curies":[{"name":"wp","href":"https:\/\/api.w.org\/{rel}","templated":true}]}}