{"id":65979,"date":"2026-02-06T14:57:51","date_gmt":"2026-02-06T14:57:51","guid":{"rendered":"https:\/\/testwebsite.citygame.com\/games\/unknown-location\/sherlock-holmes-nordlingen\/"},"modified":"2026-04-08T17:09:55","modified_gmt":"2026-04-08T17:09:55","slug":"sherlock-holmes-nordlingen","status":"publish","type":"product","link":"https:\/\/testwebsite.citygame.com\/tr\/games\/nordlingen\/sherlock-holmes-nordlingen\/","title":{"rendered":"Sherlock Holmes Nordlingen"},"content":{"rendered":"<p>Tarihi Nordlingen \u015fehir merkezinde ge\u00e7en bu kendi kendine rehberli, hikaye odakl\u0131 cinayet gizemi City Game ile Sherlock Holmes&#8217;un d\u00fcnyas\u0131na ad\u0131m at\u0131n. Liberty Festivali s\u0131ras\u0131nda t\u00fcyler \u00fcrpertici bir su\u00e7 ortaya \u00e7\u0131kt\u0131\u011f\u0131nda, oyuncular dedektif rol\u00fcn\u00fc \u00fcstlenir, s\u0131rlarla ve entrikalarla dolu s\u00fcr\u00fckleyici bir soru\u015fturmay\u0131 \u00e7\u00f6zmek i\u00e7in Arnavut kald\u0131r\u0131ml\u0131 sokaklarda gezinir. Anlat\u0131 sizi b\u00fcy\u00fcleyici bir aldatma ve t\u00fcmdengelim a\u011f\u0131na daha derinlere \u00e7ekerken, kendi h\u0131z\u0131n\u0131zda ipu\u00e7lar\u0131 toplay\u0131n, bulmacalar\u0131 \u00e7\u00f6z\u00fcn ve dijital \u015f\u00fcphelileri sorgulay\u0131n.<\/p>\n","protected":false},"excerpt":{"rendered":"<p>Sherlock Holmes&#8217;un esrarengiz d\u00fcnyas\u0131na ad\u0131m at\u0131n, Nordlingen&#8217;de ge\u00e7en b\u00fcy\u00fcleyici bir kendi kendine rehberli cinayet gizemine at\u0131l\u0131n. Ekibinizle birlikte \u015fa\u015f\u0131rt\u0131c\u0131 ipu\u00e7lar\u0131n\u0131 \u00e7\u00f6z\u00fcn, zorlu bulmacalar\u0131 k\u0131r\u0131n ve ger\u00e7e\u011fi ortaya \u00e7\u0131kar\u0131n, bu s\u00fcr\u00fckleyici g\u00f6revde her saniye \u00f6nemli!<\/p>\n","protected":false},"featured_media":11387,"template":"","meta":{"_acf_changed":false,"_yoast_wpseo_focuskw":"Sherlock Holmes Nordlingen","_yoast_wpseo_metadesc":"Sherlock Holmes Nordlingen. Kendi kendine rehberli bir cinayet gizemi City Game oynay\u0131n, bulmacalar\u0131 \u00e7\u00f6z\u00fcn, ipu\u00e7lar\u0131n\u0131 takip edin ve katili kendi h\u0131z\u0131n\u0131zda ortaya \u00e7\u0131kar\u0131n!","_kad_blocks_custom_css":"","_kad_blocks_head_custom_js":"","_kad_blocks_body_custom_js":"","_kad_blocks_footer_custom_js":"","ghostkit_customizer_options":"","ghostkit_custom_css":"","ghostkit_custom_js_head":"","ghostkit_custom_js_foot":"","ghostkit_typography":"","_kad_post_transparent":"","_kad_post_title":"","_kad_post_layout":"","_kad_post_sidebar_id":"","_kad_post_content_style":"","_kad_post_vertical_padding":"","_kad_post_feature":"","_kad_post_feature_position":"","_kad_post_header":false,"_kad_post_footer":false,"_kad_post_classname":"","_links_to":"","_links_to_target":""},"game-concept":[793],"location":[300],"product_brand":[],"product_cat":[27],"product_tag":[],"class_list":{"0":"post-65979","1":"product","2":"type-product","3":"status-publish","4":"has-post-thumbnail","6":"game-concept-sherlock","7":"location-nordlingen","8":"product_cat-geen-categorie","10":"first","11":"instock","12":"shipping-taxable","13":"purchasable","14":"product-type-simple","15":"entry","16":"content-bg","17":"loop-entry"},"acf":{"full_bokun_product_name":"Nordlingen Self-Guided Sherlock Holmes Murder Mystery Game","location_name":"Nordlingen","bokun_calendar_widget_code":"<script type=\"text\/javascript\" src=\"https:\/\/widgets.bokun.io\/assets\/javascripts\/apps\/build\/BokunWidgetsLoader.js?bookingChannelUUID=a1e93e96-5232-4734-a595-28405f4b5a31\" async><\/script>\n     \n    <div class=\"bokunWidget\" data-src=\"https:\/\/widgets.bokun.io\/online-sales\/a1e93e96-5232-4734-a595-28405f4b5a31\/experience-calendar\/760710\"><\/div>\n    <noscript>Please enable javascript in your browser to book<\/noscript>","bokun_button_widget_code":"<script type=\"text\/javascript\" src=\"https:\/\/widgets.bokun.io\/assets\/javascripts\/apps\/build\/BokunWidgetsLoader.js?bookingChannelUUID=a1e93e96-5232-4734-a595-28405f4b5a31\" async><\/script>\n      <style> #bokun_ed001e45_5927_4f62_b470_ca766338d083 { display: inline-block; padding: .4em 1em; background: #47b82e; border-radius: 999999px; box-shadow: none; font-weight: 600; font-size: 24px; text-decoration: none; text-align: center; color: #FFFFFF; border:none; cursor: pointer; transition: background .2s ease; } #bokun_ed001e45_5927_4f62_b470_ca766338d083:hover{ background: #2f7b1f; } #bokun_ed001e45_5927_4f62_b470_ca766338d083:active{ background: #378f24; } <\/style> <button class=\"bokunButton\" disabled id=bokun_ed001e45_5927_4f62_b470_ca766338d083 data-src=\"https:\/\/widgets.bokun.io\/online-sales\/a1e93e96-5232-4734-a595-28405f4b5a31\/experience-calendar\/760710?partialView=1\" data-testid=\"widget-book-button\" > Book now <\/button> ","what_you\u2019ll_experience_during_the_game":"Liberty Festivali s\u0131ras\u0131nda i\u015flenen bir cinayetin ard\u0131ndan cevaplardan \u00e7ok sorular b\u0131rakt\u0131\u011f\u0131 N\u00f6rdlingen'in dolamba\u00e7l\u0131 sokaklar\u0131nda ge\u00e7en s\u00fcr\u00fckleyici bir dedektif hikayesine ad\u0131m at\u0131n. Soru\u015fturma ilerledik\u00e7e, gizemle \u00f6rt\u00fcl\u00fc bir kasaban\u0131n atmosferini i\u00e7tenlikle i\u00e7inize \u00e7ekerek gizli ba\u011flant\u0131lar\u0131 bir araya getirirken kendi h\u0131z\u0131n\u0131zda \u015fehirde ilerleyin. Her konum, t\u00fcm dikkatinizi ve muhakeme yeteneklerinizi gerektiren yeni ipu\u00e7lar\u0131, \u015fa\u015f\u0131rt\u0131c\u0131 geli\u015fmeler ve \u00f6zenle tasarlanm\u0131\u015f bulmacalar ortaya \u00e7\u0131kar\u0131r.\n\nDijital \u015f\u00fcphelileri sorgular, ifadeleri analiz eder ve davan\u0131z\u0131n seyrini de\u011fi\u015ftirebilecek \u00e7eli\u015fkileri ortaya \u00e7\u0131kar\u0131rs\u0131n\u0131z. Anlat\u0131 tamamen hikaye odakl\u0131d\u0131r, ger\u00e7e\u011fi ortaya \u00e7\u0131karmak i\u00e7in ele\u015ftirel d\u00fc\u015f\u00fcnme, keskin g\u00f6zlem ve keskin \u00e7\u0131kar\u0131ma g\u00fcvenirken sizi soru\u015fturman\u0131n merkezine yerle\u015ftirir. En az bekledi\u011finizde s\u00fcrpriz geli\u015fmeler ortaya \u00e7\u0131kar ve sizi olay \u00f6rg\u00fcs\u00fcne daha derinlemesine \u00e7eker. Oyunu istedi\u011finiz zaman duraklatabilir ve haz\u0131r oldu\u011funuzda adalet aray\u0131\u015f\u0131n\u0131za devam edebilirsiniz. Bir ekiple oynuyorsan\u0131z, ince bir rekabet avantaj\u0131n\u0131n gerilimi art\u0131rd\u0131\u011f\u0131n\u0131 da g\u00f6rebilirsiniz.","how_to_play":"Cihaz ba\u015f\u0131na en fazla d\u00f6rt ki\u015filik ekipler halinde tek ba\u015f\u0131n\u0131za veya arkada\u015flar\u0131n\u0131zla, ailenizle veya i\u015f arkada\u015flar\u0131n\u0131zla oynay\u0131n. Rezervasyondan sonra, ihtiyac\u0131n\u0131z olan her \u015feyi i\u00e7eren bir talimat e-postas\u0131 alacaks\u0131n\u0131z.","start_location":"Nordlingen, Kriegerbrunnen","available_languages":["en","fr","de","es","nl","it"],"players_per_group":"1-4","duration":"1.5-2 hours","image_overlay_color_image":"https:\/\/testwebsite.citygame.com\/wp-content\/blogs.dir\/1\/files\/sites\/62\/2026\/01\/SherlockColor.svg","image_overlay_game_logo":"https:\/\/testwebsite.citygame.com\/wp-content\/blogs.dir\/1\/files\/sites\/62\/2026\/01\/SherlockLogo.png","city_page":8300,"woocommerce_general_content":null},"yoast_head":"<!-- This site is optimized with the Yoast SEO Premium plugin v26.2 (Yoast SEO v26.3) - https:\/\/yoast.com\/wordpress\/plugins\/seo\/ -->\n<title>Sherlock Holmes Nordlingen - City Game<\/title>\n<meta name=\"description\" content=\"Sherlock Holmes Nordlingen. Kendi kendine rehberli bir cinayet gizemi City Game oynay\u0131n, bulmacalar\u0131 \u00e7\u00f6z\u00fcn, ipu\u00e7lar\u0131n\u0131 takip edin ve katili kendi h\u0131z\u0131n\u0131zda ortaya \u00e7\u0131kar\u0131n!\" \/>\n<meta name=\"robots\" content=\"noindex, follow, max-snippet:-1, max-image-preview:large, max-video-preview:-1\" \/>\n<meta property=\"og:locale\" content=\"tr_TR\" \/>\n<meta property=\"og:type\" content=\"article\" \/>\n<meta property=\"og:title\" content=\"Sherlock Holmes Nordlingen\" \/>\n<meta property=\"og:description\" content=\"Sherlock Holmes Nordlingen. Kendi kendine rehberli bir cinayet gizemi City Game oynay\u0131n, bulmacalar\u0131 \u00e7\u00f6z\u00fcn, ipu\u00e7lar\u0131n\u0131 takip edin ve katili kendi h\u0131z\u0131n\u0131zda ortaya \u00e7\u0131kar\u0131n!\" \/>\n<meta property=\"og:url\" content=\"https:\/\/testwebsite.citygame.com\/tr\/games\/nordlingen\/sherlock-holmes-nordlingen\/\" \/>\n<meta property=\"og:site_name\" content=\"City Game\" \/>\n<meta property=\"article:publisher\" content=\"https:\/\/www.facebook.com\/profile.php?id=100086426226253\" \/>\n<meta property=\"article:modified_time\" content=\"2026-04-08T17:09:55+00:00\" \/>\n<meta property=\"og:image\" content=\"https:\/\/testwebsite.citygame.com\/wp-content\/blogs.dir\/1\/files\/sites\/62\/2026\/02\/nordlingen-players-looking-at-phone.jpg\" \/>\n\t<meta property=\"og:image:width\" content=\"1344\" \/>\n\t<meta property=\"og:image:height\" content=\"768\" \/>\n\t<meta property=\"og:image:type\" content=\"image\/jpeg\" \/>\n<meta name=\"twitter:card\" content=\"summary_large_image\" \/>\n<script type=\"application\/ld+json\" class=\"yoast-schema-graph\">{\"@context\":\"https:\/\/schema.org\",\"@graph\":[{\"@type\":\"WebPage\",\"@id\":\"https:\/\/testwebsite.citygame.com\/tr\/games\/nordlingen\/sherlock-holmes-nordlingen\/\",\"url\":\"https:\/\/testwebsite.citygame.com\/tr\/games\/nordlingen\/sherlock-holmes-nordlingen\/\",\"name\":\"Sherlock Holmes Nordlingen - City Game\",\"isPartOf\":{\"@id\":\"https:\/\/testwebsite.upevents.nl\/#website\"},\"primaryImageOfPage\":{\"@id\":\"https:\/\/testwebsite.citygame.com\/tr\/games\/nordlingen\/sherlock-holmes-nordlingen\/#primaryimage\"},\"image\":{\"@id\":\"https:\/\/testwebsite.citygame.com\/tr\/games\/nordlingen\/sherlock-holmes-nordlingen\/#primaryimage\"},\"thumbnailUrl\":\"https:\/\/testwebsite.citygame.com\/wp-content\/blogs.dir\/1\/files\/sites\/62\/2026\/02\/nordlingen-players-looking-at-phone.jpg\",\"datePublished\":\"2026-02-06T14:57:51+00:00\",\"dateModified\":\"2026-04-08T17:09:55+00:00\",\"description\":\"Sherlock Holmes Nordlingen. Kendi kendine rehberli bir cinayet gizemi City Game oynay\u0131n, bulmacalar\u0131 \u00e7\u00f6z\u00fcn, ipu\u00e7lar\u0131n\u0131 takip edin ve katili kendi h\u0131z\u0131n\u0131zda ortaya \u00e7\u0131kar\u0131n!\",\"breadcrumb\":{\"@id\":\"https:\/\/testwebsite.citygame.com\/tr\/games\/nordlingen\/sherlock-holmes-nordlingen\/#breadcrumb\"},\"inLanguage\":\"tr\",\"potentialAction\":[{\"@type\":\"ReadAction\",\"target\":[\"https:\/\/testwebsite.citygame.com\/tr\/games\/nordlingen\/sherlock-holmes-nordlingen\/\"]}]},{\"@type\":\"ImageObject\",\"inLanguage\":\"tr\",\"@id\":\"https:\/\/testwebsite.citygame.com\/tr\/games\/nordlingen\/sherlock-holmes-nordlingen\/#primaryimage\",\"url\":\"https:\/\/testwebsite.citygame.com\/wp-content\/blogs.dir\/1\/files\/sites\/62\/2026\/02\/nordlingen-players-looking-at-phone.jpg\",\"contentUrl\":\"https:\/\/testwebsite.citygame.com\/wp-content\/blogs.dir\/1\/files\/sites\/62\/2026\/02\/nordlingen-players-looking-at-phone.jpg\",\"width\":1344,\"height\":768,\"caption\":\"A group of friends gather around a smartphone while playing a city game in Nordlingen.\"},{\"@type\":\"BreadcrumbList\",\"@id\":\"https:\/\/testwebsite.citygame.com\/tr\/games\/nordlingen\/sherlock-holmes-nordlingen\/#breadcrumb\",\"itemListElement\":[{\"@type\":\"ListItem\",\"position\":1,\"name\":\"Home\",\"item\":\"https:\/\/testwebsite.citygame.com\/tr\/\"},{\"@type\":\"ListItem\",\"position\":2,\"name\":\"Shop\",\"item\":\"https:\/\/testwebsite.citygame.com\/shop\/\"},{\"@type\":\"ListItem\",\"position\":3,\"name\":\"Sherlock Holmes Nordlingen\"}]},{\"@type\":\"WebSite\",\"@id\":\"https:\/\/testwebsite.upevents.nl\/#website\",\"url\":\"https:\/\/testwebsite.upevents.nl\/\",\"name\":\"City Game\",\"description\":\"\",\"publisher\":{\"@id\":\"https:\/\/testwebsite.upevents.nl\/#organization\"},\"alternateName\":\"citygame.com\",\"potentialAction\":[{\"@type\":\"SearchAction\",\"target\":{\"@type\":\"EntryPoint\",\"urlTemplate\":\"https:\/\/testwebsite.upevents.nl\/?s={search_term_string}\"},\"query-input\":{\"@type\":\"PropertyValueSpecification\",\"valueRequired\":true,\"valueName\":\"search_term_string\"}}],\"inLanguage\":\"tr\"},{\"@type\":[\"Organization\",\"Place\"],\"@id\":\"https:\/\/testwebsite.upevents.nl\/#organization\",\"name\":\"City Game\",\"alternateName\":\"citygame.com\",\"url\":\"https:\/\/testwebsite.upevents.nl\/\",\"logo\":{\"@id\":\"https:\/\/testwebsite.citygame.com\/tr\/games\/nordlingen\/sherlock-holmes-nordlingen\/#local-main-organization-logo\"},\"image\":{\"@id\":\"https:\/\/testwebsite.citygame.com\/tr\/games\/nordlingen\/sherlock-holmes-nordlingen\/#local-main-organization-logo\"},\"sameAs\":[\"https:\/\/www.facebook.com\/profile.php?id=100086426226253\",\"https:\/\/www.instagram.com\/citygame_com\",\"https:\/\/www.tiktok.com\/@citygamecom\/\",\"https:\/\/www.linkedin.com\/company\/citygame-com\"],\"description\":\"Turn any city into a playground with our interactive City Games and self-guided tours. Fun, flexible, and ideal for groups and team building.\",\"telephone\":[],\"openingHoursSpecification\":[{\"@type\":\"OpeningHoursSpecification\",\"dayOfWeek\":[\"Monday\",\"Tuesday\",\"Wednesday\",\"Thursday\",\"Friday\",\"Saturday\",\"Sunday\"],\"opens\":\"09:00\",\"closes\":\"17:00\"}]},{\"@type\":\"ImageObject\",\"inLanguage\":\"tr\",\"@id\":\"https:\/\/testwebsite.citygame.com\/tr\/games\/nordlingen\/sherlock-holmes-nordlingen\/#local-main-organization-logo\",\"url\":\"https:\/\/testwebsite.citygame.com\/wp-content\/blogs.dir\/1\/files\/sites\/62\/2025\/10\/CG_LOGO-City-Game.png\",\"contentUrl\":\"https:\/\/testwebsite.citygame.com\/wp-content\/blogs.dir\/1\/files\/sites\/62\/2025\/10\/CG_LOGO-City-Game.png\",\"width\":351,\"height\":377,\"caption\":\"City Game\"}]}<\/script>\n<!-- \/ Yoast SEO Premium plugin. -->","yoast_head_json":{"title":"Sherlock Holmes Nordlingen - City Game","description":"Sherlock Holmes Nordlingen. Kendi kendine rehberli bir cinayet gizemi City Game oynay\u0131n, bulmacalar\u0131 \u00e7\u00f6z\u00fcn, ipu\u00e7lar\u0131n\u0131 takip edin ve katili kendi h\u0131z\u0131n\u0131zda ortaya \u00e7\u0131kar\u0131n!","robots":{"index":"noindex","follow":"follow","max-snippet":"max-snippet:-1","max-image-preview":"max-image-preview:large","max-video-preview":"max-video-preview:-1"},"og_locale":"tr_TR","og_type":"article","og_title":"Sherlock Holmes Nordlingen","og_description":"Sherlock Holmes Nordlingen. Kendi kendine rehberli bir cinayet gizemi City Game oynay\u0131n, bulmacalar\u0131 \u00e7\u00f6z\u00fcn, ipu\u00e7lar\u0131n\u0131 takip edin ve katili kendi h\u0131z\u0131n\u0131zda ortaya \u00e7\u0131kar\u0131n!","og_url":"https:\/\/testwebsite.citygame.com\/tr\/games\/nordlingen\/sherlock-holmes-nordlingen\/","og_site_name":"City Game","article_publisher":"https:\/\/www.facebook.com\/profile.php?id=100086426226253","article_modified_time":"2026-04-08T17:09:55+00:00","og_image":[{"width":1344,"height":768,"url":"https:\/\/testwebsite.citygame.com\/wp-content\/blogs.dir\/1\/files\/sites\/62\/2026\/02\/nordlingen-players-looking-at-phone.jpg","type":"image\/jpeg"}],"twitter_card":"summary_large_image","schema":{"@context":"https:\/\/schema.org","@graph":[{"@type":"WebPage","@id":"https:\/\/testwebsite.citygame.com\/tr\/games\/nordlingen\/sherlock-holmes-nordlingen\/","url":"https:\/\/testwebsite.citygame.com\/tr\/games\/nordlingen\/sherlock-holmes-nordlingen\/","name":"Sherlock Holmes Nordlingen - City Game","isPartOf":{"@id":"https:\/\/testwebsite.upevents.nl\/#website"},"primaryImageOfPage":{"@id":"https:\/\/testwebsite.citygame.com\/tr\/games\/nordlingen\/sherlock-holmes-nordlingen\/#primaryimage"},"image":{"@id":"https:\/\/testwebsite.citygame.com\/tr\/games\/nordlingen\/sherlock-holmes-nordlingen\/#primaryimage"},"thumbnailUrl":"https:\/\/testwebsite.citygame.com\/wp-content\/blogs.dir\/1\/files\/sites\/62\/2026\/02\/nordlingen-players-looking-at-phone.jpg","datePublished":"2026-02-06T14:57:51+00:00","dateModified":"2026-04-08T17:09:55+00:00","description":"Sherlock Holmes Nordlingen. Kendi kendine rehberli bir cinayet gizemi City Game oynay\u0131n, bulmacalar\u0131 \u00e7\u00f6z\u00fcn, ipu\u00e7lar\u0131n\u0131 takip edin ve katili kendi h\u0131z\u0131n\u0131zda ortaya \u00e7\u0131kar\u0131n!","breadcrumb":{"@id":"https:\/\/testwebsite.citygame.com\/tr\/games\/nordlingen\/sherlock-holmes-nordlingen\/#breadcrumb"},"inLanguage":"tr","potentialAction":[{"@type":"ReadAction","target":["https:\/\/testwebsite.citygame.com\/tr\/games\/nordlingen\/sherlock-holmes-nordlingen\/"]}]},{"@type":"ImageObject","inLanguage":"tr","@id":"https:\/\/testwebsite.citygame.com\/tr\/games\/nordlingen\/sherlock-holmes-nordlingen\/#primaryimage","url":"https:\/\/testwebsite.citygame.com\/wp-content\/blogs.dir\/1\/files\/sites\/62\/2026\/02\/nordlingen-players-looking-at-phone.jpg","contentUrl":"https:\/\/testwebsite.citygame.com\/wp-content\/blogs.dir\/1\/files\/sites\/62\/2026\/02\/nordlingen-players-looking-at-phone.jpg","width":1344,"height":768,"caption":"A group of friends gather around a smartphone while playing a city game in Nordlingen."},{"@type":"BreadcrumbList","@id":"https:\/\/testwebsite.citygame.com\/tr\/games\/nordlingen\/sherlock-holmes-nordlingen\/#breadcrumb","itemListElement":[{"@type":"ListItem","position":1,"name":"Home","item":"https:\/\/testwebsite.citygame.com\/tr\/"},{"@type":"ListItem","position":2,"name":"Shop","item":"https:\/\/testwebsite.citygame.com\/shop\/"},{"@type":"ListItem","position":3,"name":"Sherlock Holmes Nordlingen"}]},{"@type":"WebSite","@id":"https:\/\/testwebsite.upevents.nl\/#website","url":"https:\/\/testwebsite.upevents.nl\/","name":"City Game","description":"","publisher":{"@id":"https:\/\/testwebsite.upevents.nl\/#organization"},"alternateName":"citygame.com","potentialAction":[{"@type":"SearchAction","target":{"@type":"EntryPoint","urlTemplate":"https:\/\/testwebsite.upevents.nl\/?s={search_term_string}"},"query-input":{"@type":"PropertyValueSpecification","valueRequired":true,"valueName":"search_term_string"}}],"inLanguage":"tr"},{"@type":["Organization","Place"],"@id":"https:\/\/testwebsite.upevents.nl\/#organization","name":"City Game","alternateName":"citygame.com","url":"https:\/\/testwebsite.upevents.nl\/","logo":{"@id":"https:\/\/testwebsite.citygame.com\/tr\/games\/nordlingen\/sherlock-holmes-nordlingen\/#local-main-organization-logo"},"image":{"@id":"https:\/\/testwebsite.citygame.com\/tr\/games\/nordlingen\/sherlock-holmes-nordlingen\/#local-main-organization-logo"},"sameAs":["https:\/\/www.facebook.com\/profile.php?id=100086426226253","https:\/\/www.instagram.com\/citygame_com","https:\/\/www.tiktok.com\/@citygamecom\/","https:\/\/www.linkedin.com\/company\/citygame-com"],"description":"Turn any city into a playground with our interactive City Games and self-guided tours. Fun, flexible, and ideal for groups and team building.","telephone":[],"openingHoursSpecification":[{"@type":"OpeningHoursSpecification","dayOfWeek":["Monday","Tuesday","Wednesday","Thursday","Friday","Saturday","Sunday"],"opens":"09:00","closes":"17:00"}]},{"@type":"ImageObject","inLanguage":"tr","@id":"https:\/\/testwebsite.citygame.com\/tr\/games\/nordlingen\/sherlock-holmes-nordlingen\/#local-main-organization-logo","url":"https:\/\/testwebsite.citygame.com\/wp-content\/blogs.dir\/1\/files\/sites\/62\/2025\/10\/CG_LOGO-City-Game.png","contentUrl":"https:\/\/testwebsite.citygame.com\/wp-content\/blogs.dir\/1\/files\/sites\/62\/2025\/10\/CG_LOGO-City-Game.png","width":351,"height":377,"caption":"City Game"}]}},"taxonomy_info":{"game-concept":[{"value":793,"label":"Sherlock"}],"location":[{"value":300,"label":"Nordlingen"}],"product_cat":[{"value":27,"label":"Geen categorie"}]},"featured_image_src_large":["https:\/\/testwebsite.citygame.com\/wp-content\/blogs.dir\/1\/files\/sites\/62\/2026\/02\/nordlingen-players-looking-at-phone-1024x585.jpg",1024,585,true],"author_info":[],"comment_info":"","_links":{"self":[{"href":"https:\/\/testwebsite.citygame.com\/tr\/wp-json\/wp\/v2\/product\/65979","targetHints":{"allow":["GET"]}}],"collection":[{"href":"https:\/\/testwebsite.citygame.com\/tr\/wp-json\/wp\/v2\/product"}],"about":[{"href":"https:\/\/testwebsite.citygame.com\/tr\/wp-json\/wp\/v2\/types\/product"}],"acf:post":[{"embeddable":true,"href":"https:\/\/testwebsite.citygame.com\/tr\/wp-json\/wp\/v2\/pages\/8300"}],"wp:featuredmedia":[{"embeddable":true,"href":"https:\/\/testwebsite.citygame.com\/tr\/wp-json\/wp\/v2\/media\/11387"}],"wp:attachment":[{"href":"https:\/\/testwebsite.citygame.com\/tr\/wp-json\/wp\/v2\/media?parent=65979"}],"wp:term":[{"taxonomy":"game-concept","embeddable":true,"href":"https:\/\/testwebsite.citygame.com\/tr\/wp-json\/wp\/v2\/game-concept?post=65979"},{"taxonomy":"location","embeddable":true,"href":"https:\/\/testwebsite.citygame.com\/tr\/wp-json\/wp\/v2\/location?post=65979"},{"taxonomy":"product_brand","embeddable":true,"href":"https:\/\/testwebsite.citygame.com\/tr\/wp-json\/wp\/v2\/product_brand?post=65979"},{"taxonomy":"product_cat","embeddable":true,"href":"https:\/\/testwebsite.citygame.com\/tr\/wp-json\/wp\/v2\/product_cat?post=65979"},{"taxonomy":"product_tag","embeddable":true,"href":"https:\/\/testwebsite.citygame.com\/tr\/wp-json\/wp\/v2\/product_tag?post=65979"}],"curies":[{"name":"wp","href":"https:\/\/api.w.org\/{rel}","templated":true}]}}