{"id":65777,"date":"2026-03-13T13:17:19","date_gmt":"2026-03-13T13:17:19","guid":{"rendered":"https:\/\/testwebsite.citygame.com\/games\/unknown-location\/secrets-of-osnabruck\/"},"modified":"2026-04-08T16:40:59","modified_gmt":"2026-04-08T16:40:59","slug":"secrets-of-osnabruck","status":"publish","type":"product","link":"https:\/\/testwebsite.citygame.com\/tr\/games\/osnabruck\/secrets-of-osnabruck\/","title":{"rendered":"Secrets of Osnabr\u00fcck"},"content":{"rendered":"<p>Kendi kendine rehberli, GPS tabanl\u0131 &#8220;Secrets of Osnabr\u00fcck&#8221; \u015eehir Oyunu ile Osnabr\u00fcck \u015fehir merkezinin mimari cazibesini ve zengin miras\u0131n\u0131 ke\u015ffedin. Ak\u0131ll\u0131 telefonunuz arac\u0131l\u0131\u011f\u0131yla oynanan bu s\u00fcr\u00fckleyici ke\u015fif oyunu, bulmaca \u00e7\u00f6zme, bilmeceler ve foto\u011fraf meydan okumalar\u0131n\u0131n heyecan\u0131n\u0131 birle\u015ftirerek \u015fehri kendi h\u0131z\u0131n\u0131zda ke\u015ffetmenizi sa\u011flar. Sadece e\u011flenmekle kalmayacak, ayn\u0131 zamanda Osnabr\u00fcck&#8217;\u00fcn tarihi, k\u00fclt\u00fcr\u00fc ve hatta baz\u0131 yerlilerin bile bilmedi\u011fi gizli m\u00fccevherleri hakk\u0131nda b\u00fcy\u00fcleyici detaylar \u00f6\u011freneceksiniz. Bu oyun \u2013 yaln\u0131z macerac\u0131lar, e\u015fsiz bir randevu deneyimi arayan \u00e7iftler, aileler ve arkada\u015f gruplar\u0131 \u2013 herkes i\u00e7in uygun olup, hem yerliler hem de ziyaret\u00e7iler i\u00e7in ideal bir aktivite sunuyor.<\/p>\n","protected":false},"excerpt":{"rendered":"<p>Osnabr\u00fcck&#8217;\u00fcn Gizemli ve S\u0131ra D\u0131\u015f\u0131 Y\u00f6nlerini Ke\u015ffedin! Yenili\u011fin her k\u00f6\u015fede hayat buldu\u011fu ve tarihin kadim kalelerden hareketli pazarlara yank\u0131land\u0131\u011f\u0131 bir \u015fehri ba\u015ftan sona gezin. Nabz\u0131 atan merkezinde yolculuk yaparken bilmeceleri \u00e7\u00f6z\u00fcn; Osnabr\u00fcck, ke\u015ffedilmeyi bekleyen bir heyecan hazinesi!<\/p>\n","protected":false},"featured_media":18606,"template":"","meta":{"_acf_changed":false,"_yoast_wpseo_focuskw":"Secrets of Osnabr\u00fcck","_yoast_wpseo_metadesc":"Secrets of Osnabr\u00fcck. Kendi kendine rehberli bir \u015eehir Oyunu oynay\u0131n ve \u015fehri bulmacalar, bilmeceler ve meydan okumalarla ke\u015ffedin. Kendi h\u0131z\u0131n\u0131zda oynay\u0131n ve bir yerel gibi ke\u015ffedin!","_kad_blocks_custom_css":"","_kad_blocks_head_custom_js":"","_kad_blocks_body_custom_js":"","_kad_blocks_footer_custom_js":"","ghostkit_customizer_options":"","ghostkit_custom_css":"","ghostkit_custom_js_head":"","ghostkit_custom_js_foot":"","ghostkit_typography":"","_kad_post_transparent":"","_kad_post_title":"","_kad_post_layout":"","_kad_post_sidebar_id":"","_kad_post_content_style":"","_kad_post_vertical_padding":"","_kad_post_feature":"","_kad_post_feature_position":"","_kad_post_header":false,"_kad_post_footer":false,"_kad_post_classname":"","_links_to":"","_links_to_target":""},"game-concept":[732],"location":[311],"product_brand":[],"product_cat":[27],"product_tag":[],"class_list":{"0":"post-65777","1":"product","2":"type-product","3":"status-publish","4":"has-post-thumbnail","6":"game-concept-secrets","7":"location-osnabruck","8":"product_cat-geen-categorie","10":"first","11":"instock","12":"shipping-taxable","13":"purchasable","14":"product-type-simple","15":"entry","16":"content-bg","17":"loop-entry"},"acf":{"full_bokun_product_name":"Self-Guided Secrets of Osnabr\u00fcck Exploration Game","location_name":"Osnabr\u00fcck","bokun_calendar_widget_code":"<script type=\"text\/javascript\" src=\"https:\/\/widgets.bokun.io\/assets\/javascripts\/apps\/build\/BokunWidgetsLoader.js?bookingChannelUUID=a1e93e96-5232-4734-a595-28405f4b5a31\" async><\/script>\n     \n    <div class=\"bokunWidget\" data-src=\"https:\/\/widgets.bokun.io\/online-sales\/a1e93e96-5232-4734-a595-28405f4b5a31\/experience-calendar\/918874\"><\/div>\n    <noscript>Please enable javascript in your browser to book<\/noscript>","bokun_button_widget_code":"<script type=\"text\/javascript\" src=\"https:\/\/widgets.bokun.io\/assets\/javascripts\/apps\/build\/BokunWidgetsLoader.js?bookingChannelUUID=a1e93e96-5232-4734-a595-28405f4b5a31\" async><\/script>\n      <style> #bokun_ed001e45_5927_4f62_b470_ca766338d083 { display: inline-block; padding: .4em 1em; background: #47b82e; border-radius: 999999px; box-shadow: none; font-weight: 600; font-size: 24px; text-decoration: none; text-align: center; color: #FFFFFF; border:none; cursor: pointer; transition: background .2s ease; } #bokun_ed001e45_5927_4f62_b470_ca766338d083:hover{ background: #2f7b1f; } #bokun_ed001e45_5927_4f62_b470_ca766338d083:active{ background: #378f24; } <\/style> <button class=\"bokunButton\" disabled id=bokun_ed001e45_5927_4f62_b470_ca766338d083 data-src=\"https:\/\/widgets.bokun.io\/online-sales\/a1e93e96-5232-4734-a595-28405f4b5a31\/experience-calendar\/918874?partialView=1\" data-testid=\"widget-book-button\" > Book now <\/button> ","what_you\u2019ll_experience_during_the_game":"Osnabr\u00fcck sokaklar\u0131nda kendinizi kaybederken, Secrets of Osnabr\u00fcck \u015eehir Oyunu sadece bir turdan \u00f6teye ge\u00e7erek; s\u00fcr\u00fckleyici bir ke\u015fif ve ara\u015ft\u0131rma yolculu\u011funa d\u00f6n\u00fc\u015f\u00fcyor. Geziyi s\u00fcr\u00fckleyici bir anlat\u0131 ve etkile\u015fimli meydan okumalarla kusursuzca harmanlayan oyun, sizi ve ekibinizi bu b\u00fcy\u00fcleyici \u015fehrin hem ikonik hem de gizli k\u00f6\u015felerinde bir aray\u0131\u015fa \u00e7\u0131kar\u0131yor. Hareketli pazarlar, huzurlu \u015fehir parklar\u0131 ve zarif \u015fehir meydan\u0131 gibi canl\u0131 b\u00f6lgeleri gezerken Osnabr\u00fcck'\u00fcn otantik tad\u0131n\u0131 deneyimleyin, ilerlerken \u015fehir ya\u015fam\u0131n\u0131n atmosferini ve ritmini tamamen hissedin. \n\nSecrets of Osnabr\u00fcck \u015eehir Oyunu oynamak, \u00e7e\u015fitli bulmacalar\u0131, bilmeceleri ve sorular\u0131 \u00e7\u00f6zmeyi, hatta baz\u0131 yarat\u0131c\u0131 foto\u011fraf meydan okumalar\u0131n\u0131 kabul etmeyi i\u00e7erir. Bu s\u00fcr\u00fckleyici g\u00f6revler, oyuncular\u0131n puan kazanmas\u0131na, faydal\u0131 ipu\u00e7lar\u0131n\u0131n kilidini a\u00e7mas\u0131na ve oyunun nihai gizemini \u00e7\u00f6zmeye yakla\u015fmas\u0131na yard\u0131mc\u0131 olur. Oyunun esnekli\u011fi, istedi\u011finiz zaman duraklatman\u0131za olanak tan\u0131r ve haz\u0131r oldu\u011funuzda devam etmenizi sa\u011flar. Rekabet\u00e7i ruhu olanlar i\u00e7in ise liderlik tablosunda \u00fcst s\u0131ralara \u00e7\u0131kma hedefi, deneyime heyecan verici bir boyut kat\u0131yor. Osnabr\u00fcck'\u00fcn pitoresk ortam\u0131nda ge\u00e7en bu unutulmaz ke\u015fif oyununda ke\u015ffedin, oynay\u0131n, ara\u015ft\u0131r\u0131n ve rekabet edin.","how_to_play":"Ke\u015fif Oyununu ay\u0131rt\u0131n, size g\u00f6nderdi\u011fimiz basit talimatlar\u0131 i\u00e7eren e-postay\u0131 kontrol edin, Loquiz Uygulamas\u0131n\u0131 indirin, Ke\u015fif Oyununa eri\u015fin ve oyun deneyiminize ba\u015flamaya haz\u0131rs\u0131n\u0131z!","start_location":"Osnabr\u00fcck, Marktplatz","available_languages":["en"],"players_per_group":"1-4","duration":"1.5-2 hours","image_overlay_color_image":"https:\/\/testwebsite.citygame.com\/wp-content\/blogs.dir\/1\/files\/sites\/62\/2026\/01\/SecretsColor.svg","image_overlay_game_logo":"https:\/\/testwebsite.citygame.com\/wp-content\/blogs.dir\/1\/files\/sites\/62\/2026\/01\/SecretsLogo.png","city_page":15204,"woocommerce_general_content":null},"yoast_head":"<!-- This site is optimized with the Yoast SEO Premium plugin v26.2 (Yoast SEO v26.3) - https:\/\/yoast.com\/wordpress\/plugins\/seo\/ -->\n<title>Secrets of Osnabr\u00fcck - City Game<\/title>\n<meta name=\"description\" content=\"Secrets of Osnabr\u00fcck. Kendi kendine rehberli bir \u015eehir Oyunu oynay\u0131n ve \u015fehri bulmacalar, bilmeceler ve meydan okumalarla ke\u015ffedin. Kendi h\u0131z\u0131n\u0131zda oynay\u0131n ve bir yerel gibi ke\u015ffedin!\" \/>\n<meta name=\"robots\" content=\"noindex, follow, max-snippet:-1, max-image-preview:large, max-video-preview:-1\" \/>\n<meta property=\"og:locale\" content=\"tr_TR\" \/>\n<meta property=\"og:type\" content=\"article\" \/>\n<meta property=\"og:title\" content=\"Secrets of Osnabr\u00fcck\" \/>\n<meta property=\"og:description\" content=\"Secrets of Osnabr\u00fcck. Kendi kendine rehberli bir \u015eehir Oyunu oynay\u0131n ve \u015fehri bulmacalar, bilmeceler ve meydan okumalarla ke\u015ffedin. Kendi h\u0131z\u0131n\u0131zda oynay\u0131n ve bir yerel gibi ke\u015ffedin!\" \/>\n<meta property=\"og:url\" content=\"https:\/\/testwebsite.citygame.com\/tr\/games\/osnabruck\/secrets-of-osnabruck\/\" \/>\n<meta property=\"og:site_name\" content=\"City Game\" \/>\n<meta property=\"article:publisher\" content=\"https:\/\/www.facebook.com\/profile.php?id=100086426226253\" \/>\n<meta property=\"article:modified_time\" content=\"2026-04-08T16:40:59+00:00\" \/>\n<meta property=\"og:image\" content=\"https:\/\/testwebsite.citygame.com\/wp-content\/blogs.dir\/1\/files\/sites\/62\/2026\/03\/group-playing-city-game-osnabrueck-st-marys-church.jpg\" \/>\n\t<meta property=\"og:image:width\" content=\"1024\" \/>\n\t<meta property=\"og:image:height\" content=\"1024\" \/>\n\t<meta property=\"og:image:type\" content=\"image\/jpeg\" \/>\n<meta name=\"twitter:card\" content=\"summary_large_image\" \/>\n<meta name=\"twitter:label1\" content=\"Tahmini okuma s\u00fcresi\" \/>\n\t<meta name=\"twitter:data1\" content=\"1 dakika\" \/>\n<script type=\"application\/ld+json\" class=\"yoast-schema-graph\">{\"@context\":\"https:\/\/schema.org\",\"@graph\":[{\"@type\":\"WebPage\",\"@id\":\"https:\/\/testwebsite.citygame.com\/tr\/games\/osnabruck\/secrets-of-osnabruck\/\",\"url\":\"https:\/\/testwebsite.citygame.com\/tr\/games\/osnabruck\/secrets-of-osnabruck\/\",\"name\":\"Secrets of Osnabr\u00fcck - City Game\",\"isPartOf\":{\"@id\":\"https:\/\/testwebsite.upevents.nl\/#website\"},\"primaryImageOfPage\":{\"@id\":\"https:\/\/testwebsite.citygame.com\/tr\/games\/osnabruck\/secrets-of-osnabruck\/#primaryimage\"},\"image\":{\"@id\":\"https:\/\/testwebsite.citygame.com\/tr\/games\/osnabruck\/secrets-of-osnabruck\/#primaryimage\"},\"thumbnailUrl\":\"https:\/\/testwebsite.citygame.com\/wp-content\/blogs.dir\/1\/files\/sites\/62\/2026\/03\/group-playing-city-game-osnabrueck-st-marys-church.jpg\",\"datePublished\":\"2026-03-13T13:17:19+00:00\",\"dateModified\":\"2026-04-08T16:40:59+00:00\",\"description\":\"Secrets of Osnabr\u00fcck. Kendi kendine rehberli bir \u015eehir Oyunu oynay\u0131n ve \u015fehri bulmacalar, bilmeceler ve meydan okumalarla ke\u015ffedin. Kendi h\u0131z\u0131n\u0131zda oynay\u0131n ve bir yerel gibi ke\u015ffedin!\",\"breadcrumb\":{\"@id\":\"https:\/\/testwebsite.citygame.com\/tr\/games\/osnabruck\/secrets-of-osnabruck\/#breadcrumb\"},\"inLanguage\":\"tr\",\"potentialAction\":[{\"@type\":\"ReadAction\",\"target\":[\"https:\/\/testwebsite.citygame.com\/tr\/games\/osnabruck\/secrets-of-osnabruck\/\"]}]},{\"@type\":\"ImageObject\",\"inLanguage\":\"tr\",\"@id\":\"https:\/\/testwebsite.citygame.com\/tr\/games\/osnabruck\/secrets-of-osnabruck\/#primaryimage\",\"url\":\"https:\/\/testwebsite.citygame.com\/wp-content\/blogs.dir\/1\/files\/sites\/62\/2026\/03\/group-playing-city-game-osnabrueck-st-marys-church.jpg\",\"contentUrl\":\"https:\/\/testwebsite.citygame.com\/wp-content\/blogs.dir\/1\/files\/sites\/62\/2026\/03\/group-playing-city-game-osnabrueck-st-marys-church.jpg\",\"width\":1024,\"height\":1024,\"caption\":\"A group of friends collaborates on a puzzle during an outdoor exploration game in Osnabr\u00fcck.\"},{\"@type\":\"BreadcrumbList\",\"@id\":\"https:\/\/testwebsite.citygame.com\/tr\/games\/osnabruck\/secrets-of-osnabruck\/#breadcrumb\",\"itemListElement\":[{\"@type\":\"ListItem\",\"position\":1,\"name\":\"Home\",\"item\":\"https:\/\/testwebsite.citygame.com\/tr\/\"},{\"@type\":\"ListItem\",\"position\":2,\"name\":\"Shop\",\"item\":\"https:\/\/testwebsite.citygame.com\/shop\/\"},{\"@type\":\"ListItem\",\"position\":3,\"name\":\"Secrets of Osnabr\u00fcck\"}]},{\"@type\":\"WebSite\",\"@id\":\"https:\/\/testwebsite.upevents.nl\/#website\",\"url\":\"https:\/\/testwebsite.upevents.nl\/\",\"name\":\"City Game\",\"description\":\"\",\"publisher\":{\"@id\":\"https:\/\/testwebsite.upevents.nl\/#organization\"},\"alternateName\":\"citygame.com\",\"potentialAction\":[{\"@type\":\"SearchAction\",\"target\":{\"@type\":\"EntryPoint\",\"urlTemplate\":\"https:\/\/testwebsite.upevents.nl\/?s={search_term_string}\"},\"query-input\":{\"@type\":\"PropertyValueSpecification\",\"valueRequired\":true,\"valueName\":\"search_term_string\"}}],\"inLanguage\":\"tr\"},{\"@type\":[\"Organization\",\"Place\"],\"@id\":\"https:\/\/testwebsite.upevents.nl\/#organization\",\"name\":\"City Game\",\"alternateName\":\"citygame.com\",\"url\":\"https:\/\/testwebsite.upevents.nl\/\",\"logo\":{\"@id\":\"https:\/\/testwebsite.citygame.com\/tr\/games\/osnabruck\/secrets-of-osnabruck\/#local-main-organization-logo\"},\"image\":{\"@id\":\"https:\/\/testwebsite.citygame.com\/tr\/games\/osnabruck\/secrets-of-osnabruck\/#local-main-organization-logo\"},\"sameAs\":[\"https:\/\/www.facebook.com\/profile.php?id=100086426226253\",\"https:\/\/www.instagram.com\/citygame_com\",\"https:\/\/www.tiktok.com\/@citygamecom\/\",\"https:\/\/www.linkedin.com\/company\/citygame-com\"],\"description\":\"Turn any city into a playground with our interactive City Games and self-guided tours. Fun, flexible, and ideal for groups and team building.\",\"telephone\":[],\"openingHoursSpecification\":[{\"@type\":\"OpeningHoursSpecification\",\"dayOfWeek\":[\"Monday\",\"Tuesday\",\"Wednesday\",\"Thursday\",\"Friday\",\"Saturday\",\"Sunday\"],\"opens\":\"09:00\",\"closes\":\"17:00\"}]},{\"@type\":\"ImageObject\",\"inLanguage\":\"tr\",\"@id\":\"https:\/\/testwebsite.citygame.com\/tr\/games\/osnabruck\/secrets-of-osnabruck\/#local-main-organization-logo\",\"url\":\"https:\/\/testwebsite.citygame.com\/wp-content\/blogs.dir\/1\/files\/sites\/62\/2025\/10\/CG_LOGO-City-Game.png\",\"contentUrl\":\"https:\/\/testwebsite.citygame.com\/wp-content\/blogs.dir\/1\/files\/sites\/62\/2025\/10\/CG_LOGO-City-Game.png\",\"width\":351,\"height\":377,\"caption\":\"City Game\"}]}<\/script>\n<!-- \/ Yoast SEO Premium plugin. -->","yoast_head_json":{"title":"Secrets of Osnabr\u00fcck - City Game","description":"Secrets of Osnabr\u00fcck. Kendi kendine rehberli bir \u015eehir Oyunu oynay\u0131n ve \u015fehri bulmacalar, bilmeceler ve meydan okumalarla ke\u015ffedin. Kendi h\u0131z\u0131n\u0131zda oynay\u0131n ve bir yerel gibi ke\u015ffedin!","robots":{"index":"noindex","follow":"follow","max-snippet":"max-snippet:-1","max-image-preview":"max-image-preview:large","max-video-preview":"max-video-preview:-1"},"og_locale":"tr_TR","og_type":"article","og_title":"Secrets of Osnabr\u00fcck","og_description":"Secrets of Osnabr\u00fcck. Kendi kendine rehberli bir \u015eehir Oyunu oynay\u0131n ve \u015fehri bulmacalar, bilmeceler ve meydan okumalarla ke\u015ffedin. Kendi h\u0131z\u0131n\u0131zda oynay\u0131n ve bir yerel gibi ke\u015ffedin!","og_url":"https:\/\/testwebsite.citygame.com\/tr\/games\/osnabruck\/secrets-of-osnabruck\/","og_site_name":"City Game","article_publisher":"https:\/\/www.facebook.com\/profile.php?id=100086426226253","article_modified_time":"2026-04-08T16:40:59+00:00","og_image":[{"width":1024,"height":1024,"url":"https:\/\/testwebsite.citygame.com\/wp-content\/blogs.dir\/1\/files\/sites\/62\/2026\/03\/group-playing-city-game-osnabrueck-st-marys-church.jpg","type":"image\/jpeg"}],"twitter_card":"summary_large_image","twitter_misc":{"Tahmini okuma s\u00fcresi":"1 dakika"},"schema":{"@context":"https:\/\/schema.org","@graph":[{"@type":"WebPage","@id":"https:\/\/testwebsite.citygame.com\/tr\/games\/osnabruck\/secrets-of-osnabruck\/","url":"https:\/\/testwebsite.citygame.com\/tr\/games\/osnabruck\/secrets-of-osnabruck\/","name":"Secrets of Osnabr\u00fcck - City Game","isPartOf":{"@id":"https:\/\/testwebsite.upevents.nl\/#website"},"primaryImageOfPage":{"@id":"https:\/\/testwebsite.citygame.com\/tr\/games\/osnabruck\/secrets-of-osnabruck\/#primaryimage"},"image":{"@id":"https:\/\/testwebsite.citygame.com\/tr\/games\/osnabruck\/secrets-of-osnabruck\/#primaryimage"},"thumbnailUrl":"https:\/\/testwebsite.citygame.com\/wp-content\/blogs.dir\/1\/files\/sites\/62\/2026\/03\/group-playing-city-game-osnabrueck-st-marys-church.jpg","datePublished":"2026-03-13T13:17:19+00:00","dateModified":"2026-04-08T16:40:59+00:00","description":"Secrets of Osnabr\u00fcck. Kendi kendine rehberli bir \u015eehir Oyunu oynay\u0131n ve \u015fehri bulmacalar, bilmeceler ve meydan okumalarla ke\u015ffedin. Kendi h\u0131z\u0131n\u0131zda oynay\u0131n ve bir yerel gibi ke\u015ffedin!","breadcrumb":{"@id":"https:\/\/testwebsite.citygame.com\/tr\/games\/osnabruck\/secrets-of-osnabruck\/#breadcrumb"},"inLanguage":"tr","potentialAction":[{"@type":"ReadAction","target":["https:\/\/testwebsite.citygame.com\/tr\/games\/osnabruck\/secrets-of-osnabruck\/"]}]},{"@type":"ImageObject","inLanguage":"tr","@id":"https:\/\/testwebsite.citygame.com\/tr\/games\/osnabruck\/secrets-of-osnabruck\/#primaryimage","url":"https:\/\/testwebsite.citygame.com\/wp-content\/blogs.dir\/1\/files\/sites\/62\/2026\/03\/group-playing-city-game-osnabrueck-st-marys-church.jpg","contentUrl":"https:\/\/testwebsite.citygame.com\/wp-content\/blogs.dir\/1\/files\/sites\/62\/2026\/03\/group-playing-city-game-osnabrueck-st-marys-church.jpg","width":1024,"height":1024,"caption":"A group of friends collaborates on a puzzle during an outdoor exploration game in Osnabr\u00fcck."},{"@type":"BreadcrumbList","@id":"https:\/\/testwebsite.citygame.com\/tr\/games\/osnabruck\/secrets-of-osnabruck\/#breadcrumb","itemListElement":[{"@type":"ListItem","position":1,"name":"Home","item":"https:\/\/testwebsite.citygame.com\/tr\/"},{"@type":"ListItem","position":2,"name":"Shop","item":"https:\/\/testwebsite.citygame.com\/shop\/"},{"@type":"ListItem","position":3,"name":"Secrets of Osnabr\u00fcck"}]},{"@type":"WebSite","@id":"https:\/\/testwebsite.upevents.nl\/#website","url":"https:\/\/testwebsite.upevents.nl\/","name":"City Game","description":"","publisher":{"@id":"https:\/\/testwebsite.upevents.nl\/#organization"},"alternateName":"citygame.com","potentialAction":[{"@type":"SearchAction","target":{"@type":"EntryPoint","urlTemplate":"https:\/\/testwebsite.upevents.nl\/?s={search_term_string}"},"query-input":{"@type":"PropertyValueSpecification","valueRequired":true,"valueName":"search_term_string"}}],"inLanguage":"tr"},{"@type":["Organization","Place"],"@id":"https:\/\/testwebsite.upevents.nl\/#organization","name":"City Game","alternateName":"citygame.com","url":"https:\/\/testwebsite.upevents.nl\/","logo":{"@id":"https:\/\/testwebsite.citygame.com\/tr\/games\/osnabruck\/secrets-of-osnabruck\/#local-main-organization-logo"},"image":{"@id":"https:\/\/testwebsite.citygame.com\/tr\/games\/osnabruck\/secrets-of-osnabruck\/#local-main-organization-logo"},"sameAs":["https:\/\/www.facebook.com\/profile.php?id=100086426226253","https:\/\/www.instagram.com\/citygame_com","https:\/\/www.tiktok.com\/@citygamecom\/","https:\/\/www.linkedin.com\/company\/citygame-com"],"description":"Turn any city into a playground with our interactive City Games and self-guided tours. Fun, flexible, and ideal for groups and team building.","telephone":[],"openingHoursSpecification":[{"@type":"OpeningHoursSpecification","dayOfWeek":["Monday","Tuesday","Wednesday","Thursday","Friday","Saturday","Sunday"],"opens":"09:00","closes":"17:00"}]},{"@type":"ImageObject","inLanguage":"tr","@id":"https:\/\/testwebsite.citygame.com\/tr\/games\/osnabruck\/secrets-of-osnabruck\/#local-main-organization-logo","url":"https:\/\/testwebsite.citygame.com\/wp-content\/blogs.dir\/1\/files\/sites\/62\/2025\/10\/CG_LOGO-City-Game.png","contentUrl":"https:\/\/testwebsite.citygame.com\/wp-content\/blogs.dir\/1\/files\/sites\/62\/2025\/10\/CG_LOGO-City-Game.png","width":351,"height":377,"caption":"City Game"}]}},"taxonomy_info":{"game-concept":[{"value":732,"label":"Secrets"}],"location":[{"value":311,"label":"Osnabruck"}],"product_cat":[{"value":27,"label":"Geen categorie"}]},"featured_image_src_large":["https:\/\/testwebsite.citygame.com\/wp-content\/blogs.dir\/1\/files\/sites\/62\/2026\/03\/group-playing-city-game-osnabrueck-st-marys-church.jpg",1024,1024,false],"author_info":[],"comment_info":"","_links":{"self":[{"href":"https:\/\/testwebsite.citygame.com\/tr\/wp-json\/wp\/v2\/product\/65777","targetHints":{"allow":["GET"]}}],"collection":[{"href":"https:\/\/testwebsite.citygame.com\/tr\/wp-json\/wp\/v2\/product"}],"about":[{"href":"https:\/\/testwebsite.citygame.com\/tr\/wp-json\/wp\/v2\/types\/product"}],"acf:post":[{"embeddable":true,"href":"https:\/\/testwebsite.citygame.com\/tr\/wp-json\/wp\/v2\/pages\/15204"}],"wp:featuredmedia":[{"embeddable":true,"href":"https:\/\/testwebsite.citygame.com\/tr\/wp-json\/wp\/v2\/media\/18606"}],"wp:attachment":[{"href":"https:\/\/testwebsite.citygame.com\/tr\/wp-json\/wp\/v2\/media?parent=65777"}],"wp:term":[{"taxonomy":"game-concept","embeddable":true,"href":"https:\/\/testwebsite.citygame.com\/tr\/wp-json\/wp\/v2\/game-concept?post=65777"},{"taxonomy":"location","embeddable":true,"href":"https:\/\/testwebsite.citygame.com\/tr\/wp-json\/wp\/v2\/location?post=65777"},{"taxonomy":"product_brand","embeddable":true,"href":"https:\/\/testwebsite.citygame.com\/tr\/wp-json\/wp\/v2\/product_brand?post=65777"},{"taxonomy":"product_cat","embeddable":true,"href":"https:\/\/testwebsite.citygame.com\/tr\/wp-json\/wp\/v2\/product_cat?post=65777"},{"taxonomy":"product_tag","embeddable":true,"href":"https:\/\/testwebsite.citygame.com\/tr\/wp-json\/wp\/v2\/product_tag?post=65777"}],"curies":[{"name":"wp","href":"https:\/\/api.w.org\/{rel}","templated":true}]}}