{"id":65483,"date":"2026-01-13T09:43:14","date_gmt":"2026-01-13T09:43:14","guid":{"rendered":"https:\/\/testwebsite.citygame.com\/games\/unknown-location\/secrets-of-edinburgh\/"},"modified":"2026-04-08T16:03:04","modified_gmt":"2026-04-08T16:03:04","slug":"secrets-of-edinburgh","status":"publish","type":"product","link":"https:\/\/testwebsite.citygame.com\/tr\/games\/edinburgh\/secrets-of-edinburgh\/","title":{"rendered":"Secrets of Edinburgh"},"content":{"rendered":"<p>Secrets of Edinburgh \u015eehir Oyunu, Edinburgh&#8217;un tarihi merkezinde ge\u00e7en, kendi kendine rehberli, GPS tabanl\u0131 bir oyundur. Ak\u0131ll\u0131 telefon kullanarak oyuncular bulmacalar\u0131 \u00e7\u00f6zd\u00fckleri, bilmeceleri a\u00e7\u0131\u011fa \u00e7\u0131kard\u0131klar\u0131 ve foto\u011fraf g\u00f6revlerini tamamlad\u0131klar\u0131 interaktif bir ke\u015fif oyununa at\u0131l\u0131rlar. Yol boyunca kat\u0131l\u0131mc\u0131lar Edinburgh&#8217;un zengin tarihi, kendine \u00f6zg\u00fc k\u00fclt\u00fcr\u00fc ve \u015fehrin sokaklar\u0131na ve simge yap\u0131lar\u0131na \u00f6r\u00fclm\u00fc\u015f, \u00e7o\u011fu zaman g\u00f6zden ka\u00e7an detaylar\u0131 hakk\u0131nda bilgi edinirler. Bu Edinburgh \u015eehir Oyunu, hem yeni yerler ke\u015ffetmek isteyen ziyaret\u00e7iler hem de taze bir bak\u0131\u015f a\u00e7\u0131s\u0131 arayan yerel halk i\u00e7in idealdir. Kendi kendine rehberli \u015fehir oyunu, esnek ve ilgi \u00e7ekici bir \u015fehir deneyimi arayan yaln\u0131z macerac\u0131lar, \u00e7iftler, aileler veya arkada\u015f gruplar\u0131 i\u00e7in tasarlanm\u0131\u015ft\u0131r.<\/p>\n","protected":false},"excerpt":{"rendered":"<p>Edinburgh&#8217;un En Karanl\u0131k Gizemini \u00c7\u00f6z! Kraliyet entrikalar\u0131 ve \u00fcrk\u00fct\u00fcc\u00fc efsanelerle dolu Arnavut kald\u0131r\u0131ml\u0131 sokaklarda dola\u015f\u0131rken, Maggie Dickson&#8217;a kat\u0131larak lanetli Cellat Kukuletas\u0131&#8217;n\u0131 bir sonraki kurban\u0131n\u0131 almadan \u00f6nce bulmas\u0131na yard\u0131m edin.<\/p>\n","protected":false},"featured_media":3535,"template":"","meta":{"_acf_changed":false,"_yoast_wpseo_focuskw":"Secrets of Edinburgh","_yoast_wpseo_metadesc":"Secrets of Edinburgh. Kendi kendine rehberli bir \u015eehir Oyunu oynay\u0131n ve bulmacalar, bilmeceler ve g\u00f6revler arac\u0131l\u0131\u011f\u0131yla \u015fehri ke\u015ffedin. Kendi h\u0131z\u0131n\u0131zda oynay\u0131n ve bir yerel gibi ke\u015ffedin!","_kad_blocks_custom_css":"","_kad_blocks_head_custom_js":"","_kad_blocks_body_custom_js":"","_kad_blocks_footer_custom_js":"","ghostkit_customizer_options":"","ghostkit_custom_css":"","ghostkit_custom_js_head":"","ghostkit_custom_js_foot":"","ghostkit_typography":"","_kad_post_transparent":"default","_kad_post_title":"","_kad_post_layout":"default","_kad_post_sidebar_id":"","_kad_post_content_style":"default","_kad_post_vertical_padding":"default","_kad_post_feature":"","_kad_post_feature_position":"","_kad_post_header":false,"_kad_post_footer":false,"_kad_post_classname":"","_links_to":"","_links_to_target":""},"game-concept":[732],"location":[152],"product_brand":[],"product_cat":[27],"product_tag":[],"class_list":{"0":"post-65483","1":"product","2":"type-product","3":"status-publish","4":"has-post-thumbnail","6":"game-concept-secrets","7":"location-edinburgh","8":"product_cat-geen-categorie","10":"first","11":"instock","12":"shipping-taxable","13":"purchasable","14":"product-type-simple","15":"entry","16":"content-bg","17":"loop-entry"},"acf":{"full_bokun_product_name":"Self-Guided Secrets of Edinburgh Exploration Game","location_name":"Edinburgh","bokun_calendar_widget_code":"<script type=\"text\/javascript\" src=\"https:\/\/widgets.bokun.io\/assets\/javascripts\/apps\/build\/BokunWidgetsLoader.js?bookingChannelUUID=a1e93e96-5232-4734-a595-28405f4b5a31\" async><\/script>\n     \n    <div class=\"bokunWidget\" data-src=\"https:\/\/widgets.bokun.io\/online-sales\/a1e93e96-5232-4734-a595-28405f4b5a31\/experience-calendar\/992369\"><\/div>\n    <noscript>Please enable javascript in your browser to book<\/noscript>","bokun_button_widget_code":"<script type=\"text\/javascript\" src=\"https:\/\/widgets.bokun.io\/assets\/javascripts\/apps\/build\/BokunWidgetsLoader.js?bookingChannelUUID=a1e93e96-5232-4734-a595-28405f4b5a31\" async><\/script>\n      <style> #bokun_ed001e45_5927_4f62_b470_ca766338d083 { display: inline-block; padding: .4em 1em; background: #47b82e; border-radius: 999999px; box-shadow: none; font-weight: 600; font-size: 24px; text-decoration: none; text-align: center; color: #FFFFFF; border:none; cursor: pointer; transition: background .2s ease; } #bokun_ed001e45_5927_4f62_b470_ca766338d083:hover{ background: #2f7b1f; } #bokun_ed001e45_5927_4f62_b470_ca766338d083:active{ background: #378f24; } <\/style> <button class=\"bokunButton\" disabled id=bokun_ed001e45_5927_4f62_b470_ca766338d083 data-src=\"https:\/\/widgets.bokun.io\/online-sales\/a1e93e96-5232-4734-a595-28405f4b5a31\/experience-calendar\/992369?partialView=1\" data-testid=\"widget-book-button\" > Book now <\/button> ","what_you\u2019ll_experience_during_the_game":"Bu \u015eehir Oyunu ile Edinburgh'u ke\u015ffederken, sizi hem \u00fcnl\u00fc simge yap\u0131lara hem de \u015fehrin atmosferik k\u00f6\u015felerine y\u00f6nlendiren bir hikayeyi takip edeceksiniz. Yol boyunca, Victoria Caddesi'nin renkli ma\u011faza vitrinlerine hayran kalabilir, hareketli Grassmarket'tan ge\u00e7ebilir veya Greyfriars Bobby Heykeli'nde duraklayabilirsiniz. Deacon Brodie's Tavern gibi tarihi duraklar ve Greyfriars Kirkyard'\u0131n g\u00f6lgeli yollar\u0131, yolculu\u011funuza derinlik ve karakter katacakt\u0131r. Her konum, sizi \u015fehrin katmanl\u0131 ge\u00e7mi\u015fine ve gizli detaylar\u0131na daha da \u00e7eken ipu\u00e7lar\u0131 ve atmosfer sunar.\r\n\r\nOyun s\u0131ras\u0131nda, Edinburgh'un tarihi cazibesiyle sizi birle\u015ftirmek i\u00e7in tasarlanm\u0131\u015f zekice bilmeceleri \u00e7\u00f6zecek, yerel sorular\u0131 yan\u0131tlayacak ve yarat\u0131c\u0131 foto\u011fraf g\u00f6revlerini tamamlayacaks\u0131n\u0131z. Puan kazanmak ve ipu\u00e7lar\u0131n\u0131 a\u00e7mak, son bir gizemi ortaya \u00e7\u0131karmaya do\u011fru ilerlemenize yard\u0131mc\u0131 olacak, hepsi kendi h\u0131z\u0131n\u0131zda. \u0130ster yaln\u0131z ister ba\u015fkalar\u0131yla ke\u015ffediyor olun, oyunu istedi\u011finiz zaman duraklatabilir ve daha sonra devam edebilirsiniz. Rekabet\u00e7i oynayanlar i\u00e7in, liderlik tablosunda \u00fcst s\u0131ralar\u0131 hedeflemek, ekstra bir meydan okuma ve e\u011flence katman\u0131 ekler.","how_to_play":"Rezervasyon yapt\u0131\u011f\u0131n\u0131zda, do\u011frudan oynama ba\u011flant\u0131s\u0131 i\u00e7eren bir e-posta alacaks\u0131n\u0131z. Walter Francis Montagu Douglas Scott Heykeli'ndeki ba\u015flang\u0131\u00e7 konumuna gidin ve maceran\u0131za istedi\u011finiz zaman ba\u015flay\u0131n. Oyun do\u011frudan ak\u0131ll\u0131 telefonunuzda \u00e7al\u0131\u015f\u0131r, uygulama indirmeye gerek yoktur. Diledi\u011finiz zaman duraklatabilir ve daha sonra devam edebilir, b\u00f6ylece yolculu\u011funuz \u00fczerinde tam esneklik sa\u011flayabilirsiniz.","start_location":"Edinburgh, Lawnmarket Statue of Walter Francis Montagu Douglas Scott","available_languages":"","players_per_group":"1-4","duration":"1.5-2 hours","image_overlay_color_image":"https:\/\/testwebsite.citygame.com\/wp-content\/blogs.dir\/1\/files\/sites\/62\/2026\/01\/SecretsColor.svg","image_overlay_game_logo":"https:\/\/testwebsite.citygame.com\/wp-content\/blogs.dir\/1\/files\/sites\/62\/2026\/01\/SecretsLogo.png","city_page":12208,"woocommerce_general_content":null},"yoast_head":"<!-- This site is optimized with the Yoast SEO Premium plugin v26.2 (Yoast SEO v26.3) - https:\/\/yoast.com\/wordpress\/plugins\/seo\/ -->\n<title>Secrets of Edinburgh - City Game<\/title>\n<meta name=\"description\" content=\"Secrets of Edinburgh. Kendi kendine rehberli bir \u015eehir Oyunu oynay\u0131n ve bulmacalar, bilmeceler ve g\u00f6revler arac\u0131l\u0131\u011f\u0131yla \u015fehri ke\u015ffedin. Kendi h\u0131z\u0131n\u0131zda oynay\u0131n ve bir yerel gibi ke\u015ffedin!\" \/>\n<meta name=\"robots\" content=\"noindex, follow, max-snippet:-1, max-image-preview:large, max-video-preview:-1\" \/>\n<meta property=\"og:locale\" content=\"tr_TR\" \/>\n<meta property=\"og:type\" content=\"article\" \/>\n<meta property=\"og:title\" content=\"Secrets of Edinburgh\" \/>\n<meta property=\"og:description\" content=\"Secrets of Edinburgh. Kendi kendine rehberli bir \u015eehir Oyunu oynay\u0131n ve bulmacalar, bilmeceler ve g\u00f6revler arac\u0131l\u0131\u011f\u0131yla \u015fehri ke\u015ffedin. Kendi h\u0131z\u0131n\u0131zda oynay\u0131n ve bir yerel gibi ke\u015ffedin!\" \/>\n<meta property=\"og:url\" content=\"https:\/\/testwebsite.citygame.com\/tr\/games\/edinburgh\/secrets-of-edinburgh\/\" \/>\n<meta property=\"og:site_name\" content=\"City Game\" \/>\n<meta property=\"article:publisher\" content=\"https:\/\/www.facebook.com\/profile.php?id=100086426226253\" \/>\n<meta property=\"article:modified_time\" content=\"2026-04-08T16:03:04+00:00\" \/>\n<meta property=\"og:image\" content=\"https:\/\/testwebsite.citygame.com\/wp-content\/blogs.dir\/1\/files\/sites\/62\/2026\/01\/edinburgh-st-giles-cathedral-city-game-player-secrets.jpg\" \/>\n\t<meta property=\"og:image:width\" content=\"1184\" \/>\n\t<meta property=\"og:image:height\" content=\"864\" \/>\n\t<meta property=\"og:image:type\" content=\"image\/jpeg\" \/>\n<meta name=\"twitter:card\" content=\"summary_large_image\" \/>\n<meta name=\"twitter:label1\" content=\"Tahmini okuma s\u00fcresi\" \/>\n\t<meta name=\"twitter:data1\" content=\"1 dakika\" \/>\n<script type=\"application\/ld+json\" class=\"yoast-schema-graph\">{\"@context\":\"https:\/\/schema.org\",\"@graph\":[{\"@type\":\"WebPage\",\"@id\":\"https:\/\/testwebsite.citygame.com\/tr\/games\/edinburgh\/secrets-of-edinburgh\/\",\"url\":\"https:\/\/testwebsite.citygame.com\/tr\/games\/edinburgh\/secrets-of-edinburgh\/\",\"name\":\"Secrets of Edinburgh - City Game\",\"isPartOf\":{\"@id\":\"https:\/\/testwebsite.upevents.nl\/#website\"},\"primaryImageOfPage\":{\"@id\":\"https:\/\/testwebsite.citygame.com\/tr\/games\/edinburgh\/secrets-of-edinburgh\/#primaryimage\"},\"image\":{\"@id\":\"https:\/\/testwebsite.citygame.com\/tr\/games\/edinburgh\/secrets-of-edinburgh\/#primaryimage\"},\"thumbnailUrl\":\"https:\/\/testwebsite.citygame.com\/wp-content\/blogs.dir\/1\/files\/sites\/62\/2026\/01\/edinburgh-st-giles-cathedral-city-game-player-secrets.jpg\",\"datePublished\":\"2026-01-13T09:43:14+00:00\",\"dateModified\":\"2026-04-08T16:03:04+00:00\",\"description\":\"Secrets of Edinburgh. Kendi kendine rehberli bir \u015eehir Oyunu oynay\u0131n ve bulmacalar, bilmeceler ve g\u00f6revler arac\u0131l\u0131\u011f\u0131yla \u015fehri ke\u015ffedin. Kendi h\u0131z\u0131n\u0131zda oynay\u0131n ve bir yerel gibi ke\u015ffedin!\",\"breadcrumb\":{\"@id\":\"https:\/\/testwebsite.citygame.com\/tr\/games\/edinburgh\/secrets-of-edinburgh\/#breadcrumb\"},\"inLanguage\":\"tr\",\"potentialAction\":[{\"@type\":\"ReadAction\",\"target\":[\"https:\/\/testwebsite.citygame.com\/tr\/games\/edinburgh\/secrets-of-edinburgh\/\"]}]},{\"@type\":\"ImageObject\",\"inLanguage\":\"tr\",\"@id\":\"https:\/\/testwebsite.citygame.com\/tr\/games\/edinburgh\/secrets-of-edinburgh\/#primaryimage\",\"url\":\"https:\/\/testwebsite.citygame.com\/wp-content\/blogs.dir\/1\/files\/sites\/62\/2026\/01\/edinburgh-st-giles-cathedral-city-game-player-secrets.jpg\",\"contentUrl\":\"https:\/\/testwebsite.citygame.com\/wp-content\/blogs.dir\/1\/files\/sites\/62\/2026\/01\/edinburgh-st-giles-cathedral-city-game-player-secrets.jpg\",\"width\":1184,\"height\":864,\"caption\":\"A person discovers a city secret on their phone in front of a historic landmark in Edinburgh.\"},{\"@type\":\"BreadcrumbList\",\"@id\":\"https:\/\/testwebsite.citygame.com\/tr\/games\/edinburgh\/secrets-of-edinburgh\/#breadcrumb\",\"itemListElement\":[{\"@type\":\"ListItem\",\"position\":1,\"name\":\"Home\",\"item\":\"https:\/\/testwebsite.citygame.com\/tr\/\"},{\"@type\":\"ListItem\",\"position\":2,\"name\":\"Shop\",\"item\":\"https:\/\/testwebsite.citygame.com\/shop\/\"},{\"@type\":\"ListItem\",\"position\":3,\"name\":\"Secrets of Edinburgh\"}]},{\"@type\":\"WebSite\",\"@id\":\"https:\/\/testwebsite.upevents.nl\/#website\",\"url\":\"https:\/\/testwebsite.upevents.nl\/\",\"name\":\"City Game\",\"description\":\"\",\"publisher\":{\"@id\":\"https:\/\/testwebsite.upevents.nl\/#organization\"},\"alternateName\":\"citygame.com\",\"potentialAction\":[{\"@type\":\"SearchAction\",\"target\":{\"@type\":\"EntryPoint\",\"urlTemplate\":\"https:\/\/testwebsite.upevents.nl\/?s={search_term_string}\"},\"query-input\":{\"@type\":\"PropertyValueSpecification\",\"valueRequired\":true,\"valueName\":\"search_term_string\"}}],\"inLanguage\":\"tr\"},{\"@type\":[\"Organization\",\"Place\"],\"@id\":\"https:\/\/testwebsite.upevents.nl\/#organization\",\"name\":\"City Game\",\"alternateName\":\"citygame.com\",\"url\":\"https:\/\/testwebsite.upevents.nl\/\",\"logo\":{\"@id\":\"https:\/\/testwebsite.citygame.com\/tr\/games\/edinburgh\/secrets-of-edinburgh\/#local-main-organization-logo\"},\"image\":{\"@id\":\"https:\/\/testwebsite.citygame.com\/tr\/games\/edinburgh\/secrets-of-edinburgh\/#local-main-organization-logo\"},\"sameAs\":[\"https:\/\/www.facebook.com\/profile.php?id=100086426226253\",\"https:\/\/www.instagram.com\/citygame_com\",\"https:\/\/www.tiktok.com\/@citygamecom\/\",\"https:\/\/www.linkedin.com\/company\/citygame-com\"],\"description\":\"Turn any city into a playground with our interactive City Games and self-guided tours. Fun, flexible, and ideal for groups and team building.\",\"telephone\":[],\"openingHoursSpecification\":[{\"@type\":\"OpeningHoursSpecification\",\"dayOfWeek\":[\"Monday\",\"Tuesday\",\"Wednesday\",\"Thursday\",\"Friday\",\"Saturday\",\"Sunday\"],\"opens\":\"09:00\",\"closes\":\"17:00\"}]},{\"@type\":\"ImageObject\",\"inLanguage\":\"tr\",\"@id\":\"https:\/\/testwebsite.citygame.com\/tr\/games\/edinburgh\/secrets-of-edinburgh\/#local-main-organization-logo\",\"url\":\"https:\/\/testwebsite.citygame.com\/wp-content\/blogs.dir\/1\/files\/sites\/62\/2025\/10\/CG_LOGO-City-Game.png\",\"contentUrl\":\"https:\/\/testwebsite.citygame.com\/wp-content\/blogs.dir\/1\/files\/sites\/62\/2025\/10\/CG_LOGO-City-Game.png\",\"width\":351,\"height\":377,\"caption\":\"City Game\"}]}<\/script>\n<!-- \/ Yoast SEO Premium plugin. -->","yoast_head_json":{"title":"Secrets of Edinburgh - City Game","description":"Secrets of Edinburgh. Kendi kendine rehberli bir \u015eehir Oyunu oynay\u0131n ve bulmacalar, bilmeceler ve g\u00f6revler arac\u0131l\u0131\u011f\u0131yla \u015fehri ke\u015ffedin. Kendi h\u0131z\u0131n\u0131zda oynay\u0131n ve bir yerel gibi ke\u015ffedin!","robots":{"index":"noindex","follow":"follow","max-snippet":"max-snippet:-1","max-image-preview":"max-image-preview:large","max-video-preview":"max-video-preview:-1"},"og_locale":"tr_TR","og_type":"article","og_title":"Secrets of Edinburgh","og_description":"Secrets of Edinburgh. Kendi kendine rehberli bir \u015eehir Oyunu oynay\u0131n ve bulmacalar, bilmeceler ve g\u00f6revler arac\u0131l\u0131\u011f\u0131yla \u015fehri ke\u015ffedin. Kendi h\u0131z\u0131n\u0131zda oynay\u0131n ve bir yerel gibi ke\u015ffedin!","og_url":"https:\/\/testwebsite.citygame.com\/tr\/games\/edinburgh\/secrets-of-edinburgh\/","og_site_name":"City Game","article_publisher":"https:\/\/www.facebook.com\/profile.php?id=100086426226253","article_modified_time":"2026-04-08T16:03:04+00:00","og_image":[{"width":1184,"height":864,"url":"https:\/\/testwebsite.citygame.com\/wp-content\/blogs.dir\/1\/files\/sites\/62\/2026\/01\/edinburgh-st-giles-cathedral-city-game-player-secrets.jpg","type":"image\/jpeg"}],"twitter_card":"summary_large_image","twitter_misc":{"Tahmini okuma s\u00fcresi":"1 dakika"},"schema":{"@context":"https:\/\/schema.org","@graph":[{"@type":"WebPage","@id":"https:\/\/testwebsite.citygame.com\/tr\/games\/edinburgh\/secrets-of-edinburgh\/","url":"https:\/\/testwebsite.citygame.com\/tr\/games\/edinburgh\/secrets-of-edinburgh\/","name":"Secrets of Edinburgh - City Game","isPartOf":{"@id":"https:\/\/testwebsite.upevents.nl\/#website"},"primaryImageOfPage":{"@id":"https:\/\/testwebsite.citygame.com\/tr\/games\/edinburgh\/secrets-of-edinburgh\/#primaryimage"},"image":{"@id":"https:\/\/testwebsite.citygame.com\/tr\/games\/edinburgh\/secrets-of-edinburgh\/#primaryimage"},"thumbnailUrl":"https:\/\/testwebsite.citygame.com\/wp-content\/blogs.dir\/1\/files\/sites\/62\/2026\/01\/edinburgh-st-giles-cathedral-city-game-player-secrets.jpg","datePublished":"2026-01-13T09:43:14+00:00","dateModified":"2026-04-08T16:03:04+00:00","description":"Secrets of Edinburgh. Kendi kendine rehberli bir \u015eehir Oyunu oynay\u0131n ve bulmacalar, bilmeceler ve g\u00f6revler arac\u0131l\u0131\u011f\u0131yla \u015fehri ke\u015ffedin. Kendi h\u0131z\u0131n\u0131zda oynay\u0131n ve bir yerel gibi ke\u015ffedin!","breadcrumb":{"@id":"https:\/\/testwebsite.citygame.com\/tr\/games\/edinburgh\/secrets-of-edinburgh\/#breadcrumb"},"inLanguage":"tr","potentialAction":[{"@type":"ReadAction","target":["https:\/\/testwebsite.citygame.com\/tr\/games\/edinburgh\/secrets-of-edinburgh\/"]}]},{"@type":"ImageObject","inLanguage":"tr","@id":"https:\/\/testwebsite.citygame.com\/tr\/games\/edinburgh\/secrets-of-edinburgh\/#primaryimage","url":"https:\/\/testwebsite.citygame.com\/wp-content\/blogs.dir\/1\/files\/sites\/62\/2026\/01\/edinburgh-st-giles-cathedral-city-game-player-secrets.jpg","contentUrl":"https:\/\/testwebsite.citygame.com\/wp-content\/blogs.dir\/1\/files\/sites\/62\/2026\/01\/edinburgh-st-giles-cathedral-city-game-player-secrets.jpg","width":1184,"height":864,"caption":"A person discovers a city secret on their phone in front of a historic landmark in Edinburgh."},{"@type":"BreadcrumbList","@id":"https:\/\/testwebsite.citygame.com\/tr\/games\/edinburgh\/secrets-of-edinburgh\/#breadcrumb","itemListElement":[{"@type":"ListItem","position":1,"name":"Home","item":"https:\/\/testwebsite.citygame.com\/tr\/"},{"@type":"ListItem","position":2,"name":"Shop","item":"https:\/\/testwebsite.citygame.com\/shop\/"},{"@type":"ListItem","position":3,"name":"Secrets of Edinburgh"}]},{"@type":"WebSite","@id":"https:\/\/testwebsite.upevents.nl\/#website","url":"https:\/\/testwebsite.upevents.nl\/","name":"City Game","description":"","publisher":{"@id":"https:\/\/testwebsite.upevents.nl\/#organization"},"alternateName":"citygame.com","potentialAction":[{"@type":"SearchAction","target":{"@type":"EntryPoint","urlTemplate":"https:\/\/testwebsite.upevents.nl\/?s={search_term_string}"},"query-input":{"@type":"PropertyValueSpecification","valueRequired":true,"valueName":"search_term_string"}}],"inLanguage":"tr"},{"@type":["Organization","Place"],"@id":"https:\/\/testwebsite.upevents.nl\/#organization","name":"City Game","alternateName":"citygame.com","url":"https:\/\/testwebsite.upevents.nl\/","logo":{"@id":"https:\/\/testwebsite.citygame.com\/tr\/games\/edinburgh\/secrets-of-edinburgh\/#local-main-organization-logo"},"image":{"@id":"https:\/\/testwebsite.citygame.com\/tr\/games\/edinburgh\/secrets-of-edinburgh\/#local-main-organization-logo"},"sameAs":["https:\/\/www.facebook.com\/profile.php?id=100086426226253","https:\/\/www.instagram.com\/citygame_com","https:\/\/www.tiktok.com\/@citygamecom\/","https:\/\/www.linkedin.com\/company\/citygame-com"],"description":"Turn any city into a playground with our interactive City Games and self-guided tours. Fun, flexible, and ideal for groups and team building.","telephone":[],"openingHoursSpecification":[{"@type":"OpeningHoursSpecification","dayOfWeek":["Monday","Tuesday","Wednesday","Thursday","Friday","Saturday","Sunday"],"opens":"09:00","closes":"17:00"}]},{"@type":"ImageObject","inLanguage":"tr","@id":"https:\/\/testwebsite.citygame.com\/tr\/games\/edinburgh\/secrets-of-edinburgh\/#local-main-organization-logo","url":"https:\/\/testwebsite.citygame.com\/wp-content\/blogs.dir\/1\/files\/sites\/62\/2025\/10\/CG_LOGO-City-Game.png","contentUrl":"https:\/\/testwebsite.citygame.com\/wp-content\/blogs.dir\/1\/files\/sites\/62\/2025\/10\/CG_LOGO-City-Game.png","width":351,"height":377,"caption":"City Game"}]}},"taxonomy_info":{"game-concept":[{"value":732,"label":"Secrets"}],"location":[{"value":152,"label":"Edinburgh"}],"product_cat":[{"value":27,"label":"Geen categorie"}]},"featured_image_src_large":["https:\/\/testwebsite.citygame.com\/wp-content\/blogs.dir\/1\/files\/sites\/62\/2026\/01\/edinburgh-st-giles-cathedral-city-game-player-secrets-1024x747.jpg",1024,747,true],"author_info":[],"comment_info":"","_links":{"self":[{"href":"https:\/\/testwebsite.citygame.com\/tr\/wp-json\/wp\/v2\/product\/65483","targetHints":{"allow":["GET"]}}],"collection":[{"href":"https:\/\/testwebsite.citygame.com\/tr\/wp-json\/wp\/v2\/product"}],"about":[{"href":"https:\/\/testwebsite.citygame.com\/tr\/wp-json\/wp\/v2\/types\/product"}],"acf:post":[{"embeddable":true,"href":"https:\/\/testwebsite.citygame.com\/tr\/wp-json\/wp\/v2\/pages\/12208"}],"wp:featuredmedia":[{"embeddable":true,"href":"https:\/\/testwebsite.citygame.com\/tr\/wp-json\/wp\/v2\/media\/3535"}],"wp:attachment":[{"href":"https:\/\/testwebsite.citygame.com\/tr\/wp-json\/wp\/v2\/media?parent=65483"}],"wp:term":[{"taxonomy":"game-concept","embeddable":true,"href":"https:\/\/testwebsite.citygame.com\/tr\/wp-json\/wp\/v2\/game-concept?post=65483"},{"taxonomy":"location","embeddable":true,"href":"https:\/\/testwebsite.citygame.com\/tr\/wp-json\/wp\/v2\/location?post=65483"},{"taxonomy":"product_brand","embeddable":true,"href":"https:\/\/testwebsite.citygame.com\/tr\/wp-json\/wp\/v2\/product_brand?post=65483"},{"taxonomy":"product_cat","embeddable":true,"href":"https:\/\/testwebsite.citygame.com\/tr\/wp-json\/wp\/v2\/product_cat?post=65483"},{"taxonomy":"product_tag","embeddable":true,"href":"https:\/\/testwebsite.citygame.com\/tr\/wp-json\/wp\/v2\/product_tag?post=65483"}],"curies":[{"name":"wp","href":"https:\/\/api.w.org\/{rel}","templated":true}]}}