{"id":65190,"date":"2026-01-14T08:55:44","date_gmt":"2026-01-14T08:55:44","guid":{"rendered":"https:\/\/testwebsite.citygame.com\/games\/unknown-location\/secrets-of-paris-notre-dame\/"},"modified":"2026-04-08T15:27:28","modified_gmt":"2026-04-08T15:27:28","slug":"secrets-of-paris-notre-dame","status":"publish","type":"product","link":"https:\/\/testwebsite.citygame.com\/tr\/games\/paris\/secrets-of-paris-notre-dame\/","title":{"rendered":"Secrets of Paris Notre Dame"},"content":{"rendered":"<p>City Game Paris Notre Dame, Paris&#8217;in tarihi merkezinde ge\u00e7en, kendi kendine rehberli, GPS tabanl\u0131 bir oyundur. Oyuncular ak\u0131ll\u0131 telefonlar\u0131n\u0131 kullanarak, \u015fehrin tarihi ve k\u00fclt\u00fcr\u00fc hakk\u0131ndaki gizli detaylar\u0131 ortaya \u00e7\u0131karan bulmacalar\u0131 \u00e7\u00f6zerek, bilmeceleri tamamlayarak ve foto\u011fraf meydan okumalar\u0131n\u0131 a\u015farak b\u00f6lgeyi ke\u015ffederler. Bu kendi kendine rehberli \u015fehir oyunu, Paris&#8217;in \u00e7ekicili\u011fini kendi h\u0131z\u0131n\u0131zda ke\u015ffetmek i\u00e7in ilgi \u00e7ekici bir yol sunar, hem iyi bilinen simge yap\u0131lar\u0131 hem de daha az bilinen k\u00f6\u015feleri ortaya \u00e7\u0131kar\u0131r. Hem ziyaret\u00e7iler hem de yerliler i\u00e7in tasarlanan bu ke\u015fif oyunu, yaln\u0131z macerac\u0131lar, \u00e7iftler, aileler ve arkada\u015f gruplar\u0131 i\u00e7in uygundur. \u0130ster \u015fehre yeni gelmi\u015f olun ister yeniden ke\u015ffediyor olun, City Game Paris e\u011flenceli ve etkile\u015fimli bir deneyimle benzersiz bir bak\u0131\u015f a\u00e7\u0131s\u0131 sunar.<\/p>\n","protected":false},"excerpt":{"rendered":"<p>\u015eehrin hikayelerle dolu kalbinde ipu\u00e7lar\u0131 ararken, yank\u0131lanan katedral \u00e7anlar\u0131ndan kafe kokulu bulvarlara dola\u015f\u0131n, Victor Hugo&#8217;nun Notre-Dame&#8217;\u0131n Kamburu&#8217;nun kay\u0131p son b\u00f6l\u00fcm\u00fcn\u00fc yanl\u0131\u015f ellere d\u00fc\u015fmeden \u00f6nce bulmas\u0131na yard\u0131m edin.<\/p>\n","protected":false},"featured_media":3999,"template":"","meta":{"_acf_changed":false,"_yoast_wpseo_focuskw":"Secrets of Paris Notre Dame","_yoast_wpseo_metadesc":"Secrets of Paris Notre Dame. Kendi kendine rehberli bir \u015eehir Oyunu oynay\u0131n ve bulmacalar, bilmeceler ve meydan okumalarla \u015fehri ke\u015ffedin. Kendi h\u0131z\u0131n\u0131zda oynay\u0131n ve bir yerli gibi ke\u015ffedin!","_kad_blocks_custom_css":"","_kad_blocks_head_custom_js":"","_kad_blocks_body_custom_js":"","_kad_blocks_footer_custom_js":"","ghostkit_customizer_options":"","ghostkit_custom_css":"","ghostkit_custom_js_head":"","ghostkit_custom_js_foot":"","ghostkit_typography":"","_kad_post_transparent":"default","_kad_post_title":"","_kad_post_layout":"default","_kad_post_sidebar_id":"","_kad_post_content_style":"default","_kad_post_vertical_padding":"default","_kad_post_feature":"","_kad_post_feature_position":"","_kad_post_header":false,"_kad_post_footer":false,"_kad_post_classname":"","_links_to":"","_links_to_target":""},"game-concept":[732],"location":[317],"product_brand":[],"product_cat":[27],"product_tag":[],"class_list":{"0":"post-65190","1":"product","2":"type-product","3":"status-publish","4":"has-post-thumbnail","6":"game-concept-secrets","7":"location-paris","8":"product_cat-geen-categorie","10":"first","11":"instock","12":"shipping-taxable","13":"purchasable","14":"product-type-simple","15":"entry","16":"content-bg","17":"loop-entry"},"acf":{"full_bokun_product_name":"Self-Guided Secrets of Paris: Notre-Dame Area Exploration Game","location_name":"Paris Notre Dame","bokun_calendar_widget_code":"<script type=\"text\/javascript\" src=\"https:\/\/widgets.bokun.io\/assets\/javascripts\/apps\/build\/BokunWidgetsLoader.js?bookingChannelUUID=a1e93e96-5232-4734-a595-28405f4b5a31\" async><\/script>\n     \n    <div class=\"bokunWidget\" data-src=\"https:\/\/widgets.bokun.io\/online-sales\/a1e93e96-5232-4734-a595-28405f4b5a31\/experience-calendar\/1002128\"><\/div>\n    <noscript>Please enable javascript in your browser to book<\/noscript>","bokun_button_widget_code":"<script type=\"text\/javascript\" src=\"https:\/\/widgets.bokun.io\/assets\/javascripts\/apps\/build\/BokunWidgetsLoader.js?bookingChannelUUID=a1e93e96-5232-4734-a595-28405f4b5a31\" async><\/script>\n      <style> #bokun_ed001e45_5927_4f62_b470_ca766338d083 { display: inline-block; padding: .4em 1em; background: #47b82e; border-radius: 999999px; box-shadow: none; font-weight: 600; font-size: 24px; text-decoration: none; text-align: center; color: #FFFFFF; border:none; cursor: pointer; transition: background .2s ease; } #bokun_ed001e45_5927_4f62_b470_ca766338d083:hover{ background: #2f7b1f; } #bokun_ed001e45_5927_4f62_b470_ca766338d083:active{ background: #378f24; } <\/style> <button class=\"bokunButton\" disabled id=bokun_ed001e45_5927_4f62_b470_ca766338d083 data-src=\"https:\/\/widgets.bokun.io\/online-sales\/a1e93e96-5232-4734-a595-28405f4b5a31\/experience-calendar\/1002128?partialView=1\" data-testid=\"widget-book-button\" > Book now <\/button> ","what_you\u2019ll_experience_during_the_game":"Secrets of Paris Notre Dame City Game, \u015fehir ke\u015ffini hikaye anlat\u0131m\u0131yla birle\u015ftirerek, ilgi \u00e7ekici ipu\u00e7lar\u0131n\u0131 a\u00e7\u0131\u011fa \u00e7\u0131kar\u0131rken sizi \u015fehrin kalbinde y\u00f6nlendirir. Ke\u015ffederken, Notre-Dame Katedrali'nin Gotik kulelerinden Square Ren\u00e9 Viviani'nin yaprakl\u0131 sakinli\u011fine kadar hem \u00fcnl\u00fc yerleri hem de daha sessiz k\u00f6\u015feleri ge\u00e7eceksiniz. Yol boyunca Conciergerie, Square du Vert-Galant'\u0131n panoramik ucu ve Ch\u00e2telet yak\u0131nlar\u0131ndaki hareketli Rue de Rivoli gibi simge yap\u0131larla kar\u015f\u0131la\u015facaks\u0131n\u0131z. Her durak sizi Paris'i yeni bir mercekle g\u00f6rmeye davet ediyor, tan\u0131d\u0131k cephelerinin alt\u0131ndaki katmanl\u0131 hikayeleri ortaya \u00e7\u0131kar\u0131yor.\r\n\r\n\u015eehir Oyunu boyunca, \u00e7evreyi canland\u0131ran bir dizi bilmece, ipucu ve foto\u011fraf meydan okumas\u0131yla kar\u015f\u0131la\u015facaks\u0131n\u0131z. Bunlar\u0131 \u00e7\u00f6zmek size puan kazand\u0131r\u0131r, yard\u0131mc\u0131 ipu\u00e7lar\u0131n\u0131n kilidini a\u00e7ar ve Paris'te ge\u00e7en son bir gizemi \u00e7\u00f6zmeye sizi yakla\u015ft\u0131r\u0131r. Oyun esnektir ve istedi\u011finiz zaman duraklat\u0131labilir - mola vermek veya kendi h\u0131z\u0131n\u0131zda ke\u015ffetmek i\u00e7in m\u00fckemmeldir. Rekabet\u00e7i bir avantajdan ho\u015flananlar i\u00e7in, ekibinizin \u015fehir genelinde nas\u0131l s\u0131raland\u0131\u011f\u0131n\u0131 g\u00f6rmek i\u00e7in canl\u0131 bir liderlik tablosu da mevcuttur.","how_to_play":"Rezervasyondan sonra, oyunu ba\u015flatmak i\u00e7in do\u011frudan bir ba\u011flant\u0131 i\u00e7eren bir e-posta alacaks\u0131n\u0131z. Sadece ba\u015flang\u0131\u00e7 noktas\u0131 olan Notre-Dame Katedrali'ne gidin ve maceray\u0131 telefonunuzdan ba\u015flat\u0131n. Oyun esnektir, bu y\u00fczden istedi\u011finiz zaman duraklatabilir ve daha sonra devam edebilirsiniz. Paris'teki yolculu\u011funuz haz\u0131r oldu\u011funuz anda ba\u015flar, sadece 'oynat' tu\u015funa bas\u0131n ve \u015fehrin sizi s\u0131rlar\u0131 aras\u0131nda y\u00f6nlendirmesine izin verin.","start_location":"Notre-Dame Cathedral","available_languages":"","players_per_group":"1-4","duration":"1.5-2 hours","image_overlay_color_image":"https:\/\/testwebsite.citygame.com\/wp-content\/blogs.dir\/1\/files\/sites\/62\/2026\/01\/SecretsColor.svg","image_overlay_game_logo":"https:\/\/testwebsite.citygame.com\/wp-content\/blogs.dir\/1\/files\/sites\/62\/2026\/01\/SecretsLogo.png","city_page":7295,"woocommerce_general_content":null},"yoast_head":"<!-- This site is optimized with the Yoast SEO Premium plugin v26.2 (Yoast SEO v26.3) - https:\/\/yoast.com\/wordpress\/plugins\/seo\/ -->\n<title>Secrets of Paris Notre Dame - City Game<\/title>\n<meta name=\"description\" content=\"Secrets of Paris Notre Dame. Kendi kendine rehberli bir \u015eehir Oyunu oynay\u0131n ve bulmacalar, bilmeceler ve meydan okumalarla \u015fehri ke\u015ffedin. Kendi h\u0131z\u0131n\u0131zda oynay\u0131n ve bir yerli gibi ke\u015ffedin!\" \/>\n<meta name=\"robots\" content=\"noindex, follow, max-snippet:-1, max-image-preview:large, max-video-preview:-1\" \/>\n<meta property=\"og:locale\" content=\"tr_TR\" \/>\n<meta property=\"og:type\" content=\"article\" \/>\n<meta property=\"og:title\" content=\"Secrets of Paris Notre Dame\" \/>\n<meta property=\"og:description\" content=\"Secrets of Paris Notre Dame. Kendi kendine rehberli bir \u015eehir Oyunu oynay\u0131n ve bulmacalar, bilmeceler ve meydan okumalarla \u015fehri ke\u015ffedin. Kendi h\u0131z\u0131n\u0131zda oynay\u0131n ve bir yerli gibi ke\u015ffedin!\" \/>\n<meta property=\"og:url\" content=\"https:\/\/testwebsite.citygame.com\/tr\/games\/paris\/secrets-of-paris-notre-dame\/\" \/>\n<meta property=\"og:site_name\" content=\"City Game\" \/>\n<meta property=\"article:publisher\" content=\"https:\/\/www.facebook.com\/profile.php?id=100086426226253\" \/>\n<meta property=\"article:modified_time\" content=\"2026-04-08T15:27:28+00:00\" \/>\n<meta property=\"og:image\" content=\"https:\/\/testwebsite.citygame.com\/wp-content\/blogs.dir\/1\/files\/sites\/62\/2026\/01\/players-collaborating-on-a-mobile-game-in-a-paris-park.jpg\" \/>\n\t<meta property=\"og:image:width\" content=\"1024\" \/>\n\t<meta property=\"og:image:height\" content=\"1024\" \/>\n\t<meta property=\"og:image:type\" content=\"image\/jpeg\" \/>\n<meta name=\"twitter:card\" content=\"summary_large_image\" \/>\n<meta name=\"twitter:label1\" content=\"Tahmini okuma s\u00fcresi\" \/>\n\t<meta name=\"twitter:data1\" content=\"1 dakika\" \/>\n<script type=\"application\/ld+json\" class=\"yoast-schema-graph\">{\"@context\":\"https:\/\/schema.org\",\"@graph\":[{\"@type\":\"WebPage\",\"@id\":\"https:\/\/testwebsite.citygame.com\/tr\/games\/paris\/secrets-of-paris-notre-dame\/\",\"url\":\"https:\/\/testwebsite.citygame.com\/tr\/games\/paris\/secrets-of-paris-notre-dame\/\",\"name\":\"Secrets of Paris Notre Dame - City Game\",\"isPartOf\":{\"@id\":\"https:\/\/testwebsite.upevents.nl\/#website\"},\"primaryImageOfPage\":{\"@id\":\"https:\/\/testwebsite.citygame.com\/tr\/games\/paris\/secrets-of-paris-notre-dame\/#primaryimage\"},\"image\":{\"@id\":\"https:\/\/testwebsite.citygame.com\/tr\/games\/paris\/secrets-of-paris-notre-dame\/#primaryimage\"},\"thumbnailUrl\":\"https:\/\/testwebsite.citygame.com\/wp-content\/blogs.dir\/1\/files\/sites\/62\/2026\/01\/players-collaborating-on-a-mobile-game-in-a-paris-park.jpg\",\"datePublished\":\"2026-01-14T08:55:44+00:00\",\"dateModified\":\"2026-04-08T15:27:28+00:00\",\"description\":\"Secrets of Paris Notre Dame. Kendi kendine rehberli bir \u015eehir Oyunu oynay\u0131n ve bulmacalar, bilmeceler ve meydan okumalarla \u015fehri ke\u015ffedin. Kendi h\u0131z\u0131n\u0131zda oynay\u0131n ve bir yerli gibi ke\u015ffedin!\",\"breadcrumb\":{\"@id\":\"https:\/\/testwebsite.citygame.com\/tr\/games\/paris\/secrets-of-paris-notre-dame\/#breadcrumb\"},\"inLanguage\":\"tr\",\"potentialAction\":[{\"@type\":\"ReadAction\",\"target\":[\"https:\/\/testwebsite.citygame.com\/tr\/games\/paris\/secrets-of-paris-notre-dame\/\"]}]},{\"@type\":\"ImageObject\",\"inLanguage\":\"tr\",\"@id\":\"https:\/\/testwebsite.citygame.com\/tr\/games\/paris\/secrets-of-paris-notre-dame\/#primaryimage\",\"url\":\"https:\/\/testwebsite.citygame.com\/wp-content\/blogs.dir\/1\/files\/sites\/62\/2026\/01\/players-collaborating-on-a-mobile-game-in-a-paris-park.jpg\",\"contentUrl\":\"https:\/\/testwebsite.citygame.com\/wp-content\/blogs.dir\/1\/files\/sites\/62\/2026\/01\/players-collaborating-on-a-mobile-game-in-a-paris-park.jpg\",\"width\":1024,\"height\":1024,\"caption\":\"A group of friends gather around a smartphone while playing an outdoor discovery game in Paris.\"},{\"@type\":\"BreadcrumbList\",\"@id\":\"https:\/\/testwebsite.citygame.com\/tr\/games\/paris\/secrets-of-paris-notre-dame\/#breadcrumb\",\"itemListElement\":[{\"@type\":\"ListItem\",\"position\":1,\"name\":\"Home\",\"item\":\"https:\/\/testwebsite.citygame.com\/tr\/\"},{\"@type\":\"ListItem\",\"position\":2,\"name\":\"Shop\",\"item\":\"https:\/\/testwebsite.citygame.com\/shop\/\"},{\"@type\":\"ListItem\",\"position\":3,\"name\":\"Secrets of Paris Notre Dame\"}]},{\"@type\":\"WebSite\",\"@id\":\"https:\/\/testwebsite.upevents.nl\/#website\",\"url\":\"https:\/\/testwebsite.upevents.nl\/\",\"name\":\"City Game\",\"description\":\"\",\"publisher\":{\"@id\":\"https:\/\/testwebsite.upevents.nl\/#organization\"},\"alternateName\":\"citygame.com\",\"potentialAction\":[{\"@type\":\"SearchAction\",\"target\":{\"@type\":\"EntryPoint\",\"urlTemplate\":\"https:\/\/testwebsite.upevents.nl\/?s={search_term_string}\"},\"query-input\":{\"@type\":\"PropertyValueSpecification\",\"valueRequired\":true,\"valueName\":\"search_term_string\"}}],\"inLanguage\":\"tr\"},{\"@type\":[\"Organization\",\"Place\"],\"@id\":\"https:\/\/testwebsite.upevents.nl\/#organization\",\"name\":\"City Game\",\"alternateName\":\"citygame.com\",\"url\":\"https:\/\/testwebsite.upevents.nl\/\",\"logo\":{\"@id\":\"https:\/\/testwebsite.citygame.com\/tr\/games\/paris\/secrets-of-paris-notre-dame\/#local-main-organization-logo\"},\"image\":{\"@id\":\"https:\/\/testwebsite.citygame.com\/tr\/games\/paris\/secrets-of-paris-notre-dame\/#local-main-organization-logo\"},\"sameAs\":[\"https:\/\/www.facebook.com\/profile.php?id=100086426226253\",\"https:\/\/www.instagram.com\/citygame_com\",\"https:\/\/www.tiktok.com\/@citygamecom\/\",\"https:\/\/www.linkedin.com\/company\/citygame-com\"],\"description\":\"Turn any city into a playground with our interactive City Games and self-guided tours. Fun, flexible, and ideal for groups and team building.\",\"telephone\":[],\"openingHoursSpecification\":[{\"@type\":\"OpeningHoursSpecification\",\"dayOfWeek\":[\"Monday\",\"Tuesday\",\"Wednesday\",\"Thursday\",\"Friday\",\"Saturday\",\"Sunday\"],\"opens\":\"09:00\",\"closes\":\"17:00\"}]},{\"@type\":\"ImageObject\",\"inLanguage\":\"tr\",\"@id\":\"https:\/\/testwebsite.citygame.com\/tr\/games\/paris\/secrets-of-paris-notre-dame\/#local-main-organization-logo\",\"url\":\"https:\/\/testwebsite.citygame.com\/wp-content\/blogs.dir\/1\/files\/sites\/62\/2025\/10\/CG_LOGO-City-Game.png\",\"contentUrl\":\"https:\/\/testwebsite.citygame.com\/wp-content\/blogs.dir\/1\/files\/sites\/62\/2025\/10\/CG_LOGO-City-Game.png\",\"width\":351,\"height\":377,\"caption\":\"City Game\"}]}<\/script>\n<!-- \/ Yoast SEO Premium plugin. -->","yoast_head_json":{"title":"Secrets of Paris Notre Dame - City Game","description":"Secrets of Paris Notre Dame. Kendi kendine rehberli bir \u015eehir Oyunu oynay\u0131n ve bulmacalar, bilmeceler ve meydan okumalarla \u015fehri ke\u015ffedin. Kendi h\u0131z\u0131n\u0131zda oynay\u0131n ve bir yerli gibi ke\u015ffedin!","robots":{"index":"noindex","follow":"follow","max-snippet":"max-snippet:-1","max-image-preview":"max-image-preview:large","max-video-preview":"max-video-preview:-1"},"og_locale":"tr_TR","og_type":"article","og_title":"Secrets of Paris Notre Dame","og_description":"Secrets of Paris Notre Dame. Kendi kendine rehberli bir \u015eehir Oyunu oynay\u0131n ve bulmacalar, bilmeceler ve meydan okumalarla \u015fehri ke\u015ffedin. Kendi h\u0131z\u0131n\u0131zda oynay\u0131n ve bir yerli gibi ke\u015ffedin!","og_url":"https:\/\/testwebsite.citygame.com\/tr\/games\/paris\/secrets-of-paris-notre-dame\/","og_site_name":"City Game","article_publisher":"https:\/\/www.facebook.com\/profile.php?id=100086426226253","article_modified_time":"2026-04-08T15:27:28+00:00","og_image":[{"width":1024,"height":1024,"url":"https:\/\/testwebsite.citygame.com\/wp-content\/blogs.dir\/1\/files\/sites\/62\/2026\/01\/players-collaborating-on-a-mobile-game-in-a-paris-park.jpg","type":"image\/jpeg"}],"twitter_card":"summary_large_image","twitter_misc":{"Tahmini okuma s\u00fcresi":"1 dakika"},"schema":{"@context":"https:\/\/schema.org","@graph":[{"@type":"WebPage","@id":"https:\/\/testwebsite.citygame.com\/tr\/games\/paris\/secrets-of-paris-notre-dame\/","url":"https:\/\/testwebsite.citygame.com\/tr\/games\/paris\/secrets-of-paris-notre-dame\/","name":"Secrets of Paris Notre Dame - City Game","isPartOf":{"@id":"https:\/\/testwebsite.upevents.nl\/#website"},"primaryImageOfPage":{"@id":"https:\/\/testwebsite.citygame.com\/tr\/games\/paris\/secrets-of-paris-notre-dame\/#primaryimage"},"image":{"@id":"https:\/\/testwebsite.citygame.com\/tr\/games\/paris\/secrets-of-paris-notre-dame\/#primaryimage"},"thumbnailUrl":"https:\/\/testwebsite.citygame.com\/wp-content\/blogs.dir\/1\/files\/sites\/62\/2026\/01\/players-collaborating-on-a-mobile-game-in-a-paris-park.jpg","datePublished":"2026-01-14T08:55:44+00:00","dateModified":"2026-04-08T15:27:28+00:00","description":"Secrets of Paris Notre Dame. Kendi kendine rehberli bir \u015eehir Oyunu oynay\u0131n ve bulmacalar, bilmeceler ve meydan okumalarla \u015fehri ke\u015ffedin. Kendi h\u0131z\u0131n\u0131zda oynay\u0131n ve bir yerli gibi ke\u015ffedin!","breadcrumb":{"@id":"https:\/\/testwebsite.citygame.com\/tr\/games\/paris\/secrets-of-paris-notre-dame\/#breadcrumb"},"inLanguage":"tr","potentialAction":[{"@type":"ReadAction","target":["https:\/\/testwebsite.citygame.com\/tr\/games\/paris\/secrets-of-paris-notre-dame\/"]}]},{"@type":"ImageObject","inLanguage":"tr","@id":"https:\/\/testwebsite.citygame.com\/tr\/games\/paris\/secrets-of-paris-notre-dame\/#primaryimage","url":"https:\/\/testwebsite.citygame.com\/wp-content\/blogs.dir\/1\/files\/sites\/62\/2026\/01\/players-collaborating-on-a-mobile-game-in-a-paris-park.jpg","contentUrl":"https:\/\/testwebsite.citygame.com\/wp-content\/blogs.dir\/1\/files\/sites\/62\/2026\/01\/players-collaborating-on-a-mobile-game-in-a-paris-park.jpg","width":1024,"height":1024,"caption":"A group of friends gather around a smartphone while playing an outdoor discovery game in Paris."},{"@type":"BreadcrumbList","@id":"https:\/\/testwebsite.citygame.com\/tr\/games\/paris\/secrets-of-paris-notre-dame\/#breadcrumb","itemListElement":[{"@type":"ListItem","position":1,"name":"Home","item":"https:\/\/testwebsite.citygame.com\/tr\/"},{"@type":"ListItem","position":2,"name":"Shop","item":"https:\/\/testwebsite.citygame.com\/shop\/"},{"@type":"ListItem","position":3,"name":"Secrets of Paris Notre Dame"}]},{"@type":"WebSite","@id":"https:\/\/testwebsite.upevents.nl\/#website","url":"https:\/\/testwebsite.upevents.nl\/","name":"City Game","description":"","publisher":{"@id":"https:\/\/testwebsite.upevents.nl\/#organization"},"alternateName":"citygame.com","potentialAction":[{"@type":"SearchAction","target":{"@type":"EntryPoint","urlTemplate":"https:\/\/testwebsite.upevents.nl\/?s={search_term_string}"},"query-input":{"@type":"PropertyValueSpecification","valueRequired":true,"valueName":"search_term_string"}}],"inLanguage":"tr"},{"@type":["Organization","Place"],"@id":"https:\/\/testwebsite.upevents.nl\/#organization","name":"City Game","alternateName":"citygame.com","url":"https:\/\/testwebsite.upevents.nl\/","logo":{"@id":"https:\/\/testwebsite.citygame.com\/tr\/games\/paris\/secrets-of-paris-notre-dame\/#local-main-organization-logo"},"image":{"@id":"https:\/\/testwebsite.citygame.com\/tr\/games\/paris\/secrets-of-paris-notre-dame\/#local-main-organization-logo"},"sameAs":["https:\/\/www.facebook.com\/profile.php?id=100086426226253","https:\/\/www.instagram.com\/citygame_com","https:\/\/www.tiktok.com\/@citygamecom\/","https:\/\/www.linkedin.com\/company\/citygame-com"],"description":"Turn any city into a playground with our interactive City Games and self-guided tours. Fun, flexible, and ideal for groups and team building.","telephone":[],"openingHoursSpecification":[{"@type":"OpeningHoursSpecification","dayOfWeek":["Monday","Tuesday","Wednesday","Thursday","Friday","Saturday","Sunday"],"opens":"09:00","closes":"17:00"}]},{"@type":"ImageObject","inLanguage":"tr","@id":"https:\/\/testwebsite.citygame.com\/tr\/games\/paris\/secrets-of-paris-notre-dame\/#local-main-organization-logo","url":"https:\/\/testwebsite.citygame.com\/wp-content\/blogs.dir\/1\/files\/sites\/62\/2025\/10\/CG_LOGO-City-Game.png","contentUrl":"https:\/\/testwebsite.citygame.com\/wp-content\/blogs.dir\/1\/files\/sites\/62\/2025\/10\/CG_LOGO-City-Game.png","width":351,"height":377,"caption":"City Game"}]}},"taxonomy_info":{"game-concept":[{"value":732,"label":"Secrets"}],"location":[{"value":317,"label":"Paris"}],"product_cat":[{"value":27,"label":"Geen categorie"}]},"featured_image_src_large":["https:\/\/testwebsite.citygame.com\/wp-content\/blogs.dir\/1\/files\/sites\/62\/2026\/01\/players-collaborating-on-a-mobile-game-in-a-paris-park.jpg",1024,1024,false],"author_info":[],"comment_info":"","_links":{"self":[{"href":"https:\/\/testwebsite.citygame.com\/tr\/wp-json\/wp\/v2\/product\/65190","targetHints":{"allow":["GET"]}}],"collection":[{"href":"https:\/\/testwebsite.citygame.com\/tr\/wp-json\/wp\/v2\/product"}],"about":[{"href":"https:\/\/testwebsite.citygame.com\/tr\/wp-json\/wp\/v2\/types\/product"}],"acf:post":[{"embeddable":true,"href":"https:\/\/testwebsite.citygame.com\/tr\/wp-json\/wp\/v2\/pages\/7295"}],"wp:featuredmedia":[{"embeddable":true,"href":"https:\/\/testwebsite.citygame.com\/tr\/wp-json\/wp\/v2\/media\/3999"}],"wp:attachment":[{"href":"https:\/\/testwebsite.citygame.com\/tr\/wp-json\/wp\/v2\/media?parent=65190"}],"wp:term":[{"taxonomy":"game-concept","embeddable":true,"href":"https:\/\/testwebsite.citygame.com\/tr\/wp-json\/wp\/v2\/game-concept?post=65190"},{"taxonomy":"location","embeddable":true,"href":"https:\/\/testwebsite.citygame.com\/tr\/wp-json\/wp\/v2\/location?post=65190"},{"taxonomy":"product_brand","embeddable":true,"href":"https:\/\/testwebsite.citygame.com\/tr\/wp-json\/wp\/v2\/product_brand?post=65190"},{"taxonomy":"product_cat","embeddable":true,"href":"https:\/\/testwebsite.citygame.com\/tr\/wp-json\/wp\/v2\/product_cat?post=65190"},{"taxonomy":"product_tag","embeddable":true,"href":"https:\/\/testwebsite.citygame.com\/tr\/wp-json\/wp\/v2\/product_tag?post=65190"}],"curies":[{"name":"wp","href":"https:\/\/api.w.org\/{rel}","templated":true}]}}