{"id":65100,"date":"2026-03-19T09:50:16","date_gmt":"2026-03-19T09:50:16","guid":{"rendered":"https:\/\/testwebsite.citygame.com\/games\/unknown-location\/sherlock-holmes-bogota\/"},"modified":"2026-04-08T15:18:44","modified_gmt":"2026-04-08T15:18:44","slug":"sherlock-holmes-bogota","status":"publish","type":"product","link":"https:\/\/testwebsite.citygame.com\/tr\/games\/bogota\/sherlock-holmes-bogota\/","title":{"rendered":"Sherlock Holmes Bogot\u00e1"},"content":{"rendered":"<p>Kendi kendine rehberli, hikaye odakl\u0131 Sherlock Holmes City Game&#8217;imizle kendinizi Bogot\u00e1&#8217;n\u0131n kalbine b\u0131rak\u0131n. Bogot\u00e1&#8217;n\u0131n hareketli \u015fehir merkezi, Liberty Festival&#8217;da i\u015flenen bir cinayetin tetikledi\u011fi heyecan verici bir dedektif soru\u015fturmas\u0131 i\u00e7in s\u00fcr\u00fckleyici bir fona d\u00f6n\u00fc\u015f\u00fcyor. \u015eehrin sokaklar\u0131nda ilerlerken, geli\u015fen bir anlat\u0131 aray\u0131\u015f\u0131n\u0131za rehberlik edecek; ipu\u00e7lar\u0131 toplaman\u0131za, karma\u015f\u0131k bulmacalar\u0131 \u00e7\u00f6zmenize ve dijital \u015f\u00fcphelileri sorgulaman\u0131za yol a\u00e7acakt\u0131r. Kendi h\u0131z\u0131n\u0131zda yetenekli bir dedektif rol\u00fcn\u00fc \u00fcstlenin ve Sherlock Holmes d\u00fcnyas\u0131n\u0131n sizi gizem ve entrikan\u0131n par\u0131ldayan bir labirentine s\u00fcr\u00fcklemesine izin verin.<\/p>\n","protected":false},"excerpt":{"rendered":"<p>\u0130konik Sherlock Holmes&#8217;un ayakkab\u0131lar\u0131na girin ve Bogot\u00e1&#8217;da ge\u00e7en yo\u011fun, kendi kendine rehberli bir cinayet gizemine at\u0131l\u0131n. Yakalanmas\u0131 zor ipu\u00e7lar\u0131n\u0131 takip edin, ak\u0131l almaz bulmacalar\u0131 \u00e7\u00f6z\u00fcn ve s\u00fcre dolmadan ger\u00e7e\u011fi ortaya \u00e7\u0131karmak i\u00e7in bir ekip olarak \u00e7al\u0131\u015f\u0131n!<\/p>\n","protected":false},"featured_media":19277,"template":"","meta":{"_acf_changed":false,"_yoast_wpseo_focuskw":"Sherlock Holmes Bogot\u00e1","_yoast_wpseo_metadesc":"Sherlock Holmes Bogot\u00e1. Kendi kendine rehberli bir cinayet gizemi City Game oynay\u0131n, bulmacalar\u0131 \u00e7\u00f6z\u00fcn, ipu\u00e7lar\u0131n\u0131 takip edin ve katili kendi h\u0131z\u0131n\u0131zda ortaya \u00e7\u0131kar\u0131n!","_kad_blocks_custom_css":"","_kad_blocks_head_custom_js":"","_kad_blocks_body_custom_js":"","_kad_blocks_footer_custom_js":"","ghostkit_customizer_options":"","ghostkit_custom_css":"","ghostkit_custom_js_head":"","ghostkit_custom_js_foot":"","ghostkit_typography":"","_kad_post_transparent":"default","_kad_post_title":"","_kad_post_layout":"default","_kad_post_sidebar_id":"","_kad_post_content_style":"default","_kad_post_vertical_padding":"default","_kad_post_feature":"","_kad_post_feature_position":"","_kad_post_header":false,"_kad_post_footer":false,"_kad_post_classname":"","_links_to":"","_links_to_target":""},"game-concept":[793],"location":[92],"product_brand":[],"product_cat":[27],"product_tag":[],"class_list":{"0":"post-65100","1":"product","2":"type-product","3":"status-publish","4":"has-post-thumbnail","6":"game-concept-sherlock","7":"location-bogota","8":"product_cat-geen-categorie","10":"first","11":"instock","12":"shipping-taxable","13":"purchasable","14":"product-type-simple","15":"entry","16":"content-bg","17":"loop-entry"},"acf":{"full_bokun_product_name":"Bogota Self-Guided Sherlock Holmes Murder Mystery Game","location_name":"Bogot\u00e1","bokun_calendar_widget_code":"<script type=\"text\/javascript\" src=\"https:\/\/widgets.bokun.io\/assets\/javascripts\/apps\/build\/BokunWidgetsLoader.js?bookingChannelUUID=a1e93e96-5232-4734-a595-28405f4b5a31\" async><\/script>\n     \n    <div class=\"bokunWidget\" data-src=\"https:\/\/widgets.bokun.io\/online-sales\/a1e93e96-5232-4734-a595-28405f4b5a31\/experience-calendar\/734137\"><\/div>\n    <noscript>Please enable javascript in your browser to book<\/noscript>","bokun_button_widget_code":"<script type=\"text\/javascript\" src=\"https:\/\/widgets.bokun.io\/assets\/javascripts\/apps\/build\/BokunWidgetsLoader.js?bookingChannelUUID=a1e93e96-5232-4734-a595-28405f4b5a31\" async><\/script>\n      <style> #bokun_ed001e45_5927_4f62_b470_ca766338d083 { display: inline-block; padding: .4em 1em; background: #47b82e; border-radius: 999999px; box-shadow: none; font-weight: 600; font-size: 24px; text-decoration: none; text-align: center; color: #FFFFFF; border:none; cursor: pointer; transition: background .2s ease; } #bokun_ed001e45_5927_4f62_b470_ca766338d083:hover{ background: #2f7b1f; } #bokun_ed001e45_5927_4f62_b470_ca766338d083:active{ background: #378f24; } <\/style> <button class=\"bokunButton\" disabled id=bokun_ed001e45_5927_4f62_b470_ca766338d083 data-src=\"https:\/\/widgets.bokun.io\/online-sales\/a1e93e96-5232-4734-a595-28405f4b5a31\/experience-calendar\/734137?partialView=1\" data-testid=\"widget-book-button\" > Book now <\/button> ","what_you\u2019ll_experience_during_the_game":"Sherlock Holmes City Game'de, Bogot\u00e1'da ge\u00e7en heyecan verici bir cinayet gizemini deneyimleyeceksiniz. S\u00fcr\u00fckleyici dedektif hikayeniz geli\u015ftik\u00e7e, \u015fehir sokaklar\u0131nda gezinerek ipu\u00e7lar\u0131 ke\u015ffedecek ve karma\u015f\u0131k bulmacalar\u0131 \u00e7\u00f6zecek, bir yandan da ara\u015ft\u0131rmac\u0131 becerilerinizi zorlayan s\u00fcrprizlerle kar\u015f\u0131la\u015facaks\u0131n\u0131z. Kendinizi dijital \u015f\u00fcphelileri sorgularken ve \u00e7eli\u015fkiler i\u00e7in onlar\u0131n mazeretlerini titizlikle analiz ederken bulacak, gizeme hayat vereceksiniz.\r\n\r\nYolculu\u011funuz sadece ele\u015ftirel d\u00fc\u015f\u00fcnmeyi, g\u00f6zlemi ve t\u00fcmdengelim becerilerini vurgulamakla kalmayacak, ayn\u0131 zamanda sizi Liberty Festival s\u0131ras\u0131nda i\u015flenen cinayetin kalbine g\u00f6t\u00fcrecek. \u015eenliklerin fonunda saklanan ger\u00e7ek ne? \u0130\u015fte bunu, burada herhangi bir spoiler vermeden sizin ortaya \u00e7\u0131karman\u0131z gerekiyor. Oyun tamamen hikaye odakl\u0131d\u0131r ve istedi\u011finiz zaman duraklatma ve devam etme \u00f6zg\u00fcrl\u00fc\u011f\u00fc ile kendi h\u0131z\u0131n\u0131zda oynad\u0131\u011f\u0131n\u0131z s\u00fcr\u00fckleyici bir senaryo sa\u011flar. Biraz rekabetten ho\u015flananlar i\u00e7in, tak\u0131mlar halinde oynamak zorlu bir s\u00fcrpriz sunabilir, ancak odak rekabet de\u011fil, gizem ve ger\u00e7e\u011fi ortaya \u00e7\u0131karmakt\u0131r.","how_to_play":"Tek ba\u015f\u0131n\u0131za veya arkada\u015flar\u0131n\u0131zla, ailenizle veya i\u015f arkada\u015flar\u0131n\u0131zla, cihaz ba\u015f\u0131na en fazla d\u00f6rt ki\u015filik tak\u0131mlar halinde oynay\u0131n. Rezervasyon yapt\u0131ktan sonra, ihtiyac\u0131n\u0131z olan her \u015feyi i\u00e7eren bir talimat e-postas\u0131 alacaks\u0131n\u0131z.","start_location":"Bogota, Catedral Primada de Colombia","available_languages":["nl","en","fr","de","it","es"],"players_per_group":"1-4","duration":"1.5-2 hours","image_overlay_color_image":"https:\/\/testwebsite.citygame.com\/wp-content\/blogs.dir\/1\/files\/sites\/62\/2026\/01\/SherlockColor.svg","image_overlay_game_logo":"https:\/\/testwebsite.citygame.com\/wp-content\/blogs.dir\/1\/files\/sites\/62\/2026\/01\/SherlockLogo.png","city_page":15667,"woocommerce_general_content":null},"yoast_head":"<!-- This site is optimized with the Yoast SEO Premium plugin v26.2 (Yoast SEO v26.3) - https:\/\/yoast.com\/wordpress\/plugins\/seo\/ -->\n<title>Sherlock Holmes Bogot\u00e1 - City Game<\/title>\n<meta name=\"description\" content=\"Sherlock Holmes Bogot\u00e1. Kendi kendine rehberli bir cinayet gizemi City Game oynay\u0131n, bulmacalar\u0131 \u00e7\u00f6z\u00fcn, ipu\u00e7lar\u0131n\u0131 takip edin ve katili kendi h\u0131z\u0131n\u0131zda ortaya \u00e7\u0131kar\u0131n!\" \/>\n<meta name=\"robots\" content=\"noindex, follow, max-snippet:-1, max-image-preview:large, max-video-preview:-1\" \/>\n<meta property=\"og:locale\" content=\"tr_TR\" \/>\n<meta property=\"og:type\" content=\"article\" \/>\n<meta property=\"og:title\" content=\"Sherlock Holmes Bogot\u00e1\" \/>\n<meta property=\"og:description\" content=\"Sherlock Holmes Bogot\u00e1. Kendi kendine rehberli bir cinayet gizemi City Game oynay\u0131n, bulmacalar\u0131 \u00e7\u00f6z\u00fcn, ipu\u00e7lar\u0131n\u0131 takip edin ve katili kendi h\u0131z\u0131n\u0131zda ortaya \u00e7\u0131kar\u0131n!\" \/>\n<meta property=\"og:url\" content=\"https:\/\/testwebsite.citygame.com\/tr\/games\/bogota\/sherlock-holmes-bogota\/\" \/>\n<meta property=\"og:site_name\" content=\"City Game\" \/>\n<meta property=\"article:publisher\" content=\"https:\/\/www.facebook.com\/profile.php?id=100086426226253\" \/>\n<meta property=\"article:modified_time\" content=\"2026-04-08T15:18:44+00:00\" \/>\n<meta property=\"og:image\" content=\"https:\/\/testwebsite.citygame.com\/wp-content\/blogs.dir\/1\/files\/sites\/62\/2026\/03\/woman-playing-city-game-plaza-de-bolivar-bogota.jpg\" \/>\n\t<meta property=\"og:image:width\" content=\"1024\" \/>\n\t<meta property=\"og:image:height\" content=\"1024\" \/>\n\t<meta property=\"og:image:type\" content=\"image\/jpeg\" \/>\n<meta name=\"twitter:card\" content=\"summary_large_image\" \/>\n<meta name=\"twitter:label1\" content=\"Tahmini okuma s\u00fcresi\" \/>\n\t<meta name=\"twitter:data1\" content=\"1 dakika\" \/>\n<script type=\"application\/ld+json\" class=\"yoast-schema-graph\">{\"@context\":\"https:\/\/schema.org\",\"@graph\":[{\"@type\":\"WebPage\",\"@id\":\"https:\/\/testwebsite.citygame.com\/tr\/games\/bogota\/sherlock-holmes-bogota\/\",\"url\":\"https:\/\/testwebsite.citygame.com\/tr\/games\/bogota\/sherlock-holmes-bogota\/\",\"name\":\"Sherlock Holmes Bogot\u00e1 - City Game\",\"isPartOf\":{\"@id\":\"https:\/\/testwebsite.upevents.nl\/#website\"},\"primaryImageOfPage\":{\"@id\":\"https:\/\/testwebsite.citygame.com\/tr\/games\/bogota\/sherlock-holmes-bogota\/#primaryimage\"},\"image\":{\"@id\":\"https:\/\/testwebsite.citygame.com\/tr\/games\/bogota\/sherlock-holmes-bogota\/#primaryimage\"},\"thumbnailUrl\":\"https:\/\/testwebsite.citygame.com\/wp-content\/blogs.dir\/1\/files\/sites\/62\/2026\/03\/woman-playing-city-game-plaza-de-bolivar-bogota.jpg\",\"datePublished\":\"2026-03-19T09:50:16+00:00\",\"dateModified\":\"2026-04-08T15:18:44+00:00\",\"description\":\"Sherlock Holmes Bogot\u00e1. Kendi kendine rehberli bir cinayet gizemi City Game oynay\u0131n, bulmacalar\u0131 \u00e7\u00f6z\u00fcn, ipu\u00e7lar\u0131n\u0131 takip edin ve katili kendi h\u0131z\u0131n\u0131zda ortaya \u00e7\u0131kar\u0131n!\",\"breadcrumb\":{\"@id\":\"https:\/\/testwebsite.citygame.com\/tr\/games\/bogota\/sherlock-holmes-bogota\/#breadcrumb\"},\"inLanguage\":\"tr\",\"potentialAction\":[{\"@type\":\"ReadAction\",\"target\":[\"https:\/\/testwebsite.citygame.com\/tr\/games\/bogota\/sherlock-holmes-bogota\/\"]}]},{\"@type\":\"ImageObject\",\"inLanguage\":\"tr\",\"@id\":\"https:\/\/testwebsite.citygame.com\/tr\/games\/bogota\/sherlock-holmes-bogota\/#primaryimage\",\"url\":\"https:\/\/testwebsite.citygame.com\/wp-content\/blogs.dir\/1\/files\/sites\/62\/2026\/03\/woman-playing-city-game-plaza-de-bolivar-bogota.jpg\",\"contentUrl\":\"https:\/\/testwebsite.citygame.com\/wp-content\/blogs.dir\/1\/files\/sites\/62\/2026\/03\/woman-playing-city-game-plaza-de-bolivar-bogota.jpg\",\"width\":1024,\"height\":1024,\"caption\":\"A visitor uses her phone to play an interactive game in the historic Plaza de Bol\u00edvar.\"},{\"@type\":\"BreadcrumbList\",\"@id\":\"https:\/\/testwebsite.citygame.com\/tr\/games\/bogota\/sherlock-holmes-bogota\/#breadcrumb\",\"itemListElement\":[{\"@type\":\"ListItem\",\"position\":1,\"name\":\"Home\",\"item\":\"https:\/\/testwebsite.citygame.com\/tr\/\"},{\"@type\":\"ListItem\",\"position\":2,\"name\":\"Shop\",\"item\":\"https:\/\/testwebsite.citygame.com\/shop\/\"},{\"@type\":\"ListItem\",\"position\":3,\"name\":\"Sherlock Holmes Bogot\u00e1\"}]},{\"@type\":\"WebSite\",\"@id\":\"https:\/\/testwebsite.upevents.nl\/#website\",\"url\":\"https:\/\/testwebsite.upevents.nl\/\",\"name\":\"City Game\",\"description\":\"\",\"publisher\":{\"@id\":\"https:\/\/testwebsite.upevents.nl\/#organization\"},\"alternateName\":\"citygame.com\",\"potentialAction\":[{\"@type\":\"SearchAction\",\"target\":{\"@type\":\"EntryPoint\",\"urlTemplate\":\"https:\/\/testwebsite.upevents.nl\/?s={search_term_string}\"},\"query-input\":{\"@type\":\"PropertyValueSpecification\",\"valueRequired\":true,\"valueName\":\"search_term_string\"}}],\"inLanguage\":\"tr\"},{\"@type\":[\"Organization\",\"Place\"],\"@id\":\"https:\/\/testwebsite.upevents.nl\/#organization\",\"name\":\"City Game\",\"alternateName\":\"citygame.com\",\"url\":\"https:\/\/testwebsite.upevents.nl\/\",\"logo\":{\"@id\":\"https:\/\/testwebsite.citygame.com\/tr\/games\/bogota\/sherlock-holmes-bogota\/#local-main-organization-logo\"},\"image\":{\"@id\":\"https:\/\/testwebsite.citygame.com\/tr\/games\/bogota\/sherlock-holmes-bogota\/#local-main-organization-logo\"},\"sameAs\":[\"https:\/\/www.facebook.com\/profile.php?id=100086426226253\",\"https:\/\/www.instagram.com\/citygame_com\",\"https:\/\/www.tiktok.com\/@citygamecom\/\",\"https:\/\/www.linkedin.com\/company\/citygame-com\"],\"description\":\"Turn any city into a playground with our interactive City Games and self-guided tours. Fun, flexible, and ideal for groups and team building.\",\"telephone\":[],\"openingHoursSpecification\":[{\"@type\":\"OpeningHoursSpecification\",\"dayOfWeek\":[\"Monday\",\"Tuesday\",\"Wednesday\",\"Thursday\",\"Friday\",\"Saturday\",\"Sunday\"],\"opens\":\"09:00\",\"closes\":\"17:00\"}]},{\"@type\":\"ImageObject\",\"inLanguage\":\"tr\",\"@id\":\"https:\/\/testwebsite.citygame.com\/tr\/games\/bogota\/sherlock-holmes-bogota\/#local-main-organization-logo\",\"url\":\"https:\/\/testwebsite.citygame.com\/wp-content\/blogs.dir\/1\/files\/sites\/62\/2025\/10\/CG_LOGO-City-Game.png\",\"contentUrl\":\"https:\/\/testwebsite.citygame.com\/wp-content\/blogs.dir\/1\/files\/sites\/62\/2025\/10\/CG_LOGO-City-Game.png\",\"width\":351,\"height\":377,\"caption\":\"City Game\"}]}<\/script>\n<!-- \/ Yoast SEO Premium plugin. -->","yoast_head_json":{"title":"Sherlock Holmes Bogot\u00e1 - City Game","description":"Sherlock Holmes Bogot\u00e1. Kendi kendine rehberli bir cinayet gizemi City Game oynay\u0131n, bulmacalar\u0131 \u00e7\u00f6z\u00fcn, ipu\u00e7lar\u0131n\u0131 takip edin ve katili kendi h\u0131z\u0131n\u0131zda ortaya \u00e7\u0131kar\u0131n!","robots":{"index":"noindex","follow":"follow","max-snippet":"max-snippet:-1","max-image-preview":"max-image-preview:large","max-video-preview":"max-video-preview:-1"},"og_locale":"tr_TR","og_type":"article","og_title":"Sherlock Holmes Bogot\u00e1","og_description":"Sherlock Holmes Bogot\u00e1. Kendi kendine rehberli bir cinayet gizemi City Game oynay\u0131n, bulmacalar\u0131 \u00e7\u00f6z\u00fcn, ipu\u00e7lar\u0131n\u0131 takip edin ve katili kendi h\u0131z\u0131n\u0131zda ortaya \u00e7\u0131kar\u0131n!","og_url":"https:\/\/testwebsite.citygame.com\/tr\/games\/bogota\/sherlock-holmes-bogota\/","og_site_name":"City Game","article_publisher":"https:\/\/www.facebook.com\/profile.php?id=100086426226253","article_modified_time":"2026-04-08T15:18:44+00:00","og_image":[{"width":1024,"height":1024,"url":"https:\/\/testwebsite.citygame.com\/wp-content\/blogs.dir\/1\/files\/sites\/62\/2026\/03\/woman-playing-city-game-plaza-de-bolivar-bogota.jpg","type":"image\/jpeg"}],"twitter_card":"summary_large_image","twitter_misc":{"Tahmini okuma s\u00fcresi":"1 dakika"},"schema":{"@context":"https:\/\/schema.org","@graph":[{"@type":"WebPage","@id":"https:\/\/testwebsite.citygame.com\/tr\/games\/bogota\/sherlock-holmes-bogota\/","url":"https:\/\/testwebsite.citygame.com\/tr\/games\/bogota\/sherlock-holmes-bogota\/","name":"Sherlock Holmes Bogot\u00e1 - City Game","isPartOf":{"@id":"https:\/\/testwebsite.upevents.nl\/#website"},"primaryImageOfPage":{"@id":"https:\/\/testwebsite.citygame.com\/tr\/games\/bogota\/sherlock-holmes-bogota\/#primaryimage"},"image":{"@id":"https:\/\/testwebsite.citygame.com\/tr\/games\/bogota\/sherlock-holmes-bogota\/#primaryimage"},"thumbnailUrl":"https:\/\/testwebsite.citygame.com\/wp-content\/blogs.dir\/1\/files\/sites\/62\/2026\/03\/woman-playing-city-game-plaza-de-bolivar-bogota.jpg","datePublished":"2026-03-19T09:50:16+00:00","dateModified":"2026-04-08T15:18:44+00:00","description":"Sherlock Holmes Bogot\u00e1. Kendi kendine rehberli bir cinayet gizemi City Game oynay\u0131n, bulmacalar\u0131 \u00e7\u00f6z\u00fcn, ipu\u00e7lar\u0131n\u0131 takip edin ve katili kendi h\u0131z\u0131n\u0131zda ortaya \u00e7\u0131kar\u0131n!","breadcrumb":{"@id":"https:\/\/testwebsite.citygame.com\/tr\/games\/bogota\/sherlock-holmes-bogota\/#breadcrumb"},"inLanguage":"tr","potentialAction":[{"@type":"ReadAction","target":["https:\/\/testwebsite.citygame.com\/tr\/games\/bogota\/sherlock-holmes-bogota\/"]}]},{"@type":"ImageObject","inLanguage":"tr","@id":"https:\/\/testwebsite.citygame.com\/tr\/games\/bogota\/sherlock-holmes-bogota\/#primaryimage","url":"https:\/\/testwebsite.citygame.com\/wp-content\/blogs.dir\/1\/files\/sites\/62\/2026\/03\/woman-playing-city-game-plaza-de-bolivar-bogota.jpg","contentUrl":"https:\/\/testwebsite.citygame.com\/wp-content\/blogs.dir\/1\/files\/sites\/62\/2026\/03\/woman-playing-city-game-plaza-de-bolivar-bogota.jpg","width":1024,"height":1024,"caption":"A visitor uses her phone to play an interactive game in the historic Plaza de Bol\u00edvar."},{"@type":"BreadcrumbList","@id":"https:\/\/testwebsite.citygame.com\/tr\/games\/bogota\/sherlock-holmes-bogota\/#breadcrumb","itemListElement":[{"@type":"ListItem","position":1,"name":"Home","item":"https:\/\/testwebsite.citygame.com\/tr\/"},{"@type":"ListItem","position":2,"name":"Shop","item":"https:\/\/testwebsite.citygame.com\/shop\/"},{"@type":"ListItem","position":3,"name":"Sherlock Holmes Bogot\u00e1"}]},{"@type":"WebSite","@id":"https:\/\/testwebsite.upevents.nl\/#website","url":"https:\/\/testwebsite.upevents.nl\/","name":"City Game","description":"","publisher":{"@id":"https:\/\/testwebsite.upevents.nl\/#organization"},"alternateName":"citygame.com","potentialAction":[{"@type":"SearchAction","target":{"@type":"EntryPoint","urlTemplate":"https:\/\/testwebsite.upevents.nl\/?s={search_term_string}"},"query-input":{"@type":"PropertyValueSpecification","valueRequired":true,"valueName":"search_term_string"}}],"inLanguage":"tr"},{"@type":["Organization","Place"],"@id":"https:\/\/testwebsite.upevents.nl\/#organization","name":"City Game","alternateName":"citygame.com","url":"https:\/\/testwebsite.upevents.nl\/","logo":{"@id":"https:\/\/testwebsite.citygame.com\/tr\/games\/bogota\/sherlock-holmes-bogota\/#local-main-organization-logo"},"image":{"@id":"https:\/\/testwebsite.citygame.com\/tr\/games\/bogota\/sherlock-holmes-bogota\/#local-main-organization-logo"},"sameAs":["https:\/\/www.facebook.com\/profile.php?id=100086426226253","https:\/\/www.instagram.com\/citygame_com","https:\/\/www.tiktok.com\/@citygamecom\/","https:\/\/www.linkedin.com\/company\/citygame-com"],"description":"Turn any city into a playground with our interactive City Games and self-guided tours. Fun, flexible, and ideal for groups and team building.","telephone":[],"openingHoursSpecification":[{"@type":"OpeningHoursSpecification","dayOfWeek":["Monday","Tuesday","Wednesday","Thursday","Friday","Saturday","Sunday"],"opens":"09:00","closes":"17:00"}]},{"@type":"ImageObject","inLanguage":"tr","@id":"https:\/\/testwebsite.citygame.com\/tr\/games\/bogota\/sherlock-holmes-bogota\/#local-main-organization-logo","url":"https:\/\/testwebsite.citygame.com\/wp-content\/blogs.dir\/1\/files\/sites\/62\/2025\/10\/CG_LOGO-City-Game.png","contentUrl":"https:\/\/testwebsite.citygame.com\/wp-content\/blogs.dir\/1\/files\/sites\/62\/2025\/10\/CG_LOGO-City-Game.png","width":351,"height":377,"caption":"City Game"}]}},"taxonomy_info":{"game-concept":[{"value":793,"label":"Sherlock"}],"location":[{"value":92,"label":"Bogota"}],"product_cat":[{"value":27,"label":"Geen categorie"}]},"featured_image_src_large":["https:\/\/testwebsite.citygame.com\/wp-content\/blogs.dir\/1\/files\/sites\/62\/2026\/03\/woman-playing-city-game-plaza-de-bolivar-bogota.jpg",1024,1024,false],"author_info":[],"comment_info":"","_links":{"self":[{"href":"https:\/\/testwebsite.citygame.com\/tr\/wp-json\/wp\/v2\/product\/65100","targetHints":{"allow":["GET"]}}],"collection":[{"href":"https:\/\/testwebsite.citygame.com\/tr\/wp-json\/wp\/v2\/product"}],"about":[{"href":"https:\/\/testwebsite.citygame.com\/tr\/wp-json\/wp\/v2\/types\/product"}],"acf:post":[{"embeddable":true,"href":"https:\/\/testwebsite.citygame.com\/tr\/wp-json\/wp\/v2\/pages\/15667"}],"wp:featuredmedia":[{"embeddable":true,"href":"https:\/\/testwebsite.citygame.com\/tr\/wp-json\/wp\/v2\/media\/19277"}],"wp:attachment":[{"href":"https:\/\/testwebsite.citygame.com\/tr\/wp-json\/wp\/v2\/media?parent=65100"}],"wp:term":[{"taxonomy":"game-concept","embeddable":true,"href":"https:\/\/testwebsite.citygame.com\/tr\/wp-json\/wp\/v2\/game-concept?post=65100"},{"taxonomy":"location","embeddable":true,"href":"https:\/\/testwebsite.citygame.com\/tr\/wp-json\/wp\/v2\/location?post=65100"},{"taxonomy":"product_brand","embeddable":true,"href":"https:\/\/testwebsite.citygame.com\/tr\/wp-json\/wp\/v2\/product_brand?post=65100"},{"taxonomy":"product_cat","embeddable":true,"href":"https:\/\/testwebsite.citygame.com\/tr\/wp-json\/wp\/v2\/product_cat?post=65100"},{"taxonomy":"product_tag","embeddable":true,"href":"https:\/\/testwebsite.citygame.com\/tr\/wp-json\/wp\/v2\/product_tag?post=65100"}],"curies":[{"name":"wp","href":"https:\/\/api.w.org\/{rel}","templated":true}]}}