{"id":65024,"date":"2026-01-14T09:18:37","date_gmt":"2026-01-14T09:18:37","guid":{"rendered":"https:\/\/testwebsite.citygame.com\/games\/unknown-location\/secrets-of-paris-louvre\/"},"modified":"2026-04-08T15:11:03","modified_gmt":"2026-04-08T15:11:03","slug":"secrets-of-paris-louvre","status":"publish","type":"product","link":"https:\/\/testwebsite.citygame.com\/tr\/games\/paris\/secrets-of-paris-louvre\/","title":{"rendered":"Secrets of Paris Louvre"},"content":{"rendered":"<p>\u201cSecrets of Paris Louvre\u201d \u015eehir Oyunu, Paris&#8217;in tarihi merkezinde ge\u00e7en, kendi kendine rehberli, GPS tabanl\u0131 bir oyundur. Ak\u0131ll\u0131 telefonunuzu kullanarak, \u015fehrin \u00f6nemli noktalar\u0131n\u0131 ve az bilinen yerlerini ke\u015ffederken bulmacalar\u0131, bilmeceleri ve foto\u011fraf g\u00f6revlerini \u00e7\u00f6zece\u011finiz interaktif bir ke\u015fif oyununa ba\u015flayacaks\u0131n\u0131z. Oynarken Paris&#8217;in tarihi, k\u00fclt\u00fcr\u00fc ve genellikle fark edilmeyen gizli detaylar\u0131 hakk\u0131nda daha fazla bilgi edineceksiniz. Hem ziyaret\u00e7iler hem de yerel halk i\u00e7in uygun olan bu kendi kendine rehberli \u015fehir oyunu, \u015fehri kendi h\u0131z\u0131n\u0131zda deneyimlemenin e\u011flenceli ve esnek bir yoludur. City Game Paris tek ba\u015f\u0131na veya \u00e7iftler, aileler ve arkada\u015f gruplar\u0131 ile birlikte keyifle oynanabilir.<\/p>\n","protected":false},"excerpt":{"rendered":"<p>Paris&#8217;in Zamans\u0131z K\u0131v\u0131lc\u0131m\u0131n\u0131 Ate\u015fleyin! Sanat\u0131n, modan\u0131n ve kafe aromalar\u0131n\u0131n \u00e7arp\u0131\u015ft\u0131\u011f\u0131 g\u00f6rkemli galeriler ve nehir kenar\u0131ndaki bulvarlar aras\u0131nda dal\u0131n, Leonardo da Vinci&#8217;nin bir sonraki ba\u015fyap\u0131t\u0131n\u0131 hayata ge\u00e7irecek ilham\u0131 yeniden kazanmas\u0131na yard\u0131mc\u0131 olacak ipu\u00e7lar\u0131n\u0131 bir araya getirin.<\/p>\n","protected":false},"featured_media":4003,"template":"","meta":{"_acf_changed":false,"_yoast_wpseo_focuskw":"Secrets of Paris Louvre","_yoast_wpseo_metadesc":"Secrets of Paris Louvre. Kendi kendine rehberli bir \u015eehir Oyunu oynay\u0131n ve bulmacalar, bilmeceler ve g\u00f6revlerle \u015fehri ke\u015ffedin. Kendi h\u0131z\u0131n\u0131zda oynay\u0131n ve bir yerel gibi ke\u015ffedin!","_kad_blocks_custom_css":"","_kad_blocks_head_custom_js":"","_kad_blocks_body_custom_js":"","_kad_blocks_footer_custom_js":"","ghostkit_customizer_options":"","ghostkit_custom_css":"","ghostkit_custom_js_head":"","ghostkit_custom_js_foot":"","ghostkit_typography":"","_kad_post_transparent":"default","_kad_post_title":"","_kad_post_layout":"default","_kad_post_sidebar_id":"","_kad_post_content_style":"default","_kad_post_vertical_padding":"default","_kad_post_feature":"","_kad_post_feature_position":"","_kad_post_header":false,"_kad_post_footer":false,"_kad_post_classname":"","_links_to":"","_links_to_target":""},"game-concept":[732],"location":[317],"product_brand":[],"product_cat":[27],"product_tag":[],"class_list":{"0":"post-65024","1":"product","2":"type-product","3":"status-publish","4":"has-post-thumbnail","6":"game-concept-secrets","7":"location-paris","8":"product_cat-geen-categorie","10":"first","11":"instock","12":"shipping-taxable","13":"purchasable","14":"product-type-simple","15":"entry","16":"content-bg","17":"loop-entry"},"acf":{"full_bokun_product_name":"Self-Guided Secrets of Paris: Louvre Area Exploration Game","location_name":"Paris Louvre","bokun_calendar_widget_code":"<script type=\"text\/javascript\" src=\"https:\/\/widgets.bokun.io\/assets\/javascripts\/apps\/build\/BokunWidgetsLoader.js?bookingChannelUUID=a1e93e96-5232-4734-a595-28405f4b5a31\" async><\/script>\n     \n    <div class=\"bokunWidget\" data-src=\"https:\/\/widgets.bokun.io\/online-sales\/a1e93e96-5232-4734-a595-28405f4b5a31\/experience-calendar\/1002136\"><\/div>\n    <noscript>Please enable javascript in your browser to book<\/noscript>","bokun_button_widget_code":"<script type=\"text\/javascript\" src=\"https:\/\/widgets.bokun.io\/assets\/javascripts\/apps\/build\/BokunWidgetsLoader.js?bookingChannelUUID=a1e93e96-5232-4734-a595-28405f4b5a31\" async><\/script>\n      <style> #bokun_ed001e45_5927_4f62_b470_ca766338d083 { display: inline-block; padding: .4em 1em; background: #47b82e; border-radius: 999999px; box-shadow: none; font-weight: 600; font-size: 24px; text-decoration: none; text-align: center; color: #FFFFFF; border:none; cursor: pointer; transition: background .2s ease; } #bokun_ed001e45_5927_4f62_b470_ca766338d083:hover{ background: #2f7b1f; } #bokun_ed001e45_5927_4f62_b470_ca766338d083:active{ background: #378f24; } <\/style> <button class=\"bokunButton\" disabled id=bokun_ed001e45_5927_4f62_b470_ca766338d083 data-src=\"https:\/\/widgets.bokun.io\/online-sales\/a1e93e96-5232-4734-a595-28405f4b5a31\/experience-calendar\/1002136?partialView=1\" data-testid=\"widget-book-button\" > Book now <\/button> ","what_you\u2019ll_experience_during_the_game":"Secrets of Paris Louvre \u015eehir Oyunu s\u0131ras\u0131nda, ke\u015fif ile etkile\u015fimli g\u00f6revleri birle\u015ftiren s\u00fcr\u00fckleyici bir hikaye arac\u0131l\u0131\u011f\u0131yla \u015fehri ke\u015ffedeceksiniz. Yolculuk sizi hem ikonik simge yap\u0131lar\u0131n hem de daha az bilinen k\u00f6\u015felerin yan\u0131ndan ge\u00e7irerek dijital ipu\u00e7lar\u0131n\u0131 takip ederken Paris'in atmosferini ortaya \u00e7\u0131kar\u0131yor. Yol boyunca, kendinizi Louvre Piramidi'nin yan\u0131nda dururken, H\u00f4tel de la Marine'in s\u00fcsl\u00fc detaylar\u0131na hayran kal\u0131rken veya zarif Pont Royal'\u0131n yan\u0131nda duraklarken bulabilirsiniz. Jardin des Tuileries'deki Grand Bassin Rond veya d\u00fc\u015f\u00fcnd\u00fcr\u00fcc\u00fc Statue of Thomas Jefferson gibi sessiz k\u00f6\u015feler, \u015fehrin ihti\u015fam\u0131na tezat olu\u015fturarak ipu\u00e7lar\u0131 aras\u0131nda d\u00fc\u015f\u00fcnmek i\u00e7in alan yarat\u0131yor.\r\n\r\nParis'te ilerlerken, her biri puan toplaman\u0131za ve yeni ipu\u00e7lar\u0131n\u0131n kilidini a\u00e7man\u0131za yard\u0131mc\u0131 olacak bilmeceleri \u00e7\u00f6zecek, sorular\u0131 yan\u0131tlayacak ve yarat\u0131c\u0131 foto\u011fraf g\u00f6revlerini tamamlayacaks\u0131n\u0131z. Bu g\u00f6revler, daha b\u00fcy\u00fck bir gizemi \u00e7\u00f6zmeye do\u011fru kademeli olarak ilerlerken, ayn\u0131 zamanda genellikle g\u00f6zden ka\u00e7an detaylar\u0131 fark etmenizi te\u015fvik eder. Oyun esnektir, duraklaman\u0131za ve kendi h\u0131z\u0131n\u0131zda devam etmenize olanak tan\u0131r, bu da ziyaretinize kolayca uymas\u0131n\u0131 sa\u011flar. Rekabet\u00e7i hissediyorsan\u0131z, tak\u0131m veya bireysel olarak y\u00fcksek puan alarak liderlik tablosunda y\u00fckselmeye de \u00e7al\u0131\u015fabilirsiniz.","how_to_play":"Rezervasyon yapt\u0131ktan sonra, do\u011frudan bir oyun ba\u011flant\u0131s\u0131 i\u00e7eren bir e-posta alacaks\u0131n\u0131z. Sadece Porte des Lions'daki ba\u015flang\u0131\u00e7 konumuna gidin ve maceran\u0131za hemen ba\u015flay\u0131n. Oyun istedi\u011finiz zaman duraklat\u0131labilir, b\u00f6ylece Paris'i \u00f6zg\u00fcrce ke\u015ffedebilir ve haz\u0131r oldu\u011funuzda devam edebilirsiniz.","start_location":"Paris, Porte des Lions","available_languages":"","players_per_group":"1-4","duration":"1.5-2 hours","image_overlay_color_image":"https:\/\/testwebsite.citygame.com\/wp-content\/blogs.dir\/1\/files\/sites\/62\/2026\/01\/SecretsColor.svg","image_overlay_game_logo":"https:\/\/testwebsite.citygame.com\/wp-content\/blogs.dir\/1\/files\/sites\/62\/2026\/01\/SecretsLogo.png","city_page":7295,"woocommerce_general_content":null},"yoast_head":"<!-- This site is optimized with the Yoast SEO Premium plugin v26.2 (Yoast SEO v26.3) - https:\/\/yoast.com\/wordpress\/plugins\/seo\/ -->\n<title>Secrets of Paris Louvre - City Game<\/title>\n<meta name=\"description\" content=\"Secrets of Paris Louvre. Kendi kendine rehberli bir \u015eehir Oyunu oynay\u0131n ve bulmacalar, bilmeceler ve g\u00f6revlerle \u015fehri ke\u015ffedin. Kendi h\u0131z\u0131n\u0131zda oynay\u0131n ve bir yerel gibi ke\u015ffedin!\" \/>\n<meta name=\"robots\" content=\"noindex, follow, max-snippet:-1, max-image-preview:large, max-video-preview:-1\" \/>\n<meta property=\"og:locale\" content=\"tr_TR\" \/>\n<meta property=\"og:type\" content=\"article\" \/>\n<meta property=\"og:title\" content=\"Secrets of Paris Louvre\" \/>\n<meta property=\"og:description\" content=\"Secrets of Paris Louvre. Kendi kendine rehberli bir \u015eehir Oyunu oynay\u0131n ve bulmacalar, bilmeceler ve g\u00f6revlerle \u015fehri ke\u015ffedin. Kendi h\u0131z\u0131n\u0131zda oynay\u0131n ve bir yerel gibi ke\u015ffedin!\" \/>\n<meta property=\"og:url\" content=\"https:\/\/testwebsite.citygame.com\/tr\/games\/paris\/secrets-of-paris-louvre\/\" \/>\n<meta property=\"og:site_name\" content=\"City Game\" \/>\n<meta property=\"article:publisher\" content=\"https:\/\/www.facebook.com\/profile.php?id=100086426226253\" \/>\n<meta property=\"article:modified_time\" content=\"2026-04-08T15:11:03+00:00\" \/>\n<meta property=\"og:image\" content=\"https:\/\/testwebsite.citygame.com\/wp-content\/blogs.dir\/1\/files\/sites\/62\/2026\/01\/woman-using-phone-app-at-musee-national-de-la-marine-paris.jpg\" \/>\n\t<meta property=\"og:image:width\" content=\"1024\" \/>\n\t<meta property=\"og:image:height\" content=\"1024\" \/>\n\t<meta property=\"og:image:type\" content=\"image\/jpeg\" \/>\n<meta name=\"twitter:card\" content=\"summary_large_image\" \/>\n<meta name=\"twitter:label1\" content=\"Tahmini okuma s\u00fcresi\" \/>\n\t<meta name=\"twitter:data1\" content=\"1 dakika\" \/>\n<script type=\"application\/ld+json\" class=\"yoast-schema-graph\">{\"@context\":\"https:\/\/schema.org\",\"@graph\":[{\"@type\":\"WebPage\",\"@id\":\"https:\/\/testwebsite.citygame.com\/tr\/games\/paris\/secrets-of-paris-louvre\/\",\"url\":\"https:\/\/testwebsite.citygame.com\/tr\/games\/paris\/secrets-of-paris-louvre\/\",\"name\":\"Secrets of Paris Louvre - City Game\",\"isPartOf\":{\"@id\":\"https:\/\/testwebsite.upevents.nl\/#website\"},\"primaryImageOfPage\":{\"@id\":\"https:\/\/testwebsite.citygame.com\/tr\/games\/paris\/secrets-of-paris-louvre\/#primaryimage\"},\"image\":{\"@id\":\"https:\/\/testwebsite.citygame.com\/tr\/games\/paris\/secrets-of-paris-louvre\/#primaryimage\"},\"thumbnailUrl\":\"https:\/\/testwebsite.citygame.com\/wp-content\/blogs.dir\/1\/files\/sites\/62\/2026\/01\/woman-using-phone-app-at-musee-national-de-la-marine-paris.jpg\",\"datePublished\":\"2026-01-14T09:18:37+00:00\",\"dateModified\":\"2026-04-08T15:11:03+00:00\",\"description\":\"Secrets of Paris Louvre. Kendi kendine rehberli bir \u015eehir Oyunu oynay\u0131n ve bulmacalar, bilmeceler ve g\u00f6revlerle \u015fehri ke\u015ffedin. Kendi h\u0131z\u0131n\u0131zda oynay\u0131n ve bir yerel gibi ke\u015ffedin!\",\"breadcrumb\":{\"@id\":\"https:\/\/testwebsite.citygame.com\/tr\/games\/paris\/secrets-of-paris-louvre\/#breadcrumb\"},\"inLanguage\":\"tr\",\"potentialAction\":[{\"@type\":\"ReadAction\",\"target\":[\"https:\/\/testwebsite.citygame.com\/tr\/games\/paris\/secrets-of-paris-louvre\/\"]}]},{\"@type\":\"ImageObject\",\"inLanguage\":\"tr\",\"@id\":\"https:\/\/testwebsite.citygame.com\/tr\/games\/paris\/secrets-of-paris-louvre\/#primaryimage\",\"url\":\"https:\/\/testwebsite.citygame.com\/wp-content\/blogs.dir\/1\/files\/sites\/62\/2026\/01\/woman-using-phone-app-at-musee-national-de-la-marine-paris.jpg\",\"contentUrl\":\"https:\/\/testwebsite.citygame.com\/wp-content\/blogs.dir\/1\/files\/sites\/62\/2026\/01\/woman-using-phone-app-at-musee-national-de-la-marine-paris.jpg\",\"width\":1024,\"height\":1024,\"caption\":\"A woman uses a mobile app while exploring the area around a historic museum in Paris.\"},{\"@type\":\"BreadcrumbList\",\"@id\":\"https:\/\/testwebsite.citygame.com\/tr\/games\/paris\/secrets-of-paris-louvre\/#breadcrumb\",\"itemListElement\":[{\"@type\":\"ListItem\",\"position\":1,\"name\":\"Home\",\"item\":\"https:\/\/testwebsite.citygame.com\/tr\/\"},{\"@type\":\"ListItem\",\"position\":2,\"name\":\"Shop\",\"item\":\"https:\/\/testwebsite.citygame.com\/shop\/\"},{\"@type\":\"ListItem\",\"position\":3,\"name\":\"Secrets of Paris Louvre\"}]},{\"@type\":\"WebSite\",\"@id\":\"https:\/\/testwebsite.upevents.nl\/#website\",\"url\":\"https:\/\/testwebsite.upevents.nl\/\",\"name\":\"City Game\",\"description\":\"\",\"publisher\":{\"@id\":\"https:\/\/testwebsite.upevents.nl\/#organization\"},\"alternateName\":\"citygame.com\",\"potentialAction\":[{\"@type\":\"SearchAction\",\"target\":{\"@type\":\"EntryPoint\",\"urlTemplate\":\"https:\/\/testwebsite.upevents.nl\/?s={search_term_string}\"},\"query-input\":{\"@type\":\"PropertyValueSpecification\",\"valueRequired\":true,\"valueName\":\"search_term_string\"}}],\"inLanguage\":\"tr\"},{\"@type\":[\"Organization\",\"Place\"],\"@id\":\"https:\/\/testwebsite.upevents.nl\/#organization\",\"name\":\"City Game\",\"alternateName\":\"citygame.com\",\"url\":\"https:\/\/testwebsite.upevents.nl\/\",\"logo\":{\"@id\":\"https:\/\/testwebsite.citygame.com\/tr\/games\/paris\/secrets-of-paris-louvre\/#local-main-organization-logo\"},\"image\":{\"@id\":\"https:\/\/testwebsite.citygame.com\/tr\/games\/paris\/secrets-of-paris-louvre\/#local-main-organization-logo\"},\"sameAs\":[\"https:\/\/www.facebook.com\/profile.php?id=100086426226253\",\"https:\/\/www.instagram.com\/citygame_com\",\"https:\/\/www.tiktok.com\/@citygamecom\/\",\"https:\/\/www.linkedin.com\/company\/citygame-com\"],\"description\":\"Turn any city into a playground with our interactive City Games and self-guided tours. Fun, flexible, and ideal for groups and team building.\",\"telephone\":[],\"openingHoursSpecification\":[{\"@type\":\"OpeningHoursSpecification\",\"dayOfWeek\":[\"Monday\",\"Tuesday\",\"Wednesday\",\"Thursday\",\"Friday\",\"Saturday\",\"Sunday\"],\"opens\":\"09:00\",\"closes\":\"17:00\"}]},{\"@type\":\"ImageObject\",\"inLanguage\":\"tr\",\"@id\":\"https:\/\/testwebsite.citygame.com\/tr\/games\/paris\/secrets-of-paris-louvre\/#local-main-organization-logo\",\"url\":\"https:\/\/testwebsite.citygame.com\/wp-content\/blogs.dir\/1\/files\/sites\/62\/2025\/10\/CG_LOGO-City-Game.png\",\"contentUrl\":\"https:\/\/testwebsite.citygame.com\/wp-content\/blogs.dir\/1\/files\/sites\/62\/2025\/10\/CG_LOGO-City-Game.png\",\"width\":351,\"height\":377,\"caption\":\"City Game\"}]}<\/script>\n<!-- \/ Yoast SEO Premium plugin. -->","yoast_head_json":{"title":"Secrets of Paris Louvre - City Game","description":"Secrets of Paris Louvre. Kendi kendine rehberli bir \u015eehir Oyunu oynay\u0131n ve bulmacalar, bilmeceler ve g\u00f6revlerle \u015fehri ke\u015ffedin. Kendi h\u0131z\u0131n\u0131zda oynay\u0131n ve bir yerel gibi ke\u015ffedin!","robots":{"index":"noindex","follow":"follow","max-snippet":"max-snippet:-1","max-image-preview":"max-image-preview:large","max-video-preview":"max-video-preview:-1"},"og_locale":"tr_TR","og_type":"article","og_title":"Secrets of Paris Louvre","og_description":"Secrets of Paris Louvre. Kendi kendine rehberli bir \u015eehir Oyunu oynay\u0131n ve bulmacalar, bilmeceler ve g\u00f6revlerle \u015fehri ke\u015ffedin. Kendi h\u0131z\u0131n\u0131zda oynay\u0131n ve bir yerel gibi ke\u015ffedin!","og_url":"https:\/\/testwebsite.citygame.com\/tr\/games\/paris\/secrets-of-paris-louvre\/","og_site_name":"City Game","article_publisher":"https:\/\/www.facebook.com\/profile.php?id=100086426226253","article_modified_time":"2026-04-08T15:11:03+00:00","og_image":[{"width":1024,"height":1024,"url":"https:\/\/testwebsite.citygame.com\/wp-content\/blogs.dir\/1\/files\/sites\/62\/2026\/01\/woman-using-phone-app-at-musee-national-de-la-marine-paris.jpg","type":"image\/jpeg"}],"twitter_card":"summary_large_image","twitter_misc":{"Tahmini okuma s\u00fcresi":"1 dakika"},"schema":{"@context":"https:\/\/schema.org","@graph":[{"@type":"WebPage","@id":"https:\/\/testwebsite.citygame.com\/tr\/games\/paris\/secrets-of-paris-louvre\/","url":"https:\/\/testwebsite.citygame.com\/tr\/games\/paris\/secrets-of-paris-louvre\/","name":"Secrets of Paris Louvre - City Game","isPartOf":{"@id":"https:\/\/testwebsite.upevents.nl\/#website"},"primaryImageOfPage":{"@id":"https:\/\/testwebsite.citygame.com\/tr\/games\/paris\/secrets-of-paris-louvre\/#primaryimage"},"image":{"@id":"https:\/\/testwebsite.citygame.com\/tr\/games\/paris\/secrets-of-paris-louvre\/#primaryimage"},"thumbnailUrl":"https:\/\/testwebsite.citygame.com\/wp-content\/blogs.dir\/1\/files\/sites\/62\/2026\/01\/woman-using-phone-app-at-musee-national-de-la-marine-paris.jpg","datePublished":"2026-01-14T09:18:37+00:00","dateModified":"2026-04-08T15:11:03+00:00","description":"Secrets of Paris Louvre. Kendi kendine rehberli bir \u015eehir Oyunu oynay\u0131n ve bulmacalar, bilmeceler ve g\u00f6revlerle \u015fehri ke\u015ffedin. Kendi h\u0131z\u0131n\u0131zda oynay\u0131n ve bir yerel gibi ke\u015ffedin!","breadcrumb":{"@id":"https:\/\/testwebsite.citygame.com\/tr\/games\/paris\/secrets-of-paris-louvre\/#breadcrumb"},"inLanguage":"tr","potentialAction":[{"@type":"ReadAction","target":["https:\/\/testwebsite.citygame.com\/tr\/games\/paris\/secrets-of-paris-louvre\/"]}]},{"@type":"ImageObject","inLanguage":"tr","@id":"https:\/\/testwebsite.citygame.com\/tr\/games\/paris\/secrets-of-paris-louvre\/#primaryimage","url":"https:\/\/testwebsite.citygame.com\/wp-content\/blogs.dir\/1\/files\/sites\/62\/2026\/01\/woman-using-phone-app-at-musee-national-de-la-marine-paris.jpg","contentUrl":"https:\/\/testwebsite.citygame.com\/wp-content\/blogs.dir\/1\/files\/sites\/62\/2026\/01\/woman-using-phone-app-at-musee-national-de-la-marine-paris.jpg","width":1024,"height":1024,"caption":"A woman uses a mobile app while exploring the area around a historic museum in Paris."},{"@type":"BreadcrumbList","@id":"https:\/\/testwebsite.citygame.com\/tr\/games\/paris\/secrets-of-paris-louvre\/#breadcrumb","itemListElement":[{"@type":"ListItem","position":1,"name":"Home","item":"https:\/\/testwebsite.citygame.com\/tr\/"},{"@type":"ListItem","position":2,"name":"Shop","item":"https:\/\/testwebsite.citygame.com\/shop\/"},{"@type":"ListItem","position":3,"name":"Secrets of Paris Louvre"}]},{"@type":"WebSite","@id":"https:\/\/testwebsite.upevents.nl\/#website","url":"https:\/\/testwebsite.upevents.nl\/","name":"City Game","description":"","publisher":{"@id":"https:\/\/testwebsite.upevents.nl\/#organization"},"alternateName":"citygame.com","potentialAction":[{"@type":"SearchAction","target":{"@type":"EntryPoint","urlTemplate":"https:\/\/testwebsite.upevents.nl\/?s={search_term_string}"},"query-input":{"@type":"PropertyValueSpecification","valueRequired":true,"valueName":"search_term_string"}}],"inLanguage":"tr"},{"@type":["Organization","Place"],"@id":"https:\/\/testwebsite.upevents.nl\/#organization","name":"City Game","alternateName":"citygame.com","url":"https:\/\/testwebsite.upevents.nl\/","logo":{"@id":"https:\/\/testwebsite.citygame.com\/tr\/games\/paris\/secrets-of-paris-louvre\/#local-main-organization-logo"},"image":{"@id":"https:\/\/testwebsite.citygame.com\/tr\/games\/paris\/secrets-of-paris-louvre\/#local-main-organization-logo"},"sameAs":["https:\/\/www.facebook.com\/profile.php?id=100086426226253","https:\/\/www.instagram.com\/citygame_com","https:\/\/www.tiktok.com\/@citygamecom\/","https:\/\/www.linkedin.com\/company\/citygame-com"],"description":"Turn any city into a playground with our interactive City Games and self-guided tours. Fun, flexible, and ideal for groups and team building.","telephone":[],"openingHoursSpecification":[{"@type":"OpeningHoursSpecification","dayOfWeek":["Monday","Tuesday","Wednesday","Thursday","Friday","Saturday","Sunday"],"opens":"09:00","closes":"17:00"}]},{"@type":"ImageObject","inLanguage":"tr","@id":"https:\/\/testwebsite.citygame.com\/tr\/games\/paris\/secrets-of-paris-louvre\/#local-main-organization-logo","url":"https:\/\/testwebsite.citygame.com\/wp-content\/blogs.dir\/1\/files\/sites\/62\/2025\/10\/CG_LOGO-City-Game.png","contentUrl":"https:\/\/testwebsite.citygame.com\/wp-content\/blogs.dir\/1\/files\/sites\/62\/2025\/10\/CG_LOGO-City-Game.png","width":351,"height":377,"caption":"City Game"}]}},"taxonomy_info":{"game-concept":[{"value":732,"label":"Secrets"}],"location":[{"value":317,"label":"Paris"}],"product_cat":[{"value":27,"label":"Geen categorie"}]},"featured_image_src_large":["https:\/\/testwebsite.citygame.com\/wp-content\/blogs.dir\/1\/files\/sites\/62\/2026\/01\/woman-using-phone-app-at-musee-national-de-la-marine-paris.jpg",1024,1024,false],"author_info":[],"comment_info":"","_links":{"self":[{"href":"https:\/\/testwebsite.citygame.com\/tr\/wp-json\/wp\/v2\/product\/65024","targetHints":{"allow":["GET"]}}],"collection":[{"href":"https:\/\/testwebsite.citygame.com\/tr\/wp-json\/wp\/v2\/product"}],"about":[{"href":"https:\/\/testwebsite.citygame.com\/tr\/wp-json\/wp\/v2\/types\/product"}],"acf:post":[{"embeddable":true,"href":"https:\/\/testwebsite.citygame.com\/tr\/wp-json\/wp\/v2\/pages\/7295"}],"wp:featuredmedia":[{"embeddable":true,"href":"https:\/\/testwebsite.citygame.com\/tr\/wp-json\/wp\/v2\/media\/4003"}],"wp:attachment":[{"href":"https:\/\/testwebsite.citygame.com\/tr\/wp-json\/wp\/v2\/media?parent=65024"}],"wp:term":[{"taxonomy":"game-concept","embeddable":true,"href":"https:\/\/testwebsite.citygame.com\/tr\/wp-json\/wp\/v2\/game-concept?post=65024"},{"taxonomy":"location","embeddable":true,"href":"https:\/\/testwebsite.citygame.com\/tr\/wp-json\/wp\/v2\/location?post=65024"},{"taxonomy":"product_brand","embeddable":true,"href":"https:\/\/testwebsite.citygame.com\/tr\/wp-json\/wp\/v2\/product_brand?post=65024"},{"taxonomy":"product_cat","embeddable":true,"href":"https:\/\/testwebsite.citygame.com\/tr\/wp-json\/wp\/v2\/product_cat?post=65024"},{"taxonomy":"product_tag","embeddable":true,"href":"https:\/\/testwebsite.citygame.com\/tr\/wp-json\/wp\/v2\/product_tag?post=65024"}],"curies":[{"name":"wp","href":"https:\/\/api.w.org\/{rel}","templated":true}]}}