{"id":63044,"date":"2026-03-12T17:46:40","date_gmt":"2026-03-12T17:46:40","guid":{"rendered":"https:\/\/testwebsite.citygame.com\/games\/unknown-location\/secrets-of-sydney\/"},"modified":"2026-04-08T10:52:08","modified_gmt":"2026-04-08T10:52:08","slug":"secrets-of-sydney","status":"publish","type":"product","link":"https:\/\/testwebsite.citygame.com\/tr\/games\/sydney\/secrets-of-sydney\/","title":{"rendered":"Secrets of Sydney"},"content":{"rendered":"<p>Kendi kendine rehberli, GPS tabanl\u0131 \u015eehir Oyunumuz Sydney ile Sydney&#8217;in gizemlerini e\u015fsiz ve heyecan verici bir \u015fekilde ortaya \u00e7\u0131kar. Seni Sydney&#8217;in hareketli \u015fehir merkezine ta\u015f\u0131mak \u00fczere tasarlanan bu ke\u015fif oyunu, ilgi \u00e7ekici bulmacalar, s\u00fcr\u00fckleyici bilmeceler ve e\u011flenceli foto\u011fraf g\u00f6revleriyle dolu s\u00fcr\u00fckleyici bir yolculu\u011fu m\u00fcmk\u00fcn k\u0131lar. Kendi ak\u0131ll\u0131 telefonunu kullanarak, \u015fehrin tarihine ve k\u00fclt\u00fcr\u00fcne dalacak, bir yandan da ilgi \u00e7ekici gizli detaylar\u0131 ke\u015ffedeceksin. Bu e\u011flenceli \u015fehir oyunu, Sydney&#8217;i yeni bir bak\u0131\u015f a\u00e7\u0131s\u0131yla g\u00f6rmek isteyen hem yerel halk hem de turistler i\u00e7in m\u00fckemmeldir. \u0130ster tek ba\u015f\u0131na bir ka\u015fif ol, ister ailenle, sevdiklerinle veya arkada\u015f grubunla birlikte olmay\u0131 tercih et, oyunumuz herkes i\u00e7in zenginle\u015ftirici bir deneyim sunar.<\/p>\n","protected":false},"excerpt":{"rendered":"<p>Sydney&#8217;in Co\u015fkusunu ve Ruhunu Ke\u015ffet! Antik Aborjin miras\u0131n\u0131n f\u00fct\u00fcristik sil\u00fcetle i\u00e7 i\u00e7e ge\u00e7ti\u011fi, havada deniz tuzu ve okalipt\u00fcs kokusunun yo\u011fun oldu\u011fu bir \u015fehre dal. Parlak \u00e7ekirde\u011finde gezinirken gizemleri \u00e7\u00f6z, Sydney her k\u00f6\u015fede beklenmedik harikalarla dolu!<\/p>\n","protected":false},"featured_media":46109,"template":"","meta":{"_acf_changed":false,"_yoast_wpseo_focuskw":"Secrets of Sydney","_yoast_wpseo_metadesc":"Secrets of Sydney. Kendi kendine rehberli bir \u015eehir Oyunu oyna ve bulmacalar, bilmeceler ve g\u00f6revler arac\u0131l\u0131\u011f\u0131yla \u015fehri ke\u015ffet. Kendi h\u0131z\u0131nda oyna ve bir yerel gibi ke\u015ffet!","_kad_blocks_custom_css":"","_kad_blocks_head_custom_js":"","_kad_blocks_body_custom_js":"","_kad_blocks_footer_custom_js":"","ghostkit_customizer_options":"","ghostkit_custom_css":"","ghostkit_custom_js_head":"","ghostkit_custom_js_foot":"","ghostkit_typography":"","_kad_post_transparent":"","_kad_post_title":"","_kad_post_layout":"","_kad_post_sidebar_id":"","_kad_post_content_style":"","_kad_post_vertical_padding":"","_kad_post_feature":"","_kad_post_feature_position":"","_kad_post_header":false,"_kad_post_footer":false,"_kad_post_classname":"","_links_to":"","_links_to_target":""},"game-concept":[732],"location":[385],"product_brand":[],"product_cat":[27],"product_tag":[],"class_list":{"0":"post-63044","1":"product","2":"type-product","3":"status-publish","4":"has-post-thumbnail","6":"game-concept-secrets","7":"location-sydney","8":"product_cat-geen-categorie","10":"first","11":"instock","12":"shipping-taxable","13":"purchasable","14":"product-type-simple","15":"entry","16":"content-bg","17":"loop-entry"},"acf":{"full_bokun_product_name":"Self-Guided Secrets of Sydney Exploration Game","location_name":"Sydney","bokun_calendar_widget_code":"<script type=\"text\/javascript\" src=\"https:\/\/widgets.bokun.io\/assets\/javascripts\/apps\/build\/BokunWidgetsLoader.js?bookingChannelUUID=a1e93e96-5232-4734-a595-28405f4b5a31\" async><\/script>\n     \n    <div class=\"bokunWidget\" data-src=\"https:\/\/widgets.bokun.io\/online-sales\/a1e93e96-5232-4734-a595-28405f4b5a31\/experience-calendar\/866589\"><\/div>\n    <noscript>Please enable javascript in your browser to book<\/noscript>","bokun_button_widget_code":"<script type=\"text\/javascript\" src=\"https:\/\/widgets.bokun.io\/assets\/javascripts\/apps\/build\/BokunWidgetsLoader.js?bookingChannelUUID=a1e93e96-5232-4734-a595-28405f4b5a31\" async><\/script>\n      <style> #bokun_ed001e45_5927_4f62_b470_ca766338d083 { display: inline-block; padding: .4em 1em; background: #47b82e; border-radius: 999999px; box-shadow: none; font-weight: 600; font-size: 24px; text-decoration: none; text-align: center; color: #FFFFFF; border:none; cursor: pointer; transition: background .2s ease; } #bokun_ed001e45_5927_4f62_b470_ca766338d083:hover{ background: #2f7b1f; } #bokun_ed001e45_5927_4f62_b470_ca766338d083:active{ background: #378f24; } <\/style> <button class=\"bokunButton\" disabled id=bokun_ed001e45_5927_4f62_b470_ca766338d083 data-src=\"https:\/\/widgets.bokun.io\/online-sales\/a1e93e96-5232-4734-a595-28405f4b5a31\/experience-calendar\/866589?partialView=1\" data-testid=\"widget-book-button\" > Book now <\/button> ","what_you\u2019ll_experience_during_the_game":"Benzersiz bir gezi ve s\u00fcr\u00fckleyici oyun deneyimi kar\u0131\u015f\u0131m\u0131yla kendini Sydney'in canl\u0131 k\u00fclt\u00fcr\u00fcne b\u0131rak. The Secrets of Sydney City Game, seni bu liman \u015fehrinin hem ikonik hem de gizli m\u00fccevherleri aras\u0131nda b\u00fcy\u00fcleyici bir yolculu\u011fa \u00e7\u0131kar\u0131r. Sydney'in muhte\u015fem sil\u00fceti fonunda ge\u00e7en heyecan verici bir ke\u015fif oyununa dalm\u0131\u015fken, Darling Harbour'\u0131n hareketli sokaklar\u0131nda yolunu bul, Sydney Opera House'un mimari dehas\u0131na hayran kal ve The Rocks'\u0131n \u015firin dar sokaklar\u0131nda dola\u015f. Bu dinamik manzaral\u0131 yolculuk, Sydney'in kalbini ve ruhunu yakalar, tarihini, k\u00fclt\u00fcr\u00fcn\u00fc ve kendine \u00f6zg\u00fc simge yap\u0131lar\u0131n\u0131 ayd\u0131nlat\u0131r, geleneksel \u015fehir turlar\u0131n\u0131 a\u015fan canl\u0131 bir deneyim yarat\u0131r. \n\nOyuna dald\u0131\u011f\u0131nda, yarat\u0131c\u0131l\u0131\u011f\u0131n\u0131 ve problem \u00e7\u00f6zme becerilerini esnetmeye haz\u0131r ol. Bulmacalar\u0131 \u00e7\u00f6zmek, ilgi \u00e7ekici sorular\u0131 yan\u0131tlamak ve cazip foto\u011fraf g\u00f6revlerini ba\u015far\u0131yla tamamlamak, bu heyecan verici deneyimin bir par\u00e7as\u0131d\u0131r. Bu s\u00fcr\u00fckleyici g\u00f6revler sadece e\u011flenceden ibaret de\u011fil - seni puan kazanmaya, \u00f6nemli ipu\u00e7lar\u0131n\u0131 a\u00e7maya ve nihai b\u00fcy\u00fcleyici bir gizemi \u00e7\u00f6zmeye daha da yakla\u015ft\u0131racaklar. Oyun, \u00fcst\u00fcn kolayl\u0131k i\u00e7in tasarland\u0131 - ke\u015ffini istedi\u011fin noktada duraklat ve macerana diledi\u011fin zaman devam et. Rekabet\u00e7i macerac\u0131lar i\u00e7in, di\u011fer oyuncularla zekan\u0131 yar\u0131\u015ft\u0131r\u0131rken liderlik tablosuna t\u0131rmanmay\u0131 hedefle. Bu Secrets of Sydney City Game, Sydney'in canl\u0131 atmosferini deneyimlemek i\u00e7in farkl\u0131, interaktif bir yol sunar.","how_to_play":"Ke\u015fif Oyununu ay\u0131rt, sana g\u00f6nderece\u011fimiz basit talimatlar\u0131 i\u00e7eren e-postay\u0131 kontrol et, Loquiz Uygulamas\u0131n\u0131 indir, Ke\u015fif Oyununa eri\u015f ve oyun deneyimine ba\u015flamaya haz\u0131rs\u0131n!","start_location":"Sydney, Archibald Memorial Fountain","available_languages":["en"],"players_per_group":"1-4","duration":"1.5-2 hours","image_overlay_color_image":"https:\/\/testwebsite.citygame.com\/wp-content\/blogs.dir\/1\/files\/sites\/62\/2026\/01\/SecretsColor.svg","image_overlay_game_logo":"https:\/\/testwebsite.citygame.com\/wp-content\/blogs.dir\/1\/files\/sites\/62\/2026\/01\/SecretsLogo.png","city_page":14164,"woocommerce_general_content":null},"yoast_head":"<!-- This site is optimized with the Yoast SEO Premium plugin v26.2 (Yoast SEO v26.3) - https:\/\/yoast.com\/wordpress\/plugins\/seo\/ -->\n<title>Secrets of Sydney - City Game<\/title>\n<meta name=\"description\" content=\"Secrets of Sydney. Kendi kendine rehberli bir \u015eehir Oyunu oyna ve bulmacalar, bilmeceler ve g\u00f6revler arac\u0131l\u0131\u011f\u0131yla \u015fehri ke\u015ffet. Kendi h\u0131z\u0131nda oyna ve bir yerel gibi ke\u015ffet!\" \/>\n<meta name=\"robots\" content=\"noindex, follow, max-snippet:-1, max-image-preview:large, max-video-preview:-1\" \/>\n<meta property=\"og:locale\" content=\"tr_TR\" \/>\n<meta property=\"og:type\" content=\"article\" \/>\n<meta property=\"og:title\" content=\"Secrets of Sydney\" \/>\n<meta property=\"og:description\" content=\"Secrets of Sydney. Kendi kendine rehberli bir \u015eehir Oyunu oyna ve bulmacalar, bilmeceler ve g\u00f6revler arac\u0131l\u0131\u011f\u0131yla \u015fehri ke\u015ffet. Kendi h\u0131z\u0131nda oyna ve bir yerel gibi ke\u015ffet!\" \/>\n<meta property=\"og:url\" content=\"https:\/\/testwebsite.citygame.com\/tr\/games\/sydney\/secrets-of-sydney\/\" \/>\n<meta property=\"og:site_name\" content=\"City Game\" \/>\n<meta property=\"article:publisher\" content=\"https:\/\/www.facebook.com\/profile.php?id=100086426226253\" \/>\n<meta property=\"article:modified_time\" content=\"2026-04-08T10:52:08+00:00\" \/>\n<meta property=\"og:image\" content=\"https:\/\/testwebsite.citygame.com\/wp-content\/blogs.dir\/1\/files\/sites\/62\/2026\/03\/sydney-players-st-marys-cathedral-city-game.jpg\" \/>\n\t<meta property=\"og:image:width\" content=\"1024\" \/>\n\t<meta property=\"og:image:height\" content=\"1024\" \/>\n\t<meta property=\"og:image:type\" content=\"image\/jpeg\" \/>\n<meta name=\"twitter:card\" content=\"summary_large_image\" \/>\n<meta name=\"twitter:label1\" content=\"Tahmini okuma s\u00fcresi\" \/>\n\t<meta name=\"twitter:data1\" content=\"1 dakika\" \/>\n<script type=\"application\/ld+json\" class=\"yoast-schema-graph\">{\"@context\":\"https:\/\/schema.org\",\"@graph\":[{\"@type\":\"WebPage\",\"@id\":\"https:\/\/testwebsite.citygame.com\/tr\/games\/sydney\/secrets-of-sydney\/\",\"url\":\"https:\/\/testwebsite.citygame.com\/tr\/games\/sydney\/secrets-of-sydney\/\",\"name\":\"Secrets of Sydney - City Game\",\"isPartOf\":{\"@id\":\"https:\/\/testwebsite.upevents.nl\/#website\"},\"primaryImageOfPage\":{\"@id\":\"https:\/\/testwebsite.citygame.com\/tr\/games\/sydney\/secrets-of-sydney\/#primaryimage\"},\"image\":{\"@id\":\"https:\/\/testwebsite.citygame.com\/tr\/games\/sydney\/secrets-of-sydney\/#primaryimage\"},\"thumbnailUrl\":\"https:\/\/testwebsite.citygame.com\/wp-content\/blogs.dir\/1\/files\/sites\/62\/2026\/03\/sydney-players-st-marys-cathedral-city-game.jpg\",\"datePublished\":\"2026-03-12T17:46:40+00:00\",\"dateModified\":\"2026-04-08T10:52:08+00:00\",\"description\":\"Secrets of Sydney. Kendi kendine rehberli bir \u015eehir Oyunu oyna ve bulmacalar, bilmeceler ve g\u00f6revler arac\u0131l\u0131\u011f\u0131yla \u015fehri ke\u015ffet. Kendi h\u0131z\u0131nda oyna ve bir yerel gibi ke\u015ffet!\",\"breadcrumb\":{\"@id\":\"https:\/\/testwebsite.citygame.com\/tr\/games\/sydney\/secrets-of-sydney\/#breadcrumb\"},\"inLanguage\":\"tr\",\"potentialAction\":[{\"@type\":\"ReadAction\",\"target\":[\"https:\/\/testwebsite.citygame.com\/tr\/games\/sydney\/secrets-of-sydney\/\"]}]},{\"@type\":\"ImageObject\",\"inLanguage\":\"tr\",\"@id\":\"https:\/\/testwebsite.citygame.com\/tr\/games\/sydney\/secrets-of-sydney\/#primaryimage\",\"url\":\"https:\/\/testwebsite.citygame.com\/wp-content\/blogs.dir\/1\/files\/sites\/62\/2026\/03\/sydney-players-st-marys-cathedral-city-game.jpg\",\"contentUrl\":\"https:\/\/testwebsite.citygame.com\/wp-content\/blogs.dir\/1\/files\/sites\/62\/2026\/03\/sydney-players-st-marys-cathedral-city-game.jpg\",\"width\":1024,\"height\":1024,\"caption\":\"A group of friends playing a city game together in a sunny plaza in Sydney.\"},{\"@type\":\"BreadcrumbList\",\"@id\":\"https:\/\/testwebsite.citygame.com\/tr\/games\/sydney\/secrets-of-sydney\/#breadcrumb\",\"itemListElement\":[{\"@type\":\"ListItem\",\"position\":1,\"name\":\"Home\",\"item\":\"https:\/\/testwebsite.citygame.com\/tr\/\"},{\"@type\":\"ListItem\",\"position\":2,\"name\":\"Shop\",\"item\":\"https:\/\/testwebsite.citygame.com\/shop\/\"},{\"@type\":\"ListItem\",\"position\":3,\"name\":\"Secrets of Sydney\"}]},{\"@type\":\"WebSite\",\"@id\":\"https:\/\/testwebsite.upevents.nl\/#website\",\"url\":\"https:\/\/testwebsite.upevents.nl\/\",\"name\":\"City Game\",\"description\":\"\",\"publisher\":{\"@id\":\"https:\/\/testwebsite.upevents.nl\/#organization\"},\"alternateName\":\"citygame.com\",\"potentialAction\":[{\"@type\":\"SearchAction\",\"target\":{\"@type\":\"EntryPoint\",\"urlTemplate\":\"https:\/\/testwebsite.upevents.nl\/?s={search_term_string}\"},\"query-input\":{\"@type\":\"PropertyValueSpecification\",\"valueRequired\":true,\"valueName\":\"search_term_string\"}}],\"inLanguage\":\"tr\"},{\"@type\":[\"Organization\",\"Place\"],\"@id\":\"https:\/\/testwebsite.upevents.nl\/#organization\",\"name\":\"City Game\",\"alternateName\":\"citygame.com\",\"url\":\"https:\/\/testwebsite.upevents.nl\/\",\"logo\":{\"@id\":\"https:\/\/testwebsite.citygame.com\/tr\/games\/sydney\/secrets-of-sydney\/#local-main-organization-logo\"},\"image\":{\"@id\":\"https:\/\/testwebsite.citygame.com\/tr\/games\/sydney\/secrets-of-sydney\/#local-main-organization-logo\"},\"sameAs\":[\"https:\/\/www.facebook.com\/profile.php?id=100086426226253\",\"https:\/\/www.instagram.com\/citygame_com\",\"https:\/\/www.tiktok.com\/@citygamecom\/\",\"https:\/\/www.linkedin.com\/company\/citygame-com\"],\"description\":\"Turn any city into a playground with our interactive City Games and self-guided tours. Fun, flexible, and ideal for groups and team building.\",\"telephone\":[],\"openingHoursSpecification\":[{\"@type\":\"OpeningHoursSpecification\",\"dayOfWeek\":[\"Monday\",\"Tuesday\",\"Wednesday\",\"Thursday\",\"Friday\",\"Saturday\",\"Sunday\"],\"opens\":\"09:00\",\"closes\":\"17:00\"}]},{\"@type\":\"ImageObject\",\"inLanguage\":\"tr\",\"@id\":\"https:\/\/testwebsite.citygame.com\/tr\/games\/sydney\/secrets-of-sydney\/#local-main-organization-logo\",\"url\":\"https:\/\/testwebsite.citygame.com\/wp-content\/blogs.dir\/1\/files\/sites\/62\/2025\/10\/CG_LOGO-City-Game.png\",\"contentUrl\":\"https:\/\/testwebsite.citygame.com\/wp-content\/blogs.dir\/1\/files\/sites\/62\/2025\/10\/CG_LOGO-City-Game.png\",\"width\":351,\"height\":377,\"caption\":\"City Game\"}]}<\/script>\n<!-- \/ Yoast SEO Premium plugin. -->","yoast_head_json":{"title":"Secrets of Sydney - City Game","description":"Secrets of Sydney. Kendi kendine rehberli bir \u015eehir Oyunu oyna ve bulmacalar, bilmeceler ve g\u00f6revler arac\u0131l\u0131\u011f\u0131yla \u015fehri ke\u015ffet. Kendi h\u0131z\u0131nda oyna ve bir yerel gibi ke\u015ffet!","robots":{"index":"noindex","follow":"follow","max-snippet":"max-snippet:-1","max-image-preview":"max-image-preview:large","max-video-preview":"max-video-preview:-1"},"og_locale":"tr_TR","og_type":"article","og_title":"Secrets of Sydney","og_description":"Secrets of Sydney. Kendi kendine rehberli bir \u015eehir Oyunu oyna ve bulmacalar, bilmeceler ve g\u00f6revler arac\u0131l\u0131\u011f\u0131yla \u015fehri ke\u015ffet. Kendi h\u0131z\u0131nda oyna ve bir yerel gibi ke\u015ffet!","og_url":"https:\/\/testwebsite.citygame.com\/tr\/games\/sydney\/secrets-of-sydney\/","og_site_name":"City Game","article_publisher":"https:\/\/www.facebook.com\/profile.php?id=100086426226253","article_modified_time":"2026-04-08T10:52:08+00:00","og_image":[{"width":1024,"height":1024,"url":"https:\/\/testwebsite.citygame.com\/wp-content\/blogs.dir\/1\/files\/sites\/62\/2026\/03\/sydney-players-st-marys-cathedral-city-game.jpg","type":"image\/jpeg"}],"twitter_card":"summary_large_image","twitter_misc":{"Tahmini okuma s\u00fcresi":"1 dakika"},"schema":{"@context":"https:\/\/schema.org","@graph":[{"@type":"WebPage","@id":"https:\/\/testwebsite.citygame.com\/tr\/games\/sydney\/secrets-of-sydney\/","url":"https:\/\/testwebsite.citygame.com\/tr\/games\/sydney\/secrets-of-sydney\/","name":"Secrets of Sydney - City Game","isPartOf":{"@id":"https:\/\/testwebsite.upevents.nl\/#website"},"primaryImageOfPage":{"@id":"https:\/\/testwebsite.citygame.com\/tr\/games\/sydney\/secrets-of-sydney\/#primaryimage"},"image":{"@id":"https:\/\/testwebsite.citygame.com\/tr\/games\/sydney\/secrets-of-sydney\/#primaryimage"},"thumbnailUrl":"https:\/\/testwebsite.citygame.com\/wp-content\/blogs.dir\/1\/files\/sites\/62\/2026\/03\/sydney-players-st-marys-cathedral-city-game.jpg","datePublished":"2026-03-12T17:46:40+00:00","dateModified":"2026-04-08T10:52:08+00:00","description":"Secrets of Sydney. Kendi kendine rehberli bir \u015eehir Oyunu oyna ve bulmacalar, bilmeceler ve g\u00f6revler arac\u0131l\u0131\u011f\u0131yla \u015fehri ke\u015ffet. Kendi h\u0131z\u0131nda oyna ve bir yerel gibi ke\u015ffet!","breadcrumb":{"@id":"https:\/\/testwebsite.citygame.com\/tr\/games\/sydney\/secrets-of-sydney\/#breadcrumb"},"inLanguage":"tr","potentialAction":[{"@type":"ReadAction","target":["https:\/\/testwebsite.citygame.com\/tr\/games\/sydney\/secrets-of-sydney\/"]}]},{"@type":"ImageObject","inLanguage":"tr","@id":"https:\/\/testwebsite.citygame.com\/tr\/games\/sydney\/secrets-of-sydney\/#primaryimage","url":"https:\/\/testwebsite.citygame.com\/wp-content\/blogs.dir\/1\/files\/sites\/62\/2026\/03\/sydney-players-st-marys-cathedral-city-game.jpg","contentUrl":"https:\/\/testwebsite.citygame.com\/wp-content\/blogs.dir\/1\/files\/sites\/62\/2026\/03\/sydney-players-st-marys-cathedral-city-game.jpg","width":1024,"height":1024,"caption":"A group of friends playing a city game together in a sunny plaza in Sydney."},{"@type":"BreadcrumbList","@id":"https:\/\/testwebsite.citygame.com\/tr\/games\/sydney\/secrets-of-sydney\/#breadcrumb","itemListElement":[{"@type":"ListItem","position":1,"name":"Home","item":"https:\/\/testwebsite.citygame.com\/tr\/"},{"@type":"ListItem","position":2,"name":"Shop","item":"https:\/\/testwebsite.citygame.com\/shop\/"},{"@type":"ListItem","position":3,"name":"Secrets of Sydney"}]},{"@type":"WebSite","@id":"https:\/\/testwebsite.upevents.nl\/#website","url":"https:\/\/testwebsite.upevents.nl\/","name":"City Game","description":"","publisher":{"@id":"https:\/\/testwebsite.upevents.nl\/#organization"},"alternateName":"citygame.com","potentialAction":[{"@type":"SearchAction","target":{"@type":"EntryPoint","urlTemplate":"https:\/\/testwebsite.upevents.nl\/?s={search_term_string}"},"query-input":{"@type":"PropertyValueSpecification","valueRequired":true,"valueName":"search_term_string"}}],"inLanguage":"tr"},{"@type":["Organization","Place"],"@id":"https:\/\/testwebsite.upevents.nl\/#organization","name":"City Game","alternateName":"citygame.com","url":"https:\/\/testwebsite.upevents.nl\/","logo":{"@id":"https:\/\/testwebsite.citygame.com\/tr\/games\/sydney\/secrets-of-sydney\/#local-main-organization-logo"},"image":{"@id":"https:\/\/testwebsite.citygame.com\/tr\/games\/sydney\/secrets-of-sydney\/#local-main-organization-logo"},"sameAs":["https:\/\/www.facebook.com\/profile.php?id=100086426226253","https:\/\/www.instagram.com\/citygame_com","https:\/\/www.tiktok.com\/@citygamecom\/","https:\/\/www.linkedin.com\/company\/citygame-com"],"description":"Turn any city into a playground with our interactive City Games and self-guided tours. Fun, flexible, and ideal for groups and team building.","telephone":[],"openingHoursSpecification":[{"@type":"OpeningHoursSpecification","dayOfWeek":["Monday","Tuesday","Wednesday","Thursday","Friday","Saturday","Sunday"],"opens":"09:00","closes":"17:00"}]},{"@type":"ImageObject","inLanguage":"tr","@id":"https:\/\/testwebsite.citygame.com\/tr\/games\/sydney\/secrets-of-sydney\/#local-main-organization-logo","url":"https:\/\/testwebsite.citygame.com\/wp-content\/blogs.dir\/1\/files\/sites\/62\/2025\/10\/CG_LOGO-City-Game.png","contentUrl":"https:\/\/testwebsite.citygame.com\/wp-content\/blogs.dir\/1\/files\/sites\/62\/2025\/10\/CG_LOGO-City-Game.png","width":351,"height":377,"caption":"City Game"}]}},"taxonomy_info":{"game-concept":[{"value":732,"label":"Secrets"}],"location":[{"value":385,"label":"Sydney"}],"product_cat":[{"value":27,"label":"Geen categorie"}]},"featured_image_src_large":["https:\/\/testwebsite.citygame.com\/wp-content\/blogs.dir\/1\/files\/sites\/62\/2026\/03\/sydney-players-st-marys-cathedral-city-game.jpg",1024,1024,false],"author_info":[],"comment_info":"","_links":{"self":[{"href":"https:\/\/testwebsite.citygame.com\/tr\/wp-json\/wp\/v2\/product\/63044","targetHints":{"allow":["GET"]}}],"collection":[{"href":"https:\/\/testwebsite.citygame.com\/tr\/wp-json\/wp\/v2\/product"}],"about":[{"href":"https:\/\/testwebsite.citygame.com\/tr\/wp-json\/wp\/v2\/types\/product"}],"acf:post":[{"embeddable":true,"href":"https:\/\/testwebsite.citygame.com\/tr\/wp-json\/wp\/v2\/pages\/14164"}],"wp:featuredmedia":[{"embeddable":true,"href":"https:\/\/testwebsite.citygame.com\/tr\/wp-json\/wp\/v2\/media\/46109"}],"wp:attachment":[{"href":"https:\/\/testwebsite.citygame.com\/tr\/wp-json\/wp\/v2\/media?parent=63044"}],"wp:term":[{"taxonomy":"game-concept","embeddable":true,"href":"https:\/\/testwebsite.citygame.com\/tr\/wp-json\/wp\/v2\/game-concept?post=63044"},{"taxonomy":"location","embeddable":true,"href":"https:\/\/testwebsite.citygame.com\/tr\/wp-json\/wp\/v2\/location?post=63044"},{"taxonomy":"product_brand","embeddable":true,"href":"https:\/\/testwebsite.citygame.com\/tr\/wp-json\/wp\/v2\/product_brand?post=63044"},{"taxonomy":"product_cat","embeddable":true,"href":"https:\/\/testwebsite.citygame.com\/tr\/wp-json\/wp\/v2\/product_cat?post=63044"},{"taxonomy":"product_tag","embeddable":true,"href":"https:\/\/testwebsite.citygame.com\/tr\/wp-json\/wp\/v2\/product_tag?post=63044"}],"curies":[{"name":"wp","href":"https:\/\/api.w.org\/{rel}","templated":true}]}}