{"id":62906,"date":"2026-01-27T15:21:48","date_gmt":"2026-01-27T15:21:48","guid":{"rendered":"https:\/\/testwebsite.citygame.com\/games\/unknown-location\/secrets-of-hanoi\/"},"modified":"2026-04-08T10:36:07","modified_gmt":"2026-04-08T10:36:07","slug":"secrets-of-hanoi","status":"publish","type":"product","link":"https:\/\/testwebsite.citygame.com\/tr\/games\/hanoi\/secrets-of-hanoi\/","title":{"rendered":"Secrets of Hanoi"},"content":{"rendered":"<p>\u015eehir Oyunu Hanoi, Hanoi&#8217;nin tarihi merkezinde ger\u00e7ekle\u015fen, kendi kendine rehberli bir \u015fehir oyunudur. Ak\u0131ll\u0131 telefonunuzu kullanarak, bulmacalar\u0131, bilmeceleri ve foto\u011fraf g\u00f6revlerini \u00e7\u00f6zerek sizi sokaklarda gezdiren GPS tabanl\u0131 bir oyun rotas\u0131n\u0131 takip edeceksiniz. Bu ke\u015fif oyunu, \u015fehrin tarihi, k\u00fclt\u00fcr\u00fc ve az bilinen detaylar\u0131 hakk\u0131nda kendi h\u0131z\u0131n\u0131zda bilgi edinmek i\u00e7in e\u015fsiz bir yol sunar. Ziyaret\u00e7iler ve yerel halk taraf\u0131ndan, ister yaln\u0131z, ister partnerinizle, ailenizle veya arkada\u015f grubunuzla ke\u015ffedin, keyif alacak \u015fekilde tasarlanm\u0131\u015ft\u0131r. Deneyim, dijital etkile\u015fimi ger\u00e7ek d\u00fcnya ke\u015ffiyle birle\u015ftirerek Hanoi&#8217;yi ilgi \u00e7ekici bir \u015fekilde hayata ge\u00e7irir.<\/p>\n","protected":false},"excerpt":{"rendered":"<p>Hanoi&#8217;nin Gizli Miras\u0131n\u0131 Ke\u015ffedin! Hoan Kiem G\u00f6l\u00fc&#8217;n\u00fcn huzurlu g\u00fczelli\u011finden Eski Mahalle&#8217;nin hareketli sokaklar\u0131n\u0131n canl\u0131l\u0131\u011f\u0131na kadar, antik gelene\u011fin modern \u00e7ekicilikle kusursuz bir \u015fekilde harmanland\u0131\u011f\u0131 bir \u015fehri ke\u015ffedin. Hanoi&#8217;yi ke\u015ffederken gizemi \u00e7\u00f6z\u00fcn, s\u00fcrprizlerle ve keyiflerle dolu bir \u015fehir sizi bekliyor!<\/p>\n","protected":false},"featured_media":5320,"template":"","meta":{"_acf_changed":false,"_yoast_wpseo_focuskw":"Secrets of Hanoi","_yoast_wpseo_metadesc":"Secrets of Hanoi. Kendi kendine rehberli bir \u015eehir Oyunu oynay\u0131n ve bulmacalar, bilmeceler ve g\u00f6revlerle \u015fehri ke\u015ffedin. Kendi h\u0131z\u0131n\u0131zda oynay\u0131n ve bir yerel gibi ke\u015ffedin!","_kad_blocks_custom_css":"","_kad_blocks_head_custom_js":"","_kad_blocks_body_custom_js":"","_kad_blocks_footer_custom_js":"","ghostkit_customizer_options":"","ghostkit_custom_css":"","ghostkit_custom_js_head":"","ghostkit_custom_js_foot":"","ghostkit_typography":"","_kad_post_transparent":"","_kad_post_title":"","_kad_post_layout":"","_kad_post_sidebar_id":"","_kad_post_content_style":"","_kad_post_vertical_padding":"","_kad_post_feature":"","_kad_post_feature_position":"","_kad_post_header":false,"_kad_post_footer":false,"_kad_post_classname":"","_links_to":"","_links_to_target":""},"game-concept":[732],"location":[191],"product_brand":[],"product_cat":[27],"product_tag":[],"class_list":{"0":"post-62906","1":"product","2":"type-product","3":"status-publish","4":"has-post-thumbnail","6":"game-concept-secrets","7":"location-hanoi","8":"product_cat-geen-categorie","10":"first","11":"instock","12":"shipping-taxable","13":"purchasable","14":"product-type-simple","15":"entry","16":"content-bg","17":"loop-entry"},"acf":{"full_bokun_product_name":"Self-Guided Secrets of Hanoi Exploration Game","location_name":"Hanoi","bokun_calendar_widget_code":"<script type=\"text\/javascript\" src=\"https:\/\/widgets.bokun.io\/assets\/javascripts\/apps\/build\/BokunWidgetsLoader.js?bookingChannelUUID=a1e93e96-5232-4734-a595-28405f4b5a31\" async><\/script>\n     \n    <div class=\"bokunWidget\" data-src=\"https:\/\/widgets.bokun.io\/online-sales\/a1e93e96-5232-4734-a595-28405f4b5a31\/experience-calendar\/864837\"><\/div>\n    <noscript>Please enable javascript in your browser to book<\/noscript>","bokun_button_widget_code":"<script type=\"text\/javascript\" src=\"https:\/\/widgets.bokun.io\/assets\/javascripts\/apps\/build\/BokunWidgetsLoader.js?bookingChannelUUID=a1e93e96-5232-4734-a595-28405f4b5a31\" async><\/script>\n      <style> #bokun_ed001e45_5927_4f62_b470_ca766338d083 { display: inline-block; padding: .4em 1em; background: #47b82e; border-radius: 999999px; box-shadow: none; font-weight: 600; font-size: 24px; text-decoration: none; text-align: center; color: #FFFFFF; border:none; cursor: pointer; transition: background .2s ease; } #bokun_ed001e45_5927_4f62_b470_ca766338d083:hover{ background: #2f7b1f; } #bokun_ed001e45_5927_4f62_b470_ca766338d083:active{ background: #378f24; } <\/style> <button class=\"bokunButton\" disabled id=bokun_ed001e45_5927_4f62_b470_ca766338d083 data-src=\"https:\/\/widgets.bokun.io\/online-sales\/a1e93e96-5232-4734-a595-28405f4b5a31\/experience-calendar\/864837?partialView=1\" data-testid=\"widget-book-button\" > Book now <\/button> ","what_you\u2019ll_experience_during_the_game":"Hanoi'yi, ger\u00e7ek d\u00fcnya ke\u015ffi ile ilgi \u00e7ekici kurgusal bir hikayeyi ve interaktif g\u00f6revleri harmanlayan bir \u015eehir Oyunu arac\u0131l\u0131\u011f\u0131yla ke\u015ffedin. Oynarken, \u015fehrin hem ikonik simge yap\u0131lar\u0131 hem de az bilinen k\u00f6\u015feleri boyunca rehberlik edeceksiniz. Yol boyunca, Hanoi Opera Binas\u0131'n\u0131n Frans\u0131z s\u00f6m\u00fcrge \u00e7ekicili\u011fini i\u00e7inize \u00e7ekin, Edebiyat Tap\u0131na\u011f\u0131'n\u0131n geleneksel mimarisine hayran kal\u0131n ve Ho\u00e0n Ki\u1ebfm G\u00f6l\u00fc'n\u00fc \u00e7evreleyen sokaklar\u0131n enerjisini deneyimleyin. Ziyaret etti\u011finiz her yer, geli\u015fen atmosfere katk\u0131da bulunarak, Hanoi'nin dokusuna i\u015flenmi\u015f k\u00fclt\u00fcr ve hikayelerle daha derin bir ba\u011flant\u0131 kurman\u0131z\u0131 sa\u011flar.\n\nHanoi'de hareket ederken, her bir konumu hayata ge\u00e7iren yarat\u0131c\u0131 foto\u011fraf g\u00f6revlerinin yan\u0131 s\u0131ra \u00e7e\u015fitli bulmacalar\u0131, bilmeceleri ve yerel trivia sorular\u0131n\u0131 \u00e7\u00f6zeceksiniz. Her g\u00f6revi tamamlamak size puan kazand\u0131r\u0131r, ipu\u00e7lar\u0131n\u0131 a\u00e7ar ve maceran\u0131z\u0131 bir araya getiren nihai bir gizemi ortaya \u00e7\u0131karmaya sizi yakla\u015ft\u0131r\u0131r. Oyun esnektir, kendi h\u0131z\u0131n\u0131zda duraklatman\u0131za ve devam etmenize olanak tan\u0131r; molalar vermek veya yol boyunca di\u011fer noktalar\u0131 ke\u015ffetmek i\u00e7in m\u00fckemmeldir. Rekabet\u00e7i unsurlar\u0131 sevenler, ilerlemelerini takip edebilir ve liderlik tablosunda y\u00fcksek bir skor elde etmeyi hedefleyebilirler.","how_to_play":"Ke\u015fif Oyununu ay\u0131rt\u0131n, size g\u00f6nderdi\u011fimiz basit talimatlar\u0131 i\u00e7eren e-postay\u0131 kontrol edin, Loquiz Uygulamas\u0131n\u0131 indirin, Ke\u015fif Oyununa eri\u015fin ve oyun deneyiminize ba\u015flamaya haz\u0131rs\u0131n\u0131z!","start_location":"hanoi, Dong Kinh Nghia Thuc Square","available_languages":["en"],"players_per_group":"1-4","duration":"1.5-2 hours","image_overlay_color_image":"https:\/\/testwebsite.citygame.com\/wp-content\/blogs.dir\/1\/files\/sites\/62\/2026\/01\/SecretsColor.svg","image_overlay_game_logo":"https:\/\/testwebsite.citygame.com\/wp-content\/blogs.dir\/1\/files\/sites\/62\/2026\/01\/SecretsLogo.png","city_page":5308,"woocommerce_general_content":null},"yoast_head":"<!-- This site is optimized with the Yoast SEO Premium plugin v26.2 (Yoast SEO v26.3) - https:\/\/yoast.com\/wordpress\/plugins\/seo\/ -->\n<title>Secrets of Hanoi - City Game<\/title>\n<meta name=\"description\" content=\"Secrets of Hanoi. Kendi kendine rehberli bir \u015eehir Oyunu oynay\u0131n ve bulmacalar, bilmeceler ve g\u00f6revlerle \u015fehri ke\u015ffedin. Kendi h\u0131z\u0131n\u0131zda oynay\u0131n ve bir yerel gibi ke\u015ffedin!\" \/>\n<meta name=\"robots\" content=\"noindex, follow, max-snippet:-1, max-image-preview:large, max-video-preview:-1\" \/>\n<meta property=\"og:locale\" content=\"tr_TR\" \/>\n<meta property=\"og:type\" content=\"article\" \/>\n<meta property=\"og:title\" content=\"Secrets of Hanoi\" \/>\n<meta property=\"og:description\" content=\"Secrets of Hanoi. Kendi kendine rehberli bir \u015eehir Oyunu oynay\u0131n ve bulmacalar, bilmeceler ve g\u00f6revlerle \u015fehri ke\u015ffedin. Kendi h\u0131z\u0131n\u0131zda oynay\u0131n ve bir yerel gibi ke\u015ffedin!\" \/>\n<meta property=\"og:url\" content=\"https:\/\/testwebsite.citygame.com\/tr\/games\/hanoi\/secrets-of-hanoi\/\" \/>\n<meta property=\"og:site_name\" content=\"City Game\" \/>\n<meta property=\"article:publisher\" content=\"https:\/\/www.facebook.com\/profile.php?id=100086426226253\" \/>\n<meta property=\"article:modified_time\" content=\"2026-04-08T10:36:07+00:00\" \/>\n<meta property=\"og:image\" content=\"https:\/\/testwebsite.citygame.com\/wp-content\/blogs.dir\/1\/files\/sites\/62\/2026\/01\/man-with-phone-on-cobblestone-street-hanoi.jpg\" \/>\n\t<meta property=\"og:image:width\" content=\"1024\" \/>\n\t<meta property=\"og:image:height\" content=\"1024\" \/>\n\t<meta property=\"og:image:type\" content=\"image\/jpeg\" \/>\n<meta name=\"twitter:card\" content=\"summary_large_image\" \/>\n<meta name=\"twitter:label1\" content=\"Tahmini okuma s\u00fcresi\" \/>\n\t<meta name=\"twitter:data1\" content=\"1 dakika\" \/>\n<script type=\"application\/ld+json\" class=\"yoast-schema-graph\">{\"@context\":\"https:\/\/schema.org\",\"@graph\":[{\"@type\":\"WebPage\",\"@id\":\"https:\/\/testwebsite.citygame.com\/tr\/games\/hanoi\/secrets-of-hanoi\/\",\"url\":\"https:\/\/testwebsite.citygame.com\/tr\/games\/hanoi\/secrets-of-hanoi\/\",\"name\":\"Secrets of Hanoi - City Game\",\"isPartOf\":{\"@id\":\"https:\/\/testwebsite.upevents.nl\/#website\"},\"primaryImageOfPage\":{\"@id\":\"https:\/\/testwebsite.citygame.com\/tr\/games\/hanoi\/secrets-of-hanoi\/#primaryimage\"},\"image\":{\"@id\":\"https:\/\/testwebsite.citygame.com\/tr\/games\/hanoi\/secrets-of-hanoi\/#primaryimage\"},\"thumbnailUrl\":\"https:\/\/testwebsite.citygame.com\/wp-content\/blogs.dir\/1\/files\/sites\/62\/2026\/01\/man-with-phone-on-cobblestone-street-hanoi.jpg\",\"datePublished\":\"2026-01-27T15:21:48+00:00\",\"dateModified\":\"2026-04-08T10:36:07+00:00\",\"description\":\"Secrets of Hanoi. Kendi kendine rehberli bir \u015eehir Oyunu oynay\u0131n ve bulmacalar, bilmeceler ve g\u00f6revlerle \u015fehri ke\u015ffedin. Kendi h\u0131z\u0131n\u0131zda oynay\u0131n ve bir yerel gibi ke\u015ffedin!\",\"breadcrumb\":{\"@id\":\"https:\/\/testwebsite.citygame.com\/tr\/games\/hanoi\/secrets-of-hanoi\/#breadcrumb\"},\"inLanguage\":\"tr\",\"potentialAction\":[{\"@type\":\"ReadAction\",\"target\":[\"https:\/\/testwebsite.citygame.com\/tr\/games\/hanoi\/secrets-of-hanoi\/\"]}]},{\"@type\":\"ImageObject\",\"inLanguage\":\"tr\",\"@id\":\"https:\/\/testwebsite.citygame.com\/tr\/games\/hanoi\/secrets-of-hanoi\/#primaryimage\",\"url\":\"https:\/\/testwebsite.citygame.com\/wp-content\/blogs.dir\/1\/files\/sites\/62\/2026\/01\/man-with-phone-on-cobblestone-street-hanoi.jpg\",\"contentUrl\":\"https:\/\/testwebsite.citygame.com\/wp-content\/blogs.dir\/1\/files\/sites\/62\/2026\/01\/man-with-phone-on-cobblestone-street-hanoi.jpg\",\"width\":1024,\"height\":1024,\"caption\":\"A tourist explores a charming, historic cobblestone street while using a travel app on his phone.\"},{\"@type\":\"BreadcrumbList\",\"@id\":\"https:\/\/testwebsite.citygame.com\/tr\/games\/hanoi\/secrets-of-hanoi\/#breadcrumb\",\"itemListElement\":[{\"@type\":\"ListItem\",\"position\":1,\"name\":\"Home\",\"item\":\"https:\/\/testwebsite.citygame.com\/tr\/\"},{\"@type\":\"ListItem\",\"position\":2,\"name\":\"Shop\",\"item\":\"https:\/\/testwebsite.citygame.com\/shop\/\"},{\"@type\":\"ListItem\",\"position\":3,\"name\":\"Secrets of Hanoi\"}]},{\"@type\":\"WebSite\",\"@id\":\"https:\/\/testwebsite.upevents.nl\/#website\",\"url\":\"https:\/\/testwebsite.upevents.nl\/\",\"name\":\"City Game\",\"description\":\"\",\"publisher\":{\"@id\":\"https:\/\/testwebsite.upevents.nl\/#organization\"},\"alternateName\":\"citygame.com\",\"potentialAction\":[{\"@type\":\"SearchAction\",\"target\":{\"@type\":\"EntryPoint\",\"urlTemplate\":\"https:\/\/testwebsite.upevents.nl\/?s={search_term_string}\"},\"query-input\":{\"@type\":\"PropertyValueSpecification\",\"valueRequired\":true,\"valueName\":\"search_term_string\"}}],\"inLanguage\":\"tr\"},{\"@type\":[\"Organization\",\"Place\"],\"@id\":\"https:\/\/testwebsite.upevents.nl\/#organization\",\"name\":\"City Game\",\"alternateName\":\"citygame.com\",\"url\":\"https:\/\/testwebsite.upevents.nl\/\",\"logo\":{\"@id\":\"https:\/\/testwebsite.citygame.com\/tr\/games\/hanoi\/secrets-of-hanoi\/#local-main-organization-logo\"},\"image\":{\"@id\":\"https:\/\/testwebsite.citygame.com\/tr\/games\/hanoi\/secrets-of-hanoi\/#local-main-organization-logo\"},\"sameAs\":[\"https:\/\/www.facebook.com\/profile.php?id=100086426226253\",\"https:\/\/www.instagram.com\/citygame_com\",\"https:\/\/www.tiktok.com\/@citygamecom\/\",\"https:\/\/www.linkedin.com\/company\/citygame-com\"],\"description\":\"Turn any city into a playground with our interactive City Games and self-guided tours. Fun, flexible, and ideal for groups and team building.\",\"telephone\":[],\"openingHoursSpecification\":[{\"@type\":\"OpeningHoursSpecification\",\"dayOfWeek\":[\"Monday\",\"Tuesday\",\"Wednesday\",\"Thursday\",\"Friday\",\"Saturday\",\"Sunday\"],\"opens\":\"09:00\",\"closes\":\"17:00\"}]},{\"@type\":\"ImageObject\",\"inLanguage\":\"tr\",\"@id\":\"https:\/\/testwebsite.citygame.com\/tr\/games\/hanoi\/secrets-of-hanoi\/#local-main-organization-logo\",\"url\":\"https:\/\/testwebsite.citygame.com\/wp-content\/blogs.dir\/1\/files\/sites\/62\/2025\/10\/CG_LOGO-City-Game.png\",\"contentUrl\":\"https:\/\/testwebsite.citygame.com\/wp-content\/blogs.dir\/1\/files\/sites\/62\/2025\/10\/CG_LOGO-City-Game.png\",\"width\":351,\"height\":377,\"caption\":\"City Game\"}]}<\/script>\n<!-- \/ Yoast SEO Premium plugin. -->","yoast_head_json":{"title":"Secrets of Hanoi - City Game","description":"Secrets of Hanoi. Kendi kendine rehberli bir \u015eehir Oyunu oynay\u0131n ve bulmacalar, bilmeceler ve g\u00f6revlerle \u015fehri ke\u015ffedin. Kendi h\u0131z\u0131n\u0131zda oynay\u0131n ve bir yerel gibi ke\u015ffedin!","robots":{"index":"noindex","follow":"follow","max-snippet":"max-snippet:-1","max-image-preview":"max-image-preview:large","max-video-preview":"max-video-preview:-1"},"og_locale":"tr_TR","og_type":"article","og_title":"Secrets of Hanoi","og_description":"Secrets of Hanoi. Kendi kendine rehberli bir \u015eehir Oyunu oynay\u0131n ve bulmacalar, bilmeceler ve g\u00f6revlerle \u015fehri ke\u015ffedin. Kendi h\u0131z\u0131n\u0131zda oynay\u0131n ve bir yerel gibi ke\u015ffedin!","og_url":"https:\/\/testwebsite.citygame.com\/tr\/games\/hanoi\/secrets-of-hanoi\/","og_site_name":"City Game","article_publisher":"https:\/\/www.facebook.com\/profile.php?id=100086426226253","article_modified_time":"2026-04-08T10:36:07+00:00","og_image":[{"width":1024,"height":1024,"url":"https:\/\/testwebsite.citygame.com\/wp-content\/blogs.dir\/1\/files\/sites\/62\/2026\/01\/man-with-phone-on-cobblestone-street-hanoi.jpg","type":"image\/jpeg"}],"twitter_card":"summary_large_image","twitter_misc":{"Tahmini okuma s\u00fcresi":"1 dakika"},"schema":{"@context":"https:\/\/schema.org","@graph":[{"@type":"WebPage","@id":"https:\/\/testwebsite.citygame.com\/tr\/games\/hanoi\/secrets-of-hanoi\/","url":"https:\/\/testwebsite.citygame.com\/tr\/games\/hanoi\/secrets-of-hanoi\/","name":"Secrets of Hanoi - City Game","isPartOf":{"@id":"https:\/\/testwebsite.upevents.nl\/#website"},"primaryImageOfPage":{"@id":"https:\/\/testwebsite.citygame.com\/tr\/games\/hanoi\/secrets-of-hanoi\/#primaryimage"},"image":{"@id":"https:\/\/testwebsite.citygame.com\/tr\/games\/hanoi\/secrets-of-hanoi\/#primaryimage"},"thumbnailUrl":"https:\/\/testwebsite.citygame.com\/wp-content\/blogs.dir\/1\/files\/sites\/62\/2026\/01\/man-with-phone-on-cobblestone-street-hanoi.jpg","datePublished":"2026-01-27T15:21:48+00:00","dateModified":"2026-04-08T10:36:07+00:00","description":"Secrets of Hanoi. Kendi kendine rehberli bir \u015eehir Oyunu oynay\u0131n ve bulmacalar, bilmeceler ve g\u00f6revlerle \u015fehri ke\u015ffedin. Kendi h\u0131z\u0131n\u0131zda oynay\u0131n ve bir yerel gibi ke\u015ffedin!","breadcrumb":{"@id":"https:\/\/testwebsite.citygame.com\/tr\/games\/hanoi\/secrets-of-hanoi\/#breadcrumb"},"inLanguage":"tr","potentialAction":[{"@type":"ReadAction","target":["https:\/\/testwebsite.citygame.com\/tr\/games\/hanoi\/secrets-of-hanoi\/"]}]},{"@type":"ImageObject","inLanguage":"tr","@id":"https:\/\/testwebsite.citygame.com\/tr\/games\/hanoi\/secrets-of-hanoi\/#primaryimage","url":"https:\/\/testwebsite.citygame.com\/wp-content\/blogs.dir\/1\/files\/sites\/62\/2026\/01\/man-with-phone-on-cobblestone-street-hanoi.jpg","contentUrl":"https:\/\/testwebsite.citygame.com\/wp-content\/blogs.dir\/1\/files\/sites\/62\/2026\/01\/man-with-phone-on-cobblestone-street-hanoi.jpg","width":1024,"height":1024,"caption":"A tourist explores a charming, historic cobblestone street while using a travel app on his phone."},{"@type":"BreadcrumbList","@id":"https:\/\/testwebsite.citygame.com\/tr\/games\/hanoi\/secrets-of-hanoi\/#breadcrumb","itemListElement":[{"@type":"ListItem","position":1,"name":"Home","item":"https:\/\/testwebsite.citygame.com\/tr\/"},{"@type":"ListItem","position":2,"name":"Shop","item":"https:\/\/testwebsite.citygame.com\/shop\/"},{"@type":"ListItem","position":3,"name":"Secrets of Hanoi"}]},{"@type":"WebSite","@id":"https:\/\/testwebsite.upevents.nl\/#website","url":"https:\/\/testwebsite.upevents.nl\/","name":"City Game","description":"","publisher":{"@id":"https:\/\/testwebsite.upevents.nl\/#organization"},"alternateName":"citygame.com","potentialAction":[{"@type":"SearchAction","target":{"@type":"EntryPoint","urlTemplate":"https:\/\/testwebsite.upevents.nl\/?s={search_term_string}"},"query-input":{"@type":"PropertyValueSpecification","valueRequired":true,"valueName":"search_term_string"}}],"inLanguage":"tr"},{"@type":["Organization","Place"],"@id":"https:\/\/testwebsite.upevents.nl\/#organization","name":"City Game","alternateName":"citygame.com","url":"https:\/\/testwebsite.upevents.nl\/","logo":{"@id":"https:\/\/testwebsite.citygame.com\/tr\/games\/hanoi\/secrets-of-hanoi\/#local-main-organization-logo"},"image":{"@id":"https:\/\/testwebsite.citygame.com\/tr\/games\/hanoi\/secrets-of-hanoi\/#local-main-organization-logo"},"sameAs":["https:\/\/www.facebook.com\/profile.php?id=100086426226253","https:\/\/www.instagram.com\/citygame_com","https:\/\/www.tiktok.com\/@citygamecom\/","https:\/\/www.linkedin.com\/company\/citygame-com"],"description":"Turn any city into a playground with our interactive City Games and self-guided tours. Fun, flexible, and ideal for groups and team building.","telephone":[],"openingHoursSpecification":[{"@type":"OpeningHoursSpecification","dayOfWeek":["Monday","Tuesday","Wednesday","Thursday","Friday","Saturday","Sunday"],"opens":"09:00","closes":"17:00"}]},{"@type":"ImageObject","inLanguage":"tr","@id":"https:\/\/testwebsite.citygame.com\/tr\/games\/hanoi\/secrets-of-hanoi\/#local-main-organization-logo","url":"https:\/\/testwebsite.citygame.com\/wp-content\/blogs.dir\/1\/files\/sites\/62\/2025\/10\/CG_LOGO-City-Game.png","contentUrl":"https:\/\/testwebsite.citygame.com\/wp-content\/blogs.dir\/1\/files\/sites\/62\/2025\/10\/CG_LOGO-City-Game.png","width":351,"height":377,"caption":"City Game"}]}},"taxonomy_info":{"game-concept":[{"value":732,"label":"Secrets"}],"location":[{"value":191,"label":"Hanoi"}],"product_cat":[{"value":27,"label":"Geen categorie"}]},"featured_image_src_large":["https:\/\/testwebsite.citygame.com\/wp-content\/blogs.dir\/1\/files\/sites\/62\/2026\/01\/man-with-phone-on-cobblestone-street-hanoi.jpg",1024,1024,false],"author_info":[],"comment_info":"","_links":{"self":[{"href":"https:\/\/testwebsite.citygame.com\/tr\/wp-json\/wp\/v2\/product\/62906","targetHints":{"allow":["GET"]}}],"collection":[{"href":"https:\/\/testwebsite.citygame.com\/tr\/wp-json\/wp\/v2\/product"}],"about":[{"href":"https:\/\/testwebsite.citygame.com\/tr\/wp-json\/wp\/v2\/types\/product"}],"acf:post":[{"embeddable":true,"href":"https:\/\/testwebsite.citygame.com\/tr\/wp-json\/wp\/v2\/pages\/5308"}],"wp:featuredmedia":[{"embeddable":true,"href":"https:\/\/testwebsite.citygame.com\/tr\/wp-json\/wp\/v2\/media\/5320"}],"wp:attachment":[{"href":"https:\/\/testwebsite.citygame.com\/tr\/wp-json\/wp\/v2\/media?parent=62906"}],"wp:term":[{"taxonomy":"game-concept","embeddable":true,"href":"https:\/\/testwebsite.citygame.com\/tr\/wp-json\/wp\/v2\/game-concept?post=62906"},{"taxonomy":"location","embeddable":true,"href":"https:\/\/testwebsite.citygame.com\/tr\/wp-json\/wp\/v2\/location?post=62906"},{"taxonomy":"product_brand","embeddable":true,"href":"https:\/\/testwebsite.citygame.com\/tr\/wp-json\/wp\/v2\/product_brand?post=62906"},{"taxonomy":"product_cat","embeddable":true,"href":"https:\/\/testwebsite.citygame.com\/tr\/wp-json\/wp\/v2\/product_cat?post=62906"},{"taxonomy":"product_tag","embeddable":true,"href":"https:\/\/testwebsite.citygame.com\/tr\/wp-json\/wp\/v2\/product_tag?post=62906"}],"curies":[{"name":"wp","href":"https:\/\/api.w.org\/{rel}","templated":true}]}}