{"id":62651,"date":"2026-03-12T17:23:53","date_gmt":"2026-03-12T17:23:53","guid":{"rendered":"https:\/\/testwebsite.citygame.com\/games\/unknown-location\/secrets-of-toulon\/"},"modified":"2026-04-08T10:05:11","modified_gmt":"2026-04-08T10:05:11","slug":"secrets-of-toulon","status":"publish","type":"product","link":"https:\/\/testwebsite.citygame.com\/tr\/games\/toulon\/secrets-of-toulon\/","title":{"rendered":"Secrets of Toulon"},"content":{"rendered":"<p>Kendi kendine rehberli, GPS tabanl\u0131 \u015eehir Oyunumuz ile Toulon&#8217;un b\u00fcy\u00fcleyici \u015fehir merkezini deneyimleyin. Bu ke\u015fif oyunu, oyuncular\u0131n ak\u0131ll\u0131 telefonlar\u0131n\u0131 kullanarak dinamik sokaklar\u0131nda gezinirken Toulon&#8217;un k\u00fclt\u00fcrel s\u0131rlar\u0131n\u0131 a\u00e7\u0131\u011fa \u00e7\u0131karmalar\u0131n\u0131 sa\u011flar. Oyuncular zekice tasarlanm\u0131\u015f bulmacalar, bilmeceler ve foto\u011fraf meydan okumalar\u0131yla u\u011fra\u015f\u0131rken, ayn\u0131 zamanda Toulon&#8217;un zengin tarihi, k\u00fclt\u00fcr\u00fc ve gizli detaylar\u0131 hakk\u0131nda ayd\u0131nlan\u0131rlar. Oyun, sadece Toulon&#8217;daki turistlere de\u011fil, ayn\u0131 zamanda \u015fehirlerini benzersiz ve ilgi \u00e7ekici bir \u015fekilde yeniden ke\u015ffetmeye hevesli yerlilere de hitap etmek \u00fczere haz\u0131rlanm\u0131\u015ft\u0131r. Yaln\u0131z macerac\u0131lar i\u00e7in uygun olmas\u0131n\u0131n \u00f6tesinde, bu \u015fehir oyunu \u00e7iftlerin, ailelerin ve arkada\u015f gruplar\u0131n\u0131n varl\u0131\u011f\u0131nda geli\u015fir, e\u011flence, \u00f6\u011frenme ve maceran\u0131n kendine \u00f6zg\u00fc bir kar\u0131\u015f\u0131m\u0131n\u0131 sunar.<\/p>\n","protected":false},"excerpt":{"rendered":"<p>Toulon&#8217;un Ger\u00e7ek Hazinelerini Ke\u015ffedin! Antik tarihin ve Akdeniz cazibesinin macera dolu bir ka\u00e7\u0131\u015f yaratt\u0131\u011f\u0131 b\u00fcy\u00fcleyici eski \u015fehirlerde ve do\u011fal limanlarda gezinin. \u015eehrin pitoresk manzaralar\u0131 aras\u0131nda ipu\u00e7lar\u0131 toplay\u0131n, Toulon her k\u00f6\u015fesinde s\u0131rlarla heyecan veriyor!<\/p>\n","protected":false},"featured_media":18337,"template":"","meta":{"_acf_changed":false,"_yoast_wpseo_focuskw":"Secrets of Toulon","_yoast_wpseo_metadesc":"Secrets of Toulon. Kendi kendine rehberli bir \u015eehir Oyunu oynay\u0131n ve bulmacalar, bilmeceler ve meydan okumalar arac\u0131l\u0131\u011f\u0131yla \u015fehri ke\u015ffedin. Kendi h\u0131z\u0131n\u0131zda oynay\u0131n ve bir yerel gibi ke\u015ffedin!","_kad_blocks_custom_css":"","_kad_blocks_head_custom_js":"","_kad_blocks_body_custom_js":"","_kad_blocks_footer_custom_js":"","ghostkit_customizer_options":"","ghostkit_custom_css":"","ghostkit_custom_js_head":"","ghostkit_custom_js_foot":"","ghostkit_typography":"","_kad_post_transparent":"","_kad_post_title":"","_kad_post_layout":"","_kad_post_sidebar_id":"","_kad_post_content_style":"","_kad_post_vertical_padding":"","_kad_post_feature":"","_kad_post_feature_position":"","_kad_post_header":false,"_kad_post_footer":false,"_kad_post_classname":"","_links_to":"","_links_to_target":""},"game-concept":[732],"location":[399],"product_brand":[],"product_cat":[27],"product_tag":[],"class_list":{"0":"post-62651","1":"product","2":"type-product","3":"status-publish","4":"has-post-thumbnail","6":"game-concept-secrets","7":"location-toulon","8":"product_cat-geen-categorie","10":"first","11":"instock","12":"shipping-taxable","13":"purchasable","14":"product-type-simple","15":"entry","16":"content-bg","17":"loop-entry"},"acf":{"full_bokun_product_name":"Self-Guided Secrets of Toulon Exploration Game","location_name":"Toulon","bokun_calendar_widget_code":"<script type=\"text\/javascript\" src=\"https:\/\/widgets.bokun.io\/assets\/javascripts\/apps\/build\/BokunWidgetsLoader.js?bookingChannelUUID=a1e93e96-5232-4734-a595-28405f4b5a31\" async><\/script>\n     \n    <div class=\"bokunWidget\" data-src=\"https:\/\/widgets.bokun.io\/online-sales\/a1e93e96-5232-4734-a595-28405f4b5a31\/experience-calendar\/859593\"><\/div>\n    <noscript>Please enable javascript in your browser to book<\/noscript>","bokun_button_widget_code":"<script type=\"text\/javascript\" src=\"https:\/\/widgets.bokun.io\/assets\/javascripts\/apps\/build\/BokunWidgetsLoader.js?bookingChannelUUID=a1e93e96-5232-4734-a595-28405f4b5a31\" async><\/script>\n      <style> #bokun_ed001e45_5927_4f62_b470_ca766338d083 { display: inline-block; padding: .4em 1em; background: #47b82e; border-radius: 999999px; box-shadow: none; font-weight: 600; font-size: 24px; text-decoration: none; text-align: center; color: #FFFFFF; border:none; cursor: pointer; transition: background .2s ease; } #bokun_ed001e45_5927_4f62_b470_ca766338d083:hover{ background: #2f7b1f; } #bokun_ed001e45_5927_4f62_b470_ca766338d083:active{ background: #378f24; } <\/style> <button class=\"bokunButton\" disabled id=bokun_ed001e45_5927_4f62_b470_ca766338d083 data-src=\"https:\/\/widgets.bokun.io\/online-sales\/a1e93e96-5232-4734-a595-28405f4b5a31\/experience-calendar\/859593?partialView=1\" data-testid=\"widget-book-button\" > Book now <\/button> ","what_you\u2019ll_experience_during_the_game":"Secrets of Toulon \u015eehir Oyunu'nda, gezginler Fransa'n\u0131n Akdeniz k\u0131y\u0131s\u0131nda yer alan b\u00fcy\u00fcleyici bir liman \u015fehri olan Toulon'u interaktif meydan okumalarla dolu s\u00fcr\u00fckleyici bir hikaye arac\u0131l\u0131\u011f\u0131yla ke\u015ffederler. \u015eehrin gizli hazinelerini ve iyi bilinen simge yap\u0131lar\u0131n\u0131 ortaya \u00e7\u0131karacak, deniz kenar\u0131 atmosferinin tad\u0131n\u0131 \u00e7\u0131kar\u0131rken yepyeni bir gezi deneyimi ya\u015fayacaks\u0131n\u0131z. Yolculu\u011funuz ilerledik\u00e7e, oyun sizi Toulon'daki hem ikonik hem de daha az bilinen yerlere g\u00f6t\u00fcrecek. Tarihi yerler, yemye\u015fil parklar, \u015firin ara sokaklar ve hareketli iskeleler aras\u0131nda gezinirken \u015fehir manzaras\u0131n\u0131n tad\u0131n\u0131 \u00e7\u0131kar\u0131n.\n\nArd\u0131ndan, gizemli bulmacalar\u0131 ve bilmeceleri \u00e7\u00f6zd\u00fc\u011f\u00fcn\u00fczde, ilgi \u00e7ekici sorular\u0131 yan\u0131tlad\u0131\u011f\u0131n\u0131zda ve yarat\u0131c\u0131 foto\u011fraf meydan okumalar\u0131n\u0131 \u00fcstlendi\u011finizde \u015eehir Oyununun heyecan\u0131 ba\u015flar. Bu e\u011flenceli g\u00f6revler, oyuncular\u0131n puan kazanmas\u0131n\u0131, ipu\u00e7lar\u0131n\u0131n kilidini a\u00e7mas\u0131n\u0131 ve oyunun son gizemini \u00e7\u00f6zmeye daha da yakla\u015fmas\u0131n\u0131 sa\u011flar. Unutmay\u0131n, Toulon'un s\u0131rlar\u0131n\u0131 \u00e7\u00f6zerken hi\u00e7bir detay \u00e7ok k\u00fc\u00e7\u00fck de\u011fildir! Oyun size istedi\u011finiz zaman duraklatma ve uygun bir zamanda kald\u0131\u011f\u0131n\u0131z yerden devam etme esnekli\u011fi sunar. Rekabet\u00e7i ruha sahip olanlar i\u00e7in, y\u00fcksek bir konum elde etmeyi hedefleyebilece\u011finiz bir liderlik tablosu bulunmaktad\u0131r. Her ad\u0131mla, Toulon ve b\u00fcy\u00fcleyici cazibesi hakk\u0131nda daha fazla \u015fey ke\u015ffedecek, bu da onu ger\u00e7ekten ke\u015fif \u00fczerine kurulu bir macera oyunu haline getireceksiniz.","how_to_play":"Ke\u015fif Oyununu rezerve edin, size g\u00f6nderdi\u011fimiz basit talimatlar\u0131 i\u00e7eren e-postay\u0131 kontrol edin, Loquiz Uygulamas\u0131n\u0131 indirin, Ke\u015fif Oyununa eri\u015fin ve oyun deneyiminize ba\u015flamaya haz\u0131rs\u0131n\u0131z!","start_location":"Toulon, 55 Pl. de la Cath\u00e9drale","available_languages":["en"],"players_per_group":"1-4","duration":"1.5-2 hours","image_overlay_color_image":"https:\/\/testwebsite.citygame.com\/wp-content\/blogs.dir\/1\/files\/sites\/62\/2026\/01\/SecretsColor.svg","image_overlay_game_logo":"https:\/\/testwebsite.citygame.com\/wp-content\/blogs.dir\/1\/files\/sites\/62\/2026\/01\/SecretsLogo.png","city_page":8487,"woocommerce_general_content":null},"yoast_head":"<!-- This site is optimized with the Yoast SEO Premium plugin v26.2 (Yoast SEO v26.3) - https:\/\/yoast.com\/wordpress\/plugins\/seo\/ -->\n<title>Secrets of Toulon - City Game<\/title>\n<meta name=\"description\" content=\"Secrets of Toulon. Kendi kendine rehberli bir \u015eehir Oyunu oynay\u0131n ve bulmacalar, bilmeceler ve meydan okumalar arac\u0131l\u0131\u011f\u0131yla \u015fehri ke\u015ffedin. Kendi h\u0131z\u0131n\u0131zda oynay\u0131n ve bir yerel gibi ke\u015ffedin!\" \/>\n<meta name=\"robots\" content=\"noindex, follow, max-snippet:-1, max-image-preview:large, max-video-preview:-1\" \/>\n<meta property=\"og:locale\" content=\"tr_TR\" \/>\n<meta property=\"og:type\" content=\"article\" \/>\n<meta property=\"og:title\" content=\"Secrets of Toulon\" \/>\n<meta property=\"og:description\" content=\"Secrets of Toulon. Kendi kendine rehberli bir \u015eehir Oyunu oynay\u0131n ve bulmacalar, bilmeceler ve meydan okumalar arac\u0131l\u0131\u011f\u0131yla \u015fehri ke\u015ffedin. Kendi h\u0131z\u0131n\u0131zda oynay\u0131n ve bir yerel gibi ke\u015ffedin!\" \/>\n<meta property=\"og:url\" content=\"https:\/\/testwebsite.citygame.com\/tr\/games\/toulon\/secrets-of-toulon\/\" \/>\n<meta property=\"og:site_name\" content=\"City Game\" \/>\n<meta property=\"article:publisher\" content=\"https:\/\/www.facebook.com\/profile.php?id=100086426226253\" \/>\n<meta property=\"article:modified_time\" content=\"2026-04-08T10:05:11+00:00\" \/>\n<meta property=\"og:image\" content=\"https:\/\/testwebsite.citygame.com\/wp-content\/blogs.dir\/1\/files\/sites\/62\/2026\/03\/woman-playing-city-game-toulon-cathedral-france.jpg\" \/>\n\t<meta property=\"og:image:width\" content=\"1024\" \/>\n\t<meta property=\"og:image:height\" content=\"1024\" \/>\n\t<meta property=\"og:image:type\" content=\"image\/jpeg\" \/>\n<meta name=\"twitter:card\" content=\"summary_large_image\" \/>\n<meta name=\"twitter:label1\" content=\"Tahmini okuma s\u00fcresi\" \/>\n\t<meta name=\"twitter:data1\" content=\"1 dakika\" \/>\n<script type=\"application\/ld+json\" class=\"yoast-schema-graph\">{\"@context\":\"https:\/\/schema.org\",\"@graph\":[{\"@type\":\"WebPage\",\"@id\":\"https:\/\/testwebsite.citygame.com\/tr\/games\/toulon\/secrets-of-toulon\/\",\"url\":\"https:\/\/testwebsite.citygame.com\/tr\/games\/toulon\/secrets-of-toulon\/\",\"name\":\"Secrets of Toulon - City Game\",\"isPartOf\":{\"@id\":\"https:\/\/testwebsite.upevents.nl\/#website\"},\"primaryImageOfPage\":{\"@id\":\"https:\/\/testwebsite.citygame.com\/tr\/games\/toulon\/secrets-of-toulon\/#primaryimage\"},\"image\":{\"@id\":\"https:\/\/testwebsite.citygame.com\/tr\/games\/toulon\/secrets-of-toulon\/#primaryimage\"},\"thumbnailUrl\":\"https:\/\/testwebsite.citygame.com\/wp-content\/blogs.dir\/1\/files\/sites\/62\/2026\/03\/woman-playing-city-game-toulon-cathedral-france.jpg\",\"datePublished\":\"2026-03-12T17:23:53+00:00\",\"dateModified\":\"2026-04-08T10:05:11+00:00\",\"description\":\"Secrets of Toulon. Kendi kendine rehberli bir \u015eehir Oyunu oynay\u0131n ve bulmacalar, bilmeceler ve meydan okumalar arac\u0131l\u0131\u011f\u0131yla \u015fehri ke\u015ffedin. Kendi h\u0131z\u0131n\u0131zda oynay\u0131n ve bir yerel gibi ke\u015ffedin!\",\"breadcrumb\":{\"@id\":\"https:\/\/testwebsite.citygame.com\/tr\/games\/toulon\/secrets-of-toulon\/#breadcrumb\"},\"inLanguage\":\"tr\",\"potentialAction\":[{\"@type\":\"ReadAction\",\"target\":[\"https:\/\/testwebsite.citygame.com\/tr\/games\/toulon\/secrets-of-toulon\/\"]}]},{\"@type\":\"ImageObject\",\"inLanguage\":\"tr\",\"@id\":\"https:\/\/testwebsite.citygame.com\/tr\/games\/toulon\/secrets-of-toulon\/#primaryimage\",\"url\":\"https:\/\/testwebsite.citygame.com\/wp-content\/blogs.dir\/1\/files\/sites\/62\/2026\/03\/woman-playing-city-game-toulon-cathedral-france.jpg\",\"contentUrl\":\"https:\/\/testwebsite.citygame.com\/wp-content\/blogs.dir\/1\/files\/sites\/62\/2026\/03\/woman-playing-city-game-toulon-cathedral-france.jpg\",\"width\":1024,\"height\":1024,\"caption\":\"A player uses her smartphone to explore the historic city center of Toulon on a sunny day.\"},{\"@type\":\"BreadcrumbList\",\"@id\":\"https:\/\/testwebsite.citygame.com\/tr\/games\/toulon\/secrets-of-toulon\/#breadcrumb\",\"itemListElement\":[{\"@type\":\"ListItem\",\"position\":1,\"name\":\"Home\",\"item\":\"https:\/\/testwebsite.citygame.com\/tr\/\"},{\"@type\":\"ListItem\",\"position\":2,\"name\":\"Shop\",\"item\":\"https:\/\/testwebsite.citygame.com\/shop\/\"},{\"@type\":\"ListItem\",\"position\":3,\"name\":\"Secrets of Toulon\"}]},{\"@type\":\"WebSite\",\"@id\":\"https:\/\/testwebsite.upevents.nl\/#website\",\"url\":\"https:\/\/testwebsite.upevents.nl\/\",\"name\":\"City Game\",\"description\":\"\",\"publisher\":{\"@id\":\"https:\/\/testwebsite.upevents.nl\/#organization\"},\"alternateName\":\"citygame.com\",\"potentialAction\":[{\"@type\":\"SearchAction\",\"target\":{\"@type\":\"EntryPoint\",\"urlTemplate\":\"https:\/\/testwebsite.upevents.nl\/?s={search_term_string}\"},\"query-input\":{\"@type\":\"PropertyValueSpecification\",\"valueRequired\":true,\"valueName\":\"search_term_string\"}}],\"inLanguage\":\"tr\"},{\"@type\":[\"Organization\",\"Place\"],\"@id\":\"https:\/\/testwebsite.upevents.nl\/#organization\",\"name\":\"City Game\",\"alternateName\":\"citygame.com\",\"url\":\"https:\/\/testwebsite.upevents.nl\/\",\"logo\":{\"@id\":\"https:\/\/testwebsite.citygame.com\/tr\/games\/toulon\/secrets-of-toulon\/#local-main-organization-logo\"},\"image\":{\"@id\":\"https:\/\/testwebsite.citygame.com\/tr\/games\/toulon\/secrets-of-toulon\/#local-main-organization-logo\"},\"sameAs\":[\"https:\/\/www.facebook.com\/profile.php?id=100086426226253\",\"https:\/\/www.instagram.com\/citygame_com\",\"https:\/\/www.tiktok.com\/@citygamecom\/\",\"https:\/\/www.linkedin.com\/company\/citygame-com\"],\"description\":\"Turn any city into a playground with our interactive City Games and self-guided tours. Fun, flexible, and ideal for groups and team building.\",\"telephone\":[],\"openingHoursSpecification\":[{\"@type\":\"OpeningHoursSpecification\",\"dayOfWeek\":[\"Monday\",\"Tuesday\",\"Wednesday\",\"Thursday\",\"Friday\",\"Saturday\",\"Sunday\"],\"opens\":\"09:00\",\"closes\":\"17:00\"}]},{\"@type\":\"ImageObject\",\"inLanguage\":\"tr\",\"@id\":\"https:\/\/testwebsite.citygame.com\/tr\/games\/toulon\/secrets-of-toulon\/#local-main-organization-logo\",\"url\":\"https:\/\/testwebsite.citygame.com\/wp-content\/blogs.dir\/1\/files\/sites\/62\/2025\/10\/CG_LOGO-City-Game.png\",\"contentUrl\":\"https:\/\/testwebsite.citygame.com\/wp-content\/blogs.dir\/1\/files\/sites\/62\/2025\/10\/CG_LOGO-City-Game.png\",\"width\":351,\"height\":377,\"caption\":\"City Game\"}]}<\/script>\n<!-- \/ Yoast SEO Premium plugin. -->","yoast_head_json":{"title":"Secrets of Toulon - City Game","description":"Secrets of Toulon. Kendi kendine rehberli bir \u015eehir Oyunu oynay\u0131n ve bulmacalar, bilmeceler ve meydan okumalar arac\u0131l\u0131\u011f\u0131yla \u015fehri ke\u015ffedin. Kendi h\u0131z\u0131n\u0131zda oynay\u0131n ve bir yerel gibi ke\u015ffedin!","robots":{"index":"noindex","follow":"follow","max-snippet":"max-snippet:-1","max-image-preview":"max-image-preview:large","max-video-preview":"max-video-preview:-1"},"og_locale":"tr_TR","og_type":"article","og_title":"Secrets of Toulon","og_description":"Secrets of Toulon. Kendi kendine rehberli bir \u015eehir Oyunu oynay\u0131n ve bulmacalar, bilmeceler ve meydan okumalar arac\u0131l\u0131\u011f\u0131yla \u015fehri ke\u015ffedin. Kendi h\u0131z\u0131n\u0131zda oynay\u0131n ve bir yerel gibi ke\u015ffedin!","og_url":"https:\/\/testwebsite.citygame.com\/tr\/games\/toulon\/secrets-of-toulon\/","og_site_name":"City Game","article_publisher":"https:\/\/www.facebook.com\/profile.php?id=100086426226253","article_modified_time":"2026-04-08T10:05:11+00:00","og_image":[{"width":1024,"height":1024,"url":"https:\/\/testwebsite.citygame.com\/wp-content\/blogs.dir\/1\/files\/sites\/62\/2026\/03\/woman-playing-city-game-toulon-cathedral-france.jpg","type":"image\/jpeg"}],"twitter_card":"summary_large_image","twitter_misc":{"Tahmini okuma s\u00fcresi":"1 dakika"},"schema":{"@context":"https:\/\/schema.org","@graph":[{"@type":"WebPage","@id":"https:\/\/testwebsite.citygame.com\/tr\/games\/toulon\/secrets-of-toulon\/","url":"https:\/\/testwebsite.citygame.com\/tr\/games\/toulon\/secrets-of-toulon\/","name":"Secrets of Toulon - City Game","isPartOf":{"@id":"https:\/\/testwebsite.upevents.nl\/#website"},"primaryImageOfPage":{"@id":"https:\/\/testwebsite.citygame.com\/tr\/games\/toulon\/secrets-of-toulon\/#primaryimage"},"image":{"@id":"https:\/\/testwebsite.citygame.com\/tr\/games\/toulon\/secrets-of-toulon\/#primaryimage"},"thumbnailUrl":"https:\/\/testwebsite.citygame.com\/wp-content\/blogs.dir\/1\/files\/sites\/62\/2026\/03\/woman-playing-city-game-toulon-cathedral-france.jpg","datePublished":"2026-03-12T17:23:53+00:00","dateModified":"2026-04-08T10:05:11+00:00","description":"Secrets of Toulon. Kendi kendine rehberli bir \u015eehir Oyunu oynay\u0131n ve bulmacalar, bilmeceler ve meydan okumalar arac\u0131l\u0131\u011f\u0131yla \u015fehri ke\u015ffedin. Kendi h\u0131z\u0131n\u0131zda oynay\u0131n ve bir yerel gibi ke\u015ffedin!","breadcrumb":{"@id":"https:\/\/testwebsite.citygame.com\/tr\/games\/toulon\/secrets-of-toulon\/#breadcrumb"},"inLanguage":"tr","potentialAction":[{"@type":"ReadAction","target":["https:\/\/testwebsite.citygame.com\/tr\/games\/toulon\/secrets-of-toulon\/"]}]},{"@type":"ImageObject","inLanguage":"tr","@id":"https:\/\/testwebsite.citygame.com\/tr\/games\/toulon\/secrets-of-toulon\/#primaryimage","url":"https:\/\/testwebsite.citygame.com\/wp-content\/blogs.dir\/1\/files\/sites\/62\/2026\/03\/woman-playing-city-game-toulon-cathedral-france.jpg","contentUrl":"https:\/\/testwebsite.citygame.com\/wp-content\/blogs.dir\/1\/files\/sites\/62\/2026\/03\/woman-playing-city-game-toulon-cathedral-france.jpg","width":1024,"height":1024,"caption":"A player uses her smartphone to explore the historic city center of Toulon on a sunny day."},{"@type":"BreadcrumbList","@id":"https:\/\/testwebsite.citygame.com\/tr\/games\/toulon\/secrets-of-toulon\/#breadcrumb","itemListElement":[{"@type":"ListItem","position":1,"name":"Home","item":"https:\/\/testwebsite.citygame.com\/tr\/"},{"@type":"ListItem","position":2,"name":"Shop","item":"https:\/\/testwebsite.citygame.com\/shop\/"},{"@type":"ListItem","position":3,"name":"Secrets of Toulon"}]},{"@type":"WebSite","@id":"https:\/\/testwebsite.upevents.nl\/#website","url":"https:\/\/testwebsite.upevents.nl\/","name":"City Game","description":"","publisher":{"@id":"https:\/\/testwebsite.upevents.nl\/#organization"},"alternateName":"citygame.com","potentialAction":[{"@type":"SearchAction","target":{"@type":"EntryPoint","urlTemplate":"https:\/\/testwebsite.upevents.nl\/?s={search_term_string}"},"query-input":{"@type":"PropertyValueSpecification","valueRequired":true,"valueName":"search_term_string"}}],"inLanguage":"tr"},{"@type":["Organization","Place"],"@id":"https:\/\/testwebsite.upevents.nl\/#organization","name":"City Game","alternateName":"citygame.com","url":"https:\/\/testwebsite.upevents.nl\/","logo":{"@id":"https:\/\/testwebsite.citygame.com\/tr\/games\/toulon\/secrets-of-toulon\/#local-main-organization-logo"},"image":{"@id":"https:\/\/testwebsite.citygame.com\/tr\/games\/toulon\/secrets-of-toulon\/#local-main-organization-logo"},"sameAs":["https:\/\/www.facebook.com\/profile.php?id=100086426226253","https:\/\/www.instagram.com\/citygame_com","https:\/\/www.tiktok.com\/@citygamecom\/","https:\/\/www.linkedin.com\/company\/citygame-com"],"description":"Turn any city into a playground with our interactive City Games and self-guided tours. Fun, flexible, and ideal for groups and team building.","telephone":[],"openingHoursSpecification":[{"@type":"OpeningHoursSpecification","dayOfWeek":["Monday","Tuesday","Wednesday","Thursday","Friday","Saturday","Sunday"],"opens":"09:00","closes":"17:00"}]},{"@type":"ImageObject","inLanguage":"tr","@id":"https:\/\/testwebsite.citygame.com\/tr\/games\/toulon\/secrets-of-toulon\/#local-main-organization-logo","url":"https:\/\/testwebsite.citygame.com\/wp-content\/blogs.dir\/1\/files\/sites\/62\/2025\/10\/CG_LOGO-City-Game.png","contentUrl":"https:\/\/testwebsite.citygame.com\/wp-content\/blogs.dir\/1\/files\/sites\/62\/2025\/10\/CG_LOGO-City-Game.png","width":351,"height":377,"caption":"City Game"}]}},"taxonomy_info":{"game-concept":[{"value":732,"label":"Secrets"}],"location":[{"value":399,"label":"Toulon"}],"product_cat":[{"value":27,"label":"Geen categorie"}]},"featured_image_src_large":["https:\/\/testwebsite.citygame.com\/wp-content\/blogs.dir\/1\/files\/sites\/62\/2026\/03\/woman-playing-city-game-toulon-cathedral-france.jpg",1024,1024,false],"author_info":[],"comment_info":"","_links":{"self":[{"href":"https:\/\/testwebsite.citygame.com\/tr\/wp-json\/wp\/v2\/product\/62651","targetHints":{"allow":["GET"]}}],"collection":[{"href":"https:\/\/testwebsite.citygame.com\/tr\/wp-json\/wp\/v2\/product"}],"about":[{"href":"https:\/\/testwebsite.citygame.com\/tr\/wp-json\/wp\/v2\/types\/product"}],"acf:post":[{"embeddable":true,"href":"https:\/\/testwebsite.citygame.com\/tr\/wp-json\/wp\/v2\/pages\/8487"}],"wp:featuredmedia":[{"embeddable":true,"href":"https:\/\/testwebsite.citygame.com\/tr\/wp-json\/wp\/v2\/media\/18337"}],"wp:attachment":[{"href":"https:\/\/testwebsite.citygame.com\/tr\/wp-json\/wp\/v2\/media?parent=62651"}],"wp:term":[{"taxonomy":"game-concept","embeddable":true,"href":"https:\/\/testwebsite.citygame.com\/tr\/wp-json\/wp\/v2\/game-concept?post=62651"},{"taxonomy":"location","embeddable":true,"href":"https:\/\/testwebsite.citygame.com\/tr\/wp-json\/wp\/v2\/location?post=62651"},{"taxonomy":"product_brand","embeddable":true,"href":"https:\/\/testwebsite.citygame.com\/tr\/wp-json\/wp\/v2\/product_brand?post=62651"},{"taxonomy":"product_cat","embeddable":true,"href":"https:\/\/testwebsite.citygame.com\/tr\/wp-json\/wp\/v2\/product_cat?post=62651"},{"taxonomy":"product_tag","embeddable":true,"href":"https:\/\/testwebsite.citygame.com\/tr\/wp-json\/wp\/v2\/product_tag?post=62651"}],"curies":[{"name":"wp","href":"https:\/\/api.w.org\/{rel}","templated":true}]}}