{"id":61434,"date":"2026-02-16T08:32:13","date_gmt":"2026-02-16T08:32:13","guid":{"rendered":"https:\/\/testwebsite.citygame.com\/games\/unknown-location\/the-gothenburg-syndicate\/"},"modified":"2026-04-08T07:43:55","modified_gmt":"2026-04-08T07:43:55","slug":"the-gothenburg-syndicate","status":"publish","type":"product","link":"https:\/\/testwebsite.citygame.com\/tr\/games\/gothenburg\/the-gothenburg-syndicate\/","title":{"rendered":"The Gothenburg Syndicate"},"content":{"rendered":"<p>The Gothenburg Syndicate, G\u00f6teborg&#8217;un \u015fehir merkezinde ge\u00e7en, kendi kendine rehberli bir G\u00f6teborg \u015eehir Ka\u00e7\u0131\u015f Oyunudur. Bu G\u00f6teborg \u015eehir Oyununda siz ve ekibiniz, bulmacalar\u0131 \u00e7\u00f6zerek ve etkile\u015fimli g\u00f6revleri tamamlayarak ele avuca s\u0131\u011fmaz Magnus&#8217;u takip etmek ve \u00e7al\u0131nan alt\u0131 form\u00fcl\u00fc geri almak i\u00e7in birlikte \u00e7al\u0131\u015f\u0131rs\u0131n\u0131z. Bu kendi kendine rehberli \u015fehir oyunu, sizi heyecan verici bir \u015fehir maceras\u0131nda y\u00f6nlendirmek i\u00e7in tak\u0131m \u00e7al\u0131\u015fmas\u0131na, hikaye anlat\u0131m\u0131na ve ad\u0131m ad\u0131m g\u00f6rev ilerlemesine odaklan\u0131r.<\/p>\n","protected":false},"excerpt":{"rendered":"<p>\u0130sve\u00e7&#8217;in ikinci b\u00fcy\u00fck \u015fehrinin hareketli sokaklar\u0131nda ge\u00e7en, kendi kendine rehberli bir g\u00f6rev olan The Gothenburg Syndicate \u015eehir Ka\u00e7\u0131\u015f Oyunu ile G\u00f6teborg&#8217;un kalbine dal\u0131n. Ekibinizle birlikte ipu\u00e7lar\u0131n\u0131 takip edin, bir dizi bulmacay\u0131 \u00e7\u00f6z\u00fcn ve bu y\u00fcksek riskli \u015fehir maceras\u0131nda gizli ger\u00e7ekleri ortaya \u00e7\u0131kar\u0131n!<\/p>\n","protected":false},"featured_media":14229,"template":"","meta":{"_acf_changed":false,"_yoast_wpseo_focuskw":"The Gothenburg Syndicate","_yoast_wpseo_metadesc":"The Gothenburg Syndicate. Kendi h\u0131z\u0131n\u0131zda kendi kendine rehberli bir \u015eehir Ka\u00e7\u0131\u015f Oyunu oynay\u0131n, bulmacalar\u0131 \u00e7\u00f6z\u00fcn, g\u00f6revleri tamamlay\u0131n ve \u00e7al\u0131nan form\u00fclleri geri al\u0131n!","_kad_blocks_custom_css":"","_kad_blocks_head_custom_js":"","_kad_blocks_body_custom_js":"","_kad_blocks_footer_custom_js":"","ghostkit_customizer_options":"","ghostkit_custom_css":"","ghostkit_custom_js_head":"","ghostkit_custom_js_foot":"","ghostkit_typography":"","_kad_post_transparent":"default","_kad_post_title":"","_kad_post_layout":"default","_kad_post_sidebar_id":"","_kad_post_content_style":"default","_kad_post_vertical_padding":"default","_kad_post_feature":"","_kad_post_feature_position":"","_kad_post_header":false,"_kad_post_footer":false,"_kad_post_classname":"","_links_to":"","_links_to_target":""},"game-concept":[763],"location":[181],"product_brand":[],"product_cat":[27],"product_tag":[],"class_list":{"0":"post-61434","1":"product","2":"type-product","3":"status-publish","4":"has-post-thumbnail","6":"game-concept-syndicate","7":"location-gothenburg","8":"product_cat-geen-categorie","10":"first","11":"instock","12":"shipping-taxable","13":"purchasable","14":"product-type-simple","15":"entry","16":"content-bg","17":"loop-entry"},"acf":{"full_bokun_product_name":"Self-Guided The Gothenburg Syndicate City Escape Game","location_name":"Gothenburg","bokun_calendar_widget_code":"<script type=\"text\/javascript\" src=\"https:\/\/widgets.bokun.io\/assets\/javascripts\/apps\/build\/BokunWidgetsLoader.js?bookingChannelUUID=a1e93e96-5232-4734-a595-28405f4b5a31\" async><\/script>\n     \n    <div class=\"bokunWidget\" data-src=\"https:\/\/widgets.bokun.io\/online-sales\/a1e93e96-5232-4734-a595-28405f4b5a31\/experience-calendar\/875809\"><\/div>\n    <noscript>Please enable javascript in your browser to book<\/noscript>","bokun_button_widget_code":"<script type=\"text\/javascript\" src=\"https:\/\/widgets.bokun.io\/assets\/javascripts\/apps\/build\/BokunWidgetsLoader.js?bookingChannelUUID=a1e93e96-5232-4734-a595-28405f4b5a31\" async><\/script>\n      <style> #bokun_ed001e45_5927_4f62_b470_ca766338d083 { display: inline-block; padding: .4em 1em; background: #47b82e; border-radius: 999999px; box-shadow: none; font-weight: 600; font-size: 24px; text-decoration: none; text-align: center; color: #FFFFFF; border:none; cursor: pointer; transition: background .2s ease; } #bokun_ed001e45_5927_4f62_b470_ca766338d083:hover{ background: #2f7b1f; } #bokun_ed001e45_5927_4f62_b470_ca766338d083:active{ background: #378f24; } <\/style> <button class=\"bokunButton\" disabled id=bokun_ed001e45_5927_4f62_b470_ca766338d083 data-src=\"https:\/\/widgets.bokun.io\/online-sales\/a1e93e96-5232-4734-a595-28405f4b5a31\/experience-calendar\/875809?partialView=1\" data-testid=\"widget-book-button\" > Book now <\/button> ","what_you\u2019ll_experience_during_the_game":"*The Gothenburg Syndicate*'da, siz ve ekibiniz G\u00f6teborg'un kalbinde geli\u015fen y\u00fcksek riskli bir ka\u00e7\u0131\u015f g\u00f6revine at\u0131l\u0131yorsunuz. Gizli ajanlar olarak hedefiniz, ele avuca s\u0131\u011fmaz Magnus'u bulmak ve alt\u0131 \u00e7al\u0131nan deneysel form\u00fcl\u00fc sonsuza dek kaybolmadan geri almakt\u0131r. \u015eehirde gezinirken ve hayati ipu\u00e7lar\u0131n\u0131 ortaya \u00e7\u0131kar\u0131rken g\u00f6rev ad\u0131m ad\u0131m ilerler ve sizi katmanl\u0131 bir hikayenin derinliklerine \u00e7eker.\r\n\r\nYolculu\u011funuz, her bulmacan\u0131n, kodlanm\u0131\u015f mesaj\u0131n ve yerdeki g\u00f6revin anlat\u0131y\u0131 ileriye ta\u015f\u0131d\u0131\u011f\u0131 s\u00fcr\u00fckleyici bir hikaye anlat\u0131m\u0131yla ilerler. Ba\u015far\u0131, g\u00fc\u00e7l\u00fc tak\u0131m \u00e7al\u0131\u015fmas\u0131na, net ileti\u015fime ve bask\u0131 alt\u0131nda ak\u0131ll\u0131 karar vermeye ba\u011fl\u0131d\u0131r. Oyun, esneklik g\u00f6z \u00f6n\u00fcnde bulundurularak tasarlanm\u0131\u015ft\u0131r ve momentumu kaybetmeden duraklaman\u0131za ve kendi h\u0131z\u0131n\u0131zda devam etmenize olanak tan\u0131r. Bu s\u00fcre zarf\u0131nda G\u00f6teborg'un kentsel manzaras\u0131, geli\u015fen operasyonunuz i\u00e7in canl\u0131 bir fon haline gelir.","how_to_play":"\u015eehir Oyununu ay\u0131rt\u0131n, size g\u00f6nderdi\u011fimiz talimatlar\u0131 i\u00e7eren e-postay\u0131 kontrol edin, Loquiz Uygulamas\u0131n\u0131 indirin ve oyun deneyiminize ba\u015flay\u0131n!","start_location":"Gothenburg, Domkyrkplan","available_languages":["en"],"players_per_group":"1-4","duration":"1.5-2 hours","image_overlay_color_image":"https:\/\/testwebsite.citygame.com\/wp-content\/blogs.dir\/1\/files\/sites\/62\/2026\/01\/SyndicateColor.svg","image_overlay_game_logo":"https:\/\/testwebsite.citygame.com\/wp-content\/blogs.dir\/1\/files\/sites\/62\/2026\/01\/SyndicateLogo.png","city_page":10913,"woocommerce_general_content":null},"yoast_head":"<!-- This site is optimized with the Yoast SEO Premium plugin v26.2 (Yoast SEO v26.3) - https:\/\/yoast.com\/wordpress\/plugins\/seo\/ -->\n<title>The Gothenburg Syndicate - City Game<\/title>\n<meta name=\"description\" content=\"The Gothenburg Syndicate. Kendi h\u0131z\u0131n\u0131zda kendi kendine rehberli bir \u015eehir Ka\u00e7\u0131\u015f Oyunu oynay\u0131n, bulmacalar\u0131 \u00e7\u00f6z\u00fcn, g\u00f6revleri tamamlay\u0131n ve \u00e7al\u0131nan form\u00fclleri geri al\u0131n!\" \/>\n<meta name=\"robots\" content=\"noindex, follow, max-snippet:-1, max-image-preview:large, max-video-preview:-1\" \/>\n<meta property=\"og:locale\" content=\"tr_TR\" \/>\n<meta property=\"og:type\" content=\"article\" \/>\n<meta property=\"og:title\" content=\"The Gothenburg Syndicate\" \/>\n<meta property=\"og:description\" content=\"The Gothenburg Syndicate. Kendi h\u0131z\u0131n\u0131zda kendi kendine rehberli bir \u015eehir Ka\u00e7\u0131\u015f Oyunu oynay\u0131n, bulmacalar\u0131 \u00e7\u00f6z\u00fcn, g\u00f6revleri tamamlay\u0131n ve \u00e7al\u0131nan form\u00fclleri geri al\u0131n!\" \/>\n<meta property=\"og:url\" content=\"https:\/\/testwebsite.citygame.com\/tr\/games\/gothenburg\/the-gothenburg-syndicate\/\" \/>\n<meta property=\"og:site_name\" content=\"City Game\" \/>\n<meta property=\"article:publisher\" content=\"https:\/\/www.facebook.com\/profile.php?id=100086426226253\" \/>\n<meta property=\"article:modified_time\" content=\"2026-04-08T07:43:55+00:00\" \/>\n<meta property=\"og:image\" content=\"https:\/\/testwebsite.citygame.com\/wp-content\/blogs.dir\/1\/files\/sites\/62\/2026\/02\/gothenburg-city-game-player-vasaparken-social-sciences-library.jpg\" \/>\n\t<meta property=\"og:image:width\" content=\"1024\" \/>\n\t<meta property=\"og:image:height\" content=\"1024\" \/>\n\t<meta property=\"og:image:type\" content=\"image\/jpeg\" \/>\n<meta name=\"twitter:card\" content=\"summary_large_image\" \/>\n<script type=\"application\/ld+json\" class=\"yoast-schema-graph\">{\"@context\":\"https:\/\/schema.org\",\"@graph\":[{\"@type\":\"WebPage\",\"@id\":\"https:\/\/testwebsite.citygame.com\/tr\/games\/gothenburg\/the-gothenburg-syndicate\/\",\"url\":\"https:\/\/testwebsite.citygame.com\/tr\/games\/gothenburg\/the-gothenburg-syndicate\/\",\"name\":\"The Gothenburg Syndicate - City Game\",\"isPartOf\":{\"@id\":\"https:\/\/testwebsite.upevents.nl\/#website\"},\"primaryImageOfPage\":{\"@id\":\"https:\/\/testwebsite.citygame.com\/tr\/games\/gothenburg\/the-gothenburg-syndicate\/#primaryimage\"},\"image\":{\"@id\":\"https:\/\/testwebsite.citygame.com\/tr\/games\/gothenburg\/the-gothenburg-syndicate\/#primaryimage\"},\"thumbnailUrl\":\"https:\/\/testwebsite.citygame.com\/wp-content\/blogs.dir\/1\/files\/sites\/62\/2026\/02\/gothenburg-city-game-player-vasaparken-social-sciences-library.jpg\",\"datePublished\":\"2026-02-16T08:32:13+00:00\",\"dateModified\":\"2026-04-08T07:43:55+00:00\",\"description\":\"The Gothenburg Syndicate. Kendi h\u0131z\u0131n\u0131zda kendi kendine rehberli bir \u015eehir Ka\u00e7\u0131\u015f Oyunu oynay\u0131n, bulmacalar\u0131 \u00e7\u00f6z\u00fcn, g\u00f6revleri tamamlay\u0131n ve \u00e7al\u0131nan form\u00fclleri geri al\u0131n!\",\"breadcrumb\":{\"@id\":\"https:\/\/testwebsite.citygame.com\/tr\/games\/gothenburg\/the-gothenburg-syndicate\/#breadcrumb\"},\"inLanguage\":\"tr\",\"potentialAction\":[{\"@type\":\"ReadAction\",\"target\":[\"https:\/\/testwebsite.citygame.com\/tr\/games\/gothenburg\/the-gothenburg-syndicate\/\"]}]},{\"@type\":\"ImageObject\",\"inLanguage\":\"tr\",\"@id\":\"https:\/\/testwebsite.citygame.com\/tr\/games\/gothenburg\/the-gothenburg-syndicate\/#primaryimage\",\"url\":\"https:\/\/testwebsite.citygame.com\/wp-content\/blogs.dir\/1\/files\/sites\/62\/2026\/02\/gothenburg-city-game-player-vasaparken-social-sciences-library.jpg\",\"contentUrl\":\"https:\/\/testwebsite.citygame.com\/wp-content\/blogs.dir\/1\/files\/sites\/62\/2026\/02\/gothenburg-city-game-player-vasaparken-social-sciences-library.jpg\",\"width\":1024,\"height\":1024,\"caption\":\"A young man uses his smartphone for a city game while standing in a park in Gothenburg.\"},{\"@type\":\"BreadcrumbList\",\"@id\":\"https:\/\/testwebsite.citygame.com\/tr\/games\/gothenburg\/the-gothenburg-syndicate\/#breadcrumb\",\"itemListElement\":[{\"@type\":\"ListItem\",\"position\":1,\"name\":\"Home\",\"item\":\"https:\/\/testwebsite.citygame.com\/tr\/\"},{\"@type\":\"ListItem\",\"position\":2,\"name\":\"Shop\",\"item\":\"https:\/\/testwebsite.citygame.com\/shop\/\"},{\"@type\":\"ListItem\",\"position\":3,\"name\":\"The Gothenburg Syndicate\"}]},{\"@type\":\"WebSite\",\"@id\":\"https:\/\/testwebsite.upevents.nl\/#website\",\"url\":\"https:\/\/testwebsite.upevents.nl\/\",\"name\":\"City Game\",\"description\":\"\",\"publisher\":{\"@id\":\"https:\/\/testwebsite.upevents.nl\/#organization\"},\"alternateName\":\"citygame.com\",\"potentialAction\":[{\"@type\":\"SearchAction\",\"target\":{\"@type\":\"EntryPoint\",\"urlTemplate\":\"https:\/\/testwebsite.upevents.nl\/?s={search_term_string}\"},\"query-input\":{\"@type\":\"PropertyValueSpecification\",\"valueRequired\":true,\"valueName\":\"search_term_string\"}}],\"inLanguage\":\"tr\"},{\"@type\":[\"Organization\",\"Place\"],\"@id\":\"https:\/\/testwebsite.upevents.nl\/#organization\",\"name\":\"City Game\",\"alternateName\":\"citygame.com\",\"url\":\"https:\/\/testwebsite.upevents.nl\/\",\"logo\":{\"@id\":\"https:\/\/testwebsite.citygame.com\/tr\/games\/gothenburg\/the-gothenburg-syndicate\/#local-main-organization-logo\"},\"image\":{\"@id\":\"https:\/\/testwebsite.citygame.com\/tr\/games\/gothenburg\/the-gothenburg-syndicate\/#local-main-organization-logo\"},\"sameAs\":[\"https:\/\/www.facebook.com\/profile.php?id=100086426226253\",\"https:\/\/www.instagram.com\/citygame_com\",\"https:\/\/www.tiktok.com\/@citygamecom\/\",\"https:\/\/www.linkedin.com\/company\/citygame-com\"],\"description\":\"Turn any city into a playground with our interactive City Games and self-guided tours. Fun, flexible, and ideal for groups and team building.\",\"telephone\":[],\"openingHoursSpecification\":[{\"@type\":\"OpeningHoursSpecification\",\"dayOfWeek\":[\"Monday\",\"Tuesday\",\"Wednesday\",\"Thursday\",\"Friday\",\"Saturday\",\"Sunday\"],\"opens\":\"09:00\",\"closes\":\"17:00\"}]},{\"@type\":\"ImageObject\",\"inLanguage\":\"tr\",\"@id\":\"https:\/\/testwebsite.citygame.com\/tr\/games\/gothenburg\/the-gothenburg-syndicate\/#local-main-organization-logo\",\"url\":\"https:\/\/testwebsite.citygame.com\/wp-content\/blogs.dir\/1\/files\/sites\/62\/2025\/10\/CG_LOGO-City-Game.png\",\"contentUrl\":\"https:\/\/testwebsite.citygame.com\/wp-content\/blogs.dir\/1\/files\/sites\/62\/2025\/10\/CG_LOGO-City-Game.png\",\"width\":351,\"height\":377,\"caption\":\"City Game\"}]}<\/script>\n<!-- \/ Yoast SEO Premium plugin. -->","yoast_head_json":{"title":"The Gothenburg Syndicate - City Game","description":"The Gothenburg Syndicate. Kendi h\u0131z\u0131n\u0131zda kendi kendine rehberli bir \u015eehir Ka\u00e7\u0131\u015f Oyunu oynay\u0131n, bulmacalar\u0131 \u00e7\u00f6z\u00fcn, g\u00f6revleri tamamlay\u0131n ve \u00e7al\u0131nan form\u00fclleri geri al\u0131n!","robots":{"index":"noindex","follow":"follow","max-snippet":"max-snippet:-1","max-image-preview":"max-image-preview:large","max-video-preview":"max-video-preview:-1"},"og_locale":"tr_TR","og_type":"article","og_title":"The Gothenburg Syndicate","og_description":"The Gothenburg Syndicate. Kendi h\u0131z\u0131n\u0131zda kendi kendine rehberli bir \u015eehir Ka\u00e7\u0131\u015f Oyunu oynay\u0131n, bulmacalar\u0131 \u00e7\u00f6z\u00fcn, g\u00f6revleri tamamlay\u0131n ve \u00e7al\u0131nan form\u00fclleri geri al\u0131n!","og_url":"https:\/\/testwebsite.citygame.com\/tr\/games\/gothenburg\/the-gothenburg-syndicate\/","og_site_name":"City Game","article_publisher":"https:\/\/www.facebook.com\/profile.php?id=100086426226253","article_modified_time":"2026-04-08T07:43:55+00:00","og_image":[{"width":1024,"height":1024,"url":"https:\/\/testwebsite.citygame.com\/wp-content\/blogs.dir\/1\/files\/sites\/62\/2026\/02\/gothenburg-city-game-player-vasaparken-social-sciences-library.jpg","type":"image\/jpeg"}],"twitter_card":"summary_large_image","schema":{"@context":"https:\/\/schema.org","@graph":[{"@type":"WebPage","@id":"https:\/\/testwebsite.citygame.com\/tr\/games\/gothenburg\/the-gothenburg-syndicate\/","url":"https:\/\/testwebsite.citygame.com\/tr\/games\/gothenburg\/the-gothenburg-syndicate\/","name":"The Gothenburg Syndicate - City Game","isPartOf":{"@id":"https:\/\/testwebsite.upevents.nl\/#website"},"primaryImageOfPage":{"@id":"https:\/\/testwebsite.citygame.com\/tr\/games\/gothenburg\/the-gothenburg-syndicate\/#primaryimage"},"image":{"@id":"https:\/\/testwebsite.citygame.com\/tr\/games\/gothenburg\/the-gothenburg-syndicate\/#primaryimage"},"thumbnailUrl":"https:\/\/testwebsite.citygame.com\/wp-content\/blogs.dir\/1\/files\/sites\/62\/2026\/02\/gothenburg-city-game-player-vasaparken-social-sciences-library.jpg","datePublished":"2026-02-16T08:32:13+00:00","dateModified":"2026-04-08T07:43:55+00:00","description":"The Gothenburg Syndicate. Kendi h\u0131z\u0131n\u0131zda kendi kendine rehberli bir \u015eehir Ka\u00e7\u0131\u015f Oyunu oynay\u0131n, bulmacalar\u0131 \u00e7\u00f6z\u00fcn, g\u00f6revleri tamamlay\u0131n ve \u00e7al\u0131nan form\u00fclleri geri al\u0131n!","breadcrumb":{"@id":"https:\/\/testwebsite.citygame.com\/tr\/games\/gothenburg\/the-gothenburg-syndicate\/#breadcrumb"},"inLanguage":"tr","potentialAction":[{"@type":"ReadAction","target":["https:\/\/testwebsite.citygame.com\/tr\/games\/gothenburg\/the-gothenburg-syndicate\/"]}]},{"@type":"ImageObject","inLanguage":"tr","@id":"https:\/\/testwebsite.citygame.com\/tr\/games\/gothenburg\/the-gothenburg-syndicate\/#primaryimage","url":"https:\/\/testwebsite.citygame.com\/wp-content\/blogs.dir\/1\/files\/sites\/62\/2026\/02\/gothenburg-city-game-player-vasaparken-social-sciences-library.jpg","contentUrl":"https:\/\/testwebsite.citygame.com\/wp-content\/blogs.dir\/1\/files\/sites\/62\/2026\/02\/gothenburg-city-game-player-vasaparken-social-sciences-library.jpg","width":1024,"height":1024,"caption":"A young man uses his smartphone for a city game while standing in a park in Gothenburg."},{"@type":"BreadcrumbList","@id":"https:\/\/testwebsite.citygame.com\/tr\/games\/gothenburg\/the-gothenburg-syndicate\/#breadcrumb","itemListElement":[{"@type":"ListItem","position":1,"name":"Home","item":"https:\/\/testwebsite.citygame.com\/tr\/"},{"@type":"ListItem","position":2,"name":"Shop","item":"https:\/\/testwebsite.citygame.com\/shop\/"},{"@type":"ListItem","position":3,"name":"The Gothenburg Syndicate"}]},{"@type":"WebSite","@id":"https:\/\/testwebsite.upevents.nl\/#website","url":"https:\/\/testwebsite.upevents.nl\/","name":"City Game","description":"","publisher":{"@id":"https:\/\/testwebsite.upevents.nl\/#organization"},"alternateName":"citygame.com","potentialAction":[{"@type":"SearchAction","target":{"@type":"EntryPoint","urlTemplate":"https:\/\/testwebsite.upevents.nl\/?s={search_term_string}"},"query-input":{"@type":"PropertyValueSpecification","valueRequired":true,"valueName":"search_term_string"}}],"inLanguage":"tr"},{"@type":["Organization","Place"],"@id":"https:\/\/testwebsite.upevents.nl\/#organization","name":"City Game","alternateName":"citygame.com","url":"https:\/\/testwebsite.upevents.nl\/","logo":{"@id":"https:\/\/testwebsite.citygame.com\/tr\/games\/gothenburg\/the-gothenburg-syndicate\/#local-main-organization-logo"},"image":{"@id":"https:\/\/testwebsite.citygame.com\/tr\/games\/gothenburg\/the-gothenburg-syndicate\/#local-main-organization-logo"},"sameAs":["https:\/\/www.facebook.com\/profile.php?id=100086426226253","https:\/\/www.instagram.com\/citygame_com","https:\/\/www.tiktok.com\/@citygamecom\/","https:\/\/www.linkedin.com\/company\/citygame-com"],"description":"Turn any city into a playground with our interactive City Games and self-guided tours. Fun, flexible, and ideal for groups and team building.","telephone":[],"openingHoursSpecification":[{"@type":"OpeningHoursSpecification","dayOfWeek":["Monday","Tuesday","Wednesday","Thursday","Friday","Saturday","Sunday"],"opens":"09:00","closes":"17:00"}]},{"@type":"ImageObject","inLanguage":"tr","@id":"https:\/\/testwebsite.citygame.com\/tr\/games\/gothenburg\/the-gothenburg-syndicate\/#local-main-organization-logo","url":"https:\/\/testwebsite.citygame.com\/wp-content\/blogs.dir\/1\/files\/sites\/62\/2025\/10\/CG_LOGO-City-Game.png","contentUrl":"https:\/\/testwebsite.citygame.com\/wp-content\/blogs.dir\/1\/files\/sites\/62\/2025\/10\/CG_LOGO-City-Game.png","width":351,"height":377,"caption":"City Game"}]}},"taxonomy_info":{"game-concept":[{"value":763,"label":"Syndicate"}],"location":[{"value":181,"label":"Gothenburg"}],"product_cat":[{"value":27,"label":"Geen categorie"}]},"featured_image_src_large":["https:\/\/testwebsite.citygame.com\/wp-content\/blogs.dir\/1\/files\/sites\/62\/2026\/02\/gothenburg-city-game-player-vasaparken-social-sciences-library.jpg",1024,1024,false],"author_info":[],"comment_info":"","_links":{"self":[{"href":"https:\/\/testwebsite.citygame.com\/tr\/wp-json\/wp\/v2\/product\/61434","targetHints":{"allow":["GET"]}}],"collection":[{"href":"https:\/\/testwebsite.citygame.com\/tr\/wp-json\/wp\/v2\/product"}],"about":[{"href":"https:\/\/testwebsite.citygame.com\/tr\/wp-json\/wp\/v2\/types\/product"}],"acf:post":[{"embeddable":true,"href":"https:\/\/testwebsite.citygame.com\/tr\/wp-json\/wp\/v2\/pages\/10913"}],"wp:featuredmedia":[{"embeddable":true,"href":"https:\/\/testwebsite.citygame.com\/tr\/wp-json\/wp\/v2\/media\/14229"}],"wp:attachment":[{"href":"https:\/\/testwebsite.citygame.com\/tr\/wp-json\/wp\/v2\/media?parent=61434"}],"wp:term":[{"taxonomy":"game-concept","embeddable":true,"href":"https:\/\/testwebsite.citygame.com\/tr\/wp-json\/wp\/v2\/game-concept?post=61434"},{"taxonomy":"location","embeddable":true,"href":"https:\/\/testwebsite.citygame.com\/tr\/wp-json\/wp\/v2\/location?post=61434"},{"taxonomy":"product_brand","embeddable":true,"href":"https:\/\/testwebsite.citygame.com\/tr\/wp-json\/wp\/v2\/product_brand?post=61434"},{"taxonomy":"product_cat","embeddable":true,"href":"https:\/\/testwebsite.citygame.com\/tr\/wp-json\/wp\/v2\/product_cat?post=61434"},{"taxonomy":"product_tag","embeddable":true,"href":"https:\/\/testwebsite.citygame.com\/tr\/wp-json\/wp\/v2\/product_tag?post=61434"}],"curies":[{"name":"wp","href":"https:\/\/api.w.org\/{rel}","templated":true}]}}