{"id":60563,"date":"2026-03-12T16:22:24","date_gmt":"2026-03-12T16:22:24","guid":{"rendered":"https:\/\/testwebsite.citygame.com\/games\/unknown-location\/secrets-of-malaga\/"},"modified":"2026-04-08T05:59:14","modified_gmt":"2026-04-08T05:59:14","slug":"secrets-of-malaga","status":"publish","type":"product","link":"https:\/\/testwebsite.citygame.com\/tr\/games\/malaga\/secrets-of-malaga\/","title":{"rendered":"Secrets of Malaga"},"content":{"rendered":"<p>Malaga&#8217;n\u0131n tarihi merkezinde ge\u00e7en, heyecan verici, GPS tabanl\u0131 kendi kendine rehberli bir \u015fehir oyunu olan &#8220;Secrets of Malaga&#8221; \u015eehir Oyununun s\u00fcr\u00fckleyici d\u00fcnyas\u0131na ad\u0131m at\u0131n. Oyuncular olarak, ak\u0131ll\u0131 telefonunuzu kullanarak \u015fehrin karizmatik sokaklar\u0131nda gezinecek, \u015fehrin zengin tarihini, canl\u0131 k\u00fclt\u00fcr\u00fcn\u00fc ve gizli k\u00f6\u015felerini ortaya \u00e7\u0131karan ilgi \u00e7ekici bulmacalar\u0131, bilmeceleri ve foto\u011fraf g\u00f6revlerini \u00e7\u00f6zeceksiniz. Malaga&#8217;ya yeni bir bak\u0131\u015f a\u00e7\u0131s\u0131 arayan hem yerel halk hem de ziyaret\u00e7iler i\u00e7in ideal olan bu ke\u015fif oyunu, \u015fehirle e\u015fsiz bir ba\u011f kurman\u0131z\u0131 sa\u011flar. Yaln\u0131z gezginler, arkada\u015f gruplar\u0131, \u00e7iftler veya aileler i\u00e7in m\u00fckemmeldir; oyun herkes i\u00e7in macera dolu ve bilgilendirici bir aktivite oldu\u011funu kan\u0131tlamaktad\u0131r.<\/p>\n","protected":false},"excerpt":{"rendered":"<p>Malaga&#8217;n\u0131n B\u00fcy\u00fcs\u00fcn\u00fc ve \u0130hti\u015fam\u0131n\u0131 Ke\u015ffedin! Picasso&#8217;nun do\u011fum yerinin canl\u0131l\u0131\u011f\u0131n\u0131n antik kalelerin yank\u0131lar\u0131yla i\u00e7 i\u00e7e ge\u00e7ti\u011fi bir \u015fehre dal\u0131n. Canl\u0131 merkezinde gezinirken ipu\u00e7lar\u0131 toplay\u0131n, Malaga her k\u00f6\u015fede gizli s\u0131rlar vaat ediyor!<\/p>\n","protected":false},"featured_media":18304,"template":"","meta":{"_acf_changed":false,"_yoast_wpseo_focuskw":"Secrets of Malaga","_yoast_wpseo_metadesc":"Secrets of Malaga. Kendi kendine rehberli bir \u015eehir Oyunu oynay\u0131n ve bulmacalar, bilmeceler ve g\u00f6revlerle \u015fehri ke\u015ffedin. Kendi h\u0131z\u0131n\u0131zda oynay\u0131n ve bir yerel gibi ke\u015ffedin!","_kad_blocks_custom_css":"","_kad_blocks_head_custom_js":"","_kad_blocks_body_custom_js":"","_kad_blocks_footer_custom_js":"","ghostkit_customizer_options":"","ghostkit_custom_css":"","ghostkit_custom_js_head":"","ghostkit_custom_js_foot":"","ghostkit_typography":"","_kad_post_transparent":"","_kad_post_title":"","_kad_post_layout":"","_kad_post_sidebar_id":"","_kad_post_content_style":"","_kad_post_vertical_padding":"","_kad_post_feature":"","_kad_post_feature_position":"","_kad_post_header":false,"_kad_post_footer":false,"_kad_post_classname":"","_links_to":"","_links_to_target":""},"game-concept":[732],"location":[260],"product_brand":[],"product_cat":[27],"product_tag":[],"class_list":{"0":"post-60563","1":"product","2":"type-product","3":"status-publish","4":"has-post-thumbnail","6":"game-concept-secrets","7":"location-malaga","8":"product_cat-geen-categorie","10":"first","11":"instock","12":"shipping-taxable","13":"purchasable","14":"product-type-simple","15":"entry","16":"content-bg","17":"loop-entry"},"acf":{"full_bokun_product_name":"Self-Guided Secrets of M\u00e1laga Exploration Game","location_name":"Malaga","bokun_calendar_widget_code":"<script type=\"text\/javascript\" src=\"https:\/\/widgets.bokun.io\/assets\/javascripts\/apps\/build\/BokunWidgetsLoader.js?bookingChannelUUID=a1e93e96-5232-4734-a595-28405f4b5a31\" async><\/script>\n     \n    <div class=\"bokunWidget\" data-src=\"https:\/\/widgets.bokun.io\/online-sales\/a1e93e96-5232-4734-a595-28405f4b5a31\/experience-calendar\/828182\"><\/div>\n    <noscript>Please enable javascript in your browser to book<\/noscript>","bokun_button_widget_code":"<script type=\"text\/javascript\" src=\"https:\/\/widgets.bokun.io\/assets\/javascripts\/apps\/build\/BokunWidgetsLoader.js?bookingChannelUUID=a1e93e96-5232-4734-a595-28405f4b5a31\" async><\/script>\n      <style> #bokun_ed001e45_5927_4f62_b470_ca766338d083 { display: inline-block; padding: .4em 1em; background: #47b82e; border-radius: 999999px; box-shadow: none; font-weight: 600; font-size: 24px; text-decoration: none; text-align: center; color: #FFFFFF; border:none; cursor: pointer; transition: background .2s ease; } #bokun_ed001e45_5927_4f62_b470_ca766338d083:hover{ background: #2f7b1f; } #bokun_ed001e45_5927_4f62_b470_ca766338d083:active{ background: #378f24; } <\/style> <button class=\"bokunButton\" disabled id=bokun_ed001e45_5927_4f62_b470_ca766338d083 data-src=\"https:\/\/widgets.bokun.io\/online-sales\/a1e93e96-5232-4734-a595-28405f4b5a31\/experience-calendar\/828182?partialView=1\" data-testid=\"widget-book-button\" > Book now <\/button> ","what_you\u2019ll_experience_during_the_game":"Secrets of Malaga \u015eehir Oyunu ile Malaga'n\u0131n canl\u0131 k\u00fclt\u00fcr\u00fcne ve b\u00fcy\u00fcleyici tarihine kendinizi b\u0131rak\u0131n. Bu ke\u015fif oyunu, sizi \u015fehrin ikonik ve gizli yerlerine g\u00f6t\u00fcr\u00fcrken gezmeyi ve hikaye anlat\u0131m\u0131n\u0131 birle\u015ftirir. Plaza de la Merced \u00e7evresinde canl\u0131 bir gezintinin tad\u0131n\u0131 \u00e7\u0131kar\u0131n, Roma Tiyatrosu'nun zamans\u0131z cazibesini ke\u015ffedin ve Malaga'n\u0131n eski \u015fehrinin dar patikalar\u0131nda yolunuzu bulun. Atarazanas Pazar\u0131'n\u0131n bula\u015f\u0131c\u0131 atmosferini i\u00e7inize \u00e7ekin ve Plaza de la Constituci\u00f3n'un karizmatik ge\u00e7mi\u015fi taraf\u0131ndan merakland\u0131r\u0131l\u0131n. T\u00fcm bunlar olurken, bu End\u00fcl\u00fcs m\u00fccevherinin kalbinde yatan s\u0131rlar\u0131 a\u00e7\u0131\u011fa \u00e7\u0131kar\u0131n.\n\n\u015eehir Oyunu, sadece g\u00f6r\u00fclecek yerleri i\u00e7ine sindirmekten daha fazlas\u0131d\u0131r; bulmacalar, bilmeceler ve yarat\u0131c\u0131 foto\u011fraf g\u00f6revleriyle dolu interaktif bir oyun alan\u0131d\u0131r. Her g\u00f6revi ele al\u0131p \u00e7\u00f6zd\u00fck\u00e7e, puan kazanma, de\u011ferli ipu\u00e7lar\u0131n\u0131 a\u00e7ma ve sizi anlat\u0131 yay\u0131n\u0131n derinliklerine \u00e7ekecek nihai bir gizemi \u00e7\u00f6zme f\u0131rsat\u0131na sahip olursunuz. Kim der ki bir maceray\u0131 duraklatamazs\u0131n\u0131z? Bu oyunda kesinlikle duraklatabilir ve istedi\u011finiz zaman yeniden ba\u015flatabilirsiniz. Biraz dost\u00e7a rekabetten ho\u015flananlar i\u00e7in, kendi zaman\u0131n\u0131zda ve kendi h\u0131z\u0131n\u0131zda liderlik tablosunda en \u00fcst s\u0131ralar i\u00e7in m\u00fccadele etme \u015fans\u0131 vard\u0131r. Ke\u015fif, oyun ve Malaga'n\u0131n esrarengiz cazibesini birle\u015ftiren bu b\u00fcy\u00fcleyici yolculu\u011fa \u00e7\u0131k\u0131n.","how_to_play":"Ke\u015fif Oyununu ay\u0131rt\u0131n, size g\u00f6nderdi\u011fimiz basit talimatlar\u0131 i\u00e7eren e-postay\u0131 kontrol edin, Loquiz Uygulamas\u0131n\u0131 indirin, Ke\u015fif Oyununa eri\u015fin ve oyun deneyiminize ba\u015flamaya haz\u0131rs\u0131n\u0131z!","start_location":"Malaga, Plaza de la Constituci\u00f3n","available_languages":["en"],"players_per_group":"1-4","duration":"1.5-2 hours","image_overlay_color_image":"https:\/\/testwebsite.citygame.com\/wp-content\/blogs.dir\/1\/files\/sites\/62\/2026\/01\/SecretsColor.svg","image_overlay_game_logo":"https:\/\/testwebsite.citygame.com\/wp-content\/blogs.dir\/1\/files\/sites\/62\/2026\/01\/SecretsLogo.png","city_page":6758,"woocommerce_general_content":null},"yoast_head":"<!-- This site is optimized with the Yoast SEO Premium plugin v26.2 (Yoast SEO v26.3) - https:\/\/yoast.com\/wordpress\/plugins\/seo\/ -->\n<title>Secrets of Malaga - City Game<\/title>\n<meta name=\"description\" content=\"Secrets of Malaga. Kendi kendine rehberli bir \u015eehir Oyunu oynay\u0131n ve bulmacalar, bilmeceler ve g\u00f6revlerle \u015fehri ke\u015ffedin. Kendi h\u0131z\u0131n\u0131zda oynay\u0131n ve bir yerel gibi ke\u015ffedin!\" \/>\n<meta name=\"robots\" content=\"noindex, follow, max-snippet:-1, max-image-preview:large, max-video-preview:-1\" \/>\n<meta property=\"og:locale\" content=\"tr_TR\" \/>\n<meta property=\"og:type\" content=\"article\" \/>\n<meta property=\"og:title\" content=\"Secrets of Malaga\" \/>\n<meta property=\"og:description\" content=\"Secrets of Malaga. Kendi kendine rehberli bir \u015eehir Oyunu oynay\u0131n ve bulmacalar, bilmeceler ve g\u00f6revlerle \u015fehri ke\u015ffedin. Kendi h\u0131z\u0131n\u0131zda oynay\u0131n ve bir yerel gibi ke\u015ffedin!\" \/>\n<meta property=\"og:url\" content=\"https:\/\/testwebsite.citygame.com\/tr\/games\/malaga\/secrets-of-malaga\/\" \/>\n<meta property=\"og:site_name\" content=\"City Game\" \/>\n<meta property=\"article:publisher\" content=\"https:\/\/www.facebook.com\/profile.php?id=100086426226253\" \/>\n<meta property=\"article:modified_time\" content=\"2026-04-08T05:59:14+00:00\" \/>\n<meta property=\"og:image\" content=\"https:\/\/testwebsite.citygame.com\/wp-content\/blogs.dir\/1\/files\/sites\/62\/2026\/03\/woman-using-phone-in-front-of-malaga-cathedral.jpg\" \/>\n\t<meta property=\"og:image:width\" content=\"1024\" \/>\n\t<meta property=\"og:image:height\" content=\"1024\" \/>\n\t<meta property=\"og:image:type\" content=\"image\/jpeg\" \/>\n<meta name=\"twitter:card\" content=\"summary_large_image\" \/>\n<meta name=\"twitter:label1\" content=\"Tahmini okuma s\u00fcresi\" \/>\n\t<meta name=\"twitter:data1\" content=\"1 dakika\" \/>\n<script type=\"application\/ld+json\" class=\"yoast-schema-graph\">{\"@context\":\"https:\/\/schema.org\",\"@graph\":[{\"@type\":\"WebPage\",\"@id\":\"https:\/\/testwebsite.citygame.com\/tr\/games\/malaga\/secrets-of-malaga\/\",\"url\":\"https:\/\/testwebsite.citygame.com\/tr\/games\/malaga\/secrets-of-malaga\/\",\"name\":\"Secrets of Malaga - City Game\",\"isPartOf\":{\"@id\":\"https:\/\/testwebsite.upevents.nl\/#website\"},\"primaryImageOfPage\":{\"@id\":\"https:\/\/testwebsite.citygame.com\/tr\/games\/malaga\/secrets-of-malaga\/#primaryimage\"},\"image\":{\"@id\":\"https:\/\/testwebsite.citygame.com\/tr\/games\/malaga\/secrets-of-malaga\/#primaryimage\"},\"thumbnailUrl\":\"https:\/\/testwebsite.citygame.com\/wp-content\/blogs.dir\/1\/files\/sites\/62\/2026\/03\/woman-using-phone-in-front-of-malaga-cathedral.jpg\",\"datePublished\":\"2026-03-12T16:22:24+00:00\",\"dateModified\":\"2026-04-08T05:59:14+00:00\",\"description\":\"Secrets of Malaga. Kendi kendine rehberli bir \u015eehir Oyunu oynay\u0131n ve bulmacalar, bilmeceler ve g\u00f6revlerle \u015fehri ke\u015ffedin. Kendi h\u0131z\u0131n\u0131zda oynay\u0131n ve bir yerel gibi ke\u015ffedin!\",\"breadcrumb\":{\"@id\":\"https:\/\/testwebsite.citygame.com\/tr\/games\/malaga\/secrets-of-malaga\/#breadcrumb\"},\"inLanguage\":\"tr\",\"potentialAction\":[{\"@type\":\"ReadAction\",\"target\":[\"https:\/\/testwebsite.citygame.com\/tr\/games\/malaga\/secrets-of-malaga\/\"]}]},{\"@type\":\"ImageObject\",\"inLanguage\":\"tr\",\"@id\":\"https:\/\/testwebsite.citygame.com\/tr\/games\/malaga\/secrets-of-malaga\/#primaryimage\",\"url\":\"https:\/\/testwebsite.citygame.com\/wp-content\/blogs.dir\/1\/files\/sites\/62\/2026\/03\/woman-using-phone-in-front-of-malaga-cathedral.jpg\",\"contentUrl\":\"https:\/\/testwebsite.citygame.com\/wp-content\/blogs.dir\/1\/files\/sites\/62\/2026\/03\/woman-using-phone-in-front-of-malaga-cathedral.jpg\",\"width\":1024,\"height\":1024,\"caption\":\"A visitor uses her phone while exploring the gardens near the M\u00e1laga Cathedral in Spain.\"},{\"@type\":\"BreadcrumbList\",\"@id\":\"https:\/\/testwebsite.citygame.com\/tr\/games\/malaga\/secrets-of-malaga\/#breadcrumb\",\"itemListElement\":[{\"@type\":\"ListItem\",\"position\":1,\"name\":\"Home\",\"item\":\"https:\/\/testwebsite.citygame.com\/tr\/\"},{\"@type\":\"ListItem\",\"position\":2,\"name\":\"Shop\",\"item\":\"https:\/\/testwebsite.citygame.com\/shop\/\"},{\"@type\":\"ListItem\",\"position\":3,\"name\":\"Secrets of Malaga\"}]},{\"@type\":\"WebSite\",\"@id\":\"https:\/\/testwebsite.upevents.nl\/#website\",\"url\":\"https:\/\/testwebsite.upevents.nl\/\",\"name\":\"City Game\",\"description\":\"\",\"publisher\":{\"@id\":\"https:\/\/testwebsite.upevents.nl\/#organization\"},\"alternateName\":\"citygame.com\",\"potentialAction\":[{\"@type\":\"SearchAction\",\"target\":{\"@type\":\"EntryPoint\",\"urlTemplate\":\"https:\/\/testwebsite.upevents.nl\/?s={search_term_string}\"},\"query-input\":{\"@type\":\"PropertyValueSpecification\",\"valueRequired\":true,\"valueName\":\"search_term_string\"}}],\"inLanguage\":\"tr\"},{\"@type\":[\"Organization\",\"Place\"],\"@id\":\"https:\/\/testwebsite.upevents.nl\/#organization\",\"name\":\"City Game\",\"alternateName\":\"citygame.com\",\"url\":\"https:\/\/testwebsite.upevents.nl\/\",\"logo\":{\"@id\":\"https:\/\/testwebsite.citygame.com\/tr\/games\/malaga\/secrets-of-malaga\/#local-main-organization-logo\"},\"image\":{\"@id\":\"https:\/\/testwebsite.citygame.com\/tr\/games\/malaga\/secrets-of-malaga\/#local-main-organization-logo\"},\"sameAs\":[\"https:\/\/www.facebook.com\/profile.php?id=100086426226253\",\"https:\/\/www.instagram.com\/citygame_com\",\"https:\/\/www.tiktok.com\/@citygamecom\/\",\"https:\/\/www.linkedin.com\/company\/citygame-com\"],\"description\":\"Turn any city into a playground with our interactive City Games and self-guided tours. Fun, flexible, and ideal for groups and team building.\",\"telephone\":[],\"openingHoursSpecification\":[{\"@type\":\"OpeningHoursSpecification\",\"dayOfWeek\":[\"Monday\",\"Tuesday\",\"Wednesday\",\"Thursday\",\"Friday\",\"Saturday\",\"Sunday\"],\"opens\":\"09:00\",\"closes\":\"17:00\"}]},{\"@type\":\"ImageObject\",\"inLanguage\":\"tr\",\"@id\":\"https:\/\/testwebsite.citygame.com\/tr\/games\/malaga\/secrets-of-malaga\/#local-main-organization-logo\",\"url\":\"https:\/\/testwebsite.citygame.com\/wp-content\/blogs.dir\/1\/files\/sites\/62\/2025\/10\/CG_LOGO-City-Game.png\",\"contentUrl\":\"https:\/\/testwebsite.citygame.com\/wp-content\/blogs.dir\/1\/files\/sites\/62\/2025\/10\/CG_LOGO-City-Game.png\",\"width\":351,\"height\":377,\"caption\":\"City Game\"}]}<\/script>\n<!-- \/ Yoast SEO Premium plugin. -->","yoast_head_json":{"title":"Secrets of Malaga - City Game","description":"Secrets of Malaga. Kendi kendine rehberli bir \u015eehir Oyunu oynay\u0131n ve bulmacalar, bilmeceler ve g\u00f6revlerle \u015fehri ke\u015ffedin. Kendi h\u0131z\u0131n\u0131zda oynay\u0131n ve bir yerel gibi ke\u015ffedin!","robots":{"index":"noindex","follow":"follow","max-snippet":"max-snippet:-1","max-image-preview":"max-image-preview:large","max-video-preview":"max-video-preview:-1"},"og_locale":"tr_TR","og_type":"article","og_title":"Secrets of Malaga","og_description":"Secrets of Malaga. Kendi kendine rehberli bir \u015eehir Oyunu oynay\u0131n ve bulmacalar, bilmeceler ve g\u00f6revlerle \u015fehri ke\u015ffedin. Kendi h\u0131z\u0131n\u0131zda oynay\u0131n ve bir yerel gibi ke\u015ffedin!","og_url":"https:\/\/testwebsite.citygame.com\/tr\/games\/malaga\/secrets-of-malaga\/","og_site_name":"City Game","article_publisher":"https:\/\/www.facebook.com\/profile.php?id=100086426226253","article_modified_time":"2026-04-08T05:59:14+00:00","og_image":[{"width":1024,"height":1024,"url":"https:\/\/testwebsite.citygame.com\/wp-content\/blogs.dir\/1\/files\/sites\/62\/2026\/03\/woman-using-phone-in-front-of-malaga-cathedral.jpg","type":"image\/jpeg"}],"twitter_card":"summary_large_image","twitter_misc":{"Tahmini okuma s\u00fcresi":"1 dakika"},"schema":{"@context":"https:\/\/schema.org","@graph":[{"@type":"WebPage","@id":"https:\/\/testwebsite.citygame.com\/tr\/games\/malaga\/secrets-of-malaga\/","url":"https:\/\/testwebsite.citygame.com\/tr\/games\/malaga\/secrets-of-malaga\/","name":"Secrets of Malaga - City Game","isPartOf":{"@id":"https:\/\/testwebsite.upevents.nl\/#website"},"primaryImageOfPage":{"@id":"https:\/\/testwebsite.citygame.com\/tr\/games\/malaga\/secrets-of-malaga\/#primaryimage"},"image":{"@id":"https:\/\/testwebsite.citygame.com\/tr\/games\/malaga\/secrets-of-malaga\/#primaryimage"},"thumbnailUrl":"https:\/\/testwebsite.citygame.com\/wp-content\/blogs.dir\/1\/files\/sites\/62\/2026\/03\/woman-using-phone-in-front-of-malaga-cathedral.jpg","datePublished":"2026-03-12T16:22:24+00:00","dateModified":"2026-04-08T05:59:14+00:00","description":"Secrets of Malaga. Kendi kendine rehberli bir \u015eehir Oyunu oynay\u0131n ve bulmacalar, bilmeceler ve g\u00f6revlerle \u015fehri ke\u015ffedin. Kendi h\u0131z\u0131n\u0131zda oynay\u0131n ve bir yerel gibi ke\u015ffedin!","breadcrumb":{"@id":"https:\/\/testwebsite.citygame.com\/tr\/games\/malaga\/secrets-of-malaga\/#breadcrumb"},"inLanguage":"tr","potentialAction":[{"@type":"ReadAction","target":["https:\/\/testwebsite.citygame.com\/tr\/games\/malaga\/secrets-of-malaga\/"]}]},{"@type":"ImageObject","inLanguage":"tr","@id":"https:\/\/testwebsite.citygame.com\/tr\/games\/malaga\/secrets-of-malaga\/#primaryimage","url":"https:\/\/testwebsite.citygame.com\/wp-content\/blogs.dir\/1\/files\/sites\/62\/2026\/03\/woman-using-phone-in-front-of-malaga-cathedral.jpg","contentUrl":"https:\/\/testwebsite.citygame.com\/wp-content\/blogs.dir\/1\/files\/sites\/62\/2026\/03\/woman-using-phone-in-front-of-malaga-cathedral.jpg","width":1024,"height":1024,"caption":"A visitor uses her phone while exploring the gardens near the M\u00e1laga Cathedral in Spain."},{"@type":"BreadcrumbList","@id":"https:\/\/testwebsite.citygame.com\/tr\/games\/malaga\/secrets-of-malaga\/#breadcrumb","itemListElement":[{"@type":"ListItem","position":1,"name":"Home","item":"https:\/\/testwebsite.citygame.com\/tr\/"},{"@type":"ListItem","position":2,"name":"Shop","item":"https:\/\/testwebsite.citygame.com\/shop\/"},{"@type":"ListItem","position":3,"name":"Secrets of Malaga"}]},{"@type":"WebSite","@id":"https:\/\/testwebsite.upevents.nl\/#website","url":"https:\/\/testwebsite.upevents.nl\/","name":"City Game","description":"","publisher":{"@id":"https:\/\/testwebsite.upevents.nl\/#organization"},"alternateName":"citygame.com","potentialAction":[{"@type":"SearchAction","target":{"@type":"EntryPoint","urlTemplate":"https:\/\/testwebsite.upevents.nl\/?s={search_term_string}"},"query-input":{"@type":"PropertyValueSpecification","valueRequired":true,"valueName":"search_term_string"}}],"inLanguage":"tr"},{"@type":["Organization","Place"],"@id":"https:\/\/testwebsite.upevents.nl\/#organization","name":"City Game","alternateName":"citygame.com","url":"https:\/\/testwebsite.upevents.nl\/","logo":{"@id":"https:\/\/testwebsite.citygame.com\/tr\/games\/malaga\/secrets-of-malaga\/#local-main-organization-logo"},"image":{"@id":"https:\/\/testwebsite.citygame.com\/tr\/games\/malaga\/secrets-of-malaga\/#local-main-organization-logo"},"sameAs":["https:\/\/www.facebook.com\/profile.php?id=100086426226253","https:\/\/www.instagram.com\/citygame_com","https:\/\/www.tiktok.com\/@citygamecom\/","https:\/\/www.linkedin.com\/company\/citygame-com"],"description":"Turn any city into a playground with our interactive City Games and self-guided tours. Fun, flexible, and ideal for groups and team building.","telephone":[],"openingHoursSpecification":[{"@type":"OpeningHoursSpecification","dayOfWeek":["Monday","Tuesday","Wednesday","Thursday","Friday","Saturday","Sunday"],"opens":"09:00","closes":"17:00"}]},{"@type":"ImageObject","inLanguage":"tr","@id":"https:\/\/testwebsite.citygame.com\/tr\/games\/malaga\/secrets-of-malaga\/#local-main-organization-logo","url":"https:\/\/testwebsite.citygame.com\/wp-content\/blogs.dir\/1\/files\/sites\/62\/2025\/10\/CG_LOGO-City-Game.png","contentUrl":"https:\/\/testwebsite.citygame.com\/wp-content\/blogs.dir\/1\/files\/sites\/62\/2025\/10\/CG_LOGO-City-Game.png","width":351,"height":377,"caption":"City Game"}]}},"taxonomy_info":{"game-concept":[{"value":732,"label":"Secrets"}],"location":[{"value":260,"label":"Malaga"}],"product_cat":[{"value":27,"label":"Geen categorie"}]},"featured_image_src_large":["https:\/\/testwebsite.citygame.com\/wp-content\/blogs.dir\/1\/files\/sites\/62\/2026\/03\/woman-using-phone-in-front-of-malaga-cathedral.jpg",1024,1024,false],"author_info":[],"comment_info":"","_links":{"self":[{"href":"https:\/\/testwebsite.citygame.com\/tr\/wp-json\/wp\/v2\/product\/60563","targetHints":{"allow":["GET"]}}],"collection":[{"href":"https:\/\/testwebsite.citygame.com\/tr\/wp-json\/wp\/v2\/product"}],"about":[{"href":"https:\/\/testwebsite.citygame.com\/tr\/wp-json\/wp\/v2\/types\/product"}],"acf:post":[{"embeddable":true,"href":"https:\/\/testwebsite.citygame.com\/tr\/wp-json\/wp\/v2\/pages\/6758"}],"wp:featuredmedia":[{"embeddable":true,"href":"https:\/\/testwebsite.citygame.com\/tr\/wp-json\/wp\/v2\/media\/18304"}],"wp:attachment":[{"href":"https:\/\/testwebsite.citygame.com\/tr\/wp-json\/wp\/v2\/media?parent=60563"}],"wp:term":[{"taxonomy":"game-concept","embeddable":true,"href":"https:\/\/testwebsite.citygame.com\/tr\/wp-json\/wp\/v2\/game-concept?post=60563"},{"taxonomy":"location","embeddable":true,"href":"https:\/\/testwebsite.citygame.com\/tr\/wp-json\/wp\/v2\/location?post=60563"},{"taxonomy":"product_brand","embeddable":true,"href":"https:\/\/testwebsite.citygame.com\/tr\/wp-json\/wp\/v2\/product_brand?post=60563"},{"taxonomy":"product_cat","embeddable":true,"href":"https:\/\/testwebsite.citygame.com\/tr\/wp-json\/wp\/v2\/product_cat?post=60563"},{"taxonomy":"product_tag","embeddable":true,"href":"https:\/\/testwebsite.citygame.com\/tr\/wp-json\/wp\/v2\/product_tag?post=60563"}],"curies":[{"name":"wp","href":"https:\/\/api.w.org\/{rel}","templated":true}]}}