{"id":60000,"date":"2026-03-13T09:32:36","date_gmt":"2026-03-13T09:32:36","guid":{"rendered":"https:\/\/testwebsite.citygame.com\/games\/unknown-location\/secrets-of-jerez-de-la-frontera\/"},"modified":"2026-04-08T05:00:19","modified_gmt":"2026-04-08T05:00:19","slug":"secrets-of-jerez-de-la-frontera","status":"publish","type":"product","link":"https:\/\/testwebsite.citygame.com\/tr\/games\/jerez-de-la-frontera\/secrets-of-jerez-de-la-frontera\/","title":{"rendered":"Secrets of Jerez de la Frontera"},"content":{"rendered":"<p>Secrets of Jerez de la Frontera \u015eehir Oyunumuz ile Jerez de la Frontera \u015fehir merkezini yepyeni bir \u015fekilde deneyimleyin. Bu kendi kendine rehberli, GPS tabanl\u0131 ke\u015fif oyunu, ak\u0131ll\u0131 telefonunuzda karma\u015f\u0131k bulmacalar\u0131, bilmeceleri ve etkile\u015fimli foto\u011fraf m\u00fccadelelerini \u00e7\u00f6zerken \u015fehrin gizli hikayelerini ortaya \u00e7\u0131karma f\u0131rsat\u0131 sunar. Jerez&#8217;in zengin tarihine ve canl\u0131 k\u00fclt\u00fcr\u00fcne dalacak, yerel halk\u0131n bile g\u00f6zden ka\u00e7\u0131rm\u0131\u015f olabilece\u011fi bilinmeyen detaylar\u0131 ke\u015ffedeceksiniz. Yaln\u0131z bir yolculuk i\u00e7in veya \u00e7iftler, aileler ve arkada\u015f gruplar\u0131 i\u00e7in e\u011flenceli bir etkinlik olarak ideal olan oyunumuz, hem yerel halk hem de turistler i\u00e7in Jerez de la Frontera&#8217;y\u0131 daha \u00f6nce hi\u00e7 olmad\u0131\u011f\u0131 gibi deneyimlemeleri i\u00e7in harika \u00e7al\u0131\u015f\u0131yor.<\/p>\n","protected":false},"excerpt":{"rendered":"<p>Jerez de la Frontera&#8217;n\u0131n Flamenko ate\u015fini ke\u015ffedin! Tarihin her kemerde ya\u015fad\u0131\u011f\u0131 ve k\u00fclt\u00fcr\u00fcn \u015farap mahzenlerinden g\u00f6z kama\u015ft\u0131r\u0131c\u0131 dans st\u00fcdyolar\u0131na kadar yank\u0131land\u0131\u011f\u0131 bir \u015fehre dal\u0131n, ruh dolu koridorlar\u0131nda dola\u015f\u0131rken gizemi \u00e7\u00f6z\u00fcn, \u00e7\u00fcnk\u00fc Jerez de la Frontera capcanl\u0131 ve sizi bekliyor!<\/p>\n","protected":false},"featured_media":18423,"template":"","meta":{"_acf_changed":false,"_yoast_wpseo_focuskw":"Secrets of Jerez de la Frontera","_yoast_wpseo_metadesc":"Secrets of Jerez de la Frontera. Kendi kendine rehberli bir \u015eehir Oyunu oynay\u0131n ve bulmacalar, bilmeceler ve meydan okumalarla \u015fehri ke\u015ffedin. Kendi h\u0131z\u0131n\u0131zda oynay\u0131n ve bir yerel gibi ke\u015ffedin!","_kad_blocks_custom_css":"","_kad_blocks_head_custom_js":"","_kad_blocks_body_custom_js":"","_kad_blocks_footer_custom_js":"","ghostkit_customizer_options":"","ghostkit_custom_css":"","ghostkit_custom_js_head":"","ghostkit_custom_js_foot":"","ghostkit_typography":"","_kad_post_transparent":"","_kad_post_title":"","_kad_post_layout":"","_kad_post_sidebar_id":"","_kad_post_content_style":"","_kad_post_vertical_padding":"","_kad_post_feature":"","_kad_post_feature_position":"","_kad_post_header":false,"_kad_post_footer":false,"_kad_post_classname":"","_links_to":"","_links_to_target":""},"game-concept":[732],"location":[215],"product_brand":[],"product_cat":[27],"product_tag":[],"class_list":{"0":"post-60000","1":"product","2":"type-product","3":"status-publish","4":"has-post-thumbnail","6":"game-concept-secrets","7":"location-jerez-de-la-frontera","8":"product_cat-geen-categorie","10":"first","11":"instock","12":"shipping-taxable","13":"purchasable","14":"product-type-simple","15":"entry","16":"content-bg","17":"loop-entry"},"acf":{"full_bokun_product_name":"Self-Guided Secrets of Jerez de la Frontera Exploration Game","location_name":"Jerez de la Frontera","bokun_calendar_widget_code":"<script type=\"text\/javascript\" src=\"https:\/\/widgets.bokun.io\/assets\/javascripts\/apps\/build\/BokunWidgetsLoader.js?bookingChannelUUID=a1e93e96-5232-4734-a595-28405f4b5a31\" async><\/script>\n     \n    <div class=\"bokunWidget\" data-src=\"https:\/\/widgets.bokun.io\/online-sales\/a1e93e96-5232-4734-a595-28405f4b5a31\/experience-calendar\/828178\"><\/div>\n    <noscript>Please enable javascript in your browser to book<\/noscript>","bokun_button_widget_code":"<script type=\"text\/javascript\" src=\"https:\/\/widgets.bokun.io\/assets\/javascripts\/apps\/build\/BokunWidgetsLoader.js?bookingChannelUUID=a1e93e96-5232-4734-a595-28405f4b5a31\" async><\/script>\n      <style> #bokun_ed001e45_5927_4f62_b470_ca766338d083 { display: inline-block; padding: .4em 1em; background: #47b82e; border-radius: 999999px; box-shadow: none; font-weight: 600; font-size: 24px; text-decoration: none; text-align: center; color: #FFFFFF; border:none; cursor: pointer; transition: background .2s ease; } #bokun_ed001e45_5927_4f62_b470_ca766338d083:hover{ background: #2f7b1f; } #bokun_ed001e45_5927_4f62_b470_ca766338d083:active{ background: #378f24; } <\/style> <button class=\"bokunButton\" disabled id=bokun_ed001e45_5927_4f62_b470_ca766338d083 data-src=\"https:\/\/widgets.bokun.io\/online-sales\/a1e93e96-5232-4734-a595-28405f4b5a31\/experience-calendar\/828178?partialView=1\" data-testid=\"widget-book-button\" > Book now <\/button> ","what_you\u2019ll_experience_during_the_game":"Gezilecek yerleri ve interaktif e\u011flenceyi benzersiz bir \u015fekilde harmanlayan \u015eehir Oyunumuz ile Jerez de la Frontera'n\u0131n canl\u0131 ritmine kendinizi b\u0131rak\u0131n. Jerez'in b\u00fcy\u00fcleyici sokaklar\u0131nda dola\u015f\u0131rken, hem ikonik hem de az bilinen simge yap\u0131lar oyun alan\u0131n\u0131z haline gelecek. Yerel halk\u0131n bile bilmedi\u011fi k\u00f6\u015feleri ke\u015ffederken \u015fehrin b\u00fcy\u00fcleyici atmosferini soluyun. Yolculu\u011funuz sizi item 0'\u0131n b\u00fcy\u00fcleyici mimarisi, item 2'de gizlenmi\u015f sakl\u0131 m\u00fccevherler ve item 4'\u00fcn duvarlar\u0131n\u0131n ard\u0131nda gizlenmi\u015f b\u00fcy\u00fcleyici tarih gibi \u00f6nemli noktalar boyunca y\u00f6nlendirecek.\n\nBu \u015fehir ke\u015ffinin oyun y\u00f6n\u00fc sadece gezilecek yerlerle s\u0131n\u0131rl\u0131 de\u011fil. Jerez de la Frontera'daki yolculu\u011funuz ilerledik\u00e7e, bir dizi b\u00fcy\u00fcleyici bulmaca, \u015fifreli bilmece, sorgulay\u0131c\u0131 soru ve yarat\u0131c\u0131 foto\u011fraf m\u00fccadelesiyle kar\u015f\u0131la\u015facaks\u0131n\u0131z. Fethetti\u011finiz her m\u00fccadele puan hanenize eklenir; ipu\u00e7lar\u0131n\u0131n kilidini a\u00e7ar ve sizi son gizemi \u00e7\u00f6zmeye bir ad\u0131m daha yakla\u015ft\u0131r\u0131r. Rekabeti sevenler i\u00e7in liderlik tablomuzda bir yer kapma \u015fans\u0131 var. \u00dcstelik, \u015eehir Oyunumuz bo\u015f zamanlar\u0131n\u0131zda duraklama esnekli\u011fi sunar, b\u00f6ylece istedi\u011finiz zaman devam edebilir, Jerez de la Frontera ke\u015ffinize ki\u015fiselle\u015ftirilmi\u015f bir dokunu\u015f katabilirsiniz.","how_to_play":"Ke\u015fif Oyununu ay\u0131rt\u0131n, size g\u00f6nderdi\u011fimiz e-postadaki basit talimatlar\u0131 kontrol edin, Loquiz Uygulamas\u0131n\u0131 indirin, Ke\u015fif Oyununa eri\u015fin ve oyun deneyiminize ba\u015flamaya haz\u0131rs\u0131n\u0131z!","start_location":"Jerez de la Frontera, Plaza del Arenal","available_languages":["en"],"players_per_group":"1-4","duration":"1.5-2 hours","image_overlay_color_image":"https:\/\/testwebsite.citygame.com\/wp-content\/blogs.dir\/1\/files\/sites\/62\/2026\/01\/SecretsColor.svg","image_overlay_game_logo":"https:\/\/testwebsite.citygame.com\/wp-content\/blogs.dir\/1\/files\/sites\/62\/2026\/01\/SecretsLogo.png","city_page":13234,"woocommerce_general_content":null},"yoast_head":"<!-- This site is optimized with the Yoast SEO Premium plugin v26.2 (Yoast SEO v26.3) - https:\/\/yoast.com\/wordpress\/plugins\/seo\/ -->\n<title>Secrets of Jerez de la Frontera - City Game<\/title>\n<meta name=\"description\" content=\"Secrets of Jerez de la Frontera. Kendi kendine rehberli bir \u015eehir Oyunu oynay\u0131n ve bulmacalar, bilmeceler ve meydan okumalarla \u015fehri ke\u015ffedin. Kendi h\u0131z\u0131n\u0131zda oynay\u0131n ve bir yerel gibi ke\u015ffedin!\" \/>\n<meta name=\"robots\" content=\"noindex, follow, max-snippet:-1, max-image-preview:large, max-video-preview:-1\" \/>\n<meta property=\"og:locale\" content=\"tr_TR\" \/>\n<meta property=\"og:type\" content=\"article\" \/>\n<meta property=\"og:title\" content=\"Secrets of Jerez de la Frontera\" \/>\n<meta property=\"og:description\" content=\"Secrets of Jerez de la Frontera. Kendi kendine rehberli bir \u015eehir Oyunu oynay\u0131n ve bulmacalar, bilmeceler ve meydan okumalarla \u015fehri ke\u015ffedin. Kendi h\u0131z\u0131n\u0131zda oynay\u0131n ve bir yerel gibi ke\u015ffedin!\" \/>\n<meta property=\"og:url\" content=\"https:\/\/testwebsite.citygame.com\/tr\/games\/jerez-de-la-frontera\/secrets-of-jerez-de-la-frontera\/\" \/>\n<meta property=\"og:site_name\" content=\"City Game\" \/>\n<meta property=\"article:publisher\" content=\"https:\/\/www.facebook.com\/profile.php?id=100086426226253\" \/>\n<meta property=\"article:modified_time\" content=\"2026-04-08T05:00:19+00:00\" \/>\n<meta property=\"og:image\" content=\"https:\/\/testwebsite.citygame.com\/wp-content\/blogs.dir\/1\/files\/sites\/62\/2026\/03\/jerez-de-la-frontera-cathedral-steps-spain.jpg\" \/>\n\t<meta property=\"og:image:width\" content=\"1024\" \/>\n\t<meta property=\"og:image:height\" content=\"1024\" \/>\n\t<meta property=\"og:image:type\" content=\"image\/jpeg\" \/>\n<meta name=\"twitter:card\" content=\"summary_large_image\" \/>\n<meta name=\"twitter:label1\" content=\"Tahmini okuma s\u00fcresi\" \/>\n\t<meta name=\"twitter:data1\" content=\"1 dakika\" \/>\n<script type=\"application\/ld+json\" class=\"yoast-schema-graph\">{\"@context\":\"https:\/\/schema.org\",\"@graph\":[{\"@type\":\"WebPage\",\"@id\":\"https:\/\/testwebsite.citygame.com\/tr\/games\/jerez-de-la-frontera\/secrets-of-jerez-de-la-frontera\/\",\"url\":\"https:\/\/testwebsite.citygame.com\/tr\/games\/jerez-de-la-frontera\/secrets-of-jerez-de-la-frontera\/\",\"name\":\"Secrets of Jerez de la Frontera - City Game\",\"isPartOf\":{\"@id\":\"https:\/\/testwebsite.upevents.nl\/#website\"},\"primaryImageOfPage\":{\"@id\":\"https:\/\/testwebsite.citygame.com\/tr\/games\/jerez-de-la-frontera\/secrets-of-jerez-de-la-frontera\/#primaryimage\"},\"image\":{\"@id\":\"https:\/\/testwebsite.citygame.com\/tr\/games\/jerez-de-la-frontera\/secrets-of-jerez-de-la-frontera\/#primaryimage\"},\"thumbnailUrl\":\"https:\/\/testwebsite.citygame.com\/wp-content\/blogs.dir\/1\/files\/sites\/62\/2026\/03\/jerez-de-la-frontera-cathedral-steps-spain.jpg\",\"datePublished\":\"2026-03-13T09:32:36+00:00\",\"dateModified\":\"2026-04-08T05:00:19+00:00\",\"description\":\"Secrets of Jerez de la Frontera. Kendi kendine rehberli bir \u015eehir Oyunu oynay\u0131n ve bulmacalar, bilmeceler ve meydan okumalarla \u015fehri ke\u015ffedin. Kendi h\u0131z\u0131n\u0131zda oynay\u0131n ve bir yerel gibi ke\u015ffedin!\",\"breadcrumb\":{\"@id\":\"https:\/\/testwebsite.citygame.com\/tr\/games\/jerez-de-la-frontera\/secrets-of-jerez-de-la-frontera\/#breadcrumb\"},\"inLanguage\":\"tr\",\"potentialAction\":[{\"@type\":\"ReadAction\",\"target\":[\"https:\/\/testwebsite.citygame.com\/tr\/games\/jerez-de-la-frontera\/secrets-of-jerez-de-la-frontera\/\"]}]},{\"@type\":\"ImageObject\",\"inLanguage\":\"tr\",\"@id\":\"https:\/\/testwebsite.citygame.com\/tr\/games\/jerez-de-la-frontera\/secrets-of-jerez-de-la-frontera\/#primaryimage\",\"url\":\"https:\/\/testwebsite.citygame.com\/wp-content\/blogs.dir\/1\/files\/sites\/62\/2026\/03\/jerez-de-la-frontera-cathedral-steps-spain.jpg\",\"contentUrl\":\"https:\/\/testwebsite.citygame.com\/wp-content\/blogs.dir\/1\/files\/sites\/62\/2026\/03\/jerez-de-la-frontera-cathedral-steps-spain.jpg\",\"width\":1024,\"height\":1024,\"caption\":\"Enjoying the sunny view from the historic steps of the cathedral in Jerez de la Frontera.\"},{\"@type\":\"BreadcrumbList\",\"@id\":\"https:\/\/testwebsite.citygame.com\/tr\/games\/jerez-de-la-frontera\/secrets-of-jerez-de-la-frontera\/#breadcrumb\",\"itemListElement\":[{\"@type\":\"ListItem\",\"position\":1,\"name\":\"Home\",\"item\":\"https:\/\/testwebsite.citygame.com\/tr\/\"},{\"@type\":\"ListItem\",\"position\":2,\"name\":\"Shop\",\"item\":\"https:\/\/testwebsite.citygame.com\/shop\/\"},{\"@type\":\"ListItem\",\"position\":3,\"name\":\"Secrets of Jerez de la Frontera\"}]},{\"@type\":\"WebSite\",\"@id\":\"https:\/\/testwebsite.upevents.nl\/#website\",\"url\":\"https:\/\/testwebsite.upevents.nl\/\",\"name\":\"City Game\",\"description\":\"\",\"publisher\":{\"@id\":\"https:\/\/testwebsite.upevents.nl\/#organization\"},\"alternateName\":\"citygame.com\",\"potentialAction\":[{\"@type\":\"SearchAction\",\"target\":{\"@type\":\"EntryPoint\",\"urlTemplate\":\"https:\/\/testwebsite.upevents.nl\/?s={search_term_string}\"},\"query-input\":{\"@type\":\"PropertyValueSpecification\",\"valueRequired\":true,\"valueName\":\"search_term_string\"}}],\"inLanguage\":\"tr\"},{\"@type\":[\"Organization\",\"Place\"],\"@id\":\"https:\/\/testwebsite.upevents.nl\/#organization\",\"name\":\"City Game\",\"alternateName\":\"citygame.com\",\"url\":\"https:\/\/testwebsite.upevents.nl\/\",\"logo\":{\"@id\":\"https:\/\/testwebsite.citygame.com\/tr\/games\/jerez-de-la-frontera\/secrets-of-jerez-de-la-frontera\/#local-main-organization-logo\"},\"image\":{\"@id\":\"https:\/\/testwebsite.citygame.com\/tr\/games\/jerez-de-la-frontera\/secrets-of-jerez-de-la-frontera\/#local-main-organization-logo\"},\"sameAs\":[\"https:\/\/www.facebook.com\/profile.php?id=100086426226253\",\"https:\/\/www.instagram.com\/citygame_com\",\"https:\/\/www.tiktok.com\/@citygamecom\/\",\"https:\/\/www.linkedin.com\/company\/citygame-com\"],\"description\":\"Turn any city into a playground with our interactive City Games and self-guided tours. Fun, flexible, and ideal for groups and team building.\",\"telephone\":[],\"openingHoursSpecification\":[{\"@type\":\"OpeningHoursSpecification\",\"dayOfWeek\":[\"Monday\",\"Tuesday\",\"Wednesday\",\"Thursday\",\"Friday\",\"Saturday\",\"Sunday\"],\"opens\":\"09:00\",\"closes\":\"17:00\"}]},{\"@type\":\"ImageObject\",\"inLanguage\":\"tr\",\"@id\":\"https:\/\/testwebsite.citygame.com\/tr\/games\/jerez-de-la-frontera\/secrets-of-jerez-de-la-frontera\/#local-main-organization-logo\",\"url\":\"https:\/\/testwebsite.citygame.com\/wp-content\/blogs.dir\/1\/files\/sites\/62\/2025\/10\/CG_LOGO-City-Game.png\",\"contentUrl\":\"https:\/\/testwebsite.citygame.com\/wp-content\/blogs.dir\/1\/files\/sites\/62\/2025\/10\/CG_LOGO-City-Game.png\",\"width\":351,\"height\":377,\"caption\":\"City Game\"}]}<\/script>\n<!-- \/ Yoast SEO Premium plugin. -->","yoast_head_json":{"title":"Secrets of Jerez de la Frontera - City Game","description":"Secrets of Jerez de la Frontera. Kendi kendine rehberli bir \u015eehir Oyunu oynay\u0131n ve bulmacalar, bilmeceler ve meydan okumalarla \u015fehri ke\u015ffedin. Kendi h\u0131z\u0131n\u0131zda oynay\u0131n ve bir yerel gibi ke\u015ffedin!","robots":{"index":"noindex","follow":"follow","max-snippet":"max-snippet:-1","max-image-preview":"max-image-preview:large","max-video-preview":"max-video-preview:-1"},"og_locale":"tr_TR","og_type":"article","og_title":"Secrets of Jerez de la Frontera","og_description":"Secrets of Jerez de la Frontera. Kendi kendine rehberli bir \u015eehir Oyunu oynay\u0131n ve bulmacalar, bilmeceler ve meydan okumalarla \u015fehri ke\u015ffedin. Kendi h\u0131z\u0131n\u0131zda oynay\u0131n ve bir yerel gibi ke\u015ffedin!","og_url":"https:\/\/testwebsite.citygame.com\/tr\/games\/jerez-de-la-frontera\/secrets-of-jerez-de-la-frontera\/","og_site_name":"City Game","article_publisher":"https:\/\/www.facebook.com\/profile.php?id=100086426226253","article_modified_time":"2026-04-08T05:00:19+00:00","og_image":[{"width":1024,"height":1024,"url":"https:\/\/testwebsite.citygame.com\/wp-content\/blogs.dir\/1\/files\/sites\/62\/2026\/03\/jerez-de-la-frontera-cathedral-steps-spain.jpg","type":"image\/jpeg"}],"twitter_card":"summary_large_image","twitter_misc":{"Tahmini okuma s\u00fcresi":"1 dakika"},"schema":{"@context":"https:\/\/schema.org","@graph":[{"@type":"WebPage","@id":"https:\/\/testwebsite.citygame.com\/tr\/games\/jerez-de-la-frontera\/secrets-of-jerez-de-la-frontera\/","url":"https:\/\/testwebsite.citygame.com\/tr\/games\/jerez-de-la-frontera\/secrets-of-jerez-de-la-frontera\/","name":"Secrets of Jerez de la Frontera - City Game","isPartOf":{"@id":"https:\/\/testwebsite.upevents.nl\/#website"},"primaryImageOfPage":{"@id":"https:\/\/testwebsite.citygame.com\/tr\/games\/jerez-de-la-frontera\/secrets-of-jerez-de-la-frontera\/#primaryimage"},"image":{"@id":"https:\/\/testwebsite.citygame.com\/tr\/games\/jerez-de-la-frontera\/secrets-of-jerez-de-la-frontera\/#primaryimage"},"thumbnailUrl":"https:\/\/testwebsite.citygame.com\/wp-content\/blogs.dir\/1\/files\/sites\/62\/2026\/03\/jerez-de-la-frontera-cathedral-steps-spain.jpg","datePublished":"2026-03-13T09:32:36+00:00","dateModified":"2026-04-08T05:00:19+00:00","description":"Secrets of Jerez de la Frontera. Kendi kendine rehberli bir \u015eehir Oyunu oynay\u0131n ve bulmacalar, bilmeceler ve meydan okumalarla \u015fehri ke\u015ffedin. Kendi h\u0131z\u0131n\u0131zda oynay\u0131n ve bir yerel gibi ke\u015ffedin!","breadcrumb":{"@id":"https:\/\/testwebsite.citygame.com\/tr\/games\/jerez-de-la-frontera\/secrets-of-jerez-de-la-frontera\/#breadcrumb"},"inLanguage":"tr","potentialAction":[{"@type":"ReadAction","target":["https:\/\/testwebsite.citygame.com\/tr\/games\/jerez-de-la-frontera\/secrets-of-jerez-de-la-frontera\/"]}]},{"@type":"ImageObject","inLanguage":"tr","@id":"https:\/\/testwebsite.citygame.com\/tr\/games\/jerez-de-la-frontera\/secrets-of-jerez-de-la-frontera\/#primaryimage","url":"https:\/\/testwebsite.citygame.com\/wp-content\/blogs.dir\/1\/files\/sites\/62\/2026\/03\/jerez-de-la-frontera-cathedral-steps-spain.jpg","contentUrl":"https:\/\/testwebsite.citygame.com\/wp-content\/blogs.dir\/1\/files\/sites\/62\/2026\/03\/jerez-de-la-frontera-cathedral-steps-spain.jpg","width":1024,"height":1024,"caption":"Enjoying the sunny view from the historic steps of the cathedral in Jerez de la Frontera."},{"@type":"BreadcrumbList","@id":"https:\/\/testwebsite.citygame.com\/tr\/games\/jerez-de-la-frontera\/secrets-of-jerez-de-la-frontera\/#breadcrumb","itemListElement":[{"@type":"ListItem","position":1,"name":"Home","item":"https:\/\/testwebsite.citygame.com\/tr\/"},{"@type":"ListItem","position":2,"name":"Shop","item":"https:\/\/testwebsite.citygame.com\/shop\/"},{"@type":"ListItem","position":3,"name":"Secrets of Jerez de la Frontera"}]},{"@type":"WebSite","@id":"https:\/\/testwebsite.upevents.nl\/#website","url":"https:\/\/testwebsite.upevents.nl\/","name":"City Game","description":"","publisher":{"@id":"https:\/\/testwebsite.upevents.nl\/#organization"},"alternateName":"citygame.com","potentialAction":[{"@type":"SearchAction","target":{"@type":"EntryPoint","urlTemplate":"https:\/\/testwebsite.upevents.nl\/?s={search_term_string}"},"query-input":{"@type":"PropertyValueSpecification","valueRequired":true,"valueName":"search_term_string"}}],"inLanguage":"tr"},{"@type":["Organization","Place"],"@id":"https:\/\/testwebsite.upevents.nl\/#organization","name":"City Game","alternateName":"citygame.com","url":"https:\/\/testwebsite.upevents.nl\/","logo":{"@id":"https:\/\/testwebsite.citygame.com\/tr\/games\/jerez-de-la-frontera\/secrets-of-jerez-de-la-frontera\/#local-main-organization-logo"},"image":{"@id":"https:\/\/testwebsite.citygame.com\/tr\/games\/jerez-de-la-frontera\/secrets-of-jerez-de-la-frontera\/#local-main-organization-logo"},"sameAs":["https:\/\/www.facebook.com\/profile.php?id=100086426226253","https:\/\/www.instagram.com\/citygame_com","https:\/\/www.tiktok.com\/@citygamecom\/","https:\/\/www.linkedin.com\/company\/citygame-com"],"description":"Turn any city into a playground with our interactive City Games and self-guided tours. Fun, flexible, and ideal for groups and team building.","telephone":[],"openingHoursSpecification":[{"@type":"OpeningHoursSpecification","dayOfWeek":["Monday","Tuesday","Wednesday","Thursday","Friday","Saturday","Sunday"],"opens":"09:00","closes":"17:00"}]},{"@type":"ImageObject","inLanguage":"tr","@id":"https:\/\/testwebsite.citygame.com\/tr\/games\/jerez-de-la-frontera\/secrets-of-jerez-de-la-frontera\/#local-main-organization-logo","url":"https:\/\/testwebsite.citygame.com\/wp-content\/blogs.dir\/1\/files\/sites\/62\/2025\/10\/CG_LOGO-City-Game.png","contentUrl":"https:\/\/testwebsite.citygame.com\/wp-content\/blogs.dir\/1\/files\/sites\/62\/2025\/10\/CG_LOGO-City-Game.png","width":351,"height":377,"caption":"City Game"}]}},"taxonomy_info":{"game-concept":[{"value":732,"label":"Secrets"}],"location":[{"value":215,"label":"Jerez de la Frontera"}],"product_cat":[{"value":27,"label":"Geen categorie"}]},"featured_image_src_large":["https:\/\/testwebsite.citygame.com\/wp-content\/blogs.dir\/1\/files\/sites\/62\/2026\/03\/jerez-de-la-frontera-cathedral-steps-spain.jpg",1024,1024,false],"author_info":[],"comment_info":"","_links":{"self":[{"href":"https:\/\/testwebsite.citygame.com\/tr\/wp-json\/wp\/v2\/product\/60000","targetHints":{"allow":["GET"]}}],"collection":[{"href":"https:\/\/testwebsite.citygame.com\/tr\/wp-json\/wp\/v2\/product"}],"about":[{"href":"https:\/\/testwebsite.citygame.com\/tr\/wp-json\/wp\/v2\/types\/product"}],"acf:post":[{"embeddable":true,"href":"https:\/\/testwebsite.citygame.com\/tr\/wp-json\/wp\/v2\/pages\/13234"}],"wp:featuredmedia":[{"embeddable":true,"href":"https:\/\/testwebsite.citygame.com\/tr\/wp-json\/wp\/v2\/media\/18423"}],"wp:attachment":[{"href":"https:\/\/testwebsite.citygame.com\/tr\/wp-json\/wp\/v2\/media?parent=60000"}],"wp:term":[{"taxonomy":"game-concept","embeddable":true,"href":"https:\/\/testwebsite.citygame.com\/tr\/wp-json\/wp\/v2\/game-concept?post=60000"},{"taxonomy":"location","embeddable":true,"href":"https:\/\/testwebsite.citygame.com\/tr\/wp-json\/wp\/v2\/location?post=60000"},{"taxonomy":"product_brand","embeddable":true,"href":"https:\/\/testwebsite.citygame.com\/tr\/wp-json\/wp\/v2\/product_brand?post=60000"},{"taxonomy":"product_cat","embeddable":true,"href":"https:\/\/testwebsite.citygame.com\/tr\/wp-json\/wp\/v2\/product_cat?post=60000"},{"taxonomy":"product_tag","embeddable":true,"href":"https:\/\/testwebsite.citygame.com\/tr\/wp-json\/wp\/v2\/product_tag?post=60000"}],"curies":[{"name":"wp","href":"https:\/\/api.w.org\/{rel}","templated":true}]}}