{"id":59486,"date":"2026-02-16T12:48:44","date_gmt":"2026-02-16T12:48:44","guid":{"rendered":"https:\/\/testwebsite.citygame.com\/games\/unknown-location\/sherlock-holmes-valencia\/"},"modified":"2026-04-08T04:07:49","modified_gmt":"2026-04-08T04:07:49","slug":"sherlock-holmes-valencia","status":"publish","type":"product","link":"https:\/\/testwebsite.citygame.com\/tr\/games\/valencia\/sherlock-holmes-valencia\/","title":{"rendered":"Sherlock Holmes Valencia"},"content":{"rendered":"<p>Valencia&#8217;daki Sherlock Holmes \u015eehir Oyunu, Valencia&#8217;n\u0131n tarihi \u015fehir merkezinde ge\u00e7en, kendi kendine rehberli, hikaye odakl\u0131 bir cinayet gizemidir. Liberty Festival s\u0131ras\u0131nda meydana gelen t\u00fcyler \u00fcrpertici bir cinayeti ara\u015ft\u0131r\u0131rken, \u015fehri s\u00fcr\u00fckleyici bir su\u00e7 mahalli olarak kullanarak Sherlock Holmes&#8217;un d\u00fcnyas\u0131na ad\u0131m at\u0131n. Geli\u015fen anlat\u0131 boyunca kendi h\u0131z\u0131n\u0131zda ilerlerken ipu\u00e7lar\u0131 toplayacak, karma\u015f\u0131k bulmacalar\u0131 \u00e7\u00f6zecek ve davay\u0131 \u00e7\u00f6zmek i\u00e7in dijital \u015f\u00fcphelileri sorgulayacaks\u0131n\u0131z.<\/p>\n","protected":false},"excerpt":{"rendered":"<p>Sherlock Holmes&#8217;un ilgi \u00e7ekici d\u00fcnyas\u0131na ad\u0131m at\u0131n ve Valencia&#8217;n\u0131n b\u00fcy\u00fcleyici sokaklar\u0131nda ge\u00e7en heyecan verici, kendi kendine rehberli bir cinayet gizemine at\u0131l\u0131n. Siz ve ekibiniz bilmeceleri \u00e7\u00f6zerken, \u015fifreli ipu\u00e7lar\u0131n\u0131 takip ederken ve zaman\u0131n zorlu bask\u0131s\u0131 alt\u0131nda t\u00fcyler \u00fcrpertici ger\u00e7e\u011fi ortaya \u00e7\u0131kar\u0131rken dedektiflik becerileriniz s\u0131nanacak!<\/p>\n","protected":false},"featured_media":14314,"template":"","meta":{"_acf_changed":false,"_yoast_wpseo_focuskw":"Sherlock Holmes Valencia","_yoast_wpseo_metadesc":"Sherlock Holmes Valencia. Kendi kendine rehberli bir cinayet gizemi \u015eehir Oyunu oynay\u0131n, bulmacalar\u0131 \u00e7\u00f6z\u00fcn, ipu\u00e7lar\u0131n\u0131 takip edin ve katili kendi h\u0131z\u0131n\u0131zda ortaya \u00e7\u0131kar\u0131n!","_kad_blocks_custom_css":"","_kad_blocks_head_custom_js":"","_kad_blocks_body_custom_js":"","_kad_blocks_footer_custom_js":"","ghostkit_customizer_options":"","ghostkit_custom_css":"","ghostkit_custom_js_head":"","ghostkit_custom_js_foot":"","ghostkit_typography":"","_kad_post_transparent":"","_kad_post_title":"","_kad_post_layout":"","_kad_post_sidebar_id":"","_kad_post_content_style":"","_kad_post_vertical_padding":"","_kad_post_feature":"","_kad_post_feature_position":"","_kad_post_header":false,"_kad_post_footer":false,"_kad_post_classname":"","_links_to":"","_links_to_target":""},"game-concept":[793],"location":[412],"product_brand":[],"product_cat":[27],"product_tag":[],"class_list":{"0":"post-59486","1":"product","2":"type-product","3":"status-publish","4":"has-post-thumbnail","6":"game-concept-sherlock","7":"location-valencia","8":"product_cat-geen-categorie","10":"first","11":"instock","12":"shipping-taxable","13":"purchasable","14":"product-type-simple","15":"entry","16":"content-bg","17":"loop-entry"},"acf":{"full_bokun_product_name":"Valencia Self-Guided Sherlock Holmes Murder Mystery Game","location_name":"Valencia","bokun_calendar_widget_code":"<script type=\"text\/javascript\" src=\"https:\/\/widgets.bokun.io\/assets\/javascripts\/apps\/build\/BokunWidgetsLoader.js?bookingChannelUUID=a1e93e96-5232-4734-a595-28405f4b5a31\" async><\/script>\n     \n    <div class=\"bokunWidget\" data-src=\"https:\/\/widgets.bokun.io\/online-sales\/a1e93e96-5232-4734-a595-28405f4b5a31\/experience-calendar\/731584\"><\/div>\n    <noscript>Please enable javascript in your browser to book<\/noscript>","bokun_button_widget_code":"<script type=\"text\/javascript\" src=\"https:\/\/widgets.bokun.io\/assets\/javascripts\/apps\/build\/BokunWidgetsLoader.js?bookingChannelUUID=a1e93e96-5232-4734-a595-28405f4b5a31\" async><\/script>\n      <style> #bokun_ed001e45_5927_4f62_b470_ca766338d083 { display: inline-block; padding: .4em 1em; background: #47b82e; border-radius: 999999px; box-shadow: none; font-weight: 600; font-size: 24px; text-decoration: none; text-align: center; color: #FFFFFF; border:none; cursor: pointer; transition: background .2s ease; } #bokun_ed001e45_5927_4f62_b470_ca766338d083:hover{ background: #2f7b1f; } #bokun_ed001e45_5927_4f62_b470_ca766338d083:active{ background: #378f24; } <\/style> <button class=\"bokunButton\" disabled id=bokun_ed001e45_5927_4f62_b470_ca766338d083 data-src=\"https:\/\/widgets.bokun.io\/online-sales\/a1e93e96-5232-4734-a595-28405f4b5a31\/experience-calendar\/731584?partialView=1\" data-testid=\"widget-book-button\" > Book now <\/button> ","what_you\u2019ll_experience_during_the_game":"Valencia'daki *Sherlock Holmes \u015eehir Oyunu*'nun s\u00fcr\u00fckleyici d\u00fcnyas\u0131na ad\u0131m att\u0131\u011f\u0131n\u0131zda, Liberty Festival'in kaosuna ba\u011fl\u0131 bir cinayet soru\u015fturmas\u0131nda ba\u015f dedektif olursunuz. Hikaye, \u015fehirde att\u0131\u011f\u0131n\u0131z her ad\u0131mla geli\u015fir; her konum, i\u00e7g\u00fcd\u00fclerinizi test eden ve zihninizi zorlayan yeni s\u00fcrprizler ortaya \u00e7\u0131kar\u0131r. \u0130pu\u00e7lar\u0131n\u0131n izini takip eder, katmanl\u0131 bulmacalar\u0131 \u00e7\u00f6zer ve gizemi derinle\u015ftiren \u00e7eli\u015fkili ifadelere kar\u015f\u0131la\u015f\u0131rs\u0131n\u0131z. Dijital \u015f\u00fcpheliler sorgulanmal\u0131, \u00e7eli\u015fkileri ve gizli motifleri ararken mazeretleri incelenmelidir.\n\nYa\u015fad\u0131\u011f\u0131n\u0131z her \u015fey anlat\u0131 taraf\u0131ndan y\u00f6nlendirilir; ele\u015ftirel d\u00fc\u015f\u00fcnceniz, keskin g\u00f6zleminiz ve keskin \u00e7\u0131kar\u0131m\u0131n\u0131z soru\u015fturmay\u0131 ilerletir. Davay\u0131 kendi h\u0131z\u0131n\u0131zda takip etmekte \u00f6zg\u00fcrs\u00fcn\u00fcz, istedi\u011finiz zaman duraklay\u0131p devam edebilirsiniz. \u0130ster tek ba\u015f\u0131n\u0131za ister vakay\u0131 daha h\u0131zl\u0131 \u00e7\u00f6zmek i\u00e7in yar\u0131\u015fan bir ekipte \u00e7al\u0131\u015f\u0131n, Liberty Festival cinayetinin arkas\u0131ndaki ger\u00e7ek kolayca ortaya \u00e7\u0131kmayacak. Yaln\u0131zca kendinizi dedektif rol\u00fcne tamamen kapt\u0131rarak Valencia'da ger\u00e7ekte ne oldu\u011funu ortaya \u00e7\u0131karmaya yakla\u015facaks\u0131n\u0131z.","how_to_play":"Tek ba\u015f\u0131n\u0131za veya arkada\u015flar\u0131n\u0131zla, ailenizle ya da meslekta\u015flar\u0131n\u0131zla, cihaz ba\u015f\u0131na en fazla d\u00f6rt ki\u015filik ekipler halinde oynay\u0131n. Rezervasyon yapt\u0131ktan sonra, ihtiyac\u0131n\u0131z olan her \u015feyi i\u00e7eren bir talimat e-postas\u0131 alacaks\u0131n\u0131z.","start_location":"Valencia, Pla\u00e7a de la Verge","available_languages":["en","es","fr","de","it","nl"],"players_per_group":"1-4","duration":"1.5-2 hours","image_overlay_color_image":"https:\/\/testwebsite.citygame.com\/wp-content\/blogs.dir\/1\/files\/sites\/62\/2026\/01\/SherlockColor.svg","image_overlay_game_logo":"https:\/\/testwebsite.citygame.com\/wp-content\/blogs.dir\/1\/files\/sites\/62\/2026\/01\/SherlockLogo.png","city_page":10586,"woocommerce_general_content":null},"yoast_head":"<!-- This site is optimized with the Yoast SEO Premium plugin v26.2 (Yoast SEO v26.3) - https:\/\/yoast.com\/wordpress\/plugins\/seo\/ -->\n<title>Sherlock Holmes Valencia - City Game<\/title>\n<meta name=\"description\" content=\"Sherlock Holmes Valencia. Kendi kendine rehberli bir cinayet gizemi \u015eehir Oyunu oynay\u0131n, bulmacalar\u0131 \u00e7\u00f6z\u00fcn, ipu\u00e7lar\u0131n\u0131 takip edin ve katili kendi h\u0131z\u0131n\u0131zda ortaya \u00e7\u0131kar\u0131n!\" \/>\n<meta name=\"robots\" content=\"noindex, follow, max-snippet:-1, max-image-preview:large, max-video-preview:-1\" \/>\n<meta property=\"og:locale\" content=\"tr_TR\" \/>\n<meta property=\"og:type\" content=\"article\" \/>\n<meta property=\"og:title\" content=\"Sherlock Holmes Valencia\" \/>\n<meta property=\"og:description\" content=\"Sherlock Holmes Valencia. Kendi kendine rehberli bir cinayet gizemi \u015eehir Oyunu oynay\u0131n, bulmacalar\u0131 \u00e7\u00f6z\u00fcn, ipu\u00e7lar\u0131n\u0131 takip edin ve katili kendi h\u0131z\u0131n\u0131zda ortaya \u00e7\u0131kar\u0131n!\" \/>\n<meta property=\"og:url\" content=\"https:\/\/testwebsite.citygame.com\/tr\/games\/valencia\/sherlock-holmes-valencia\/\" \/>\n<meta property=\"og:site_name\" content=\"City Game\" \/>\n<meta property=\"article:publisher\" content=\"https:\/\/www.facebook.com\/profile.php?id=100086426226253\" \/>\n<meta property=\"article:modified_time\" content=\"2026-04-08T04:07:49+00:00\" \/>\n<meta property=\"og:image\" content=\"https:\/\/testwebsite.citygame.com\/wp-content\/blogs.dir\/1\/files\/sites\/62\/2026\/02\/valencia-plaza-de-la-virgen-cafe-city-game.jpg\" \/>\n\t<meta property=\"og:image:width\" content=\"1024\" \/>\n\t<meta property=\"og:image:height\" content=\"1024\" \/>\n\t<meta property=\"og:image:type\" content=\"image\/jpeg\" \/>\n<meta name=\"twitter:card\" content=\"summary_large_image\" \/>\n<script type=\"application\/ld+json\" class=\"yoast-schema-graph\">{\"@context\":\"https:\/\/schema.org\",\"@graph\":[{\"@type\":\"WebPage\",\"@id\":\"https:\/\/testwebsite.citygame.com\/tr\/games\/valencia\/sherlock-holmes-valencia\/\",\"url\":\"https:\/\/testwebsite.citygame.com\/tr\/games\/valencia\/sherlock-holmes-valencia\/\",\"name\":\"Sherlock Holmes Valencia - City Game\",\"isPartOf\":{\"@id\":\"https:\/\/testwebsite.upevents.nl\/#website\"},\"primaryImageOfPage\":{\"@id\":\"https:\/\/testwebsite.citygame.com\/tr\/games\/valencia\/sherlock-holmes-valencia\/#primaryimage\"},\"image\":{\"@id\":\"https:\/\/testwebsite.citygame.com\/tr\/games\/valencia\/sherlock-holmes-valencia\/#primaryimage\"},\"thumbnailUrl\":\"https:\/\/testwebsite.citygame.com\/wp-content\/blogs.dir\/1\/files\/sites\/62\/2026\/02\/valencia-plaza-de-la-virgen-cafe-city-game.jpg\",\"datePublished\":\"2026-02-16T12:48:44+00:00\",\"dateModified\":\"2026-04-08T04:07:49+00:00\",\"description\":\"Sherlock Holmes Valencia. Kendi kendine rehberli bir cinayet gizemi \u015eehir Oyunu oynay\u0131n, bulmacalar\u0131 \u00e7\u00f6z\u00fcn, ipu\u00e7lar\u0131n\u0131 takip edin ve katili kendi h\u0131z\u0131n\u0131zda ortaya \u00e7\u0131kar\u0131n!\",\"breadcrumb\":{\"@id\":\"https:\/\/testwebsite.citygame.com\/tr\/games\/valencia\/sherlock-holmes-valencia\/#breadcrumb\"},\"inLanguage\":\"tr\",\"potentialAction\":[{\"@type\":\"ReadAction\",\"target\":[\"https:\/\/testwebsite.citygame.com\/tr\/games\/valencia\/sherlock-holmes-valencia\/\"]}]},{\"@type\":\"ImageObject\",\"inLanguage\":\"tr\",\"@id\":\"https:\/\/testwebsite.citygame.com\/tr\/games\/valencia\/sherlock-holmes-valencia\/#primaryimage\",\"url\":\"https:\/\/testwebsite.citygame.com\/wp-content\/blogs.dir\/1\/files\/sites\/62\/2026\/02\/valencia-plaza-de-la-virgen-cafe-city-game.jpg\",\"contentUrl\":\"https:\/\/testwebsite.citygame.com\/wp-content\/blogs.dir\/1\/files\/sites\/62\/2026\/02\/valencia-plaza-de-la-virgen-cafe-city-game.jpg\",\"width\":1024,\"height\":1024,\"caption\":\"A player enjoys a city game at an outdoor cafe in a historic square in Valencia.\"},{\"@type\":\"BreadcrumbList\",\"@id\":\"https:\/\/testwebsite.citygame.com\/tr\/games\/valencia\/sherlock-holmes-valencia\/#breadcrumb\",\"itemListElement\":[{\"@type\":\"ListItem\",\"position\":1,\"name\":\"Home\",\"item\":\"https:\/\/testwebsite.citygame.com\/tr\/\"},{\"@type\":\"ListItem\",\"position\":2,\"name\":\"Shop\",\"item\":\"https:\/\/testwebsite.citygame.com\/shop\/\"},{\"@type\":\"ListItem\",\"position\":3,\"name\":\"Sherlock Holmes Valencia\"}]},{\"@type\":\"WebSite\",\"@id\":\"https:\/\/testwebsite.upevents.nl\/#website\",\"url\":\"https:\/\/testwebsite.upevents.nl\/\",\"name\":\"City Game\",\"description\":\"\",\"publisher\":{\"@id\":\"https:\/\/testwebsite.upevents.nl\/#organization\"},\"alternateName\":\"citygame.com\",\"potentialAction\":[{\"@type\":\"SearchAction\",\"target\":{\"@type\":\"EntryPoint\",\"urlTemplate\":\"https:\/\/testwebsite.upevents.nl\/?s={search_term_string}\"},\"query-input\":{\"@type\":\"PropertyValueSpecification\",\"valueRequired\":true,\"valueName\":\"search_term_string\"}}],\"inLanguage\":\"tr\"},{\"@type\":[\"Organization\",\"Place\"],\"@id\":\"https:\/\/testwebsite.upevents.nl\/#organization\",\"name\":\"City Game\",\"alternateName\":\"citygame.com\",\"url\":\"https:\/\/testwebsite.upevents.nl\/\",\"logo\":{\"@id\":\"https:\/\/testwebsite.citygame.com\/tr\/games\/valencia\/sherlock-holmes-valencia\/#local-main-organization-logo\"},\"image\":{\"@id\":\"https:\/\/testwebsite.citygame.com\/tr\/games\/valencia\/sherlock-holmes-valencia\/#local-main-organization-logo\"},\"sameAs\":[\"https:\/\/www.facebook.com\/profile.php?id=100086426226253\",\"https:\/\/www.instagram.com\/citygame_com\",\"https:\/\/www.tiktok.com\/@citygamecom\/\",\"https:\/\/www.linkedin.com\/company\/citygame-com\"],\"description\":\"Turn any city into a playground with our interactive City Games and self-guided tours. Fun, flexible, and ideal for groups and team building.\",\"telephone\":[],\"openingHoursSpecification\":[{\"@type\":\"OpeningHoursSpecification\",\"dayOfWeek\":[\"Monday\",\"Tuesday\",\"Wednesday\",\"Thursday\",\"Friday\",\"Saturday\",\"Sunday\"],\"opens\":\"09:00\",\"closes\":\"17:00\"}]},{\"@type\":\"ImageObject\",\"inLanguage\":\"tr\",\"@id\":\"https:\/\/testwebsite.citygame.com\/tr\/games\/valencia\/sherlock-holmes-valencia\/#local-main-organization-logo\",\"url\":\"https:\/\/testwebsite.citygame.com\/wp-content\/blogs.dir\/1\/files\/sites\/62\/2025\/10\/CG_LOGO-City-Game.png\",\"contentUrl\":\"https:\/\/testwebsite.citygame.com\/wp-content\/blogs.dir\/1\/files\/sites\/62\/2025\/10\/CG_LOGO-City-Game.png\",\"width\":351,\"height\":377,\"caption\":\"City Game\"}]}<\/script>\n<!-- \/ Yoast SEO Premium plugin. -->","yoast_head_json":{"title":"Sherlock Holmes Valencia - City Game","description":"Sherlock Holmes Valencia. Kendi kendine rehberli bir cinayet gizemi \u015eehir Oyunu oynay\u0131n, bulmacalar\u0131 \u00e7\u00f6z\u00fcn, ipu\u00e7lar\u0131n\u0131 takip edin ve katili kendi h\u0131z\u0131n\u0131zda ortaya \u00e7\u0131kar\u0131n!","robots":{"index":"noindex","follow":"follow","max-snippet":"max-snippet:-1","max-image-preview":"max-image-preview:large","max-video-preview":"max-video-preview:-1"},"og_locale":"tr_TR","og_type":"article","og_title":"Sherlock Holmes Valencia","og_description":"Sherlock Holmes Valencia. Kendi kendine rehberli bir cinayet gizemi \u015eehir Oyunu oynay\u0131n, bulmacalar\u0131 \u00e7\u00f6z\u00fcn, ipu\u00e7lar\u0131n\u0131 takip edin ve katili kendi h\u0131z\u0131n\u0131zda ortaya \u00e7\u0131kar\u0131n!","og_url":"https:\/\/testwebsite.citygame.com\/tr\/games\/valencia\/sherlock-holmes-valencia\/","og_site_name":"City Game","article_publisher":"https:\/\/www.facebook.com\/profile.php?id=100086426226253","article_modified_time":"2026-04-08T04:07:49+00:00","og_image":[{"width":1024,"height":1024,"url":"https:\/\/testwebsite.citygame.com\/wp-content\/blogs.dir\/1\/files\/sites\/62\/2026\/02\/valencia-plaza-de-la-virgen-cafe-city-game.jpg","type":"image\/jpeg"}],"twitter_card":"summary_large_image","schema":{"@context":"https:\/\/schema.org","@graph":[{"@type":"WebPage","@id":"https:\/\/testwebsite.citygame.com\/tr\/games\/valencia\/sherlock-holmes-valencia\/","url":"https:\/\/testwebsite.citygame.com\/tr\/games\/valencia\/sherlock-holmes-valencia\/","name":"Sherlock Holmes Valencia - City Game","isPartOf":{"@id":"https:\/\/testwebsite.upevents.nl\/#website"},"primaryImageOfPage":{"@id":"https:\/\/testwebsite.citygame.com\/tr\/games\/valencia\/sherlock-holmes-valencia\/#primaryimage"},"image":{"@id":"https:\/\/testwebsite.citygame.com\/tr\/games\/valencia\/sherlock-holmes-valencia\/#primaryimage"},"thumbnailUrl":"https:\/\/testwebsite.citygame.com\/wp-content\/blogs.dir\/1\/files\/sites\/62\/2026\/02\/valencia-plaza-de-la-virgen-cafe-city-game.jpg","datePublished":"2026-02-16T12:48:44+00:00","dateModified":"2026-04-08T04:07:49+00:00","description":"Sherlock Holmes Valencia. Kendi kendine rehberli bir cinayet gizemi \u015eehir Oyunu oynay\u0131n, bulmacalar\u0131 \u00e7\u00f6z\u00fcn, ipu\u00e7lar\u0131n\u0131 takip edin ve katili kendi h\u0131z\u0131n\u0131zda ortaya \u00e7\u0131kar\u0131n!","breadcrumb":{"@id":"https:\/\/testwebsite.citygame.com\/tr\/games\/valencia\/sherlock-holmes-valencia\/#breadcrumb"},"inLanguage":"tr","potentialAction":[{"@type":"ReadAction","target":["https:\/\/testwebsite.citygame.com\/tr\/games\/valencia\/sherlock-holmes-valencia\/"]}]},{"@type":"ImageObject","inLanguage":"tr","@id":"https:\/\/testwebsite.citygame.com\/tr\/games\/valencia\/sherlock-holmes-valencia\/#primaryimage","url":"https:\/\/testwebsite.citygame.com\/wp-content\/blogs.dir\/1\/files\/sites\/62\/2026\/02\/valencia-plaza-de-la-virgen-cafe-city-game.jpg","contentUrl":"https:\/\/testwebsite.citygame.com\/wp-content\/blogs.dir\/1\/files\/sites\/62\/2026\/02\/valencia-plaza-de-la-virgen-cafe-city-game.jpg","width":1024,"height":1024,"caption":"A player enjoys a city game at an outdoor cafe in a historic square in Valencia."},{"@type":"BreadcrumbList","@id":"https:\/\/testwebsite.citygame.com\/tr\/games\/valencia\/sherlock-holmes-valencia\/#breadcrumb","itemListElement":[{"@type":"ListItem","position":1,"name":"Home","item":"https:\/\/testwebsite.citygame.com\/tr\/"},{"@type":"ListItem","position":2,"name":"Shop","item":"https:\/\/testwebsite.citygame.com\/shop\/"},{"@type":"ListItem","position":3,"name":"Sherlock Holmes Valencia"}]},{"@type":"WebSite","@id":"https:\/\/testwebsite.upevents.nl\/#website","url":"https:\/\/testwebsite.upevents.nl\/","name":"City Game","description":"","publisher":{"@id":"https:\/\/testwebsite.upevents.nl\/#organization"},"alternateName":"citygame.com","potentialAction":[{"@type":"SearchAction","target":{"@type":"EntryPoint","urlTemplate":"https:\/\/testwebsite.upevents.nl\/?s={search_term_string}"},"query-input":{"@type":"PropertyValueSpecification","valueRequired":true,"valueName":"search_term_string"}}],"inLanguage":"tr"},{"@type":["Organization","Place"],"@id":"https:\/\/testwebsite.upevents.nl\/#organization","name":"City Game","alternateName":"citygame.com","url":"https:\/\/testwebsite.upevents.nl\/","logo":{"@id":"https:\/\/testwebsite.citygame.com\/tr\/games\/valencia\/sherlock-holmes-valencia\/#local-main-organization-logo"},"image":{"@id":"https:\/\/testwebsite.citygame.com\/tr\/games\/valencia\/sherlock-holmes-valencia\/#local-main-organization-logo"},"sameAs":["https:\/\/www.facebook.com\/profile.php?id=100086426226253","https:\/\/www.instagram.com\/citygame_com","https:\/\/www.tiktok.com\/@citygamecom\/","https:\/\/www.linkedin.com\/company\/citygame-com"],"description":"Turn any city into a playground with our interactive City Games and self-guided tours. Fun, flexible, and ideal for groups and team building.","telephone":[],"openingHoursSpecification":[{"@type":"OpeningHoursSpecification","dayOfWeek":["Monday","Tuesday","Wednesday","Thursday","Friday","Saturday","Sunday"],"opens":"09:00","closes":"17:00"}]},{"@type":"ImageObject","inLanguage":"tr","@id":"https:\/\/testwebsite.citygame.com\/tr\/games\/valencia\/sherlock-holmes-valencia\/#local-main-organization-logo","url":"https:\/\/testwebsite.citygame.com\/wp-content\/blogs.dir\/1\/files\/sites\/62\/2025\/10\/CG_LOGO-City-Game.png","contentUrl":"https:\/\/testwebsite.citygame.com\/wp-content\/blogs.dir\/1\/files\/sites\/62\/2025\/10\/CG_LOGO-City-Game.png","width":351,"height":377,"caption":"City Game"}]}},"taxonomy_info":{"game-concept":[{"value":793,"label":"Sherlock"}],"location":[{"value":412,"label":"Valencia"}],"product_cat":[{"value":27,"label":"Geen categorie"}]},"featured_image_src_large":["https:\/\/testwebsite.citygame.com\/wp-content\/blogs.dir\/1\/files\/sites\/62\/2026\/02\/valencia-plaza-de-la-virgen-cafe-city-game.jpg",1024,1024,false],"author_info":[],"comment_info":"","_links":{"self":[{"href":"https:\/\/testwebsite.citygame.com\/tr\/wp-json\/wp\/v2\/product\/59486","targetHints":{"allow":["GET"]}}],"collection":[{"href":"https:\/\/testwebsite.citygame.com\/tr\/wp-json\/wp\/v2\/product"}],"about":[{"href":"https:\/\/testwebsite.citygame.com\/tr\/wp-json\/wp\/v2\/types\/product"}],"acf:post":[{"embeddable":true,"href":"https:\/\/testwebsite.citygame.com\/tr\/wp-json\/wp\/v2\/pages\/10586"}],"wp:featuredmedia":[{"embeddable":true,"href":"https:\/\/testwebsite.citygame.com\/tr\/wp-json\/wp\/v2\/media\/14314"}],"wp:attachment":[{"href":"https:\/\/testwebsite.citygame.com\/tr\/wp-json\/wp\/v2\/media?parent=59486"}],"wp:term":[{"taxonomy":"game-concept","embeddable":true,"href":"https:\/\/testwebsite.citygame.com\/tr\/wp-json\/wp\/v2\/game-concept?post=59486"},{"taxonomy":"location","embeddable":true,"href":"https:\/\/testwebsite.citygame.com\/tr\/wp-json\/wp\/v2\/location?post=59486"},{"taxonomy":"product_brand","embeddable":true,"href":"https:\/\/testwebsite.citygame.com\/tr\/wp-json\/wp\/v2\/product_brand?post=59486"},{"taxonomy":"product_cat","embeddable":true,"href":"https:\/\/testwebsite.citygame.com\/tr\/wp-json\/wp\/v2\/product_cat?post=59486"},{"taxonomy":"product_tag","embeddable":true,"href":"https:\/\/testwebsite.citygame.com\/tr\/wp-json\/wp\/v2\/product_tag?post=59486"}],"curies":[{"name":"wp","href":"https:\/\/api.w.org\/{rel}","templated":true}]}}