{"id":57969,"date":"2026-02-15T19:54:29","date_gmt":"2026-02-15T19:54:29","guid":{"rendered":"https:\/\/testwebsite.citygame.com\/games\/unknown-location\/the-frankfurt-syndicate\/"},"modified":"2026-04-08T01:26:14","modified_gmt":"2026-04-08T01:26:14","slug":"the-frankfurt-syndicate","status":"publish","type":"product","link":"https:\/\/testwebsite.citygame.com\/tr\/games\/frankfurt\/the-frankfurt-syndicate\/","title":{"rendered":"The Frankfurt Syndicate"},"content":{"rendered":"<p>Frankfurt&#8217;taki bu kendi kendine rehberli \u015eehir Ka\u00e7\u0131\u015f Oyunu, Frankfurt \u015fehir merkezinde ge\u00e7iyor. Bir ekip olarak, ele avuca s\u0131\u011fmaz Magnus&#8217;u bulmak ve \u00e7al\u0131nan alt\u0131 form\u00fcl\u00fc geri almak i\u00e7in geli\u015fen bir hikayeyi takip edeceksiniz, yol boyunca bir dizi bulmaca, g\u00f6rev ve zorlu\u011fun \u00fcstesinden gelerek. Frankfurt&#8217;ta bir \u015eehir Oyunu olarak tasarlanan bu g\u00f6rev tabanl\u0131 deneyim, ad\u0131m ad\u0131m bir formatta ekip \u00e7al\u0131\u015fmas\u0131n\u0131, anlat\u0131 ilerlemesini ve problem \u00e7\u00f6zmeyi vurgular.<\/p>\n","protected":false},"excerpt":{"rendered":"<p>S\u0131n\u0131rlar\u0131n\u0131z\u0131 zorlamak i\u00e7in tasarlanm\u0131\u015f, kendi kendine rehberli bir \u015eehir Ka\u00e7\u0131\u015f Oyunu ile Frankfurt&#8217;un ilgi \u00e7ekici sokaklar\u0131na ad\u0131m at\u0131n. Bulmacalar ve maceralar aras\u0131nda yolunuzu bulun, \u015fehrin i\u00e7inde yatan gizli ger\u00e7e\u011fi ortaya \u00e7\u0131karmak i\u00e7in ekibinizle uyumlu bir \u015fekilde \u00e7al\u0131\u015f\u0131n &#8211; meydan okumaya haz\u0131r olun!<\/p>\n","protected":false},"featured_media":13848,"template":"","meta":{"_acf_changed":false,"_yoast_wpseo_focuskw":"The Frankfurt Syndicate","_yoast_wpseo_metadesc":"The Frankfurt Syndicate. Kendi kendine rehberli bir \u015eehir Ka\u00e7\u0131\u015f Oyunu oynay\u0131n, bulmacalar\u0131 \u00e7\u00f6z\u00fcn, g\u00f6revleri tamamlay\u0131n ve \u00e7al\u0131nan form\u00fclleri kendi h\u0131z\u0131n\u0131zda geri al\u0131n!","_kad_blocks_custom_css":"","_kad_blocks_head_custom_js":"","_kad_blocks_body_custom_js":"","_kad_blocks_footer_custom_js":"","ghostkit_customizer_options":"","ghostkit_custom_css":"","ghostkit_custom_js_head":"","ghostkit_custom_js_foot":"","ghostkit_typography":"","_kad_post_transparent":"","_kad_post_title":"","_kad_post_layout":"","_kad_post_sidebar_id":"","_kad_post_content_style":"","_kad_post_vertical_padding":"","_kad_post_feature":"","_kad_post_feature_position":"","_kad_post_header":false,"_kad_post_footer":false,"_kad_post_classname":"","_links_to":"","_links_to_target":""},"game-concept":[763],"location":[167],"product_brand":[],"product_cat":[27],"product_tag":[],"class_list":{"0":"post-57969","1":"product","2":"type-product","3":"status-publish","4":"has-post-thumbnail","6":"game-concept-syndicate","7":"location-frankfurt","8":"product_cat-geen-categorie","10":"first","11":"instock","12":"shipping-taxable","13":"purchasable","14":"product-type-simple","15":"entry","16":"content-bg","17":"loop-entry"},"acf":{"full_bokun_product_name":"Self-Guided The Frankfurt Syndicate City Escape Game","location_name":"Frankfurt","bokun_calendar_widget_code":"<script type=\"text\/javascript\" src=\"https:\/\/widgets.bokun.io\/assets\/javascripts\/apps\/build\/BokunWidgetsLoader.js?bookingChannelUUID=a1e93e96-5232-4734-a595-28405f4b5a31\" async><\/script>\n     \n    <div class=\"bokunWidget\" data-src=\"https:\/\/widgets.bokun.io\/online-sales\/a1e93e96-5232-4734-a595-28405f4b5a31\/experience-calendar\/822601\"><\/div>\n    <noscript>Please enable javascript in your browser to book<\/noscript>","bokun_button_widget_code":"<script type=\"text\/javascript\" src=\"https:\/\/widgets.bokun.io\/assets\/javascripts\/apps\/build\/BokunWidgetsLoader.js?bookingChannelUUID=a1e93e96-5232-4734-a595-28405f4b5a31\" async><\/script>\n      <style> #bokun_ed001e45_5927_4f62_b470_ca766338d083 { display: inline-block; padding: .4em 1em; background: #47b82e; border-radius: 999999px; box-shadow: none; font-weight: 600; font-size: 24px; text-decoration: none; text-align: center; color: #FFFFFF; border:none; cursor: pointer; transition: background .2s ease; } #bokun_ed001e45_5927_4f62_b470_ca766338d083:hover{ background: #2f7b1f; } #bokun_ed001e45_5927_4f62_b470_ca766338d083:active{ background: #378f24; } <\/style> <button class=\"bokunButton\" disabled id=bokun_ed001e45_5927_4f62_b470_ca766338d083 data-src=\"https:\/\/widgets.bokun.io\/online-sales\/a1e93e96-5232-4734-a595-28405f4b5a31\/experience-calendar\/822601?partialView=1\" data-testid=\"widget-book-button\" > Book now <\/button> ","what_you\u2019ll_experience_during_the_game":"Siz ve ekibiniz Frankfurt sokaklar\u0131nda y\u00fcksek riskli bir ka\u00e7\u0131\u015f g\u00f6revine at\u0131l\u0131rs\u0131n\u0131z, burada her karar hikayeyi \u015fekillendirir. Operasyon k\u0131sa, g\u00fcvenli bir iletimle ba\u015flar ve \u015fehirde ilerledik\u00e7e ad\u0131m ad\u0131m t\u0131rman\u0131r, ipu\u00e7lar\u0131n\u0131 ortaya \u00e7\u0131kararak, bulmacalar\u0131 \u00e7\u00f6zerek ve \u015fifreli ileti\u015fimleri engelleyerek. \n\nAmac\u0131n\u0131z: ele avuca s\u0131\u011fmaz Magnus'u bulmak ve \u00e7al\u0131nan alt\u0131 kimyasal form\u00fcl\u00fc sonsuza dek kaybolmadan \u00f6nce geri almak. Yol boyunca ekibiniz kodlar\u0131 \u00e7\u00f6zecek, zamanl\u0131 g\u00f6revleri tamamlayacak ve tamamen hikaye odakl\u0131 bir deneyimde beklenmedik d\u00f6n\u00fc\u015flerde yol alacak. Ba\u015far\u0131, keskin karar verme, s\u00fcrekli ileti\u015fim ve bir birim olarak d\u00fc\u015f\u00fcnebilme yetene\u011fine ba\u011fl\u0131d\u0131r. G\u00f6rev istenildi\u011fi zaman duraklat\u0131labilir ve tekrar ba\u015flat\u0131labilir, ekibinize sahada nas\u0131l hareket edece\u011finiz konusunda tam kontrol sa\u011flar.","how_to_play":"\u015eehir Oyununu rezerve edin, size g\u00f6nderdi\u011fimiz talimat e-postas\u0131n\u0131 kontrol edin, Loquiz Uygulamas\u0131n\u0131 indirin ve oyun deneyiminize ba\u015flay\u0131n!","start_location":"Frankfurt, Paulsplatz","available_languages":["en"],"players_per_group":"1-4","duration":"1.5-2 hours","image_overlay_color_image":"https:\/\/testwebsite.citygame.com\/wp-content\/blogs.dir\/1\/files\/sites\/62\/2026\/01\/SyndicateColor.svg","image_overlay_game_logo":"https:\/\/testwebsite.citygame.com\/wp-content\/blogs.dir\/1\/files\/sites\/62\/2026\/01\/SyndicateLogo.png","city_page":5939,"woocommerce_general_content":null},"yoast_head":"<!-- This site is optimized with the Yoast SEO Premium plugin v26.2 (Yoast SEO v26.3) - https:\/\/yoast.com\/wordpress\/plugins\/seo\/ -->\n<title>The Frankfurt Syndicate - City Game<\/title>\n<meta name=\"description\" content=\"The Frankfurt Syndicate. Kendi kendine rehberli bir \u015eehir Ka\u00e7\u0131\u015f Oyunu oynay\u0131n, bulmacalar\u0131 \u00e7\u00f6z\u00fcn, g\u00f6revleri tamamlay\u0131n ve \u00e7al\u0131nan form\u00fclleri kendi h\u0131z\u0131n\u0131zda geri al\u0131n!\" \/>\n<meta name=\"robots\" content=\"noindex, follow, max-snippet:-1, max-image-preview:large, max-video-preview:-1\" \/>\n<meta property=\"og:locale\" content=\"tr_TR\" \/>\n<meta property=\"og:type\" content=\"article\" \/>\n<meta property=\"og:title\" content=\"The Frankfurt Syndicate\" \/>\n<meta property=\"og:description\" content=\"The Frankfurt Syndicate. Kendi kendine rehberli bir \u015eehir Ka\u00e7\u0131\u015f Oyunu oynay\u0131n, bulmacalar\u0131 \u00e7\u00f6z\u00fcn, g\u00f6revleri tamamlay\u0131n ve \u00e7al\u0131nan form\u00fclleri kendi h\u0131z\u0131n\u0131zda geri al\u0131n!\" \/>\n<meta property=\"og:url\" content=\"https:\/\/testwebsite.citygame.com\/tr\/games\/frankfurt\/the-frankfurt-syndicate\/\" \/>\n<meta property=\"og:site_name\" content=\"City Game\" \/>\n<meta property=\"article:publisher\" content=\"https:\/\/www.facebook.com\/profile.php?id=100086426226253\" \/>\n<meta property=\"article:modified_time\" content=\"2026-04-08T01:26:14+00:00\" \/>\n<meta property=\"og:image\" content=\"https:\/\/testwebsite.citygame.com\/wp-content\/blogs.dir\/1\/files\/sites\/62\/2026\/02\/person-playing-city-game-frankfurt-historical-museum.jpg\" \/>\n\t<meta property=\"og:image:width\" content=\"1024\" \/>\n\t<meta property=\"og:image:height\" content=\"1024\" \/>\n\t<meta property=\"og:image:type\" content=\"image\/jpeg\" \/>\n<meta name=\"twitter:card\" content=\"summary_large_image\" \/>\n<script type=\"application\/ld+json\" class=\"yoast-schema-graph\">{\"@context\":\"https:\/\/schema.org\",\"@graph\":[{\"@type\":\"WebPage\",\"@id\":\"https:\/\/testwebsite.citygame.com\/tr\/games\/frankfurt\/the-frankfurt-syndicate\/\",\"url\":\"https:\/\/testwebsite.citygame.com\/tr\/games\/frankfurt\/the-frankfurt-syndicate\/\",\"name\":\"The Frankfurt Syndicate - City Game\",\"isPartOf\":{\"@id\":\"https:\/\/testwebsite.upevents.nl\/#website\"},\"primaryImageOfPage\":{\"@id\":\"https:\/\/testwebsite.citygame.com\/tr\/games\/frankfurt\/the-frankfurt-syndicate\/#primaryimage\"},\"image\":{\"@id\":\"https:\/\/testwebsite.citygame.com\/tr\/games\/frankfurt\/the-frankfurt-syndicate\/#primaryimage\"},\"thumbnailUrl\":\"https:\/\/testwebsite.citygame.com\/wp-content\/blogs.dir\/1\/files\/sites\/62\/2026\/02\/person-playing-city-game-frankfurt-historical-museum.jpg\",\"datePublished\":\"2026-02-15T19:54:29+00:00\",\"dateModified\":\"2026-04-08T01:26:14+00:00\",\"description\":\"The Frankfurt Syndicate. Kendi kendine rehberli bir \u015eehir Ka\u00e7\u0131\u015f Oyunu oynay\u0131n, bulmacalar\u0131 \u00e7\u00f6z\u00fcn, g\u00f6revleri tamamlay\u0131n ve \u00e7al\u0131nan form\u00fclleri kendi h\u0131z\u0131n\u0131zda geri al\u0131n!\",\"breadcrumb\":{\"@id\":\"https:\/\/testwebsite.citygame.com\/tr\/games\/frankfurt\/the-frankfurt-syndicate\/#breadcrumb\"},\"inLanguage\":\"tr\",\"potentialAction\":[{\"@type\":\"ReadAction\",\"target\":[\"https:\/\/testwebsite.citygame.com\/tr\/games\/frankfurt\/the-frankfurt-syndicate\/\"]}]},{\"@type\":\"ImageObject\",\"inLanguage\":\"tr\",\"@id\":\"https:\/\/testwebsite.citygame.com\/tr\/games\/frankfurt\/the-frankfurt-syndicate\/#primaryimage\",\"url\":\"https:\/\/testwebsite.citygame.com\/wp-content\/blogs.dir\/1\/files\/sites\/62\/2026\/02\/person-playing-city-game-frankfurt-historical-museum.jpg\",\"contentUrl\":\"https:\/\/testwebsite.citygame.com\/wp-content\/blogs.dir\/1\/files\/sites\/62\/2026\/02\/person-playing-city-game-frankfurt-historical-museum.jpg\",\"width\":1024,\"height\":1024,\"caption\":\"A player interacts with a game character on a smartphone app while exploring the city of Frankfurt.\"},{\"@type\":\"BreadcrumbList\",\"@id\":\"https:\/\/testwebsite.citygame.com\/tr\/games\/frankfurt\/the-frankfurt-syndicate\/#breadcrumb\",\"itemListElement\":[{\"@type\":\"ListItem\",\"position\":1,\"name\":\"Home\",\"item\":\"https:\/\/testwebsite.citygame.com\/tr\/\"},{\"@type\":\"ListItem\",\"position\":2,\"name\":\"Shop\",\"item\":\"https:\/\/testwebsite.citygame.com\/shop\/\"},{\"@type\":\"ListItem\",\"position\":3,\"name\":\"The Frankfurt Syndicate\"}]},{\"@type\":\"WebSite\",\"@id\":\"https:\/\/testwebsite.upevents.nl\/#website\",\"url\":\"https:\/\/testwebsite.upevents.nl\/\",\"name\":\"City Game\",\"description\":\"\",\"publisher\":{\"@id\":\"https:\/\/testwebsite.upevents.nl\/#organization\"},\"alternateName\":\"citygame.com\",\"potentialAction\":[{\"@type\":\"SearchAction\",\"target\":{\"@type\":\"EntryPoint\",\"urlTemplate\":\"https:\/\/testwebsite.upevents.nl\/?s={search_term_string}\"},\"query-input\":{\"@type\":\"PropertyValueSpecification\",\"valueRequired\":true,\"valueName\":\"search_term_string\"}}],\"inLanguage\":\"tr\"},{\"@type\":[\"Organization\",\"Place\"],\"@id\":\"https:\/\/testwebsite.upevents.nl\/#organization\",\"name\":\"City Game\",\"alternateName\":\"citygame.com\",\"url\":\"https:\/\/testwebsite.upevents.nl\/\",\"logo\":{\"@id\":\"https:\/\/testwebsite.citygame.com\/tr\/games\/frankfurt\/the-frankfurt-syndicate\/#local-main-organization-logo\"},\"image\":{\"@id\":\"https:\/\/testwebsite.citygame.com\/tr\/games\/frankfurt\/the-frankfurt-syndicate\/#local-main-organization-logo\"},\"sameAs\":[\"https:\/\/www.facebook.com\/profile.php?id=100086426226253\",\"https:\/\/www.instagram.com\/citygame_com\",\"https:\/\/www.tiktok.com\/@citygamecom\/\",\"https:\/\/www.linkedin.com\/company\/citygame-com\"],\"description\":\"Turn any city into a playground with our interactive City Games and self-guided tours. Fun, flexible, and ideal for groups and team building.\",\"telephone\":[],\"openingHoursSpecification\":[{\"@type\":\"OpeningHoursSpecification\",\"dayOfWeek\":[\"Monday\",\"Tuesday\",\"Wednesday\",\"Thursday\",\"Friday\",\"Saturday\",\"Sunday\"],\"opens\":\"09:00\",\"closes\":\"17:00\"}]},{\"@type\":\"ImageObject\",\"inLanguage\":\"tr\",\"@id\":\"https:\/\/testwebsite.citygame.com\/tr\/games\/frankfurt\/the-frankfurt-syndicate\/#local-main-organization-logo\",\"url\":\"https:\/\/testwebsite.citygame.com\/wp-content\/blogs.dir\/1\/files\/sites\/62\/2025\/10\/CG_LOGO-City-Game.png\",\"contentUrl\":\"https:\/\/testwebsite.citygame.com\/wp-content\/blogs.dir\/1\/files\/sites\/62\/2025\/10\/CG_LOGO-City-Game.png\",\"width\":351,\"height\":377,\"caption\":\"City Game\"}]}<\/script>\n<!-- \/ Yoast SEO Premium plugin. -->","yoast_head_json":{"title":"The Frankfurt Syndicate - City Game","description":"The Frankfurt Syndicate. Kendi kendine rehberli bir \u015eehir Ka\u00e7\u0131\u015f Oyunu oynay\u0131n, bulmacalar\u0131 \u00e7\u00f6z\u00fcn, g\u00f6revleri tamamlay\u0131n ve \u00e7al\u0131nan form\u00fclleri kendi h\u0131z\u0131n\u0131zda geri al\u0131n!","robots":{"index":"noindex","follow":"follow","max-snippet":"max-snippet:-1","max-image-preview":"max-image-preview:large","max-video-preview":"max-video-preview:-1"},"og_locale":"tr_TR","og_type":"article","og_title":"The Frankfurt Syndicate","og_description":"The Frankfurt Syndicate. Kendi kendine rehberli bir \u015eehir Ka\u00e7\u0131\u015f Oyunu oynay\u0131n, bulmacalar\u0131 \u00e7\u00f6z\u00fcn, g\u00f6revleri tamamlay\u0131n ve \u00e7al\u0131nan form\u00fclleri kendi h\u0131z\u0131n\u0131zda geri al\u0131n!","og_url":"https:\/\/testwebsite.citygame.com\/tr\/games\/frankfurt\/the-frankfurt-syndicate\/","og_site_name":"City Game","article_publisher":"https:\/\/www.facebook.com\/profile.php?id=100086426226253","article_modified_time":"2026-04-08T01:26:14+00:00","og_image":[{"width":1024,"height":1024,"url":"https:\/\/testwebsite.citygame.com\/wp-content\/blogs.dir\/1\/files\/sites\/62\/2026\/02\/person-playing-city-game-frankfurt-historical-museum.jpg","type":"image\/jpeg"}],"twitter_card":"summary_large_image","schema":{"@context":"https:\/\/schema.org","@graph":[{"@type":"WebPage","@id":"https:\/\/testwebsite.citygame.com\/tr\/games\/frankfurt\/the-frankfurt-syndicate\/","url":"https:\/\/testwebsite.citygame.com\/tr\/games\/frankfurt\/the-frankfurt-syndicate\/","name":"The Frankfurt Syndicate - City Game","isPartOf":{"@id":"https:\/\/testwebsite.upevents.nl\/#website"},"primaryImageOfPage":{"@id":"https:\/\/testwebsite.citygame.com\/tr\/games\/frankfurt\/the-frankfurt-syndicate\/#primaryimage"},"image":{"@id":"https:\/\/testwebsite.citygame.com\/tr\/games\/frankfurt\/the-frankfurt-syndicate\/#primaryimage"},"thumbnailUrl":"https:\/\/testwebsite.citygame.com\/wp-content\/blogs.dir\/1\/files\/sites\/62\/2026\/02\/person-playing-city-game-frankfurt-historical-museum.jpg","datePublished":"2026-02-15T19:54:29+00:00","dateModified":"2026-04-08T01:26:14+00:00","description":"The Frankfurt Syndicate. Kendi kendine rehberli bir \u015eehir Ka\u00e7\u0131\u015f Oyunu oynay\u0131n, bulmacalar\u0131 \u00e7\u00f6z\u00fcn, g\u00f6revleri tamamlay\u0131n ve \u00e7al\u0131nan form\u00fclleri kendi h\u0131z\u0131n\u0131zda geri al\u0131n!","breadcrumb":{"@id":"https:\/\/testwebsite.citygame.com\/tr\/games\/frankfurt\/the-frankfurt-syndicate\/#breadcrumb"},"inLanguage":"tr","potentialAction":[{"@type":"ReadAction","target":["https:\/\/testwebsite.citygame.com\/tr\/games\/frankfurt\/the-frankfurt-syndicate\/"]}]},{"@type":"ImageObject","inLanguage":"tr","@id":"https:\/\/testwebsite.citygame.com\/tr\/games\/frankfurt\/the-frankfurt-syndicate\/#primaryimage","url":"https:\/\/testwebsite.citygame.com\/wp-content\/blogs.dir\/1\/files\/sites\/62\/2026\/02\/person-playing-city-game-frankfurt-historical-museum.jpg","contentUrl":"https:\/\/testwebsite.citygame.com\/wp-content\/blogs.dir\/1\/files\/sites\/62\/2026\/02\/person-playing-city-game-frankfurt-historical-museum.jpg","width":1024,"height":1024,"caption":"A player interacts with a game character on a smartphone app while exploring the city of Frankfurt."},{"@type":"BreadcrumbList","@id":"https:\/\/testwebsite.citygame.com\/tr\/games\/frankfurt\/the-frankfurt-syndicate\/#breadcrumb","itemListElement":[{"@type":"ListItem","position":1,"name":"Home","item":"https:\/\/testwebsite.citygame.com\/tr\/"},{"@type":"ListItem","position":2,"name":"Shop","item":"https:\/\/testwebsite.citygame.com\/shop\/"},{"@type":"ListItem","position":3,"name":"The Frankfurt Syndicate"}]},{"@type":"WebSite","@id":"https:\/\/testwebsite.upevents.nl\/#website","url":"https:\/\/testwebsite.upevents.nl\/","name":"City Game","description":"","publisher":{"@id":"https:\/\/testwebsite.upevents.nl\/#organization"},"alternateName":"citygame.com","potentialAction":[{"@type":"SearchAction","target":{"@type":"EntryPoint","urlTemplate":"https:\/\/testwebsite.upevents.nl\/?s={search_term_string}"},"query-input":{"@type":"PropertyValueSpecification","valueRequired":true,"valueName":"search_term_string"}}],"inLanguage":"tr"},{"@type":["Organization","Place"],"@id":"https:\/\/testwebsite.upevents.nl\/#organization","name":"City Game","alternateName":"citygame.com","url":"https:\/\/testwebsite.upevents.nl\/","logo":{"@id":"https:\/\/testwebsite.citygame.com\/tr\/games\/frankfurt\/the-frankfurt-syndicate\/#local-main-organization-logo"},"image":{"@id":"https:\/\/testwebsite.citygame.com\/tr\/games\/frankfurt\/the-frankfurt-syndicate\/#local-main-organization-logo"},"sameAs":["https:\/\/www.facebook.com\/profile.php?id=100086426226253","https:\/\/www.instagram.com\/citygame_com","https:\/\/www.tiktok.com\/@citygamecom\/","https:\/\/www.linkedin.com\/company\/citygame-com"],"description":"Turn any city into a playground with our interactive City Games and self-guided tours. Fun, flexible, and ideal for groups and team building.","telephone":[],"openingHoursSpecification":[{"@type":"OpeningHoursSpecification","dayOfWeek":["Monday","Tuesday","Wednesday","Thursday","Friday","Saturday","Sunday"],"opens":"09:00","closes":"17:00"}]},{"@type":"ImageObject","inLanguage":"tr","@id":"https:\/\/testwebsite.citygame.com\/tr\/games\/frankfurt\/the-frankfurt-syndicate\/#local-main-organization-logo","url":"https:\/\/testwebsite.citygame.com\/wp-content\/blogs.dir\/1\/files\/sites\/62\/2025\/10\/CG_LOGO-City-Game.png","contentUrl":"https:\/\/testwebsite.citygame.com\/wp-content\/blogs.dir\/1\/files\/sites\/62\/2025\/10\/CG_LOGO-City-Game.png","width":351,"height":377,"caption":"City Game"}]}},"taxonomy_info":{"game-concept":[{"value":763,"label":"Syndicate"}],"location":[{"value":167,"label":"Frankfurt"}],"product_cat":[{"value":27,"label":"Geen categorie"}]},"featured_image_src_large":["https:\/\/testwebsite.citygame.com\/wp-content\/blogs.dir\/1\/files\/sites\/62\/2026\/02\/person-playing-city-game-frankfurt-historical-museum.jpg",1024,1024,false],"author_info":[],"comment_info":"","_links":{"self":[{"href":"https:\/\/testwebsite.citygame.com\/tr\/wp-json\/wp\/v2\/product\/57969","targetHints":{"allow":["GET"]}}],"collection":[{"href":"https:\/\/testwebsite.citygame.com\/tr\/wp-json\/wp\/v2\/product"}],"about":[{"href":"https:\/\/testwebsite.citygame.com\/tr\/wp-json\/wp\/v2\/types\/product"}],"acf:post":[{"embeddable":true,"href":"https:\/\/testwebsite.citygame.com\/tr\/wp-json\/wp\/v2\/pages\/5939"}],"wp:featuredmedia":[{"embeddable":true,"href":"https:\/\/testwebsite.citygame.com\/tr\/wp-json\/wp\/v2\/media\/13848"}],"wp:attachment":[{"href":"https:\/\/testwebsite.citygame.com\/tr\/wp-json\/wp\/v2\/media?parent=57969"}],"wp:term":[{"taxonomy":"game-concept","embeddable":true,"href":"https:\/\/testwebsite.citygame.com\/tr\/wp-json\/wp\/v2\/game-concept?post=57969"},{"taxonomy":"location","embeddable":true,"href":"https:\/\/testwebsite.citygame.com\/tr\/wp-json\/wp\/v2\/location?post=57969"},{"taxonomy":"product_brand","embeddable":true,"href":"https:\/\/testwebsite.citygame.com\/tr\/wp-json\/wp\/v2\/product_brand?post=57969"},{"taxonomy":"product_cat","embeddable":true,"href":"https:\/\/testwebsite.citygame.com\/tr\/wp-json\/wp\/v2\/product_cat?post=57969"},{"taxonomy":"product_tag","embeddable":true,"href":"https:\/\/testwebsite.citygame.com\/tr\/wp-json\/wp\/v2\/product_tag?post=57969"}],"curies":[{"name":"wp","href":"https:\/\/api.w.org\/{rel}","templated":true}]}}