{"id":57743,"date":"2026-02-15T19:24:07","date_gmt":"2026-02-15T19:24:07","guid":{"rendered":"https:\/\/testwebsite.citygame.com\/games\/unknown-location\/the-vienna-syndicate\/"},"modified":"2026-04-08T01:02:15","modified_gmt":"2026-04-08T01:02:15","slug":"the-vienna-syndicate","status":"publish","type":"product","link":"https:\/\/testwebsite.citygame.com\/tr\/games\/vienna\/the-vienna-syndicate\/","title":{"rendered":"The Vienna Syndicate"},"content":{"rendered":"<p>Bu kendi kendine rehberli City Escape Game, Viyana&#8217;n\u0131n tarihi \u015fehir merkezinde ge\u00e7mektedir. Oyuncular, ekip olarak, ele ge\u00e7irilmesi zor Magnus&#8217;u takip etmek ve bulmacalar\u0131 \u00e7\u00f6zerek, g\u00f6revleri tamamlayarak ve zorluklar\u0131n \u00fcstesinden gelerek alt\u0131 \u00e7al\u0131nan form\u00fcl\u00fc kurtarmak i\u00e7in birlikte \u00e7al\u0131\u015f\u0131rlar. Tak\u0131m \u00e7al\u0131\u015fmas\u0131, hikaye anlat\u0131m\u0131 ve ad\u0131m ad\u0131m g\u00f6rev ilerlemesine g\u00fc\u00e7l\u00fc bir \u015fekilde odaklanan bu Viyana&#8217;daki City Game, ilgi \u00e7ekici bir kendi kendine rehberli \u015fehir oyunu deneyimi sunar.<\/p>\n","protected":false},"excerpt":{"rendered":"<p>Viyana&#8217;n\u0131n b\u00fcy\u00fcleyici fonunda ge\u00e7en heyecan verici, kendi kendine rehberli bir yolculuk olan The Vienna Syndicate City Escape Game&#8217;in s\u00fcr\u00fckleyici d\u00fcnyas\u0131na dal\u0131n. Ekibinizle birlikte \u015fifreli ipu\u00e7lar\u0131n\u0131 \u00e7\u00f6zecek, karma\u015f\u0131k bulmacalar\u0131 a\u015facak ve saatin i\u015fleyi\u015fiyle ad\u0131m ad\u0131m ilerleyen s\u00fcr\u00fckleyici bir hikayeyi ortaya \u00e7\u0131karacaks\u0131n\u0131z \u2013 ger\u00e7e\u011fi ortaya \u00e7\u0131karmak i\u00e7in zamana kar\u015f\u0131 bir yar\u0131\u015f!<\/p>\n","protected":false},"featured_media":13826,"template":"","meta":{"_acf_changed":false,"_yoast_wpseo_focuskw":"The Vienna Syndicate","_yoast_wpseo_metadesc":"The Vienna Syndicate. Kendi h\u0131z\u0131n\u0131zda kendi kendine rehberli bir City Escape Game oynay\u0131n, bulmacalar\u0131 \u00e7\u00f6z\u00fcn, g\u00f6revleri tamamlay\u0131n ve \u00e7al\u0131nan form\u00fclleri geri al\u0131n!","_kad_blocks_custom_css":"","_kad_blocks_head_custom_js":"","_kad_blocks_body_custom_js":"","_kad_blocks_footer_custom_js":"","ghostkit_customizer_options":"","ghostkit_custom_css":"","ghostkit_custom_js_head":"","ghostkit_custom_js_foot":"","ghostkit_typography":"","_kad_post_transparent":"","_kad_post_title":"","_kad_post_layout":"","_kad_post_sidebar_id":"","_kad_post_content_style":"","_kad_post_vertical_padding":"","_kad_post_feature":"","_kad_post_feature_position":"","_kad_post_header":false,"_kad_post_footer":false,"_kad_post_classname":"","_links_to":"","_links_to_target":""},"game-concept":[763],"location":[420],"product_brand":[],"product_cat":[27],"product_tag":[],"class_list":{"0":"post-57743","1":"product","2":"type-product","3":"status-publish","4":"has-post-thumbnail","6":"game-concept-syndicate","7":"location-vienna","8":"product_cat-geen-categorie","10":"first","11":"instock","12":"shipping-taxable","13":"purchasable","14":"product-type-simple","15":"entry","16":"content-bg","17":"loop-entry"},"acf":{"full_bokun_product_name":"Self-Guided The Vienna Syndicate City Escape Game","location_name":"Vienna","bokun_calendar_widget_code":"<script type=\"text\/javascript\" src=\"https:\/\/widgets.bokun.io\/assets\/javascripts\/apps\/build\/BokunWidgetsLoader.js?bookingChannelUUID=a1e93e96-5232-4734-a595-28405f4b5a31\" async><\/script>\n     \n    <div class=\"bokunWidget\" data-src=\"https:\/\/widgets.bokun.io\/online-sales\/a1e93e96-5232-4734-a595-28405f4b5a31\/experience-calendar\/811012\"><\/div>\n    <noscript>Please enable javascript in your browser to book<\/noscript>","bokun_button_widget_code":"<script type=\"text\/javascript\" src=\"https:\/\/widgets.bokun.io\/assets\/javascripts\/apps\/build\/BokunWidgetsLoader.js?bookingChannelUUID=a1e93e96-5232-4734-a595-28405f4b5a31\" async><\/script>\n      <style> #bokun_ed001e45_5927_4f62_b470_ca766338d083 { display: inline-block; padding: .4em 1em; background: #47b82e; border-radius: 999999px; box-shadow: none; font-weight: 600; font-size: 24px; text-decoration: none; text-align: center; color: #FFFFFF; border:none; cursor: pointer; transition: background .2s ease; } #bokun_ed001e45_5927_4f62_b470_ca766338d083:hover{ background: #2f7b1f; } #bokun_ed001e45_5927_4f62_b470_ca766338d083:active{ background: #378f24; } <\/style> <button class=\"bokunButton\" disabled id=bokun_ed001e45_5927_4f62_b470_ca766338d083 data-src=\"https:\/\/widgets.bokun.io\/online-sales\/a1e93e96-5232-4734-a595-28405f4b5a31\/experience-calendar\/811012?partialView=1\" data-testid=\"widget-book-button\" > Book now <\/button> ","what_you\u2019ll_experience_during_the_game":"Viyana'da ge\u00e7en y\u00fcksek riskli bir ka\u00e7\u0131\u015f g\u00f6revine at\u0131lan siz ve ekibiniz, ele ge\u00e7irilmesi zor Magnus'u ipu\u00e7lar\u0131 ve \u015fifreli mesajlardan olu\u015fan de\u011fi\u015fen bir iz boyunca takip etmelisiniz. Ama\u00e7 a\u00e7\u0131k: alt\u0131 \u00e7al\u0131nan form\u00fcl\u00fc sonsuza dek kaybolmadan \u00f6nce geri almak. Her konum bir sonrakine y\u00f6nlendirir, sokaklarda gezinirken, dinamik bulmacalar\u0131 \u00e7\u00f6zerken ve kodlanm\u0131\u015f istihbarat katmanlar\u0131n\u0131 \u00e7\u00f6zerken hikayeyi par\u00e7a par\u00e7a a\u00e7\u0131\u011fa \u00e7\u0131kar\u0131r.\n\nMisyon tamamen hikaye odakl\u0131d\u0131r; her meydan okuma tak\u0131m \u00e7al\u0131\u015fman\u0131z\u0131, ileti\u015fiminizi ve bask\u0131 alt\u0131nda h\u0131zl\u0131, d\u00fc\u015f\u00fcnceli kararlar verme yetene\u011finizi test etmek \u00fczere tasarlanm\u0131\u015ft\u0131r. Viyana, operasyonunuzun arka plan\u0131 haline gelir, deneyimi ger\u00e7ek ortamda k\u00f6klendirirken, geli\u015fen anlat\u0131ya odaklanmay\u0131 s\u00fcrd\u00fcr\u00fcr. Kendi h\u0131z\u0131n\u0131zda oynay\u0131n, gerekti\u011finde duraklatma ve devam etme se\u00e7ene\u011fiyle \u2013 kararlar\u0131n\u0131z ileriye giden yolu \u015fekillendirir.","how_to_play":"City Game'i rezerve edin, size g\u00f6nderdi\u011fimiz talimatlar\u0131 i\u00e7eren e-postay\u0131 kontrol edin, Loquiz App'i indirin ve oyun deneyiminize ba\u015flay\u0131n!","start_location":"Vienna, Graben","available_languages":["en"],"players_per_group":"1-4","duration":"1.5-2 hours","image_overlay_color_image":"https:\/\/testwebsite.citygame.com\/wp-content\/blogs.dir\/1\/files\/sites\/62\/2026\/01\/SyndicateColor.svg","image_overlay_game_logo":"https:\/\/testwebsite.citygame.com\/wp-content\/blogs.dir\/1\/files\/sites\/62\/2026\/01\/SyndicateLogo.png","city_page":5051,"woocommerce_general_content":null},"yoast_head":"<!-- This site is optimized with the Yoast SEO Premium plugin v26.2 (Yoast SEO v26.3) - https:\/\/yoast.com\/wordpress\/plugins\/seo\/ -->\n<title>The Vienna Syndicate - City Game<\/title>\n<meta name=\"description\" content=\"The Vienna Syndicate. Kendi h\u0131z\u0131n\u0131zda kendi kendine rehberli bir City Escape Game oynay\u0131n, bulmacalar\u0131 \u00e7\u00f6z\u00fcn, g\u00f6revleri tamamlay\u0131n ve \u00e7al\u0131nan form\u00fclleri geri al\u0131n!\" \/>\n<meta name=\"robots\" content=\"noindex, follow, max-snippet:-1, max-image-preview:large, max-video-preview:-1\" \/>\n<meta property=\"og:locale\" content=\"tr_TR\" \/>\n<meta property=\"og:type\" content=\"article\" \/>\n<meta property=\"og:title\" content=\"The Vienna Syndicate\" \/>\n<meta property=\"og:description\" content=\"The Vienna Syndicate. Kendi h\u0131z\u0131n\u0131zda kendi kendine rehberli bir City Escape Game oynay\u0131n, bulmacalar\u0131 \u00e7\u00f6z\u00fcn, g\u00f6revleri tamamlay\u0131n ve \u00e7al\u0131nan form\u00fclleri geri al\u0131n!\" \/>\n<meta property=\"og:url\" content=\"https:\/\/testwebsite.citygame.com\/tr\/games\/vienna\/the-vienna-syndicate\/\" \/>\n<meta property=\"og:site_name\" content=\"City Game\" \/>\n<meta property=\"article:publisher\" content=\"https:\/\/www.facebook.com\/profile.php?id=100086426226253\" \/>\n<meta property=\"article:modified_time\" content=\"2026-04-08T01:02:15+00:00\" \/>\n<meta property=\"og:image\" content=\"https:\/\/testwebsite.citygame.com\/wp-content\/blogs.dir\/1\/files\/sites\/62\/2026\/02\/woman-playing-city-game-peterskirche-vienna.jpg\" \/>\n\t<meta property=\"og:image:width\" content=\"1024\" \/>\n\t<meta property=\"og:image:height\" content=\"1024\" \/>\n\t<meta property=\"og:image:type\" content=\"image\/jpeg\" \/>\n<meta name=\"twitter:card\" content=\"summary_large_image\" \/>\n<script type=\"application\/ld+json\" class=\"yoast-schema-graph\">{\"@context\":\"https:\/\/schema.org\",\"@graph\":[{\"@type\":\"WebPage\",\"@id\":\"https:\/\/testwebsite.citygame.com\/tr\/games\/vienna\/the-vienna-syndicate\/\",\"url\":\"https:\/\/testwebsite.citygame.com\/tr\/games\/vienna\/the-vienna-syndicate\/\",\"name\":\"The Vienna Syndicate - City Game\",\"isPartOf\":{\"@id\":\"https:\/\/testwebsite.upevents.nl\/#website\"},\"primaryImageOfPage\":{\"@id\":\"https:\/\/testwebsite.citygame.com\/tr\/games\/vienna\/the-vienna-syndicate\/#primaryimage\"},\"image\":{\"@id\":\"https:\/\/testwebsite.citygame.com\/tr\/games\/vienna\/the-vienna-syndicate\/#primaryimage\"},\"thumbnailUrl\":\"https:\/\/testwebsite.citygame.com\/wp-content\/blogs.dir\/1\/files\/sites\/62\/2026\/02\/woman-playing-city-game-peterskirche-vienna.jpg\",\"datePublished\":\"2026-02-15T19:24:07+00:00\",\"dateModified\":\"2026-04-08T01:02:15+00:00\",\"description\":\"The Vienna Syndicate. Kendi h\u0131z\u0131n\u0131zda kendi kendine rehberli bir City Escape Game oynay\u0131n, bulmacalar\u0131 \u00e7\u00f6z\u00fcn, g\u00f6revleri tamamlay\u0131n ve \u00e7al\u0131nan form\u00fclleri geri al\u0131n!\",\"breadcrumb\":{\"@id\":\"https:\/\/testwebsite.citygame.com\/tr\/games\/vienna\/the-vienna-syndicate\/#breadcrumb\"},\"inLanguage\":\"tr\",\"potentialAction\":[{\"@type\":\"ReadAction\",\"target\":[\"https:\/\/testwebsite.citygame.com\/tr\/games\/vienna\/the-vienna-syndicate\/\"]}]},{\"@type\":\"ImageObject\",\"inLanguage\":\"tr\",\"@id\":\"https:\/\/testwebsite.citygame.com\/tr\/games\/vienna\/the-vienna-syndicate\/#primaryimage\",\"url\":\"https:\/\/testwebsite.citygame.com\/wp-content\/blogs.dir\/1\/files\/sites\/62\/2026\/02\/woman-playing-city-game-peterskirche-vienna.jpg\",\"contentUrl\":\"https:\/\/testwebsite.citygame.com\/wp-content\/blogs.dir\/1\/files\/sites\/62\/2026\/02\/woman-playing-city-game-peterskirche-vienna.jpg\",\"width\":1024,\"height\":1024,\"caption\":\"A player uses her smartphone to engage with a city game in a historic Vienna street.\"},{\"@type\":\"BreadcrumbList\",\"@id\":\"https:\/\/testwebsite.citygame.com\/tr\/games\/vienna\/the-vienna-syndicate\/#breadcrumb\",\"itemListElement\":[{\"@type\":\"ListItem\",\"position\":1,\"name\":\"Home\",\"item\":\"https:\/\/testwebsite.citygame.com\/tr\/\"},{\"@type\":\"ListItem\",\"position\":2,\"name\":\"Shop\",\"item\":\"https:\/\/testwebsite.citygame.com\/shop\/\"},{\"@type\":\"ListItem\",\"position\":3,\"name\":\"The Vienna Syndicate\"}]},{\"@type\":\"WebSite\",\"@id\":\"https:\/\/testwebsite.upevents.nl\/#website\",\"url\":\"https:\/\/testwebsite.upevents.nl\/\",\"name\":\"City Game\",\"description\":\"\",\"publisher\":{\"@id\":\"https:\/\/testwebsite.upevents.nl\/#organization\"},\"alternateName\":\"citygame.com\",\"potentialAction\":[{\"@type\":\"SearchAction\",\"target\":{\"@type\":\"EntryPoint\",\"urlTemplate\":\"https:\/\/testwebsite.upevents.nl\/?s={search_term_string}\"},\"query-input\":{\"@type\":\"PropertyValueSpecification\",\"valueRequired\":true,\"valueName\":\"search_term_string\"}}],\"inLanguage\":\"tr\"},{\"@type\":[\"Organization\",\"Place\"],\"@id\":\"https:\/\/testwebsite.upevents.nl\/#organization\",\"name\":\"City Game\",\"alternateName\":\"citygame.com\",\"url\":\"https:\/\/testwebsite.upevents.nl\/\",\"logo\":{\"@id\":\"https:\/\/testwebsite.citygame.com\/tr\/games\/vienna\/the-vienna-syndicate\/#local-main-organization-logo\"},\"image\":{\"@id\":\"https:\/\/testwebsite.citygame.com\/tr\/games\/vienna\/the-vienna-syndicate\/#local-main-organization-logo\"},\"sameAs\":[\"https:\/\/www.facebook.com\/profile.php?id=100086426226253\",\"https:\/\/www.instagram.com\/citygame_com\",\"https:\/\/www.tiktok.com\/@citygamecom\/\",\"https:\/\/www.linkedin.com\/company\/citygame-com\"],\"description\":\"Turn any city into a playground with our interactive City Games and self-guided tours. Fun, flexible, and ideal for groups and team building.\",\"telephone\":[],\"openingHoursSpecification\":[{\"@type\":\"OpeningHoursSpecification\",\"dayOfWeek\":[\"Monday\",\"Tuesday\",\"Wednesday\",\"Thursday\",\"Friday\",\"Saturday\",\"Sunday\"],\"opens\":\"09:00\",\"closes\":\"17:00\"}]},{\"@type\":\"ImageObject\",\"inLanguage\":\"tr\",\"@id\":\"https:\/\/testwebsite.citygame.com\/tr\/games\/vienna\/the-vienna-syndicate\/#local-main-organization-logo\",\"url\":\"https:\/\/testwebsite.citygame.com\/wp-content\/blogs.dir\/1\/files\/sites\/62\/2025\/10\/CG_LOGO-City-Game.png\",\"contentUrl\":\"https:\/\/testwebsite.citygame.com\/wp-content\/blogs.dir\/1\/files\/sites\/62\/2025\/10\/CG_LOGO-City-Game.png\",\"width\":351,\"height\":377,\"caption\":\"City Game\"}]}<\/script>\n<!-- \/ Yoast SEO Premium plugin. -->","yoast_head_json":{"title":"The Vienna Syndicate - City Game","description":"The Vienna Syndicate. Kendi h\u0131z\u0131n\u0131zda kendi kendine rehberli bir City Escape Game oynay\u0131n, bulmacalar\u0131 \u00e7\u00f6z\u00fcn, g\u00f6revleri tamamlay\u0131n ve \u00e7al\u0131nan form\u00fclleri geri al\u0131n!","robots":{"index":"noindex","follow":"follow","max-snippet":"max-snippet:-1","max-image-preview":"max-image-preview:large","max-video-preview":"max-video-preview:-1"},"og_locale":"tr_TR","og_type":"article","og_title":"The Vienna Syndicate","og_description":"The Vienna Syndicate. Kendi h\u0131z\u0131n\u0131zda kendi kendine rehberli bir City Escape Game oynay\u0131n, bulmacalar\u0131 \u00e7\u00f6z\u00fcn, g\u00f6revleri tamamlay\u0131n ve \u00e7al\u0131nan form\u00fclleri geri al\u0131n!","og_url":"https:\/\/testwebsite.citygame.com\/tr\/games\/vienna\/the-vienna-syndicate\/","og_site_name":"City Game","article_publisher":"https:\/\/www.facebook.com\/profile.php?id=100086426226253","article_modified_time":"2026-04-08T01:02:15+00:00","og_image":[{"width":1024,"height":1024,"url":"https:\/\/testwebsite.citygame.com\/wp-content\/blogs.dir\/1\/files\/sites\/62\/2026\/02\/woman-playing-city-game-peterskirche-vienna.jpg","type":"image\/jpeg"}],"twitter_card":"summary_large_image","schema":{"@context":"https:\/\/schema.org","@graph":[{"@type":"WebPage","@id":"https:\/\/testwebsite.citygame.com\/tr\/games\/vienna\/the-vienna-syndicate\/","url":"https:\/\/testwebsite.citygame.com\/tr\/games\/vienna\/the-vienna-syndicate\/","name":"The Vienna Syndicate - City Game","isPartOf":{"@id":"https:\/\/testwebsite.upevents.nl\/#website"},"primaryImageOfPage":{"@id":"https:\/\/testwebsite.citygame.com\/tr\/games\/vienna\/the-vienna-syndicate\/#primaryimage"},"image":{"@id":"https:\/\/testwebsite.citygame.com\/tr\/games\/vienna\/the-vienna-syndicate\/#primaryimage"},"thumbnailUrl":"https:\/\/testwebsite.citygame.com\/wp-content\/blogs.dir\/1\/files\/sites\/62\/2026\/02\/woman-playing-city-game-peterskirche-vienna.jpg","datePublished":"2026-02-15T19:24:07+00:00","dateModified":"2026-04-08T01:02:15+00:00","description":"The Vienna Syndicate. Kendi h\u0131z\u0131n\u0131zda kendi kendine rehberli bir City Escape Game oynay\u0131n, bulmacalar\u0131 \u00e7\u00f6z\u00fcn, g\u00f6revleri tamamlay\u0131n ve \u00e7al\u0131nan form\u00fclleri geri al\u0131n!","breadcrumb":{"@id":"https:\/\/testwebsite.citygame.com\/tr\/games\/vienna\/the-vienna-syndicate\/#breadcrumb"},"inLanguage":"tr","potentialAction":[{"@type":"ReadAction","target":["https:\/\/testwebsite.citygame.com\/tr\/games\/vienna\/the-vienna-syndicate\/"]}]},{"@type":"ImageObject","inLanguage":"tr","@id":"https:\/\/testwebsite.citygame.com\/tr\/games\/vienna\/the-vienna-syndicate\/#primaryimage","url":"https:\/\/testwebsite.citygame.com\/wp-content\/blogs.dir\/1\/files\/sites\/62\/2026\/02\/woman-playing-city-game-peterskirche-vienna.jpg","contentUrl":"https:\/\/testwebsite.citygame.com\/wp-content\/blogs.dir\/1\/files\/sites\/62\/2026\/02\/woman-playing-city-game-peterskirche-vienna.jpg","width":1024,"height":1024,"caption":"A player uses her smartphone to engage with a city game in a historic Vienna street."},{"@type":"BreadcrumbList","@id":"https:\/\/testwebsite.citygame.com\/tr\/games\/vienna\/the-vienna-syndicate\/#breadcrumb","itemListElement":[{"@type":"ListItem","position":1,"name":"Home","item":"https:\/\/testwebsite.citygame.com\/tr\/"},{"@type":"ListItem","position":2,"name":"Shop","item":"https:\/\/testwebsite.citygame.com\/shop\/"},{"@type":"ListItem","position":3,"name":"The Vienna Syndicate"}]},{"@type":"WebSite","@id":"https:\/\/testwebsite.upevents.nl\/#website","url":"https:\/\/testwebsite.upevents.nl\/","name":"City Game","description":"","publisher":{"@id":"https:\/\/testwebsite.upevents.nl\/#organization"},"alternateName":"citygame.com","potentialAction":[{"@type":"SearchAction","target":{"@type":"EntryPoint","urlTemplate":"https:\/\/testwebsite.upevents.nl\/?s={search_term_string}"},"query-input":{"@type":"PropertyValueSpecification","valueRequired":true,"valueName":"search_term_string"}}],"inLanguage":"tr"},{"@type":["Organization","Place"],"@id":"https:\/\/testwebsite.upevents.nl\/#organization","name":"City Game","alternateName":"citygame.com","url":"https:\/\/testwebsite.upevents.nl\/","logo":{"@id":"https:\/\/testwebsite.citygame.com\/tr\/games\/vienna\/the-vienna-syndicate\/#local-main-organization-logo"},"image":{"@id":"https:\/\/testwebsite.citygame.com\/tr\/games\/vienna\/the-vienna-syndicate\/#local-main-organization-logo"},"sameAs":["https:\/\/www.facebook.com\/profile.php?id=100086426226253","https:\/\/www.instagram.com\/citygame_com","https:\/\/www.tiktok.com\/@citygamecom\/","https:\/\/www.linkedin.com\/company\/citygame-com"],"description":"Turn any city into a playground with our interactive City Games and self-guided tours. Fun, flexible, and ideal for groups and team building.","telephone":[],"openingHoursSpecification":[{"@type":"OpeningHoursSpecification","dayOfWeek":["Monday","Tuesday","Wednesday","Thursday","Friday","Saturday","Sunday"],"opens":"09:00","closes":"17:00"}]},{"@type":"ImageObject","inLanguage":"tr","@id":"https:\/\/testwebsite.citygame.com\/tr\/games\/vienna\/the-vienna-syndicate\/#local-main-organization-logo","url":"https:\/\/testwebsite.citygame.com\/wp-content\/blogs.dir\/1\/files\/sites\/62\/2025\/10\/CG_LOGO-City-Game.png","contentUrl":"https:\/\/testwebsite.citygame.com\/wp-content\/blogs.dir\/1\/files\/sites\/62\/2025\/10\/CG_LOGO-City-Game.png","width":351,"height":377,"caption":"City Game"}]}},"taxonomy_info":{"game-concept":[{"value":763,"label":"Syndicate"}],"location":[{"value":420,"label":"Vienna"}],"product_cat":[{"value":27,"label":"Geen categorie"}]},"featured_image_src_large":["https:\/\/testwebsite.citygame.com\/wp-content\/blogs.dir\/1\/files\/sites\/62\/2026\/02\/woman-playing-city-game-peterskirche-vienna.jpg",1024,1024,false],"author_info":[],"comment_info":"","_links":{"self":[{"href":"https:\/\/testwebsite.citygame.com\/tr\/wp-json\/wp\/v2\/product\/57743","targetHints":{"allow":["GET"]}}],"collection":[{"href":"https:\/\/testwebsite.citygame.com\/tr\/wp-json\/wp\/v2\/product"}],"about":[{"href":"https:\/\/testwebsite.citygame.com\/tr\/wp-json\/wp\/v2\/types\/product"}],"acf:post":[{"embeddable":true,"href":"https:\/\/testwebsite.citygame.com\/tr\/wp-json\/wp\/v2\/pages\/5051"}],"wp:featuredmedia":[{"embeddable":true,"href":"https:\/\/testwebsite.citygame.com\/tr\/wp-json\/wp\/v2\/media\/13826"}],"wp:attachment":[{"href":"https:\/\/testwebsite.citygame.com\/tr\/wp-json\/wp\/v2\/media?parent=57743"}],"wp:term":[{"taxonomy":"game-concept","embeddable":true,"href":"https:\/\/testwebsite.citygame.com\/tr\/wp-json\/wp\/v2\/game-concept?post=57743"},{"taxonomy":"location","embeddable":true,"href":"https:\/\/testwebsite.citygame.com\/tr\/wp-json\/wp\/v2\/location?post=57743"},{"taxonomy":"product_brand","embeddable":true,"href":"https:\/\/testwebsite.citygame.com\/tr\/wp-json\/wp\/v2\/product_brand?post=57743"},{"taxonomy":"product_cat","embeddable":true,"href":"https:\/\/testwebsite.citygame.com\/tr\/wp-json\/wp\/v2\/product_cat?post=57743"},{"taxonomy":"product_tag","embeddable":true,"href":"https:\/\/testwebsite.citygame.com\/tr\/wp-json\/wp\/v2\/product_tag?post=57743"}],"curies":[{"name":"wp","href":"https:\/\/api.w.org\/{rel}","templated":true}]}}