{"id":56750,"date":"2026-02-10T17:19:33","date_gmt":"2026-02-10T17:19:33","guid":{"rendered":"https:\/\/testwebsite.citygame.com\/games\/unknown-location\/sherlock-holmes-sharm-el-sheikh\/"},"modified":"2026-04-07T23:13:16","modified_gmt":"2026-04-07T23:13:16","slug":"sherlock-holmes-sharm-el-sheikh","status":"publish","type":"product","link":"https:\/\/testwebsite.citygame.com\/tr\/games\/sharm-el-sheikh\/sherlock-holmes-sharm-el-sheikh\/","title":{"rendered":"Sherlock Holmes Sharm El Sheikh"},"content":{"rendered":"<p>\u015earm El \u015eeyh&#8217;in \u015fehir merkezinde ge\u00e7en bu kendi kendine rehberli, hikaye odakl\u0131 cinayet gizemi \u015eehir Oyunu ile Sherlock Holmes d\u00fcnyas\u0131na ad\u0131m at\u0131n. \u015eok edici bir cinayet \u00d6zg\u00fcrl\u00fck Festivali&#8217;ni sekteye u\u011fratt\u0131\u011f\u0131nda, siz ve di\u011fer dedektifleriniz, sizi soru\u015fturman\u0131n kalbine \u00e7eken, geli\u015fen bir anlat\u0131y\u0131 takip ederek \u015fehir sokaklar\u0131nda ilerlemelisiniz. Kendi h\u0131z\u0131n\u0131zda ipu\u00e7lar\u0131n\u0131 toplay\u0131n, karma\u015f\u0131k bulmacalar\u0131 \u00e7\u00f6z\u00fcn ve su\u00e7un ard\u0131ndaki ger\u00e7e\u011fi ortaya \u00e7\u0131karmak i\u00e7in dijital \u015f\u00fcphelileri sorgulay\u0131n.<\/p>\n","protected":false},"excerpt":{"rendered":"<p>\u015earm El \u015eeyh&#8217;te ge\u00e7en heyecan verici, kendi kendine rehberli bir cinayet gizeminde d\u00fcnyaca \u00fcnl\u00fc dedektif Sherlock Holmes&#8217;un ayakkab\u0131lar\u0131na ad\u0131m at\u0131n. Ekibiniz zorlu ipu\u00e7lar\u0131n\u0131 takip ederken, karma\u015f\u0131k bulmacalar\u0131 \u00e7\u00f6zerken ve ger\u00e7e\u011fe yakla\u015f\u0131rken unutmay\u0131n &#8211; zaman \u00e7ok \u00f6nemli!<\/p>\n","protected":false},"featured_media":11966,"template":"","meta":{"_acf_changed":false,"_yoast_wpseo_focuskw":"Sherlock Holmes Sharm El Sheikh","_yoast_wpseo_metadesc":"Sherlock Holmes Sharm El Sheikh. Kendi kendine rehberli bir cinayet gizemi \u015eehir Oyunu oynay\u0131n, bulmacalar\u0131 \u00e7\u00f6z\u00fcn, ipu\u00e7lar\u0131n\u0131 takip edin ve katili kendi h\u0131z\u0131n\u0131zda ortaya \u00e7\u0131kar\u0131n!","_kad_blocks_custom_css":"","_kad_blocks_head_custom_js":"","_kad_blocks_body_custom_js":"","_kad_blocks_footer_custom_js":"","ghostkit_customizer_options":"","ghostkit_custom_css":"","ghostkit_custom_js_head":"","ghostkit_custom_js_foot":"","ghostkit_typography":"","_kad_post_transparent":"","_kad_post_title":"","_kad_post_layout":"","_kad_post_sidebar_id":"","_kad_post_content_style":"","_kad_post_vertical_padding":"","_kad_post_feature":"","_kad_post_feature_position":"","_kad_post_header":false,"_kad_post_footer":false,"_kad_post_classname":"","_links_to":"","_links_to_target":""},"game-concept":[793],"location":[369],"product_brand":[],"product_cat":[27],"product_tag":[],"class_list":{"0":"post-56750","1":"product","2":"type-product","3":"status-publish","4":"has-post-thumbnail","6":"game-concept-sherlock","7":"location-sharm-el-sheikh","8":"product_cat-geen-categorie","10":"first","11":"instock","12":"shipping-taxable","13":"purchasable","14":"product-type-simple","15":"entry","16":"content-bg","17":"loop-entry"},"acf":{"full_bokun_product_name":"Sharm El Sheikh Self-Guided Sherlock Holmes Murder Mystery Game","location_name":"Sharm El Sheikh","bokun_calendar_widget_code":"<script type=\"text\/javascript\" src=\"https:\/\/widgets.bokun.io\/assets\/javascripts\/apps\/build\/BokunWidgetsLoader.js?bookingChannelUUID=a1e93e96-5232-4734-a595-28405f4b5a31\" async><\/script>\n     \n    <div class=\"bokunWidget\" data-src=\"https:\/\/widgets.bokun.io\/online-sales\/a1e93e96-5232-4734-a595-28405f4b5a31\/experience-calendar\/771588\"><\/div>\n    <noscript>Please enable javascript in your browser to book<\/noscript>","bokun_button_widget_code":"<script type=\"text\/javascript\" src=\"https:\/\/widgets.bokun.io\/assets\/javascripts\/apps\/build\/BokunWidgetsLoader.js?bookingChannelUUID=a1e93e96-5232-4734-a595-28405f4b5a31\" async><\/script>\n      <style> #bokun_ed001e45_5927_4f62_b470_ca766338d083 { display: inline-block; padding: .4em 1em; background: #47b82e; border-radius: 999999px; box-shadow: none; font-weight: 600; font-size: 24px; text-decoration: none; text-align: center; color: #FFFFFF; border:none; cursor: pointer; transition: background .2s ease; } #bokun_ed001e45_5927_4f62_b470_ca766338d083:hover{ background: #2f7b1f; } #bokun_ed001e45_5927_4f62_b470_ca766338d083:active{ background: #378f24; } <\/style> <button class=\"bokunButton\" disabled id=bokun_ed001e45_5927_4f62_b470_ca766338d083 data-src=\"https:\/\/widgets.bokun.io\/online-sales\/a1e93e96-5232-4734-a595-28405f4b5a31\/experience-calendar\/771588?partialView=1\" data-testid=\"widget-book-button\" > Book now <\/button> ","what_you\u2019ll_experience_during_the_game":"\u015earm El \u015eeyh'te ge\u00e7en, \u00d6zg\u00fcrl\u00fck Festivali'nin \u00fczerine gizemli bir cinayetin g\u00f6lge d\u00fc\u015f\u00fcrd\u00fc\u011f\u00fc s\u00fcr\u00fckleyici bir dedektif hikayesine ad\u0131m at\u0131n. Dava etraf\u0131n\u0131zda geli\u015firken, sokaklar sizin su\u00e7 mahalliniz haline gelir. \u0130pu\u00e7lar\u0131n\u0131 takip eder, karma\u015f\u0131k bulmacalar\u0131 \u00e7\u00f6zer ve gizli motifleri ortaya \u00e7\u0131kar\u0131rs\u0131n\u0131z; her ad\u0131m sizi soru\u015fturman\u0131n derinliklerine \u00e7eker. Her k\u00f6\u015fe, \u00f6nemli bir delili veya beklemedi\u011finiz bir d\u00f6neme\u00e7 noktas\u0131n\u0131 ortaya \u00e7\u0131karabilir.\n\nDijital \u015f\u00fcphelilerle yap\u0131lan sorgulamalar sizi \u00e7eli\u015fkileri tespit etmeye ve mazeretleri test etmeye zorlar. Ger\u00e7ekten ne oldu\u011funu bir araya getirmek i\u00e7in i\u00e7g\u00fcd\u00fcleriniz, mant\u0131ksal d\u00fc\u015f\u00fcnme ve keskin g\u00f6zlem becerileriniz \u00e7ok \u00f6nemlidir. T\u00fcm deneyim tamamen hikaye odakl\u0131d\u0131r, sizi kendi h\u0131z\u0131n\u0131zda gizeme kapt\u0131rmak i\u00e7in tasarlanm\u0131\u015ft\u0131r. \u0130stedi\u011finiz zaman duraklatabilir ve devam edebilirsiniz, bu da hem odaklanm\u0131\u015f soru\u015fturmalar hem de rahat tak\u0131m \u00e7al\u0131\u015fmas\u0131 i\u00e7in idealdir. Rekabet\u00e7i tak\u0131mlar da dedektiflik becerilerini nas\u0131l \u00f6l\u00e7t\u00fc\u011f\u00fcn\u00fc g\u00f6rebilir, ancak as\u0131l \u00f6d\u00fcl ger\u00e7e\u011fi ortaya \u00e7\u0131karmaktad\u0131r.","how_to_play":"Yaln\u0131z veya arkada\u015flar\u0131n\u0131z, aileniz ya da i\u015f arkada\u015flar\u0131n\u0131zla cihaz ba\u015f\u0131na en fazla d\u00f6rt ki\u015filik tak\u0131mlar halinde oynay\u0131n. Rezervasyon yapt\u0131ktan sonra, ihtiyac\u0131n\u0131z olan her \u015feyi i\u00e7eren bir talimat e-postas\u0131 alacaks\u0131n\u0131z.","start_location":"Sharm El Sheikh, Maritim Jolie Ville Resort & Casino Sharm El Sheikh","available_languages":["en","es","fr","de","it","nl"],"players_per_group":"1-4","duration":"1.5-2 hours","image_overlay_color_image":"https:\/\/testwebsite.citygame.com\/wp-content\/blogs.dir\/1\/files\/sites\/62\/2026\/01\/SherlockColor.svg","image_overlay_game_logo":"https:\/\/testwebsite.citygame.com\/wp-content\/blogs.dir\/1\/files\/sites\/62\/2026\/01\/SherlockLogo.png","city_page":11964,"woocommerce_general_content":null},"yoast_head":"<!-- This site is optimized with the Yoast SEO Premium plugin v26.2 (Yoast SEO v26.3) - https:\/\/yoast.com\/wordpress\/plugins\/seo\/ -->\n<title>Sherlock Holmes Sharm El Sheikh - City Game<\/title>\n<meta name=\"description\" content=\"Sherlock Holmes Sharm El Sheikh. Kendi kendine rehberli bir cinayet gizemi \u015eehir Oyunu oynay\u0131n, bulmacalar\u0131 \u00e7\u00f6z\u00fcn, ipu\u00e7lar\u0131n\u0131 takip edin ve katili kendi h\u0131z\u0131n\u0131zda ortaya \u00e7\u0131kar\u0131n!\" \/>\n<meta name=\"robots\" content=\"noindex, follow, max-snippet:-1, max-image-preview:large, max-video-preview:-1\" \/>\n<meta property=\"og:locale\" content=\"tr_TR\" \/>\n<meta property=\"og:type\" content=\"article\" \/>\n<meta property=\"og:title\" content=\"Sherlock Holmes Sharm El Sheikh\" \/>\n<meta property=\"og:description\" content=\"Sherlock Holmes Sharm El Sheikh. Kendi kendine rehberli bir cinayet gizemi \u015eehir Oyunu oynay\u0131n, bulmacalar\u0131 \u00e7\u00f6z\u00fcn, ipu\u00e7lar\u0131n\u0131 takip edin ve katili kendi h\u0131z\u0131n\u0131zda ortaya \u00e7\u0131kar\u0131n!\" \/>\n<meta property=\"og:url\" content=\"https:\/\/testwebsite.citygame.com\/tr\/games\/sharm-el-sheikh\/sherlock-holmes-sharm-el-sheikh\/\" \/>\n<meta property=\"og:site_name\" content=\"City Game\" \/>\n<meta property=\"article:publisher\" content=\"https:\/\/www.facebook.com\/profile.php?id=100086426226253\" \/>\n<meta property=\"article:modified_time\" content=\"2026-04-07T23:13:16+00:00\" \/>\n<meta property=\"og:image\" content=\"https:\/\/testwebsite.citygame.com\/wp-content\/blogs.dir\/1\/files\/sites\/62\/2026\/02\/woman-playing-sherlock-city-game-on-european-street-2.jpg\" \/>\n\t<meta property=\"og:image:width\" content=\"1344\" \/>\n\t<meta property=\"og:image:height\" content=\"768\" \/>\n\t<meta property=\"og:image:type\" content=\"image\/jpeg\" \/>\n<meta name=\"twitter:card\" content=\"summary_large_image\" \/>\n<script type=\"application\/ld+json\" class=\"yoast-schema-graph\">{\"@context\":\"https:\/\/schema.org\",\"@graph\":[{\"@type\":\"WebPage\",\"@id\":\"https:\/\/testwebsite.citygame.com\/tr\/games\/sharm-el-sheikh\/sherlock-holmes-sharm-el-sheikh\/\",\"url\":\"https:\/\/testwebsite.citygame.com\/tr\/games\/sharm-el-sheikh\/sherlock-holmes-sharm-el-sheikh\/\",\"name\":\"Sherlock Holmes Sharm El Sheikh - City Game\",\"isPartOf\":{\"@id\":\"https:\/\/testwebsite.upevents.nl\/#website\"},\"primaryImageOfPage\":{\"@id\":\"https:\/\/testwebsite.citygame.com\/tr\/games\/sharm-el-sheikh\/sherlock-holmes-sharm-el-sheikh\/#primaryimage\"},\"image\":{\"@id\":\"https:\/\/testwebsite.citygame.com\/tr\/games\/sharm-el-sheikh\/sherlock-holmes-sharm-el-sheikh\/#primaryimage\"},\"thumbnailUrl\":\"https:\/\/testwebsite.citygame.com\/wp-content\/blogs.dir\/1\/files\/sites\/62\/2026\/02\/woman-playing-sherlock-city-game-on-european-street-2.jpg\",\"datePublished\":\"2026-02-10T17:19:33+00:00\",\"dateModified\":\"2026-04-07T23:13:16+00:00\",\"description\":\"Sherlock Holmes Sharm El Sheikh. Kendi kendine rehberli bir cinayet gizemi \u015eehir Oyunu oynay\u0131n, bulmacalar\u0131 \u00e7\u00f6z\u00fcn, ipu\u00e7lar\u0131n\u0131 takip edin ve katili kendi h\u0131z\u0131n\u0131zda ortaya \u00e7\u0131kar\u0131n!\",\"breadcrumb\":{\"@id\":\"https:\/\/testwebsite.citygame.com\/tr\/games\/sharm-el-sheikh\/sherlock-holmes-sharm-el-sheikh\/#breadcrumb\"},\"inLanguage\":\"tr\",\"potentialAction\":[{\"@type\":\"ReadAction\",\"target\":[\"https:\/\/testwebsite.citygame.com\/tr\/games\/sharm-el-sheikh\/sherlock-holmes-sharm-el-sheikh\/\"]}]},{\"@type\":\"ImageObject\",\"inLanguage\":\"tr\",\"@id\":\"https:\/\/testwebsite.citygame.com\/tr\/games\/sharm-el-sheikh\/sherlock-holmes-sharm-el-sheikh\/#primaryimage\",\"url\":\"https:\/\/testwebsite.citygame.com\/wp-content\/blogs.dir\/1\/files\/sites\/62\/2026\/02\/woman-playing-sherlock-city-game-on-european-street-2.jpg\",\"contentUrl\":\"https:\/\/testwebsite.citygame.com\/wp-content\/blogs.dir\/1\/files\/sites\/62\/2026\/02\/woman-playing-sherlock-city-game-on-european-street-2.jpg\",\"width\":1344,\"height\":768,\"caption\":\"A player uses her smartphone to solve a mystery while exploring a historic European city street.\"},{\"@type\":\"BreadcrumbList\",\"@id\":\"https:\/\/testwebsite.citygame.com\/tr\/games\/sharm-el-sheikh\/sherlock-holmes-sharm-el-sheikh\/#breadcrumb\",\"itemListElement\":[{\"@type\":\"ListItem\",\"position\":1,\"name\":\"Home\",\"item\":\"https:\/\/testwebsite.citygame.com\/tr\/\"},{\"@type\":\"ListItem\",\"position\":2,\"name\":\"Shop\",\"item\":\"https:\/\/testwebsite.citygame.com\/shop\/\"},{\"@type\":\"ListItem\",\"position\":3,\"name\":\"Sherlock Holmes Sharm El Sheikh\"}]},{\"@type\":\"WebSite\",\"@id\":\"https:\/\/testwebsite.upevents.nl\/#website\",\"url\":\"https:\/\/testwebsite.upevents.nl\/\",\"name\":\"City Game\",\"description\":\"\",\"publisher\":{\"@id\":\"https:\/\/testwebsite.upevents.nl\/#organization\"},\"alternateName\":\"citygame.com\",\"potentialAction\":[{\"@type\":\"SearchAction\",\"target\":{\"@type\":\"EntryPoint\",\"urlTemplate\":\"https:\/\/testwebsite.upevents.nl\/?s={search_term_string}\"},\"query-input\":{\"@type\":\"PropertyValueSpecification\",\"valueRequired\":true,\"valueName\":\"search_term_string\"}}],\"inLanguage\":\"tr\"},{\"@type\":[\"Organization\",\"Place\"],\"@id\":\"https:\/\/testwebsite.upevents.nl\/#organization\",\"name\":\"City Game\",\"alternateName\":\"citygame.com\",\"url\":\"https:\/\/testwebsite.upevents.nl\/\",\"logo\":{\"@id\":\"https:\/\/testwebsite.citygame.com\/tr\/games\/sharm-el-sheikh\/sherlock-holmes-sharm-el-sheikh\/#local-main-organization-logo\"},\"image\":{\"@id\":\"https:\/\/testwebsite.citygame.com\/tr\/games\/sharm-el-sheikh\/sherlock-holmes-sharm-el-sheikh\/#local-main-organization-logo\"},\"sameAs\":[\"https:\/\/www.facebook.com\/profile.php?id=100086426226253\",\"https:\/\/www.instagram.com\/citygame_com\",\"https:\/\/www.tiktok.com\/@citygamecom\/\",\"https:\/\/www.linkedin.com\/company\/citygame-com\"],\"description\":\"Turn any city into a playground with our interactive City Games and self-guided tours. Fun, flexible, and ideal for groups and team building.\",\"telephone\":[],\"openingHoursSpecification\":[{\"@type\":\"OpeningHoursSpecification\",\"dayOfWeek\":[\"Monday\",\"Tuesday\",\"Wednesday\",\"Thursday\",\"Friday\",\"Saturday\",\"Sunday\"],\"opens\":\"09:00\",\"closes\":\"17:00\"}]},{\"@type\":\"ImageObject\",\"inLanguage\":\"tr\",\"@id\":\"https:\/\/testwebsite.citygame.com\/tr\/games\/sharm-el-sheikh\/sherlock-holmes-sharm-el-sheikh\/#local-main-organization-logo\",\"url\":\"https:\/\/testwebsite.citygame.com\/wp-content\/blogs.dir\/1\/files\/sites\/62\/2025\/10\/CG_LOGO-City-Game.png\",\"contentUrl\":\"https:\/\/testwebsite.citygame.com\/wp-content\/blogs.dir\/1\/files\/sites\/62\/2025\/10\/CG_LOGO-City-Game.png\",\"width\":351,\"height\":377,\"caption\":\"City Game\"}]}<\/script>\n<!-- \/ Yoast SEO Premium plugin. -->","yoast_head_json":{"title":"Sherlock Holmes Sharm El Sheikh - City Game","description":"Sherlock Holmes Sharm El Sheikh. Kendi kendine rehberli bir cinayet gizemi \u015eehir Oyunu oynay\u0131n, bulmacalar\u0131 \u00e7\u00f6z\u00fcn, ipu\u00e7lar\u0131n\u0131 takip edin ve katili kendi h\u0131z\u0131n\u0131zda ortaya \u00e7\u0131kar\u0131n!","robots":{"index":"noindex","follow":"follow","max-snippet":"max-snippet:-1","max-image-preview":"max-image-preview:large","max-video-preview":"max-video-preview:-1"},"og_locale":"tr_TR","og_type":"article","og_title":"Sherlock Holmes Sharm El Sheikh","og_description":"Sherlock Holmes Sharm El Sheikh. Kendi kendine rehberli bir cinayet gizemi \u015eehir Oyunu oynay\u0131n, bulmacalar\u0131 \u00e7\u00f6z\u00fcn, ipu\u00e7lar\u0131n\u0131 takip edin ve katili kendi h\u0131z\u0131n\u0131zda ortaya \u00e7\u0131kar\u0131n!","og_url":"https:\/\/testwebsite.citygame.com\/tr\/games\/sharm-el-sheikh\/sherlock-holmes-sharm-el-sheikh\/","og_site_name":"City Game","article_publisher":"https:\/\/www.facebook.com\/profile.php?id=100086426226253","article_modified_time":"2026-04-07T23:13:16+00:00","og_image":[{"width":1344,"height":768,"url":"https:\/\/testwebsite.citygame.com\/wp-content\/blogs.dir\/1\/files\/sites\/62\/2026\/02\/woman-playing-sherlock-city-game-on-european-street-2.jpg","type":"image\/jpeg"}],"twitter_card":"summary_large_image","schema":{"@context":"https:\/\/schema.org","@graph":[{"@type":"WebPage","@id":"https:\/\/testwebsite.citygame.com\/tr\/games\/sharm-el-sheikh\/sherlock-holmes-sharm-el-sheikh\/","url":"https:\/\/testwebsite.citygame.com\/tr\/games\/sharm-el-sheikh\/sherlock-holmes-sharm-el-sheikh\/","name":"Sherlock Holmes Sharm El Sheikh - City Game","isPartOf":{"@id":"https:\/\/testwebsite.upevents.nl\/#website"},"primaryImageOfPage":{"@id":"https:\/\/testwebsite.citygame.com\/tr\/games\/sharm-el-sheikh\/sherlock-holmes-sharm-el-sheikh\/#primaryimage"},"image":{"@id":"https:\/\/testwebsite.citygame.com\/tr\/games\/sharm-el-sheikh\/sherlock-holmes-sharm-el-sheikh\/#primaryimage"},"thumbnailUrl":"https:\/\/testwebsite.citygame.com\/wp-content\/blogs.dir\/1\/files\/sites\/62\/2026\/02\/woman-playing-sherlock-city-game-on-european-street-2.jpg","datePublished":"2026-02-10T17:19:33+00:00","dateModified":"2026-04-07T23:13:16+00:00","description":"Sherlock Holmes Sharm El Sheikh. Kendi kendine rehberli bir cinayet gizemi \u015eehir Oyunu oynay\u0131n, bulmacalar\u0131 \u00e7\u00f6z\u00fcn, ipu\u00e7lar\u0131n\u0131 takip edin ve katili kendi h\u0131z\u0131n\u0131zda ortaya \u00e7\u0131kar\u0131n!","breadcrumb":{"@id":"https:\/\/testwebsite.citygame.com\/tr\/games\/sharm-el-sheikh\/sherlock-holmes-sharm-el-sheikh\/#breadcrumb"},"inLanguage":"tr","potentialAction":[{"@type":"ReadAction","target":["https:\/\/testwebsite.citygame.com\/tr\/games\/sharm-el-sheikh\/sherlock-holmes-sharm-el-sheikh\/"]}]},{"@type":"ImageObject","inLanguage":"tr","@id":"https:\/\/testwebsite.citygame.com\/tr\/games\/sharm-el-sheikh\/sherlock-holmes-sharm-el-sheikh\/#primaryimage","url":"https:\/\/testwebsite.citygame.com\/wp-content\/blogs.dir\/1\/files\/sites\/62\/2026\/02\/woman-playing-sherlock-city-game-on-european-street-2.jpg","contentUrl":"https:\/\/testwebsite.citygame.com\/wp-content\/blogs.dir\/1\/files\/sites\/62\/2026\/02\/woman-playing-sherlock-city-game-on-european-street-2.jpg","width":1344,"height":768,"caption":"A player uses her smartphone to solve a mystery while exploring a historic European city street."},{"@type":"BreadcrumbList","@id":"https:\/\/testwebsite.citygame.com\/tr\/games\/sharm-el-sheikh\/sherlock-holmes-sharm-el-sheikh\/#breadcrumb","itemListElement":[{"@type":"ListItem","position":1,"name":"Home","item":"https:\/\/testwebsite.citygame.com\/tr\/"},{"@type":"ListItem","position":2,"name":"Shop","item":"https:\/\/testwebsite.citygame.com\/shop\/"},{"@type":"ListItem","position":3,"name":"Sherlock Holmes Sharm El Sheikh"}]},{"@type":"WebSite","@id":"https:\/\/testwebsite.upevents.nl\/#website","url":"https:\/\/testwebsite.upevents.nl\/","name":"City Game","description":"","publisher":{"@id":"https:\/\/testwebsite.upevents.nl\/#organization"},"alternateName":"citygame.com","potentialAction":[{"@type":"SearchAction","target":{"@type":"EntryPoint","urlTemplate":"https:\/\/testwebsite.upevents.nl\/?s={search_term_string}"},"query-input":{"@type":"PropertyValueSpecification","valueRequired":true,"valueName":"search_term_string"}}],"inLanguage":"tr"},{"@type":["Organization","Place"],"@id":"https:\/\/testwebsite.upevents.nl\/#organization","name":"City Game","alternateName":"citygame.com","url":"https:\/\/testwebsite.upevents.nl\/","logo":{"@id":"https:\/\/testwebsite.citygame.com\/tr\/games\/sharm-el-sheikh\/sherlock-holmes-sharm-el-sheikh\/#local-main-organization-logo"},"image":{"@id":"https:\/\/testwebsite.citygame.com\/tr\/games\/sharm-el-sheikh\/sherlock-holmes-sharm-el-sheikh\/#local-main-organization-logo"},"sameAs":["https:\/\/www.facebook.com\/profile.php?id=100086426226253","https:\/\/www.instagram.com\/citygame_com","https:\/\/www.tiktok.com\/@citygamecom\/","https:\/\/www.linkedin.com\/company\/citygame-com"],"description":"Turn any city into a playground with our interactive City Games and self-guided tours. Fun, flexible, and ideal for groups and team building.","telephone":[],"openingHoursSpecification":[{"@type":"OpeningHoursSpecification","dayOfWeek":["Monday","Tuesday","Wednesday","Thursday","Friday","Saturday","Sunday"],"opens":"09:00","closes":"17:00"}]},{"@type":"ImageObject","inLanguage":"tr","@id":"https:\/\/testwebsite.citygame.com\/tr\/games\/sharm-el-sheikh\/sherlock-holmes-sharm-el-sheikh\/#local-main-organization-logo","url":"https:\/\/testwebsite.citygame.com\/wp-content\/blogs.dir\/1\/files\/sites\/62\/2025\/10\/CG_LOGO-City-Game.png","contentUrl":"https:\/\/testwebsite.citygame.com\/wp-content\/blogs.dir\/1\/files\/sites\/62\/2025\/10\/CG_LOGO-City-Game.png","width":351,"height":377,"caption":"City Game"}]}},"taxonomy_info":{"game-concept":[{"value":793,"label":"Sherlock"}],"location":[{"value":369,"label":"Sharm el Sheikh"}],"product_cat":[{"value":27,"label":"Geen categorie"}]},"featured_image_src_large":["https:\/\/testwebsite.citygame.com\/wp-content\/blogs.dir\/1\/files\/sites\/62\/2026\/02\/woman-playing-sherlock-city-game-on-european-street-2-1024x585.jpg",1024,585,true],"author_info":[],"comment_info":"","_links":{"self":[{"href":"https:\/\/testwebsite.citygame.com\/tr\/wp-json\/wp\/v2\/product\/56750","targetHints":{"allow":["GET"]}}],"collection":[{"href":"https:\/\/testwebsite.citygame.com\/tr\/wp-json\/wp\/v2\/product"}],"about":[{"href":"https:\/\/testwebsite.citygame.com\/tr\/wp-json\/wp\/v2\/types\/product"}],"acf:post":[{"embeddable":true,"href":"https:\/\/testwebsite.citygame.com\/tr\/wp-json\/wp\/v2\/pages\/11964"}],"wp:featuredmedia":[{"embeddable":true,"href":"https:\/\/testwebsite.citygame.com\/tr\/wp-json\/wp\/v2\/media\/11966"}],"wp:attachment":[{"href":"https:\/\/testwebsite.citygame.com\/tr\/wp-json\/wp\/v2\/media?parent=56750"}],"wp:term":[{"taxonomy":"game-concept","embeddable":true,"href":"https:\/\/testwebsite.citygame.com\/tr\/wp-json\/wp\/v2\/game-concept?post=56750"},{"taxonomy":"location","embeddable":true,"href":"https:\/\/testwebsite.citygame.com\/tr\/wp-json\/wp\/v2\/location?post=56750"},{"taxonomy":"product_brand","embeddable":true,"href":"https:\/\/testwebsite.citygame.com\/tr\/wp-json\/wp\/v2\/product_brand?post=56750"},{"taxonomy":"product_cat","embeddable":true,"href":"https:\/\/testwebsite.citygame.com\/tr\/wp-json\/wp\/v2\/product_cat?post=56750"},{"taxonomy":"product_tag","embeddable":true,"href":"https:\/\/testwebsite.citygame.com\/tr\/wp-json\/wp\/v2\/product_tag?post=56750"}],"curies":[{"name":"wp","href":"https:\/\/api.w.org\/{rel}","templated":true}]}}