{"id":56020,"date":"2026-01-14T08:46:33","date_gmt":"2026-01-14T08:46:33","guid":{"rendered":"https:\/\/testwebsite.citygame.com\/games\/unknown-location\/secrets-of-stockholm-south\/"},"modified":"2026-04-07T21:57:21","modified_gmt":"2026-04-07T21:57:21","slug":"secrets-of-stockholm-south","status":"publish","type":"product","link":"https:\/\/testwebsite.citygame.com\/tr\/games\/stockholm\/secrets-of-stockholm-south\/","title":{"rendered":"Secrets of Stockholm South"},"content":{"rendered":"<p>City Game Stockholm, Stockholm&#8217;un belirli bir b\u00f6lgesinde, yani Stockholm South&#8217;ta ge\u00e7en, kendi kendine rehberli bir \u015fehir oyunudur. Bu GPS tabanl\u0131 oyun, oyuncular\u0131 ak\u0131ll\u0131 telefonlar\u0131n\u0131 kullanarak sokaklar aras\u0131nda gezdirirken, yol boyunca bulmacalar\u0131, bilmeceleri ve foto\u011fraf g\u00f6revlerini \u00e7\u00f6zmelerini sa\u011flar. Ke\u015fif oyunu, b\u00f6lgenin tarihi, k\u00fclt\u00fcr\u00fc ve gizli detaylar\u0131 hakk\u0131nda bilgi sunarak hem bilgilendirici hem de ilgi \u00e7ekicidir. Ziyaret\u00e7iler ve yerel halk i\u00e7in uygun olan City Game Stockholm, tan\u0131d\u0131k yerleri yeni bir perspektiften g\u00f6rmeye te\u015fvik eder. \u0130ster tek ba\u015f\u0131na, ister \u00e7ift olarak, ister aile ve arkada\u015flarla oynans\u0131n, deneyim herkes i\u00e7in esnek ve e\u011flencelidir.<\/p>\n","protected":false},"excerpt":{"rendered":"<p>Stockholm&#8217;un G\u00f6lgelerini ve S\u0131rlar\u0131n\u0131 \u00c7\u00f6z\u00fcn! Arnavut kald\u0131r\u0131ml\u0131 sokaklar\u0131n tarih ve gizli hikayelerle dolu oldu\u011fu bir \u015fehre ad\u0131m at\u0131n, Bj\u00f6rn the Shadow Watch&#8217;\u0131n Lisa ve Lilly&#8217;yi \u015fehrin f\u0131s\u0131lt\u0131lar\u0131nda sonsuza dek kaybolmadan \u00f6nce bulmas\u0131na yard\u0131m edin.<\/p>\n","protected":false},"featured_media":3977,"template":"","meta":{"_acf_changed":false,"_yoast_wpseo_focuskw":"Secrets of Stockholm South","_yoast_wpseo_metadesc":"Secrets of Stockholm South. Kendi kendine rehberli bir \u015eehir Oyunu oynay\u0131n ve \u015fehri bulmacalar, bilmeceler ve g\u00f6revlerle ke\u015ffedin. Kendi h\u0131z\u0131n\u0131zda oynay\u0131n ve bir yerel gibi ke\u015ffedin!","_kad_blocks_custom_css":"","_kad_blocks_head_custom_js":"","_kad_blocks_body_custom_js":"","_kad_blocks_footer_custom_js":"","ghostkit_customizer_options":"","ghostkit_custom_css":"","ghostkit_custom_js_head":"","ghostkit_custom_js_foot":"","ghostkit_typography":"","_kad_post_transparent":"default","_kad_post_title":"","_kad_post_layout":"default","_kad_post_sidebar_id":"","_kad_post_content_style":"default","_kad_post_vertical_padding":"default","_kad_post_feature":"","_kad_post_feature_position":"","_kad_post_header":false,"_kad_post_footer":false,"_kad_post_classname":"","_links_to":"","_links_to_target":""},"game-concept":[732],"location":[380],"product_brand":[],"product_cat":[27],"product_tag":[],"class_list":{"0":"post-56020","1":"product","2":"type-product","3":"status-publish","4":"has-post-thumbnail","6":"game-concept-secrets","7":"location-stockholm","8":"product_cat-geen-categorie","10":"first","11":"instock","12":"shipping-taxable","13":"purchasable","14":"product-type-simple","15":"entry","16":"content-bg","17":"loop-entry"},"acf":{"full_bokun_product_name":"Self-Guided Secrets of Stockholm South Exploration Game","location_name":"Stockholm South","bokun_calendar_widget_code":"<script type=\"text\/javascript\" src=\"https:\/\/widgets.bokun.io\/assets\/javascripts\/apps\/build\/BokunWidgetsLoader.js?bookingChannelUUID=a1e93e96-5232-4734-a595-28405f4b5a31\" async><\/script>\n     \n    <div class=\"bokunWidget\" data-src=\"https:\/\/widgets.bokun.io\/online-sales\/a1e93e96-5232-4734-a595-28405f4b5a31\/experience-calendar\/1072344\"><\/div>\n    <noscript>Please enable javascript in your browser to book<\/noscript>","bokun_button_widget_code":"<script type=\"text\/javascript\" src=\"https:\/\/widgets.bokun.io\/assets\/javascripts\/apps\/build\/BokunWidgetsLoader.js?bookingChannelUUID=a1e93e96-5232-4734-a595-28405f4b5a31\" async><\/script>\n      <style> #bokun_ed001e45_5927_4f62_b470_ca766338d083 { display: inline-block; padding: .4em 1em; background: #47b82e; border-radius: 999999px; box-shadow: none; font-weight: 600; font-size: 24px; text-decoration: none; text-align: center; color: #FFFFFF; border:none; cursor: pointer; transition: background .2s ease; } #bokun_ed001e45_5927_4f62_b470_ca766338d083:hover{ background: #2f7b1f; } #bokun_ed001e45_5927_4f62_b470_ca766338d083:active{ background: #378f24; } <\/style> <button class=\"bokunButton\" disabled id=bokun_ed001e45_5927_4f62_b470_ca766338d083 data-src=\"https:\/\/widgets.bokun.io\/online-sales\/a1e93e96-5232-4734-a595-28405f4b5a31\/experience-calendar\/1072344?partialView=1\" data-testid=\"widget-book-button\" > Book now <\/button> ","what_you\u2019ll_experience_during_the_game":"Stockholm'un G\u00fcney b\u00f6lgesini ke\u015ffederken, bu \u015eehir Oyunu ke\u015ffi hikaye anlat\u0131m\u0131yla harmanlayarak sizi iyi bilinen simge yap\u0131lar ve daha sakin k\u00f6\u015feler aras\u0131nda gezdirir. Yol boyunca, geni\u015f manzaral\u0131 tepedeki bir mekan olan S\u00f6dra Teatern ve \u015fehrin ge\u00e7mi\u015fine \u0131\u015f\u0131k tutan tarihi Stockholm \u015eehir M\u00fczesi gibi \u00e7arp\u0131c\u0131 yerlerden ge\u00e7eceksiniz. G\u00fczergah sizi modern ya\u015fam\u0131n falez kenar\u0131 cazibesiyle bulu\u015ftu\u011fu Mariahissen'in yan\u0131 s\u0131ra Folkoperan ve M\u00fcnchenbryggeriet'in d\u00f6n\u00fc\u015ft\u00fcr\u00fclm\u00fc\u015f end\u00fcstriyel salonlar\u0131 gibi k\u00fclt\u00fcrel mekanlardan da ge\u00e7irir. Her durak, Stockholm South hakk\u0131nda yeni bir \u015feyler ortaya \u00e7\u0131kararak, b\u00f6lgenin geli\u015fen karakteri ve yarat\u0131c\u0131 ruhuna daha derinlemesine bir bak\u0131\u015f sunar.\r\n\r\nOyun boyunca, bilmeceler ve genel k\u00fclt\u00fcr sorular\u0131ndan e\u011flenceli yarat\u0131c\u0131l\u0131\u011f\u0131 te\u015fvik eden foto\u011fraf g\u00f6revlerine kadar \u00e7e\u015fitli etkile\u015fimli zorluklarla kar\u015f\u0131la\u015facaks\u0131n\u0131z. Bunlar\u0131 tamamlamak, puan kazanman\u0131za, ipu\u00e7lar\u0131n\u0131 ortaya \u00e7\u0131karman\u0131za ve son gizeme do\u011fru ilerlemenize yard\u0131mc\u0131 olur. Oyun, mola vermeniz gerekti\u011finde duraklat\u0131labilir ve kendi h\u0131z\u0131n\u0131zda tekrar ba\u015flanabilir, bu da onu g\u00fcn\u00fcn\u00fcze kolayca s\u0131\u011fd\u0131rman\u0131z\u0131 sa\u011flar. Rekabet\u00e7i bir ruha sahip tak\u0131mlar veya solo oyuncular, Stockholm South'u ke\u015ffederken puanlar\u0131n\u0131 takip edebilir ve liderlik tablosundaki s\u0131ralamalar\u0131n\u0131 g\u00f6rebilir.","how_to_play":"","start_location":"Stockholm, S\u00f6dra Teatern","available_languages":"","players_per_group":"1-4","duration":"1.5-2 hours","image_overlay_color_image":"https:\/\/testwebsite.citygame.com\/wp-content\/blogs.dir\/1\/files\/sites\/62\/2026\/01\/SecretsColor.svg","image_overlay_game_logo":"https:\/\/testwebsite.citygame.com\/wp-content\/blogs.dir\/1\/files\/sites\/62\/2026\/01\/SecretsLogo.png","city_page":5571,"woocommerce_general_content":null},"yoast_head":"<!-- This site is optimized with the Yoast SEO Premium plugin v26.2 (Yoast SEO v26.3) - https:\/\/yoast.com\/wordpress\/plugins\/seo\/ -->\n<title>Secrets of Stockholm South - City Game<\/title>\n<meta name=\"description\" content=\"Secrets of Stockholm South. Kendi kendine rehberli bir \u015eehir Oyunu oynay\u0131n ve \u015fehri bulmacalar, bilmeceler ve g\u00f6revlerle ke\u015ffedin. Kendi h\u0131z\u0131n\u0131zda oynay\u0131n ve bir yerel gibi ke\u015ffedin!\" \/>\n<meta name=\"robots\" content=\"noindex, follow, max-snippet:-1, max-image-preview:large, max-video-preview:-1\" \/>\n<meta property=\"og:locale\" content=\"tr_TR\" \/>\n<meta property=\"og:type\" content=\"article\" \/>\n<meta property=\"og:title\" content=\"Secrets of Stockholm South\" \/>\n<meta property=\"og:description\" content=\"Secrets of Stockholm South. Kendi kendine rehberli bir \u015eehir Oyunu oynay\u0131n ve \u015fehri bulmacalar, bilmeceler ve g\u00f6revlerle ke\u015ffedin. Kendi h\u0131z\u0131n\u0131zda oynay\u0131n ve bir yerel gibi ke\u015ffedin!\" \/>\n<meta property=\"og:url\" content=\"https:\/\/testwebsite.citygame.com\/tr\/games\/stockholm\/secrets-of-stockholm-south\/\" \/>\n<meta property=\"og:site_name\" content=\"City Game\" \/>\n<meta property=\"article:publisher\" content=\"https:\/\/www.facebook.com\/profile.php?id=100086426226253\" \/>\n<meta property=\"article:modified_time\" content=\"2026-04-07T21:57:21+00:00\" \/>\n<meta property=\"og:image\" content=\"https:\/\/testwebsite.citygame.com\/wp-content\/blogs.dir\/1\/files\/sites\/62\/2026\/01\/group-of-friends-playing-city-game-stockholm-south.jpg\" \/>\n\t<meta property=\"og:image:width\" content=\"1024\" \/>\n\t<meta property=\"og:image:height\" content=\"1024\" \/>\n\t<meta property=\"og:image:type\" content=\"image\/jpeg\" \/>\n<meta name=\"twitter:card\" content=\"summary_large_image\" \/>\n<meta name=\"twitter:label1\" content=\"Tahmini okuma s\u00fcresi\" \/>\n\t<meta name=\"twitter:data1\" content=\"1 dakika\" \/>\n<script type=\"application\/ld+json\" class=\"yoast-schema-graph\">{\"@context\":\"https:\/\/schema.org\",\"@graph\":[{\"@type\":\"WebPage\",\"@id\":\"https:\/\/testwebsite.citygame.com\/tr\/games\/stockholm\/secrets-of-stockholm-south\/\",\"url\":\"https:\/\/testwebsite.citygame.com\/tr\/games\/stockholm\/secrets-of-stockholm-south\/\",\"name\":\"Secrets of Stockholm South - City Game\",\"isPartOf\":{\"@id\":\"https:\/\/testwebsite.upevents.nl\/#website\"},\"primaryImageOfPage\":{\"@id\":\"https:\/\/testwebsite.citygame.com\/tr\/games\/stockholm\/secrets-of-stockholm-south\/#primaryimage\"},\"image\":{\"@id\":\"https:\/\/testwebsite.citygame.com\/tr\/games\/stockholm\/secrets-of-stockholm-south\/#primaryimage\"},\"thumbnailUrl\":\"https:\/\/testwebsite.citygame.com\/wp-content\/blogs.dir\/1\/files\/sites\/62\/2026\/01\/group-of-friends-playing-city-game-stockholm-south.jpg\",\"datePublished\":\"2026-01-14T08:46:33+00:00\",\"dateModified\":\"2026-04-07T21:57:21+00:00\",\"description\":\"Secrets of Stockholm South. Kendi kendine rehberli bir \u015eehir Oyunu oynay\u0131n ve \u015fehri bulmacalar, bilmeceler ve g\u00f6revlerle ke\u015ffedin. Kendi h\u0131z\u0131n\u0131zda oynay\u0131n ve bir yerel gibi ke\u015ffedin!\",\"breadcrumb\":{\"@id\":\"https:\/\/testwebsite.citygame.com\/tr\/games\/stockholm\/secrets-of-stockholm-south\/#breadcrumb\"},\"inLanguage\":\"tr\",\"potentialAction\":[{\"@type\":\"ReadAction\",\"target\":[\"https:\/\/testwebsite.citygame.com\/tr\/games\/stockholm\/secrets-of-stockholm-south\/\"]}]},{\"@type\":\"ImageObject\",\"inLanguage\":\"tr\",\"@id\":\"https:\/\/testwebsite.citygame.com\/tr\/games\/stockholm\/secrets-of-stockholm-south\/#primaryimage\",\"url\":\"https:\/\/testwebsite.citygame.com\/wp-content\/blogs.dir\/1\/files\/sites\/62\/2026\/01\/group-of-friends-playing-city-game-stockholm-south.jpg\",\"contentUrl\":\"https:\/\/testwebsite.citygame.com\/wp-content\/blogs.dir\/1\/files\/sites\/62\/2026\/01\/group-of-friends-playing-city-game-stockholm-south.jpg\",\"width\":1024,\"height\":1024,\"caption\":\"A group of young friends collaborates while playing an outdoor discovery game on a smartphone.\"},{\"@type\":\"BreadcrumbList\",\"@id\":\"https:\/\/testwebsite.citygame.com\/tr\/games\/stockholm\/secrets-of-stockholm-south\/#breadcrumb\",\"itemListElement\":[{\"@type\":\"ListItem\",\"position\":1,\"name\":\"Home\",\"item\":\"https:\/\/testwebsite.citygame.com\/tr\/\"},{\"@type\":\"ListItem\",\"position\":2,\"name\":\"Shop\",\"item\":\"https:\/\/testwebsite.citygame.com\/shop\/\"},{\"@type\":\"ListItem\",\"position\":3,\"name\":\"Secrets of Stockholm South\"}]},{\"@type\":\"WebSite\",\"@id\":\"https:\/\/testwebsite.upevents.nl\/#website\",\"url\":\"https:\/\/testwebsite.upevents.nl\/\",\"name\":\"City Game\",\"description\":\"\",\"publisher\":{\"@id\":\"https:\/\/testwebsite.upevents.nl\/#organization\"},\"alternateName\":\"citygame.com\",\"potentialAction\":[{\"@type\":\"SearchAction\",\"target\":{\"@type\":\"EntryPoint\",\"urlTemplate\":\"https:\/\/testwebsite.upevents.nl\/?s={search_term_string}\"},\"query-input\":{\"@type\":\"PropertyValueSpecification\",\"valueRequired\":true,\"valueName\":\"search_term_string\"}}],\"inLanguage\":\"tr\"},{\"@type\":[\"Organization\",\"Place\"],\"@id\":\"https:\/\/testwebsite.upevents.nl\/#organization\",\"name\":\"City Game\",\"alternateName\":\"citygame.com\",\"url\":\"https:\/\/testwebsite.upevents.nl\/\",\"logo\":{\"@id\":\"https:\/\/testwebsite.citygame.com\/tr\/games\/stockholm\/secrets-of-stockholm-south\/#local-main-organization-logo\"},\"image\":{\"@id\":\"https:\/\/testwebsite.citygame.com\/tr\/games\/stockholm\/secrets-of-stockholm-south\/#local-main-organization-logo\"},\"sameAs\":[\"https:\/\/www.facebook.com\/profile.php?id=100086426226253\",\"https:\/\/www.instagram.com\/citygame_com\",\"https:\/\/www.tiktok.com\/@citygamecom\/\",\"https:\/\/www.linkedin.com\/company\/citygame-com\"],\"description\":\"Turn any city into a playground with our interactive City Games and self-guided tours. Fun, flexible, and ideal for groups and team building.\",\"telephone\":[],\"openingHoursSpecification\":[{\"@type\":\"OpeningHoursSpecification\",\"dayOfWeek\":[\"Monday\",\"Tuesday\",\"Wednesday\",\"Thursday\",\"Friday\",\"Saturday\",\"Sunday\"],\"opens\":\"09:00\",\"closes\":\"17:00\"}]},{\"@type\":\"ImageObject\",\"inLanguage\":\"tr\",\"@id\":\"https:\/\/testwebsite.citygame.com\/tr\/games\/stockholm\/secrets-of-stockholm-south\/#local-main-organization-logo\",\"url\":\"https:\/\/testwebsite.citygame.com\/wp-content\/blogs.dir\/1\/files\/sites\/62\/2025\/10\/CG_LOGO-City-Game.png\",\"contentUrl\":\"https:\/\/testwebsite.citygame.com\/wp-content\/blogs.dir\/1\/files\/sites\/62\/2025\/10\/CG_LOGO-City-Game.png\",\"width\":351,\"height\":377,\"caption\":\"City Game\"}]}<\/script>\n<!-- \/ Yoast SEO Premium plugin. -->","yoast_head_json":{"title":"Secrets of Stockholm South - City Game","description":"Secrets of Stockholm South. Kendi kendine rehberli bir \u015eehir Oyunu oynay\u0131n ve \u015fehri bulmacalar, bilmeceler ve g\u00f6revlerle ke\u015ffedin. Kendi h\u0131z\u0131n\u0131zda oynay\u0131n ve bir yerel gibi ke\u015ffedin!","robots":{"index":"noindex","follow":"follow","max-snippet":"max-snippet:-1","max-image-preview":"max-image-preview:large","max-video-preview":"max-video-preview:-1"},"og_locale":"tr_TR","og_type":"article","og_title":"Secrets of Stockholm South","og_description":"Secrets of Stockholm South. Kendi kendine rehberli bir \u015eehir Oyunu oynay\u0131n ve \u015fehri bulmacalar, bilmeceler ve g\u00f6revlerle ke\u015ffedin. Kendi h\u0131z\u0131n\u0131zda oynay\u0131n ve bir yerel gibi ke\u015ffedin!","og_url":"https:\/\/testwebsite.citygame.com\/tr\/games\/stockholm\/secrets-of-stockholm-south\/","og_site_name":"City Game","article_publisher":"https:\/\/www.facebook.com\/profile.php?id=100086426226253","article_modified_time":"2026-04-07T21:57:21+00:00","og_image":[{"width":1024,"height":1024,"url":"https:\/\/testwebsite.citygame.com\/wp-content\/blogs.dir\/1\/files\/sites\/62\/2026\/01\/group-of-friends-playing-city-game-stockholm-south.jpg","type":"image\/jpeg"}],"twitter_card":"summary_large_image","twitter_misc":{"Tahmini okuma s\u00fcresi":"1 dakika"},"schema":{"@context":"https:\/\/schema.org","@graph":[{"@type":"WebPage","@id":"https:\/\/testwebsite.citygame.com\/tr\/games\/stockholm\/secrets-of-stockholm-south\/","url":"https:\/\/testwebsite.citygame.com\/tr\/games\/stockholm\/secrets-of-stockholm-south\/","name":"Secrets of Stockholm South - City Game","isPartOf":{"@id":"https:\/\/testwebsite.upevents.nl\/#website"},"primaryImageOfPage":{"@id":"https:\/\/testwebsite.citygame.com\/tr\/games\/stockholm\/secrets-of-stockholm-south\/#primaryimage"},"image":{"@id":"https:\/\/testwebsite.citygame.com\/tr\/games\/stockholm\/secrets-of-stockholm-south\/#primaryimage"},"thumbnailUrl":"https:\/\/testwebsite.citygame.com\/wp-content\/blogs.dir\/1\/files\/sites\/62\/2026\/01\/group-of-friends-playing-city-game-stockholm-south.jpg","datePublished":"2026-01-14T08:46:33+00:00","dateModified":"2026-04-07T21:57:21+00:00","description":"Secrets of Stockholm South. Kendi kendine rehberli bir \u015eehir Oyunu oynay\u0131n ve \u015fehri bulmacalar, bilmeceler ve g\u00f6revlerle ke\u015ffedin. Kendi h\u0131z\u0131n\u0131zda oynay\u0131n ve bir yerel gibi ke\u015ffedin!","breadcrumb":{"@id":"https:\/\/testwebsite.citygame.com\/tr\/games\/stockholm\/secrets-of-stockholm-south\/#breadcrumb"},"inLanguage":"tr","potentialAction":[{"@type":"ReadAction","target":["https:\/\/testwebsite.citygame.com\/tr\/games\/stockholm\/secrets-of-stockholm-south\/"]}]},{"@type":"ImageObject","inLanguage":"tr","@id":"https:\/\/testwebsite.citygame.com\/tr\/games\/stockholm\/secrets-of-stockholm-south\/#primaryimage","url":"https:\/\/testwebsite.citygame.com\/wp-content\/blogs.dir\/1\/files\/sites\/62\/2026\/01\/group-of-friends-playing-city-game-stockholm-south.jpg","contentUrl":"https:\/\/testwebsite.citygame.com\/wp-content\/blogs.dir\/1\/files\/sites\/62\/2026\/01\/group-of-friends-playing-city-game-stockholm-south.jpg","width":1024,"height":1024,"caption":"A group of young friends collaborates while playing an outdoor discovery game on a smartphone."},{"@type":"BreadcrumbList","@id":"https:\/\/testwebsite.citygame.com\/tr\/games\/stockholm\/secrets-of-stockholm-south\/#breadcrumb","itemListElement":[{"@type":"ListItem","position":1,"name":"Home","item":"https:\/\/testwebsite.citygame.com\/tr\/"},{"@type":"ListItem","position":2,"name":"Shop","item":"https:\/\/testwebsite.citygame.com\/shop\/"},{"@type":"ListItem","position":3,"name":"Secrets of Stockholm South"}]},{"@type":"WebSite","@id":"https:\/\/testwebsite.upevents.nl\/#website","url":"https:\/\/testwebsite.upevents.nl\/","name":"City Game","description":"","publisher":{"@id":"https:\/\/testwebsite.upevents.nl\/#organization"},"alternateName":"citygame.com","potentialAction":[{"@type":"SearchAction","target":{"@type":"EntryPoint","urlTemplate":"https:\/\/testwebsite.upevents.nl\/?s={search_term_string}"},"query-input":{"@type":"PropertyValueSpecification","valueRequired":true,"valueName":"search_term_string"}}],"inLanguage":"tr"},{"@type":["Organization","Place"],"@id":"https:\/\/testwebsite.upevents.nl\/#organization","name":"City Game","alternateName":"citygame.com","url":"https:\/\/testwebsite.upevents.nl\/","logo":{"@id":"https:\/\/testwebsite.citygame.com\/tr\/games\/stockholm\/secrets-of-stockholm-south\/#local-main-organization-logo"},"image":{"@id":"https:\/\/testwebsite.citygame.com\/tr\/games\/stockholm\/secrets-of-stockholm-south\/#local-main-organization-logo"},"sameAs":["https:\/\/www.facebook.com\/profile.php?id=100086426226253","https:\/\/www.instagram.com\/citygame_com","https:\/\/www.tiktok.com\/@citygamecom\/","https:\/\/www.linkedin.com\/company\/citygame-com"],"description":"Turn any city into a playground with our interactive City Games and self-guided tours. Fun, flexible, and ideal for groups and team building.","telephone":[],"openingHoursSpecification":[{"@type":"OpeningHoursSpecification","dayOfWeek":["Monday","Tuesday","Wednesday","Thursday","Friday","Saturday","Sunday"],"opens":"09:00","closes":"17:00"}]},{"@type":"ImageObject","inLanguage":"tr","@id":"https:\/\/testwebsite.citygame.com\/tr\/games\/stockholm\/secrets-of-stockholm-south\/#local-main-organization-logo","url":"https:\/\/testwebsite.citygame.com\/wp-content\/blogs.dir\/1\/files\/sites\/62\/2025\/10\/CG_LOGO-City-Game.png","contentUrl":"https:\/\/testwebsite.citygame.com\/wp-content\/blogs.dir\/1\/files\/sites\/62\/2025\/10\/CG_LOGO-City-Game.png","width":351,"height":377,"caption":"City Game"}]}},"taxonomy_info":{"game-concept":[{"value":732,"label":"Secrets"}],"location":[{"value":380,"label":"Stockholm"}],"product_cat":[{"value":27,"label":"Geen categorie"}]},"featured_image_src_large":["https:\/\/testwebsite.citygame.com\/wp-content\/blogs.dir\/1\/files\/sites\/62\/2026\/01\/group-of-friends-playing-city-game-stockholm-south.jpg",1024,1024,false],"author_info":[],"comment_info":"","_links":{"self":[{"href":"https:\/\/testwebsite.citygame.com\/tr\/wp-json\/wp\/v2\/product\/56020","targetHints":{"allow":["GET"]}}],"collection":[{"href":"https:\/\/testwebsite.citygame.com\/tr\/wp-json\/wp\/v2\/product"}],"about":[{"href":"https:\/\/testwebsite.citygame.com\/tr\/wp-json\/wp\/v2\/types\/product"}],"acf:post":[{"embeddable":true,"href":"https:\/\/testwebsite.citygame.com\/tr\/wp-json\/wp\/v2\/pages\/5571"}],"wp:featuredmedia":[{"embeddable":true,"href":"https:\/\/testwebsite.citygame.com\/tr\/wp-json\/wp\/v2\/media\/3977"}],"wp:attachment":[{"href":"https:\/\/testwebsite.citygame.com\/tr\/wp-json\/wp\/v2\/media?parent=56020"}],"wp:term":[{"taxonomy":"game-concept","embeddable":true,"href":"https:\/\/testwebsite.citygame.com\/tr\/wp-json\/wp\/v2\/game-concept?post=56020"},{"taxonomy":"location","embeddable":true,"href":"https:\/\/testwebsite.citygame.com\/tr\/wp-json\/wp\/v2\/location?post=56020"},{"taxonomy":"product_brand","embeddable":true,"href":"https:\/\/testwebsite.citygame.com\/tr\/wp-json\/wp\/v2\/product_brand?post=56020"},{"taxonomy":"product_cat","embeddable":true,"href":"https:\/\/testwebsite.citygame.com\/tr\/wp-json\/wp\/v2\/product_cat?post=56020"},{"taxonomy":"product_tag","embeddable":true,"href":"https:\/\/testwebsite.citygame.com\/tr\/wp-json\/wp\/v2\/product_tag?post=56020"}],"curies":[{"name":"wp","href":"https:\/\/api.w.org\/{rel}","templated":true}]}}