{"id":55879,"date":"2026-01-13T10:36:50","date_gmt":"2026-01-13T10:36:50","guid":{"rendered":"https:\/\/testwebsite.citygame.com\/games\/unknown-location\/secrets-of-norrkoping\/"},"modified":"2026-04-07T21:42:19","modified_gmt":"2026-04-07T21:42:19","slug":"secrets-of-norrkoping","status":"publish","type":"product","link":"https:\/\/testwebsite.citygame.com\/tr\/games\/norrkoping\/secrets-of-norrkoping\/","title":{"rendered":"Secrets of Norrk\u00f6ping"},"content":{"rendered":"<p>*Secrets of Norrk\u00f6ping* \u015eehir Oyunu, Norrk\u00f6ping \u015fehir merkezinde ger\u00e7ekle\u015fen, kendi kendine rehberli, GPS tabanl\u0131 bir oyundur. Ak\u0131ll\u0131 telefonunuzu kullanarak, \u00e7e\u015fitli bulmacalar, bilmeceler ve foto\u011fraf g\u00f6revlerini \u00e7\u00f6zerek \u00e7evreyi ke\u015ffedeceksiniz. Bu interaktif ke\u015fif oyunu, Norrk\u00f6ping&#8217;in k\u00fclt\u00fcr\u00fc, tarihi ve yol boyunca daha az bilinen detaylar\u0131 hakk\u0131nda bilgiler sunar. Hem ziyaret\u00e7iler hem de yerel halk i\u00e7in tasarlanan bu kendi kendine rehberli \u015fehir oyunu, \u015fehre yeni bir bak\u0131\u015f a\u00e7\u0131s\u0131yla bakarken kendi h\u0131z\u0131n\u0131zda hareket etmenize olanak tan\u0131r. City Game Norrk\u00f6ping; yaln\u0131z oyuncular, \u00e7iftler, aileler ve arkada\u015f gruplar\u0131 i\u00e7in uygundur.<\/p>\n","protected":false},"excerpt":{"rendered":"<p>Norrk\u00f6ping&#8217;in Gizli \u0130hti\u015fam\u0131n\u0131 Ke\u015ffet! Johann III&#8217;e Kay\u0131p K\u00f6\u015fe Ta\u015f\u0131&#8217;n\u0131 geri almas\u0131nda yard\u0131m ederek, co\u015fkulu nehirlerin ve k\u0131rm\u0131z\u0131 tu\u011flal\u0131 harikalar\u0131n aras\u0131nda dola\u015f\u0131rken \u015fehrin b\u00fcy\u00fck mimari hayalini yeniden canland\u0131r.<\/p>\n","protected":false},"featured_media":3587,"template":"","meta":{"_acf_changed":false,"_yoast_wpseo_focuskw":"Secrets of Norrk\u00f6ping","_yoast_wpseo_metadesc":"Secrets of Norrk\u00f6ping. Kendi kendine rehberli bir \u015eehir Oyunu oyna ve bulmacalar, bilmeceler ve g\u00f6revlerle \u015fehri ke\u015ffet. Kendi h\u0131z\u0131nda oyna ve bir yerli gibi ke\u015ffet!","_kad_blocks_custom_css":"","_kad_blocks_head_custom_js":"","_kad_blocks_body_custom_js":"","_kad_blocks_footer_custom_js":"","ghostkit_customizer_options":"","ghostkit_custom_css":"","ghostkit_custom_js_head":"","ghostkit_custom_js_foot":"","ghostkit_typography":"","_kad_post_transparent":"","_kad_post_title":"","_kad_post_layout":"","_kad_post_sidebar_id":"","_kad_post_content_style":"","_kad_post_vertical_padding":"","_kad_post_feature":"","_kad_post_feature_position":"","_kad_post_header":false,"_kad_post_footer":false,"_kad_post_classname":"","_links_to":"","_links_to_target":""},"game-concept":[732],"location":[301],"product_brand":[],"product_cat":[27],"product_tag":[],"class_list":{"0":"post-55879","1":"product","2":"type-product","3":"status-publish","4":"has-post-thumbnail","6":"game-concept-secrets","7":"location-norrkoping","8":"product_cat-geen-categorie","10":"first","11":"instock","12":"shipping-taxable","13":"purchasable","14":"product-type-simple","15":"entry","16":"content-bg","17":"loop-entry"},"acf":{"full_bokun_product_name":"Self-Guided Secrets of Norrk\u00f6ping Exploration Game","location_name":"Norrk\u00f6ping","bokun_calendar_widget_code":"<script type=\"text\/javascript\" src=\"https:\/\/widgets.bokun.io\/assets\/javascripts\/apps\/build\/BokunWidgetsLoader.js?bookingChannelUUID=a1e93e96-5232-4734-a595-28405f4b5a31\" async><\/script>\n     \n    <div class=\"bokunWidget\" data-src=\"https:\/\/widgets.bokun.io\/online-sales\/a1e93e96-5232-4734-a595-28405f4b5a31\/experience-calendar\/1096691\"><\/div>\n    <noscript>Please enable javascript in your browser to book<\/noscript>","bokun_button_widget_code":"<script type=\"text\/javascript\" src=\"https:\/\/widgets.bokun.io\/assets\/javascripts\/apps\/build\/BokunWidgetsLoader.js?bookingChannelUUID=a1e93e96-5232-4734-a595-28405f4b5a31\" async><\/script>\n      <style> #bokun_ed001e45_5927_4f62_b470_ca766338d083 { display: inline-block; padding: .4em 1em; background: #47b82e; border-radius: 999999px; box-shadow: none; font-weight: 600; font-size: 24px; text-decoration: none; text-align: center; color: #FFFFFF; border:none; cursor: pointer; transition: background .2s ease; } #bokun_ed001e45_5927_4f62_b470_ca766338d083:hover{ background: #2f7b1f; } #bokun_ed001e45_5927_4f62_b470_ca766338d083:active{ background: #378f24; } <\/style> <button class=\"bokunButton\" disabled id=bokun_ed001e45_5927_4f62_b470_ca766338d083 data-src=\"https:\/\/widgets.bokun.io\/online-sales\/a1e93e96-5232-4734-a595-28405f4b5a31\/experience-calendar\/1096691?partialView=1\" data-testid=\"widget-book-button\" > Book now <\/button> ","what_you\u2019ll_experience_during_the_game":"Yerel hikaye anlat\u0131c\u0131l\u0131\u011f\u0131n\u0131 interaktif ke\u015fifle harmanlayan bir \u015fehir oyunuyla Norrk\u00f6ping'i ke\u015ffedin. Rotay\u0131 takip ederken, H\u00f6rsal'\u0131n \u00e7arp\u0131c\u0131 cephesinden Gamlebro'nun nehir \u00fczerindeki cazibesine kadar hem tarihi simge yap\u0131lar\u0131n hem de gizli k\u00f6\u015felerin yan\u0131ndan ge\u00e7eceksiniz. Yol boyunca, \u015fehrin \u00e7al\u0131\u015fma hayat\u0131 miras\u0131n\u0131n bir simgesi olan Arbetets Museum gibi yerlerden ve S\u00f6dra kyrkog\u00e5rden yak\u0131nlar\u0131ndaki sakin y\u00fcr\u00fcy\u00fc\u015f yollar\u0131ndan ge\u00e7eceksiniz. Her konum, sizi hem Norrk\u00f6ping'in g\u00fcnl\u00fck ritmine hem de derin tarihine \u00e7eken yeni bir atmosfer katman\u0131 sunar.\n\nOyun boyunca, \u00e7evrenizle ba\u011flant\u0131l\u0131 bilmeceler, bulmacalar ve yarat\u0131c\u0131 foto\u011fraf g\u00f6revleri dahil olmak \u00fczere \u00e7e\u015fitli zorluklarla kar\u015f\u0131la\u015facaks\u0131n\u0131z. Bunlar\u0131 \u00e7\u00f6zmek size puan kazand\u0131r\u0131r, faydal\u0131 ipu\u00e7lar\u0131 ortaya \u00e7\u0131kar\u0131r ve nihai gizemi \u00e7\u00f6zmeye sizi yakla\u015ft\u0131r\u0131r. Norrk\u00f6ping'deki \u015eehir Oyunu, yaln\u0131z veya bir grup halinde ke\u015fif yaparken esneklik sunarak kendi h\u0131z\u0131n\u0131zda duraklat\u0131labilir ve devam ettirilebilir. Daha rekabet\u00e7i bir avantaj arayanlar i\u00e7in, tak\u0131mlar\u0131n zirveye \u00e7\u0131kmay\u0131 hedefleyebilece\u011fi bir liderlik tablosunda puanlar takip edilir.","how_to_play":"Rezervasyon yapt\u0131ktan sonra, do\u011frudan oyun ba\u011flant\u0131n\u0131z\u0131 i\u00e7eren bir e-posta alacaks\u0131n\u0131z. Sadece Sankt Olai'deki ba\u015flang\u0131\u00e7 konumuna gidin ve size uygun oldu\u011fu zaman maceran\u0131za ba\u015flay\u0131n. Oyun tamamen ak\u0131ll\u0131 telefonunuzda \u00e7al\u0131\u015f\u0131r, bu y\u00fczden istedi\u011finiz zaman duraklat\u0131p daha sonra devam edebilirsiniz.","start_location":"Norrk\u00f6ping, Sankt Olai","available_languages":[],"players_per_group":"1-4","duration":"1.5-2 hours","image_overlay_color_image":"https:\/\/testwebsite.citygame.com\/wp-content\/blogs.dir\/1\/files\/sites\/62\/2026\/01\/SecretsColor.svg","image_overlay_game_logo":"https:\/\/testwebsite.citygame.com\/wp-content\/blogs.dir\/1\/files\/sites\/62\/2026\/01\/SecretsLogo.png","city_page":15960,"woocommerce_general_content":null},"yoast_head":"<!-- This site is optimized with the Yoast SEO Premium plugin v26.2 (Yoast SEO v26.3) - https:\/\/yoast.com\/wordpress\/plugins\/seo\/ -->\n<title>Secrets of Norrk\u00f6ping - City Game<\/title>\n<meta name=\"description\" content=\"Secrets of Norrk\u00f6ping. Kendi kendine rehberli bir \u015eehir Oyunu oyna ve bulmacalar, bilmeceler ve g\u00f6revlerle \u015fehri ke\u015ffet. Kendi h\u0131z\u0131nda oyna ve bir yerli gibi ke\u015ffet!\" \/>\n<meta name=\"robots\" content=\"noindex, follow, max-snippet:-1, max-image-preview:large, max-video-preview:-1\" \/>\n<meta property=\"og:locale\" content=\"tr_TR\" \/>\n<meta property=\"og:type\" content=\"article\" \/>\n<meta property=\"og:title\" content=\"Secrets of Norrk\u00f6ping\" \/>\n<meta property=\"og:description\" content=\"Secrets of Norrk\u00f6ping. Kendi kendine rehberli bir \u015eehir Oyunu oyna ve bulmacalar, bilmeceler ve g\u00f6revlerle \u015fehri ke\u015ffet. Kendi h\u0131z\u0131nda oyna ve bir yerli gibi ke\u015ffet!\" \/>\n<meta property=\"og:url\" content=\"https:\/\/testwebsite.citygame.com\/tr\/games\/norrkoping\/secrets-of-norrkoping\/\" \/>\n<meta property=\"og:site_name\" content=\"City Game\" \/>\n<meta property=\"article:publisher\" content=\"https:\/\/www.facebook.com\/profile.php?id=100086426226253\" \/>\n<meta property=\"article:modified_time\" content=\"2026-04-07T21:42:19+00:00\" \/>\n<meta property=\"og:image\" content=\"https:\/\/testwebsite.citygame.com\/wp-content\/blogs.dir\/1\/files\/sites\/62\/2026\/01\/group-of-friends-playing-city-game-norrkyping.jpg\" \/>\n\t<meta property=\"og:image:width\" content=\"864\" \/>\n\t<meta property=\"og:image:height\" content=\"1184\" \/>\n\t<meta property=\"og:image:type\" content=\"image\/jpeg\" \/>\n<meta name=\"twitter:card\" content=\"summary_large_image\" \/>\n<meta name=\"twitter:label1\" content=\"Tahmini okuma s\u00fcresi\" \/>\n\t<meta name=\"twitter:data1\" content=\"1 dakika\" \/>\n<script type=\"application\/ld+json\" class=\"yoast-schema-graph\">{\"@context\":\"https:\/\/schema.org\",\"@graph\":[{\"@type\":\"WebPage\",\"@id\":\"https:\/\/testwebsite.citygame.com\/tr\/games\/norrkoping\/secrets-of-norrkoping\/\",\"url\":\"https:\/\/testwebsite.citygame.com\/tr\/games\/norrkoping\/secrets-of-norrkoping\/\",\"name\":\"Secrets of Norrk\u00f6ping - City Game\",\"isPartOf\":{\"@id\":\"https:\/\/testwebsite.upevents.nl\/#website\"},\"primaryImageOfPage\":{\"@id\":\"https:\/\/testwebsite.citygame.com\/tr\/games\/norrkoping\/secrets-of-norrkoping\/#primaryimage\"},\"image\":{\"@id\":\"https:\/\/testwebsite.citygame.com\/tr\/games\/norrkoping\/secrets-of-norrkoping\/#primaryimage\"},\"thumbnailUrl\":\"https:\/\/testwebsite.citygame.com\/wp-content\/blogs.dir\/1\/files\/sites\/62\/2026\/01\/group-of-friends-playing-city-game-norrkyping.jpg\",\"datePublished\":\"2026-01-13T10:36:50+00:00\",\"dateModified\":\"2026-04-07T21:42:19+00:00\",\"description\":\"Secrets of Norrk\u00f6ping. Kendi kendine rehberli bir \u015eehir Oyunu oyna ve bulmacalar, bilmeceler ve g\u00f6revlerle \u015fehri ke\u015ffet. Kendi h\u0131z\u0131nda oyna ve bir yerli gibi ke\u015ffet!\",\"breadcrumb\":{\"@id\":\"https:\/\/testwebsite.citygame.com\/tr\/games\/norrkoping\/secrets-of-norrkoping\/#breadcrumb\"},\"inLanguage\":\"tr\",\"potentialAction\":[{\"@type\":\"ReadAction\",\"target\":[\"https:\/\/testwebsite.citygame.com\/tr\/games\/norrkoping\/secrets-of-norrkoping\/\"]}]},{\"@type\":\"ImageObject\",\"inLanguage\":\"tr\",\"@id\":\"https:\/\/testwebsite.citygame.com\/tr\/games\/norrkoping\/secrets-of-norrkoping\/#primaryimage\",\"url\":\"https:\/\/testwebsite.citygame.com\/wp-content\/blogs.dir\/1\/files\/sites\/62\/2026\/01\/group-of-friends-playing-city-game-norrkyping.jpg\",\"contentUrl\":\"https:\/\/testwebsite.citygame.com\/wp-content\/blogs.dir\/1\/files\/sites\/62\/2026\/01\/group-of-friends-playing-city-game-norrkyping.jpg\",\"width\":864,\"height\":1184,\"caption\":\"A team of friends collaborates while playing an outdoor discovery game in a Norrk\u00f6ping park.\"},{\"@type\":\"BreadcrumbList\",\"@id\":\"https:\/\/testwebsite.citygame.com\/tr\/games\/norrkoping\/secrets-of-norrkoping\/#breadcrumb\",\"itemListElement\":[{\"@type\":\"ListItem\",\"position\":1,\"name\":\"Home\",\"item\":\"https:\/\/testwebsite.citygame.com\/tr\/\"},{\"@type\":\"ListItem\",\"position\":2,\"name\":\"Shop\",\"item\":\"https:\/\/testwebsite.citygame.com\/shop\/\"},{\"@type\":\"ListItem\",\"position\":3,\"name\":\"Secrets of Norrk\u00f6ping\"}]},{\"@type\":\"WebSite\",\"@id\":\"https:\/\/testwebsite.upevents.nl\/#website\",\"url\":\"https:\/\/testwebsite.upevents.nl\/\",\"name\":\"City Game\",\"description\":\"\",\"publisher\":{\"@id\":\"https:\/\/testwebsite.upevents.nl\/#organization\"},\"alternateName\":\"citygame.com\",\"potentialAction\":[{\"@type\":\"SearchAction\",\"target\":{\"@type\":\"EntryPoint\",\"urlTemplate\":\"https:\/\/testwebsite.upevents.nl\/?s={search_term_string}\"},\"query-input\":{\"@type\":\"PropertyValueSpecification\",\"valueRequired\":true,\"valueName\":\"search_term_string\"}}],\"inLanguage\":\"tr\"},{\"@type\":[\"Organization\",\"Place\"],\"@id\":\"https:\/\/testwebsite.upevents.nl\/#organization\",\"name\":\"City Game\",\"alternateName\":\"citygame.com\",\"url\":\"https:\/\/testwebsite.upevents.nl\/\",\"logo\":{\"@id\":\"https:\/\/testwebsite.citygame.com\/tr\/games\/norrkoping\/secrets-of-norrkoping\/#local-main-organization-logo\"},\"image\":{\"@id\":\"https:\/\/testwebsite.citygame.com\/tr\/games\/norrkoping\/secrets-of-norrkoping\/#local-main-organization-logo\"},\"sameAs\":[\"https:\/\/www.facebook.com\/profile.php?id=100086426226253\",\"https:\/\/www.instagram.com\/citygame_com\",\"https:\/\/www.tiktok.com\/@citygamecom\/\",\"https:\/\/www.linkedin.com\/company\/citygame-com\"],\"description\":\"Turn any city into a playground with our interactive City Games and self-guided tours. Fun, flexible, and ideal for groups and team building.\",\"telephone\":[],\"openingHoursSpecification\":[{\"@type\":\"OpeningHoursSpecification\",\"dayOfWeek\":[\"Monday\",\"Tuesday\",\"Wednesday\",\"Thursday\",\"Friday\",\"Saturday\",\"Sunday\"],\"opens\":\"09:00\",\"closes\":\"17:00\"}]},{\"@type\":\"ImageObject\",\"inLanguage\":\"tr\",\"@id\":\"https:\/\/testwebsite.citygame.com\/tr\/games\/norrkoping\/secrets-of-norrkoping\/#local-main-organization-logo\",\"url\":\"https:\/\/testwebsite.citygame.com\/wp-content\/blogs.dir\/1\/files\/sites\/62\/2025\/10\/CG_LOGO-City-Game.png\",\"contentUrl\":\"https:\/\/testwebsite.citygame.com\/wp-content\/blogs.dir\/1\/files\/sites\/62\/2025\/10\/CG_LOGO-City-Game.png\",\"width\":351,\"height\":377,\"caption\":\"City Game\"}]}<\/script>\n<!-- \/ Yoast SEO Premium plugin. -->","yoast_head_json":{"title":"Secrets of Norrk\u00f6ping - City Game","description":"Secrets of Norrk\u00f6ping. Kendi kendine rehberli bir \u015eehir Oyunu oyna ve bulmacalar, bilmeceler ve g\u00f6revlerle \u015fehri ke\u015ffet. Kendi h\u0131z\u0131nda oyna ve bir yerli gibi ke\u015ffet!","robots":{"index":"noindex","follow":"follow","max-snippet":"max-snippet:-1","max-image-preview":"max-image-preview:large","max-video-preview":"max-video-preview:-1"},"og_locale":"tr_TR","og_type":"article","og_title":"Secrets of Norrk\u00f6ping","og_description":"Secrets of Norrk\u00f6ping. Kendi kendine rehberli bir \u015eehir Oyunu oyna ve bulmacalar, bilmeceler ve g\u00f6revlerle \u015fehri ke\u015ffet. Kendi h\u0131z\u0131nda oyna ve bir yerli gibi ke\u015ffet!","og_url":"https:\/\/testwebsite.citygame.com\/tr\/games\/norrkoping\/secrets-of-norrkoping\/","og_site_name":"City Game","article_publisher":"https:\/\/www.facebook.com\/profile.php?id=100086426226253","article_modified_time":"2026-04-07T21:42:19+00:00","og_image":[{"width":864,"height":1184,"url":"https:\/\/testwebsite.citygame.com\/wp-content\/blogs.dir\/1\/files\/sites\/62\/2026\/01\/group-of-friends-playing-city-game-norrkyping.jpg","type":"image\/jpeg"}],"twitter_card":"summary_large_image","twitter_misc":{"Tahmini okuma s\u00fcresi":"1 dakika"},"schema":{"@context":"https:\/\/schema.org","@graph":[{"@type":"WebPage","@id":"https:\/\/testwebsite.citygame.com\/tr\/games\/norrkoping\/secrets-of-norrkoping\/","url":"https:\/\/testwebsite.citygame.com\/tr\/games\/norrkoping\/secrets-of-norrkoping\/","name":"Secrets of Norrk\u00f6ping - City Game","isPartOf":{"@id":"https:\/\/testwebsite.upevents.nl\/#website"},"primaryImageOfPage":{"@id":"https:\/\/testwebsite.citygame.com\/tr\/games\/norrkoping\/secrets-of-norrkoping\/#primaryimage"},"image":{"@id":"https:\/\/testwebsite.citygame.com\/tr\/games\/norrkoping\/secrets-of-norrkoping\/#primaryimage"},"thumbnailUrl":"https:\/\/testwebsite.citygame.com\/wp-content\/blogs.dir\/1\/files\/sites\/62\/2026\/01\/group-of-friends-playing-city-game-norrkyping.jpg","datePublished":"2026-01-13T10:36:50+00:00","dateModified":"2026-04-07T21:42:19+00:00","description":"Secrets of Norrk\u00f6ping. Kendi kendine rehberli bir \u015eehir Oyunu oyna ve bulmacalar, bilmeceler ve g\u00f6revlerle \u015fehri ke\u015ffet. Kendi h\u0131z\u0131nda oyna ve bir yerli gibi ke\u015ffet!","breadcrumb":{"@id":"https:\/\/testwebsite.citygame.com\/tr\/games\/norrkoping\/secrets-of-norrkoping\/#breadcrumb"},"inLanguage":"tr","potentialAction":[{"@type":"ReadAction","target":["https:\/\/testwebsite.citygame.com\/tr\/games\/norrkoping\/secrets-of-norrkoping\/"]}]},{"@type":"ImageObject","inLanguage":"tr","@id":"https:\/\/testwebsite.citygame.com\/tr\/games\/norrkoping\/secrets-of-norrkoping\/#primaryimage","url":"https:\/\/testwebsite.citygame.com\/wp-content\/blogs.dir\/1\/files\/sites\/62\/2026\/01\/group-of-friends-playing-city-game-norrkyping.jpg","contentUrl":"https:\/\/testwebsite.citygame.com\/wp-content\/blogs.dir\/1\/files\/sites\/62\/2026\/01\/group-of-friends-playing-city-game-norrkyping.jpg","width":864,"height":1184,"caption":"A team of friends collaborates while playing an outdoor discovery game in a Norrk\u00f6ping park."},{"@type":"BreadcrumbList","@id":"https:\/\/testwebsite.citygame.com\/tr\/games\/norrkoping\/secrets-of-norrkoping\/#breadcrumb","itemListElement":[{"@type":"ListItem","position":1,"name":"Home","item":"https:\/\/testwebsite.citygame.com\/tr\/"},{"@type":"ListItem","position":2,"name":"Shop","item":"https:\/\/testwebsite.citygame.com\/shop\/"},{"@type":"ListItem","position":3,"name":"Secrets of Norrk\u00f6ping"}]},{"@type":"WebSite","@id":"https:\/\/testwebsite.upevents.nl\/#website","url":"https:\/\/testwebsite.upevents.nl\/","name":"City Game","description":"","publisher":{"@id":"https:\/\/testwebsite.upevents.nl\/#organization"},"alternateName":"citygame.com","potentialAction":[{"@type":"SearchAction","target":{"@type":"EntryPoint","urlTemplate":"https:\/\/testwebsite.upevents.nl\/?s={search_term_string}"},"query-input":{"@type":"PropertyValueSpecification","valueRequired":true,"valueName":"search_term_string"}}],"inLanguage":"tr"},{"@type":["Organization","Place"],"@id":"https:\/\/testwebsite.upevents.nl\/#organization","name":"City Game","alternateName":"citygame.com","url":"https:\/\/testwebsite.upevents.nl\/","logo":{"@id":"https:\/\/testwebsite.citygame.com\/tr\/games\/norrkoping\/secrets-of-norrkoping\/#local-main-organization-logo"},"image":{"@id":"https:\/\/testwebsite.citygame.com\/tr\/games\/norrkoping\/secrets-of-norrkoping\/#local-main-organization-logo"},"sameAs":["https:\/\/www.facebook.com\/profile.php?id=100086426226253","https:\/\/www.instagram.com\/citygame_com","https:\/\/www.tiktok.com\/@citygamecom\/","https:\/\/www.linkedin.com\/company\/citygame-com"],"description":"Turn any city into a playground with our interactive City Games and self-guided tours. Fun, flexible, and ideal for groups and team building.","telephone":[],"openingHoursSpecification":[{"@type":"OpeningHoursSpecification","dayOfWeek":["Monday","Tuesday","Wednesday","Thursday","Friday","Saturday","Sunday"],"opens":"09:00","closes":"17:00"}]},{"@type":"ImageObject","inLanguage":"tr","@id":"https:\/\/testwebsite.citygame.com\/tr\/games\/norrkoping\/secrets-of-norrkoping\/#local-main-organization-logo","url":"https:\/\/testwebsite.citygame.com\/wp-content\/blogs.dir\/1\/files\/sites\/62\/2025\/10\/CG_LOGO-City-Game.png","contentUrl":"https:\/\/testwebsite.citygame.com\/wp-content\/blogs.dir\/1\/files\/sites\/62\/2025\/10\/CG_LOGO-City-Game.png","width":351,"height":377,"caption":"City Game"}]}},"taxonomy_info":{"game-concept":[{"value":732,"label":"Secrets"}],"location":[{"value":301,"label":"Norrk\u00f6ping"}],"product_cat":[{"value":27,"label":"Geen categorie"}]},"featured_image_src_large":["https:\/\/testwebsite.citygame.com\/wp-content\/blogs.dir\/1\/files\/sites\/62\/2026\/01\/group-of-friends-playing-city-game-norrkyping-747x1024.jpg",747,1024,true],"author_info":[],"comment_info":"","_links":{"self":[{"href":"https:\/\/testwebsite.citygame.com\/tr\/wp-json\/wp\/v2\/product\/55879","targetHints":{"allow":["GET"]}}],"collection":[{"href":"https:\/\/testwebsite.citygame.com\/tr\/wp-json\/wp\/v2\/product"}],"about":[{"href":"https:\/\/testwebsite.citygame.com\/tr\/wp-json\/wp\/v2\/types\/product"}],"acf:post":[{"embeddable":true,"href":"https:\/\/testwebsite.citygame.com\/tr\/wp-json\/wp\/v2\/pages\/15960"}],"wp:featuredmedia":[{"embeddable":true,"href":"https:\/\/testwebsite.citygame.com\/tr\/wp-json\/wp\/v2\/media\/3587"}],"wp:attachment":[{"href":"https:\/\/testwebsite.citygame.com\/tr\/wp-json\/wp\/v2\/media?parent=55879"}],"wp:term":[{"taxonomy":"game-concept","embeddable":true,"href":"https:\/\/testwebsite.citygame.com\/tr\/wp-json\/wp\/v2\/game-concept?post=55879"},{"taxonomy":"location","embeddable":true,"href":"https:\/\/testwebsite.citygame.com\/tr\/wp-json\/wp\/v2\/location?post=55879"},{"taxonomy":"product_brand","embeddable":true,"href":"https:\/\/testwebsite.citygame.com\/tr\/wp-json\/wp\/v2\/product_brand?post=55879"},{"taxonomy":"product_cat","embeddable":true,"href":"https:\/\/testwebsite.citygame.com\/tr\/wp-json\/wp\/v2\/product_cat?post=55879"},{"taxonomy":"product_tag","embeddable":true,"href":"https:\/\/testwebsite.citygame.com\/tr\/wp-json\/wp\/v2\/product_tag?post=55879"}],"curies":[{"name":"wp","href":"https:\/\/api.w.org\/{rel}","templated":true}]}}