{"id":55488,"date":"2026-02-19T11:24:47","date_gmt":"2026-02-19T11:24:47","guid":{"rendered":"https:\/\/testwebsite.citygame.com\/games\/unknown-location\/sherlock-holmes-las-palmas-de-gran-canaria\/"},"modified":"2026-04-07T20:55:58","modified_gmt":"2026-04-07T20:55:58","slug":"sherlock-holmes-las-palmas-de-gran-canaria","status":"publish","type":"product","link":"https:\/\/testwebsite.citygame.com\/tr\/games\/las-palmas-de-gran-canaria\/sherlock-holmes-las-palmas-de-gran-canaria\/","title":{"rendered":"Sherlock Holmes Las Palmas de Gran Canaria"},"content":{"rendered":"<p>Las Palmas de Gran Canaria&#8217;n\u0131n hareketli \u015fehir merkezinde ge\u00e7en Sherlock Holmes \u015eehir Oyunu&#8217;na kendinizi kapt\u0131r\u0131rken \u00fcnl\u00fc dedektifin yerine ge\u00e7in. Bu kendi kendine rehberli, hikaye odakl\u0131 cinayet gizemi, dinamik \u015fehir arka plan\u0131n\u0131 soru\u015fturma alan\u0131n\u0131z olarak kullan\u0131r, Liberty Festivali s\u0131ras\u0131nda ya\u015fanan t\u00fcyler \u00fcrpertici bir cinayete yan\u0131t olarak sizi e\u015fsiz \u015fehir manzaras\u0131nda gezinmeye y\u00f6nlendiren bir hikayeyi canland\u0131r\u0131r. \u0130pu\u00e7lar\u0131 toplay\u0131n, zeka oyunlar\u0131 \u00e7\u00f6z\u00fcn ve sanal \u015f\u00fcphelileri kendi h\u0131z\u0131n\u0131zda sorgulay\u0131n, t\u00fcm bunlar\u0131 yaparken Sherlock Holmes d\u00fcnyas\u0131na ve dedektiflik i\u015finin inceliklerine derinden dal\u0131n \u2013 bu, gerilim ve gizemi yeni bir seviyeye ta\u015f\u0131yan bir oyundur.<\/p>\n","protected":false},"excerpt":{"rendered":"<p>Las Palmas de Gran Canaria&#8217;n\u0131n kalbine do\u011fru bir yolculu\u011fa \u00e7\u0131k\u0131n, ak\u0131l almaz, kendi kendine rehberli bir cinayet gizeminde Sherlock Holmes&#8217;un yerine ge\u00e7in. Ekibinizle birlikte, ilgi \u00e7ekici ipu\u00e7lar\u0131n\u0131n pe\u015fine d\u00fc\u015fecek, karma\u015f\u0131k bulmacalar\u0131 \u00e7\u00f6zecek ve zaman dolmadan t\u00fcyler \u00fcrpertici ger\u00e7e\u011fi ortaya \u00e7\u0131karmak i\u00e7in \u00e7abalayacaks\u0131n\u0131z!<\/p>\n","protected":false},"featured_media":14828,"template":"","meta":{"_acf_changed":false,"_yoast_wpseo_focuskw":"Sherlock Holmes Las Palmas de Gran Canaria","_yoast_wpseo_metadesc":"Sherlock Holmes Las Palmas de Gran Canaria. Kendi kendine rehberli bir cinayet gizemi \u015eehir Oyunu oynay\u0131n, bulmacalar\u0131 \u00e7\u00f6z\u00fcn, ipu\u00e7lar\u0131n\u0131 takip edin ve katili kendi h\u0131z\u0131n\u0131zda ortaya \u00e7\u0131kar\u0131n!","_kad_blocks_custom_css":"","_kad_blocks_head_custom_js":"","_kad_blocks_body_custom_js":"","_kad_blocks_footer_custom_js":"","ghostkit_customizer_options":"","ghostkit_custom_css":"","ghostkit_custom_js_head":"","ghostkit_custom_js_foot":"","ghostkit_typography":"","_kad_post_transparent":"","_kad_post_title":"","_kad_post_layout":"","_kad_post_sidebar_id":"","_kad_post_content_style":"","_kad_post_vertical_padding":"","_kad_post_feature":"","_kad_post_feature_position":"","_kad_post_header":false,"_kad_post_footer":false,"_kad_post_classname":"","_links_to":"","_links_to_target":""},"game-concept":[793],"location":[235],"product_brand":[],"product_cat":[27],"product_tag":[],"class_list":{"0":"post-55488","1":"product","2":"type-product","3":"status-publish","4":"has-post-thumbnail","6":"game-concept-sherlock","7":"location-las-palmas-de-gran-canaria","8":"product_cat-geen-categorie","10":"first","11":"instock","12":"shipping-taxable","13":"purchasable","14":"product-type-simple","15":"entry","16":"content-bg","17":"loop-entry"},"acf":{"full_bokun_product_name":"Las Palmas de Gran Canaria Self-Guided Sherlock Holmes Murder Mystery Game","location_name":"Las Palmas de Gran Canaria","bokun_calendar_widget_code":"<script type=\"text\/javascript\" src=\"https:\/\/widgets.bokun.io\/assets\/javascripts\/apps\/build\/BokunWidgetsLoader.js?bookingChannelUUID=a1e93e96-5232-4734-a595-28405f4b5a31\" async><\/script>\n     \n    <div class=\"bokunWidget\" data-src=\"https:\/\/widgets.bokun.io\/online-sales\/a1e93e96-5232-4734-a595-28405f4b5a31\/experience-calendar\/771511\"><\/div>\n    <noscript>Please enable javascript in your browser to book<\/noscript>","bokun_button_widget_code":"<script type=\"text\/javascript\" src=\"https:\/\/widgets.bokun.io\/assets\/javascripts\/apps\/build\/BokunWidgetsLoader.js?bookingChannelUUID=a1e93e96-5232-4734-a595-28405f4b5a31\" async><\/script>\n      <style> #bokun_ed001e45_5927_4f62_b470_ca766338d083 { display: inline-block; padding: .4em 1em; background: #47b82e; border-radius: 999999px; box-shadow: none; font-weight: 600; font-size: 24px; text-decoration: none; text-align: center; color: #FFFFFF; border:none; cursor: pointer; transition: background .2s ease; } #bokun_ed001e45_5927_4f62_b470_ca766338d083:hover{ background: #2f7b1f; } #bokun_ed001e45_5927_4f62_b470_ca766338d083:active{ background: #378f24; } <\/style> <button class=\"bokunButton\" disabled id=bokun_ed001e45_5927_4f62_b470_ca766338d083 data-src=\"https:\/\/widgets.bokun.io\/online-sales\/a1e93e96-5232-4734-a595-28405f4b5a31\/experience-calendar\/771511?partialView=1\" data-testid=\"widget-book-button\" > Book now <\/button> ","what_you\u2019ll_experience_during_the_game":"Las Palmas de Gran Canaria'daki Sherlock Holmes \u015eehir Oyunu'na ad\u0131m att\u0131\u011f\u0131n\u0131zda, \u015fehir sokaklar\u0131nda gezinirken ortaya \u00e7\u0131kan s\u00fcr\u00fckleyici bir dedektiflik hikayesine kendinizi kapt\u0131r\u0131rs\u0131n\u0131z. Her ad\u0131mda, gizli ipu\u00e7lar\u0131n\u0131 ke\u015ffeder, zorlu bulmacalar\u0131 \u00e7\u00f6zer ve nab\u0131z y\u00fckselten soru\u015fturmada \u015fok edici s\u00fcrprizlerle kar\u015f\u0131la\u015f\u0131rs\u0131n\u0131z. Dijital \u015f\u00fcphelileri sorgularken, alibileri analiz ederken ve anlat\u0131lar\u0131ndaki \u00e7eli\u015fkileri fark ederken dedektiflik yetenekleriniz test edilir.\n\nG\u00f6revinizin \u00f6z\u00fc, Liberty Festivali s\u0131ras\u0131nda meydana gelen gizemli cinayet davas\u0131 etraf\u0131nda d\u00f6ner. Su\u00e7un ard\u0131ndaki ger\u00e7e\u011fi ortaya \u00e7\u0131karmak i\u00e7in ele\u015ftirel d\u00fc\u015f\u00fcnme, keskin g\u00f6zlem ve zekice \u00e7\u0131kar\u0131m yetene\u011finizi kullanacaks\u0131n\u0131z. Bu tamamen hikaye odakl\u0131 deneyim, kendi h\u0131z\u0131n\u0131zda oynaman\u0131z i\u00e7in tasarlanm\u0131\u015ft\u0131r. \u0130ster durup devam etmeyi, ister her ayr\u0131nt\u0131y\u0131 dikkatlice analiz etmeyi se\u00e7in, oyun tarz\u0131n\u0131za uyum sa\u011flar. Ve tak\u0131mlar i\u00e7in rekabet\u00e7i bir unsur olsa da, birincil odak noktas\u0131 Las Palmas de Gran Canaria'da \u00e7\u00f6zece\u011finiz s\u00fcr\u00fckleyici anlat\u0131 ve gerilimli gizem \u00fczerinde kal\u0131r.","how_to_play":"Tek ba\u015f\u0131n\u0131za veya arkada\u015flar\u0131n\u0131z, aileniz ya da meslekta\u015flar\u0131n\u0131zla, cihaz ba\u015f\u0131na en fazla d\u00f6rt ki\u015filik tak\u0131mlar halinde oynay\u0131n. Rezervasyondan sonra, ihtiyac\u0131n\u0131z olan her \u015feyi i\u00e7eren bir talimat e-postas\u0131 alacaks\u0131n\u0131z.","start_location":"Las Palmas de Gran Canaria, Casas Consistoriales","available_languages":["en","es","fr","de","it","nl"],"players_per_group":"1-4","duration":"1.5-2 hours","image_overlay_color_image":"https:\/\/testwebsite.citygame.com\/wp-content\/blogs.dir\/1\/files\/sites\/62\/2026\/01\/SherlockColor.svg","image_overlay_game_logo":"https:\/\/testwebsite.citygame.com\/wp-content\/blogs.dir\/1\/files\/sites\/62\/2026\/01\/SherlockLogo.png","city_page":8615,"woocommerce_general_content":null},"yoast_head":"<!-- This site is optimized with the Yoast SEO Premium plugin v26.2 (Yoast SEO v26.3) - https:\/\/yoast.com\/wordpress\/plugins\/seo\/ -->\n<title>Sherlock Holmes Las Palmas de Gran Canaria - City Game<\/title>\n<meta name=\"description\" content=\"Sherlock Holmes Las Palmas de Gran Canaria. Kendi kendine rehberli bir cinayet gizemi \u015eehir Oyunu oynay\u0131n, bulmacalar\u0131 \u00e7\u00f6z\u00fcn, ipu\u00e7lar\u0131n\u0131 takip edin ve katili kendi h\u0131z\u0131n\u0131zda ortaya \u00e7\u0131kar\u0131n!\" \/>\n<meta name=\"robots\" content=\"noindex, follow, max-snippet:-1, max-image-preview:large, max-video-preview:-1\" \/>\n<meta property=\"og:locale\" content=\"tr_TR\" \/>\n<meta property=\"og:type\" content=\"article\" \/>\n<meta property=\"og:title\" content=\"Sherlock Holmes Las Palmas de Gran Canaria\" \/>\n<meta property=\"og:description\" content=\"Sherlock Holmes Las Palmas de Gran Canaria. Kendi kendine rehberli bir cinayet gizemi \u015eehir Oyunu oynay\u0131n, bulmacalar\u0131 \u00e7\u00f6z\u00fcn, ipu\u00e7lar\u0131n\u0131 takip edin ve katili kendi h\u0131z\u0131n\u0131zda ortaya \u00e7\u0131kar\u0131n!\" \/>\n<meta property=\"og:url\" content=\"https:\/\/testwebsite.citygame.com\/tr\/games\/las-palmas-de-gran-canaria\/sherlock-holmes-las-palmas-de-gran-canaria\/\" \/>\n<meta property=\"og:site_name\" content=\"City Game\" \/>\n<meta property=\"article:publisher\" content=\"https:\/\/www.facebook.com\/profile.php?id=100086426226253\" \/>\n<meta property=\"article:modified_time\" content=\"2026-04-07T20:55:58+00:00\" \/>\n<meta property=\"og:image\" content=\"https:\/\/testwebsite.citygame.com\/wp-content\/blogs.dir\/1\/files\/sites\/62\/2026\/02\/man-playing-city-game-plaza-del-pilar-nuevo-las-palmas.jpg\" \/>\n\t<meta property=\"og:image:width\" content=\"1024\" \/>\n\t<meta property=\"og:image:height\" content=\"1024\" \/>\n\t<meta property=\"og:image:type\" content=\"image\/jpeg\" \/>\n<meta name=\"twitter:card\" content=\"summary_large_image\" \/>\n<meta name=\"twitter:label1\" content=\"Tahmini okuma s\u00fcresi\" \/>\n\t<meta name=\"twitter:data1\" content=\"1 dakika\" \/>\n<script type=\"application\/ld+json\" class=\"yoast-schema-graph\">{\"@context\":\"https:\/\/schema.org\",\"@graph\":[{\"@type\":\"WebPage\",\"@id\":\"https:\/\/testwebsite.citygame.com\/tr\/games\/las-palmas-de-gran-canaria\/sherlock-holmes-las-palmas-de-gran-canaria\/\",\"url\":\"https:\/\/testwebsite.citygame.com\/tr\/games\/las-palmas-de-gran-canaria\/sherlock-holmes-las-palmas-de-gran-canaria\/\",\"name\":\"Sherlock Holmes Las Palmas de Gran Canaria - City Game\",\"isPartOf\":{\"@id\":\"https:\/\/testwebsite.upevents.nl\/#website\"},\"primaryImageOfPage\":{\"@id\":\"https:\/\/testwebsite.citygame.com\/tr\/games\/las-palmas-de-gran-canaria\/sherlock-holmes-las-palmas-de-gran-canaria\/#primaryimage\"},\"image\":{\"@id\":\"https:\/\/testwebsite.citygame.com\/tr\/games\/las-palmas-de-gran-canaria\/sherlock-holmes-las-palmas-de-gran-canaria\/#primaryimage\"},\"thumbnailUrl\":\"https:\/\/testwebsite.citygame.com\/wp-content\/blogs.dir\/1\/files\/sites\/62\/2026\/02\/man-playing-city-game-plaza-del-pilar-nuevo-las-palmas.jpg\",\"datePublished\":\"2026-02-19T11:24:47+00:00\",\"dateModified\":\"2026-04-07T20:55:58+00:00\",\"description\":\"Sherlock Holmes Las Palmas de Gran Canaria. Kendi kendine rehberli bir cinayet gizemi \u015eehir Oyunu oynay\u0131n, bulmacalar\u0131 \u00e7\u00f6z\u00fcn, ipu\u00e7lar\u0131n\u0131 takip edin ve katili kendi h\u0131z\u0131n\u0131zda ortaya \u00e7\u0131kar\u0131n!\",\"breadcrumb\":{\"@id\":\"https:\/\/testwebsite.citygame.com\/tr\/games\/las-palmas-de-gran-canaria\/sherlock-holmes-las-palmas-de-gran-canaria\/#breadcrumb\"},\"inLanguage\":\"tr\",\"potentialAction\":[{\"@type\":\"ReadAction\",\"target\":[\"https:\/\/testwebsite.citygame.com\/tr\/games\/las-palmas-de-gran-canaria\/sherlock-holmes-las-palmas-de-gran-canaria\/\"]}]},{\"@type\":\"ImageObject\",\"inLanguage\":\"tr\",\"@id\":\"https:\/\/testwebsite.citygame.com\/tr\/games\/las-palmas-de-gran-canaria\/sherlock-holmes-las-palmas-de-gran-canaria\/#primaryimage\",\"url\":\"https:\/\/testwebsite.citygame.com\/wp-content\/blogs.dir\/1\/files\/sites\/62\/2026\/02\/man-playing-city-game-plaza-del-pilar-nuevo-las-palmas.jpg\",\"contentUrl\":\"https:\/\/testwebsite.citygame.com\/wp-content\/blogs.dir\/1\/files\/sites\/62\/2026\/02\/man-playing-city-game-plaza-del-pilar-nuevo-las-palmas.jpg\",\"width\":1024,\"height\":1024,\"caption\":\"A player explores the historic Plaza del Pilar Nuevo in Las Palmas using a smartphone app.\"},{\"@type\":\"BreadcrumbList\",\"@id\":\"https:\/\/testwebsite.citygame.com\/tr\/games\/las-palmas-de-gran-canaria\/sherlock-holmes-las-palmas-de-gran-canaria\/#breadcrumb\",\"itemListElement\":[{\"@type\":\"ListItem\",\"position\":1,\"name\":\"Home\",\"item\":\"https:\/\/testwebsite.citygame.com\/tr\/\"},{\"@type\":\"ListItem\",\"position\":2,\"name\":\"Shop\",\"item\":\"https:\/\/testwebsite.citygame.com\/shop\/\"},{\"@type\":\"ListItem\",\"position\":3,\"name\":\"Sherlock Holmes Las Palmas de Gran Canaria\"}]},{\"@type\":\"WebSite\",\"@id\":\"https:\/\/testwebsite.upevents.nl\/#website\",\"url\":\"https:\/\/testwebsite.upevents.nl\/\",\"name\":\"City Game\",\"description\":\"\",\"publisher\":{\"@id\":\"https:\/\/testwebsite.upevents.nl\/#organization\"},\"alternateName\":\"citygame.com\",\"potentialAction\":[{\"@type\":\"SearchAction\",\"target\":{\"@type\":\"EntryPoint\",\"urlTemplate\":\"https:\/\/testwebsite.upevents.nl\/?s={search_term_string}\"},\"query-input\":{\"@type\":\"PropertyValueSpecification\",\"valueRequired\":true,\"valueName\":\"search_term_string\"}}],\"inLanguage\":\"tr\"},{\"@type\":[\"Organization\",\"Place\"],\"@id\":\"https:\/\/testwebsite.upevents.nl\/#organization\",\"name\":\"City Game\",\"alternateName\":\"citygame.com\",\"url\":\"https:\/\/testwebsite.upevents.nl\/\",\"logo\":{\"@id\":\"https:\/\/testwebsite.citygame.com\/tr\/games\/las-palmas-de-gran-canaria\/sherlock-holmes-las-palmas-de-gran-canaria\/#local-main-organization-logo\"},\"image\":{\"@id\":\"https:\/\/testwebsite.citygame.com\/tr\/games\/las-palmas-de-gran-canaria\/sherlock-holmes-las-palmas-de-gran-canaria\/#local-main-organization-logo\"},\"sameAs\":[\"https:\/\/www.facebook.com\/profile.php?id=100086426226253\",\"https:\/\/www.instagram.com\/citygame_com\",\"https:\/\/www.tiktok.com\/@citygamecom\/\",\"https:\/\/www.linkedin.com\/company\/citygame-com\"],\"description\":\"Turn any city into a playground with our interactive City Games and self-guided tours. Fun, flexible, and ideal for groups and team building.\",\"telephone\":[],\"openingHoursSpecification\":[{\"@type\":\"OpeningHoursSpecification\",\"dayOfWeek\":[\"Monday\",\"Tuesday\",\"Wednesday\",\"Thursday\",\"Friday\",\"Saturday\",\"Sunday\"],\"opens\":\"09:00\",\"closes\":\"17:00\"}]},{\"@type\":\"ImageObject\",\"inLanguage\":\"tr\",\"@id\":\"https:\/\/testwebsite.citygame.com\/tr\/games\/las-palmas-de-gran-canaria\/sherlock-holmes-las-palmas-de-gran-canaria\/#local-main-organization-logo\",\"url\":\"https:\/\/testwebsite.citygame.com\/wp-content\/blogs.dir\/1\/files\/sites\/62\/2025\/10\/CG_LOGO-City-Game.png\",\"contentUrl\":\"https:\/\/testwebsite.citygame.com\/wp-content\/blogs.dir\/1\/files\/sites\/62\/2025\/10\/CG_LOGO-City-Game.png\",\"width\":351,\"height\":377,\"caption\":\"City Game\"}]}<\/script>\n<!-- \/ Yoast SEO Premium plugin. -->","yoast_head_json":{"title":"Sherlock Holmes Las Palmas de Gran Canaria - City Game","description":"Sherlock Holmes Las Palmas de Gran Canaria. Kendi kendine rehberli bir cinayet gizemi \u015eehir Oyunu oynay\u0131n, bulmacalar\u0131 \u00e7\u00f6z\u00fcn, ipu\u00e7lar\u0131n\u0131 takip edin ve katili kendi h\u0131z\u0131n\u0131zda ortaya \u00e7\u0131kar\u0131n!","robots":{"index":"noindex","follow":"follow","max-snippet":"max-snippet:-1","max-image-preview":"max-image-preview:large","max-video-preview":"max-video-preview:-1"},"og_locale":"tr_TR","og_type":"article","og_title":"Sherlock Holmes Las Palmas de Gran Canaria","og_description":"Sherlock Holmes Las Palmas de Gran Canaria. Kendi kendine rehberli bir cinayet gizemi \u015eehir Oyunu oynay\u0131n, bulmacalar\u0131 \u00e7\u00f6z\u00fcn, ipu\u00e7lar\u0131n\u0131 takip edin ve katili kendi h\u0131z\u0131n\u0131zda ortaya \u00e7\u0131kar\u0131n!","og_url":"https:\/\/testwebsite.citygame.com\/tr\/games\/las-palmas-de-gran-canaria\/sherlock-holmes-las-palmas-de-gran-canaria\/","og_site_name":"City Game","article_publisher":"https:\/\/www.facebook.com\/profile.php?id=100086426226253","article_modified_time":"2026-04-07T20:55:58+00:00","og_image":[{"width":1024,"height":1024,"url":"https:\/\/testwebsite.citygame.com\/wp-content\/blogs.dir\/1\/files\/sites\/62\/2026\/02\/man-playing-city-game-plaza-del-pilar-nuevo-las-palmas.jpg","type":"image\/jpeg"}],"twitter_card":"summary_large_image","twitter_misc":{"Tahmini okuma s\u00fcresi":"1 dakika"},"schema":{"@context":"https:\/\/schema.org","@graph":[{"@type":"WebPage","@id":"https:\/\/testwebsite.citygame.com\/tr\/games\/las-palmas-de-gran-canaria\/sherlock-holmes-las-palmas-de-gran-canaria\/","url":"https:\/\/testwebsite.citygame.com\/tr\/games\/las-palmas-de-gran-canaria\/sherlock-holmes-las-palmas-de-gran-canaria\/","name":"Sherlock Holmes Las Palmas de Gran Canaria - City Game","isPartOf":{"@id":"https:\/\/testwebsite.upevents.nl\/#website"},"primaryImageOfPage":{"@id":"https:\/\/testwebsite.citygame.com\/tr\/games\/las-palmas-de-gran-canaria\/sherlock-holmes-las-palmas-de-gran-canaria\/#primaryimage"},"image":{"@id":"https:\/\/testwebsite.citygame.com\/tr\/games\/las-palmas-de-gran-canaria\/sherlock-holmes-las-palmas-de-gran-canaria\/#primaryimage"},"thumbnailUrl":"https:\/\/testwebsite.citygame.com\/wp-content\/blogs.dir\/1\/files\/sites\/62\/2026\/02\/man-playing-city-game-plaza-del-pilar-nuevo-las-palmas.jpg","datePublished":"2026-02-19T11:24:47+00:00","dateModified":"2026-04-07T20:55:58+00:00","description":"Sherlock Holmes Las Palmas de Gran Canaria. Kendi kendine rehberli bir cinayet gizemi \u015eehir Oyunu oynay\u0131n, bulmacalar\u0131 \u00e7\u00f6z\u00fcn, ipu\u00e7lar\u0131n\u0131 takip edin ve katili kendi h\u0131z\u0131n\u0131zda ortaya \u00e7\u0131kar\u0131n!","breadcrumb":{"@id":"https:\/\/testwebsite.citygame.com\/tr\/games\/las-palmas-de-gran-canaria\/sherlock-holmes-las-palmas-de-gran-canaria\/#breadcrumb"},"inLanguage":"tr","potentialAction":[{"@type":"ReadAction","target":["https:\/\/testwebsite.citygame.com\/tr\/games\/las-palmas-de-gran-canaria\/sherlock-holmes-las-palmas-de-gran-canaria\/"]}]},{"@type":"ImageObject","inLanguage":"tr","@id":"https:\/\/testwebsite.citygame.com\/tr\/games\/las-palmas-de-gran-canaria\/sherlock-holmes-las-palmas-de-gran-canaria\/#primaryimage","url":"https:\/\/testwebsite.citygame.com\/wp-content\/blogs.dir\/1\/files\/sites\/62\/2026\/02\/man-playing-city-game-plaza-del-pilar-nuevo-las-palmas.jpg","contentUrl":"https:\/\/testwebsite.citygame.com\/wp-content\/blogs.dir\/1\/files\/sites\/62\/2026\/02\/man-playing-city-game-plaza-del-pilar-nuevo-las-palmas.jpg","width":1024,"height":1024,"caption":"A player explores the historic Plaza del Pilar Nuevo in Las Palmas using a smartphone app."},{"@type":"BreadcrumbList","@id":"https:\/\/testwebsite.citygame.com\/tr\/games\/las-palmas-de-gran-canaria\/sherlock-holmes-las-palmas-de-gran-canaria\/#breadcrumb","itemListElement":[{"@type":"ListItem","position":1,"name":"Home","item":"https:\/\/testwebsite.citygame.com\/tr\/"},{"@type":"ListItem","position":2,"name":"Shop","item":"https:\/\/testwebsite.citygame.com\/shop\/"},{"@type":"ListItem","position":3,"name":"Sherlock Holmes Las Palmas de Gran Canaria"}]},{"@type":"WebSite","@id":"https:\/\/testwebsite.upevents.nl\/#website","url":"https:\/\/testwebsite.upevents.nl\/","name":"City Game","description":"","publisher":{"@id":"https:\/\/testwebsite.upevents.nl\/#organization"},"alternateName":"citygame.com","potentialAction":[{"@type":"SearchAction","target":{"@type":"EntryPoint","urlTemplate":"https:\/\/testwebsite.upevents.nl\/?s={search_term_string}"},"query-input":{"@type":"PropertyValueSpecification","valueRequired":true,"valueName":"search_term_string"}}],"inLanguage":"tr"},{"@type":["Organization","Place"],"@id":"https:\/\/testwebsite.upevents.nl\/#organization","name":"City Game","alternateName":"citygame.com","url":"https:\/\/testwebsite.upevents.nl\/","logo":{"@id":"https:\/\/testwebsite.citygame.com\/tr\/games\/las-palmas-de-gran-canaria\/sherlock-holmes-las-palmas-de-gran-canaria\/#local-main-organization-logo"},"image":{"@id":"https:\/\/testwebsite.citygame.com\/tr\/games\/las-palmas-de-gran-canaria\/sherlock-holmes-las-palmas-de-gran-canaria\/#local-main-organization-logo"},"sameAs":["https:\/\/www.facebook.com\/profile.php?id=100086426226253","https:\/\/www.instagram.com\/citygame_com","https:\/\/www.tiktok.com\/@citygamecom\/","https:\/\/www.linkedin.com\/company\/citygame-com"],"description":"Turn any city into a playground with our interactive City Games and self-guided tours. Fun, flexible, and ideal for groups and team building.","telephone":[],"openingHoursSpecification":[{"@type":"OpeningHoursSpecification","dayOfWeek":["Monday","Tuesday","Wednesday","Thursday","Friday","Saturday","Sunday"],"opens":"09:00","closes":"17:00"}]},{"@type":"ImageObject","inLanguage":"tr","@id":"https:\/\/testwebsite.citygame.com\/tr\/games\/las-palmas-de-gran-canaria\/sherlock-holmes-las-palmas-de-gran-canaria\/#local-main-organization-logo","url":"https:\/\/testwebsite.citygame.com\/wp-content\/blogs.dir\/1\/files\/sites\/62\/2025\/10\/CG_LOGO-City-Game.png","contentUrl":"https:\/\/testwebsite.citygame.com\/wp-content\/blogs.dir\/1\/files\/sites\/62\/2025\/10\/CG_LOGO-City-Game.png","width":351,"height":377,"caption":"City Game"}]}},"taxonomy_info":{"game-concept":[{"value":793,"label":"Sherlock"}],"location":[{"value":235,"label":"Las Palmas de Gran Canaria"}],"product_cat":[{"value":27,"label":"Geen categorie"}]},"featured_image_src_large":["https:\/\/testwebsite.citygame.com\/wp-content\/blogs.dir\/1\/files\/sites\/62\/2026\/02\/man-playing-city-game-plaza-del-pilar-nuevo-las-palmas.jpg",1024,1024,false],"author_info":[],"comment_info":"","_links":{"self":[{"href":"https:\/\/testwebsite.citygame.com\/tr\/wp-json\/wp\/v2\/product\/55488","targetHints":{"allow":["GET"]}}],"collection":[{"href":"https:\/\/testwebsite.citygame.com\/tr\/wp-json\/wp\/v2\/product"}],"about":[{"href":"https:\/\/testwebsite.citygame.com\/tr\/wp-json\/wp\/v2\/types\/product"}],"acf:post":[{"embeddable":true,"href":"https:\/\/testwebsite.citygame.com\/tr\/wp-json\/wp\/v2\/pages\/8615"}],"wp:featuredmedia":[{"embeddable":true,"href":"https:\/\/testwebsite.citygame.com\/tr\/wp-json\/wp\/v2\/media\/14828"}],"wp:attachment":[{"href":"https:\/\/testwebsite.citygame.com\/tr\/wp-json\/wp\/v2\/media?parent=55488"}],"wp:term":[{"taxonomy":"game-concept","embeddable":true,"href":"https:\/\/testwebsite.citygame.com\/tr\/wp-json\/wp\/v2\/game-concept?post=55488"},{"taxonomy":"location","embeddable":true,"href":"https:\/\/testwebsite.citygame.com\/tr\/wp-json\/wp\/v2\/location?post=55488"},{"taxonomy":"product_brand","embeddable":true,"href":"https:\/\/testwebsite.citygame.com\/tr\/wp-json\/wp\/v2\/product_brand?post=55488"},{"taxonomy":"product_cat","embeddable":true,"href":"https:\/\/testwebsite.citygame.com\/tr\/wp-json\/wp\/v2\/product_cat?post=55488"},{"taxonomy":"product_tag","embeddable":true,"href":"https:\/\/testwebsite.citygame.com\/tr\/wp-json\/wp\/v2\/product_tag?post=55488"}],"curies":[{"name":"wp","href":"https:\/\/api.w.org\/{rel}","templated":true}]}}