{"id":55286,"date":"2026-02-04T11:04:22","date_gmt":"2026-02-04T11:04:22","guid":{"rendered":"https:\/\/testwebsite.citygame.com\/games\/unknown-location\/sherlock-holmes-roermond\/"},"modified":"2026-04-07T20:32:14","modified_gmt":"2026-04-07T20:32:14","slug":"sherlock-holmes-roermond","status":"publish","type":"product","link":"https:\/\/testwebsite.citygame.com\/tr\/games\/roermond\/sherlock-holmes-roermond\/","title":{"rendered":"Sherlock Holmes Roermond"},"content":{"rendered":"<p>Roermond&#8217;un tarihi \u015fehir merkezinde ge\u00e7en bu kendi kendine rehberli, hikaye odakl\u0131 cinayet gizemi \u015eehir Oyunu ile Sherlock Holmes d\u00fcnyas\u0131na ad\u0131m at\u0131n. Liberty Festivali&#8217;ni \u015foka u\u011fratan bir cinayet davas\u0131ndaki bir dedektif olarak ipu\u00e7lar\u0131 toplayacak, interaktif bulmacalar\u0131 \u00e7\u00f6zecek ve dijital \u015f\u00fcphelileri sorgulayacak, ayn\u0131 zamanda apa\u00e7\u0131k ortada sakl\u0131 s\u0131rlar\u0131 ortaya \u00e7\u0131karacaks\u0131n\u0131z. Kendi h\u0131z\u0131n\u0131zda ilerleyerek, Roermond&#8217;u s\u00fcr\u00fckleyici bir soru\u015fturma i\u00e7in i\u00e7ine \u00e7eken bir zemin haline getiren geli\u015fen bir anlat\u0131y\u0131 takip edeceksiniz.<\/p>\n","protected":false},"excerpt":{"rendered":"<p>Roermond&#8217;da ge\u00e7en bu kendi kendine rehberli cinayet gizeminde \u00fcnl\u00fc dedektif Sherlock Holmes&#8217;un ayakkab\u0131lar\u0131na girin. Ekibinizle zihinlerinizi birle\u015ftirin, \u015fifreli ipu\u00e7lar\u0131n\u0131n izini s\u00fcr\u00fcn ve apa\u00e7\u0131k ortada saklanan ger\u00e7e\u011fi \u00e7\u00f6zmek i\u00e7in esrarengiz bulmacalar\u0131 \u00e7\u00f6z\u00fcn, heyecan verici bir meydan okuma sizi bekliyor!<\/p>\n","protected":false},"featured_media":10136,"template":"","meta":{"_acf_changed":false,"_yoast_wpseo_focuskw":"Sherlock Holmes Roermond","_yoast_wpseo_metadesc":"Sherlock Holmes Roermond. Kendi kendine rehberli bir cinayet gizemi \u015eehir Oyunu oynay\u0131n, bulmacalar\u0131 \u00e7\u00f6z\u00fcn, ipu\u00e7lar\u0131n\u0131 takip edin ve katili kendi h\u0131z\u0131n\u0131zda ortaya \u00e7\u0131kar\u0131n!","_kad_blocks_custom_css":"","_kad_blocks_head_custom_js":"","_kad_blocks_body_custom_js":"","_kad_blocks_footer_custom_js":"","ghostkit_customizer_options":"","ghostkit_custom_css":"","ghostkit_custom_js_head":"","ghostkit_custom_js_foot":"","ghostkit_typography":"","_kad_post_transparent":"","_kad_post_title":"","_kad_post_layout":"","_kad_post_sidebar_id":"","_kad_post_content_style":"","_kad_post_vertical_padding":"","_kad_post_feature":"","_kad_post_feature_position":"","_kad_post_header":false,"_kad_post_footer":false,"_kad_post_classname":"","_links_to":"","_links_to_target":""},"game-concept":[793],"location":[345],"product_brand":[],"product_cat":[27],"product_tag":[],"class_list":{"0":"post-55286","1":"product","2":"type-product","3":"status-publish","4":"has-post-thumbnail","6":"game-concept-sherlock","7":"location-roermond","8":"product_cat-geen-categorie","10":"first","11":"instock","12":"shipping-taxable","13":"purchasable","14":"product-type-simple","15":"entry","16":"content-bg","17":"loop-entry"},"acf":{"full_bokun_product_name":"Roermond Self-Guided Sherlock Holmes Murder Mystery Game","location_name":"Roermond","bokun_calendar_widget_code":"<script type=\"text\/javascript\" src=\"https:\/\/widgets.bokun.io\/assets\/javascripts\/apps\/build\/BokunWidgetsLoader.js?bookingChannelUUID=a1e93e96-5232-4734-a595-28405f4b5a31\" async><\/script>\n     \n    <div class=\"bokunWidget\" data-src=\"https:\/\/widgets.bokun.io\/online-sales\/a1e93e96-5232-4734-a595-28405f4b5a31\/experience-calendar\/730847\"><\/div>\n    <noscript>Please enable javascript in your browser to book<\/noscript>","bokun_button_widget_code":"<script type=\"text\/javascript\" src=\"https:\/\/widgets.bokun.io\/assets\/javascripts\/apps\/build\/BokunWidgetsLoader.js?bookingChannelUUID=a1e93e96-5232-4734-a595-28405f4b5a31\" async><\/script>\n      <style> #bokun_ed001e45_5927_4f62_b470_ca766338d083 { display: inline-block; padding: .4em 1em; background: #47b82e; border-radius: 999999px; box-shadow: none; font-weight: 600; font-size: 24px; text-decoration: none; text-align: center; color: #FFFFFF; border:none; cursor: pointer; transition: background .2s ease; } #bokun_ed001e45_5927_4f62_b470_ca766338d083:hover{ background: #2f7b1f; } #bokun_ed001e45_5927_4f62_b470_ca766338d083:active{ background: #378f24; } <\/style> <button class=\"bokunButton\" disabled id=bokun_ed001e45_5927_4f62_b470_ca766338d083 data-src=\"https:\/\/widgets.bokun.io\/online-sales\/a1e93e96-5232-4734-a595-28405f4b5a31\/experience-calendar\/730847?partialView=1\" data-testid=\"widget-book-button\" > Book now <\/button> ","what_you\u2019ll_experience_during_the_game":"Roermond'un kalbinde ge\u00e7en s\u00fcr\u00fckleyici bir dedektif hikayesine ad\u0131m at\u0131n; huzurlu atmosfer, ortaya \u00e7\u0131kar\u0131lmay\u0131 bekleyen karanl\u0131k s\u0131rlar\u0131 gizliyor. \u015eehirde ilerledik\u00e7e anlat\u0131 etraf\u0131n\u0131zda \u015fekilleniyor ve Liberty Festivali s\u0131ras\u0131nda meydana gelen gizemli bir cinayet soru\u015fturmas\u0131n\u0131n merkezine sizi yerle\u015ftiriyor. Yolculu\u011funuz tamamen hikaye odakl\u0131 olup, bulmacan\u0131n par\u00e7alar\u0131 yava\u015f yava\u015f bir araya gelirken sizi \u015f\u00fcphe ve ipu\u00e7lar\u0131 d\u00fcnyas\u0131na s\u00fcr\u00fckl\u00fcyor.\n\nKar\u0131\u015f\u0131k bir kan\u0131t izini takip ediyor, dijital \u015f\u00fcphelileri sorguluyor ve \u00e7eli\u015fkiler i\u00e7in bahaneleri inceliyorsunuz. Keskin g\u00f6zlem, mant\u0131ksal \u00e7\u0131kar\u0131m ve ele\u015ftirel d\u00fc\u015f\u00fcnme, her meydan okuma davan\u0131n ba\u015fka bir katman\u0131n\u0131 ortaya \u00e7\u0131kar\u0131rken en g\u00fcvenilir ara\u00e7lar\u0131n\u0131zd\u0131r. Konu twist'leri sizi tahmin etmeye devam ettirecek ve \u00e7\u00f6z\u00fclen her bulmaca sizi ger\u00e7e\u011fi ortaya \u00e7\u0131karmaya bir ad\u0131m daha yakla\u015ft\u0131racak. Soru\u015fturman\u0131z\u0131n h\u0131z\u0131n\u0131 siz kontrol ediyorsunuz, istedi\u011finiz zaman duraklat\u0131p devam etmekte \u00f6zg\u00fcrs\u00fcn\u00fcz. Bir tak\u0131m halinde oynamay\u0131 se\u00e7erseniz, hafif bir rekabet g\u00f6revinize ekstra bir entrika seviyesi katacakt\u0131r.","how_to_play":"Tek ba\u015f\u0131n\u0131za veya arkada\u015flar\u0131n\u0131z, aileniz ya da i\u015f arkada\u015flar\u0131n\u0131zla, cihaz ba\u015f\u0131na en fazla d\u00f6rt ki\u015filik tak\u0131mlar halinde oynay\u0131n. Rezervasyondan sonra, ihtiyac\u0131n\u0131z olan her \u015feyi i\u00e7eren bir talimat e-postas\u0131 alacaks\u0131n\u0131z.","start_location":"Roermond, Munsterplein","available_languages":["en","es","fr","de","it","nl"],"players_per_group":"1-4","duration":"1.5-2 hours","image_overlay_color_image":"https:\/\/testwebsite.citygame.com\/wp-content\/blogs.dir\/1\/files\/sites\/62\/2026\/01\/SherlockColor.svg","image_overlay_game_logo":"https:\/\/testwebsite.citygame.com\/wp-content\/blogs.dir\/1\/files\/sites\/62\/2026\/01\/SherlockLogo.png","city_page":4820,"woocommerce_general_content":null},"yoast_head":"<!-- This site is optimized with the Yoast SEO Premium plugin v26.2 (Yoast SEO v26.3) - https:\/\/yoast.com\/wordpress\/plugins\/seo\/ -->\n<title>Sherlock Holmes Roermond - City Game<\/title>\n<meta name=\"description\" content=\"Sherlock Holmes Roermond. Kendi kendine rehberli bir cinayet gizemi \u015eehir Oyunu oynay\u0131n, bulmacalar\u0131 \u00e7\u00f6z\u00fcn, ipu\u00e7lar\u0131n\u0131 takip edin ve katili kendi h\u0131z\u0131n\u0131zda ortaya \u00e7\u0131kar\u0131n!\" \/>\n<meta name=\"robots\" content=\"noindex, follow, max-snippet:-1, max-image-preview:large, max-video-preview:-1\" \/>\n<meta property=\"og:locale\" content=\"tr_TR\" \/>\n<meta property=\"og:type\" content=\"article\" \/>\n<meta property=\"og:title\" content=\"Sherlock Holmes Roermond\" \/>\n<meta property=\"og:description\" content=\"Sherlock Holmes Roermond. Kendi kendine rehberli bir cinayet gizemi \u015eehir Oyunu oynay\u0131n, bulmacalar\u0131 \u00e7\u00f6z\u00fcn, ipu\u00e7lar\u0131n\u0131 takip edin ve katili kendi h\u0131z\u0131n\u0131zda ortaya \u00e7\u0131kar\u0131n!\" \/>\n<meta property=\"og:url\" content=\"https:\/\/testwebsite.citygame.com\/tr\/games\/roermond\/sherlock-holmes-roermond\/\" \/>\n<meta property=\"og:site_name\" content=\"City Game\" \/>\n<meta property=\"article:publisher\" content=\"https:\/\/www.facebook.com\/profile.php?id=100086426226253\" \/>\n<meta property=\"article:modified_time\" content=\"2026-04-07T20:32:14+00:00\" \/>\n<meta property=\"og:image\" content=\"https:\/\/testwebsite.citygame.com\/wp-content\/blogs.dir\/1\/files\/sites\/62\/2026\/02\/roermond-sherlock-city-game-player-street-view.jpg\" \/>\n\t<meta property=\"og:image:width\" content=\"672\" \/>\n\t<meta property=\"og:image:height\" content=\"1536\" \/>\n\t<meta property=\"og:image:type\" content=\"image\/jpeg\" \/>\n<meta name=\"twitter:card\" content=\"summary_large_image\" \/>\n<script type=\"application\/ld+json\" class=\"yoast-schema-graph\">{\"@context\":\"https:\/\/schema.org\",\"@graph\":[{\"@type\":\"WebPage\",\"@id\":\"https:\/\/testwebsite.citygame.com\/tr\/games\/roermond\/sherlock-holmes-roermond\/\",\"url\":\"https:\/\/testwebsite.citygame.com\/tr\/games\/roermond\/sherlock-holmes-roermond\/\",\"name\":\"Sherlock Holmes Roermond - City Game\",\"isPartOf\":{\"@id\":\"https:\/\/testwebsite.upevents.nl\/#website\"},\"primaryImageOfPage\":{\"@id\":\"https:\/\/testwebsite.citygame.com\/tr\/games\/roermond\/sherlock-holmes-roermond\/#primaryimage\"},\"image\":{\"@id\":\"https:\/\/testwebsite.citygame.com\/tr\/games\/roermond\/sherlock-holmes-roermond\/#primaryimage\"},\"thumbnailUrl\":\"https:\/\/testwebsite.citygame.com\/wp-content\/blogs.dir\/1\/files\/sites\/62\/2026\/02\/roermond-sherlock-city-game-player-street-view.jpg\",\"datePublished\":\"2026-02-04T11:04:22+00:00\",\"dateModified\":\"2026-04-07T20:32:14+00:00\",\"description\":\"Sherlock Holmes Roermond. Kendi kendine rehberli bir cinayet gizemi \u015eehir Oyunu oynay\u0131n, bulmacalar\u0131 \u00e7\u00f6z\u00fcn, ipu\u00e7lar\u0131n\u0131 takip edin ve katili kendi h\u0131z\u0131n\u0131zda ortaya \u00e7\u0131kar\u0131n!\",\"breadcrumb\":{\"@id\":\"https:\/\/testwebsite.citygame.com\/tr\/games\/roermond\/sherlock-holmes-roermond\/#breadcrumb\"},\"inLanguage\":\"tr\",\"potentialAction\":[{\"@type\":\"ReadAction\",\"target\":[\"https:\/\/testwebsite.citygame.com\/tr\/games\/roermond\/sherlock-holmes-roermond\/\"]}]},{\"@type\":\"ImageObject\",\"inLanguage\":\"tr\",\"@id\":\"https:\/\/testwebsite.citygame.com\/tr\/games\/roermond\/sherlock-holmes-roermond\/#primaryimage\",\"url\":\"https:\/\/testwebsite.citygame.com\/wp-content\/blogs.dir\/1\/files\/sites\/62\/2026\/02\/roermond-sherlock-city-game-player-street-view.jpg\",\"contentUrl\":\"https:\/\/testwebsite.citygame.com\/wp-content\/blogs.dir\/1\/files\/sites\/62\/2026\/02\/roermond-sherlock-city-game-player-street-view.jpg\",\"width\":672,\"height\":1536,\"caption\":\"A person explores a historic street in Roermond while playing an outdoor escape game on their smartphone.\"},{\"@type\":\"BreadcrumbList\",\"@id\":\"https:\/\/testwebsite.citygame.com\/tr\/games\/roermond\/sherlock-holmes-roermond\/#breadcrumb\",\"itemListElement\":[{\"@type\":\"ListItem\",\"position\":1,\"name\":\"Home\",\"item\":\"https:\/\/testwebsite.citygame.com\/tr\/\"},{\"@type\":\"ListItem\",\"position\":2,\"name\":\"Shop\",\"item\":\"https:\/\/testwebsite.citygame.com\/shop\/\"},{\"@type\":\"ListItem\",\"position\":3,\"name\":\"Sherlock Holmes Roermond\"}]},{\"@type\":\"WebSite\",\"@id\":\"https:\/\/testwebsite.upevents.nl\/#website\",\"url\":\"https:\/\/testwebsite.upevents.nl\/\",\"name\":\"City Game\",\"description\":\"\",\"publisher\":{\"@id\":\"https:\/\/testwebsite.upevents.nl\/#organization\"},\"alternateName\":\"citygame.com\",\"potentialAction\":[{\"@type\":\"SearchAction\",\"target\":{\"@type\":\"EntryPoint\",\"urlTemplate\":\"https:\/\/testwebsite.upevents.nl\/?s={search_term_string}\"},\"query-input\":{\"@type\":\"PropertyValueSpecification\",\"valueRequired\":true,\"valueName\":\"search_term_string\"}}],\"inLanguage\":\"tr\"},{\"@type\":[\"Organization\",\"Place\"],\"@id\":\"https:\/\/testwebsite.upevents.nl\/#organization\",\"name\":\"City Game\",\"alternateName\":\"citygame.com\",\"url\":\"https:\/\/testwebsite.upevents.nl\/\",\"logo\":{\"@id\":\"https:\/\/testwebsite.citygame.com\/tr\/games\/roermond\/sherlock-holmes-roermond\/#local-main-organization-logo\"},\"image\":{\"@id\":\"https:\/\/testwebsite.citygame.com\/tr\/games\/roermond\/sherlock-holmes-roermond\/#local-main-organization-logo\"},\"sameAs\":[\"https:\/\/www.facebook.com\/profile.php?id=100086426226253\",\"https:\/\/www.instagram.com\/citygame_com\",\"https:\/\/www.tiktok.com\/@citygamecom\/\",\"https:\/\/www.linkedin.com\/company\/citygame-com\"],\"description\":\"Turn any city into a playground with our interactive City Games and self-guided tours. Fun, flexible, and ideal for groups and team building.\",\"telephone\":[],\"openingHoursSpecification\":[{\"@type\":\"OpeningHoursSpecification\",\"dayOfWeek\":[\"Monday\",\"Tuesday\",\"Wednesday\",\"Thursday\",\"Friday\",\"Saturday\",\"Sunday\"],\"opens\":\"09:00\",\"closes\":\"17:00\"}]},{\"@type\":\"ImageObject\",\"inLanguage\":\"tr\",\"@id\":\"https:\/\/testwebsite.citygame.com\/tr\/games\/roermond\/sherlock-holmes-roermond\/#local-main-organization-logo\",\"url\":\"https:\/\/testwebsite.citygame.com\/wp-content\/blogs.dir\/1\/files\/sites\/62\/2025\/10\/CG_LOGO-City-Game.png\",\"contentUrl\":\"https:\/\/testwebsite.citygame.com\/wp-content\/blogs.dir\/1\/files\/sites\/62\/2025\/10\/CG_LOGO-City-Game.png\",\"width\":351,\"height\":377,\"caption\":\"City Game\"}]}<\/script>\n<!-- \/ Yoast SEO Premium plugin. -->","yoast_head_json":{"title":"Sherlock Holmes Roermond - City Game","description":"Sherlock Holmes Roermond. Kendi kendine rehberli bir cinayet gizemi \u015eehir Oyunu oynay\u0131n, bulmacalar\u0131 \u00e7\u00f6z\u00fcn, ipu\u00e7lar\u0131n\u0131 takip edin ve katili kendi h\u0131z\u0131n\u0131zda ortaya \u00e7\u0131kar\u0131n!","robots":{"index":"noindex","follow":"follow","max-snippet":"max-snippet:-1","max-image-preview":"max-image-preview:large","max-video-preview":"max-video-preview:-1"},"og_locale":"tr_TR","og_type":"article","og_title":"Sherlock Holmes Roermond","og_description":"Sherlock Holmes Roermond. Kendi kendine rehberli bir cinayet gizemi \u015eehir Oyunu oynay\u0131n, bulmacalar\u0131 \u00e7\u00f6z\u00fcn, ipu\u00e7lar\u0131n\u0131 takip edin ve katili kendi h\u0131z\u0131n\u0131zda ortaya \u00e7\u0131kar\u0131n!","og_url":"https:\/\/testwebsite.citygame.com\/tr\/games\/roermond\/sherlock-holmes-roermond\/","og_site_name":"City Game","article_publisher":"https:\/\/www.facebook.com\/profile.php?id=100086426226253","article_modified_time":"2026-04-07T20:32:14+00:00","og_image":[{"width":672,"height":1536,"url":"https:\/\/testwebsite.citygame.com\/wp-content\/blogs.dir\/1\/files\/sites\/62\/2026\/02\/roermond-sherlock-city-game-player-street-view.jpg","type":"image\/jpeg"}],"twitter_card":"summary_large_image","schema":{"@context":"https:\/\/schema.org","@graph":[{"@type":"WebPage","@id":"https:\/\/testwebsite.citygame.com\/tr\/games\/roermond\/sherlock-holmes-roermond\/","url":"https:\/\/testwebsite.citygame.com\/tr\/games\/roermond\/sherlock-holmes-roermond\/","name":"Sherlock Holmes Roermond - City Game","isPartOf":{"@id":"https:\/\/testwebsite.upevents.nl\/#website"},"primaryImageOfPage":{"@id":"https:\/\/testwebsite.citygame.com\/tr\/games\/roermond\/sherlock-holmes-roermond\/#primaryimage"},"image":{"@id":"https:\/\/testwebsite.citygame.com\/tr\/games\/roermond\/sherlock-holmes-roermond\/#primaryimage"},"thumbnailUrl":"https:\/\/testwebsite.citygame.com\/wp-content\/blogs.dir\/1\/files\/sites\/62\/2026\/02\/roermond-sherlock-city-game-player-street-view.jpg","datePublished":"2026-02-04T11:04:22+00:00","dateModified":"2026-04-07T20:32:14+00:00","description":"Sherlock Holmes Roermond. Kendi kendine rehberli bir cinayet gizemi \u015eehir Oyunu oynay\u0131n, bulmacalar\u0131 \u00e7\u00f6z\u00fcn, ipu\u00e7lar\u0131n\u0131 takip edin ve katili kendi h\u0131z\u0131n\u0131zda ortaya \u00e7\u0131kar\u0131n!","breadcrumb":{"@id":"https:\/\/testwebsite.citygame.com\/tr\/games\/roermond\/sherlock-holmes-roermond\/#breadcrumb"},"inLanguage":"tr","potentialAction":[{"@type":"ReadAction","target":["https:\/\/testwebsite.citygame.com\/tr\/games\/roermond\/sherlock-holmes-roermond\/"]}]},{"@type":"ImageObject","inLanguage":"tr","@id":"https:\/\/testwebsite.citygame.com\/tr\/games\/roermond\/sherlock-holmes-roermond\/#primaryimage","url":"https:\/\/testwebsite.citygame.com\/wp-content\/blogs.dir\/1\/files\/sites\/62\/2026\/02\/roermond-sherlock-city-game-player-street-view.jpg","contentUrl":"https:\/\/testwebsite.citygame.com\/wp-content\/blogs.dir\/1\/files\/sites\/62\/2026\/02\/roermond-sherlock-city-game-player-street-view.jpg","width":672,"height":1536,"caption":"A person explores a historic street in Roermond while playing an outdoor escape game on their smartphone."},{"@type":"BreadcrumbList","@id":"https:\/\/testwebsite.citygame.com\/tr\/games\/roermond\/sherlock-holmes-roermond\/#breadcrumb","itemListElement":[{"@type":"ListItem","position":1,"name":"Home","item":"https:\/\/testwebsite.citygame.com\/tr\/"},{"@type":"ListItem","position":2,"name":"Shop","item":"https:\/\/testwebsite.citygame.com\/shop\/"},{"@type":"ListItem","position":3,"name":"Sherlock Holmes Roermond"}]},{"@type":"WebSite","@id":"https:\/\/testwebsite.upevents.nl\/#website","url":"https:\/\/testwebsite.upevents.nl\/","name":"City Game","description":"","publisher":{"@id":"https:\/\/testwebsite.upevents.nl\/#organization"},"alternateName":"citygame.com","potentialAction":[{"@type":"SearchAction","target":{"@type":"EntryPoint","urlTemplate":"https:\/\/testwebsite.upevents.nl\/?s={search_term_string}"},"query-input":{"@type":"PropertyValueSpecification","valueRequired":true,"valueName":"search_term_string"}}],"inLanguage":"tr"},{"@type":["Organization","Place"],"@id":"https:\/\/testwebsite.upevents.nl\/#organization","name":"City Game","alternateName":"citygame.com","url":"https:\/\/testwebsite.upevents.nl\/","logo":{"@id":"https:\/\/testwebsite.citygame.com\/tr\/games\/roermond\/sherlock-holmes-roermond\/#local-main-organization-logo"},"image":{"@id":"https:\/\/testwebsite.citygame.com\/tr\/games\/roermond\/sherlock-holmes-roermond\/#local-main-organization-logo"},"sameAs":["https:\/\/www.facebook.com\/profile.php?id=100086426226253","https:\/\/www.instagram.com\/citygame_com","https:\/\/www.tiktok.com\/@citygamecom\/","https:\/\/www.linkedin.com\/company\/citygame-com"],"description":"Turn any city into a playground with our interactive City Games and self-guided tours. Fun, flexible, and ideal for groups and team building.","telephone":[],"openingHoursSpecification":[{"@type":"OpeningHoursSpecification","dayOfWeek":["Monday","Tuesday","Wednesday","Thursday","Friday","Saturday","Sunday"],"opens":"09:00","closes":"17:00"}]},{"@type":"ImageObject","inLanguage":"tr","@id":"https:\/\/testwebsite.citygame.com\/tr\/games\/roermond\/sherlock-holmes-roermond\/#local-main-organization-logo","url":"https:\/\/testwebsite.citygame.com\/wp-content\/blogs.dir\/1\/files\/sites\/62\/2025\/10\/CG_LOGO-City-Game.png","contentUrl":"https:\/\/testwebsite.citygame.com\/wp-content\/blogs.dir\/1\/files\/sites\/62\/2025\/10\/CG_LOGO-City-Game.png","width":351,"height":377,"caption":"City Game"}]}},"taxonomy_info":{"game-concept":[{"value":793,"label":"Sherlock"}],"location":[{"value":345,"label":"Roermond"}],"product_cat":[{"value":27,"label":"Geen categorie"}]},"featured_image_src_large":["https:\/\/testwebsite.citygame.com\/wp-content\/blogs.dir\/1\/files\/sites\/62\/2026\/02\/roermond-sherlock-city-game-player-street-view-448x1024.jpg",448,1024,true],"author_info":[],"comment_info":"","_links":{"self":[{"href":"https:\/\/testwebsite.citygame.com\/tr\/wp-json\/wp\/v2\/product\/55286","targetHints":{"allow":["GET"]}}],"collection":[{"href":"https:\/\/testwebsite.citygame.com\/tr\/wp-json\/wp\/v2\/product"}],"about":[{"href":"https:\/\/testwebsite.citygame.com\/tr\/wp-json\/wp\/v2\/types\/product"}],"acf:post":[{"embeddable":true,"href":"https:\/\/testwebsite.citygame.com\/tr\/wp-json\/wp\/v2\/pages\/4820"}],"wp:featuredmedia":[{"embeddable":true,"href":"https:\/\/testwebsite.citygame.com\/tr\/wp-json\/wp\/v2\/media\/10136"}],"wp:attachment":[{"href":"https:\/\/testwebsite.citygame.com\/tr\/wp-json\/wp\/v2\/media?parent=55286"}],"wp:term":[{"taxonomy":"game-concept","embeddable":true,"href":"https:\/\/testwebsite.citygame.com\/tr\/wp-json\/wp\/v2\/game-concept?post=55286"},{"taxonomy":"location","embeddable":true,"href":"https:\/\/testwebsite.citygame.com\/tr\/wp-json\/wp\/v2\/location?post=55286"},{"taxonomy":"product_brand","embeddable":true,"href":"https:\/\/testwebsite.citygame.com\/tr\/wp-json\/wp\/v2\/product_brand?post=55286"},{"taxonomy":"product_cat","embeddable":true,"href":"https:\/\/testwebsite.citygame.com\/tr\/wp-json\/wp\/v2\/product_cat?post=55286"},{"taxonomy":"product_tag","embeddable":true,"href":"https:\/\/testwebsite.citygame.com\/tr\/wp-json\/wp\/v2\/product_tag?post=55286"}],"curies":[{"name":"wp","href":"https:\/\/api.w.org\/{rel}","templated":true}]}}