{"id":55119,"date":"2026-02-13T13:26:13","date_gmt":"2026-02-13T13:26:13","guid":{"rendered":"https:\/\/testwebsite.citygame.com\/games\/unknown-location\/the-nijmegen-syndicate\/"},"modified":"2026-04-07T20:12:46","modified_gmt":"2026-04-07T20:12:46","slug":"the-nijmegen-syndicate","status":"publish","type":"product","link":"https:\/\/testwebsite.citygame.com\/tr\/games\/nijmegen\/the-nijmegen-syndicate\/","title":{"rendered":"The Nijmegen Syndicate"},"content":{"rendered":"<p>Bu kendi kendine rehberli \u015eehir Ka\u00e7\u0131\u015f Oyunu, Nijmegen&#8217;in tarihi \u015fehir merkezinde ge\u00e7mektedir. Oyuncular, ekip olarak birlikte \u00e7al\u0131\u015farak, yakalanmas\u0131 zor Magnus&#8217;u takip etmek ve \u00e7al\u0131nan alt\u0131 form\u00fcl\u00fc geri almak i\u00e7in hikaye odakl\u0131 bir g\u00f6revi takip ederler. Nijmegen&#8217;deki \u015eehir Oyunu&#8217;nda ilerlerken, kat\u0131l\u0131mc\u0131lar ba\u015far\u0131 i\u00e7in i\u015fbirli\u011fi, ele\u015ftirel d\u00fc\u015f\u00fcnme ve ad\u0131m ad\u0131m koordinasyon gerektiren bir dizi bulmaca, g\u00f6rev ve zorlukla kar\u015f\u0131la\u015f\u0131rlar.<\/p>\n","protected":false},"excerpt":{"rendered":"<p>Bu b\u00fcy\u00fcleyici, kendi kendine rehberli \u015eehir Ka\u00e7\u0131\u015f Oyunu ile Nijmegen&#8217;in kalbine dal\u0131n. S\u0131rlar\u0131 ortaya \u00e7\u0131kar\u0131n, karma\u015f\u0131k bulmacalar\u0131 \u00e7\u00f6z\u00fcn ve ger\u00e7e\u011fi ortaya \u00e7\u0131karmak i\u00e7in ekibinizle i\u015fbirli\u011fi yap\u0131n &#8211; g\u00f6reviniz sizi bekliyor, kaybedecek zaman yok!<\/p>\n","protected":false},"featured_media":13561,"template":"","meta":{"_acf_changed":false,"_yoast_wpseo_focuskw":"The Nijmegen Syndicate","_yoast_wpseo_metadesc":"The Nijmegen Syndicate. Kendi h\u0131z\u0131n\u0131zda kendi kendine rehberli bir \u015eehir Ka\u00e7\u0131\u015f Oyunu oynay\u0131n, bulmacalar\u0131 \u00e7\u00f6z\u00fcn, g\u00f6revleri tamamlay\u0131n ve \u00e7al\u0131nan form\u00fclleri geri al\u0131n!","_kad_blocks_custom_css":"","_kad_blocks_head_custom_js":"","_kad_blocks_body_custom_js":"","_kad_blocks_footer_custom_js":"","ghostkit_customizer_options":"","ghostkit_custom_css":"","ghostkit_custom_js_head":"","ghostkit_custom_js_foot":"","ghostkit_typography":"","_kad_post_transparent":"default","_kad_post_title":"","_kad_post_layout":"default","_kad_post_sidebar_id":"","_kad_post_content_style":"default","_kad_post_vertical_padding":"default","_kad_post_feature":"","_kad_post_feature_position":"","_kad_post_header":false,"_kad_post_footer":false,"_kad_post_classname":"","_links_to":"","_links_to_target":""},"game-concept":[763],"location":[299],"product_brand":[],"product_cat":[27],"product_tag":[],"class_list":{"0":"post-55119","1":"product","2":"type-product","3":"status-publish","4":"has-post-thumbnail","6":"game-concept-syndicate","7":"location-nijmegen","8":"product_cat-geen-categorie","10":"first","11":"instock","12":"shipping-taxable","13":"purchasable","14":"product-type-simple","15":"entry","16":"content-bg","17":"loop-entry"},"acf":{"full_bokun_product_name":"Self-Guided The Nijmegen Syndicate City Escape Game","location_name":"Nijmegen","bokun_calendar_widget_code":"<script type=\"text\/javascript\" src=\"https:\/\/widgets.bokun.io\/assets\/javascripts\/apps\/build\/BokunWidgetsLoader.js?bookingChannelUUID=a1e93e96-5232-4734-a595-28405f4b5a31\" async><\/script>\n     \n    <div class=\"bokunWidget\" data-src=\"https:\/\/widgets.bokun.io\/online-sales\/a1e93e96-5232-4734-a595-28405f4b5a31\/experience-calendar\/772525\"><\/div>\n    <noscript>Please enable javascript in your browser to book<\/noscript>","bokun_button_widget_code":"<script type=\"text\/javascript\" src=\"https:\/\/widgets.bokun.io\/assets\/javascripts\/apps\/build\/BokunWidgetsLoader.js?bookingChannelUUID=a1e93e96-5232-4734-a595-28405f4b5a31\" async><\/script>\n      <style> #bokun_ed001e45_5927_4f62_b470_ca766338d083 { display: inline-block; padding: .4em 1em; background: #47b82e; border-radius: 999999px; box-shadow: none; font-weight: 600; font-size: 24px; text-decoration: none; text-align: center; color: #FFFFFF; border:none; cursor: pointer; transition: background .2s ease; } #bokun_ed001e45_5927_4f62_b470_ca766338d083:hover{ background: #2f7b1f; } #bokun_ed001e45_5927_4f62_b470_ca766338d083:active{ background: #378f24; } <\/style> <button class=\"bokunButton\" disabled id=bokun_ed001e45_5927_4f62_b470_ca766338d083 data-src=\"https:\/\/widgets.bokun.io\/online-sales\/a1e93e96-5232-4734-a595-28405f4b5a31\/experience-calendar\/772525?partialView=1\" data-testid=\"widget-book-button\" > Book now <\/button> ","what_you\u2019ll_experience_during_the_game":"Siz ve ekibiniz, Nijmegen sokaklar\u0131n\u0131n derinliklerinde y\u00fcksek riskli bir ka\u00e7\u0131\u015f g\u00f6revinin merkezine yerle\u015ftiriliyorsunuz. Gizli operasyon ajanlar\u0131 olarak amac\u0131n\u0131z, yakalanmas\u0131 zor Magnus'u takip etmek ve alt\u0131 \u00e7al\u0131nan form\u00fcl\u00fc sonsuza dek kaybolmadan \u00f6nce geri almak. T\u00fcm deneyim tamamen hikaye odakl\u0131d\u0131r; g\u00f6revin her ad\u0131m\u0131 \u015fehirde ilerlerken a\u00e7\u0131\u011fa \u00e7\u0131kar ve sizi ger\u00e7e\u011fe yakla\u015ft\u0131ran ipu\u00e7lar\u0131n\u0131 \u00e7\u00f6zersiniz.\r\n\r\n\u0130lerleme, kolektif problem \u00e7\u00f6zme yetene\u011finize ba\u011fl\u0131d\u0131r: \u015fifreli mesajlar\u0131 \u00e7\u00f6zecek, katmanl\u0131 bulmacalarda ustala\u015facak ve ileti\u015fim ile karar verme becerilerinizi zorlamak i\u00e7in tasarlanm\u0131\u015f zamana duyarl\u0131 g\u00f6revleri tamamlayacaks\u0131n\u0131z. Nijmegen, sadece bir arka plan olmaktan \u00f6te\u2014ekibinizin operasyonu i\u00e7in canl\u0131 bir ortam haline gelir. \u0130ster tek bir seansta bitirmeyi se\u00e7in, ister daha sonra devam etmek i\u00e7in ara verin, g\u00f6rev bask\u0131y\u0131 s\u00fcrd\u00fcr\u00fcrken sizin h\u0131z\u0131n\u0131za uyum sa\u011flar.","how_to_play":"\u015eehir Oyununu ay\u0131rt\u0131n, size g\u00f6nderdi\u011fimiz talimat e-postas\u0131n\u0131 kontrol edin, Loquiz App'i indirin ve oyun deneyiminize ba\u015flay\u0131n!","start_location":"Nijmegen, Grote Markt","available_languages":["en","nl"],"players_per_group":"1-4","duration":"1.5-2 hours","image_overlay_color_image":"https:\/\/testwebsite.citygame.com\/wp-content\/blogs.dir\/1\/files\/sites\/62\/2026\/01\/SyndicateColor.svg","image_overlay_game_logo":"https:\/\/testwebsite.citygame.com\/wp-content\/blogs.dir\/1\/files\/sites\/62\/2026\/01\/SyndicateLogo.png","city_page":4556,"woocommerce_general_content":null},"yoast_head":"<!-- This site is optimized with the Yoast SEO Premium plugin v26.2 (Yoast SEO v26.3) - https:\/\/yoast.com\/wordpress\/plugins\/seo\/ -->\n<title>The Nijmegen Syndicate - City Game<\/title>\n<meta name=\"description\" content=\"The Nijmegen Syndicate. Kendi h\u0131z\u0131n\u0131zda kendi kendine rehberli bir \u015eehir Ka\u00e7\u0131\u015f Oyunu oynay\u0131n, bulmacalar\u0131 \u00e7\u00f6z\u00fcn, g\u00f6revleri tamamlay\u0131n ve \u00e7al\u0131nan form\u00fclleri geri al\u0131n!\" \/>\n<meta name=\"robots\" content=\"noindex, follow, max-snippet:-1, max-image-preview:large, max-video-preview:-1\" \/>\n<meta property=\"og:locale\" content=\"tr_TR\" \/>\n<meta property=\"og:type\" content=\"article\" \/>\n<meta property=\"og:title\" content=\"The Nijmegen Syndicate\" \/>\n<meta property=\"og:description\" content=\"The Nijmegen Syndicate. Kendi h\u0131z\u0131n\u0131zda kendi kendine rehberli bir \u015eehir Ka\u00e7\u0131\u015f Oyunu oynay\u0131n, bulmacalar\u0131 \u00e7\u00f6z\u00fcn, g\u00f6revleri tamamlay\u0131n ve \u00e7al\u0131nan form\u00fclleri geri al\u0131n!\" \/>\n<meta property=\"og:url\" content=\"https:\/\/testwebsite.citygame.com\/tr\/games\/nijmegen\/the-nijmegen-syndicate\/\" \/>\n<meta property=\"og:site_name\" content=\"City Game\" \/>\n<meta property=\"article:publisher\" content=\"https:\/\/www.facebook.com\/profile.php?id=100086426226253\" \/>\n<meta property=\"article:modified_time\" content=\"2026-04-07T20:12:46+00:00\" \/>\n<meta property=\"og:image\" content=\"https:\/\/testwebsite.citygame.com\/wp-content\/blogs.dir\/1\/files\/sites\/62\/2026\/02\/man-playing-city-game-on-phone-in-courtyard-nijmegen.jpg\" \/>\n\t<meta property=\"og:image:width\" content=\"1024\" \/>\n\t<meta property=\"og:image:height\" content=\"1024\" \/>\n\t<meta property=\"og:image:type\" content=\"image\/jpeg\" \/>\n<meta name=\"twitter:card\" content=\"summary_large_image\" \/>\n<script type=\"application\/ld+json\" class=\"yoast-schema-graph\">{\"@context\":\"https:\/\/schema.org\",\"@graph\":[{\"@type\":\"WebPage\",\"@id\":\"https:\/\/testwebsite.citygame.com\/tr\/games\/nijmegen\/the-nijmegen-syndicate\/\",\"url\":\"https:\/\/testwebsite.citygame.com\/tr\/games\/nijmegen\/the-nijmegen-syndicate\/\",\"name\":\"The Nijmegen Syndicate - City Game\",\"isPartOf\":{\"@id\":\"https:\/\/testwebsite.upevents.nl\/#website\"},\"primaryImageOfPage\":{\"@id\":\"https:\/\/testwebsite.citygame.com\/tr\/games\/nijmegen\/the-nijmegen-syndicate\/#primaryimage\"},\"image\":{\"@id\":\"https:\/\/testwebsite.citygame.com\/tr\/games\/nijmegen\/the-nijmegen-syndicate\/#primaryimage\"},\"thumbnailUrl\":\"https:\/\/testwebsite.citygame.com\/wp-content\/blogs.dir\/1\/files\/sites\/62\/2026\/02\/man-playing-city-game-on-phone-in-courtyard-nijmegen.jpg\",\"datePublished\":\"2026-02-13T13:26:13+00:00\",\"dateModified\":\"2026-04-07T20:12:46+00:00\",\"description\":\"The Nijmegen Syndicate. Kendi h\u0131z\u0131n\u0131zda kendi kendine rehberli bir \u015eehir Ka\u00e7\u0131\u015f Oyunu oynay\u0131n, bulmacalar\u0131 \u00e7\u00f6z\u00fcn, g\u00f6revleri tamamlay\u0131n ve \u00e7al\u0131nan form\u00fclleri geri al\u0131n!\",\"breadcrumb\":{\"@id\":\"https:\/\/testwebsite.citygame.com\/tr\/games\/nijmegen\/the-nijmegen-syndicate\/#breadcrumb\"},\"inLanguage\":\"tr\",\"potentialAction\":[{\"@type\":\"ReadAction\",\"target\":[\"https:\/\/testwebsite.citygame.com\/tr\/games\/nijmegen\/the-nijmegen-syndicate\/\"]}]},{\"@type\":\"ImageObject\",\"inLanguage\":\"tr\",\"@id\":\"https:\/\/testwebsite.citygame.com\/tr\/games\/nijmegen\/the-nijmegen-syndicate\/#primaryimage\",\"url\":\"https:\/\/testwebsite.citygame.com\/wp-content\/blogs.dir\/1\/files\/sites\/62\/2026\/02\/man-playing-city-game-on-phone-in-courtyard-nijmegen.jpg\",\"contentUrl\":\"https:\/\/testwebsite.citygame.com\/wp-content\/blogs.dir\/1\/files\/sites\/62\/2026\/02\/man-playing-city-game-on-phone-in-courtyard-nijmegen.jpg\",\"width\":1024,\"height\":1024,\"caption\":\"A player interacts with a game on his smartphone in a historic courtyard in Nijmegen.\"},{\"@type\":\"BreadcrumbList\",\"@id\":\"https:\/\/testwebsite.citygame.com\/tr\/games\/nijmegen\/the-nijmegen-syndicate\/#breadcrumb\",\"itemListElement\":[{\"@type\":\"ListItem\",\"position\":1,\"name\":\"Home\",\"item\":\"https:\/\/testwebsite.citygame.com\/tr\/\"},{\"@type\":\"ListItem\",\"position\":2,\"name\":\"Shop\",\"item\":\"https:\/\/testwebsite.citygame.com\/shop\/\"},{\"@type\":\"ListItem\",\"position\":3,\"name\":\"The Nijmegen Syndicate\"}]},{\"@type\":\"WebSite\",\"@id\":\"https:\/\/testwebsite.upevents.nl\/#website\",\"url\":\"https:\/\/testwebsite.upevents.nl\/\",\"name\":\"City Game\",\"description\":\"\",\"publisher\":{\"@id\":\"https:\/\/testwebsite.upevents.nl\/#organization\"},\"alternateName\":\"citygame.com\",\"potentialAction\":[{\"@type\":\"SearchAction\",\"target\":{\"@type\":\"EntryPoint\",\"urlTemplate\":\"https:\/\/testwebsite.upevents.nl\/?s={search_term_string}\"},\"query-input\":{\"@type\":\"PropertyValueSpecification\",\"valueRequired\":true,\"valueName\":\"search_term_string\"}}],\"inLanguage\":\"tr\"},{\"@type\":[\"Organization\",\"Place\"],\"@id\":\"https:\/\/testwebsite.upevents.nl\/#organization\",\"name\":\"City Game\",\"alternateName\":\"citygame.com\",\"url\":\"https:\/\/testwebsite.upevents.nl\/\",\"logo\":{\"@id\":\"https:\/\/testwebsite.citygame.com\/tr\/games\/nijmegen\/the-nijmegen-syndicate\/#local-main-organization-logo\"},\"image\":{\"@id\":\"https:\/\/testwebsite.citygame.com\/tr\/games\/nijmegen\/the-nijmegen-syndicate\/#local-main-organization-logo\"},\"sameAs\":[\"https:\/\/www.facebook.com\/profile.php?id=100086426226253\",\"https:\/\/www.instagram.com\/citygame_com\",\"https:\/\/www.tiktok.com\/@citygamecom\/\",\"https:\/\/www.linkedin.com\/company\/citygame-com\"],\"description\":\"Turn any city into a playground with our interactive City Games and self-guided tours. Fun, flexible, and ideal for groups and team building.\",\"telephone\":[],\"openingHoursSpecification\":[{\"@type\":\"OpeningHoursSpecification\",\"dayOfWeek\":[\"Monday\",\"Tuesday\",\"Wednesday\",\"Thursday\",\"Friday\",\"Saturday\",\"Sunday\"],\"opens\":\"09:00\",\"closes\":\"17:00\"}]},{\"@type\":\"ImageObject\",\"inLanguage\":\"tr\",\"@id\":\"https:\/\/testwebsite.citygame.com\/tr\/games\/nijmegen\/the-nijmegen-syndicate\/#local-main-organization-logo\",\"url\":\"https:\/\/testwebsite.citygame.com\/wp-content\/blogs.dir\/1\/files\/sites\/62\/2025\/10\/CG_LOGO-City-Game.png\",\"contentUrl\":\"https:\/\/testwebsite.citygame.com\/wp-content\/blogs.dir\/1\/files\/sites\/62\/2025\/10\/CG_LOGO-City-Game.png\",\"width\":351,\"height\":377,\"caption\":\"City Game\"}]}<\/script>\n<!-- \/ Yoast SEO Premium plugin. -->","yoast_head_json":{"title":"The Nijmegen Syndicate - City Game","description":"The Nijmegen Syndicate. Kendi h\u0131z\u0131n\u0131zda kendi kendine rehberli bir \u015eehir Ka\u00e7\u0131\u015f Oyunu oynay\u0131n, bulmacalar\u0131 \u00e7\u00f6z\u00fcn, g\u00f6revleri tamamlay\u0131n ve \u00e7al\u0131nan form\u00fclleri geri al\u0131n!","robots":{"index":"noindex","follow":"follow","max-snippet":"max-snippet:-1","max-image-preview":"max-image-preview:large","max-video-preview":"max-video-preview:-1"},"og_locale":"tr_TR","og_type":"article","og_title":"The Nijmegen Syndicate","og_description":"The Nijmegen Syndicate. Kendi h\u0131z\u0131n\u0131zda kendi kendine rehberli bir \u015eehir Ka\u00e7\u0131\u015f Oyunu oynay\u0131n, bulmacalar\u0131 \u00e7\u00f6z\u00fcn, g\u00f6revleri tamamlay\u0131n ve \u00e7al\u0131nan form\u00fclleri geri al\u0131n!","og_url":"https:\/\/testwebsite.citygame.com\/tr\/games\/nijmegen\/the-nijmegen-syndicate\/","og_site_name":"City Game","article_publisher":"https:\/\/www.facebook.com\/profile.php?id=100086426226253","article_modified_time":"2026-04-07T20:12:46+00:00","og_image":[{"width":1024,"height":1024,"url":"https:\/\/testwebsite.citygame.com\/wp-content\/blogs.dir\/1\/files\/sites\/62\/2026\/02\/man-playing-city-game-on-phone-in-courtyard-nijmegen.jpg","type":"image\/jpeg"}],"twitter_card":"summary_large_image","schema":{"@context":"https:\/\/schema.org","@graph":[{"@type":"WebPage","@id":"https:\/\/testwebsite.citygame.com\/tr\/games\/nijmegen\/the-nijmegen-syndicate\/","url":"https:\/\/testwebsite.citygame.com\/tr\/games\/nijmegen\/the-nijmegen-syndicate\/","name":"The Nijmegen Syndicate - City Game","isPartOf":{"@id":"https:\/\/testwebsite.upevents.nl\/#website"},"primaryImageOfPage":{"@id":"https:\/\/testwebsite.citygame.com\/tr\/games\/nijmegen\/the-nijmegen-syndicate\/#primaryimage"},"image":{"@id":"https:\/\/testwebsite.citygame.com\/tr\/games\/nijmegen\/the-nijmegen-syndicate\/#primaryimage"},"thumbnailUrl":"https:\/\/testwebsite.citygame.com\/wp-content\/blogs.dir\/1\/files\/sites\/62\/2026\/02\/man-playing-city-game-on-phone-in-courtyard-nijmegen.jpg","datePublished":"2026-02-13T13:26:13+00:00","dateModified":"2026-04-07T20:12:46+00:00","description":"The Nijmegen Syndicate. Kendi h\u0131z\u0131n\u0131zda kendi kendine rehberli bir \u015eehir Ka\u00e7\u0131\u015f Oyunu oynay\u0131n, bulmacalar\u0131 \u00e7\u00f6z\u00fcn, g\u00f6revleri tamamlay\u0131n ve \u00e7al\u0131nan form\u00fclleri geri al\u0131n!","breadcrumb":{"@id":"https:\/\/testwebsite.citygame.com\/tr\/games\/nijmegen\/the-nijmegen-syndicate\/#breadcrumb"},"inLanguage":"tr","potentialAction":[{"@type":"ReadAction","target":["https:\/\/testwebsite.citygame.com\/tr\/games\/nijmegen\/the-nijmegen-syndicate\/"]}]},{"@type":"ImageObject","inLanguage":"tr","@id":"https:\/\/testwebsite.citygame.com\/tr\/games\/nijmegen\/the-nijmegen-syndicate\/#primaryimage","url":"https:\/\/testwebsite.citygame.com\/wp-content\/blogs.dir\/1\/files\/sites\/62\/2026\/02\/man-playing-city-game-on-phone-in-courtyard-nijmegen.jpg","contentUrl":"https:\/\/testwebsite.citygame.com\/wp-content\/blogs.dir\/1\/files\/sites\/62\/2026\/02\/man-playing-city-game-on-phone-in-courtyard-nijmegen.jpg","width":1024,"height":1024,"caption":"A player interacts with a game on his smartphone in a historic courtyard in Nijmegen."},{"@type":"BreadcrumbList","@id":"https:\/\/testwebsite.citygame.com\/tr\/games\/nijmegen\/the-nijmegen-syndicate\/#breadcrumb","itemListElement":[{"@type":"ListItem","position":1,"name":"Home","item":"https:\/\/testwebsite.citygame.com\/tr\/"},{"@type":"ListItem","position":2,"name":"Shop","item":"https:\/\/testwebsite.citygame.com\/shop\/"},{"@type":"ListItem","position":3,"name":"The Nijmegen Syndicate"}]},{"@type":"WebSite","@id":"https:\/\/testwebsite.upevents.nl\/#website","url":"https:\/\/testwebsite.upevents.nl\/","name":"City Game","description":"","publisher":{"@id":"https:\/\/testwebsite.upevents.nl\/#organization"},"alternateName":"citygame.com","potentialAction":[{"@type":"SearchAction","target":{"@type":"EntryPoint","urlTemplate":"https:\/\/testwebsite.upevents.nl\/?s={search_term_string}"},"query-input":{"@type":"PropertyValueSpecification","valueRequired":true,"valueName":"search_term_string"}}],"inLanguage":"tr"},{"@type":["Organization","Place"],"@id":"https:\/\/testwebsite.upevents.nl\/#organization","name":"City Game","alternateName":"citygame.com","url":"https:\/\/testwebsite.upevents.nl\/","logo":{"@id":"https:\/\/testwebsite.citygame.com\/tr\/games\/nijmegen\/the-nijmegen-syndicate\/#local-main-organization-logo"},"image":{"@id":"https:\/\/testwebsite.citygame.com\/tr\/games\/nijmegen\/the-nijmegen-syndicate\/#local-main-organization-logo"},"sameAs":["https:\/\/www.facebook.com\/profile.php?id=100086426226253","https:\/\/www.instagram.com\/citygame_com","https:\/\/www.tiktok.com\/@citygamecom\/","https:\/\/www.linkedin.com\/company\/citygame-com"],"description":"Turn any city into a playground with our interactive City Games and self-guided tours. Fun, flexible, and ideal for groups and team building.","telephone":[],"openingHoursSpecification":[{"@type":"OpeningHoursSpecification","dayOfWeek":["Monday","Tuesday","Wednesday","Thursday","Friday","Saturday","Sunday"],"opens":"09:00","closes":"17:00"}]},{"@type":"ImageObject","inLanguage":"tr","@id":"https:\/\/testwebsite.citygame.com\/tr\/games\/nijmegen\/the-nijmegen-syndicate\/#local-main-organization-logo","url":"https:\/\/testwebsite.citygame.com\/wp-content\/blogs.dir\/1\/files\/sites\/62\/2025\/10\/CG_LOGO-City-Game.png","contentUrl":"https:\/\/testwebsite.citygame.com\/wp-content\/blogs.dir\/1\/files\/sites\/62\/2025\/10\/CG_LOGO-City-Game.png","width":351,"height":377,"caption":"City Game"}]}},"taxonomy_info":{"game-concept":[{"value":763,"label":"Syndicate"}],"location":[{"value":299,"label":"Nijmegen"}],"product_cat":[{"value":27,"label":"Geen categorie"}]},"featured_image_src_large":["https:\/\/testwebsite.citygame.com\/wp-content\/blogs.dir\/1\/files\/sites\/62\/2026\/02\/man-playing-city-game-on-phone-in-courtyard-nijmegen.jpg",1024,1024,false],"author_info":[],"comment_info":"","_links":{"self":[{"href":"https:\/\/testwebsite.citygame.com\/tr\/wp-json\/wp\/v2\/product\/55119","targetHints":{"allow":["GET"]}}],"collection":[{"href":"https:\/\/testwebsite.citygame.com\/tr\/wp-json\/wp\/v2\/product"}],"about":[{"href":"https:\/\/testwebsite.citygame.com\/tr\/wp-json\/wp\/v2\/types\/product"}],"acf:post":[{"embeddable":true,"href":"https:\/\/testwebsite.citygame.com\/tr\/wp-json\/wp\/v2\/pages\/4556"}],"wp:featuredmedia":[{"embeddable":true,"href":"https:\/\/testwebsite.citygame.com\/tr\/wp-json\/wp\/v2\/media\/13561"}],"wp:attachment":[{"href":"https:\/\/testwebsite.citygame.com\/tr\/wp-json\/wp\/v2\/media?parent=55119"}],"wp:term":[{"taxonomy":"game-concept","embeddable":true,"href":"https:\/\/testwebsite.citygame.com\/tr\/wp-json\/wp\/v2\/game-concept?post=55119"},{"taxonomy":"location","embeddable":true,"href":"https:\/\/testwebsite.citygame.com\/tr\/wp-json\/wp\/v2\/location?post=55119"},{"taxonomy":"product_brand","embeddable":true,"href":"https:\/\/testwebsite.citygame.com\/tr\/wp-json\/wp\/v2\/product_brand?post=55119"},{"taxonomy":"product_cat","embeddable":true,"href":"https:\/\/testwebsite.citygame.com\/tr\/wp-json\/wp\/v2\/product_cat?post=55119"},{"taxonomy":"product_tag","embeddable":true,"href":"https:\/\/testwebsite.citygame.com\/tr\/wp-json\/wp\/v2\/product_tag?post=55119"}],"curies":[{"name":"wp","href":"https:\/\/api.w.org\/{rel}","templated":true}]}}