{"id":54408,"date":"2026-01-13T10:37:16","date_gmt":"2026-01-13T10:37:16","guid":{"rendered":"https:\/\/testwebsite.citygame.com\/games\/unknown-location\/secrets-of-katowice\/"},"modified":"2026-04-07T18:50:47","modified_gmt":"2026-04-07T18:50:47","slug":"secrets-of-katowice","status":"publish","type":"product","link":"https:\/\/testwebsite.citygame.com\/tr\/games\/katowice\/secrets-of-katowice\/","title":{"rendered":"Secrets of Katowice"},"content":{"rendered":"<p>City Game Katowice, Katowice \u015fehir merkezinde ger\u00e7ekle\u015fen, kendi kendine rehberli bir \u015fehir oyunudur. Bu GPS tabanl\u0131 oyun, oyuncular\u0131n ak\u0131ll\u0131 telefonlar\u0131n\u0131 kullanarak \u015fehri ke\u015ffetmelerini, yol boyunca bulmacalar, bilmeceler ve foto\u011fraf g\u00f6revlerini \u00e7\u00f6zmelerini sa\u011flar. Deneyim boyunca kat\u0131l\u0131mc\u0131lar gizli detaylar\u0131 ke\u015ffeder ve Katowice&#8217;nin tarihi ve yerel k\u00fclt\u00fcr\u00fc hakk\u0131nda bilgi edinirler. Ke\u015fif oyunu hem ziyaret\u00e7iler hem de yerel halk i\u00e7in uygundur, \u015fehir hakk\u0131nda daha fazla bilgi edinmek isteyen herkes i\u00e7in e\u011flenceli ve ilgi \u00e7ekici bir aktivite sunar. Tek ba\u015f\u0131na oynayanlar, \u00e7iftler, aileler veya arkada\u015f gruplar\u0131 i\u00e7in e\u015fit derecede iyi \u00e7al\u0131\u015f\u0131r.<\/p>\n","protected":false},"excerpt":{"rendered":"<p>Katowice&#8217;nin \u00d6zg\u00fcrl\u00fck Ruhunu Serbest B\u0131rak\u0131n! \u00c7eli\u011fin ruhla bulu\u015ftu\u011fu sokaklarda dola\u015f\u0131n, gizli ipu\u00e7lar\u0131n\u0131 ortaya \u00e7\u0131kar\u0131n ve Silesia&#8217;n\u0131n k\u0131r\u0131lmaz cesaretinin ta\u015fa oyulmu\u015f sembol\u00fc olan Wings of Liberty&#8217;yi restore etmek i\u00e7in Wojciech Korfanty&#8217;ye heyecan verici bir g\u00f6revde kat\u0131l\u0131n.<\/p>\n","protected":false},"featured_media":3596,"template":"","meta":{"_acf_changed":false,"_yoast_wpseo_focuskw":"Secrets of Katowice","_yoast_wpseo_metadesc":"Secrets of Katowice. Kendi kendine rehberli bir \u015eehir Oyunu oynay\u0131n ve bulmacalar, bilmeceler ve g\u00f6revlerle \u015fehri ke\u015ffedin. Kendi h\u0131z\u0131n\u0131zda oynay\u0131n ve bir yerel gibi ke\u015ffedin!","_kad_blocks_custom_css":"","_kad_blocks_head_custom_js":"","_kad_blocks_body_custom_js":"","_kad_blocks_footer_custom_js":"","ghostkit_customizer_options":"","ghostkit_custom_css":"","ghostkit_custom_js_head":"","ghostkit_custom_js_foot":"","ghostkit_typography":"","_kad_post_transparent":"default","_kad_post_title":"","_kad_post_layout":"default","_kad_post_sidebar_id":"","_kad_post_content_style":"default","_kad_post_vertical_padding":"default","_kad_post_feature":"","_kad_post_feature_position":"","_kad_post_header":false,"_kad_post_footer":false,"_kad_post_classname":"","_links_to":"","_links_to_target":""},"game-concept":[732],"location":[219],"product_brand":[],"product_cat":[27],"product_tag":[],"class_list":{"0":"post-54408","1":"product","2":"type-product","3":"status-publish","4":"has-post-thumbnail","6":"game-concept-secrets","7":"location-katowice","8":"product_cat-geen-categorie","10":"first","11":"instock","12":"shipping-taxable","13":"purchasable","14":"product-type-simple","15":"entry","16":"content-bg","17":"loop-entry"},"acf":{"full_bokun_product_name":"Self-Guided Secrets of Katowice Exploration Game","location_name":"Katowice","bokun_calendar_widget_code":"<script type=\"text\/javascript\" src=\"https:\/\/widgets.bokun.io\/assets\/javascripts\/apps\/build\/BokunWidgetsLoader.js?bookingChannelUUID=a1e93e96-5232-4734-a595-28405f4b5a31\" async><\/script>\n     \n    <div class=\"bokunWidget\" data-src=\"https:\/\/widgets.bokun.io\/online-sales\/a1e93e96-5232-4734-a595-28405f4b5a31\/experience-calendar\/1102509\"><\/div>\n    <noscript>Please enable javascript in your browser to book<\/noscript>","bokun_button_widget_code":"<script type=\"text\/javascript\" src=\"https:\/\/widgets.bokun.io\/assets\/javascripts\/apps\/build\/BokunWidgetsLoader.js?bookingChannelUUID=a1e93e96-5232-4734-a595-28405f4b5a31\" async><\/script>\n      <style> #bokun_ed001e45_5927_4f62_b470_ca766338d083 { display: inline-block; padding: .4em 1em; background: #47b82e; border-radius: 999999px; box-shadow: none; font-weight: 600; font-size: 24px; text-decoration: none; text-align: center; color: #FFFFFF; border:none; cursor: pointer; transition: background .2s ease; } #bokun_ed001e45_5927_4f62_b470_ca766338d083:hover{ background: #2f7b1f; } #bokun_ed001e45_5927_4f62_b470_ca766338d083:active{ background: #378f24; } <\/style> <button class=\"bokunButton\" disabled id=bokun_ed001e45_5927_4f62_b470_ca766338d083 data-src=\"https:\/\/widgets.bokun.io\/online-sales\/a1e93e96-5232-4734-a595-28405f4b5a31\/experience-calendar\/1102509?partialView=1\" data-testid=\"widget-book-button\" > Book now <\/button> ","what_you\u2019ll_experience_during_the_game":"City Game ile Katowice'yi ke\u015ffederken, deneyim kentsel ke\u015fif ve s\u00fcr\u00fckleyici hikaye anlat\u0131m\u0131n\u0131n bir kar\u0131\u015f\u0131m\u0131 olarak ortaya \u00e7\u0131k\u0131yor. Oyunun anlat\u0131s\u0131 rehberli\u011finde, hem simgesel yap\u0131lar\u0131 hem de genellikle fark edilmeden ge\u00e7ilen yerleri ke\u015ffedeceksiniz. Yol boyunca, f\u00fct\u00fcristik Spodek arenas\u0131 \u00f6n\u00fcnde durabilir, Henryk S\u0142awik ve J\u00f3zsef Antall Sr. an\u0131t\u0131nda d\u00fc\u015f\u00fcnebilir veya eski sanayi arazisine in\u015fa edilmi\u015f konser salonunun mimarisine hayran kalabilirsiniz. Rota sizi ayr\u0131ca e\u011flenceli Labyrinth veya Open University'deki karma\u015f\u0131k mozaik gibi gizli k\u00f6\u015felere de g\u00f6t\u00fcrecek, Katowice'nin \u00e7ok y\u00f6nl\u00fc bir portresini ortaya \u00e7\u0131karacakt\u0131r.\r\n\r\nOyun boyunca, mant\u0131k tabanl\u0131 bulmacalardan \u00e7evrenizi odak noktas\u0131na getiren yarat\u0131c\u0131 foto\u011fraf g\u00f6revlerine kadar bir dizi katmanl\u0131 g\u00f6revi \u00e7\u00f6zeceksiniz. Her g\u00f6revi tamamlamak size puan kazand\u0131racak ve yeni ipu\u00e7lar\u0131n\u0131 ortaya \u00e7\u0131karacak, sizi nihai gizemi \u00e7\u00f6zmeye yava\u015f yava\u015f yakla\u015ft\u0131racakt\u0131r. City Game, kendi h\u0131z\u0131n\u0131zda duraklat\u0131labilir ve tekrar devam edilebilir, bu da Katowice'yi kendi program\u0131n\u0131za g\u00f6re ke\u015ffetmenizi kolayla\u015ft\u0131r\u0131r. Rekabet\u00e7i ruhu olanlar i\u00e7in, liderlik tablosunda bir yer i\u00e7in yar\u0131\u015fma se\u00e7ene\u011fi de bulunmaktad\u0131r.","how_to_play":"Rezervasyondan sonra, do\u011frudan oynatma ba\u011flant\u0131s\u0131n\u0131 i\u00e7eren bir e-posta alacaks\u0131n\u0131z. Sadece Henryk S\u0142awik ve J\u00f3zsef Antall Sr.'daki ba\u015flang\u0131\u00e7 konumuna gidin, ak\u0131ll\u0131 telefonunuzda ba\u011flant\u0131y\u0131 a\u00e7\u0131n ve yolculu\u011funuza ba\u015flay\u0131n. Oyun GPS tabanl\u0131d\u0131r, bu nedenle telefonunuz sizi bir konumdan di\u011ferine y\u00f6nlendirecektir. Oyunu istedi\u011finiz zaman duraklatabilir ve Wings of Liberty'yi restore etme g\u00f6revinizi tamamlamak i\u00e7in daha sonra devam edebilirsiniz.","start_location":"katowice, Henryk S\u0142awik and J\u00f3zsef Antall Sr.","available_languages":"","players_per_group":"1-4","duration":"1.5-2 hours","image_overlay_color_image":"https:\/\/testwebsite.citygame.com\/wp-content\/blogs.dir\/1\/files\/sites\/62\/2026\/01\/SecretsColor.svg","image_overlay_game_logo":"https:\/\/testwebsite.citygame.com\/wp-content\/blogs.dir\/1\/files\/sites\/62\/2026\/01\/SecretsLogo.png","city_page":15929,"woocommerce_general_content":null},"yoast_head":"<!-- This site is optimized with the Yoast SEO Premium plugin v26.2 (Yoast SEO v26.3) - https:\/\/yoast.com\/wordpress\/plugins\/seo\/ -->\n<title>Secrets of Katowice - City Game<\/title>\n<meta name=\"description\" content=\"Secrets of Katowice. Kendi kendine rehberli bir \u015eehir Oyunu oynay\u0131n ve bulmacalar, bilmeceler ve g\u00f6revlerle \u015fehri ke\u015ffedin. Kendi h\u0131z\u0131n\u0131zda oynay\u0131n ve bir yerel gibi ke\u015ffedin!\" \/>\n<meta name=\"robots\" content=\"noindex, follow, max-snippet:-1, max-image-preview:large, max-video-preview:-1\" \/>\n<meta property=\"og:locale\" content=\"tr_TR\" \/>\n<meta property=\"og:type\" content=\"article\" \/>\n<meta property=\"og:title\" content=\"Secrets of Katowice\" \/>\n<meta property=\"og:description\" content=\"Secrets of Katowice. Kendi kendine rehberli bir \u015eehir Oyunu oynay\u0131n ve bulmacalar, bilmeceler ve g\u00f6revlerle \u015fehri ke\u015ffedin. Kendi h\u0131z\u0131n\u0131zda oynay\u0131n ve bir yerel gibi ke\u015ffedin!\" \/>\n<meta property=\"og:url\" content=\"https:\/\/testwebsite.citygame.com\/tr\/games\/katowice\/secrets-of-katowice\/\" \/>\n<meta property=\"og:site_name\" content=\"City Game\" \/>\n<meta property=\"article:publisher\" content=\"https:\/\/www.facebook.com\/profile.php?id=100086426226253\" \/>\n<meta property=\"article:modified_time\" content=\"2026-04-07T18:50:47+00:00\" \/>\n<meta property=\"og:image\" content=\"https:\/\/testwebsite.citygame.com\/wp-content\/blogs.dir\/1\/files\/sites\/62\/2026\/01\/man-with-phone-in-front-of-spodek-arena-in-katowice.jpg\" \/>\n\t<meta property=\"og:image:width\" content=\"1024\" \/>\n\t<meta property=\"og:image:height\" content=\"1024\" \/>\n\t<meta property=\"og:image:type\" content=\"image\/jpeg\" \/>\n<meta name=\"twitter:card\" content=\"summary_large_image\" \/>\n<meta name=\"twitter:label1\" content=\"Tahmini okuma s\u00fcresi\" \/>\n\t<meta name=\"twitter:data1\" content=\"1 dakika\" \/>\n<script type=\"application\/ld+json\" class=\"yoast-schema-graph\">{\"@context\":\"https:\/\/schema.org\",\"@graph\":[{\"@type\":\"WebPage\",\"@id\":\"https:\/\/testwebsite.citygame.com\/tr\/games\/katowice\/secrets-of-katowice\/\",\"url\":\"https:\/\/testwebsite.citygame.com\/tr\/games\/katowice\/secrets-of-katowice\/\",\"name\":\"Secrets of Katowice - City Game\",\"isPartOf\":{\"@id\":\"https:\/\/testwebsite.upevents.nl\/#website\"},\"primaryImageOfPage\":{\"@id\":\"https:\/\/testwebsite.citygame.com\/tr\/games\/katowice\/secrets-of-katowice\/#primaryimage\"},\"image\":{\"@id\":\"https:\/\/testwebsite.citygame.com\/tr\/games\/katowice\/secrets-of-katowice\/#primaryimage\"},\"thumbnailUrl\":\"https:\/\/testwebsite.citygame.com\/wp-content\/blogs.dir\/1\/files\/sites\/62\/2026\/01\/man-with-phone-in-front-of-spodek-arena-in-katowice.jpg\",\"datePublished\":\"2026-01-13T10:37:16+00:00\",\"dateModified\":\"2026-04-07T18:50:47+00:00\",\"description\":\"Secrets of Katowice. Kendi kendine rehberli bir \u015eehir Oyunu oynay\u0131n ve bulmacalar, bilmeceler ve g\u00f6revlerle \u015fehri ke\u015ffedin. Kendi h\u0131z\u0131n\u0131zda oynay\u0131n ve bir yerel gibi ke\u015ffedin!\",\"breadcrumb\":{\"@id\":\"https:\/\/testwebsite.citygame.com\/tr\/games\/katowice\/secrets-of-katowice\/#breadcrumb\"},\"inLanguage\":\"tr\",\"potentialAction\":[{\"@type\":\"ReadAction\",\"target\":[\"https:\/\/testwebsite.citygame.com\/tr\/games\/katowice\/secrets-of-katowice\/\"]}]},{\"@type\":\"ImageObject\",\"inLanguage\":\"tr\",\"@id\":\"https:\/\/testwebsite.citygame.com\/tr\/games\/katowice\/secrets-of-katowice\/#primaryimage\",\"url\":\"https:\/\/testwebsite.citygame.com\/wp-content\/blogs.dir\/1\/files\/sites\/62\/2026\/01\/man-with-phone-in-front-of-spodek-arena-in-katowice.jpg\",\"contentUrl\":\"https:\/\/testwebsite.citygame.com\/wp-content\/blogs.dir\/1\/files\/sites\/62\/2026\/01\/man-with-phone-in-front-of-spodek-arena-in-katowice.jpg\",\"width\":1024,\"height\":1024,\"caption\":\"A man uses his smartphone in a large plaza in front of the Spodek arena in Katowice.\"},{\"@type\":\"BreadcrumbList\",\"@id\":\"https:\/\/testwebsite.citygame.com\/tr\/games\/katowice\/secrets-of-katowice\/#breadcrumb\",\"itemListElement\":[{\"@type\":\"ListItem\",\"position\":1,\"name\":\"Home\",\"item\":\"https:\/\/testwebsite.citygame.com\/tr\/\"},{\"@type\":\"ListItem\",\"position\":2,\"name\":\"Shop\",\"item\":\"https:\/\/testwebsite.citygame.com\/shop\/\"},{\"@type\":\"ListItem\",\"position\":3,\"name\":\"Secrets of Katowice\"}]},{\"@type\":\"WebSite\",\"@id\":\"https:\/\/testwebsite.upevents.nl\/#website\",\"url\":\"https:\/\/testwebsite.upevents.nl\/\",\"name\":\"City Game\",\"description\":\"\",\"publisher\":{\"@id\":\"https:\/\/testwebsite.upevents.nl\/#organization\"},\"alternateName\":\"citygame.com\",\"potentialAction\":[{\"@type\":\"SearchAction\",\"target\":{\"@type\":\"EntryPoint\",\"urlTemplate\":\"https:\/\/testwebsite.upevents.nl\/?s={search_term_string}\"},\"query-input\":{\"@type\":\"PropertyValueSpecification\",\"valueRequired\":true,\"valueName\":\"search_term_string\"}}],\"inLanguage\":\"tr\"},{\"@type\":[\"Organization\",\"Place\"],\"@id\":\"https:\/\/testwebsite.upevents.nl\/#organization\",\"name\":\"City Game\",\"alternateName\":\"citygame.com\",\"url\":\"https:\/\/testwebsite.upevents.nl\/\",\"logo\":{\"@id\":\"https:\/\/testwebsite.citygame.com\/tr\/games\/katowice\/secrets-of-katowice\/#local-main-organization-logo\"},\"image\":{\"@id\":\"https:\/\/testwebsite.citygame.com\/tr\/games\/katowice\/secrets-of-katowice\/#local-main-organization-logo\"},\"sameAs\":[\"https:\/\/www.facebook.com\/profile.php?id=100086426226253\",\"https:\/\/www.instagram.com\/citygame_com\",\"https:\/\/www.tiktok.com\/@citygamecom\/\",\"https:\/\/www.linkedin.com\/company\/citygame-com\"],\"description\":\"Turn any city into a playground with our interactive City Games and self-guided tours. Fun, flexible, and ideal for groups and team building.\",\"telephone\":[],\"openingHoursSpecification\":[{\"@type\":\"OpeningHoursSpecification\",\"dayOfWeek\":[\"Monday\",\"Tuesday\",\"Wednesday\",\"Thursday\",\"Friday\",\"Saturday\",\"Sunday\"],\"opens\":\"09:00\",\"closes\":\"17:00\"}]},{\"@type\":\"ImageObject\",\"inLanguage\":\"tr\",\"@id\":\"https:\/\/testwebsite.citygame.com\/tr\/games\/katowice\/secrets-of-katowice\/#local-main-organization-logo\",\"url\":\"https:\/\/testwebsite.citygame.com\/wp-content\/blogs.dir\/1\/files\/sites\/62\/2025\/10\/CG_LOGO-City-Game.png\",\"contentUrl\":\"https:\/\/testwebsite.citygame.com\/wp-content\/blogs.dir\/1\/files\/sites\/62\/2025\/10\/CG_LOGO-City-Game.png\",\"width\":351,\"height\":377,\"caption\":\"City Game\"}]}<\/script>\n<!-- \/ Yoast SEO Premium plugin. -->","yoast_head_json":{"title":"Secrets of Katowice - City Game","description":"Secrets of Katowice. Kendi kendine rehberli bir \u015eehir Oyunu oynay\u0131n ve bulmacalar, bilmeceler ve g\u00f6revlerle \u015fehri ke\u015ffedin. Kendi h\u0131z\u0131n\u0131zda oynay\u0131n ve bir yerel gibi ke\u015ffedin!","robots":{"index":"noindex","follow":"follow","max-snippet":"max-snippet:-1","max-image-preview":"max-image-preview:large","max-video-preview":"max-video-preview:-1"},"og_locale":"tr_TR","og_type":"article","og_title":"Secrets of Katowice","og_description":"Secrets of Katowice. Kendi kendine rehberli bir \u015eehir Oyunu oynay\u0131n ve bulmacalar, bilmeceler ve g\u00f6revlerle \u015fehri ke\u015ffedin. Kendi h\u0131z\u0131n\u0131zda oynay\u0131n ve bir yerel gibi ke\u015ffedin!","og_url":"https:\/\/testwebsite.citygame.com\/tr\/games\/katowice\/secrets-of-katowice\/","og_site_name":"City Game","article_publisher":"https:\/\/www.facebook.com\/profile.php?id=100086426226253","article_modified_time":"2026-04-07T18:50:47+00:00","og_image":[{"width":1024,"height":1024,"url":"https:\/\/testwebsite.citygame.com\/wp-content\/blogs.dir\/1\/files\/sites\/62\/2026\/01\/man-with-phone-in-front-of-spodek-arena-in-katowice.jpg","type":"image\/jpeg"}],"twitter_card":"summary_large_image","twitter_misc":{"Tahmini okuma s\u00fcresi":"1 dakika"},"schema":{"@context":"https:\/\/schema.org","@graph":[{"@type":"WebPage","@id":"https:\/\/testwebsite.citygame.com\/tr\/games\/katowice\/secrets-of-katowice\/","url":"https:\/\/testwebsite.citygame.com\/tr\/games\/katowice\/secrets-of-katowice\/","name":"Secrets of Katowice - City Game","isPartOf":{"@id":"https:\/\/testwebsite.upevents.nl\/#website"},"primaryImageOfPage":{"@id":"https:\/\/testwebsite.citygame.com\/tr\/games\/katowice\/secrets-of-katowice\/#primaryimage"},"image":{"@id":"https:\/\/testwebsite.citygame.com\/tr\/games\/katowice\/secrets-of-katowice\/#primaryimage"},"thumbnailUrl":"https:\/\/testwebsite.citygame.com\/wp-content\/blogs.dir\/1\/files\/sites\/62\/2026\/01\/man-with-phone-in-front-of-spodek-arena-in-katowice.jpg","datePublished":"2026-01-13T10:37:16+00:00","dateModified":"2026-04-07T18:50:47+00:00","description":"Secrets of Katowice. Kendi kendine rehberli bir \u015eehir Oyunu oynay\u0131n ve bulmacalar, bilmeceler ve g\u00f6revlerle \u015fehri ke\u015ffedin. Kendi h\u0131z\u0131n\u0131zda oynay\u0131n ve bir yerel gibi ke\u015ffedin!","breadcrumb":{"@id":"https:\/\/testwebsite.citygame.com\/tr\/games\/katowice\/secrets-of-katowice\/#breadcrumb"},"inLanguage":"tr","potentialAction":[{"@type":"ReadAction","target":["https:\/\/testwebsite.citygame.com\/tr\/games\/katowice\/secrets-of-katowice\/"]}]},{"@type":"ImageObject","inLanguage":"tr","@id":"https:\/\/testwebsite.citygame.com\/tr\/games\/katowice\/secrets-of-katowice\/#primaryimage","url":"https:\/\/testwebsite.citygame.com\/wp-content\/blogs.dir\/1\/files\/sites\/62\/2026\/01\/man-with-phone-in-front-of-spodek-arena-in-katowice.jpg","contentUrl":"https:\/\/testwebsite.citygame.com\/wp-content\/blogs.dir\/1\/files\/sites\/62\/2026\/01\/man-with-phone-in-front-of-spodek-arena-in-katowice.jpg","width":1024,"height":1024,"caption":"A man uses his smartphone in a large plaza in front of the Spodek arena in Katowice."},{"@type":"BreadcrumbList","@id":"https:\/\/testwebsite.citygame.com\/tr\/games\/katowice\/secrets-of-katowice\/#breadcrumb","itemListElement":[{"@type":"ListItem","position":1,"name":"Home","item":"https:\/\/testwebsite.citygame.com\/tr\/"},{"@type":"ListItem","position":2,"name":"Shop","item":"https:\/\/testwebsite.citygame.com\/shop\/"},{"@type":"ListItem","position":3,"name":"Secrets of Katowice"}]},{"@type":"WebSite","@id":"https:\/\/testwebsite.upevents.nl\/#website","url":"https:\/\/testwebsite.upevents.nl\/","name":"City Game","description":"","publisher":{"@id":"https:\/\/testwebsite.upevents.nl\/#organization"},"alternateName":"citygame.com","potentialAction":[{"@type":"SearchAction","target":{"@type":"EntryPoint","urlTemplate":"https:\/\/testwebsite.upevents.nl\/?s={search_term_string}"},"query-input":{"@type":"PropertyValueSpecification","valueRequired":true,"valueName":"search_term_string"}}],"inLanguage":"tr"},{"@type":["Organization","Place"],"@id":"https:\/\/testwebsite.upevents.nl\/#organization","name":"City Game","alternateName":"citygame.com","url":"https:\/\/testwebsite.upevents.nl\/","logo":{"@id":"https:\/\/testwebsite.citygame.com\/tr\/games\/katowice\/secrets-of-katowice\/#local-main-organization-logo"},"image":{"@id":"https:\/\/testwebsite.citygame.com\/tr\/games\/katowice\/secrets-of-katowice\/#local-main-organization-logo"},"sameAs":["https:\/\/www.facebook.com\/profile.php?id=100086426226253","https:\/\/www.instagram.com\/citygame_com","https:\/\/www.tiktok.com\/@citygamecom\/","https:\/\/www.linkedin.com\/company\/citygame-com"],"description":"Turn any city into a playground with our interactive City Games and self-guided tours. Fun, flexible, and ideal for groups and team building.","telephone":[],"openingHoursSpecification":[{"@type":"OpeningHoursSpecification","dayOfWeek":["Monday","Tuesday","Wednesday","Thursday","Friday","Saturday","Sunday"],"opens":"09:00","closes":"17:00"}]},{"@type":"ImageObject","inLanguage":"tr","@id":"https:\/\/testwebsite.citygame.com\/tr\/games\/katowice\/secrets-of-katowice\/#local-main-organization-logo","url":"https:\/\/testwebsite.citygame.com\/wp-content\/blogs.dir\/1\/files\/sites\/62\/2025\/10\/CG_LOGO-City-Game.png","contentUrl":"https:\/\/testwebsite.citygame.com\/wp-content\/blogs.dir\/1\/files\/sites\/62\/2025\/10\/CG_LOGO-City-Game.png","width":351,"height":377,"caption":"City Game"}]}},"taxonomy_info":{"game-concept":[{"value":732,"label":"Secrets"}],"location":[{"value":219,"label":"Katowice"}],"product_cat":[{"value":27,"label":"Geen categorie"}]},"featured_image_src_large":["https:\/\/testwebsite.citygame.com\/wp-content\/blogs.dir\/1\/files\/sites\/62\/2026\/01\/man-with-phone-in-front-of-spodek-arena-in-katowice.jpg",1024,1024,false],"author_info":[],"comment_info":"","_links":{"self":[{"href":"https:\/\/testwebsite.citygame.com\/tr\/wp-json\/wp\/v2\/product\/54408","targetHints":{"allow":["GET"]}}],"collection":[{"href":"https:\/\/testwebsite.citygame.com\/tr\/wp-json\/wp\/v2\/product"}],"about":[{"href":"https:\/\/testwebsite.citygame.com\/tr\/wp-json\/wp\/v2\/types\/product"}],"acf:post":[{"embeddable":true,"href":"https:\/\/testwebsite.citygame.com\/tr\/wp-json\/wp\/v2\/pages\/15929"}],"wp:featuredmedia":[{"embeddable":true,"href":"https:\/\/testwebsite.citygame.com\/tr\/wp-json\/wp\/v2\/media\/3596"}],"wp:attachment":[{"href":"https:\/\/testwebsite.citygame.com\/tr\/wp-json\/wp\/v2\/media?parent=54408"}],"wp:term":[{"taxonomy":"game-concept","embeddable":true,"href":"https:\/\/testwebsite.citygame.com\/tr\/wp-json\/wp\/v2\/game-concept?post=54408"},{"taxonomy":"location","embeddable":true,"href":"https:\/\/testwebsite.citygame.com\/tr\/wp-json\/wp\/v2\/location?post=54408"},{"taxonomy":"product_brand","embeddable":true,"href":"https:\/\/testwebsite.citygame.com\/tr\/wp-json\/wp\/v2\/product_brand?post=54408"},{"taxonomy":"product_cat","embeddable":true,"href":"https:\/\/testwebsite.citygame.com\/tr\/wp-json\/wp\/v2\/product_cat?post=54408"},{"taxonomy":"product_tag","embeddable":true,"href":"https:\/\/testwebsite.citygame.com\/tr\/wp-json\/wp\/v2\/product_tag?post=54408"}],"curies":[{"name":"wp","href":"https:\/\/api.w.org\/{rel}","templated":true}]}}