{"id":53653,"date":"2026-02-26T15:08:02","date_gmt":"2026-02-26T15:08:02","guid":{"rendered":"https:\/\/testwebsite.citygame.com\/games\/unknown-location\/secrets-of-bitola\/"},"modified":"2026-04-07T17:23:16","modified_gmt":"2026-04-07T17:23:16","slug":"secrets-of-bitola","status":"publish","type":"product","link":"https:\/\/testwebsite.citygame.com\/tr\/games\/bitola\/secrets-of-bitola\/","title":{"rendered":"Secrets of Bitola"},"content":{"rendered":"<p>&#8220;Secrets of Bitola \u015eehir Oyunu&#8221;, Bitola \u015fehir merkezinde ge\u00e7en, kendi kendine rehberli, GPS tabanl\u0131 bir ke\u015fif oyunudur. Oyuncular ak\u0131ll\u0131 telefonlar\u0131yla \u015fehir manzaras\u0131nda gezinir, ilgin\u00e7 bulmacalar\u0131, bilmeceleri \u00e7\u00f6zerek ve foto\u011fraf g\u00f6revlerine kat\u0131larak \u015fehrin s\u0131rlar\u0131n\u0131 a\u00e7\u0131\u011fa \u00e7\u0131kar\u0131r. Oynarken \u015fehrin zengin tarihini, \u00e7e\u015fitli k\u00fclt\u00fcr\u00fcn\u00fc \u00f6\u011frenir ve ba\u015fkalar\u0131 taraf\u0131ndan s\u0131k\u00e7a g\u00f6zden ka\u00e7an gizli detaylar\u0131 ke\u015ffederler. Bitola&#8217;daki bu \u015fehir oyunu sadece ziyaret\u00e7iler i\u00e7in de\u011fil, ayn\u0131 zamanda yerel halk i\u00e7in de yeni ve ilgi \u00e7ekici bir bak\u0131\u015f a\u00e7\u0131s\u0131 sunar. \u0130ster tek ba\u015f\u0131n\u0131za, ister \u00e7ift olarak, ailenizle veya bir grup arkada\u015f\u0131n\u0131zla oynay\u0131n, kendi kendine rehberli \u015fehir oyunumuz herkes i\u00e7in keyifli ve ortak bir \u00f6\u011frenme deneyimi sunar.<\/p>\n","protected":false},"excerpt":{"rendered":"<p>Bitola&#8217;n\u0131n cesur kalbini ke\u015ffedin! Metodi Andonov-\u010cento&#8217;ya Makedonya&#8217;n\u0131n \u00f6zg\u00fcrl\u00fck m\u00fccadelesiyle ba\u011flant\u0131l\u0131 kay\u0131p madalyay\u0131 geri almas\u0131nda yard\u0131m ederken Osmanl\u0131 sokaklar\u0131n\u0131, hareketli kafelerini ve tarihi simge yap\u0131lar\u0131 ke\u015ffedin; her ipucunu \u015fehrin canl\u0131 ge\u00e7mi\u015fine daha derin bir ad\u0131ma d\u00f6n\u00fc\u015ft\u00fcr\u00fcn!<\/p>\n","protected":false},"featured_media":16122,"template":"","meta":{"_acf_changed":false,"_yoast_wpseo_focuskw":"Secrets of Bitola","_yoast_wpseo_metadesc":"Secrets of Bitola. Kendi kendine rehberli bir \u015eehir Oyunu oynay\u0131n ve bulmacalar, bilmeceler ve g\u00f6revler arac\u0131l\u0131\u011f\u0131yla \u015fehri ke\u015ffedin. Kendi h\u0131z\u0131n\u0131zda oynay\u0131n ve bir yerel gibi ke\u015ffedin!","_kad_blocks_custom_css":"","_kad_blocks_head_custom_js":"","_kad_blocks_body_custom_js":"","_kad_blocks_footer_custom_js":"","ghostkit_customizer_options":"","ghostkit_custom_css":"","ghostkit_custom_js_head":"","ghostkit_custom_js_foot":"","ghostkit_typography":"","_kad_post_transparent":"default","_kad_post_title":"","_kad_post_layout":"default","_kad_post_sidebar_id":"","_kad_post_content_style":"default","_kad_post_vertical_padding":"default","_kad_post_feature":"","_kad_post_feature_position":"","_kad_post_header":false,"_kad_post_footer":false,"_kad_post_classname":"","_links_to":"","_links_to_target":""},"game-concept":[732],"location":[614],"product_brand":[],"product_cat":[27],"product_tag":[],"class_list":{"0":"post-53653","1":"product","2":"type-product","3":"status-publish","4":"has-post-thumbnail","6":"game-concept-secrets","7":"location-bitola","8":"product_cat-geen-categorie","10":"first","11":"instock","12":"shipping-taxable","13":"purchasable","14":"product-type-simple","15":"entry","16":"content-bg","17":"loop-entry"},"acf":{"full_bokun_product_name":"Self-Guided Secrets of Bitola Exploration Game","location_name":"Bitola","bokun_calendar_widget_code":"<script type=\"text\/javascript\" src=\"https:\/\/widgets.bokun.io\/assets\/javascripts\/apps\/build\/BokunWidgetsLoader.js?bookingChannelUUID=a1e93e96-5232-4734-a595-28405f4b5a31\" async><\/script>\n     \n    <div class=\"bokunWidget\" data-src=\"https:\/\/widgets.bokun.io\/online-sales\/a1e93e96-5232-4734-a595-28405f4b5a31\/experience-calendar\/1121427\"><\/div>\n    <noscript>Please enable javascript in your browser to book<\/noscript>","bokun_button_widget_code":"<script type=\"text\/javascript\" src=\"https:\/\/widgets.bokun.io\/assets\/javascripts\/apps\/build\/BokunWidgetsLoader.js?bookingChannelUUID=a1e93e96-5232-4734-a595-28405f4b5a31\" async><\/script>\n      <style> #bokun_ed001e45_5927_4f62_b470_ca766338d083 { display: inline-block; padding: .4em 1em; background: #47b82e; border-radius: 999999px; box-shadow: none; font-weight: 600; font-size: 24px; text-decoration: none; text-align: center; color: #FFFFFF; border:none; cursor: pointer; transition: background .2s ease; } #bokun_ed001e45_5927_4f62_b470_ca766338d083:hover{ background: #2f7b1f; } #bokun_ed001e45_5927_4f62_b470_ca766338d083:active{ background: #378f24; } <\/style> <button class=\"bokunButton\" disabled id=bokun_ed001e45_5927_4f62_b470_ca766338d083 data-src=\"https:\/\/widgets.bokun.io\/online-sales\/a1e93e96-5232-4734-a595-28405f4b5a31\/experience-calendar\/1121427?partialView=1\" data-testid=\"widget-book-button\" > Book now <\/button> ","what_you\u2019ll_experience_during_the_game":"Bitola'da gezmeyi s\u00fcr\u00fckleyici bir anlat\u0131mla ve etkile\u015fimli g\u00f6revlerle harmanlayan heyecan verici bir \u015fehir oyununa ba\u015flay\u0131n. \u015eehrin geni\u015fli\u011fini gezerken, Bitola'n\u0131n ruhuna katk\u0131da bulunan ikonik simge yap\u0131lar\u0131n yan\u0131 s\u0131ra gizli m\u00fccevherlerle de kar\u015f\u0131la\u015facaks\u0131n\u0131z. Eski Ortodoks Ba\u015fpiskoposlu\u011fu'nun tarihi cazibesini ve Eco-friendly Electric Buses'\u0131n \u00e7a\u011fda\u015f \u00e7ekicili\u011fini deneyimleyin. Yol boyunca Bitola Saat Kulesi (Saat Kula) taraf\u0131ndan b\u00fcy\u00fclenin ve Bitola mutfa\u011f\u0131n\u0131n vazge\u00e7ilmezi olan geleneksel yava\u015f pi\u015firilmi\u015f etli ve sebzeli yemek olan Tava'da duyular\u0131n\u0131z\u0131 \u015f\u0131mart\u0131n. Shirok Sokak Yaya Caddesi'nin b\u00fcy\u00fcleyici manzaralar\u0131na ve seslerine kendinizi kapt\u0131rd\u0131\u011f\u0131n\u0131zdan emin olun ve Pelagonia Ovas\u0131 Seyir Noktas\u0131'nda nefesinizi tutun.\r\n\r\nOyuna daha derinlemesine dald\u0131k\u00e7a, \u00fcstesinden gelinmeyi bekleyen ilgin\u00e7 bulmacalar, bilmeceler ve foto\u011fraf g\u00f6revleri bulacaks\u0131n\u0131z. Bunlar\u0131 \u00e7\u00f6zmek sadece puan\u0131n\u0131z\u0131 art\u0131rmakla kalmaz, ayn\u0131 zamanda puan kazanman\u0131za, ipu\u00e7lar\u0131n\u0131 a\u00e7man\u0131za ve b\u00fcy\u00fck bir gizemi \u00e7\u00f6zmeye ad\u0131m ad\u0131m yakla\u015fman\u0131za yard\u0131mc\u0131 olur. \u0130ster kendi h\u0131z\u0131n\u0131zda ilerlemek ister liderlik tablosunda yer almak i\u00e7in yar\u0131\u015fmak isteyin, oyun istedi\u011finiz zaman duraklat\u0131labilir ve istedi\u011finiz zaman devam ettirilebilir. Bu \u015fehir oyunu sadece Bitola'y\u0131 ke\u015ffetmekten daha fazlas\u0131; gizem, ke\u015fif ve e\u011flencenin s\u00fcr\u00fckleyici ve keyifli bir pakette birle\u015fti\u011fi heyecan verici bir kar\u0131\u015f\u0131m.","how_to_play":"Rezervasyon yapt\u0131ktan sonra, Secrets of Bitola City Game'e do\u011frudan oynama ba\u011flant\u0131s\u0131n\u0131 i\u00e7eren bir e-posta alacaks\u0131n\u0131z. Eski Ortodoks Ba\u015fpiskoposlu\u011fu'ndaki ba\u015flang\u0131\u00e7 konumuna gidin ve yolculu\u011funuza ba\u015flamak i\u00e7in oyunu ak\u0131ll\u0131 telefonunuzda ba\u015flat\u0131n. Kendi h\u0131z\u0131n\u0131zda oynayabilir, istedi\u011finiz zaman duraklatabilir ve haz\u0131r oldu\u011funuzda devam edebilirsiniz.","start_location":"Bitola, Old Orthodox Archbishopric (Mitropolija)","available_languages":"","players_per_group":"1-4","duration":"1.5-2 hours","image_overlay_color_image":"https:\/\/testwebsite.citygame.com\/wp-content\/blogs.dir\/1\/files\/sites\/62\/2026\/01\/SecretsColor.svg","image_overlay_game_logo":"https:\/\/testwebsite.citygame.com\/wp-content\/blogs.dir\/1\/files\/sites\/62\/2026\/01\/SecretsLogo.png","city_page":15776,"woocommerce_general_content":null},"yoast_head":"<!-- This site is optimized with the Yoast SEO Premium plugin v26.2 (Yoast SEO v26.3) - https:\/\/yoast.com\/wordpress\/plugins\/seo\/ -->\n<title>Secrets of Bitola - City Game<\/title>\n<meta name=\"description\" content=\"Secrets of Bitola. Kendi kendine rehberli bir \u015eehir Oyunu oynay\u0131n ve bulmacalar, bilmeceler ve g\u00f6revler arac\u0131l\u0131\u011f\u0131yla \u015fehri ke\u015ffedin. Kendi h\u0131z\u0131n\u0131zda oynay\u0131n ve bir yerel gibi ke\u015ffedin!\" \/>\n<meta name=\"robots\" content=\"noindex, follow, max-snippet:-1, max-image-preview:large, max-video-preview:-1\" \/>\n<meta property=\"og:locale\" content=\"tr_TR\" \/>\n<meta property=\"og:type\" content=\"article\" \/>\n<meta property=\"og:title\" content=\"Secrets of Bitola\" \/>\n<meta property=\"og:description\" content=\"Secrets of Bitola. Kendi kendine rehberli bir \u015eehir Oyunu oynay\u0131n ve bulmacalar, bilmeceler ve g\u00f6revler arac\u0131l\u0131\u011f\u0131yla \u015fehri ke\u015ffedin. Kendi h\u0131z\u0131n\u0131zda oynay\u0131n ve bir yerel gibi ke\u015ffedin!\" \/>\n<meta property=\"og:url\" content=\"https:\/\/testwebsite.citygame.com\/tr\/games\/bitola\/secrets-of-bitola\/\" \/>\n<meta property=\"og:site_name\" content=\"City Game\" \/>\n<meta property=\"article:publisher\" content=\"https:\/\/www.facebook.com\/profile.php?id=100086426226253\" \/>\n<meta property=\"article:modified_time\" content=\"2026-04-07T17:23:16+00:00\" \/>\n<meta property=\"og:image\" content=\"https:\/\/testwebsite.citygame.com\/wp-content\/blogs.dir\/1\/files\/sites\/62\/2026\/02\/bitola-group-of-friends-playing-city-game-on-street.jpg\" \/>\n\t<meta property=\"og:image:width\" content=\"1024\" \/>\n\t<meta property=\"og:image:height\" content=\"1024\" \/>\n\t<meta property=\"og:image:type\" content=\"image\/jpeg\" \/>\n<meta name=\"twitter:card\" content=\"summary_large_image\" \/>\n<meta name=\"twitter:label1\" content=\"Tahmini okuma s\u00fcresi\" \/>\n\t<meta name=\"twitter:data1\" content=\"1 dakika\" \/>\n<script type=\"application\/ld+json\" class=\"yoast-schema-graph\">{\"@context\":\"https:\/\/schema.org\",\"@graph\":[{\"@type\":\"WebPage\",\"@id\":\"https:\/\/testwebsite.citygame.com\/tr\/games\/bitola\/secrets-of-bitola\/\",\"url\":\"https:\/\/testwebsite.citygame.com\/tr\/games\/bitola\/secrets-of-bitola\/\",\"name\":\"Secrets of Bitola - City Game\",\"isPartOf\":{\"@id\":\"https:\/\/testwebsite.upevents.nl\/#website\"},\"primaryImageOfPage\":{\"@id\":\"https:\/\/testwebsite.citygame.com\/tr\/games\/bitola\/secrets-of-bitola\/#primaryimage\"},\"image\":{\"@id\":\"https:\/\/testwebsite.citygame.com\/tr\/games\/bitola\/secrets-of-bitola\/#primaryimage\"},\"thumbnailUrl\":\"https:\/\/testwebsite.citygame.com\/wp-content\/blogs.dir\/1\/files\/sites\/62\/2026\/02\/bitola-group-of-friends-playing-city-game-on-street.jpg\",\"datePublished\":\"2026-02-26T15:08:02+00:00\",\"dateModified\":\"2026-04-07T17:23:16+00:00\",\"description\":\"Secrets of Bitola. Kendi kendine rehberli bir \u015eehir Oyunu oynay\u0131n ve bulmacalar, bilmeceler ve g\u00f6revler arac\u0131l\u0131\u011f\u0131yla \u015fehri ke\u015ffedin. Kendi h\u0131z\u0131n\u0131zda oynay\u0131n ve bir yerel gibi ke\u015ffedin!\",\"breadcrumb\":{\"@id\":\"https:\/\/testwebsite.citygame.com\/tr\/games\/bitola\/secrets-of-bitola\/#breadcrumb\"},\"inLanguage\":\"tr\",\"potentialAction\":[{\"@type\":\"ReadAction\",\"target\":[\"https:\/\/testwebsite.citygame.com\/tr\/games\/bitola\/secrets-of-bitola\/\"]}]},{\"@type\":\"ImageObject\",\"inLanguage\":\"tr\",\"@id\":\"https:\/\/testwebsite.citygame.com\/tr\/games\/bitola\/secrets-of-bitola\/#primaryimage\",\"url\":\"https:\/\/testwebsite.citygame.com\/wp-content\/blogs.dir\/1\/files\/sites\/62\/2026\/02\/bitola-group-of-friends-playing-city-game-on-street.jpg\",\"contentUrl\":\"https:\/\/testwebsite.citygame.com\/wp-content\/blogs.dir\/1\/files\/sites\/62\/2026\/02\/bitola-group-of-friends-playing-city-game-on-street.jpg\",\"width\":1024,\"height\":1024,\"caption\":\"A group of friends uses a smartphone to navigate and play a game in Bitola.\"},{\"@type\":\"BreadcrumbList\",\"@id\":\"https:\/\/testwebsite.citygame.com\/tr\/games\/bitola\/secrets-of-bitola\/#breadcrumb\",\"itemListElement\":[{\"@type\":\"ListItem\",\"position\":1,\"name\":\"Home\",\"item\":\"https:\/\/testwebsite.citygame.com\/tr\/\"},{\"@type\":\"ListItem\",\"position\":2,\"name\":\"Shop\",\"item\":\"https:\/\/testwebsite.citygame.com\/shop\/\"},{\"@type\":\"ListItem\",\"position\":3,\"name\":\"Secrets of Bitola\"}]},{\"@type\":\"WebSite\",\"@id\":\"https:\/\/testwebsite.upevents.nl\/#website\",\"url\":\"https:\/\/testwebsite.upevents.nl\/\",\"name\":\"City Game\",\"description\":\"\",\"publisher\":{\"@id\":\"https:\/\/testwebsite.upevents.nl\/#organization\"},\"alternateName\":\"citygame.com\",\"potentialAction\":[{\"@type\":\"SearchAction\",\"target\":{\"@type\":\"EntryPoint\",\"urlTemplate\":\"https:\/\/testwebsite.upevents.nl\/?s={search_term_string}\"},\"query-input\":{\"@type\":\"PropertyValueSpecification\",\"valueRequired\":true,\"valueName\":\"search_term_string\"}}],\"inLanguage\":\"tr\"},{\"@type\":[\"Organization\",\"Place\"],\"@id\":\"https:\/\/testwebsite.upevents.nl\/#organization\",\"name\":\"City Game\",\"alternateName\":\"citygame.com\",\"url\":\"https:\/\/testwebsite.upevents.nl\/\",\"logo\":{\"@id\":\"https:\/\/testwebsite.citygame.com\/tr\/games\/bitola\/secrets-of-bitola\/#local-main-organization-logo\"},\"image\":{\"@id\":\"https:\/\/testwebsite.citygame.com\/tr\/games\/bitola\/secrets-of-bitola\/#local-main-organization-logo\"},\"sameAs\":[\"https:\/\/www.facebook.com\/profile.php?id=100086426226253\",\"https:\/\/www.instagram.com\/citygame_com\",\"https:\/\/www.tiktok.com\/@citygamecom\/\",\"https:\/\/www.linkedin.com\/company\/citygame-com\"],\"description\":\"Turn any city into a playground with our interactive City Games and self-guided tours. Fun, flexible, and ideal for groups and team building.\",\"telephone\":[],\"openingHoursSpecification\":[{\"@type\":\"OpeningHoursSpecification\",\"dayOfWeek\":[\"Monday\",\"Tuesday\",\"Wednesday\",\"Thursday\",\"Friday\",\"Saturday\",\"Sunday\"],\"opens\":\"09:00\",\"closes\":\"17:00\"}]},{\"@type\":\"ImageObject\",\"inLanguage\":\"tr\",\"@id\":\"https:\/\/testwebsite.citygame.com\/tr\/games\/bitola\/secrets-of-bitola\/#local-main-organization-logo\",\"url\":\"https:\/\/testwebsite.citygame.com\/wp-content\/blogs.dir\/1\/files\/sites\/62\/2025\/10\/CG_LOGO-City-Game.png\",\"contentUrl\":\"https:\/\/testwebsite.citygame.com\/wp-content\/blogs.dir\/1\/files\/sites\/62\/2025\/10\/CG_LOGO-City-Game.png\",\"width\":351,\"height\":377,\"caption\":\"City Game\"}]}<\/script>\n<!-- \/ Yoast SEO Premium plugin. -->","yoast_head_json":{"title":"Secrets of Bitola - City Game","description":"Secrets of Bitola. Kendi kendine rehberli bir \u015eehir Oyunu oynay\u0131n ve bulmacalar, bilmeceler ve g\u00f6revler arac\u0131l\u0131\u011f\u0131yla \u015fehri ke\u015ffedin. Kendi h\u0131z\u0131n\u0131zda oynay\u0131n ve bir yerel gibi ke\u015ffedin!","robots":{"index":"noindex","follow":"follow","max-snippet":"max-snippet:-1","max-image-preview":"max-image-preview:large","max-video-preview":"max-video-preview:-1"},"og_locale":"tr_TR","og_type":"article","og_title":"Secrets of Bitola","og_description":"Secrets of Bitola. Kendi kendine rehberli bir \u015eehir Oyunu oynay\u0131n ve bulmacalar, bilmeceler ve g\u00f6revler arac\u0131l\u0131\u011f\u0131yla \u015fehri ke\u015ffedin. Kendi h\u0131z\u0131n\u0131zda oynay\u0131n ve bir yerel gibi ke\u015ffedin!","og_url":"https:\/\/testwebsite.citygame.com\/tr\/games\/bitola\/secrets-of-bitola\/","og_site_name":"City Game","article_publisher":"https:\/\/www.facebook.com\/profile.php?id=100086426226253","article_modified_time":"2026-04-07T17:23:16+00:00","og_image":[{"width":1024,"height":1024,"url":"https:\/\/testwebsite.citygame.com\/wp-content\/blogs.dir\/1\/files\/sites\/62\/2026\/02\/bitola-group-of-friends-playing-city-game-on-street.jpg","type":"image\/jpeg"}],"twitter_card":"summary_large_image","twitter_misc":{"Tahmini okuma s\u00fcresi":"1 dakika"},"schema":{"@context":"https:\/\/schema.org","@graph":[{"@type":"WebPage","@id":"https:\/\/testwebsite.citygame.com\/tr\/games\/bitola\/secrets-of-bitola\/","url":"https:\/\/testwebsite.citygame.com\/tr\/games\/bitola\/secrets-of-bitola\/","name":"Secrets of Bitola - City Game","isPartOf":{"@id":"https:\/\/testwebsite.upevents.nl\/#website"},"primaryImageOfPage":{"@id":"https:\/\/testwebsite.citygame.com\/tr\/games\/bitola\/secrets-of-bitola\/#primaryimage"},"image":{"@id":"https:\/\/testwebsite.citygame.com\/tr\/games\/bitola\/secrets-of-bitola\/#primaryimage"},"thumbnailUrl":"https:\/\/testwebsite.citygame.com\/wp-content\/blogs.dir\/1\/files\/sites\/62\/2026\/02\/bitola-group-of-friends-playing-city-game-on-street.jpg","datePublished":"2026-02-26T15:08:02+00:00","dateModified":"2026-04-07T17:23:16+00:00","description":"Secrets of Bitola. Kendi kendine rehberli bir \u015eehir Oyunu oynay\u0131n ve bulmacalar, bilmeceler ve g\u00f6revler arac\u0131l\u0131\u011f\u0131yla \u015fehri ke\u015ffedin. Kendi h\u0131z\u0131n\u0131zda oynay\u0131n ve bir yerel gibi ke\u015ffedin!","breadcrumb":{"@id":"https:\/\/testwebsite.citygame.com\/tr\/games\/bitola\/secrets-of-bitola\/#breadcrumb"},"inLanguage":"tr","potentialAction":[{"@type":"ReadAction","target":["https:\/\/testwebsite.citygame.com\/tr\/games\/bitola\/secrets-of-bitola\/"]}]},{"@type":"ImageObject","inLanguage":"tr","@id":"https:\/\/testwebsite.citygame.com\/tr\/games\/bitola\/secrets-of-bitola\/#primaryimage","url":"https:\/\/testwebsite.citygame.com\/wp-content\/blogs.dir\/1\/files\/sites\/62\/2026\/02\/bitola-group-of-friends-playing-city-game-on-street.jpg","contentUrl":"https:\/\/testwebsite.citygame.com\/wp-content\/blogs.dir\/1\/files\/sites\/62\/2026\/02\/bitola-group-of-friends-playing-city-game-on-street.jpg","width":1024,"height":1024,"caption":"A group of friends uses a smartphone to navigate and play a game in Bitola."},{"@type":"BreadcrumbList","@id":"https:\/\/testwebsite.citygame.com\/tr\/games\/bitola\/secrets-of-bitola\/#breadcrumb","itemListElement":[{"@type":"ListItem","position":1,"name":"Home","item":"https:\/\/testwebsite.citygame.com\/tr\/"},{"@type":"ListItem","position":2,"name":"Shop","item":"https:\/\/testwebsite.citygame.com\/shop\/"},{"@type":"ListItem","position":3,"name":"Secrets of Bitola"}]},{"@type":"WebSite","@id":"https:\/\/testwebsite.upevents.nl\/#website","url":"https:\/\/testwebsite.upevents.nl\/","name":"City Game","description":"","publisher":{"@id":"https:\/\/testwebsite.upevents.nl\/#organization"},"alternateName":"citygame.com","potentialAction":[{"@type":"SearchAction","target":{"@type":"EntryPoint","urlTemplate":"https:\/\/testwebsite.upevents.nl\/?s={search_term_string}"},"query-input":{"@type":"PropertyValueSpecification","valueRequired":true,"valueName":"search_term_string"}}],"inLanguage":"tr"},{"@type":["Organization","Place"],"@id":"https:\/\/testwebsite.upevents.nl\/#organization","name":"City Game","alternateName":"citygame.com","url":"https:\/\/testwebsite.upevents.nl\/","logo":{"@id":"https:\/\/testwebsite.citygame.com\/tr\/games\/bitola\/secrets-of-bitola\/#local-main-organization-logo"},"image":{"@id":"https:\/\/testwebsite.citygame.com\/tr\/games\/bitola\/secrets-of-bitola\/#local-main-organization-logo"},"sameAs":["https:\/\/www.facebook.com\/profile.php?id=100086426226253","https:\/\/www.instagram.com\/citygame_com","https:\/\/www.tiktok.com\/@citygamecom\/","https:\/\/www.linkedin.com\/company\/citygame-com"],"description":"Turn any city into a playground with our interactive City Games and self-guided tours. Fun, flexible, and ideal for groups and team building.","telephone":[],"openingHoursSpecification":[{"@type":"OpeningHoursSpecification","dayOfWeek":["Monday","Tuesday","Wednesday","Thursday","Friday","Saturday","Sunday"],"opens":"09:00","closes":"17:00"}]},{"@type":"ImageObject","inLanguage":"tr","@id":"https:\/\/testwebsite.citygame.com\/tr\/games\/bitola\/secrets-of-bitola\/#local-main-organization-logo","url":"https:\/\/testwebsite.citygame.com\/wp-content\/blogs.dir\/1\/files\/sites\/62\/2025\/10\/CG_LOGO-City-Game.png","contentUrl":"https:\/\/testwebsite.citygame.com\/wp-content\/blogs.dir\/1\/files\/sites\/62\/2025\/10\/CG_LOGO-City-Game.png","width":351,"height":377,"caption":"City Game"}]}},"taxonomy_info":{"game-concept":[{"value":732,"label":"Secrets"}],"location":[{"value":614,"label":"Bitola"}],"product_cat":[{"value":27,"label":"Geen categorie"}]},"featured_image_src_large":["https:\/\/testwebsite.citygame.com\/wp-content\/blogs.dir\/1\/files\/sites\/62\/2026\/02\/bitola-group-of-friends-playing-city-game-on-street.jpg",1024,1024,false],"author_info":[],"comment_info":"","_links":{"self":[{"href":"https:\/\/testwebsite.citygame.com\/tr\/wp-json\/wp\/v2\/product\/53653","targetHints":{"allow":["GET"]}}],"collection":[{"href":"https:\/\/testwebsite.citygame.com\/tr\/wp-json\/wp\/v2\/product"}],"about":[{"href":"https:\/\/testwebsite.citygame.com\/tr\/wp-json\/wp\/v2\/types\/product"}],"acf:post":[{"embeddable":true,"href":"https:\/\/testwebsite.citygame.com\/tr\/wp-json\/wp\/v2\/pages\/15776"}],"wp:featuredmedia":[{"embeddable":true,"href":"https:\/\/testwebsite.citygame.com\/tr\/wp-json\/wp\/v2\/media\/16122"}],"wp:attachment":[{"href":"https:\/\/testwebsite.citygame.com\/tr\/wp-json\/wp\/v2\/media?parent=53653"}],"wp:term":[{"taxonomy":"game-concept","embeddable":true,"href":"https:\/\/testwebsite.citygame.com\/tr\/wp-json\/wp\/v2\/game-concept?post=53653"},{"taxonomy":"location","embeddable":true,"href":"https:\/\/testwebsite.citygame.com\/tr\/wp-json\/wp\/v2\/location?post=53653"},{"taxonomy":"product_brand","embeddable":true,"href":"https:\/\/testwebsite.citygame.com\/tr\/wp-json\/wp\/v2\/product_brand?post=53653"},{"taxonomy":"product_cat","embeddable":true,"href":"https:\/\/testwebsite.citygame.com\/tr\/wp-json\/wp\/v2\/product_cat?post=53653"},{"taxonomy":"product_tag","embeddable":true,"href":"https:\/\/testwebsite.citygame.com\/tr\/wp-json\/wp\/v2\/product_tag?post=53653"}],"curies":[{"name":"wp","href":"https:\/\/api.w.org\/{rel}","templated":true}]}}