{"id":45385,"date":"2026-01-27T14:59:59","date_gmt":"2026-01-27T14:59:59","guid":{"rendered":"https:\/\/testwebsite.citygame.com\/games\/unknown-location\/urun-379\/"},"modified":"2026-04-03T03:18:04","modified_gmt":"2026-04-03T03:18:04","slug":"urun-379","status":"publish","type":"product","link":"https:\/\/testwebsite.citygame.com\/tr\/games\/unknown-location\/urun-379\/","title":{"rendered":"\u00dcr\u00fcn"},"content":{"rendered":"","protected":false},"excerpt":{"rendered":"","protected":false},"featured_media":5134,"template":"","meta":{"_acf_changed":false,"_yoast_wpseo_focuskw":"Secrets of Almere","_yoast_wpseo_metadesc":"Secrets of Almere. Kendi kendine rehberli bir \u015eehir Oyunu oynay\u0131n ve bulmacalar, bilmeceler ve g\u00f6revlerle \u015fehri ke\u015ffedin. Kendi h\u0131z\u0131n\u0131zda oynay\u0131n ve bir yerel gibi ke\u015ffedin!","_kad_blocks_custom_css":"","_kad_blocks_head_custom_js":"","_kad_blocks_body_custom_js":"","_kad_blocks_footer_custom_js":"","ghostkit_customizer_options":"","ghostkit_custom_css":"","ghostkit_custom_js_head":"","ghostkit_custom_js_foot":"","ghostkit_typography":"","_kad_post_transparent":"","_kad_post_title":"","_kad_post_layout":"","_kad_post_sidebar_id":"","_kad_post_content_style":"","_kad_post_vertical_padding":"","_kad_post_feature":"","_kad_post_feature_position":"","_kad_post_header":false,"_kad_post_footer":false,"_kad_post_classname":"","_links_to":"","_links_to_target":""},"game-concept":[36],"location":[],"product_brand":[],"product_cat":[27],"product_tag":[],"class_list":{"0":"post-45385","1":"product","2":"type-product","3":"status-publish","4":"has-post-thumbnail","6":"game-concept-secrets","7":"product_cat-geen-categorie","9":"first","10":"instock","11":"shipping-taxable","12":"purchasable","13":"product-type-simple","14":"entry","15":"content-bg","16":"loop-entry"},"acf":{"full_bokun_product_name":"Self-Guided Secrets of Almere Exploration Game","location_name":"Almere","bokun_calendar_widget_code":"<script type=\"text\/javascript\" src=\"https:\/\/widgets.bokun.io\/assets\/javascripts\/apps\/build\/BokunWidgetsLoader.js?bookingChannelUUID=a1e93e96-5232-4734-a595-28405f4b5a31\" async><\/script>\n     \n    <div class=\"bokunWidget\" data-src=\"https:\/\/widgets.bokun.io\/online-sales\/a1e93e96-5232-4734-a595-28405f4b5a31\/experience-calendar\/844619\"><\/div>\n    <noscript>Please enable javascript in your browser to book<\/noscript>","bokun_button_widget_code":"<script type=\"text\/javascript\" src=\"https:\/\/widgets.bokun.io\/assets\/javascripts\/apps\/build\/BokunWidgetsLoader.js?bookingChannelUUID=a1e93e96-5232-4734-a595-28405f4b5a31\" async><\/script>\n      <style> #bokun_ed001e45_5927_4f62_b470_ca766338d083 { display: inline-block; padding: .4em 1em; background: #47b82e; border-radius: 999999px; box-shadow: none; font-weight: 600; font-size: 24px; text-decoration: none; text-align: center; color: #FFFFFF; border:none; cursor: pointer; transition: background .2s ease; } #bokun_ed001e45_5927_4f62_b470_ca766338d083:hover{ background: #2f7b1f; } #bokun_ed001e45_5927_4f62_b470_ca766338d083:active{ background: #378f24; } <\/style> <button class=\"bokunButton\" disabled id=bokun_ed001e45_5927_4f62_b470_ca766338d083 data-src=\"https:\/\/widgets.bokun.io\/online-sales\/a1e93e96-5232-4734-a595-28405f4b5a31\/experience-calendar\/844619?partialView=1\" data-testid=\"widget-book-button\" > Book now <\/button> ","what_you\u2019ll_experience_during_the_game":"Secrets of Almere City Game, kentsel ke\u015fif ve s\u00fcr\u00fckleyici hikaye anlat\u0131m\u0131n\u0131n bir kar\u0131\u015f\u0131m\u0131n\u0131 sunar. Parkuru takip ederken, The Wave'in \u00e7arp\u0131c\u0131 mimarisi, \u00f6zenle tasarlanm\u0131\u015f Kunstlinie tiyatrosu ve Lumi\u00e8repark'\u0131n davetkar ye\u015fil alanlar\u0131 gibi Almere'deki \u00f6nemli noktalara y\u00f6nlendirileceksiniz. Deneyim, geni\u015f sahil manzaralar\u0131 ve modern \u015fehir manzaralar\u0131 aras\u0131nda hareket ederek hem iyi bilinen noktalar\u0131 hem de aksi takdirde ka\u00e7\u0131rabilece\u011finiz yerleri ortaya \u00e7\u0131kar\u0131r. Yol boyunca, Almere'nin atmosferi oyunun hikaye unsurlar\u0131 ve interaktif ke\u015fif yoluyla canlan\u0131r.\n\nCity Game boyunca, bilmeceleri \u00e7\u00f6zmek, zekice sorular\u0131 yan\u0131tlamak ve yarat\u0131c\u0131 foto\u011fraf g\u00f6revlerini tamamlamak gibi \u00e7e\u015fitli zorluklarla kar\u015f\u0131la\u015facaks\u0131n\u0131z. Bu interaktif anlar, puan kazanman\u0131za, ipu\u00e7lar\u0131n\u0131 a\u00e7man\u0131za ve nihai bir \u015fehir gizemini \u00e7\u00f6zmeye yakla\u015fman\u0131za yard\u0131mc\u0131 olur. Oyun esnektir, bu nedenle istedi\u011finiz zaman duraklayabilir ve Almere'yi kendi h\u0131z\u0131n\u0131zda ke\u015ffetmeye devam edebilirsiniz. Rekabet\u00e7i hissedenler i\u00e7in tak\u0131mlar halinde oynamak ve liderlik tablosunda en \u00fcst s\u0131ray\u0131 hedeflemek de m\u00fcmk\u00fcnd\u00fcr.","how_to_play":"Ke\u015fif Oyununu rezerve edin, size g\u00f6nderdi\u011fimiz basit talimatlar\u0131 i\u00e7eren e-postay\u0131 kontrol edin, Loquiz Uygulamas\u0131n\u0131 indirin, Ke\u015fif Oyununa eri\u015fin ve oyun deneyiminize ba\u015flamaya haz\u0131rs\u0131n\u0131z!","start_location":"Almere, Stadspark Stadhuispromenade","available_languages":["en"],"players_per_group":"1-4","duration":"1.5-2 hours","image_overlay_color_image":"https:\/\/testwebsite.citygame.com\/wp-content\/blogs.dir\/1\/files\/sites\/62\/2026\/01\/SecretsColor.svg","image_overlay_game_logo":"https:\/\/testwebsite.citygame.com\/wp-content\/blogs.dir\/1\/files\/sites\/62\/2026\/01\/SecretsLogo.png","city_page":4793,"woocommerce_general_content":null,"the_story":"","name_main_character":"","photo_main_character":null,"loquiz_or_kokimoki":"Loquiz"},"yoast_head":"<!-- This site is optimized with the Yoast SEO Premium plugin v26.2 (Yoast SEO v26.3) - https:\/\/yoast.com\/wordpress\/plugins\/seo\/ -->\n<title>\u00dcr\u00fcn - City Game<\/title>\n<meta name=\"description\" content=\"Secrets of Almere. Kendi kendine rehberli bir \u015eehir Oyunu oynay\u0131n ve bulmacalar, bilmeceler ve g\u00f6revlerle \u015fehri ke\u015ffedin. Kendi h\u0131z\u0131n\u0131zda oynay\u0131n ve bir yerel gibi ke\u015ffedin!\" \/>\n<meta name=\"robots\" content=\"noindex, follow, max-snippet:-1, max-image-preview:large, max-video-preview:-1\" \/>\n<meta property=\"og:locale\" content=\"tr_TR\" \/>\n<meta property=\"og:type\" content=\"article\" \/>\n<meta property=\"og:title\" content=\"\u00dcr\u00fcn\" \/>\n<meta property=\"og:description\" content=\"Secrets of Almere. Kendi kendine rehberli bir \u015eehir Oyunu oynay\u0131n ve bulmacalar, bilmeceler ve g\u00f6revlerle \u015fehri ke\u015ffedin. Kendi h\u0131z\u0131n\u0131zda oynay\u0131n ve bir yerel gibi ke\u015ffedin!\" \/>\n<meta property=\"og:url\" content=\"https:\/\/testwebsite.citygame.com\/tr\/games\/unknown-location\/urun-379\/\" \/>\n<meta property=\"og:site_name\" content=\"City Game\" \/>\n<meta property=\"article:publisher\" content=\"https:\/\/www.facebook.com\/profile.php?id=100086426226253\" \/>\n<meta property=\"article:modified_time\" content=\"2026-04-03T03:18:04+00:00\" \/>\n<meta property=\"og:image\" content=\"https:\/\/testwebsite.citygame.com\/wp-content\/blogs.dir\/1\/files\/sites\/62\/2026\/01\/man-playing-city-game-almere-siren-mural.jpg\" \/>\n\t<meta property=\"og:image:width\" content=\"1184\" \/>\n\t<meta property=\"og:image:height\" content=\"864\" \/>\n\t<meta property=\"og:image:type\" content=\"image\/jpeg\" \/>\n<meta name=\"twitter:card\" content=\"summary_large_image\" \/>\n<script type=\"application\/ld+json\" class=\"yoast-schema-graph\">{\"@context\":\"https:\/\/schema.org\",\"@graph\":[{\"@type\":\"WebPage\",\"@id\":\"https:\/\/testwebsite.citygame.com\/tr\/games\/unknown-location\/urun-379\/\",\"url\":\"https:\/\/testwebsite.citygame.com\/tr\/games\/unknown-location\/urun-379\/\",\"name\":\"\u00dcr\u00fcn - City Game\",\"isPartOf\":{\"@id\":\"https:\/\/testwebsite.upevents.nl\/#website\"},\"primaryImageOfPage\":{\"@id\":\"https:\/\/testwebsite.citygame.com\/tr\/games\/unknown-location\/urun-379\/#primaryimage\"},\"image\":{\"@id\":\"https:\/\/testwebsite.citygame.com\/tr\/games\/unknown-location\/urun-379\/#primaryimage\"},\"thumbnailUrl\":\"https:\/\/testwebsite.citygame.com\/wp-content\/blogs.dir\/1\/files\/sites\/62\/2026\/01\/man-playing-city-game-almere-siren-mural.jpg\",\"datePublished\":\"2026-01-27T14:59:59+00:00\",\"dateModified\":\"2026-04-03T03:18:04+00:00\",\"description\":\"Secrets of Almere. Kendi kendine rehberli bir \u015eehir Oyunu oynay\u0131n ve bulmacalar, bilmeceler ve g\u00f6revlerle \u015fehri ke\u015ffedin. Kendi h\u0131z\u0131n\u0131zda oynay\u0131n ve bir yerel gibi ke\u015ffedin!\",\"breadcrumb\":{\"@id\":\"https:\/\/testwebsite.citygame.com\/tr\/games\/unknown-location\/urun-379\/#breadcrumb\"},\"inLanguage\":\"tr\",\"potentialAction\":[{\"@type\":\"ReadAction\",\"target\":[\"https:\/\/testwebsite.citygame.com\/tr\/games\/unknown-location\/urun-379\/\"]}]},{\"@type\":\"ImageObject\",\"inLanguage\":\"tr\",\"@id\":\"https:\/\/testwebsite.citygame.com\/tr\/games\/unknown-location\/urun-379\/#primaryimage\",\"url\":\"https:\/\/testwebsite.citygame.com\/wp-content\/blogs.dir\/1\/files\/sites\/62\/2026\/01\/man-playing-city-game-almere-siren-mural.jpg\",\"contentUrl\":\"https:\/\/testwebsite.citygame.com\/wp-content\/blogs.dir\/1\/files\/sites\/62\/2026\/01\/man-playing-city-game-almere-siren-mural.jpg\",\"width\":1184,\"height\":864,\"caption\":\"A young man interacts with a city game in front of a vibrant street art mural in Almere.\"},{\"@type\":\"BreadcrumbList\",\"@id\":\"https:\/\/testwebsite.citygame.com\/tr\/games\/unknown-location\/urun-379\/#breadcrumb\",\"itemListElement\":[{\"@type\":\"ListItem\",\"position\":1,\"name\":\"Home\",\"item\":\"https:\/\/testwebsite.citygame.com\/tr\/\"},{\"@type\":\"ListItem\",\"position\":2,\"name\":\"Shop\",\"item\":\"https:\/\/testwebsite.citygame.com\/shop\/\"},{\"@type\":\"ListItem\",\"position\":3,\"name\":\"\u00dcr\u00fcn\"}]},{\"@type\":\"WebSite\",\"@id\":\"https:\/\/testwebsite.upevents.nl\/#website\",\"url\":\"https:\/\/testwebsite.upevents.nl\/\",\"name\":\"City Game\",\"description\":\"\",\"publisher\":{\"@id\":\"https:\/\/testwebsite.upevents.nl\/#organization\"},\"alternateName\":\"citygame.com\",\"potentialAction\":[{\"@type\":\"SearchAction\",\"target\":{\"@type\":\"EntryPoint\",\"urlTemplate\":\"https:\/\/testwebsite.upevents.nl\/?s={search_term_string}\"},\"query-input\":{\"@type\":\"PropertyValueSpecification\",\"valueRequired\":true,\"valueName\":\"search_term_string\"}}],\"inLanguage\":\"tr\"},{\"@type\":[\"Organization\",\"Place\"],\"@id\":\"https:\/\/testwebsite.upevents.nl\/#organization\",\"name\":\"City Game\",\"alternateName\":\"citygame.com\",\"url\":\"https:\/\/testwebsite.upevents.nl\/\",\"logo\":{\"@id\":\"https:\/\/testwebsite.citygame.com\/tr\/games\/unknown-location\/urun-379\/#local-main-organization-logo\"},\"image\":{\"@id\":\"https:\/\/testwebsite.citygame.com\/tr\/games\/unknown-location\/urun-379\/#local-main-organization-logo\"},\"sameAs\":[\"https:\/\/www.facebook.com\/profile.php?id=100086426226253\",\"https:\/\/www.instagram.com\/citygame_com\",\"https:\/\/www.tiktok.com\/@citygamecom\/\",\"https:\/\/www.linkedin.com\/company\/citygame-com\"],\"description\":\"Turn any city into a playground with our interactive City Games and self-guided tours. Fun, flexible, and ideal for groups and team building.\",\"telephone\":[],\"openingHoursSpecification\":[{\"@type\":\"OpeningHoursSpecification\",\"dayOfWeek\":[\"Monday\",\"Tuesday\",\"Wednesday\",\"Thursday\",\"Friday\",\"Saturday\",\"Sunday\"],\"opens\":\"09:00\",\"closes\":\"17:00\"}]},{\"@type\":\"ImageObject\",\"inLanguage\":\"tr\",\"@id\":\"https:\/\/testwebsite.citygame.com\/tr\/games\/unknown-location\/urun-379\/#local-main-organization-logo\",\"url\":\"https:\/\/testwebsite.citygame.com\/wp-content\/blogs.dir\/1\/files\/sites\/62\/2025\/10\/CG_LOGO-City-Game.png\",\"contentUrl\":\"https:\/\/testwebsite.citygame.com\/wp-content\/blogs.dir\/1\/files\/sites\/62\/2025\/10\/CG_LOGO-City-Game.png\",\"width\":351,\"height\":377,\"caption\":\"City Game\"}]}<\/script>\n<!-- \/ Yoast SEO Premium plugin. -->","yoast_head_json":{"title":"\u00dcr\u00fcn - City Game","description":"Secrets of Almere. Kendi kendine rehberli bir \u015eehir Oyunu oynay\u0131n ve bulmacalar, bilmeceler ve g\u00f6revlerle \u015fehri ke\u015ffedin. Kendi h\u0131z\u0131n\u0131zda oynay\u0131n ve bir yerel gibi ke\u015ffedin!","robots":{"index":"noindex","follow":"follow","max-snippet":"max-snippet:-1","max-image-preview":"max-image-preview:large","max-video-preview":"max-video-preview:-1"},"og_locale":"tr_TR","og_type":"article","og_title":"\u00dcr\u00fcn","og_description":"Secrets of Almere. Kendi kendine rehberli bir \u015eehir Oyunu oynay\u0131n ve bulmacalar, bilmeceler ve g\u00f6revlerle \u015fehri ke\u015ffedin. Kendi h\u0131z\u0131n\u0131zda oynay\u0131n ve bir yerel gibi ke\u015ffedin!","og_url":"https:\/\/testwebsite.citygame.com\/tr\/games\/unknown-location\/urun-379\/","og_site_name":"City Game","article_publisher":"https:\/\/www.facebook.com\/profile.php?id=100086426226253","article_modified_time":"2026-04-03T03:18:04+00:00","og_image":[{"width":1184,"height":864,"url":"https:\/\/testwebsite.citygame.com\/wp-content\/blogs.dir\/1\/files\/sites\/62\/2026\/01\/man-playing-city-game-almere-siren-mural.jpg","type":"image\/jpeg"}],"twitter_card":"summary_large_image","schema":{"@context":"https:\/\/schema.org","@graph":[{"@type":"WebPage","@id":"https:\/\/testwebsite.citygame.com\/tr\/games\/unknown-location\/urun-379\/","url":"https:\/\/testwebsite.citygame.com\/tr\/games\/unknown-location\/urun-379\/","name":"\u00dcr\u00fcn - City Game","isPartOf":{"@id":"https:\/\/testwebsite.upevents.nl\/#website"},"primaryImageOfPage":{"@id":"https:\/\/testwebsite.citygame.com\/tr\/games\/unknown-location\/urun-379\/#primaryimage"},"image":{"@id":"https:\/\/testwebsite.citygame.com\/tr\/games\/unknown-location\/urun-379\/#primaryimage"},"thumbnailUrl":"https:\/\/testwebsite.citygame.com\/wp-content\/blogs.dir\/1\/files\/sites\/62\/2026\/01\/man-playing-city-game-almere-siren-mural.jpg","datePublished":"2026-01-27T14:59:59+00:00","dateModified":"2026-04-03T03:18:04+00:00","description":"Secrets of Almere. Kendi kendine rehberli bir \u015eehir Oyunu oynay\u0131n ve bulmacalar, bilmeceler ve g\u00f6revlerle \u015fehri ke\u015ffedin. Kendi h\u0131z\u0131n\u0131zda oynay\u0131n ve bir yerel gibi ke\u015ffedin!","breadcrumb":{"@id":"https:\/\/testwebsite.citygame.com\/tr\/games\/unknown-location\/urun-379\/#breadcrumb"},"inLanguage":"tr","potentialAction":[{"@type":"ReadAction","target":["https:\/\/testwebsite.citygame.com\/tr\/games\/unknown-location\/urun-379\/"]}]},{"@type":"ImageObject","inLanguage":"tr","@id":"https:\/\/testwebsite.citygame.com\/tr\/games\/unknown-location\/urun-379\/#primaryimage","url":"https:\/\/testwebsite.citygame.com\/wp-content\/blogs.dir\/1\/files\/sites\/62\/2026\/01\/man-playing-city-game-almere-siren-mural.jpg","contentUrl":"https:\/\/testwebsite.citygame.com\/wp-content\/blogs.dir\/1\/files\/sites\/62\/2026\/01\/man-playing-city-game-almere-siren-mural.jpg","width":1184,"height":864,"caption":"A young man interacts with a city game in front of a vibrant street art mural in Almere."},{"@type":"BreadcrumbList","@id":"https:\/\/testwebsite.citygame.com\/tr\/games\/unknown-location\/urun-379\/#breadcrumb","itemListElement":[{"@type":"ListItem","position":1,"name":"Home","item":"https:\/\/testwebsite.citygame.com\/tr\/"},{"@type":"ListItem","position":2,"name":"Shop","item":"https:\/\/testwebsite.citygame.com\/shop\/"},{"@type":"ListItem","position":3,"name":"\u00dcr\u00fcn"}]},{"@type":"WebSite","@id":"https:\/\/testwebsite.upevents.nl\/#website","url":"https:\/\/testwebsite.upevents.nl\/","name":"City Game","description":"","publisher":{"@id":"https:\/\/testwebsite.upevents.nl\/#organization"},"alternateName":"citygame.com","potentialAction":[{"@type":"SearchAction","target":{"@type":"EntryPoint","urlTemplate":"https:\/\/testwebsite.upevents.nl\/?s={search_term_string}"},"query-input":{"@type":"PropertyValueSpecification","valueRequired":true,"valueName":"search_term_string"}}],"inLanguage":"tr"},{"@type":["Organization","Place"],"@id":"https:\/\/testwebsite.upevents.nl\/#organization","name":"City Game","alternateName":"citygame.com","url":"https:\/\/testwebsite.upevents.nl\/","logo":{"@id":"https:\/\/testwebsite.citygame.com\/tr\/games\/unknown-location\/urun-379\/#local-main-organization-logo"},"image":{"@id":"https:\/\/testwebsite.citygame.com\/tr\/games\/unknown-location\/urun-379\/#local-main-organization-logo"},"sameAs":["https:\/\/www.facebook.com\/profile.php?id=100086426226253","https:\/\/www.instagram.com\/citygame_com","https:\/\/www.tiktok.com\/@citygamecom\/","https:\/\/www.linkedin.com\/company\/citygame-com"],"description":"Turn any city into a playground with our interactive City Games and self-guided tours. Fun, flexible, and ideal for groups and team building.","telephone":[],"openingHoursSpecification":[{"@type":"OpeningHoursSpecification","dayOfWeek":["Monday","Tuesday","Wednesday","Thursday","Friday","Saturday","Sunday"],"opens":"09:00","closes":"17:00"}]},{"@type":"ImageObject","inLanguage":"tr","@id":"https:\/\/testwebsite.citygame.com\/tr\/games\/unknown-location\/urun-379\/#local-main-organization-logo","url":"https:\/\/testwebsite.citygame.com\/wp-content\/blogs.dir\/1\/files\/sites\/62\/2025\/10\/CG_LOGO-City-Game.png","contentUrl":"https:\/\/testwebsite.citygame.com\/wp-content\/blogs.dir\/1\/files\/sites\/62\/2025\/10\/CG_LOGO-City-Game.png","width":351,"height":377,"caption":"City Game"}]}},"taxonomy_info":{"game-concept":[{"value":36,"label":"Secrets"}],"product_cat":[{"value":27,"label":"Geen categorie"}]},"featured_image_src_large":["https:\/\/testwebsite.citygame.com\/wp-content\/blogs.dir\/1\/files\/sites\/62\/2026\/01\/man-playing-city-game-almere-siren-mural-1024x747.jpg",1024,747,true],"author_info":[],"comment_info":"","_links":{"self":[{"href":"https:\/\/testwebsite.citygame.com\/tr\/wp-json\/wp\/v2\/product\/45385","targetHints":{"allow":["GET"]}}],"collection":[{"href":"https:\/\/testwebsite.citygame.com\/tr\/wp-json\/wp\/v2\/product"}],"about":[{"href":"https:\/\/testwebsite.citygame.com\/tr\/wp-json\/wp\/v2\/types\/product"}],"acf:post":[{"embeddable":true,"href":"https:\/\/testwebsite.citygame.com\/tr\/wp-json\/wp\/v2\/pages\/4793"}],"wp:featuredmedia":[{"embeddable":true,"href":"https:\/\/testwebsite.citygame.com\/tr\/wp-json\/wp\/v2\/media\/5134"}],"wp:attachment":[{"href":"https:\/\/testwebsite.citygame.com\/tr\/wp-json\/wp\/v2\/media?parent=45385"}],"wp:term":[{"taxonomy":"game-concept","embeddable":true,"href":"https:\/\/testwebsite.citygame.com\/tr\/wp-json\/wp\/v2\/game-concept?post=45385"},{"taxonomy":"location","embeddable":true,"href":"https:\/\/testwebsite.citygame.com\/tr\/wp-json\/wp\/v2\/location?post=45385"},{"taxonomy":"product_brand","embeddable":true,"href":"https:\/\/testwebsite.citygame.com\/tr\/wp-json\/wp\/v2\/product_brand?post=45385"},{"taxonomy":"product_cat","embeddable":true,"href":"https:\/\/testwebsite.citygame.com\/tr\/wp-json\/wp\/v2\/product_cat?post=45385"},{"taxonomy":"product_tag","embeddable":true,"href":"https:\/\/testwebsite.citygame.com\/tr\/wp-json\/wp\/v2\/product_tag?post=45385"}],"curies":[{"name":"wp","href":"https:\/\/api.w.org\/{rel}","templated":true}]}}