{"id":41775,"date":"2026-01-13T09:41:41","date_gmt":"2026-01-13T09:41:41","guid":{"rendered":"https:\/\/testwebsite.citygame.com\/games\/unknown-location\/urun-339\/"},"modified":"2026-04-02T16:47:22","modified_gmt":"2026-04-02T16:47:22","slug":"urun-339","status":"publish","type":"product","link":"https:\/\/testwebsite.citygame.com\/tr\/games\/unknown-location\/urun-339\/","title":{"rendered":"\u00dcr\u00fcn"},"content":{"rendered":"","protected":false},"excerpt":{"rendered":"","protected":false},"featured_media":3537,"template":"","meta":{"_acf_changed":false,"_yoast_wpseo_focuskw":"Secrets of Bydgoszcz","_yoast_wpseo_metadesc":"Secrets of Bydgoszcz. Kendi kendine rehberli bir \u015eehir Oyunu oynay\u0131n ve bulmacalar, bilmeceler ve g\u00f6revler arac\u0131l\u0131\u011f\u0131yla \u015fehri ke\u015ffedin. Kendi h\u0131z\u0131n\u0131zda oynay\u0131n ve yerel biri gibi ke\u015ffedin!","_kad_blocks_custom_css":"","_kad_blocks_head_custom_js":"","_kad_blocks_body_custom_js":"","_kad_blocks_footer_custom_js":"","ghostkit_customizer_options":"","ghostkit_custom_css":"","ghostkit_custom_js_head":"","ghostkit_custom_js_foot":"","ghostkit_typography":"","_kad_post_transparent":"default","_kad_post_title":"","_kad_post_layout":"default","_kad_post_sidebar_id":"","_kad_post_content_style":"default","_kad_post_vertical_padding":"default","_kad_post_feature":"","_kad_post_feature_position":"","_kad_post_header":false,"_kad_post_footer":false,"_kad_post_classname":"","_links_to":"","_links_to_target":""},"game-concept":[36],"location":[],"product_brand":[],"product_cat":[27],"product_tag":[],"class_list":{"0":"post-41775","1":"product","2":"type-product","3":"status-publish","4":"has-post-thumbnail","6":"game-concept-secrets","7":"product_cat-geen-categorie","9":"first","10":"instock","11":"shipping-taxable","12":"purchasable","13":"product-type-simple","14":"entry","15":"content-bg","16":"loop-entry"},"acf":{"full_bokun_product_name":"Self-Guided Secrets of Bydgoszcz Exploration Game","location_name":"Bydgoszcz","bokun_calendar_widget_code":"<script type=\"text\/javascript\" src=\"https:\/\/widgets.bokun.io\/assets\/javascripts\/apps\/build\/BokunWidgetsLoader.js?bookingChannelUUID=a1e93e96-5232-4734-a595-28405f4b5a31\" async><\/script>\n     \n    <div class=\"bokunWidget\" data-src=\"https:\/\/widgets.bokun.io\/online-sales\/a1e93e96-5232-4734-a595-28405f4b5a31\/experience-calendar\/1102379\"><\/div>\n    <noscript>Please enable javascript in your browser to book<\/noscript>","bokun_button_widget_code":"<script type=\"text\/javascript\" src=\"https:\/\/widgets.bokun.io\/assets\/javascripts\/apps\/build\/BokunWidgetsLoader.js?bookingChannelUUID=a1e93e96-5232-4734-a595-28405f4b5a31\" async><\/script>\n      <style> #bokun_ed001e45_5927_4f62_b470_ca766338d083 { display: inline-block; padding: .4em 1em; background: #47b82e; border-radius: 999999px; box-shadow: none; font-weight: 600; font-size: 24px; text-decoration: none; text-align: center; color: #FFFFFF; border:none; cursor: pointer; transition: background .2s ease; } #bokun_ed001e45_5927_4f62_b470_ca766338d083:hover{ background: #2f7b1f; } #bokun_ed001e45_5927_4f62_b470_ca766338d083:active{ background: #378f24; } <\/style> <button class=\"bokunButton\" disabled id=bokun_ed001e45_5927_4f62_b470_ca766338d083 data-src=\"https:\/\/widgets.bokun.io\/online-sales\/a1e93e96-5232-4734-a595-28405f4b5a31\/experience-calendar\/1102379?partialView=1\" data-testid=\"widget-book-button\" > Book now <\/button> ","what_you\u2019ll_experience_during_the_game":"Secrets of Bydgoszcz City Game s\u0131ras\u0131nda, hikaye anlat\u0131m\u0131 ve etkile\u015fimli ke\u015ffin birle\u015fimiyle \u015fehri gezeceksiniz. S\u00fcr\u00fckleyici bir anlat\u0131 e\u015fli\u011finde, oyun sizi hem sevilen simge yap\u0131lar\u0131 hem de \u015fehrin daha sakin k\u00f6\u015feleriyle tan\u0131\u015ft\u0131racak. Hareketli Stary Rynek, Mill Island'\u0131n nehir kenar\u0131ndaki \u00e7ekicili\u011fi ve d\u00fc\u015f\u00fcnd\u00fcr\u00fcc\u00fc Pomnik Pomordowanych Bydgoskich Adwokat\u00f3w gibi yerlerle kar\u015f\u0131la\u015facaks\u0131n\u0131z. Yol boyunca, Wenecja Bydgoska gibi benzersiz noktalar ve Graffiti na Bulwarach'taki renkli sokak sanat\u0131 duvar\u0131ndan ge\u00e7erek, ilerledik\u00e7e yerel karakteri ke\u015ffedeceksiniz.\r\n\r\nBydgoszcz'da ilerlerken, her bir konumu canland\u0131ran \u00e7e\u015fitli bulmacalar\u0131, bilmeceleri ve yarat\u0131c\u0131 foto\u011fraf g\u00f6revlerini \u00e7\u00f6zeceksiniz. Do\u011fru cevaplar size puan kazand\u0131racak, faydal\u0131 ipu\u00e7lar\u0131n\u0131n kilidini a\u00e7acak ve City Game'in kalbindeki son gizemi \u00e7\u00f6zmeye sizi yakla\u015ft\u0131racak. Ke\u015ffi istedi\u011finiz zaman duraklatabilir ve kendi h\u0131z\u0131n\u0131zda devam edebilirsiniz, bu da deneyimi g\u00fcn\u00fcn\u00fcze kolayca s\u0131\u011fd\u0131rman\u0131z\u0131 sa\u011flar. Rekabet\u00e7i ruhu olanlar i\u00e7in, tak\u0131m\u0131n\u0131zla y\u00fcksek puan alarak liderlik tablosunda y\u00fckselme \u015fans\u0131 var.","how_to_play":"Rezervasyon yapt\u0131ktan sonra, size do\u011frudan bir oynatma ba\u011flant\u0131s\u0131 i\u00e7eren bir e-posta g\u00f6nderilecektir. Ba\u015flang\u0131\u00e7 noktas\u0131 olan Muzeum Okr\u0119gowe im. Leona Wycz\u00f3\u0142kowskiego'ya gidin, telefonunuzdaki ba\u011flant\u0131y\u0131 a\u00e7\u0131n ve haz\u0131r oldu\u011funuzda maceran\u0131za ba\u015flay\u0131n. Oyun tamamen kendi h\u0131z\u0131n\u0131zda ilerler, bu y\u00fczden kahve molas\u0131 verebilir, ara sokaklar\u0131 ke\u015ffedebilir veya yolculu\u011funuza daha sonra devam edebilirsiniz.","start_location":"Bydgoszcz, Muzeum Okr\u0119gowe im. Leona Wycz\u00f3\u0142kowskiego","available_languages":"","players_per_group":"1-4","duration":"1.5-2 hours","image_overlay_color_image":"https:\/\/testwebsite.citygame.com\/wp-content\/blogs.dir\/1\/files\/sites\/62\/2026\/01\/SecretsColor.svg","image_overlay_game_logo":"https:\/\/testwebsite.citygame.com\/wp-content\/blogs.dir\/1\/files\/sites\/62\/2026\/01\/SecretsLogo.png","city_page":15917,"woocommerce_general_content":null,"the_story":"Bydgoszcz sokaklar\u0131 sessiz yank\u0131larla par\u0131ld\u0131yor, tramvaylar t\u0131k\u0131rd\u0131yor, nehir \u0131\u015f\u0131\u011f\u0131 k\u0131rm\u0131z\u0131 tu\u011flalarda dans ediyor ve eski \u015fehrin bir yerinde bir adam uyan\u0131yor. Ad\u0131 Ron Sulimak. Ya da en az\u0131ndan yeni hat\u0131rlad\u0131\u011f\u0131 \u015fey bu. Eskiden bir lamba yap\u0131mc\u0131s\u0131yd\u0131, \u015fehrin her titre\u015fen ampul\u00fcn\u00fc bilen t\u00fcrden. Ama \u015fimdi kay\u0131p... ve geriye kalan tek \u015fey, avucunda hafif\u00e7e parlayan sa\u011flam bir ampul.<br><br>Buras\u0131 Ron'un memleketi ama hi\u00e7bir \u015fey tam olarak do\u011fru gelmiyor. An\u0131lar k\u0131r\u0131k cam gibi par\u00e7alan\u0131yor. Yan\u0131nda y\u00fcr\u00fcrken, ara sokaklarda, kemerlerin alt\u0131nda, g\u00f6lgeli k\u00f6pr\u00fcler boyunca, Ron sadece kim oldu\u011funu de\u011fil, bu \u015fehrin bir zamanlar ne anlama geldi\u011fini de hat\u0131rlamaya ba\u015flar. Par\u00e7a par\u00e7a, Bydgoszcz'\u0131n gizli ge\u00e7mi\u015fini ortaya \u00e7\u0131karacak ve Ron'a ampul\u00fc ait oldu\u011fu yere geri g\u00f6t\u00fcrmesinde yard\u0131m edeceksiniz. D\u0131\u015far\u0131da bir yerlerde, son k\u0131v\u0131lc\u0131m\u0131n\u0131 bekleyen bir fener var.<br><br><strong>Ke\u015ffetmeye geldiniz. Hikayeyi kurtarmak i\u00e7in kald\u0131n\u0131z.<\/strong>","name_main_character":"Ron Sulimak","photo_main_character":41776,"loquiz_or_kokimoki":"Kokimoki"},"yoast_head":"<!-- This site is optimized with the Yoast SEO Premium plugin v26.2 (Yoast SEO v26.3) - https:\/\/yoast.com\/wordpress\/plugins\/seo\/ -->\n<title>\u00dcr\u00fcn - City Game<\/title>\n<meta name=\"description\" content=\"Secrets of Bydgoszcz. Kendi kendine rehberli bir \u015eehir Oyunu oynay\u0131n ve bulmacalar, bilmeceler ve g\u00f6revler arac\u0131l\u0131\u011f\u0131yla \u015fehri ke\u015ffedin. Kendi h\u0131z\u0131n\u0131zda oynay\u0131n ve yerel biri gibi ke\u015ffedin!\" \/>\n<meta name=\"robots\" content=\"noindex, follow, max-snippet:-1, max-image-preview:large, max-video-preview:-1\" \/>\n<meta property=\"og:locale\" content=\"tr_TR\" \/>\n<meta property=\"og:type\" content=\"article\" \/>\n<meta property=\"og:title\" content=\"\u00dcr\u00fcn\" \/>\n<meta property=\"og:description\" content=\"Secrets of Bydgoszcz. Kendi kendine rehberli bir \u015eehir Oyunu oynay\u0131n ve bulmacalar, bilmeceler ve g\u00f6revler arac\u0131l\u0131\u011f\u0131yla \u015fehri ke\u015ffedin. Kendi h\u0131z\u0131n\u0131zda oynay\u0131n ve yerel biri gibi ke\u015ffedin!\" \/>\n<meta property=\"og:url\" content=\"https:\/\/testwebsite.citygame.com\/tr\/games\/unknown-location\/urun-339\/\" \/>\n<meta property=\"og:site_name\" content=\"City Game\" \/>\n<meta property=\"article:publisher\" content=\"https:\/\/www.facebook.com\/profile.php?id=100086426226253\" \/>\n<meta property=\"article:modified_time\" content=\"2026-04-02T16:47:22+00:00\" \/>\n<meta property=\"og:image\" content=\"https:\/\/testwebsite.citygame.com\/wp-content\/blogs.dir\/1\/files\/sites\/62\/2026\/01\/bydgoszcz-opera-nova-city-game-player.jpg\" \/>\n\t<meta property=\"og:image:width\" content=\"864\" \/>\n\t<meta property=\"og:image:height\" content=\"1184\" \/>\n\t<meta property=\"og:image:type\" content=\"image\/jpeg\" \/>\n<meta name=\"twitter:card\" content=\"summary_large_image\" \/>\n<script type=\"application\/ld+json\" class=\"yoast-schema-graph\">{\"@context\":\"https:\/\/schema.org\",\"@graph\":[{\"@type\":\"WebPage\",\"@id\":\"https:\/\/testwebsite.citygame.com\/tr\/games\/unknown-location\/urun-339\/\",\"url\":\"https:\/\/testwebsite.citygame.com\/tr\/games\/unknown-location\/urun-339\/\",\"name\":\"\u00dcr\u00fcn - City Game\",\"isPartOf\":{\"@id\":\"https:\/\/testwebsite.upevents.nl\/#website\"},\"primaryImageOfPage\":{\"@id\":\"https:\/\/testwebsite.citygame.com\/tr\/games\/unknown-location\/urun-339\/#primaryimage\"},\"image\":{\"@id\":\"https:\/\/testwebsite.citygame.com\/tr\/games\/unknown-location\/urun-339\/#primaryimage\"},\"thumbnailUrl\":\"https:\/\/testwebsite.citygame.com\/wp-content\/blogs.dir\/1\/files\/sites\/62\/2026\/01\/bydgoszcz-opera-nova-city-game-player.jpg\",\"datePublished\":\"2026-01-13T09:41:41+00:00\",\"dateModified\":\"2026-04-02T16:47:22+00:00\",\"description\":\"Secrets of Bydgoszcz. Kendi kendine rehberli bir \u015eehir Oyunu oynay\u0131n ve bulmacalar, bilmeceler ve g\u00f6revler arac\u0131l\u0131\u011f\u0131yla \u015fehri ke\u015ffedin. Kendi h\u0131z\u0131n\u0131zda oynay\u0131n ve yerel biri gibi ke\u015ffedin!\",\"breadcrumb\":{\"@id\":\"https:\/\/testwebsite.citygame.com\/tr\/games\/unknown-location\/urun-339\/#breadcrumb\"},\"inLanguage\":\"tr\",\"potentialAction\":[{\"@type\":\"ReadAction\",\"target\":[\"https:\/\/testwebsite.citygame.com\/tr\/games\/unknown-location\/urun-339\/\"]}]},{\"@type\":\"ImageObject\",\"inLanguage\":\"tr\",\"@id\":\"https:\/\/testwebsite.citygame.com\/tr\/games\/unknown-location\/urun-339\/#primaryimage\",\"url\":\"https:\/\/testwebsite.citygame.com\/wp-content\/blogs.dir\/1\/files\/sites\/62\/2026\/01\/bydgoszcz-opera-nova-city-game-player.jpg\",\"contentUrl\":\"https:\/\/testwebsite.citygame.com\/wp-content\/blogs.dir\/1\/files\/sites\/62\/2026\/01\/bydgoszcz-opera-nova-city-game-player.jpg\",\"width\":864,\"height\":1184,\"caption\":\"A player solves a challenge on her smartphone with the Opera Nova building in Bydgoszcz.\"},{\"@type\":\"BreadcrumbList\",\"@id\":\"https:\/\/testwebsite.citygame.com\/tr\/games\/unknown-location\/urun-339\/#breadcrumb\",\"itemListElement\":[{\"@type\":\"ListItem\",\"position\":1,\"name\":\"Home\",\"item\":\"https:\/\/testwebsite.citygame.com\/tr\/\"},{\"@type\":\"ListItem\",\"position\":2,\"name\":\"Shop\",\"item\":\"https:\/\/testwebsite.citygame.com\/shop\/\"},{\"@type\":\"ListItem\",\"position\":3,\"name\":\"\u00dcr\u00fcn\"}]},{\"@type\":\"WebSite\",\"@id\":\"https:\/\/testwebsite.upevents.nl\/#website\",\"url\":\"https:\/\/testwebsite.upevents.nl\/\",\"name\":\"City Game\",\"description\":\"\",\"publisher\":{\"@id\":\"https:\/\/testwebsite.upevents.nl\/#organization\"},\"alternateName\":\"citygame.com\",\"potentialAction\":[{\"@type\":\"SearchAction\",\"target\":{\"@type\":\"EntryPoint\",\"urlTemplate\":\"https:\/\/testwebsite.upevents.nl\/?s={search_term_string}\"},\"query-input\":{\"@type\":\"PropertyValueSpecification\",\"valueRequired\":true,\"valueName\":\"search_term_string\"}}],\"inLanguage\":\"tr\"},{\"@type\":[\"Organization\",\"Place\"],\"@id\":\"https:\/\/testwebsite.upevents.nl\/#organization\",\"name\":\"City Game\",\"alternateName\":\"citygame.com\",\"url\":\"https:\/\/testwebsite.upevents.nl\/\",\"logo\":{\"@id\":\"https:\/\/testwebsite.citygame.com\/tr\/games\/unknown-location\/urun-339\/#local-main-organization-logo\"},\"image\":{\"@id\":\"https:\/\/testwebsite.citygame.com\/tr\/games\/unknown-location\/urun-339\/#local-main-organization-logo\"},\"sameAs\":[\"https:\/\/www.facebook.com\/profile.php?id=100086426226253\",\"https:\/\/www.instagram.com\/citygame_com\",\"https:\/\/www.tiktok.com\/@citygamecom\/\",\"https:\/\/www.linkedin.com\/company\/citygame-com\"],\"description\":\"Turn any city into a playground with our interactive City Games and self-guided tours. Fun, flexible, and ideal for groups and team building.\",\"telephone\":[],\"openingHoursSpecification\":[{\"@type\":\"OpeningHoursSpecification\",\"dayOfWeek\":[\"Monday\",\"Tuesday\",\"Wednesday\",\"Thursday\",\"Friday\",\"Saturday\",\"Sunday\"],\"opens\":\"09:00\",\"closes\":\"17:00\"}]},{\"@type\":\"ImageObject\",\"inLanguage\":\"tr\",\"@id\":\"https:\/\/testwebsite.citygame.com\/tr\/games\/unknown-location\/urun-339\/#local-main-organization-logo\",\"url\":\"https:\/\/testwebsite.citygame.com\/wp-content\/blogs.dir\/1\/files\/sites\/62\/2025\/10\/CG_LOGO-City-Game.png\",\"contentUrl\":\"https:\/\/testwebsite.citygame.com\/wp-content\/blogs.dir\/1\/files\/sites\/62\/2025\/10\/CG_LOGO-City-Game.png\",\"width\":351,\"height\":377,\"caption\":\"City Game\"}]}<\/script>\n<!-- \/ Yoast SEO Premium plugin. -->","yoast_head_json":{"title":"\u00dcr\u00fcn - City Game","description":"Secrets of Bydgoszcz. Kendi kendine rehberli bir \u015eehir Oyunu oynay\u0131n ve bulmacalar, bilmeceler ve g\u00f6revler arac\u0131l\u0131\u011f\u0131yla \u015fehri ke\u015ffedin. Kendi h\u0131z\u0131n\u0131zda oynay\u0131n ve yerel biri gibi ke\u015ffedin!","robots":{"index":"noindex","follow":"follow","max-snippet":"max-snippet:-1","max-image-preview":"max-image-preview:large","max-video-preview":"max-video-preview:-1"},"og_locale":"tr_TR","og_type":"article","og_title":"\u00dcr\u00fcn","og_description":"Secrets of Bydgoszcz. Kendi kendine rehberli bir \u015eehir Oyunu oynay\u0131n ve bulmacalar, bilmeceler ve g\u00f6revler arac\u0131l\u0131\u011f\u0131yla \u015fehri ke\u015ffedin. Kendi h\u0131z\u0131n\u0131zda oynay\u0131n ve yerel biri gibi ke\u015ffedin!","og_url":"https:\/\/testwebsite.citygame.com\/tr\/games\/unknown-location\/urun-339\/","og_site_name":"City Game","article_publisher":"https:\/\/www.facebook.com\/profile.php?id=100086426226253","article_modified_time":"2026-04-02T16:47:22+00:00","og_image":[{"width":864,"height":1184,"url":"https:\/\/testwebsite.citygame.com\/wp-content\/blogs.dir\/1\/files\/sites\/62\/2026\/01\/bydgoszcz-opera-nova-city-game-player.jpg","type":"image\/jpeg"}],"twitter_card":"summary_large_image","schema":{"@context":"https:\/\/schema.org","@graph":[{"@type":"WebPage","@id":"https:\/\/testwebsite.citygame.com\/tr\/games\/unknown-location\/urun-339\/","url":"https:\/\/testwebsite.citygame.com\/tr\/games\/unknown-location\/urun-339\/","name":"\u00dcr\u00fcn - City Game","isPartOf":{"@id":"https:\/\/testwebsite.upevents.nl\/#website"},"primaryImageOfPage":{"@id":"https:\/\/testwebsite.citygame.com\/tr\/games\/unknown-location\/urun-339\/#primaryimage"},"image":{"@id":"https:\/\/testwebsite.citygame.com\/tr\/games\/unknown-location\/urun-339\/#primaryimage"},"thumbnailUrl":"https:\/\/testwebsite.citygame.com\/wp-content\/blogs.dir\/1\/files\/sites\/62\/2026\/01\/bydgoszcz-opera-nova-city-game-player.jpg","datePublished":"2026-01-13T09:41:41+00:00","dateModified":"2026-04-02T16:47:22+00:00","description":"Secrets of Bydgoszcz. Kendi kendine rehberli bir \u015eehir Oyunu oynay\u0131n ve bulmacalar, bilmeceler ve g\u00f6revler arac\u0131l\u0131\u011f\u0131yla \u015fehri ke\u015ffedin. Kendi h\u0131z\u0131n\u0131zda oynay\u0131n ve yerel biri gibi ke\u015ffedin!","breadcrumb":{"@id":"https:\/\/testwebsite.citygame.com\/tr\/games\/unknown-location\/urun-339\/#breadcrumb"},"inLanguage":"tr","potentialAction":[{"@type":"ReadAction","target":["https:\/\/testwebsite.citygame.com\/tr\/games\/unknown-location\/urun-339\/"]}]},{"@type":"ImageObject","inLanguage":"tr","@id":"https:\/\/testwebsite.citygame.com\/tr\/games\/unknown-location\/urun-339\/#primaryimage","url":"https:\/\/testwebsite.citygame.com\/wp-content\/blogs.dir\/1\/files\/sites\/62\/2026\/01\/bydgoszcz-opera-nova-city-game-player.jpg","contentUrl":"https:\/\/testwebsite.citygame.com\/wp-content\/blogs.dir\/1\/files\/sites\/62\/2026\/01\/bydgoszcz-opera-nova-city-game-player.jpg","width":864,"height":1184,"caption":"A player solves a challenge on her smartphone with the Opera Nova building in Bydgoszcz."},{"@type":"BreadcrumbList","@id":"https:\/\/testwebsite.citygame.com\/tr\/games\/unknown-location\/urun-339\/#breadcrumb","itemListElement":[{"@type":"ListItem","position":1,"name":"Home","item":"https:\/\/testwebsite.citygame.com\/tr\/"},{"@type":"ListItem","position":2,"name":"Shop","item":"https:\/\/testwebsite.citygame.com\/shop\/"},{"@type":"ListItem","position":3,"name":"\u00dcr\u00fcn"}]},{"@type":"WebSite","@id":"https:\/\/testwebsite.upevents.nl\/#website","url":"https:\/\/testwebsite.upevents.nl\/","name":"City Game","description":"","publisher":{"@id":"https:\/\/testwebsite.upevents.nl\/#organization"},"alternateName":"citygame.com","potentialAction":[{"@type":"SearchAction","target":{"@type":"EntryPoint","urlTemplate":"https:\/\/testwebsite.upevents.nl\/?s={search_term_string}"},"query-input":{"@type":"PropertyValueSpecification","valueRequired":true,"valueName":"search_term_string"}}],"inLanguage":"tr"},{"@type":["Organization","Place"],"@id":"https:\/\/testwebsite.upevents.nl\/#organization","name":"City Game","alternateName":"citygame.com","url":"https:\/\/testwebsite.upevents.nl\/","logo":{"@id":"https:\/\/testwebsite.citygame.com\/tr\/games\/unknown-location\/urun-339\/#local-main-organization-logo"},"image":{"@id":"https:\/\/testwebsite.citygame.com\/tr\/games\/unknown-location\/urun-339\/#local-main-organization-logo"},"sameAs":["https:\/\/www.facebook.com\/profile.php?id=100086426226253","https:\/\/www.instagram.com\/citygame_com","https:\/\/www.tiktok.com\/@citygamecom\/","https:\/\/www.linkedin.com\/company\/citygame-com"],"description":"Turn any city into a playground with our interactive City Games and self-guided tours. Fun, flexible, and ideal for groups and team building.","telephone":[],"openingHoursSpecification":[{"@type":"OpeningHoursSpecification","dayOfWeek":["Monday","Tuesday","Wednesday","Thursday","Friday","Saturday","Sunday"],"opens":"09:00","closes":"17:00"}]},{"@type":"ImageObject","inLanguage":"tr","@id":"https:\/\/testwebsite.citygame.com\/tr\/games\/unknown-location\/urun-339\/#local-main-organization-logo","url":"https:\/\/testwebsite.citygame.com\/wp-content\/blogs.dir\/1\/files\/sites\/62\/2025\/10\/CG_LOGO-City-Game.png","contentUrl":"https:\/\/testwebsite.citygame.com\/wp-content\/blogs.dir\/1\/files\/sites\/62\/2025\/10\/CG_LOGO-City-Game.png","width":351,"height":377,"caption":"City Game"}]}},"taxonomy_info":{"game-concept":[{"value":36,"label":"Secrets"}],"product_cat":[{"value":27,"label":"Geen categorie"}]},"featured_image_src_large":["https:\/\/testwebsite.citygame.com\/wp-content\/blogs.dir\/1\/files\/sites\/62\/2026\/01\/bydgoszcz-opera-nova-city-game-player-747x1024.jpg",747,1024,true],"author_info":[],"comment_info":"","_links":{"self":[{"href":"https:\/\/testwebsite.citygame.com\/tr\/wp-json\/wp\/v2\/product\/41775","targetHints":{"allow":["GET"]}}],"collection":[{"href":"https:\/\/testwebsite.citygame.com\/tr\/wp-json\/wp\/v2\/product"}],"about":[{"href":"https:\/\/testwebsite.citygame.com\/tr\/wp-json\/wp\/v2\/types\/product"}],"acf:post":[{"embeddable":true,"href":"https:\/\/testwebsite.citygame.com\/tr\/wp-json\/wp\/v2\/pages\/15917"}],"wp:featuredmedia":[{"embeddable":true,"href":"https:\/\/testwebsite.citygame.com\/tr\/wp-json\/wp\/v2\/media\/3537"}],"wp:attachment":[{"href":"https:\/\/testwebsite.citygame.com\/tr\/wp-json\/wp\/v2\/media?parent=41775"}],"wp:term":[{"taxonomy":"game-concept","embeddable":true,"href":"https:\/\/testwebsite.citygame.com\/tr\/wp-json\/wp\/v2\/game-concept?post=41775"},{"taxonomy":"location","embeddable":true,"href":"https:\/\/testwebsite.citygame.com\/tr\/wp-json\/wp\/v2\/location?post=41775"},{"taxonomy":"product_brand","embeddable":true,"href":"https:\/\/testwebsite.citygame.com\/tr\/wp-json\/wp\/v2\/product_brand?post=41775"},{"taxonomy":"product_cat","embeddable":true,"href":"https:\/\/testwebsite.citygame.com\/tr\/wp-json\/wp\/v2\/product_cat?post=41775"},{"taxonomy":"product_tag","embeddable":true,"href":"https:\/\/testwebsite.citygame.com\/tr\/wp-json\/wp\/v2\/product_tag?post=41775"}],"curies":[{"name":"wp","href":"https:\/\/api.w.org\/{rel}","templated":true}]}}