{"id":39745,"date":"2026-01-13T11:49:17","date_gmt":"2026-01-13T11:49:17","guid":{"rendered":"https:\/\/testwebsite.citygame.com\/games\/unknown-location\/urun-316\/"},"modified":"2026-04-02T10:59:42","modified_gmt":"2026-04-02T10:59:42","slug":"urun-316","status":"publish","type":"product","link":"https:\/\/testwebsite.citygame.com\/tr\/games\/unknown-location\/urun-316\/","title":{"rendered":"\u00dcr\u00fcn"},"content":{"rendered":"","protected":false},"excerpt":{"rendered":"","protected":false},"featured_media":3751,"template":"","meta":{"_acf_changed":false,"_yoast_wpseo_focuskw":"Secrets of Manises","_yoast_wpseo_metadesc":"Secrets of Manises. Kendi kendine rehberli bir \u015eehir Oyunu oynay\u0131n ve bulmacalar, bilmeceler ve g\u00f6revlerle \u015fehri ke\u015ffedin. Kendi h\u0131z\u0131n\u0131zda oynay\u0131n ve bir yerel gibi ke\u015ffedin!","_kad_blocks_custom_css":"","_kad_blocks_head_custom_js":"","_kad_blocks_body_custom_js":"","_kad_blocks_footer_custom_js":"","ghostkit_customizer_options":"","ghostkit_custom_css":"","ghostkit_custom_js_head":"","ghostkit_custom_js_foot":"","ghostkit_typography":"","_kad_post_transparent":"default","_kad_post_title":"","_kad_post_layout":"default","_kad_post_sidebar_id":"","_kad_post_content_style":"default","_kad_post_vertical_padding":"default","_kad_post_feature":"","_kad_post_feature_position":"","_kad_post_header":false,"_kad_post_footer":false,"_kad_post_classname":"","_links_to":"","_links_to_target":""},"game-concept":[36],"location":[],"product_brand":[],"product_cat":[27],"product_tag":[],"class_list":{"0":"post-39745","1":"product","2":"type-product","3":"status-publish","4":"has-post-thumbnail","6":"game-concept-secrets","7":"product_cat-geen-categorie","9":"first","10":"instock","11":"shipping-taxable","12":"purchasable","13":"product-type-simple","14":"entry","15":"content-bg","16":"loop-entry"},"acf":{"full_bokun_product_name":"Self-Guided Secrets of Manises Exploration Game","location_name":"Manises","bokun_calendar_widget_code":"<script type=\"text\/javascript\" src=\"https:\/\/widgets.bokun.io\/assets\/javascripts\/apps\/build\/BokunWidgetsLoader.js?bookingChannelUUID=a1e93e96-5232-4734-a595-28405f4b5a31\" async><\/script>\n     \n    <div class=\"bokunWidget\" data-src=\"https:\/\/widgets.bokun.io\/online-sales\/a1e93e96-5232-4734-a595-28405f4b5a31\/experience-calendar\/1096394\"><\/div>\n    <noscript>Please enable javascript in your browser to book<\/noscript>","bokun_button_widget_code":"<script type=\"text\/javascript\" src=\"https:\/\/widgets.bokun.io\/assets\/javascripts\/apps\/build\/BokunWidgetsLoader.js?bookingChannelUUID=a1e93e96-5232-4734-a595-28405f4b5a31\" async><\/script>\n      <style> #bokun_ed001e45_5927_4f62_b470_ca766338d083 { display: inline-block; padding: .4em 1em; background: #47b82e; border-radius: 999999px; box-shadow: none; font-weight: 600; font-size: 24px; text-decoration: none; text-align: center; color: #FFFFFF; border:none; cursor: pointer; transition: background .2s ease; } #bokun_ed001e45_5927_4f62_b470_ca766338d083:hover{ background: #2f7b1f; } #bokun_ed001e45_5927_4f62_b470_ca766338d083:active{ background: #378f24; } <\/style> <button class=\"bokunButton\" disabled id=bokun_ed001e45_5927_4f62_b470_ca766338d083 data-src=\"https:\/\/widgets.bokun.io\/online-sales\/a1e93e96-5232-4734-a595-28405f4b5a31\/experience-calendar\/1096394?partialView=1\" data-testid=\"widget-book-button\" > Book now <\/button> ","what_you\u2019ll_experience_during_the_game":"Bu \u015eehir Oyunu ile Manises'i ke\u015ffederken, gezmeyi ve ke\u015ffi bir araya getiren interaktif bir hikayeyi takip edeceksiniz. Rota sizi hem iyi bilinen simge yap\u0131lar\u0131ndan hem de daha sakin k\u00f6\u015felerden ge\u00e7irerek \u015fehrin karakterini her seferinde bir ipucuyla ortaya \u00e7\u0131kar\u0131r. Tarihi Manises Su Kemeri'nin zarif kemerleri, Seramik At\u00f6lyesi'nin renkli cephesi ve Parque Los Filtros'un sakin y\u00fcr\u00fcy\u00fc\u015f yollar\u0131 gibi \u00f6nemli noktalarla kar\u015f\u0131la\u015fmay\u0131 bekleyin. Yol boyunca, Eski Manises Tren \u0130stasyonu ve San Juan Bautista B\u00f6lge Kilisesi gibi yerler, geli\u015fen anlat\u0131ya atmosfer ve yerel cazibe katmaktad\u0131r.\r\n\r\nOyun boyunca, ilerlemenize rehberlik eden ve Manises ile olan ba\u011flant\u0131n\u0131z\u0131 derinle\u015ftiren \u00e7e\u015fitli bulmacalar\u0131, bilmeceleri ve yarat\u0131c\u0131 g\u00f6revleri \u00e7\u00f6zeceksiniz. G\u00f6revleri tamamlayarak ve sorular\u0131 yan\u0131tlayarak puan toplar, ipu\u00e7lar\u0131n\u0131n kilidini a\u00e7ar ve merkezi bir gizemi \u00e7\u00f6zmeye yakla\u015f\u0131rs\u0131n\u0131z. Oyun esnektir, h\u0131z\u0131n\u0131za uygun oldu\u011funda duraklat\u0131p istedi\u011finiz zaman devam etmenize olanak tan\u0131r. Rekabet\u00e7i oynayanlar i\u00e7in, bireysel oyuncular veya tak\u0131mlar, Manises'i taze ve ilgi \u00e7ekici bir \u015fekilde deneyimlerken liderlik tablosunda \u00fcst s\u0131ralar\u0131 hedefleyebilirler.","how_to_play":"Rezervasyon yapt\u0131ktan sonra, do\u011frudan oynama ba\u011flant\u0131s\u0131 i\u00e7eren bir e-posta alacaks\u0131n\u0131z. Sadece Parque Los Filtros'taki ba\u015flang\u0131\u00e7 noktas\u0131na gidin ve yolculu\u011funuza hemen ba\u015flay\u0131n. Oyun tamamen ak\u0131ll\u0131 telefonunuzdan \u00e7al\u0131\u015f\u0131r, herhangi bir uygulama indirmeye gerek yoktur. Maceray\u0131 diledi\u011finiz zaman duraklatabilir ve daha sonra devam edebilirsiniz, bu da herhangi bir programa uyum sa\u011flamas\u0131n\u0131 kolayla\u015ft\u0131r\u0131r.","start_location":"Manises, Parque Los Filtros","available_languages":"","players_per_group":"1-4","duration":"1.5-2 hours","image_overlay_color_image":"https:\/\/testwebsite.citygame.com\/wp-content\/blogs.dir\/1\/files\/sites\/62\/2026\/01\/SecretsColor.svg","image_overlay_game_logo":"https:\/\/testwebsite.citygame.com\/wp-content\/blogs.dir\/1\/files\/sites\/62\/2026\/01\/SecretsLogo.png","city_page":15691,"woocommerce_general_content":null,"the_story":"<strong>Ceval Premi Ajura s\u0131radan bir bebek de\u011fil. Manises'in \u00fcnl\u00fc seramik sanat\u00e7\u0131s\u0131 Juan Albalat'\u0131n ellerinden do\u011fmu\u015f, ince s\u0131rl\u0131 bir fig\u00fcr. \u015eimdi kayboldu ve Juan hi\u00e7bir yerde bulunam\u0131yor. Geni\u015f g\u00f6zleri ve umut dolu kalbiyle Ceval, nazik birinin ona ad\u0131mlar\u0131n\u0131 takip etmesine yard\u0131m edece\u011fine inan\u0131yor. O biri de sizsiniz.<\/strong><br><br>Birlikte, toprak ve ate\u015f \u00fczerine kurulu bir \u015fehri ke\u015ffediyorsunuz. Manises renklerle parl\u0131yor. Boyal\u0131 fayanslar duvarlar ve \u00e7e\u015fmeler boyunca par\u0131ld\u0131yor. Gizli avlular ge\u00e7mi\u015fle yank\u0131lan\u0131yor. Ceval'in yan\u0131nda dola\u015f\u0131rken, o par\u00e7alar\u0131 hat\u0131rl\u0131yor. Tam olarak yerleri de\u011fil, ama duygular\u0131, anl\u0131k g\u00f6r\u00fcnt\u00fcleri, yarat\u0131c\u0131s\u0131n\u0131n g\u00f6lgelerini.<br><br>\u0130z her \u015feyin ba\u015flad\u0131\u011f\u0131 yerde bitiyor. Ama orada ortaya \u00e7\u0131kard\u0131\u011f\u0131n\u0131z \u015fey bir bulu\u015fmadan daha fazlas\u0131. Bu, neyin ger\u00e7ek, neyin hayal edildi\u011fi ve bir \u015feye veya birine yeterince inand\u0131\u011f\u0131m\u0131zda neyin ya\u015famaya devam etti\u011fi hakk\u0131nda bir soru.<br><br><strong>Ke\u015ffetmeye geldiniz. Hikayeyi kurtarmak i\u00e7in kald\u0131n\u0131z.<\/strong>","name_main_character":"Ceval Premi Ajura","photo_main_character":39746,"loquiz_or_kokimoki":"Kokimoki"},"yoast_head":"<!-- This site is optimized with the Yoast SEO Premium plugin v26.2 (Yoast SEO v26.3) - https:\/\/yoast.com\/wordpress\/plugins\/seo\/ -->\n<title>\u00dcr\u00fcn - City Game<\/title>\n<meta name=\"description\" content=\"Secrets of Manises. Kendi kendine rehberli bir \u015eehir Oyunu oynay\u0131n ve bulmacalar, bilmeceler ve g\u00f6revlerle \u015fehri ke\u015ffedin. Kendi h\u0131z\u0131n\u0131zda oynay\u0131n ve bir yerel gibi ke\u015ffedin!\" \/>\n<meta name=\"robots\" content=\"noindex, follow, max-snippet:-1, max-image-preview:large, max-video-preview:-1\" \/>\n<meta property=\"og:locale\" content=\"tr_TR\" \/>\n<meta property=\"og:type\" content=\"article\" \/>\n<meta property=\"og:title\" content=\"\u00dcr\u00fcn\" \/>\n<meta property=\"og:description\" content=\"Secrets of Manises. Kendi kendine rehberli bir \u015eehir Oyunu oynay\u0131n ve bulmacalar, bilmeceler ve g\u00f6revlerle \u015fehri ke\u015ffedin. Kendi h\u0131z\u0131n\u0131zda oynay\u0131n ve bir yerel gibi ke\u015ffedin!\" \/>\n<meta property=\"og:url\" content=\"https:\/\/testwebsite.citygame.com\/tr\/games\/unknown-location\/urun-316\/\" \/>\n<meta property=\"og:site_name\" content=\"City Game\" \/>\n<meta property=\"article:publisher\" content=\"https:\/\/www.facebook.com\/profile.php?id=100086426226253\" \/>\n<meta property=\"article:modified_time\" content=\"2026-04-02T10:59:42+00:00\" \/>\n<meta property=\"og:image\" content=\"https:\/\/testwebsite.citygame.com\/wp-content\/blogs.dir\/1\/files\/sites\/62\/2026\/01\/city-game-players-manises-park-fountain.jpg\" \/>\n\t<meta property=\"og:image:width\" content=\"1024\" \/>\n\t<meta property=\"og:image:height\" content=\"1024\" \/>\n\t<meta property=\"og:image:type\" content=\"image\/jpeg\" \/>\n<meta name=\"twitter:card\" content=\"summary_large_image\" \/>\n<script type=\"application\/ld+json\" class=\"yoast-schema-graph\">{\"@context\":\"https:\/\/schema.org\",\"@graph\":[{\"@type\":\"WebPage\",\"@id\":\"https:\/\/testwebsite.citygame.com\/tr\/games\/unknown-location\/urun-316\/\",\"url\":\"https:\/\/testwebsite.citygame.com\/tr\/games\/unknown-location\/urun-316\/\",\"name\":\"\u00dcr\u00fcn - City Game\",\"isPartOf\":{\"@id\":\"https:\/\/testwebsite.upevents.nl\/#website\"},\"primaryImageOfPage\":{\"@id\":\"https:\/\/testwebsite.citygame.com\/tr\/games\/unknown-location\/urun-316\/#primaryimage\"},\"image\":{\"@id\":\"https:\/\/testwebsite.citygame.com\/tr\/games\/unknown-location\/urun-316\/#primaryimage\"},\"thumbnailUrl\":\"https:\/\/testwebsite.citygame.com\/wp-content\/blogs.dir\/1\/files\/sites\/62\/2026\/01\/city-game-players-manises-park-fountain.jpg\",\"datePublished\":\"2026-01-13T11:49:17+00:00\",\"dateModified\":\"2026-04-02T10:59:42+00:00\",\"description\":\"Secrets of Manises. Kendi kendine rehberli bir \u015eehir Oyunu oynay\u0131n ve bulmacalar, bilmeceler ve g\u00f6revlerle \u015fehri ke\u015ffedin. Kendi h\u0131z\u0131n\u0131zda oynay\u0131n ve bir yerel gibi ke\u015ffedin!\",\"breadcrumb\":{\"@id\":\"https:\/\/testwebsite.citygame.com\/tr\/games\/unknown-location\/urun-316\/#breadcrumb\"},\"inLanguage\":\"tr\",\"potentialAction\":[{\"@type\":\"ReadAction\",\"target\":[\"https:\/\/testwebsite.citygame.com\/tr\/games\/unknown-location\/urun-316\/\"]}]},{\"@type\":\"ImageObject\",\"inLanguage\":\"tr\",\"@id\":\"https:\/\/testwebsite.citygame.com\/tr\/games\/unknown-location\/urun-316\/#primaryimage\",\"url\":\"https:\/\/testwebsite.citygame.com\/wp-content\/blogs.dir\/1\/files\/sites\/62\/2026\/01\/city-game-players-manises-park-fountain.jpg\",\"contentUrl\":\"https:\/\/testwebsite.citygame.com\/wp-content\/blogs.dir\/1\/files\/sites\/62\/2026\/01\/city-game-players-manises-park-fountain.jpg\",\"width\":1024,\"height\":1024,\"caption\":\"Four young people gathered around a mobile phone in a park with a fountain in Manises.\"},{\"@type\":\"BreadcrumbList\",\"@id\":\"https:\/\/testwebsite.citygame.com\/tr\/games\/unknown-location\/urun-316\/#breadcrumb\",\"itemListElement\":[{\"@type\":\"ListItem\",\"position\":1,\"name\":\"Home\",\"item\":\"https:\/\/testwebsite.citygame.com\/tr\/\"},{\"@type\":\"ListItem\",\"position\":2,\"name\":\"Shop\",\"item\":\"https:\/\/testwebsite.citygame.com\/shop\/\"},{\"@type\":\"ListItem\",\"position\":3,\"name\":\"\u00dcr\u00fcn\"}]},{\"@type\":\"WebSite\",\"@id\":\"https:\/\/testwebsite.upevents.nl\/#website\",\"url\":\"https:\/\/testwebsite.upevents.nl\/\",\"name\":\"City Game\",\"description\":\"\",\"publisher\":{\"@id\":\"https:\/\/testwebsite.upevents.nl\/#organization\"},\"alternateName\":\"citygame.com\",\"potentialAction\":[{\"@type\":\"SearchAction\",\"target\":{\"@type\":\"EntryPoint\",\"urlTemplate\":\"https:\/\/testwebsite.upevents.nl\/?s={search_term_string}\"},\"query-input\":{\"@type\":\"PropertyValueSpecification\",\"valueRequired\":true,\"valueName\":\"search_term_string\"}}],\"inLanguage\":\"tr\"},{\"@type\":[\"Organization\",\"Place\"],\"@id\":\"https:\/\/testwebsite.upevents.nl\/#organization\",\"name\":\"City Game\",\"alternateName\":\"citygame.com\",\"url\":\"https:\/\/testwebsite.upevents.nl\/\",\"logo\":{\"@id\":\"https:\/\/testwebsite.citygame.com\/tr\/games\/unknown-location\/urun-316\/#local-main-organization-logo\"},\"image\":{\"@id\":\"https:\/\/testwebsite.citygame.com\/tr\/games\/unknown-location\/urun-316\/#local-main-organization-logo\"},\"sameAs\":[\"https:\/\/www.facebook.com\/profile.php?id=100086426226253\",\"https:\/\/www.instagram.com\/citygame_com\",\"https:\/\/www.tiktok.com\/@citygamecom\/\",\"https:\/\/www.linkedin.com\/company\/citygame-com\"],\"description\":\"Turn any city into a playground with our interactive City Games and self-guided tours. Fun, flexible, and ideal for groups and team building.\",\"telephone\":[],\"openingHoursSpecification\":[{\"@type\":\"OpeningHoursSpecification\",\"dayOfWeek\":[\"Monday\",\"Tuesday\",\"Wednesday\",\"Thursday\",\"Friday\",\"Saturday\",\"Sunday\"],\"opens\":\"09:00\",\"closes\":\"17:00\"}]},{\"@type\":\"ImageObject\",\"inLanguage\":\"tr\",\"@id\":\"https:\/\/testwebsite.citygame.com\/tr\/games\/unknown-location\/urun-316\/#local-main-organization-logo\",\"url\":\"https:\/\/testwebsite.citygame.com\/wp-content\/blogs.dir\/1\/files\/sites\/62\/2025\/10\/CG_LOGO-City-Game.png\",\"contentUrl\":\"https:\/\/testwebsite.citygame.com\/wp-content\/blogs.dir\/1\/files\/sites\/62\/2025\/10\/CG_LOGO-City-Game.png\",\"width\":351,\"height\":377,\"caption\":\"City Game\"}]}<\/script>\n<!-- \/ Yoast SEO Premium plugin. -->","yoast_head_json":{"title":"\u00dcr\u00fcn - City Game","description":"Secrets of Manises. Kendi kendine rehberli bir \u015eehir Oyunu oynay\u0131n ve bulmacalar, bilmeceler ve g\u00f6revlerle \u015fehri ke\u015ffedin. Kendi h\u0131z\u0131n\u0131zda oynay\u0131n ve bir yerel gibi ke\u015ffedin!","robots":{"index":"noindex","follow":"follow","max-snippet":"max-snippet:-1","max-image-preview":"max-image-preview:large","max-video-preview":"max-video-preview:-1"},"og_locale":"tr_TR","og_type":"article","og_title":"\u00dcr\u00fcn","og_description":"Secrets of Manises. Kendi kendine rehberli bir \u015eehir Oyunu oynay\u0131n ve bulmacalar, bilmeceler ve g\u00f6revlerle \u015fehri ke\u015ffedin. Kendi h\u0131z\u0131n\u0131zda oynay\u0131n ve bir yerel gibi ke\u015ffedin!","og_url":"https:\/\/testwebsite.citygame.com\/tr\/games\/unknown-location\/urun-316\/","og_site_name":"City Game","article_publisher":"https:\/\/www.facebook.com\/profile.php?id=100086426226253","article_modified_time":"2026-04-02T10:59:42+00:00","og_image":[{"width":1024,"height":1024,"url":"https:\/\/testwebsite.citygame.com\/wp-content\/blogs.dir\/1\/files\/sites\/62\/2026\/01\/city-game-players-manises-park-fountain.jpg","type":"image\/jpeg"}],"twitter_card":"summary_large_image","schema":{"@context":"https:\/\/schema.org","@graph":[{"@type":"WebPage","@id":"https:\/\/testwebsite.citygame.com\/tr\/games\/unknown-location\/urun-316\/","url":"https:\/\/testwebsite.citygame.com\/tr\/games\/unknown-location\/urun-316\/","name":"\u00dcr\u00fcn - City Game","isPartOf":{"@id":"https:\/\/testwebsite.upevents.nl\/#website"},"primaryImageOfPage":{"@id":"https:\/\/testwebsite.citygame.com\/tr\/games\/unknown-location\/urun-316\/#primaryimage"},"image":{"@id":"https:\/\/testwebsite.citygame.com\/tr\/games\/unknown-location\/urun-316\/#primaryimage"},"thumbnailUrl":"https:\/\/testwebsite.citygame.com\/wp-content\/blogs.dir\/1\/files\/sites\/62\/2026\/01\/city-game-players-manises-park-fountain.jpg","datePublished":"2026-01-13T11:49:17+00:00","dateModified":"2026-04-02T10:59:42+00:00","description":"Secrets of Manises. Kendi kendine rehberli bir \u015eehir Oyunu oynay\u0131n ve bulmacalar, bilmeceler ve g\u00f6revlerle \u015fehri ke\u015ffedin. Kendi h\u0131z\u0131n\u0131zda oynay\u0131n ve bir yerel gibi ke\u015ffedin!","breadcrumb":{"@id":"https:\/\/testwebsite.citygame.com\/tr\/games\/unknown-location\/urun-316\/#breadcrumb"},"inLanguage":"tr","potentialAction":[{"@type":"ReadAction","target":["https:\/\/testwebsite.citygame.com\/tr\/games\/unknown-location\/urun-316\/"]}]},{"@type":"ImageObject","inLanguage":"tr","@id":"https:\/\/testwebsite.citygame.com\/tr\/games\/unknown-location\/urun-316\/#primaryimage","url":"https:\/\/testwebsite.citygame.com\/wp-content\/blogs.dir\/1\/files\/sites\/62\/2026\/01\/city-game-players-manises-park-fountain.jpg","contentUrl":"https:\/\/testwebsite.citygame.com\/wp-content\/blogs.dir\/1\/files\/sites\/62\/2026\/01\/city-game-players-manises-park-fountain.jpg","width":1024,"height":1024,"caption":"Four young people gathered around a mobile phone in a park with a fountain in Manises."},{"@type":"BreadcrumbList","@id":"https:\/\/testwebsite.citygame.com\/tr\/games\/unknown-location\/urun-316\/#breadcrumb","itemListElement":[{"@type":"ListItem","position":1,"name":"Home","item":"https:\/\/testwebsite.citygame.com\/tr\/"},{"@type":"ListItem","position":2,"name":"Shop","item":"https:\/\/testwebsite.citygame.com\/shop\/"},{"@type":"ListItem","position":3,"name":"\u00dcr\u00fcn"}]},{"@type":"WebSite","@id":"https:\/\/testwebsite.upevents.nl\/#website","url":"https:\/\/testwebsite.upevents.nl\/","name":"City Game","description":"","publisher":{"@id":"https:\/\/testwebsite.upevents.nl\/#organization"},"alternateName":"citygame.com","potentialAction":[{"@type":"SearchAction","target":{"@type":"EntryPoint","urlTemplate":"https:\/\/testwebsite.upevents.nl\/?s={search_term_string}"},"query-input":{"@type":"PropertyValueSpecification","valueRequired":true,"valueName":"search_term_string"}}],"inLanguage":"tr"},{"@type":["Organization","Place"],"@id":"https:\/\/testwebsite.upevents.nl\/#organization","name":"City Game","alternateName":"citygame.com","url":"https:\/\/testwebsite.upevents.nl\/","logo":{"@id":"https:\/\/testwebsite.citygame.com\/tr\/games\/unknown-location\/urun-316\/#local-main-organization-logo"},"image":{"@id":"https:\/\/testwebsite.citygame.com\/tr\/games\/unknown-location\/urun-316\/#local-main-organization-logo"},"sameAs":["https:\/\/www.facebook.com\/profile.php?id=100086426226253","https:\/\/www.instagram.com\/citygame_com","https:\/\/www.tiktok.com\/@citygamecom\/","https:\/\/www.linkedin.com\/company\/citygame-com"],"description":"Turn any city into a playground with our interactive City Games and self-guided tours. Fun, flexible, and ideal for groups and team building.","telephone":[],"openingHoursSpecification":[{"@type":"OpeningHoursSpecification","dayOfWeek":["Monday","Tuesday","Wednesday","Thursday","Friday","Saturday","Sunday"],"opens":"09:00","closes":"17:00"}]},{"@type":"ImageObject","inLanguage":"tr","@id":"https:\/\/testwebsite.citygame.com\/tr\/games\/unknown-location\/urun-316\/#local-main-organization-logo","url":"https:\/\/testwebsite.citygame.com\/wp-content\/blogs.dir\/1\/files\/sites\/62\/2025\/10\/CG_LOGO-City-Game.png","contentUrl":"https:\/\/testwebsite.citygame.com\/wp-content\/blogs.dir\/1\/files\/sites\/62\/2025\/10\/CG_LOGO-City-Game.png","width":351,"height":377,"caption":"City Game"}]}},"taxonomy_info":{"game-concept":[{"value":36,"label":"Secrets"}],"product_cat":[{"value":27,"label":"Geen categorie"}]},"featured_image_src_large":["https:\/\/testwebsite.citygame.com\/wp-content\/blogs.dir\/1\/files\/sites\/62\/2026\/01\/city-game-players-manises-park-fountain.jpg",1024,1024,false],"author_info":[],"comment_info":"","_links":{"self":[{"href":"https:\/\/testwebsite.citygame.com\/tr\/wp-json\/wp\/v2\/product\/39745","targetHints":{"allow":["GET"]}}],"collection":[{"href":"https:\/\/testwebsite.citygame.com\/tr\/wp-json\/wp\/v2\/product"}],"about":[{"href":"https:\/\/testwebsite.citygame.com\/tr\/wp-json\/wp\/v2\/types\/product"}],"acf:post":[{"embeddable":true,"href":"https:\/\/testwebsite.citygame.com\/tr\/wp-json\/wp\/v2\/pages\/15691"}],"wp:featuredmedia":[{"embeddable":true,"href":"https:\/\/testwebsite.citygame.com\/tr\/wp-json\/wp\/v2\/media\/3751"}],"wp:attachment":[{"href":"https:\/\/testwebsite.citygame.com\/tr\/wp-json\/wp\/v2\/media?parent=39745"}],"wp:term":[{"taxonomy":"game-concept","embeddable":true,"href":"https:\/\/testwebsite.citygame.com\/tr\/wp-json\/wp\/v2\/game-concept?post=39745"},{"taxonomy":"location","embeddable":true,"href":"https:\/\/testwebsite.citygame.com\/tr\/wp-json\/wp\/v2\/location?post=39745"},{"taxonomy":"product_brand","embeddable":true,"href":"https:\/\/testwebsite.citygame.com\/tr\/wp-json\/wp\/v2\/product_brand?post=39745"},{"taxonomy":"product_cat","embeddable":true,"href":"https:\/\/testwebsite.citygame.com\/tr\/wp-json\/wp\/v2\/product_cat?post=39745"},{"taxonomy":"product_tag","embeddable":true,"href":"https:\/\/testwebsite.citygame.com\/tr\/wp-json\/wp\/v2\/product_tag?post=39745"}],"curies":[{"name":"wp","href":"https:\/\/api.w.org\/{rel}","templated":true}]}}